{"id":96485,"date":"2024-04-29T10:50:43","date_gmt":"2024-04-29T08:50:43","guid":{"rendered":"https:\/\/letrame.com\/catalogo\/producto\/el-templo-del-silencio\/"},"modified":"2024-04-29T10:50:57","modified_gmt":"2024-04-29T08:50:57","slug":"el-templo-del-silencio","status":"publish","type":"product","link":"https:\/\/letrame.com\/catalogo\/producto\/el-templo-del-silencio\/","title":{"rendered":"El templo del silencio"},"content":{"rendered":"<div class=\"page\" title=\"Page 2\">\n<div class=\"layoutArea\">\n<div class=\"column\">\n<p><strong>ISBN<\/strong>: 978-84-1386-179-1<\/p>\n<\/div>\n<\/div>\n<\/div>\n<p><b>T\u00edtulo<\/b><span style=\"font-weight: 400;\">: El templo del silencio<\/span><span style=\"font-weight: 400;\"><br \/>\n<\/span><b>Fecha<\/b><span style=\"font-weight: 400;\">: 2021<\/span><span style=\"font-weight: 400;\"><br \/>\n<\/span><b>P\u00e1ginas<\/b><span style=\"font-weight: 400;\">: 188<\/span><\/p>\n<p><b>SINOPSIS<\/b><\/p>\n<p><em>El Templo del Silencio<\/em>, como sucede tantas veces en la vida y en la historia, no fue un proyecto premeditado, sino una causalidad fruto de un alto en el camino, de un mirar hacia atr\u00e1s, de un ver en el punto en que te encuentras, de d\u00f3nde vienes y hacia d\u00f3nde vas. Tom\u00e9 todas las piezas que fui escribiendo y guardando durante los \u00faltimos 20 a\u00f1os y observ\u00e9 que, unidas, formaban algo que nunca hubiese imaginado: un puzle, un lienzo, un retablo con sabor a poemario, una sinfon\u00eda que, a trav\u00e9s de la palabra, daba voz y vida a mi vida.<\/p>\n<p>Una obra que integra las luces y las sombras que me han acompa\u00f1ado a lo largo de los a\u00f1os, un espejo que me permite ver y tomar consciencia de lo vivido y aprendido a lo largo del camino recorrido, de c\u00f3mo cosas que antes adoraba, ahora carecen de sentido, de c\u00f3mo ha cambiado mi mirada, pero todo, en el fondo, fue, es y seguir\u00e1 siendo lo mismo.<\/p>\n<p>Un final, un principio, un templo en el que adentrarse en silencio y, entre luces y sombras, prosa y versos, contemplar que la vida es un misterio, un regalo, una gran oportunidad que nos invita a experimentar, integrar, trascender la aparente dualidad y amar; una aventura que nace y desemboca en la unidad.<\/p>\n","protected":false},"excerpt":{"rendered":"<div class=\"page\" title=\"Page 2\">\n<div class=\"layoutArea\">\n<div class=\"column\">\n<p><strong>ISBN: 978-84-1386-179-1<\/strong><\/p>\n<p><em>El Templo del Silencio<\/em>, como sucede tantas veces en la vida y en la historia, no fue un proyecto premeditado, sino una causalidad fruto de un alto en el camino, de un mirar hacia atr\u00e1s, de un ver en el punto en que te encuentras, de d\u00f3nde vienes y hacia d\u00f3nde vas. Tom\u00e9 todas las piezas que fui escribiendo y guardando durante los \u00faltimos 20 a\u00f1os y observ\u00e9 que, unidas, formaban algo que nunca hubiese imaginado: un puzle, un lienzo, un retablo con sabor a poemario, una sinfon\u00eda que, a trav\u00e9s de la palabra, daba voz y vida a mi vida.<\/p>\n<\/div>\n<\/div>\n<\/div>\n","protected":false},"featured_media":96486,"comment_status":"closed","ping_status":"open","template":"","meta":{"_acf_changed":false},"libro":[],"product_brand":[],"product_cat":[20],"product_tag":[],"class_list":{"0":"post-96485","1":"product","2":"type-product","3":"status-publish","4":"has-post-thumbnail","6":"product_cat-poesia","8":"first","9":"instock","10":"purchasable","11":"product-type-simple"},"acf":{"autor":[75153],"enlace_de_compra":"https:\/\/www.agapea.com\/Maria-Teresa-Mateo-Ferrandez\/El-templo-del-silencio-Una-vida-de-sombras-y-luces-en-prosa-y-en-verso-9788413861791-i.htm"},"yoast_head":"<!-- This site is optimized with the Yoast SEO plugin v27.4 - https:\/\/yoast.com\/product\/yoast-seo-wordpress\/ -->\n<title>El templo del silencio - Catalogo | Letrame Grupo Editorial<\/title>\n<meta name=\"robots\" content=\"index, follow, max-snippet:-1, max-image-preview:large, max-video-preview:-1\" \/>\n<link rel=\"canonical\" href=\"https:\/\/letrame.com\/catalogo\/producto\/el-templo-del-silencio\/\" \/>\n<meta property=\"og:locale\" content=\"es_ES\" \/>\n<meta property=\"og:type\" content=\"article\" \/>\n<meta property=\"og:title\" content=\"El templo del silencio - Catalogo | Letrame Grupo Editorial\" \/>\n<meta property=\"og:description\" content=\"ISBN: 978-84-1386-179-1 El Templo del Silencio, como sucede tantas veces en la vida y en la historia, no fue un proyecto premeditado, sino una causalidad fruto de un alto en el camino, de un mirar hacia atr\u00e1s, de un ver en el punto en que te encuentras, de d\u00f3nde vienes y hacia d\u00f3nde vas. Tom\u00e9 todas las piezas que fui escribiendo y guardando durante los \u00faltimos 20 a\u00f1os y observ\u00e9 que, unidas, formaban algo que nunca hubiese imaginado: un puzle, un lienzo, un retablo con sabor a poemario, una sinfon\u00eda que, a trav\u00e9s de la palabra, daba voz y vida a mi vida.\" \/>\n<meta property=\"og:url\" content=\"https:\/\/letrame.com\/catalogo\/producto\/el-templo-del-silencio\/\" \/>\n<meta property=\"og:site_name\" content=\"Catalogo | Letrame Grupo Editorial\" \/>\n<meta property=\"article:modified_time\" content=\"2024-04-29T08:50:57+00:00\" \/>\n<meta property=\"og:image\" content=\"https:\/\/letrame.com\/catalogo\/wp-content\/uploads\/2024\/04\/El-templo-del-silencio.jpg\" \/>\n\t<meta property=\"og:image:width\" content=\"1500\" \/>\n\t<meta property=\"og:image:height\" content=\"2362\" \/>\n\t<meta property=\"og:image:type\" content=\"image\/jpeg\" \/>\n<meta name=\"twitter:card\" content=\"summary_large_image\" \/>\n<meta name=\"twitter:label1\" content=\"Tiempo de lectura\" \/>\n\t<meta name=\"twitter:data1\" content=\"1 minuto\" \/>\n<script type=\"application\/ld+json\" class=\"yoast-schema-graph\">{\"@context\":\"https:\\\/\\\/schema.org\",\"@graph\":[{\"@type\":\"WebPage\",\"@id\":\"https:\\\/\\\/letrame.com\\\/catalogo\\\/producto\\\/el-templo-del-silencio\\\/\",\"url\":\"https:\\\/\\\/letrame.com\\\/catalogo\\\/producto\\\/el-templo-del-silencio\\\/\",\"name\":\"El templo del silencio - Catalogo | Letrame Grupo Editorial\",\"isPartOf\":{\"@id\":\"https:\\\/\\\/letrame.com\\\/catalogo\\\/#website\"},\"primaryImageOfPage\":{\"@id\":\"https:\\\/\\\/letrame.com\\\/catalogo\\\/producto\\\/el-templo-del-silencio\\\/#primaryimage\"},\"image\":{\"@id\":\"https:\\\/\\\/letrame.com\\\/catalogo\\\/producto\\\/el-templo-del-silencio\\\/#primaryimage\"},\"thumbnailUrl\":\"https:\\\/\\\/letrame.com\\\/catalogo\\\/wp-content\\\/uploads\\\/2024\\\/04\\\/El-templo-del-silencio.jpg\",\"datePublished\":\"2024-04-29T08:50:43+00:00\",\"dateModified\":\"2024-04-29T08:50:57+00:00\",\"breadcrumb\":{\"@id\":\"https:\\\/\\\/letrame.com\\\/catalogo\\\/producto\\\/el-templo-del-silencio\\\/#breadcrumb\"},\"inLanguage\":\"es\",\"potentialAction\":[{\"@type\":\"ReadAction\",\"target\":[\"https:\\\/\\\/letrame.com\\\/catalogo\\\/producto\\\/el-templo-del-silencio\\\/\"]}]},{\"@type\":\"ImageObject\",\"inLanguage\":\"es\",\"@id\":\"https:\\\/\\\/letrame.com\\\/catalogo\\\/producto\\\/el-templo-del-silencio\\\/#primaryimage\",\"url\":\"https:\\\/\\\/letrame.com\\\/catalogo\\\/wp-content\\\/uploads\\\/2024\\\/04\\\/El-templo-del-silencio.jpg\",\"contentUrl\":\"https:\\\/\\\/letrame.com\\\/catalogo\\\/wp-content\\\/uploads\\\/2024\\\/04\\\/El-templo-del-silencio.jpg\",\"width\":1500,\"height\":2362},{\"@type\":\"BreadcrumbList\",\"@id\":\"https:\\\/\\\/letrame.com\\\/catalogo\\\/producto\\\/el-templo-del-silencio\\\/#breadcrumb\",\"itemListElement\":[{\"@type\":\"ListItem\",\"position\":1,\"name\":\"Portada\",\"item\":\"https:\\\/\\\/letrame.com\\\/catalogo\\\/\"},{\"@type\":\"ListItem\",\"position\":2,\"name\":\"Cat\u00e1logo\",\"item\":\"https:\\\/\\\/letrame.com\\\/catalogo\\\/\"},{\"@type\":\"ListItem\",\"position\":3,\"name\":\"El templo del silencio\"}]},{\"@type\":\"WebSite\",\"@id\":\"https:\\\/\\\/letrame.com\\\/catalogo\\\/#website\",\"url\":\"https:\\\/\\\/letrame.com\\\/catalogo\\\/\",\"name\":\"Catalogo | Letrame Grupo Editorial\",\"description\":\"\",\"publisher\":{\"@id\":\"https:\\\/\\\/letrame.com\\\/catalogo\\\/#organization\"},\"potentialAction\":[{\"@type\":\"SearchAction\",\"target\":{\"@type\":\"EntryPoint\",\"urlTemplate\":\"https:\\\/\\\/letrame.com\\\/catalogo\\\/?s={search_term_string}\"},\"query-input\":{\"@type\":\"PropertyValueSpecification\",\"valueRequired\":true,\"valueName\":\"search_term_string\"}}],\"inLanguage\":\"es\"},{\"@type\":\"Organization\",\"@id\":\"https:\\\/\\\/letrame.com\\\/catalogo\\\/#organization\",\"name\":\"Catalogo | Letrame Grupo Editorial\",\"url\":\"https:\\\/\\\/letrame.com\\\/catalogo\\\/\",\"logo\":{\"@type\":\"ImageObject\",\"inLanguage\":\"es\",\"@id\":\"https:\\\/\\\/letrame.com\\\/catalogo\\\/#\\\/schema\\\/logo\\\/image\\\/\",\"url\":\"https:\\\/\\\/letrame.com\\\/catalogo\\\/wp-content\\\/uploads\\\/2024\\\/03\\\/logo2.webp\",\"contentUrl\":\"https:\\\/\\\/letrame.com\\\/catalogo\\\/wp-content\\\/uploads\\\/2024\\\/03\\\/logo2.webp\",\"width\":394,\"height\":128,\"caption\":\"Catalogo | Letrame Grupo Editorial\"},\"image\":{\"@id\":\"https:\\\/\\\/letrame.com\\\/catalogo\\\/#\\\/schema\\\/logo\\\/image\\\/\"}}]}<\/script>\n<!-- \/ Yoast SEO plugin. -->","yoast_head_json":{"title":"El templo del silencio - Catalogo | Letrame Grupo Editorial","robots":{"index":"index","follow":"follow","max-snippet":"max-snippet:-1","max-image-preview":"max-image-preview:large","max-video-preview":"max-video-preview:-1"},"canonical":"https:\/\/letrame.com\/catalogo\/producto\/el-templo-del-silencio\/","og_locale":"es_ES","og_type":"article","og_title":"El templo del silencio - Catalogo | Letrame Grupo Editorial","og_description":"ISBN: 978-84-1386-179-1 El Templo del Silencio, como sucede tantas veces en la vida y en la historia, no fue un proyecto premeditado, sino una causalidad fruto de un alto en el camino, de un mirar hacia atr\u00e1s, de un ver en el punto en que te encuentras, de d\u00f3nde vienes y hacia d\u00f3nde vas. Tom\u00e9 todas las piezas que fui escribiendo y guardando durante los \u00faltimos 20 a\u00f1os y observ\u00e9 que, unidas, formaban algo que nunca hubiese imaginado: un puzle, un lienzo, un retablo con sabor a poemario, una sinfon\u00eda que, a trav\u00e9s de la palabra, daba voz y vida a mi vida.","og_url":"https:\/\/letrame.com\/catalogo\/producto\/el-templo-del-silencio\/","og_site_name":"Catalogo | Letrame Grupo Editorial","article_modified_time":"2024-04-29T08:50:57+00:00","og_image":[{"width":1500,"height":2362,"url":"https:\/\/letrame.com\/catalogo\/wp-content\/uploads\/2024\/04\/El-templo-del-silencio.jpg","type":"image\/jpeg"}],"twitter_card":"summary_large_image","twitter_misc":{"Tiempo de lectura":"1 minuto"},"schema":{"@context":"https:\/\/schema.org","@graph":[{"@type":"WebPage","@id":"https:\/\/letrame.com\/catalogo\/producto\/el-templo-del-silencio\/","url":"https:\/\/letrame.com\/catalogo\/producto\/el-templo-del-silencio\/","name":"El templo del silencio - Catalogo | Letrame Grupo Editorial","isPartOf":{"@id":"https:\/\/letrame.com\/catalogo\/#website"},"primaryImageOfPage":{"@id":"https:\/\/letrame.com\/catalogo\/producto\/el-templo-del-silencio\/#primaryimage"},"image":{"@id":"https:\/\/letrame.com\/catalogo\/producto\/el-templo-del-silencio\/#primaryimage"},"thumbnailUrl":"https:\/\/letrame.com\/catalogo\/wp-content\/uploads\/2024\/04\/El-templo-del-silencio.jpg","datePublished":"2024-04-29T08:50:43+00:00","dateModified":"2024-04-29T08:50:57+00:00","breadcrumb":{"@id":"https:\/\/letrame.com\/catalogo\/producto\/el-templo-del-silencio\/#breadcrumb"},"inLanguage":"es","potentialAction":[{"@type":"ReadAction","target":["https:\/\/letrame.com\/catalogo\/producto\/el-templo-del-silencio\/"]}]},{"@type":"ImageObject","inLanguage":"es","@id":"https:\/\/letrame.com\/catalogo\/producto\/el-templo-del-silencio\/#primaryimage","url":"https:\/\/letrame.com\/catalogo\/wp-content\/uploads\/2024\/04\/El-templo-del-silencio.jpg","contentUrl":"https:\/\/letrame.com\/catalogo\/wp-content\/uploads\/2024\/04\/El-templo-del-silencio.jpg","width":1500,"height":2362},{"@type":"BreadcrumbList","@id":"https:\/\/letrame.com\/catalogo\/producto\/el-templo-del-silencio\/#breadcrumb","itemListElement":[{"@type":"ListItem","position":1,"name":"Portada","item":"https:\/\/letrame.com\/catalogo\/"},{"@type":"ListItem","position":2,"name":"Cat\u00e1logo","item":"https:\/\/letrame.com\/catalogo\/"},{"@type":"ListItem","position":3,"name":"El templo del silencio"}]},{"@type":"WebSite","@id":"https:\/\/letrame.com\/catalogo\/#website","url":"https:\/\/letrame.com\/catalogo\/","name":"Catalogo | Letrame Grupo Editorial","description":"","publisher":{"@id":"https:\/\/letrame.com\/catalogo\/#organization"},"potentialAction":[{"@type":"SearchAction","target":{"@type":"EntryPoint","urlTemplate":"https:\/\/letrame.com\/catalogo\/?s={search_term_string}"},"query-input":{"@type":"PropertyValueSpecification","valueRequired":true,"valueName":"search_term_string"}}],"inLanguage":"es"},{"@type":"Organization","@id":"https:\/\/letrame.com\/catalogo\/#organization","name":"Catalogo | Letrame Grupo Editorial","url":"https:\/\/letrame.com\/catalogo\/","logo":{"@type":"ImageObject","inLanguage":"es","@id":"https:\/\/letrame.com\/catalogo\/#\/schema\/logo\/image\/","url":"https:\/\/letrame.com\/catalogo\/wp-content\/uploads\/2024\/03\/logo2.webp","contentUrl":"https:\/\/letrame.com\/catalogo\/wp-content\/uploads\/2024\/03\/logo2.webp","width":394,"height":128,"caption":"Catalogo | Letrame Grupo Editorial"},"image":{"@id":"https:\/\/letrame.com\/catalogo\/#\/schema\/logo\/image\/"}}]}},"_links":{"self":[{"href":"https:\/\/letrame.com\/catalogo\/wp-json\/wp\/v2\/product\/96485","targetHints":{"allow":["GET"]}}],"collection":[{"href":"https:\/\/letrame.com\/catalogo\/wp-json\/wp\/v2\/product"}],"about":[{"href":"https:\/\/letrame.com\/catalogo\/wp-json\/wp\/v2\/types\/product"}],"replies":[{"embeddable":true,"href":"https:\/\/letrame.com\/catalogo\/wp-json\/wp\/v2\/comments?post=96485"}],"acf:post":[{"embeddable":true,"href":"https:\/\/letrame.com\/catalogo\/wp-json\/wp\/v2\/author_book\/75153"}],"wp:featuredmedia":[{"embeddable":true,"href":"https:\/\/letrame.com\/catalogo\/wp-json\/wp\/v2\/media\/96486"}],"wp:attachment":[{"href":"https:\/\/letrame.com\/catalogo\/wp-json\/wp\/v2\/media?parent=96485"}],"wp:term":[{"taxonomy":"libro","embeddable":true,"href":"https:\/\/letrame.com\/catalogo\/wp-json\/wp\/v2\/libro?post=96485"},{"taxonomy":"product_brand","embeddable":true,"href":"https:\/\/letrame.com\/catalogo\/wp-json\/wp\/v2\/product_brand?post=96485"},{"taxonomy":"product_cat","embeddable":true,"href":"https:\/\/letrame.com\/catalogo\/wp-json\/wp\/v2\/product_cat?post=96485"},{"taxonomy":"product_tag","embeddable":true,"href":"https:\/\/letrame.com\/catalogo\/wp-json\/wp\/v2\/product_tag?post=96485"}],"curies":[{"name":"wp","href":"https:\/\/api.w.org\/{rel}","templated":true}]}}