{"id":96477,"date":"2024-04-29T10:49:39","date_gmt":"2024-04-29T08:49:39","guid":{"rendered":"https:\/\/letrame.com\/catalogo\/producto\/alguien-volo-sobre-la-11-norte\/"},"modified":"2024-05-15T16:30:42","modified_gmt":"2024-05-15T14:30:42","slug":"alguien-volo-sobre-la-11-norte","status":"publish","type":"product","link":"https:\/\/letrame.com\/catalogo\/producto\/alguien-volo-sobre-la-11-norte\/","title":{"rendered":"Alguien vol\u00f3 sobre la 11 norte"},"content":{"rendered":"<div class=\"page\" title=\"Page 6\">\n<div class=\"layoutArea\">\n<div class=\"column\">\n<p><strong>ISBN<\/strong>: 978-84-1386-132-6<\/p>\n<\/div>\n<\/div>\n<\/div>\n<p><b>T\u00edtulo<\/b><span style=\"font-weight: 400;\">: Alguien vol\u00f3 sobre la 11 norte<\/span><span style=\"font-weight: 400;\"><br \/>\n<\/span><b>Fecha<\/b><span style=\"font-weight: 400;\">: 2021<\/span><span style=\"font-weight: 400;\"><br \/>\n<\/span><b>P\u00e1ginas<\/b><span style=\"font-weight: 400;\">: 274<\/span><\/p>\n<p><b>SINOPSIS<\/b><\/p>\n<p>Si est\u00e1s leyendo esto es porque t\u00fa tambi\u00e9n estas desquiciado o desquiciada. Todos lo estamos, para qu\u00e9 negarlo. Nunca he estado en un convento, en la c\u00e1rcel o en la mili, pero he salido de un lugar que son los tres a la vez: la Unidad de Psiquiatr\u00eda. Cuando miras largo tiempo a un abismo, tambi\u00e9n este mira dentro de ti, ocupando tu interior de incomprensi\u00f3n, miedo, angustia, ansiedad y temor.<\/p>\n<p>En una monta\u00f1a rusa de emociones que van de la risa al llanto, de la oscuridad a la luz, de la enajenaci\u00f3n a la reflexi\u00f3n, exalto emociones, miedos, traumas, obsesiones y man\u00edas tan duras, crudas, incre\u00edbles, descarnadas, crueles, terror\u00edficas y horribles como las tuyas. Este relato en primera persona escrito durante un largo mes en un psiqui\u00e1trico es esencial para conocer todo lo bajo que puede caer la mente, pero tambi\u00e9n todo lo alto que puede subir.<\/p>\n<p>A trav\u00e9s de la cr\u00f3nica de un desquiciamiento anunciado es mi prop\u00f3sito normalizar la salud mental, dejar de verla como un estigma. Desde estas letras animo a todos a cuidar las cabezas, porque vamos cuesta abajo y sin frenos hacia un futuro en el que la m\u00e1s peligrosa de las pandemias ser\u00e1 la mental.<\/p>\n","protected":false},"excerpt":{"rendered":"<div class=\"page\" title=\"Page 6\">\n<div class=\"layoutArea\">\n<div class=\"column\">\n<p><strong>ISBN: 978-84-1386-132-6<\/strong><\/p>\n<\/div>\n<\/div>\n<\/div>\n<p>Si est\u00e1s leyendo esto es porque t\u00fa tambi\u00e9n estas desquiciado o desquiciada. Todos lo estamos, para qu\u00e9 negarlo. Nunca he estado en un convento, en la c\u00e1rcel o en la mili, pero he salido de un lugar que son los tres a la vez: la Unidad de Psiquiatr\u00eda. Cuando miras largo tiempo a un abismo, tambi\u00e9n este mira dentro de ti, ocupando tu interior de incomprensi\u00f3n, miedo, angustia, ansiedad y temor.<\/p>\n","protected":false},"featured_media":100159,"comment_status":"closed","ping_status":"closed","template":"","meta":{"_acf_changed":false},"libro":[],"product_brand":[],"product_cat":[16,21],"product_tag":[],"class_list":{"0":"post-96477","1":"product","2":"type-product","3":"status-publish","4":"has-post-thumbnail","6":"product_cat-novela","7":"product_cat-relato","9":"first","10":"instock","11":"purchasable","12":"product-type-simple"},"acf":{"autor":[75144],"enlace_de_compra":"https:\/\/www.paypal.com\/cgi-bin\/webscr?cmd=_s-xclick&amp;hosted_button_id=7V8S2GAAXKQXW"},"yoast_head":"<!-- This site is optimized with the Yoast SEO plugin v27.4 - https:\/\/yoast.com\/product\/yoast-seo-wordpress\/ -->\n<title>Alguien vol\u00f3 sobre la 11 norte - Catalogo | Letrame Grupo Editorial<\/title>\n<meta name=\"robots\" content=\"index, follow, max-snippet:-1, max-image-preview:large, max-video-preview:-1\" \/>\n<link rel=\"canonical\" href=\"https:\/\/letrame.com\/catalogo\/producto\/alguien-volo-sobre-la-11-norte\/\" \/>\n<meta property=\"og:locale\" content=\"es_ES\" \/>\n<meta property=\"og:type\" content=\"article\" \/>\n<meta property=\"og:title\" content=\"Alguien vol\u00f3 sobre la 11 norte - Catalogo | Letrame Grupo Editorial\" \/>\n<meta property=\"og:description\" content=\"ISBN: 978-84-1386-132-6     Si est\u00e1s leyendo esto es porque t\u00fa tambi\u00e9n estas desquiciado o desquiciada. Todos lo estamos, para qu\u00e9 negarlo. Nunca he estado en un convento, en la c\u00e1rcel o en la mili, pero he salido de un lugar que son los tres a la vez: la Unidad de Psiquiatr\u00eda. Cuando miras largo tiempo a un abismo, tambi\u00e9n este mira dentro de ti, ocupando tu interior de incomprensi\u00f3n, miedo, angustia, ansiedad y temor.\" \/>\n<meta property=\"og:url\" content=\"https:\/\/letrame.com\/catalogo\/producto\/alguien-volo-sobre-la-11-norte\/\" \/>\n<meta property=\"og:site_name\" content=\"Catalogo | Letrame Grupo Editorial\" \/>\n<meta property=\"article:modified_time\" content=\"2024-05-15T14:30:42+00:00\" \/>\n<meta property=\"og:image\" content=\"https:\/\/letrame.com\/catalogo\/wp-content\/uploads\/2024\/04\/alguien-volo-sobre-las-11-norte-scaled-1.webp\" \/>\n\t<meta property=\"og:image:width\" content=\"1746\" \/>\n\t<meta property=\"og:image:height\" content=\"2560\" \/>\n\t<meta property=\"og:image:type\" content=\"image\/webp\" \/>\n<meta name=\"twitter:card\" content=\"summary_large_image\" \/>\n<meta name=\"twitter:label1\" content=\"Tiempo de lectura\" \/>\n\t<meta name=\"twitter:data1\" content=\"2 minutos\" \/>\n<script type=\"application\/ld+json\" class=\"yoast-schema-graph\">{\"@context\":\"https:\\\/\\\/schema.org\",\"@graph\":[{\"@type\":\"WebPage\",\"@id\":\"https:\\\/\\\/letrame.com\\\/catalogo\\\/producto\\\/alguien-volo-sobre-la-11-norte\\\/\",\"url\":\"https:\\\/\\\/letrame.com\\\/catalogo\\\/producto\\\/alguien-volo-sobre-la-11-norte\\\/\",\"name\":\"Alguien vol\u00f3 sobre la 11 norte - Catalogo | Letrame Grupo Editorial\",\"isPartOf\":{\"@id\":\"https:\\\/\\\/letrame.com\\\/catalogo\\\/#website\"},\"primaryImageOfPage\":{\"@id\":\"https:\\\/\\\/letrame.com\\\/catalogo\\\/producto\\\/alguien-volo-sobre-la-11-norte\\\/#primaryimage\"},\"image\":{\"@id\":\"https:\\\/\\\/letrame.com\\\/catalogo\\\/producto\\\/alguien-volo-sobre-la-11-norte\\\/#primaryimage\"},\"thumbnailUrl\":\"https:\\\/\\\/letrame.com\\\/catalogo\\\/wp-content\\\/uploads\\\/2024\\\/04\\\/alguien-volo-sobre-las-11-norte-scaled-1.webp\",\"datePublished\":\"2024-04-29T08:49:39+00:00\",\"dateModified\":\"2024-05-15T14:30:42+00:00\",\"breadcrumb\":{\"@id\":\"https:\\\/\\\/letrame.com\\\/catalogo\\\/producto\\\/alguien-volo-sobre-la-11-norte\\\/#breadcrumb\"},\"inLanguage\":\"es\",\"potentialAction\":[{\"@type\":\"ReadAction\",\"target\":[\"https:\\\/\\\/letrame.com\\\/catalogo\\\/producto\\\/alguien-volo-sobre-la-11-norte\\\/\"]}]},{\"@type\":\"ImageObject\",\"inLanguage\":\"es\",\"@id\":\"https:\\\/\\\/letrame.com\\\/catalogo\\\/producto\\\/alguien-volo-sobre-la-11-norte\\\/#primaryimage\",\"url\":\"https:\\\/\\\/letrame.com\\\/catalogo\\\/wp-content\\\/uploads\\\/2024\\\/04\\\/alguien-volo-sobre-las-11-norte-scaled-1.webp\",\"contentUrl\":\"https:\\\/\\\/letrame.com\\\/catalogo\\\/wp-content\\\/uploads\\\/2024\\\/04\\\/alguien-volo-sobre-las-11-norte-scaled-1.webp\",\"width\":1746,\"height\":2560},{\"@type\":\"BreadcrumbList\",\"@id\":\"https:\\\/\\\/letrame.com\\\/catalogo\\\/producto\\\/alguien-volo-sobre-la-11-norte\\\/#breadcrumb\",\"itemListElement\":[{\"@type\":\"ListItem\",\"position\":1,\"name\":\"Portada\",\"item\":\"https:\\\/\\\/letrame.com\\\/catalogo\\\/\"},{\"@type\":\"ListItem\",\"position\":2,\"name\":\"Cat\u00e1logo\",\"item\":\"https:\\\/\\\/letrame.com\\\/catalogo\\\/\"},{\"@type\":\"ListItem\",\"position\":3,\"name\":\"Alguien vol\u00f3 sobre la 11 norte\"}]},{\"@type\":\"WebSite\",\"@id\":\"https:\\\/\\\/letrame.com\\\/catalogo\\\/#website\",\"url\":\"https:\\\/\\\/letrame.com\\\/catalogo\\\/\",\"name\":\"Catalogo | Letrame Grupo Editorial\",\"description\":\"\",\"publisher\":{\"@id\":\"https:\\\/\\\/letrame.com\\\/catalogo\\\/#organization\"},\"potentialAction\":[{\"@type\":\"SearchAction\",\"target\":{\"@type\":\"EntryPoint\",\"urlTemplate\":\"https:\\\/\\\/letrame.com\\\/catalogo\\\/?s={search_term_string}\"},\"query-input\":{\"@type\":\"PropertyValueSpecification\",\"valueRequired\":true,\"valueName\":\"search_term_string\"}}],\"inLanguage\":\"es\"},{\"@type\":\"Organization\",\"@id\":\"https:\\\/\\\/letrame.com\\\/catalogo\\\/#organization\",\"name\":\"Catalogo | Letrame Grupo Editorial\",\"url\":\"https:\\\/\\\/letrame.com\\\/catalogo\\\/\",\"logo\":{\"@type\":\"ImageObject\",\"inLanguage\":\"es\",\"@id\":\"https:\\\/\\\/letrame.com\\\/catalogo\\\/#\\\/schema\\\/logo\\\/image\\\/\",\"url\":\"https:\\\/\\\/letrame.com\\\/catalogo\\\/wp-content\\\/uploads\\\/2024\\\/03\\\/logo2.webp\",\"contentUrl\":\"https:\\\/\\\/letrame.com\\\/catalogo\\\/wp-content\\\/uploads\\\/2024\\\/03\\\/logo2.webp\",\"width\":394,\"height\":128,\"caption\":\"Catalogo | Letrame Grupo Editorial\"},\"image\":{\"@id\":\"https:\\\/\\\/letrame.com\\\/catalogo\\\/#\\\/schema\\\/logo\\\/image\\\/\"}}]}<\/script>\n<!-- \/ Yoast SEO plugin. -->","yoast_head_json":{"title":"Alguien vol\u00f3 sobre la 11 norte - Catalogo | Letrame Grupo Editorial","robots":{"index":"index","follow":"follow","max-snippet":"max-snippet:-1","max-image-preview":"max-image-preview:large","max-video-preview":"max-video-preview:-1"},"canonical":"https:\/\/letrame.com\/catalogo\/producto\/alguien-volo-sobre-la-11-norte\/","og_locale":"es_ES","og_type":"article","og_title":"Alguien vol\u00f3 sobre la 11 norte - Catalogo | Letrame Grupo Editorial","og_description":"ISBN: 978-84-1386-132-6     Si est\u00e1s leyendo esto es porque t\u00fa tambi\u00e9n estas desquiciado o desquiciada. Todos lo estamos, para qu\u00e9 negarlo. Nunca he estado en un convento, en la c\u00e1rcel o en la mili, pero he salido de un lugar que son los tres a la vez: la Unidad de Psiquiatr\u00eda. Cuando miras largo tiempo a un abismo, tambi\u00e9n este mira dentro de ti, ocupando tu interior de incomprensi\u00f3n, miedo, angustia, ansiedad y temor.","og_url":"https:\/\/letrame.com\/catalogo\/producto\/alguien-volo-sobre-la-11-norte\/","og_site_name":"Catalogo | Letrame Grupo Editorial","article_modified_time":"2024-05-15T14:30:42+00:00","og_image":[{"width":1746,"height":2560,"url":"https:\/\/letrame.com\/catalogo\/wp-content\/uploads\/2024\/04\/alguien-volo-sobre-las-11-norte-scaled-1.webp","type":"image\/webp"}],"twitter_card":"summary_large_image","twitter_misc":{"Tiempo de lectura":"2 minutos"},"schema":{"@context":"https:\/\/schema.org","@graph":[{"@type":"WebPage","@id":"https:\/\/letrame.com\/catalogo\/producto\/alguien-volo-sobre-la-11-norte\/","url":"https:\/\/letrame.com\/catalogo\/producto\/alguien-volo-sobre-la-11-norte\/","name":"Alguien vol\u00f3 sobre la 11 norte - Catalogo | Letrame Grupo Editorial","isPartOf":{"@id":"https:\/\/letrame.com\/catalogo\/#website"},"primaryImageOfPage":{"@id":"https:\/\/letrame.com\/catalogo\/producto\/alguien-volo-sobre-la-11-norte\/#primaryimage"},"image":{"@id":"https:\/\/letrame.com\/catalogo\/producto\/alguien-volo-sobre-la-11-norte\/#primaryimage"},"thumbnailUrl":"https:\/\/letrame.com\/catalogo\/wp-content\/uploads\/2024\/04\/alguien-volo-sobre-las-11-norte-scaled-1.webp","datePublished":"2024-04-29T08:49:39+00:00","dateModified":"2024-05-15T14:30:42+00:00","breadcrumb":{"@id":"https:\/\/letrame.com\/catalogo\/producto\/alguien-volo-sobre-la-11-norte\/#breadcrumb"},"inLanguage":"es","potentialAction":[{"@type":"ReadAction","target":["https:\/\/letrame.com\/catalogo\/producto\/alguien-volo-sobre-la-11-norte\/"]}]},{"@type":"ImageObject","inLanguage":"es","@id":"https:\/\/letrame.com\/catalogo\/producto\/alguien-volo-sobre-la-11-norte\/#primaryimage","url":"https:\/\/letrame.com\/catalogo\/wp-content\/uploads\/2024\/04\/alguien-volo-sobre-las-11-norte-scaled-1.webp","contentUrl":"https:\/\/letrame.com\/catalogo\/wp-content\/uploads\/2024\/04\/alguien-volo-sobre-las-11-norte-scaled-1.webp","width":1746,"height":2560},{"@type":"BreadcrumbList","@id":"https:\/\/letrame.com\/catalogo\/producto\/alguien-volo-sobre-la-11-norte\/#breadcrumb","itemListElement":[{"@type":"ListItem","position":1,"name":"Portada","item":"https:\/\/letrame.com\/catalogo\/"},{"@type":"ListItem","position":2,"name":"Cat\u00e1logo","item":"https:\/\/letrame.com\/catalogo\/"},{"@type":"ListItem","position":3,"name":"Alguien vol\u00f3 sobre la 11 norte"}]},{"@type":"WebSite","@id":"https:\/\/letrame.com\/catalogo\/#website","url":"https:\/\/letrame.com\/catalogo\/","name":"Catalogo | Letrame Grupo Editorial","description":"","publisher":{"@id":"https:\/\/letrame.com\/catalogo\/#organization"},"potentialAction":[{"@type":"SearchAction","target":{"@type":"EntryPoint","urlTemplate":"https:\/\/letrame.com\/catalogo\/?s={search_term_string}"},"query-input":{"@type":"PropertyValueSpecification","valueRequired":true,"valueName":"search_term_string"}}],"inLanguage":"es"},{"@type":"Organization","@id":"https:\/\/letrame.com\/catalogo\/#organization","name":"Catalogo | Letrame Grupo Editorial","url":"https:\/\/letrame.com\/catalogo\/","logo":{"@type":"ImageObject","inLanguage":"es","@id":"https:\/\/letrame.com\/catalogo\/#\/schema\/logo\/image\/","url":"https:\/\/letrame.com\/catalogo\/wp-content\/uploads\/2024\/03\/logo2.webp","contentUrl":"https:\/\/letrame.com\/catalogo\/wp-content\/uploads\/2024\/03\/logo2.webp","width":394,"height":128,"caption":"Catalogo | Letrame Grupo Editorial"},"image":{"@id":"https:\/\/letrame.com\/catalogo\/#\/schema\/logo\/image\/"}}]}},"_links":{"self":[{"href":"https:\/\/letrame.com\/catalogo\/wp-json\/wp\/v2\/product\/96477","targetHints":{"allow":["GET"]}}],"collection":[{"href":"https:\/\/letrame.com\/catalogo\/wp-json\/wp\/v2\/product"}],"about":[{"href":"https:\/\/letrame.com\/catalogo\/wp-json\/wp\/v2\/types\/product"}],"replies":[{"embeddable":true,"href":"https:\/\/letrame.com\/catalogo\/wp-json\/wp\/v2\/comments?post=96477"}],"acf:post":[{"embeddable":true,"href":"https:\/\/letrame.com\/catalogo\/wp-json\/wp\/v2\/author_book\/75144"}],"wp:featuredmedia":[{"embeddable":true,"href":"https:\/\/letrame.com\/catalogo\/wp-json\/wp\/v2\/media\/100159"}],"wp:attachment":[{"href":"https:\/\/letrame.com\/catalogo\/wp-json\/wp\/v2\/media?parent=96477"}],"wp:term":[{"taxonomy":"libro","embeddable":true,"href":"https:\/\/letrame.com\/catalogo\/wp-json\/wp\/v2\/libro?post=96477"},{"taxonomy":"product_brand","embeddable":true,"href":"https:\/\/letrame.com\/catalogo\/wp-json\/wp\/v2\/product_brand?post=96477"},{"taxonomy":"product_cat","embeddable":true,"href":"https:\/\/letrame.com\/catalogo\/wp-json\/wp\/v2\/product_cat?post=96477"},{"taxonomy":"product_tag","embeddable":true,"href":"https:\/\/letrame.com\/catalogo\/wp-json\/wp\/v2\/product_tag?post=96477"}],"curies":[{"name":"wp","href":"https:\/\/api.w.org\/{rel}","templated":true}]}}