{"id":96473,"date":"2024-04-29T10:48:37","date_gmt":"2024-04-29T08:48:37","guid":{"rendered":"https:\/\/letrame.com\/catalogo\/producto\/sin-nombre\/"},"modified":"2024-04-29T10:49:23","modified_gmt":"2024-04-29T08:49:23","slug":"sin-nombre","status":"publish","type":"product","link":"https:\/\/letrame.com\/catalogo\/producto\/sin-nombre\/","title":{"rendered":"Sin nombre\u00a0\u00a0"},"content":{"rendered":"<div class=\"page\" title=\"Page 1\">\n<div class=\"layoutArea\">\n<div class=\"column\">\n<p><strong>ISBN<\/strong>: 978-84-1386-176-0<\/p>\n<\/div>\n<\/div>\n<\/div>\n<p><b>T\u00edtulo<\/b><span style=\"font-weight: 400;\">: Sin nombre\u00a0\u00a0<\/span><span style=\"font-weight: 400;\"><br \/>\n<\/span><b>Fecha<\/b><span style=\"font-weight: 400;\">: 2021<\/span><span style=\"font-weight: 400;\"><br \/>\n<\/span><b>P\u00e1ginas<\/b><span style=\"font-weight: 400;\">: 116<\/span><\/p>\n<p><b>SINOPSIS<\/b><\/p>\n<div class=\"page\" title=\"Page 1\">\n<div class=\"layoutArea\">\n<div class=\"column\">\n<p>Un tiempo de espera y un tiempo de mirar. No hay horrores en el atra_s ni complacencia en el presen- te. Me propongo el enga\u00f1o y un juego de espejos donde esconderme. La caprichosa memoria har\u00e1 el resto. Os doy mi ser moldeado por el fracaso de vivir y la alegr\u00eda de haber vivido. Soy escritor de recuerdos deformados y cronista de los espacios. H\u00e1gase la voluntad del lector y una cruz me aguardar\u00e1 en la cr\u00edtica certera. Regalo el esfuerzo y la dedicaci\u00f3n de otros perdonando las deudas de amor y el maltrato del deseo. Vamos a contar mentiras vosotros y yo. Es la vida.<\/p>\n<\/div>\n<\/div>\n<\/div>\n<p>xtensas<\/p>\n","protected":false},"excerpt":{"rendered":"<p><strong>ISBN: 978-84-1386-176-0<\/strong><\/p>\n<p>Un tiempo de espera y un tiempo de mirar. No hay horrores en el atra_s ni complacencia en el presen- te. Me propongo el enga\u00f1o y un juego de espejos donde esconderme. La caprichosa memoria har\u00e1 el resto. Os doy mi ser moldeado por el fracaso de vivir y la alegr\u00eda de haber vivido. Soy escritor de recuerdos deformados y cronista de los espacios. H\u00e1gase la voluntad del lector y una cruz me aguardar\u00e1 en la cr\u00edtica certera. Regalo el esfuerzo y la dedicaci\u00f3n de otros perdonando las deudas de amor y el maltrato del deseo. Vamos a contar mentiras vosotros y yo. Es la vida.<\/p>\n<p>&nbsp;<\/p>\n<p>&nbsp;<\/p>\n<p>&nbsp; al lee<\/p>\n","protected":false},"featured_media":96474,"comment_status":"closed","ping_status":"open","template":"","meta":{"_acf_changed":false},"libro":[],"product_brand":[],"product_cat":[16,21],"product_tag":[],"class_list":{"0":"post-96473","1":"product","2":"type-product","3":"status-publish","4":"has-post-thumbnail","6":"product_cat-novela","7":"product_cat-relato","9":"first","10":"instock","11":"purchasable","12":"product-type-simple"},"acf":{"autor":[75141],"enlace_de_compra":""},"yoast_head":"<!-- This site is optimized with the Yoast SEO plugin v26.6 - https:\/\/yoast.com\/wordpress\/plugins\/seo\/ -->\n<title>Sin nombre\u00a0\u00a0 - Catalogo | Letrame Grupo Editorial<\/title>\n<meta name=\"robots\" content=\"index, follow, max-snippet:-1, max-image-preview:large, max-video-preview:-1\" \/>\n<link rel=\"canonical\" href=\"https:\/\/letrame.com\/catalogo\/producto\/sin-nombre\/\" \/>\n<meta property=\"og:locale\" content=\"es_ES\" \/>\n<meta property=\"og:type\" content=\"article\" \/>\n<meta property=\"og:title\" content=\"Sin nombre\u00a0\u00a0 - Catalogo | Letrame Grupo Editorial\" \/>\n<meta property=\"og:description\" content=\"ISBN: 978-84-1386-176-0 Un tiempo de espera y un tiempo de mirar. No hay horrores en el atra_s ni complacencia en el presen- te. Me propongo el enga\u00f1o y un juego de espejos donde esconderme. La caprichosa memoria har\u00e1 el resto. Os doy mi ser moldeado por el fracaso de vivir y la alegr\u00eda de haber vivido. Soy escritor de recuerdos deformados y cronista de los espacios. H\u00e1gase la voluntad del lector y una cruz me aguardar\u00e1 en la cr\u00edtica certera. Regalo el esfuerzo y la dedicaci\u00f3n de otros perdonando las deudas de amor y el maltrato del deseo. Vamos a contar mentiras vosotros y yo. Es la vida. &nbsp; &nbsp; &nbsp; al lee\" \/>\n<meta property=\"og:url\" content=\"https:\/\/letrame.com\/catalogo\/producto\/sin-nombre\/\" \/>\n<meta property=\"og:site_name\" content=\"Catalogo | Letrame Grupo Editorial\" \/>\n<meta property=\"article:modified_time\" content=\"2024-04-29T08:49:23+00:00\" \/>\n<meta property=\"og:image\" content=\"https:\/\/letrame.com\/catalogo\/wp-content\/uploads\/2024\/04\/Sin-nombre-.jpg\" \/>\n\t<meta property=\"og:image:width\" content=\"1748\" \/>\n\t<meta property=\"og:image:height\" content=\"2421\" \/>\n\t<meta property=\"og:image:type\" content=\"image\/jpeg\" \/>\n<meta name=\"twitter:card\" content=\"summary_large_image\" \/>\n<meta name=\"twitter:label1\" content=\"Tiempo de lectura\" \/>\n\t<meta name=\"twitter:data1\" content=\"1 minuto\" \/>\n<script type=\"application\/ld+json\" class=\"yoast-schema-graph\">{\"@context\":\"https:\/\/schema.org\",\"@graph\":[{\"@type\":\"WebPage\",\"@id\":\"https:\/\/letrame.com\/catalogo\/producto\/sin-nombre\/\",\"url\":\"https:\/\/letrame.com\/catalogo\/producto\/sin-nombre\/\",\"name\":\"Sin nombre\u00a0\u00a0 - Catalogo | Letrame Grupo Editorial\",\"isPartOf\":{\"@id\":\"https:\/\/letrame.com\/catalogo\/#website\"},\"primaryImageOfPage\":{\"@id\":\"https:\/\/letrame.com\/catalogo\/producto\/sin-nombre\/#primaryimage\"},\"image\":{\"@id\":\"https:\/\/letrame.com\/catalogo\/producto\/sin-nombre\/#primaryimage\"},\"thumbnailUrl\":\"https:\/\/letrame.com\/catalogo\/wp-content\/uploads\/2024\/04\/Sin-nombre-.jpg\",\"datePublished\":\"2024-04-29T08:48:37+00:00\",\"dateModified\":\"2024-04-29T08:49:23+00:00\",\"breadcrumb\":{\"@id\":\"https:\/\/letrame.com\/catalogo\/producto\/sin-nombre\/#breadcrumb\"},\"inLanguage\":\"es\",\"potentialAction\":[{\"@type\":\"ReadAction\",\"target\":[\"https:\/\/letrame.com\/catalogo\/producto\/sin-nombre\/\"]}]},{\"@type\":\"ImageObject\",\"inLanguage\":\"es\",\"@id\":\"https:\/\/letrame.com\/catalogo\/producto\/sin-nombre\/#primaryimage\",\"url\":\"https:\/\/letrame.com\/catalogo\/wp-content\/uploads\/2024\/04\/Sin-nombre-.jpg\",\"contentUrl\":\"https:\/\/letrame.com\/catalogo\/wp-content\/uploads\/2024\/04\/Sin-nombre-.jpg\",\"width\":1748,\"height\":2421},{\"@type\":\"BreadcrumbList\",\"@id\":\"https:\/\/letrame.com\/catalogo\/producto\/sin-nombre\/#breadcrumb\",\"itemListElement\":[{\"@type\":\"ListItem\",\"position\":1,\"name\":\"Portada\",\"item\":\"https:\/\/letrame.com\/catalogo\/\"},{\"@type\":\"ListItem\",\"position\":2,\"name\":\"Cat\u00e1logo\",\"item\":\"https:\/\/letrame.com\/catalogo\/\"},{\"@type\":\"ListItem\",\"position\":3,\"name\":\"Sin nombre\u00a0\u00a0\"}]},{\"@type\":\"WebSite\",\"@id\":\"https:\/\/letrame.com\/catalogo\/#website\",\"url\":\"https:\/\/letrame.com\/catalogo\/\",\"name\":\"Catalogo | Letrame Grupo Editorial\",\"description\":\"\",\"publisher\":{\"@id\":\"https:\/\/letrame.com\/catalogo\/#organization\"},\"potentialAction\":[{\"@type\":\"SearchAction\",\"target\":{\"@type\":\"EntryPoint\",\"urlTemplate\":\"https:\/\/letrame.com\/catalogo\/?s={search_term_string}\"},\"query-input\":{\"@type\":\"PropertyValueSpecification\",\"valueRequired\":true,\"valueName\":\"search_term_string\"}}],\"inLanguage\":\"es\"},{\"@type\":\"Organization\",\"@id\":\"https:\/\/letrame.com\/catalogo\/#organization\",\"name\":\"Catalogo | Letrame Grupo Editorial\",\"url\":\"https:\/\/letrame.com\/catalogo\/\",\"logo\":{\"@type\":\"ImageObject\",\"inLanguage\":\"es\",\"@id\":\"https:\/\/letrame.com\/catalogo\/#\/schema\/logo\/image\/\",\"url\":\"https:\/\/letrame.com\/catalogo\/wp-content\/uploads\/2024\/03\/logo2.webp\",\"contentUrl\":\"https:\/\/letrame.com\/catalogo\/wp-content\/uploads\/2024\/03\/logo2.webp\",\"width\":394,\"height\":128,\"caption\":\"Catalogo | Letrame Grupo Editorial\"},\"image\":{\"@id\":\"https:\/\/letrame.com\/catalogo\/#\/schema\/logo\/image\/\"}}]}<\/script>\n<!-- \/ Yoast SEO plugin. -->","yoast_head_json":{"title":"Sin nombre\u00a0\u00a0 - Catalogo | Letrame Grupo Editorial","robots":{"index":"index","follow":"follow","max-snippet":"max-snippet:-1","max-image-preview":"max-image-preview:large","max-video-preview":"max-video-preview:-1"},"canonical":"https:\/\/letrame.com\/catalogo\/producto\/sin-nombre\/","og_locale":"es_ES","og_type":"article","og_title":"Sin nombre\u00a0\u00a0 - Catalogo | Letrame Grupo Editorial","og_description":"ISBN: 978-84-1386-176-0 Un tiempo de espera y un tiempo de mirar. No hay horrores en el atra_s ni complacencia en el presen- te. Me propongo el enga\u00f1o y un juego de espejos donde esconderme. La caprichosa memoria har\u00e1 el resto. Os doy mi ser moldeado por el fracaso de vivir y la alegr\u00eda de haber vivido. Soy escritor de recuerdos deformados y cronista de los espacios. H\u00e1gase la voluntad del lector y una cruz me aguardar\u00e1 en la cr\u00edtica certera. Regalo el esfuerzo y la dedicaci\u00f3n de otros perdonando las deudas de amor y el maltrato del deseo. Vamos a contar mentiras vosotros y yo. Es la vida. &nbsp; &nbsp; &nbsp; al lee","og_url":"https:\/\/letrame.com\/catalogo\/producto\/sin-nombre\/","og_site_name":"Catalogo | Letrame Grupo Editorial","article_modified_time":"2024-04-29T08:49:23+00:00","og_image":[{"width":1748,"height":2421,"url":"https:\/\/letrame.com\/catalogo\/wp-content\/uploads\/2024\/04\/Sin-nombre-.jpg","type":"image\/jpeg"}],"twitter_card":"summary_large_image","twitter_misc":{"Tiempo de lectura":"1 minuto"},"schema":{"@context":"https:\/\/schema.org","@graph":[{"@type":"WebPage","@id":"https:\/\/letrame.com\/catalogo\/producto\/sin-nombre\/","url":"https:\/\/letrame.com\/catalogo\/producto\/sin-nombre\/","name":"Sin nombre\u00a0\u00a0 - Catalogo | Letrame Grupo Editorial","isPartOf":{"@id":"https:\/\/letrame.com\/catalogo\/#website"},"primaryImageOfPage":{"@id":"https:\/\/letrame.com\/catalogo\/producto\/sin-nombre\/#primaryimage"},"image":{"@id":"https:\/\/letrame.com\/catalogo\/producto\/sin-nombre\/#primaryimage"},"thumbnailUrl":"https:\/\/letrame.com\/catalogo\/wp-content\/uploads\/2024\/04\/Sin-nombre-.jpg","datePublished":"2024-04-29T08:48:37+00:00","dateModified":"2024-04-29T08:49:23+00:00","breadcrumb":{"@id":"https:\/\/letrame.com\/catalogo\/producto\/sin-nombre\/#breadcrumb"},"inLanguage":"es","potentialAction":[{"@type":"ReadAction","target":["https:\/\/letrame.com\/catalogo\/producto\/sin-nombre\/"]}]},{"@type":"ImageObject","inLanguage":"es","@id":"https:\/\/letrame.com\/catalogo\/producto\/sin-nombre\/#primaryimage","url":"https:\/\/letrame.com\/catalogo\/wp-content\/uploads\/2024\/04\/Sin-nombre-.jpg","contentUrl":"https:\/\/letrame.com\/catalogo\/wp-content\/uploads\/2024\/04\/Sin-nombre-.jpg","width":1748,"height":2421},{"@type":"BreadcrumbList","@id":"https:\/\/letrame.com\/catalogo\/producto\/sin-nombre\/#breadcrumb","itemListElement":[{"@type":"ListItem","position":1,"name":"Portada","item":"https:\/\/letrame.com\/catalogo\/"},{"@type":"ListItem","position":2,"name":"Cat\u00e1logo","item":"https:\/\/letrame.com\/catalogo\/"},{"@type":"ListItem","position":3,"name":"Sin nombre\u00a0\u00a0"}]},{"@type":"WebSite","@id":"https:\/\/letrame.com\/catalogo\/#website","url":"https:\/\/letrame.com\/catalogo\/","name":"Catalogo | Letrame Grupo Editorial","description":"","publisher":{"@id":"https:\/\/letrame.com\/catalogo\/#organization"},"potentialAction":[{"@type":"SearchAction","target":{"@type":"EntryPoint","urlTemplate":"https:\/\/letrame.com\/catalogo\/?s={search_term_string}"},"query-input":{"@type":"PropertyValueSpecification","valueRequired":true,"valueName":"search_term_string"}}],"inLanguage":"es"},{"@type":"Organization","@id":"https:\/\/letrame.com\/catalogo\/#organization","name":"Catalogo | Letrame Grupo Editorial","url":"https:\/\/letrame.com\/catalogo\/","logo":{"@type":"ImageObject","inLanguage":"es","@id":"https:\/\/letrame.com\/catalogo\/#\/schema\/logo\/image\/","url":"https:\/\/letrame.com\/catalogo\/wp-content\/uploads\/2024\/03\/logo2.webp","contentUrl":"https:\/\/letrame.com\/catalogo\/wp-content\/uploads\/2024\/03\/logo2.webp","width":394,"height":128,"caption":"Catalogo | Letrame Grupo Editorial"},"image":{"@id":"https:\/\/letrame.com\/catalogo\/#\/schema\/logo\/image\/"}}]}},"_links":{"self":[{"href":"https:\/\/letrame.com\/catalogo\/wp-json\/wp\/v2\/product\/96473","targetHints":{"allow":["GET"]}}],"collection":[{"href":"https:\/\/letrame.com\/catalogo\/wp-json\/wp\/v2\/product"}],"about":[{"href":"https:\/\/letrame.com\/catalogo\/wp-json\/wp\/v2\/types\/product"}],"replies":[{"embeddable":true,"href":"https:\/\/letrame.com\/catalogo\/wp-json\/wp\/v2\/comments?post=96473"}],"acf:post":[{"embeddable":true,"href":"https:\/\/letrame.com\/catalogo\/wp-json\/wp\/v2\/author_book\/75141"}],"wp:featuredmedia":[{"embeddable":true,"href":"https:\/\/letrame.com\/catalogo\/wp-json\/wp\/v2\/media\/96474"}],"wp:attachment":[{"href":"https:\/\/letrame.com\/catalogo\/wp-json\/wp\/v2\/media?parent=96473"}],"wp:term":[{"taxonomy":"libro","embeddable":true,"href":"https:\/\/letrame.com\/catalogo\/wp-json\/wp\/v2\/libro?post=96473"},{"taxonomy":"product_brand","embeddable":true,"href":"https:\/\/letrame.com\/catalogo\/wp-json\/wp\/v2\/product_brand?post=96473"},{"taxonomy":"product_cat","embeddable":true,"href":"https:\/\/letrame.com\/catalogo\/wp-json\/wp\/v2\/product_cat?post=96473"},{"taxonomy":"product_tag","embeddable":true,"href":"https:\/\/letrame.com\/catalogo\/wp-json\/wp\/v2\/product_tag?post=96473"}],"curies":[{"name":"wp","href":"https:\/\/api.w.org\/{rel}","templated":true}]}}