{"id":96434,"date":"2024-04-29T10:43:55","date_gmt":"2024-04-29T08:43:55","guid":{"rendered":"https:\/\/letrame.com\/catalogo\/producto\/cent-paraules-desmuntades-i-un-sonet-entravessat\/"},"modified":"2024-04-29T10:44:21","modified_gmt":"2024-04-29T08:44:21","slug":"cent-paraules-desmuntades-i-un-sonet-entravessat","status":"publish","type":"product","link":"https:\/\/letrame.com\/catalogo\/producto\/cent-paraules-desmuntades-i-un-sonet-entravessat\/","title":{"rendered":"Cent Paraules Desmuntades i un Sonet Entravessat"},"content":{"rendered":"<div class=\"page\" title=\"Page 6\">\n<div class=\"layoutArea\">\n<div class=\"column\">\n<p><strong>ISBN<\/strong>: 978-84-1386-368-9<\/p>\n<\/div>\n<\/div>\n<\/div>\n<p><b>T\u00edtulo<\/b><span style=\"font-weight: 400;\">: <\/span>Cent Paraules Desmuntades i un Sonet Entravessat<\/p>\n<p><b>Fecha<\/b><span style=\"font-weight: 400;\">: 2021<\/span><span style=\"font-weight: 400;\"><br \/>\n<\/span><b>P\u00e1ginas<\/b><span style=\"font-weight: 400;\">: 118<\/span><\/p>\n<p><b>SINOPSIS<\/b><\/p>\n<p><strong>Cent Paraules Desmuntades i un Sonet Entravessat <\/strong>\u00e9s el quart llibre de l\u2019autor i el primer en catal\u00e0. Despr\u00e9s d\u2019haver provat diversos g\u00e8neres literaris, com la novel\u00b7la amb <em>Las Cenizas del Se\u00f1or Lang<\/em>, la poesia amb <em>El Amor Pausado<\/em>, i finalment la narraci\u00f3 amb <em>Cuentos Enrevesados<\/em>, la nova proposta que ens presenta consisteix en seleccionar mots triats a l\u2019atzar i definir-los po\u00e8ticament, mitjan\u00e7ant l\u2019escriptura mec\u00e0nica. El resultat \u00e9s un salt al buit, a cavall entre la poesia hitanh\u00e0fora i l&#8217;escriptura mec\u00e0nica, un exercici agosarat que pret\u00e9n despullar una paraula en un sol intent, deixant que l\u2019impuls espontani i la t\u00e8cnica liter\u00e0ria donin forma a una creativitat nova i diferent de la del vers prec\u00eds i assossegat.<\/p>\n","protected":false},"excerpt":{"rendered":"<div class=\"page\" title=\"Page 6\">\n<div class=\"layoutArea\">\n<div class=\"column\">\n<p><strong>ISBN: 978-84-1386-368-9<\/strong><\/p>\n<\/div>\n<\/div>\n<\/div>\n<p>Despr\u00e9s d\u2019haver provat diversos g\u00e8neres literaris, com la novel\u00b7la amb <em>Las Cenizas del Se\u00f1or Lang<\/em>, la poesia amb <em>El Amor Pausado<\/em>, i finalment la narraci\u00f3 amb <em>Cuentos Enrevesados<\/em>, la nova proposta que ens presenta consisteix en seleccionar mots triats a l\u2019atzar i definir-los po\u00e8ticament, mitjan\u00e7ant l\u2019escriptura mec\u00e0nica.<\/p>\n<p>El resultat \u00e9s un salt al buit, a cavall entre la poesia hitanh\u00e0fora i l&#8217;escriptura mec\u00e0nica, un exercici agosarat que pret\u00e9n despullar una paraula en un sol intent, deixant que l\u2019impuls espontani i la t\u00e8cnica liter\u00e0ria donin forma a una creativitat nova i diferent de la del vers prec\u00eds i assossegat.<\/p>\n","protected":false},"featured_media":96435,"comment_status":"closed","ping_status":"open","template":"","meta":{"_acf_changed":false},"libro":[],"product_brand":[],"product_cat":[16],"product_tag":[],"class_list":{"0":"post-96434","1":"product","2":"type-product","3":"status-publish","4":"has-post-thumbnail","6":"product_cat-novela","8":"first","9":"instock","10":"purchasable","11":"product-type-simple"},"acf":{"autor":[75101],"enlace_de_compra":""},"yoast_head":"<!-- This site is optimized with the Yoast SEO plugin v27.4 - https:\/\/yoast.com\/product\/yoast-seo-wordpress\/ -->\n<title>Cent Paraules Desmuntades i un Sonet Entravessat - Catalogo | Letrame Grupo Editorial<\/title>\n<meta name=\"robots\" content=\"index, follow, max-snippet:-1, max-image-preview:large, max-video-preview:-1\" \/>\n<link rel=\"canonical\" href=\"https:\/\/letrame.com\/catalogo\/producto\/cent-paraules-desmuntades-i-un-sonet-entravessat\/\" \/>\n<meta property=\"og:locale\" content=\"es_ES\" \/>\n<meta property=\"og:type\" content=\"article\" \/>\n<meta property=\"og:title\" content=\"Cent Paraules Desmuntades i un Sonet Entravessat - Catalogo | Letrame Grupo Editorial\" \/>\n<meta property=\"og:description\" content=\"ISBN: 978-84-1386-368-9   Despr\u00e9s d\u2019haver provat diversos g\u00e8neres literaris, com la novel\u00b7la amb Las Cenizas del Se\u00f1or Lang, la poesia amb El Amor Pausado, i finalment la narraci\u00f3 amb Cuentos Enrevesados, la nova proposta que ens presenta consisteix en seleccionar mots triats a l\u2019atzar i definir-los po\u00e8ticament, mitjan\u00e7ant l\u2019escriptura mec\u00e0nica. El resultat \u00e9s un salt al buit, a cavall entre la poesia hitanh\u00e0fora i l&#039;escriptura mec\u00e0nica, un exercici agosarat que pret\u00e9n despullar una paraula en un sol intent, deixant que l\u2019impuls espontani i la t\u00e8cnica liter\u00e0ria donin forma a una creativitat nova i diferent de la del vers prec\u00eds i assossegat.\" \/>\n<meta property=\"og:url\" content=\"https:\/\/letrame.com\/catalogo\/producto\/cent-paraules-desmuntades-i-un-sonet-entravessat\/\" \/>\n<meta property=\"og:site_name\" content=\"Catalogo | Letrame Grupo Editorial\" \/>\n<meta property=\"article:modified_time\" content=\"2024-04-29T08:44:21+00:00\" \/>\n<meta property=\"og:image\" content=\"https:\/\/letrame.com\/catalogo\/wp-content\/uploads\/2024\/04\/Cent-Paraules-Desmuntades-i-un-Sonet-Entravessat.jpg\" \/>\n\t<meta property=\"og:image:width\" content=\"1594\" \/>\n\t<meta property=\"og:image:height\" content=\"2480\" \/>\n\t<meta property=\"og:image:type\" content=\"image\/jpeg\" \/>\n<meta name=\"twitter:card\" content=\"summary_large_image\" \/>\n<meta name=\"twitter:label1\" content=\"Tiempo de lectura\" \/>\n\t<meta name=\"twitter:data1\" content=\"1 minuto\" \/>\n<script type=\"application\/ld+json\" class=\"yoast-schema-graph\">{\"@context\":\"https:\\\/\\\/schema.org\",\"@graph\":[{\"@type\":\"WebPage\",\"@id\":\"https:\\\/\\\/letrame.com\\\/catalogo\\\/producto\\\/cent-paraules-desmuntades-i-un-sonet-entravessat\\\/\",\"url\":\"https:\\\/\\\/letrame.com\\\/catalogo\\\/producto\\\/cent-paraules-desmuntades-i-un-sonet-entravessat\\\/\",\"name\":\"Cent Paraules Desmuntades i un Sonet Entravessat - Catalogo | Letrame Grupo Editorial\",\"isPartOf\":{\"@id\":\"https:\\\/\\\/letrame.com\\\/catalogo\\\/#website\"},\"primaryImageOfPage\":{\"@id\":\"https:\\\/\\\/letrame.com\\\/catalogo\\\/producto\\\/cent-paraules-desmuntades-i-un-sonet-entravessat\\\/#primaryimage\"},\"image\":{\"@id\":\"https:\\\/\\\/letrame.com\\\/catalogo\\\/producto\\\/cent-paraules-desmuntades-i-un-sonet-entravessat\\\/#primaryimage\"},\"thumbnailUrl\":\"https:\\\/\\\/letrame.com\\\/catalogo\\\/wp-content\\\/uploads\\\/2024\\\/04\\\/Cent-Paraules-Desmuntades-i-un-Sonet-Entravessat.jpg\",\"datePublished\":\"2024-04-29T08:43:55+00:00\",\"dateModified\":\"2024-04-29T08:44:21+00:00\",\"breadcrumb\":{\"@id\":\"https:\\\/\\\/letrame.com\\\/catalogo\\\/producto\\\/cent-paraules-desmuntades-i-un-sonet-entravessat\\\/#breadcrumb\"},\"inLanguage\":\"es\",\"potentialAction\":[{\"@type\":\"ReadAction\",\"target\":[\"https:\\\/\\\/letrame.com\\\/catalogo\\\/producto\\\/cent-paraules-desmuntades-i-un-sonet-entravessat\\\/\"]}]},{\"@type\":\"ImageObject\",\"inLanguage\":\"es\",\"@id\":\"https:\\\/\\\/letrame.com\\\/catalogo\\\/producto\\\/cent-paraules-desmuntades-i-un-sonet-entravessat\\\/#primaryimage\",\"url\":\"https:\\\/\\\/letrame.com\\\/catalogo\\\/wp-content\\\/uploads\\\/2024\\\/04\\\/Cent-Paraules-Desmuntades-i-un-Sonet-Entravessat.jpg\",\"contentUrl\":\"https:\\\/\\\/letrame.com\\\/catalogo\\\/wp-content\\\/uploads\\\/2024\\\/04\\\/Cent-Paraules-Desmuntades-i-un-Sonet-Entravessat.jpg\",\"width\":1594,\"height\":2480},{\"@type\":\"BreadcrumbList\",\"@id\":\"https:\\\/\\\/letrame.com\\\/catalogo\\\/producto\\\/cent-paraules-desmuntades-i-un-sonet-entravessat\\\/#breadcrumb\",\"itemListElement\":[{\"@type\":\"ListItem\",\"position\":1,\"name\":\"Portada\",\"item\":\"https:\\\/\\\/letrame.com\\\/catalogo\\\/\"},{\"@type\":\"ListItem\",\"position\":2,\"name\":\"Cat\u00e1logo\",\"item\":\"https:\\\/\\\/letrame.com\\\/catalogo\\\/\"},{\"@type\":\"ListItem\",\"position\":3,\"name\":\"Cent Paraules Desmuntades i un Sonet Entravessat\"}]},{\"@type\":\"WebSite\",\"@id\":\"https:\\\/\\\/letrame.com\\\/catalogo\\\/#website\",\"url\":\"https:\\\/\\\/letrame.com\\\/catalogo\\\/\",\"name\":\"Catalogo | Letrame Grupo Editorial\",\"description\":\"\",\"publisher\":{\"@id\":\"https:\\\/\\\/letrame.com\\\/catalogo\\\/#organization\"},\"potentialAction\":[{\"@type\":\"SearchAction\",\"target\":{\"@type\":\"EntryPoint\",\"urlTemplate\":\"https:\\\/\\\/letrame.com\\\/catalogo\\\/?s={search_term_string}\"},\"query-input\":{\"@type\":\"PropertyValueSpecification\",\"valueRequired\":true,\"valueName\":\"search_term_string\"}}],\"inLanguage\":\"es\"},{\"@type\":\"Organization\",\"@id\":\"https:\\\/\\\/letrame.com\\\/catalogo\\\/#organization\",\"name\":\"Catalogo | Letrame Grupo Editorial\",\"url\":\"https:\\\/\\\/letrame.com\\\/catalogo\\\/\",\"logo\":{\"@type\":\"ImageObject\",\"inLanguage\":\"es\",\"@id\":\"https:\\\/\\\/letrame.com\\\/catalogo\\\/#\\\/schema\\\/logo\\\/image\\\/\",\"url\":\"https:\\\/\\\/letrame.com\\\/catalogo\\\/wp-content\\\/uploads\\\/2024\\\/03\\\/logo2.webp\",\"contentUrl\":\"https:\\\/\\\/letrame.com\\\/catalogo\\\/wp-content\\\/uploads\\\/2024\\\/03\\\/logo2.webp\",\"width\":394,\"height\":128,\"caption\":\"Catalogo | Letrame Grupo Editorial\"},\"image\":{\"@id\":\"https:\\\/\\\/letrame.com\\\/catalogo\\\/#\\\/schema\\\/logo\\\/image\\\/\"}}]}<\/script>\n<!-- \/ Yoast SEO plugin. -->","yoast_head_json":{"title":"Cent Paraules Desmuntades i un Sonet Entravessat - Catalogo | Letrame Grupo Editorial","robots":{"index":"index","follow":"follow","max-snippet":"max-snippet:-1","max-image-preview":"max-image-preview:large","max-video-preview":"max-video-preview:-1"},"canonical":"https:\/\/letrame.com\/catalogo\/producto\/cent-paraules-desmuntades-i-un-sonet-entravessat\/","og_locale":"es_ES","og_type":"article","og_title":"Cent Paraules Desmuntades i un Sonet Entravessat - Catalogo | Letrame Grupo Editorial","og_description":"ISBN: 978-84-1386-368-9   Despr\u00e9s d\u2019haver provat diversos g\u00e8neres literaris, com la novel\u00b7la amb Las Cenizas del Se\u00f1or Lang, la poesia amb El Amor Pausado, i finalment la narraci\u00f3 amb Cuentos Enrevesados, la nova proposta que ens presenta consisteix en seleccionar mots triats a l\u2019atzar i definir-los po\u00e8ticament, mitjan\u00e7ant l\u2019escriptura mec\u00e0nica. El resultat \u00e9s un salt al buit, a cavall entre la poesia hitanh\u00e0fora i l'escriptura mec\u00e0nica, un exercici agosarat que pret\u00e9n despullar una paraula en un sol intent, deixant que l\u2019impuls espontani i la t\u00e8cnica liter\u00e0ria donin forma a una creativitat nova i diferent de la del vers prec\u00eds i assossegat.","og_url":"https:\/\/letrame.com\/catalogo\/producto\/cent-paraules-desmuntades-i-un-sonet-entravessat\/","og_site_name":"Catalogo | Letrame Grupo Editorial","article_modified_time":"2024-04-29T08:44:21+00:00","og_image":[{"width":1594,"height":2480,"url":"https:\/\/letrame.com\/catalogo\/wp-content\/uploads\/2024\/04\/Cent-Paraules-Desmuntades-i-un-Sonet-Entravessat.jpg","type":"image\/jpeg"}],"twitter_card":"summary_large_image","twitter_misc":{"Tiempo de lectura":"1 minuto"},"schema":{"@context":"https:\/\/schema.org","@graph":[{"@type":"WebPage","@id":"https:\/\/letrame.com\/catalogo\/producto\/cent-paraules-desmuntades-i-un-sonet-entravessat\/","url":"https:\/\/letrame.com\/catalogo\/producto\/cent-paraules-desmuntades-i-un-sonet-entravessat\/","name":"Cent Paraules Desmuntades i un Sonet Entravessat - Catalogo | Letrame Grupo Editorial","isPartOf":{"@id":"https:\/\/letrame.com\/catalogo\/#website"},"primaryImageOfPage":{"@id":"https:\/\/letrame.com\/catalogo\/producto\/cent-paraules-desmuntades-i-un-sonet-entravessat\/#primaryimage"},"image":{"@id":"https:\/\/letrame.com\/catalogo\/producto\/cent-paraules-desmuntades-i-un-sonet-entravessat\/#primaryimage"},"thumbnailUrl":"https:\/\/letrame.com\/catalogo\/wp-content\/uploads\/2024\/04\/Cent-Paraules-Desmuntades-i-un-Sonet-Entravessat.jpg","datePublished":"2024-04-29T08:43:55+00:00","dateModified":"2024-04-29T08:44:21+00:00","breadcrumb":{"@id":"https:\/\/letrame.com\/catalogo\/producto\/cent-paraules-desmuntades-i-un-sonet-entravessat\/#breadcrumb"},"inLanguage":"es","potentialAction":[{"@type":"ReadAction","target":["https:\/\/letrame.com\/catalogo\/producto\/cent-paraules-desmuntades-i-un-sonet-entravessat\/"]}]},{"@type":"ImageObject","inLanguage":"es","@id":"https:\/\/letrame.com\/catalogo\/producto\/cent-paraules-desmuntades-i-un-sonet-entravessat\/#primaryimage","url":"https:\/\/letrame.com\/catalogo\/wp-content\/uploads\/2024\/04\/Cent-Paraules-Desmuntades-i-un-Sonet-Entravessat.jpg","contentUrl":"https:\/\/letrame.com\/catalogo\/wp-content\/uploads\/2024\/04\/Cent-Paraules-Desmuntades-i-un-Sonet-Entravessat.jpg","width":1594,"height":2480},{"@type":"BreadcrumbList","@id":"https:\/\/letrame.com\/catalogo\/producto\/cent-paraules-desmuntades-i-un-sonet-entravessat\/#breadcrumb","itemListElement":[{"@type":"ListItem","position":1,"name":"Portada","item":"https:\/\/letrame.com\/catalogo\/"},{"@type":"ListItem","position":2,"name":"Cat\u00e1logo","item":"https:\/\/letrame.com\/catalogo\/"},{"@type":"ListItem","position":3,"name":"Cent Paraules Desmuntades i un Sonet Entravessat"}]},{"@type":"WebSite","@id":"https:\/\/letrame.com\/catalogo\/#website","url":"https:\/\/letrame.com\/catalogo\/","name":"Catalogo | Letrame Grupo Editorial","description":"","publisher":{"@id":"https:\/\/letrame.com\/catalogo\/#organization"},"potentialAction":[{"@type":"SearchAction","target":{"@type":"EntryPoint","urlTemplate":"https:\/\/letrame.com\/catalogo\/?s={search_term_string}"},"query-input":{"@type":"PropertyValueSpecification","valueRequired":true,"valueName":"search_term_string"}}],"inLanguage":"es"},{"@type":"Organization","@id":"https:\/\/letrame.com\/catalogo\/#organization","name":"Catalogo | Letrame Grupo Editorial","url":"https:\/\/letrame.com\/catalogo\/","logo":{"@type":"ImageObject","inLanguage":"es","@id":"https:\/\/letrame.com\/catalogo\/#\/schema\/logo\/image\/","url":"https:\/\/letrame.com\/catalogo\/wp-content\/uploads\/2024\/03\/logo2.webp","contentUrl":"https:\/\/letrame.com\/catalogo\/wp-content\/uploads\/2024\/03\/logo2.webp","width":394,"height":128,"caption":"Catalogo | Letrame Grupo Editorial"},"image":{"@id":"https:\/\/letrame.com\/catalogo\/#\/schema\/logo\/image\/"}}]}},"_links":{"self":[{"href":"https:\/\/letrame.com\/catalogo\/wp-json\/wp\/v2\/product\/96434","targetHints":{"allow":["GET"]}}],"collection":[{"href":"https:\/\/letrame.com\/catalogo\/wp-json\/wp\/v2\/product"}],"about":[{"href":"https:\/\/letrame.com\/catalogo\/wp-json\/wp\/v2\/types\/product"}],"replies":[{"embeddable":true,"href":"https:\/\/letrame.com\/catalogo\/wp-json\/wp\/v2\/comments?post=96434"}],"wp:featuredmedia":[{"embeddable":true,"href":"https:\/\/letrame.com\/catalogo\/wp-json\/wp\/v2\/media\/96435"}],"wp:attachment":[{"href":"https:\/\/letrame.com\/catalogo\/wp-json\/wp\/v2\/media?parent=96434"}],"wp:term":[{"taxonomy":"libro","embeddable":true,"href":"https:\/\/letrame.com\/catalogo\/wp-json\/wp\/v2\/libro?post=96434"},{"taxonomy":"product_brand","embeddable":true,"href":"https:\/\/letrame.com\/catalogo\/wp-json\/wp\/v2\/product_brand?post=96434"},{"taxonomy":"product_cat","embeddable":true,"href":"https:\/\/letrame.com\/catalogo\/wp-json\/wp\/v2\/product_cat?post=96434"},{"taxonomy":"product_tag","embeddable":true,"href":"https:\/\/letrame.com\/catalogo\/wp-json\/wp\/v2\/product_tag?post=96434"}],"curies":[{"name":"wp","href":"https:\/\/api.w.org\/{rel}","templated":true}]}}