{"id":96424,"date":"2024-04-29T10:42:38","date_gmt":"2024-04-29T08:42:38","guid":{"rendered":"https:\/\/letrame.com\/catalogo\/producto\/relatos-cortos-de-terror\/"},"modified":"2024-04-29T10:42:56","modified_gmt":"2024-04-29T08:42:56","slug":"relatos-cortos-de-terror","status":"publish","type":"product","link":"https:\/\/letrame.com\/catalogo\/producto\/relatos-cortos-de-terror\/","title":{"rendered":"Relatos cortos de terror"},"content":{"rendered":"<div class=\"page\" title=\"Page 6\">\n<div class=\"layoutArea\">\n<div class=\"column\">\n<p><strong>ISBN<\/strong>: 978-84-1386-279-8<\/p>\n<\/div>\n<\/div>\n<\/div>\n<p><b>T\u00edtulo<\/b><span style=\"font-weight: 400;\">: Relatos cortos de terror<\/span><span style=\"font-weight: 400;\"><br \/>\n<\/span><b>Fecha<\/b><span style=\"font-weight: 400;\">: 2021<\/span><span style=\"font-weight: 400;\"><br \/>\n<\/span><b>P\u00e1ginas<\/b><span style=\"font-weight: 400;\">: 200<\/span><\/p>\n<p><b>SINOPSIS<\/b><\/p>\n<p>El terror. Ese sentimiento que nos acompa\u00f1a desde el comienzo de la humanidad. Es como una semilla que brota en nuestro interior y evoluciona a medida que crecemos.<\/p>\n<p>El terror. Nos atrae y nos repele por igual. Siempre ha estado estrechamente relacionado con el misterio, pues en ambos abundan el desconocimiento, la incomprensi\u00f3n y la duda. Tras sus muchas representaciones e ilustraciones a lo largo de nuestra historia, nos contin\u00faa cautivando con la misma fuerza.<\/p>\n<p>En este texto, a trav\u00e9s de peque\u00f1as historias, represento algunos de los terrores m\u00e1s primigenios y esenciales que se conocen. Peque\u00f1as emociones que quedan para siempre impregnadas en nuestra psique.<\/p>\n<p>El terror pervive en nosotros, pues lo cierto es que nunca se fue.<\/p>\n<p>El terror siempre nos acechar\u00e1 y m\u00e1s vale convivir con \u00e9l que eludirlo constantemente.<\/p>\n","protected":false},"excerpt":{"rendered":"<div class=\"page\" title=\"Page 6\">\n<div class=\"layoutArea\">\n<div class=\"column\">\n<p><strong>ISBN: 978-84-1386-279-8<\/strong><\/p>\n<p>El terror. Ese sentimiento que nos acompa\u00f1a desde el comienzo de la humanidad. Es como una semilla que brota en nuestro interior y evoluciona a medida que crecemos.<\/p>\n<p>El terror. Nos atrae y nos repele por igual. Siempre ha estado estrechamente relacionado con el misterio, pues en ambos abundan el desconocimiento, la incomprensi\u00f3n y la duda. Tras sus muchas representaciones e ilustraciones a lo largo de nuestra historia, nos contin\u00faa cautivando con la misma fuerza.<\/p>\n<p>En este texto, a trav\u00e9s de peque\u00f1as historias, represento algunos de los terrores m\u00e1s primigenios y esenciales que se conocen. Peque\u00f1as emociones que quedan para siempre impregnadas en nuestra psique.<\/p>\n<p>El terror pervive en nosotros, pues lo cierto es que nunca se fue.<\/p>\n<p>El terror siempre nos acechar\u00e1 y m\u00e1s vale convivir con \u00e9l que eludirlo constantemente.<\/p>\n<\/div>\n<\/div>\n<\/div>\n","protected":false},"featured_media":96425,"comment_status":"closed","ping_status":"open","template":"","meta":{"_acf_changed":false},"libro":[],"product_brand":[],"product_cat":[21],"product_tag":[],"class_list":{"0":"post-96424","1":"product","2":"type-product","3":"status-publish","4":"has-post-thumbnail","6":"product_cat-relato","8":"first","9":"instock","10":"purchasable","11":"product-type-simple"},"acf":{"autor":[75089],"enlace_de_compra":"https:\/\/www.paypal.com\/cgi-bin\/webscr?cmd=_s-xclick&amp;hosted_button_id=AMN9KHWZZ8PZS"},"yoast_head":"<!-- This site is optimized with the Yoast SEO plugin v26.6 - https:\/\/yoast.com\/wordpress\/plugins\/seo\/ -->\n<title>Relatos cortos de terror - Catalogo | Letrame Grupo Editorial<\/title>\n<meta name=\"robots\" content=\"index, follow, max-snippet:-1, max-image-preview:large, max-video-preview:-1\" \/>\n<link rel=\"canonical\" href=\"https:\/\/letrame.com\/catalogo\/producto\/relatos-cortos-de-terror\/\" \/>\n<meta property=\"og:locale\" content=\"es_ES\" \/>\n<meta property=\"og:type\" content=\"article\" \/>\n<meta property=\"og:title\" content=\"Relatos cortos de terror - Catalogo | Letrame Grupo Editorial\" \/>\n<meta property=\"og:description\" content=\"ISBN: 978-84-1386-279-8 El terror. Ese sentimiento que nos acompa\u00f1a desde el comienzo de la humanidad. Es como una semilla que brota en nuestro interior y evoluciona a medida que crecemos. El terror. Nos atrae y nos repele por igual. Siempre ha estado estrechamente relacionado con el misterio, pues en ambos abundan el desconocimiento, la incomprensi\u00f3n y la duda. Tras sus muchas representaciones e ilustraciones a lo largo de nuestra historia, nos contin\u00faa cautivando con la misma fuerza. En este texto, a trav\u00e9s de peque\u00f1as historias, represento algunos de los terrores m\u00e1s primigenios y esenciales que se conocen. Peque\u00f1as emociones que quedan para siempre impregnadas en nuestra psique. El terror pervive en nosotros, pues lo cierto es que nunca se fue. El terror siempre nos acechar\u00e1 y m\u00e1s vale convivir con \u00e9l que eludirlo constantemente.\" \/>\n<meta property=\"og:url\" content=\"https:\/\/letrame.com\/catalogo\/producto\/relatos-cortos-de-terror\/\" \/>\n<meta property=\"og:site_name\" content=\"Catalogo | Letrame Grupo Editorial\" \/>\n<meta property=\"article:modified_time\" content=\"2024-04-29T08:42:56+00:00\" \/>\n<meta property=\"og:image\" content=\"https:\/\/letrame.com\/catalogo\/wp-content\/uploads\/2024\/04\/Relatos-cortos-de-terror.jpg\" \/>\n\t<meta property=\"og:image:width\" content=\"598\" \/>\n\t<meta property=\"og:image:height\" content=\"874\" \/>\n\t<meta property=\"og:image:type\" content=\"image\/jpeg\" \/>\n<meta name=\"twitter:card\" content=\"summary_large_image\" \/>\n<meta name=\"twitter:label1\" content=\"Tiempo de lectura\" \/>\n\t<meta name=\"twitter:data1\" content=\"1 minuto\" \/>\n<script type=\"application\/ld+json\" class=\"yoast-schema-graph\">{\"@context\":\"https:\/\/schema.org\",\"@graph\":[{\"@type\":\"WebPage\",\"@id\":\"https:\/\/letrame.com\/catalogo\/producto\/relatos-cortos-de-terror\/\",\"url\":\"https:\/\/letrame.com\/catalogo\/producto\/relatos-cortos-de-terror\/\",\"name\":\"Relatos cortos de terror - Catalogo | Letrame Grupo Editorial\",\"isPartOf\":{\"@id\":\"https:\/\/letrame.com\/catalogo\/#website\"},\"primaryImageOfPage\":{\"@id\":\"https:\/\/letrame.com\/catalogo\/producto\/relatos-cortos-de-terror\/#primaryimage\"},\"image\":{\"@id\":\"https:\/\/letrame.com\/catalogo\/producto\/relatos-cortos-de-terror\/#primaryimage\"},\"thumbnailUrl\":\"https:\/\/letrame.com\/catalogo\/wp-content\/uploads\/2024\/04\/Relatos-cortos-de-terror.jpg\",\"datePublished\":\"2024-04-29T08:42:38+00:00\",\"dateModified\":\"2024-04-29T08:42:56+00:00\",\"breadcrumb\":{\"@id\":\"https:\/\/letrame.com\/catalogo\/producto\/relatos-cortos-de-terror\/#breadcrumb\"},\"inLanguage\":\"es\",\"potentialAction\":[{\"@type\":\"ReadAction\",\"target\":[\"https:\/\/letrame.com\/catalogo\/producto\/relatos-cortos-de-terror\/\"]}]},{\"@type\":\"ImageObject\",\"inLanguage\":\"es\",\"@id\":\"https:\/\/letrame.com\/catalogo\/producto\/relatos-cortos-de-terror\/#primaryimage\",\"url\":\"https:\/\/letrame.com\/catalogo\/wp-content\/uploads\/2024\/04\/Relatos-cortos-de-terror.jpg\",\"contentUrl\":\"https:\/\/letrame.com\/catalogo\/wp-content\/uploads\/2024\/04\/Relatos-cortos-de-terror.jpg\",\"width\":598,\"height\":874},{\"@type\":\"BreadcrumbList\",\"@id\":\"https:\/\/letrame.com\/catalogo\/producto\/relatos-cortos-de-terror\/#breadcrumb\",\"itemListElement\":[{\"@type\":\"ListItem\",\"position\":1,\"name\":\"Portada\",\"item\":\"https:\/\/letrame.com\/catalogo\/\"},{\"@type\":\"ListItem\",\"position\":2,\"name\":\"Cat\u00e1logo\",\"item\":\"https:\/\/letrame.com\/catalogo\/\"},{\"@type\":\"ListItem\",\"position\":3,\"name\":\"Relatos cortos de terror\"}]},{\"@type\":\"WebSite\",\"@id\":\"https:\/\/letrame.com\/catalogo\/#website\",\"url\":\"https:\/\/letrame.com\/catalogo\/\",\"name\":\"Catalogo | Letrame Grupo Editorial\",\"description\":\"\",\"publisher\":{\"@id\":\"https:\/\/letrame.com\/catalogo\/#organization\"},\"potentialAction\":[{\"@type\":\"SearchAction\",\"target\":{\"@type\":\"EntryPoint\",\"urlTemplate\":\"https:\/\/letrame.com\/catalogo\/?s={search_term_string}\"},\"query-input\":{\"@type\":\"PropertyValueSpecification\",\"valueRequired\":true,\"valueName\":\"search_term_string\"}}],\"inLanguage\":\"es\"},{\"@type\":\"Organization\",\"@id\":\"https:\/\/letrame.com\/catalogo\/#organization\",\"name\":\"Catalogo | Letrame Grupo Editorial\",\"url\":\"https:\/\/letrame.com\/catalogo\/\",\"logo\":{\"@type\":\"ImageObject\",\"inLanguage\":\"es\",\"@id\":\"https:\/\/letrame.com\/catalogo\/#\/schema\/logo\/image\/\",\"url\":\"https:\/\/letrame.com\/catalogo\/wp-content\/uploads\/2024\/03\/logo2.webp\",\"contentUrl\":\"https:\/\/letrame.com\/catalogo\/wp-content\/uploads\/2024\/03\/logo2.webp\",\"width\":394,\"height\":128,\"caption\":\"Catalogo | Letrame Grupo Editorial\"},\"image\":{\"@id\":\"https:\/\/letrame.com\/catalogo\/#\/schema\/logo\/image\/\"}}]}<\/script>\n<!-- \/ Yoast SEO plugin. -->","yoast_head_json":{"title":"Relatos cortos de terror - Catalogo | Letrame Grupo Editorial","robots":{"index":"index","follow":"follow","max-snippet":"max-snippet:-1","max-image-preview":"max-image-preview:large","max-video-preview":"max-video-preview:-1"},"canonical":"https:\/\/letrame.com\/catalogo\/producto\/relatos-cortos-de-terror\/","og_locale":"es_ES","og_type":"article","og_title":"Relatos cortos de terror - Catalogo | Letrame Grupo Editorial","og_description":"ISBN: 978-84-1386-279-8 El terror. Ese sentimiento que nos acompa\u00f1a desde el comienzo de la humanidad. Es como una semilla que brota en nuestro interior y evoluciona a medida que crecemos. El terror. Nos atrae y nos repele por igual. Siempre ha estado estrechamente relacionado con el misterio, pues en ambos abundan el desconocimiento, la incomprensi\u00f3n y la duda. Tras sus muchas representaciones e ilustraciones a lo largo de nuestra historia, nos contin\u00faa cautivando con la misma fuerza. En este texto, a trav\u00e9s de peque\u00f1as historias, represento algunos de los terrores m\u00e1s primigenios y esenciales que se conocen. Peque\u00f1as emociones que quedan para siempre impregnadas en nuestra psique. El terror pervive en nosotros, pues lo cierto es que nunca se fue. El terror siempre nos acechar\u00e1 y m\u00e1s vale convivir con \u00e9l que eludirlo constantemente.","og_url":"https:\/\/letrame.com\/catalogo\/producto\/relatos-cortos-de-terror\/","og_site_name":"Catalogo | Letrame Grupo Editorial","article_modified_time":"2024-04-29T08:42:56+00:00","og_image":[{"width":598,"height":874,"url":"https:\/\/letrame.com\/catalogo\/wp-content\/uploads\/2024\/04\/Relatos-cortos-de-terror.jpg","type":"image\/jpeg"}],"twitter_card":"summary_large_image","twitter_misc":{"Tiempo de lectura":"1 minuto"},"schema":{"@context":"https:\/\/schema.org","@graph":[{"@type":"WebPage","@id":"https:\/\/letrame.com\/catalogo\/producto\/relatos-cortos-de-terror\/","url":"https:\/\/letrame.com\/catalogo\/producto\/relatos-cortos-de-terror\/","name":"Relatos cortos de terror - Catalogo | Letrame Grupo Editorial","isPartOf":{"@id":"https:\/\/letrame.com\/catalogo\/#website"},"primaryImageOfPage":{"@id":"https:\/\/letrame.com\/catalogo\/producto\/relatos-cortos-de-terror\/#primaryimage"},"image":{"@id":"https:\/\/letrame.com\/catalogo\/producto\/relatos-cortos-de-terror\/#primaryimage"},"thumbnailUrl":"https:\/\/letrame.com\/catalogo\/wp-content\/uploads\/2024\/04\/Relatos-cortos-de-terror.jpg","datePublished":"2024-04-29T08:42:38+00:00","dateModified":"2024-04-29T08:42:56+00:00","breadcrumb":{"@id":"https:\/\/letrame.com\/catalogo\/producto\/relatos-cortos-de-terror\/#breadcrumb"},"inLanguage":"es","potentialAction":[{"@type":"ReadAction","target":["https:\/\/letrame.com\/catalogo\/producto\/relatos-cortos-de-terror\/"]}]},{"@type":"ImageObject","inLanguage":"es","@id":"https:\/\/letrame.com\/catalogo\/producto\/relatos-cortos-de-terror\/#primaryimage","url":"https:\/\/letrame.com\/catalogo\/wp-content\/uploads\/2024\/04\/Relatos-cortos-de-terror.jpg","contentUrl":"https:\/\/letrame.com\/catalogo\/wp-content\/uploads\/2024\/04\/Relatos-cortos-de-terror.jpg","width":598,"height":874},{"@type":"BreadcrumbList","@id":"https:\/\/letrame.com\/catalogo\/producto\/relatos-cortos-de-terror\/#breadcrumb","itemListElement":[{"@type":"ListItem","position":1,"name":"Portada","item":"https:\/\/letrame.com\/catalogo\/"},{"@type":"ListItem","position":2,"name":"Cat\u00e1logo","item":"https:\/\/letrame.com\/catalogo\/"},{"@type":"ListItem","position":3,"name":"Relatos cortos de terror"}]},{"@type":"WebSite","@id":"https:\/\/letrame.com\/catalogo\/#website","url":"https:\/\/letrame.com\/catalogo\/","name":"Catalogo | Letrame Grupo Editorial","description":"","publisher":{"@id":"https:\/\/letrame.com\/catalogo\/#organization"},"potentialAction":[{"@type":"SearchAction","target":{"@type":"EntryPoint","urlTemplate":"https:\/\/letrame.com\/catalogo\/?s={search_term_string}"},"query-input":{"@type":"PropertyValueSpecification","valueRequired":true,"valueName":"search_term_string"}}],"inLanguage":"es"},{"@type":"Organization","@id":"https:\/\/letrame.com\/catalogo\/#organization","name":"Catalogo | Letrame Grupo Editorial","url":"https:\/\/letrame.com\/catalogo\/","logo":{"@type":"ImageObject","inLanguage":"es","@id":"https:\/\/letrame.com\/catalogo\/#\/schema\/logo\/image\/","url":"https:\/\/letrame.com\/catalogo\/wp-content\/uploads\/2024\/03\/logo2.webp","contentUrl":"https:\/\/letrame.com\/catalogo\/wp-content\/uploads\/2024\/03\/logo2.webp","width":394,"height":128,"caption":"Catalogo | Letrame Grupo Editorial"},"image":{"@id":"https:\/\/letrame.com\/catalogo\/#\/schema\/logo\/image\/"}}]}},"_links":{"self":[{"href":"https:\/\/letrame.com\/catalogo\/wp-json\/wp\/v2\/product\/96424","targetHints":{"allow":["GET"]}}],"collection":[{"href":"https:\/\/letrame.com\/catalogo\/wp-json\/wp\/v2\/product"}],"about":[{"href":"https:\/\/letrame.com\/catalogo\/wp-json\/wp\/v2\/types\/product"}],"replies":[{"embeddable":true,"href":"https:\/\/letrame.com\/catalogo\/wp-json\/wp\/v2\/comments?post=96424"}],"acf:post":[{"embeddable":true,"href":"https:\/\/letrame.com\/catalogo\/wp-json\/wp\/v2\/author_book\/75089"}],"wp:featuredmedia":[{"embeddable":true,"href":"https:\/\/letrame.com\/catalogo\/wp-json\/wp\/v2\/media\/96425"}],"wp:attachment":[{"href":"https:\/\/letrame.com\/catalogo\/wp-json\/wp\/v2\/media?parent=96424"}],"wp:term":[{"taxonomy":"libro","embeddable":true,"href":"https:\/\/letrame.com\/catalogo\/wp-json\/wp\/v2\/libro?post=96424"},{"taxonomy":"product_brand","embeddable":true,"href":"https:\/\/letrame.com\/catalogo\/wp-json\/wp\/v2\/product_brand?post=96424"},{"taxonomy":"product_cat","embeddable":true,"href":"https:\/\/letrame.com\/catalogo\/wp-json\/wp\/v2\/product_cat?post=96424"},{"taxonomy":"product_tag","embeddable":true,"href":"https:\/\/letrame.com\/catalogo\/wp-json\/wp\/v2\/product_tag?post=96424"}],"curies":[{"name":"wp","href":"https:\/\/api.w.org\/{rel}","templated":true}]}}