{"id":96417,"date":"2024-04-29T10:41:00","date_gmt":"2024-04-29T08:41:00","guid":{"rendered":"https:\/\/letrame.com\/catalogo\/producto\/ni-de-aqui-ni-de-alla\/"},"modified":"2024-04-29T10:41:51","modified_gmt":"2024-04-29T08:41:51","slug":"ni-de-aqui-ni-de-alla","status":"publish","type":"product","link":"https:\/\/letrame.com\/catalogo\/producto\/ni-de-aqui-ni-de-alla\/","title":{"rendered":"Ni de aqu\u00ed, ni de all\u00e1"},"content":{"rendered":"<div class=\"page\" title=\"Page 6\">\n<div class=\"layoutArea\">\n<div class=\"column\">\n<p><strong>ISBN<\/strong>: 978-84-1386-327-6<\/p>\n<\/div>\n<\/div>\n<\/div>\n<p><b>T\u00edtulo<\/b><span style=\"font-weight: 400;\">: Ni de aqu\u00ed, ni de all\u00e1<\/span><span style=\"font-weight: 400;\"><br \/>\n<\/span><b>Fecha<\/b><span style=\"font-weight: 400;\">: 2021<\/span><span style=\"font-weight: 400;\"><br \/>\n<\/span><b>P\u00e1ginas<\/b><span style=\"font-weight: 400;\">: 436<\/span><\/p>\n<p><b>SINOPSIS<\/b><\/p>\n<p>Todo empieza con un simple \u00ab\u00bfy si me voy\u00bf\u00bb, \u00ab\u00bfy si estudio fuera?\u00bb, \u00ab\u00bfy si busco trabajo en otro pa\u00eds?\u00bb, \u00ab\u00bfy si me aventuro?\u00bb, \u00aby si me quedo a ver si hay suerte?\u00bb, \u00ab\u00bfy si intento ver si esta relaci\u00f3n funciona?\u00bb. Todo empieza con un sue\u00f1o, con una ilusi\u00f3n, con la expectativa de una vida mejor y con la esperanza que provoca toda nueva experiencia, con un primer viaje que despierta en ti una curiosidad existencial y ese placer interminable por descubrir la vida.<\/p>\n<p>De un momento a otro te conviertes en un inmigrante eterno, en quien no se siente ni de aqu\u00ed, ni de all\u00e1. Y tras intentar empacar en un par de maletas una vida entera y todo aquello que sentiste que necesitar\u00edas al estar lejos de casa, de repente te encuentras ante una vida totalmente diferente y desconocida, que tienes que abrazar y hacer ahora tuya.<\/p>\n<p>Si est\u00e1s por emigrar o ya has emigrado y te sientes perdido(a) en el proceso, si no entiendes por qu\u00e9 sientes lo que sientes, si te sientes abrumado(a) por el torbellino de emociones que est\u00e1s experimentando, quiero que sepas que muchas veces necesitamos perdernos para encontrarnos y muchas veces terminamos perdi\u00e9ndonos y encontr\u00e1ndonos al otro lado del mundo.<\/p>\n<p>Mi mayor deseo con este libro es que pases de no ser ni de aqu\u00ed ni de all\u00e1 a ser el o la de aqu\u00ed y de all\u00e1, y que te sientas tan due\u00f1o(a) de ti y de tu vida, en cualquier lugar del mundo.<\/p>\n","protected":false},"excerpt":{"rendered":"<div class=\"page\" title=\"Page 6\">\n<div class=\"layoutArea\">\n<div class=\"column\">\n<p><strong>ISBN: 978-84-1386-327-6<\/strong><\/p>\n<\/div>\n<\/div>\n<\/div>\n<p>Todo empieza con un simple \u00ab\u00bfy si me voy\u00bf\u00bb, \u00ab\u00bfy si estudio fuera?\u00bb, \u00ab\u00bfy si busco trabajo en otro pa\u00eds?\u00bb, \u00ab\u00bfy si me aventuro?\u00bb, \u00aby si me quedo a ver si hay suerte?\u00bb, \u00ab\u00bfy si intento ver si esta relaci\u00f3n funciona?\u00bb. Todo empieza con un sue\u00f1o, con una ilusi\u00f3n, con la expectativa de una vida mejor y con la esperanza que provoca toda nueva experiencia, con un primer viaje que despierta en ti una curiosidad existencial y ese placer interminable por descubrir la vida.<\/p>\n","protected":false},"featured_media":96418,"comment_status":"closed","ping_status":"open","template":"","meta":{"_acf_changed":false},"libro":[],"product_brand":[],"product_cat":[16,21,24],"product_tag":[],"class_list":{"0":"post-96417","1":"product","2":"type-product","3":"status-publish","4":"has-post-thumbnail","6":"product_cat-novela","7":"product_cat-relato","8":"product_cat-viajes","10":"first","11":"instock","12":"purchasable","13":"product-type-simple"},"acf":{"autor":[75081],"enlace_de_compra":"https:\/\/www.amazon.es\/aqu%C3%AD-all%C3%A1-Irene-del-Valle\/dp\/8413863279\/ref=sr_1_1?__mk_es_ES=%C3%85M%C3%85%C5%BD%C3%95%C3%91&amp;dchild=1&amp;keywords=Letrame+S.L.+Ni+de+aqu%C3%AD+ni+de+all%C3%A1&amp;qid=1616761806&amp;sr=8-1"},"yoast_head":"<!-- This site is optimized with the Yoast SEO plugin v27.4 - https:\/\/yoast.com\/product\/yoast-seo-wordpress\/ -->\n<title>Ni de aqu\u00ed, ni de all\u00e1 - Catalogo | Letrame Grupo Editorial<\/title>\n<meta name=\"robots\" content=\"index, follow, max-snippet:-1, max-image-preview:large, max-video-preview:-1\" \/>\n<link rel=\"canonical\" href=\"https:\/\/letrame.com\/catalogo\/producto\/ni-de-aqui-ni-de-alla\/\" \/>\n<meta property=\"og:locale\" content=\"es_ES\" \/>\n<meta property=\"og:type\" content=\"article\" \/>\n<meta property=\"og:title\" content=\"Ni de aqu\u00ed, ni de all\u00e1 - Catalogo | Letrame Grupo Editorial\" \/>\n<meta property=\"og:description\" content=\"ISBN: 978-84-1386-327-6   Todo empieza con un simple \u00ab\u00bfy si me voy\u00bf\u00bb, \u00ab\u00bfy si estudio fuera?\u00bb, \u00ab\u00bfy si busco trabajo en otro pa\u00eds?\u00bb, \u00ab\u00bfy si me aventuro?\u00bb, \u00aby si me quedo a ver si hay suerte?\u00bb, \u00ab\u00bfy si intento ver si esta relaci\u00f3n funciona?\u00bb. Todo empieza con un sue\u00f1o, con una ilusi\u00f3n, con la expectativa de una vida mejor y con la esperanza que provoca toda nueva experiencia, con un primer viaje que despierta en ti una curiosidad existencial y ese placer interminable por descubrir la vida.\" \/>\n<meta property=\"og:url\" content=\"https:\/\/letrame.com\/catalogo\/producto\/ni-de-aqui-ni-de-alla\/\" \/>\n<meta property=\"og:site_name\" content=\"Catalogo | Letrame Grupo Editorial\" \/>\n<meta property=\"article:modified_time\" content=\"2024-04-29T08:41:51+00:00\" \/>\n<meta property=\"og:image\" content=\"https:\/\/letrame.com\/catalogo\/wp-content\/uploads\/2024\/04\/no-de-aqui-ni-de-alli-scaled-1.jpg\" \/>\n\t<meta property=\"og:image:width\" content=\"1746\" \/>\n\t<meta property=\"og:image:height\" content=\"2560\" \/>\n\t<meta property=\"og:image:type\" content=\"image\/jpeg\" \/>\n<meta name=\"twitter:card\" content=\"summary_large_image\" \/>\n<meta name=\"twitter:label1\" content=\"Tiempo de lectura\" \/>\n\t<meta name=\"twitter:data1\" content=\"1 minuto\" \/>\n<script type=\"application\/ld+json\" class=\"yoast-schema-graph\">{\"@context\":\"https:\\\/\\\/schema.org\",\"@graph\":[{\"@type\":\"WebPage\",\"@id\":\"https:\\\/\\\/letrame.com\\\/catalogo\\\/producto\\\/ni-de-aqui-ni-de-alla\\\/\",\"url\":\"https:\\\/\\\/letrame.com\\\/catalogo\\\/producto\\\/ni-de-aqui-ni-de-alla\\\/\",\"name\":\"Ni de aqu\u00ed, ni de all\u00e1 - Catalogo | Letrame Grupo Editorial\",\"isPartOf\":{\"@id\":\"https:\\\/\\\/letrame.com\\\/catalogo\\\/#website\"},\"primaryImageOfPage\":{\"@id\":\"https:\\\/\\\/letrame.com\\\/catalogo\\\/producto\\\/ni-de-aqui-ni-de-alla\\\/#primaryimage\"},\"image\":{\"@id\":\"https:\\\/\\\/letrame.com\\\/catalogo\\\/producto\\\/ni-de-aqui-ni-de-alla\\\/#primaryimage\"},\"thumbnailUrl\":\"https:\\\/\\\/letrame.com\\\/catalogo\\\/wp-content\\\/uploads\\\/2024\\\/04\\\/no-de-aqui-ni-de-alli-scaled-1.jpg\",\"datePublished\":\"2024-04-29T08:41:00+00:00\",\"dateModified\":\"2024-04-29T08:41:51+00:00\",\"breadcrumb\":{\"@id\":\"https:\\\/\\\/letrame.com\\\/catalogo\\\/producto\\\/ni-de-aqui-ni-de-alla\\\/#breadcrumb\"},\"inLanguage\":\"es\",\"potentialAction\":[{\"@type\":\"ReadAction\",\"target\":[\"https:\\\/\\\/letrame.com\\\/catalogo\\\/producto\\\/ni-de-aqui-ni-de-alla\\\/\"]}]},{\"@type\":\"ImageObject\",\"inLanguage\":\"es\",\"@id\":\"https:\\\/\\\/letrame.com\\\/catalogo\\\/producto\\\/ni-de-aqui-ni-de-alla\\\/#primaryimage\",\"url\":\"https:\\\/\\\/letrame.com\\\/catalogo\\\/wp-content\\\/uploads\\\/2024\\\/04\\\/no-de-aqui-ni-de-alli-scaled-1.jpg\",\"contentUrl\":\"https:\\\/\\\/letrame.com\\\/catalogo\\\/wp-content\\\/uploads\\\/2024\\\/04\\\/no-de-aqui-ni-de-alli-scaled-1.jpg\",\"width\":1746,\"height\":2560},{\"@type\":\"BreadcrumbList\",\"@id\":\"https:\\\/\\\/letrame.com\\\/catalogo\\\/producto\\\/ni-de-aqui-ni-de-alla\\\/#breadcrumb\",\"itemListElement\":[{\"@type\":\"ListItem\",\"position\":1,\"name\":\"Portada\",\"item\":\"https:\\\/\\\/letrame.com\\\/catalogo\\\/\"},{\"@type\":\"ListItem\",\"position\":2,\"name\":\"Cat\u00e1logo\",\"item\":\"https:\\\/\\\/letrame.com\\\/catalogo\\\/\"},{\"@type\":\"ListItem\",\"position\":3,\"name\":\"Ni de aqu\u00ed, ni de all\u00e1\"}]},{\"@type\":\"WebSite\",\"@id\":\"https:\\\/\\\/letrame.com\\\/catalogo\\\/#website\",\"url\":\"https:\\\/\\\/letrame.com\\\/catalogo\\\/\",\"name\":\"Catalogo | Letrame Grupo Editorial\",\"description\":\"\",\"publisher\":{\"@id\":\"https:\\\/\\\/letrame.com\\\/catalogo\\\/#organization\"},\"potentialAction\":[{\"@type\":\"SearchAction\",\"target\":{\"@type\":\"EntryPoint\",\"urlTemplate\":\"https:\\\/\\\/letrame.com\\\/catalogo\\\/?s={search_term_string}\"},\"query-input\":{\"@type\":\"PropertyValueSpecification\",\"valueRequired\":true,\"valueName\":\"search_term_string\"}}],\"inLanguage\":\"es\"},{\"@type\":\"Organization\",\"@id\":\"https:\\\/\\\/letrame.com\\\/catalogo\\\/#organization\",\"name\":\"Catalogo | Letrame Grupo Editorial\",\"url\":\"https:\\\/\\\/letrame.com\\\/catalogo\\\/\",\"logo\":{\"@type\":\"ImageObject\",\"inLanguage\":\"es\",\"@id\":\"https:\\\/\\\/letrame.com\\\/catalogo\\\/#\\\/schema\\\/logo\\\/image\\\/\",\"url\":\"https:\\\/\\\/letrame.com\\\/catalogo\\\/wp-content\\\/uploads\\\/2024\\\/03\\\/logo2.webp\",\"contentUrl\":\"https:\\\/\\\/letrame.com\\\/catalogo\\\/wp-content\\\/uploads\\\/2024\\\/03\\\/logo2.webp\",\"width\":394,\"height\":128,\"caption\":\"Catalogo | Letrame Grupo Editorial\"},\"image\":{\"@id\":\"https:\\\/\\\/letrame.com\\\/catalogo\\\/#\\\/schema\\\/logo\\\/image\\\/\"}}]}<\/script>\n<!-- \/ Yoast SEO plugin. -->","yoast_head_json":{"title":"Ni de aqu\u00ed, ni de all\u00e1 - Catalogo | Letrame Grupo Editorial","robots":{"index":"index","follow":"follow","max-snippet":"max-snippet:-1","max-image-preview":"max-image-preview:large","max-video-preview":"max-video-preview:-1"},"canonical":"https:\/\/letrame.com\/catalogo\/producto\/ni-de-aqui-ni-de-alla\/","og_locale":"es_ES","og_type":"article","og_title":"Ni de aqu\u00ed, ni de all\u00e1 - Catalogo | Letrame Grupo Editorial","og_description":"ISBN: 978-84-1386-327-6   Todo empieza con un simple \u00ab\u00bfy si me voy\u00bf\u00bb, \u00ab\u00bfy si estudio fuera?\u00bb, \u00ab\u00bfy si busco trabajo en otro pa\u00eds?\u00bb, \u00ab\u00bfy si me aventuro?\u00bb, \u00aby si me quedo a ver si hay suerte?\u00bb, \u00ab\u00bfy si intento ver si esta relaci\u00f3n funciona?\u00bb. Todo empieza con un sue\u00f1o, con una ilusi\u00f3n, con la expectativa de una vida mejor y con la esperanza que provoca toda nueva experiencia, con un primer viaje que despierta en ti una curiosidad existencial y ese placer interminable por descubrir la vida.","og_url":"https:\/\/letrame.com\/catalogo\/producto\/ni-de-aqui-ni-de-alla\/","og_site_name":"Catalogo | Letrame Grupo Editorial","article_modified_time":"2024-04-29T08:41:51+00:00","og_image":[{"width":1746,"height":2560,"url":"https:\/\/letrame.com\/catalogo\/wp-content\/uploads\/2024\/04\/no-de-aqui-ni-de-alli-scaled-1.jpg","type":"image\/jpeg"}],"twitter_card":"summary_large_image","twitter_misc":{"Tiempo de lectura":"1 minuto"},"schema":{"@context":"https:\/\/schema.org","@graph":[{"@type":"WebPage","@id":"https:\/\/letrame.com\/catalogo\/producto\/ni-de-aqui-ni-de-alla\/","url":"https:\/\/letrame.com\/catalogo\/producto\/ni-de-aqui-ni-de-alla\/","name":"Ni de aqu\u00ed, ni de all\u00e1 - Catalogo | Letrame Grupo Editorial","isPartOf":{"@id":"https:\/\/letrame.com\/catalogo\/#website"},"primaryImageOfPage":{"@id":"https:\/\/letrame.com\/catalogo\/producto\/ni-de-aqui-ni-de-alla\/#primaryimage"},"image":{"@id":"https:\/\/letrame.com\/catalogo\/producto\/ni-de-aqui-ni-de-alla\/#primaryimage"},"thumbnailUrl":"https:\/\/letrame.com\/catalogo\/wp-content\/uploads\/2024\/04\/no-de-aqui-ni-de-alli-scaled-1.jpg","datePublished":"2024-04-29T08:41:00+00:00","dateModified":"2024-04-29T08:41:51+00:00","breadcrumb":{"@id":"https:\/\/letrame.com\/catalogo\/producto\/ni-de-aqui-ni-de-alla\/#breadcrumb"},"inLanguage":"es","potentialAction":[{"@type":"ReadAction","target":["https:\/\/letrame.com\/catalogo\/producto\/ni-de-aqui-ni-de-alla\/"]}]},{"@type":"ImageObject","inLanguage":"es","@id":"https:\/\/letrame.com\/catalogo\/producto\/ni-de-aqui-ni-de-alla\/#primaryimage","url":"https:\/\/letrame.com\/catalogo\/wp-content\/uploads\/2024\/04\/no-de-aqui-ni-de-alli-scaled-1.jpg","contentUrl":"https:\/\/letrame.com\/catalogo\/wp-content\/uploads\/2024\/04\/no-de-aqui-ni-de-alli-scaled-1.jpg","width":1746,"height":2560},{"@type":"BreadcrumbList","@id":"https:\/\/letrame.com\/catalogo\/producto\/ni-de-aqui-ni-de-alla\/#breadcrumb","itemListElement":[{"@type":"ListItem","position":1,"name":"Portada","item":"https:\/\/letrame.com\/catalogo\/"},{"@type":"ListItem","position":2,"name":"Cat\u00e1logo","item":"https:\/\/letrame.com\/catalogo\/"},{"@type":"ListItem","position":3,"name":"Ni de aqu\u00ed, ni de all\u00e1"}]},{"@type":"WebSite","@id":"https:\/\/letrame.com\/catalogo\/#website","url":"https:\/\/letrame.com\/catalogo\/","name":"Catalogo | Letrame Grupo Editorial","description":"","publisher":{"@id":"https:\/\/letrame.com\/catalogo\/#organization"},"potentialAction":[{"@type":"SearchAction","target":{"@type":"EntryPoint","urlTemplate":"https:\/\/letrame.com\/catalogo\/?s={search_term_string}"},"query-input":{"@type":"PropertyValueSpecification","valueRequired":true,"valueName":"search_term_string"}}],"inLanguage":"es"},{"@type":"Organization","@id":"https:\/\/letrame.com\/catalogo\/#organization","name":"Catalogo | Letrame Grupo Editorial","url":"https:\/\/letrame.com\/catalogo\/","logo":{"@type":"ImageObject","inLanguage":"es","@id":"https:\/\/letrame.com\/catalogo\/#\/schema\/logo\/image\/","url":"https:\/\/letrame.com\/catalogo\/wp-content\/uploads\/2024\/03\/logo2.webp","contentUrl":"https:\/\/letrame.com\/catalogo\/wp-content\/uploads\/2024\/03\/logo2.webp","width":394,"height":128,"caption":"Catalogo | Letrame Grupo Editorial"},"image":{"@id":"https:\/\/letrame.com\/catalogo\/#\/schema\/logo\/image\/"}}]}},"_links":{"self":[{"href":"https:\/\/letrame.com\/catalogo\/wp-json\/wp\/v2\/product\/96417","targetHints":{"allow":["GET"]}}],"collection":[{"href":"https:\/\/letrame.com\/catalogo\/wp-json\/wp\/v2\/product"}],"about":[{"href":"https:\/\/letrame.com\/catalogo\/wp-json\/wp\/v2\/types\/product"}],"replies":[{"embeddable":true,"href":"https:\/\/letrame.com\/catalogo\/wp-json\/wp\/v2\/comments?post=96417"}],"acf:post":[{"embeddable":true,"href":"https:\/\/letrame.com\/catalogo\/wp-json\/wp\/v2\/author_book\/75081"}],"wp:featuredmedia":[{"embeddable":true,"href":"https:\/\/letrame.com\/catalogo\/wp-json\/wp\/v2\/media\/96418"}],"wp:attachment":[{"href":"https:\/\/letrame.com\/catalogo\/wp-json\/wp\/v2\/media?parent=96417"}],"wp:term":[{"taxonomy":"libro","embeddable":true,"href":"https:\/\/letrame.com\/catalogo\/wp-json\/wp\/v2\/libro?post=96417"},{"taxonomy":"product_brand","embeddable":true,"href":"https:\/\/letrame.com\/catalogo\/wp-json\/wp\/v2\/product_brand?post=96417"},{"taxonomy":"product_cat","embeddable":true,"href":"https:\/\/letrame.com\/catalogo\/wp-json\/wp\/v2\/product_cat?post=96417"},{"taxonomy":"product_tag","embeddable":true,"href":"https:\/\/letrame.com\/catalogo\/wp-json\/wp\/v2\/product_tag?post=96417"}],"curies":[{"name":"wp","href":"https:\/\/api.w.org\/{rel}","templated":true}]}}