{"id":96367,"date":"2024-04-29T10:34:15","date_gmt":"2024-04-29T08:34:15","guid":{"rendered":"https:\/\/letrame.com\/catalogo\/producto\/yo-si-que-me-acuerdo\/"},"modified":"2024-04-29T10:35:12","modified_gmt":"2024-04-29T08:35:12","slug":"yo-si-que-me-acuerdo","status":"publish","type":"product","link":"https:\/\/letrame.com\/catalogo\/producto\/yo-si-que-me-acuerdo\/","title":{"rendered":"Yo s\u00ed que me acuerdo"},"content":{"rendered":"<p><b>ISBN<\/b><span style=\"font-weight: 400;\">: <span class=\"a-text-bold\">\u00a0<\/span>978-8413861715<\/span><\/p>\n<p><b>T\u00edtulo<\/b><span style=\"font-weight: 400;\">: Yo s\u00ed que me acuerdo<\/span><span style=\"font-weight: 400;\"><br \/>\n<\/span><b>Fecha<\/b><span style=\"font-weight: 400;\">: 2021<\/span><span style=\"font-weight: 400;\"><br \/>\n<\/span><b>P\u00e1ginas<\/b><span style=\"font-weight: 400;\">: 226<\/span><\/p>\n<p><b>SINOPSIS<\/b><\/p>\n<p>Este es un libro autobiogr\u00e1fico contado a trav\u00e9s de divertidas y curiosas an\u00e9cdotas que me han ocurrido a lo largo de mi vida, desde el momento m\u00e1s actual hasta una edad temprana, tan temprana que estoy convencido de que os sorprender\u00e1. Desde c\u00f3mo era la vida en Vallecas a\u00f1os atr\u00e1s a c\u00f3mo viv\u00ed acompa\u00f1ando a mis padres con su puesto ambulante por las ferias de los pueblos. Travesuras divertidas, otras que no lo eran tanto, e instantes y momentos que quedar\u00e1s at\u00f3nito al leer. Porque, aunque no lo creas, yo s\u00ed que me acuerdo.<\/p>\n","protected":false},"excerpt":{"rendered":"<p><strong>ISBN: <span class=\"a-text-bold\">\u00a0<\/span>978-8413861715<\/strong><\/p>\n<p>Este es un libro autobiogr\u00e1fico contado a trav\u00e9s de divertidas y curiosas an\u00e9cdotas que me han ocurrido a lo largo de mi vida, desde el momento m\u00e1s actual hasta una edad temprana, tan temprana que estoy convencido de que os sorprender\u00e1.<\/p>\n<p>Desde c\u00f3mo era la vida en Vallecas a\u00f1os atr\u00e1s a c\u00f3mo viv\u00ed acompa\u00f1ando a mis padres con su puesto ambulante por las ferias de los pueblos. Travesuras divertidas, otras que no lo eran tanto, e instantes y momentos que quedar\u00e1s at\u00f3nito al leer. Porque, aunque no lo creas, yo s\u00ed que me acuerdo.<\/p>\n","protected":false},"featured_media":96368,"comment_status":"closed","ping_status":"open","template":"","meta":{"_acf_changed":false},"libro":[],"product_brand":[],"product_cat":[21],"product_tag":[],"class_list":{"0":"post-96367","1":"product","2":"type-product","3":"status-publish","4":"has-post-thumbnail","6":"product_cat-relato","8":"first","9":"instock","10":"purchasable","11":"product-type-simple"},"acf":{"autor":[75029],"enlace_de_compra":"https:\/\/www.amazon.es\/Yo-s%C3%AD-que-me-acuerdo\/dp\/8413861713\/ref=sr_1_1?__mk_es_ES=%C3%85M%C3%85%C5%BD%C3%95%C3%91&amp;dchild=1&amp;keywords=Letrame+S.L.+Yo+s%C3%AD+que+me+acuerdo&amp;qid=1614350814&amp;sr=8-1"},"yoast_head":"<!-- This site is optimized with the Yoast SEO plugin v26.6 - https:\/\/yoast.com\/wordpress\/plugins\/seo\/ -->\n<title>Yo s\u00ed que me acuerdo - Catalogo | Letrame Grupo Editorial<\/title>\n<meta name=\"robots\" content=\"index, follow, max-snippet:-1, max-image-preview:large, max-video-preview:-1\" \/>\n<link rel=\"canonical\" href=\"https:\/\/letrame.com\/catalogo\/producto\/yo-si-que-me-acuerdo\/\" \/>\n<meta property=\"og:locale\" content=\"es_ES\" \/>\n<meta property=\"og:type\" content=\"article\" \/>\n<meta property=\"og:title\" content=\"Yo s\u00ed que me acuerdo - Catalogo | Letrame Grupo Editorial\" \/>\n<meta property=\"og:description\" content=\"ISBN: \u00a0978-8413861715 Este es un libro autobiogr\u00e1fico contado a trav\u00e9s de divertidas y curiosas an\u00e9cdotas que me han ocurrido a lo largo de mi vida, desde el momento m\u00e1s actual hasta una edad temprana, tan temprana que estoy convencido de que os sorprender\u00e1. Desde c\u00f3mo era la vida en Vallecas a\u00f1os atr\u00e1s a c\u00f3mo viv\u00ed acompa\u00f1ando a mis padres con su puesto ambulante por las ferias de los pueblos. Travesuras divertidas, otras que no lo eran tanto, e instantes y momentos que quedar\u00e1s at\u00f3nito al leer. Porque, aunque no lo creas, yo s\u00ed que me acuerdo.\" \/>\n<meta property=\"og:url\" content=\"https:\/\/letrame.com\/catalogo\/producto\/yo-si-que-me-acuerdo\/\" \/>\n<meta property=\"og:site_name\" content=\"Catalogo | Letrame Grupo Editorial\" \/>\n<meta property=\"article:modified_time\" content=\"2024-04-29T08:35:12+00:00\" \/>\n<meta property=\"og:image\" content=\"https:\/\/letrame.com\/catalogo\/wp-content\/uploads\/2024\/04\/Yo-si-que-me-acuerdo.jpg\" \/>\n\t<meta property=\"og:image:width\" content=\"600\" \/>\n\t<meta property=\"og:image:height\" content=\"879\" \/>\n\t<meta property=\"og:image:type\" content=\"image\/jpeg\" \/>\n<meta name=\"twitter:card\" content=\"summary_large_image\" \/>\n<meta name=\"twitter:label1\" content=\"Tiempo de lectura\" \/>\n\t<meta name=\"twitter:data1\" content=\"1 minuto\" \/>\n<script type=\"application\/ld+json\" class=\"yoast-schema-graph\">{\"@context\":\"https:\/\/schema.org\",\"@graph\":[{\"@type\":\"WebPage\",\"@id\":\"https:\/\/letrame.com\/catalogo\/producto\/yo-si-que-me-acuerdo\/\",\"url\":\"https:\/\/letrame.com\/catalogo\/producto\/yo-si-que-me-acuerdo\/\",\"name\":\"Yo s\u00ed que me acuerdo - Catalogo | Letrame Grupo Editorial\",\"isPartOf\":{\"@id\":\"https:\/\/letrame.com\/catalogo\/#website\"},\"primaryImageOfPage\":{\"@id\":\"https:\/\/letrame.com\/catalogo\/producto\/yo-si-que-me-acuerdo\/#primaryimage\"},\"image\":{\"@id\":\"https:\/\/letrame.com\/catalogo\/producto\/yo-si-que-me-acuerdo\/#primaryimage\"},\"thumbnailUrl\":\"https:\/\/letrame.com\/catalogo\/wp-content\/uploads\/2024\/04\/Yo-si-que-me-acuerdo.jpg\",\"datePublished\":\"2024-04-29T08:34:15+00:00\",\"dateModified\":\"2024-04-29T08:35:12+00:00\",\"breadcrumb\":{\"@id\":\"https:\/\/letrame.com\/catalogo\/producto\/yo-si-que-me-acuerdo\/#breadcrumb\"},\"inLanguage\":\"es\",\"potentialAction\":[{\"@type\":\"ReadAction\",\"target\":[\"https:\/\/letrame.com\/catalogo\/producto\/yo-si-que-me-acuerdo\/\"]}]},{\"@type\":\"ImageObject\",\"inLanguage\":\"es\",\"@id\":\"https:\/\/letrame.com\/catalogo\/producto\/yo-si-que-me-acuerdo\/#primaryimage\",\"url\":\"https:\/\/letrame.com\/catalogo\/wp-content\/uploads\/2024\/04\/Yo-si-que-me-acuerdo.jpg\",\"contentUrl\":\"https:\/\/letrame.com\/catalogo\/wp-content\/uploads\/2024\/04\/Yo-si-que-me-acuerdo.jpg\",\"width\":600,\"height\":879},{\"@type\":\"BreadcrumbList\",\"@id\":\"https:\/\/letrame.com\/catalogo\/producto\/yo-si-que-me-acuerdo\/#breadcrumb\",\"itemListElement\":[{\"@type\":\"ListItem\",\"position\":1,\"name\":\"Portada\",\"item\":\"https:\/\/letrame.com\/catalogo\/\"},{\"@type\":\"ListItem\",\"position\":2,\"name\":\"Cat\u00e1logo\",\"item\":\"https:\/\/letrame.com\/catalogo\/\"},{\"@type\":\"ListItem\",\"position\":3,\"name\":\"Yo s\u00ed que me acuerdo\"}]},{\"@type\":\"WebSite\",\"@id\":\"https:\/\/letrame.com\/catalogo\/#website\",\"url\":\"https:\/\/letrame.com\/catalogo\/\",\"name\":\"Catalogo | Letrame Grupo Editorial\",\"description\":\"\",\"publisher\":{\"@id\":\"https:\/\/letrame.com\/catalogo\/#organization\"},\"potentialAction\":[{\"@type\":\"SearchAction\",\"target\":{\"@type\":\"EntryPoint\",\"urlTemplate\":\"https:\/\/letrame.com\/catalogo\/?s={search_term_string}\"},\"query-input\":{\"@type\":\"PropertyValueSpecification\",\"valueRequired\":true,\"valueName\":\"search_term_string\"}}],\"inLanguage\":\"es\"},{\"@type\":\"Organization\",\"@id\":\"https:\/\/letrame.com\/catalogo\/#organization\",\"name\":\"Catalogo | Letrame Grupo Editorial\",\"url\":\"https:\/\/letrame.com\/catalogo\/\",\"logo\":{\"@type\":\"ImageObject\",\"inLanguage\":\"es\",\"@id\":\"https:\/\/letrame.com\/catalogo\/#\/schema\/logo\/image\/\",\"url\":\"https:\/\/letrame.com\/catalogo\/wp-content\/uploads\/2024\/03\/logo2.webp\",\"contentUrl\":\"https:\/\/letrame.com\/catalogo\/wp-content\/uploads\/2024\/03\/logo2.webp\",\"width\":394,\"height\":128,\"caption\":\"Catalogo | Letrame Grupo Editorial\"},\"image\":{\"@id\":\"https:\/\/letrame.com\/catalogo\/#\/schema\/logo\/image\/\"}}]}<\/script>\n<!-- \/ Yoast SEO plugin. -->","yoast_head_json":{"title":"Yo s\u00ed que me acuerdo - Catalogo | Letrame Grupo Editorial","robots":{"index":"index","follow":"follow","max-snippet":"max-snippet:-1","max-image-preview":"max-image-preview:large","max-video-preview":"max-video-preview:-1"},"canonical":"https:\/\/letrame.com\/catalogo\/producto\/yo-si-que-me-acuerdo\/","og_locale":"es_ES","og_type":"article","og_title":"Yo s\u00ed que me acuerdo - Catalogo | Letrame Grupo Editorial","og_description":"ISBN: \u00a0978-8413861715 Este es un libro autobiogr\u00e1fico contado a trav\u00e9s de divertidas y curiosas an\u00e9cdotas que me han ocurrido a lo largo de mi vida, desde el momento m\u00e1s actual hasta una edad temprana, tan temprana que estoy convencido de que os sorprender\u00e1. Desde c\u00f3mo era la vida en Vallecas a\u00f1os atr\u00e1s a c\u00f3mo viv\u00ed acompa\u00f1ando a mis padres con su puesto ambulante por las ferias de los pueblos. Travesuras divertidas, otras que no lo eran tanto, e instantes y momentos que quedar\u00e1s at\u00f3nito al leer. Porque, aunque no lo creas, yo s\u00ed que me acuerdo.","og_url":"https:\/\/letrame.com\/catalogo\/producto\/yo-si-que-me-acuerdo\/","og_site_name":"Catalogo | Letrame Grupo Editorial","article_modified_time":"2024-04-29T08:35:12+00:00","og_image":[{"width":600,"height":879,"url":"https:\/\/letrame.com\/catalogo\/wp-content\/uploads\/2024\/04\/Yo-si-que-me-acuerdo.jpg","type":"image\/jpeg"}],"twitter_card":"summary_large_image","twitter_misc":{"Tiempo de lectura":"1 minuto"},"schema":{"@context":"https:\/\/schema.org","@graph":[{"@type":"WebPage","@id":"https:\/\/letrame.com\/catalogo\/producto\/yo-si-que-me-acuerdo\/","url":"https:\/\/letrame.com\/catalogo\/producto\/yo-si-que-me-acuerdo\/","name":"Yo s\u00ed que me acuerdo - Catalogo | Letrame Grupo Editorial","isPartOf":{"@id":"https:\/\/letrame.com\/catalogo\/#website"},"primaryImageOfPage":{"@id":"https:\/\/letrame.com\/catalogo\/producto\/yo-si-que-me-acuerdo\/#primaryimage"},"image":{"@id":"https:\/\/letrame.com\/catalogo\/producto\/yo-si-que-me-acuerdo\/#primaryimage"},"thumbnailUrl":"https:\/\/letrame.com\/catalogo\/wp-content\/uploads\/2024\/04\/Yo-si-que-me-acuerdo.jpg","datePublished":"2024-04-29T08:34:15+00:00","dateModified":"2024-04-29T08:35:12+00:00","breadcrumb":{"@id":"https:\/\/letrame.com\/catalogo\/producto\/yo-si-que-me-acuerdo\/#breadcrumb"},"inLanguage":"es","potentialAction":[{"@type":"ReadAction","target":["https:\/\/letrame.com\/catalogo\/producto\/yo-si-que-me-acuerdo\/"]}]},{"@type":"ImageObject","inLanguage":"es","@id":"https:\/\/letrame.com\/catalogo\/producto\/yo-si-que-me-acuerdo\/#primaryimage","url":"https:\/\/letrame.com\/catalogo\/wp-content\/uploads\/2024\/04\/Yo-si-que-me-acuerdo.jpg","contentUrl":"https:\/\/letrame.com\/catalogo\/wp-content\/uploads\/2024\/04\/Yo-si-que-me-acuerdo.jpg","width":600,"height":879},{"@type":"BreadcrumbList","@id":"https:\/\/letrame.com\/catalogo\/producto\/yo-si-que-me-acuerdo\/#breadcrumb","itemListElement":[{"@type":"ListItem","position":1,"name":"Portada","item":"https:\/\/letrame.com\/catalogo\/"},{"@type":"ListItem","position":2,"name":"Cat\u00e1logo","item":"https:\/\/letrame.com\/catalogo\/"},{"@type":"ListItem","position":3,"name":"Yo s\u00ed que me acuerdo"}]},{"@type":"WebSite","@id":"https:\/\/letrame.com\/catalogo\/#website","url":"https:\/\/letrame.com\/catalogo\/","name":"Catalogo | Letrame Grupo Editorial","description":"","publisher":{"@id":"https:\/\/letrame.com\/catalogo\/#organization"},"potentialAction":[{"@type":"SearchAction","target":{"@type":"EntryPoint","urlTemplate":"https:\/\/letrame.com\/catalogo\/?s={search_term_string}"},"query-input":{"@type":"PropertyValueSpecification","valueRequired":true,"valueName":"search_term_string"}}],"inLanguage":"es"},{"@type":"Organization","@id":"https:\/\/letrame.com\/catalogo\/#organization","name":"Catalogo | Letrame Grupo Editorial","url":"https:\/\/letrame.com\/catalogo\/","logo":{"@type":"ImageObject","inLanguage":"es","@id":"https:\/\/letrame.com\/catalogo\/#\/schema\/logo\/image\/","url":"https:\/\/letrame.com\/catalogo\/wp-content\/uploads\/2024\/03\/logo2.webp","contentUrl":"https:\/\/letrame.com\/catalogo\/wp-content\/uploads\/2024\/03\/logo2.webp","width":394,"height":128,"caption":"Catalogo | Letrame Grupo Editorial"},"image":{"@id":"https:\/\/letrame.com\/catalogo\/#\/schema\/logo\/image\/"}}]}},"_links":{"self":[{"href":"https:\/\/letrame.com\/catalogo\/wp-json\/wp\/v2\/product\/96367","targetHints":{"allow":["GET"]}}],"collection":[{"href":"https:\/\/letrame.com\/catalogo\/wp-json\/wp\/v2\/product"}],"about":[{"href":"https:\/\/letrame.com\/catalogo\/wp-json\/wp\/v2\/types\/product"}],"replies":[{"embeddable":true,"href":"https:\/\/letrame.com\/catalogo\/wp-json\/wp\/v2\/comments?post=96367"}],"acf:post":[{"embeddable":true,"href":"https:\/\/letrame.com\/catalogo\/wp-json\/wp\/v2\/author_book\/75029"}],"wp:featuredmedia":[{"embeddable":true,"href":"https:\/\/letrame.com\/catalogo\/wp-json\/wp\/v2\/media\/96368"}],"wp:attachment":[{"href":"https:\/\/letrame.com\/catalogo\/wp-json\/wp\/v2\/media?parent=96367"}],"wp:term":[{"taxonomy":"libro","embeddable":true,"href":"https:\/\/letrame.com\/catalogo\/wp-json\/wp\/v2\/libro?post=96367"},{"taxonomy":"product_brand","embeddable":true,"href":"https:\/\/letrame.com\/catalogo\/wp-json\/wp\/v2\/product_brand?post=96367"},{"taxonomy":"product_cat","embeddable":true,"href":"https:\/\/letrame.com\/catalogo\/wp-json\/wp\/v2\/product_cat?post=96367"},{"taxonomy":"product_tag","embeddable":true,"href":"https:\/\/letrame.com\/catalogo\/wp-json\/wp\/v2\/product_tag?post=96367"}],"curies":[{"name":"wp","href":"https:\/\/api.w.org\/{rel}","templated":true}]}}