{"id":96363,"date":"2024-04-29T10:34:15","date_gmt":"2024-04-29T08:34:15","guid":{"rendered":"https:\/\/letrame.com\/catalogo\/producto\/todo-e_xito-comienza-con-un-primer-paso\/"},"modified":"2024-04-29T10:34:43","modified_gmt":"2024-04-29T08:34:43","slug":"todo-e_xito-comienza-con-un-primer-paso","status":"publish","type":"product","link":"https:\/\/letrame.com\/catalogo\/producto\/todo-e_xito-comienza-con-un-primer-paso\/","title":{"rendered":"Todo e_xito comienza con un primer paso"},"content":{"rendered":"<p><b>ISBN<\/b><span style=\"font-weight: 400;\">: 978-8413862033<\/span><\/p>\n<p><b>T\u00edtulo<\/b><span style=\"font-weight: 400;\">: Todo e_xito comienza con un primer paso<\/span><span style=\"font-weight: 400;\"><br \/>\n<\/span><b>Fecha<\/b><span style=\"font-weight: 400;\">: 2021<\/span><span style=\"font-weight: 400;\"><br \/>\n<\/span><b>P\u00e1ginas<\/b><span style=\"font-weight: 400;\">: 218<\/span><\/p>\n<p><b>SINOPSIS<\/b><\/p>\n<p>\u00bfCu\u00e1ntas cosas dejas de conseguir o dejas pasar por el simple hecho de no dar el primer paso?<\/p>\n<p>&nbsp;<\/p>\n<p>En cu\u00e1ntas ocasiones has dicho: \u00bfme gustar\u00eda haber hecho, o siempre quise hacer?<\/p>\n<p>&nbsp;<\/p>\n<p>Abriendo la primera p\u00e1gina de este libro, vas a dejar de querer y vas a empezar a hacer. El primer paso a veces asusta, pero es necesario para conseguir tus metas.Para coronar la cima de la monta\u00f1a, es necesario tomar acci\u00f3n y dar ese primer paso. En ella se encuentran tus sue\u00f1os, deseando ser cumplidos y conquistados por ti.<\/p>\n<p>&nbsp;<\/p>\n<p>La monta\u00f1a puede verse preciosa desde tu ventana, pero solo iniciando el camino, descubrir\u00e1s todo lo que el viaje va a ofrecerte. Ese viaje no es otro que el m\u00e1s importante de todos: TU VIDA.A trav\u00e9s de este relato, vas a sumergirte en un mar de emociones y conocimiento sobre ti mismo, que van a permitirte agarrar los remos de tu vida, y dirigirlos hacia la direcci\u00f3n que siempre has querido, sin miedos ni dudas. Ese barco que es tu vida, va a dejar de ir a la deriva y vas a ser t\u00fa quien ponga fecha y lugar a tus sue\u00f1os, para convertirlos en realidad.Este libro est\u00e1 escrito por alguien normal, con sue\u00f1os y una vida normal, como la tuya. Con la mayor de las pretensiones: ser feliz y vivir intensamente.<\/p>\n<p>&nbsp;<\/p>\n<p>Si yo he podido conseguir tanto, t\u00fa puedes, y yo voy a acompa\u00f1arte y apoyarte en esta preciosa aventura. La vida es el mayor de los regalos, no desaproveches el tiempo, porque ma\u00f1ana puede ser tarde. \u00bfMe acompa\u00f1as?<\/p>\n","protected":false},"excerpt":{"rendered":"<p><strong><span class=\"a-text-bold\">\u00a0ISBN: <\/span>978-8413862033<\/strong><\/p>\n<p>\u00bfCu\u00e1ntas cosas dejas de conseguir o dejas pasar por el simple hecho de no dar el primer paso?<\/p>\n<p>En cu\u00e1ntas ocasiones has dicho: \u00bfme gustar\u00eda haber hecho, o siempre quise hacer?<\/p>\n<p>Abriendo la primera p\u00e1gina de este libro, vas a dejar de querer y vas a empezar a hacer. El primer paso a veces asusta, pero es necesario para conseguir tus metas.Para coronar la cima de la monta\u00f1a, es necesario tomar acci\u00f3n y dar ese primer paso. En ella se encuentran tus sue\u00f1os, deseando ser cumplidos y conquistados por ti.<\/p>\n","protected":false},"featured_media":96364,"comment_status":"closed","ping_status":"open","template":"","meta":{"_acf_changed":false},"libro":[],"product_brand":[],"product_cat":[18],"product_tag":[],"class_list":{"0":"post-96363","1":"product","2":"type-product","3":"status-publish","4":"has-post-thumbnail","6":"product_cat-autoayuda","8":"first","9":"instock","10":"purchasable","11":"product-type-simple"},"acf":{"autor":[75027],"enlace_de_compra":"https:\/\/www.amazon.es\/Todo-%C3%A9xito-comienza-primer-paso\/dp\/8413862035\/ref=sr_1_1?__mk_es_ES=%C3%85M%C3%85%C5%BD%C3%95%C3%91&amp;dchild=1&amp;keywords=Letrame+S.L.+Todo+e%CC%81xito+comienza+con+un+primer+paso&amp;qid=1614349578&amp;sr=8-1"},"yoast_head":"<!-- This site is optimized with the Yoast SEO plugin v26.6 - https:\/\/yoast.com\/wordpress\/plugins\/seo\/ -->\n<title>Todo e_xito comienza con un primer paso - Catalogo | Letrame Grupo Editorial<\/title>\n<meta name=\"robots\" content=\"index, follow, max-snippet:-1, max-image-preview:large, max-video-preview:-1\" \/>\n<link rel=\"canonical\" href=\"https:\/\/letrame.com\/catalogo\/producto\/todo-e_xito-comienza-con-un-primer-paso\/\" \/>\n<meta property=\"og:locale\" content=\"es_ES\" \/>\n<meta property=\"og:type\" content=\"article\" \/>\n<meta property=\"og:title\" content=\"Todo e_xito comienza con un primer paso - Catalogo | Letrame Grupo Editorial\" \/>\n<meta property=\"og:description\" content=\"\u00a0ISBN: 978-8413862033 \u00bfCu\u00e1ntas cosas dejas de conseguir o dejas pasar por el simple hecho de no dar el primer paso? En cu\u00e1ntas ocasiones has dicho: \u00bfme gustar\u00eda haber hecho, o siempre quise hacer? Abriendo la primera p\u00e1gina de este libro, vas a dejar de querer y vas a empezar a hacer. El primer paso a veces asusta, pero es necesario para conseguir tus metas.Para coronar la cima de la monta\u00f1a, es necesario tomar acci\u00f3n y dar ese primer paso. En ella se encuentran tus sue\u00f1os, deseando ser cumplidos y conquistados por ti.\" \/>\n<meta property=\"og:url\" content=\"https:\/\/letrame.com\/catalogo\/producto\/todo-e_xito-comienza-con-un-primer-paso\/\" \/>\n<meta property=\"og:site_name\" content=\"Catalogo | Letrame Grupo Editorial\" \/>\n<meta property=\"article:modified_time\" content=\"2024-04-29T08:34:43+00:00\" \/>\n<meta property=\"og:image\" content=\"https:\/\/letrame.com\/catalogo\/wp-content\/uploads\/2024\/04\/Todo-comienzo.jpg\" \/>\n\t<meta property=\"og:image:width\" content=\"1500\" \/>\n\t<meta property=\"og:image:height\" content=\"2362\" \/>\n\t<meta property=\"og:image:type\" content=\"image\/jpeg\" \/>\n<meta name=\"twitter:card\" content=\"summary_large_image\" \/>\n<meta name=\"twitter:label1\" content=\"Tiempo de lectura\" \/>\n\t<meta name=\"twitter:data1\" content=\"2 minutos\" \/>\n<script type=\"application\/ld+json\" class=\"yoast-schema-graph\">{\"@context\":\"https:\/\/schema.org\",\"@graph\":[{\"@type\":\"WebPage\",\"@id\":\"https:\/\/letrame.com\/catalogo\/producto\/todo-e_xito-comienza-con-un-primer-paso\/\",\"url\":\"https:\/\/letrame.com\/catalogo\/producto\/todo-e_xito-comienza-con-un-primer-paso\/\",\"name\":\"Todo e_xito comienza con un primer paso - Catalogo | Letrame Grupo Editorial\",\"isPartOf\":{\"@id\":\"https:\/\/letrame.com\/catalogo\/#website\"},\"primaryImageOfPage\":{\"@id\":\"https:\/\/letrame.com\/catalogo\/producto\/todo-e_xito-comienza-con-un-primer-paso\/#primaryimage\"},\"image\":{\"@id\":\"https:\/\/letrame.com\/catalogo\/producto\/todo-e_xito-comienza-con-un-primer-paso\/#primaryimage\"},\"thumbnailUrl\":\"https:\/\/letrame.com\/catalogo\/wp-content\/uploads\/2024\/04\/Todo-comienzo.jpg\",\"datePublished\":\"2024-04-29T08:34:15+00:00\",\"dateModified\":\"2024-04-29T08:34:43+00:00\",\"breadcrumb\":{\"@id\":\"https:\/\/letrame.com\/catalogo\/producto\/todo-e_xito-comienza-con-un-primer-paso\/#breadcrumb\"},\"inLanguage\":\"es\",\"potentialAction\":[{\"@type\":\"ReadAction\",\"target\":[\"https:\/\/letrame.com\/catalogo\/producto\/todo-e_xito-comienza-con-un-primer-paso\/\"]}]},{\"@type\":\"ImageObject\",\"inLanguage\":\"es\",\"@id\":\"https:\/\/letrame.com\/catalogo\/producto\/todo-e_xito-comienza-con-un-primer-paso\/#primaryimage\",\"url\":\"https:\/\/letrame.com\/catalogo\/wp-content\/uploads\/2024\/04\/Todo-comienzo.jpg\",\"contentUrl\":\"https:\/\/letrame.com\/catalogo\/wp-content\/uploads\/2024\/04\/Todo-comienzo.jpg\",\"width\":1500,\"height\":2362},{\"@type\":\"BreadcrumbList\",\"@id\":\"https:\/\/letrame.com\/catalogo\/producto\/todo-e_xito-comienza-con-un-primer-paso\/#breadcrumb\",\"itemListElement\":[{\"@type\":\"ListItem\",\"position\":1,\"name\":\"Portada\",\"item\":\"https:\/\/letrame.com\/catalogo\/\"},{\"@type\":\"ListItem\",\"position\":2,\"name\":\"Cat\u00e1logo\",\"item\":\"https:\/\/letrame.com\/catalogo\/\"},{\"@type\":\"ListItem\",\"position\":3,\"name\":\"Todo e_xito comienza con un primer paso\"}]},{\"@type\":\"WebSite\",\"@id\":\"https:\/\/letrame.com\/catalogo\/#website\",\"url\":\"https:\/\/letrame.com\/catalogo\/\",\"name\":\"Catalogo | Letrame Grupo Editorial\",\"description\":\"\",\"publisher\":{\"@id\":\"https:\/\/letrame.com\/catalogo\/#organization\"},\"potentialAction\":[{\"@type\":\"SearchAction\",\"target\":{\"@type\":\"EntryPoint\",\"urlTemplate\":\"https:\/\/letrame.com\/catalogo\/?s={search_term_string}\"},\"query-input\":{\"@type\":\"PropertyValueSpecification\",\"valueRequired\":true,\"valueName\":\"search_term_string\"}}],\"inLanguage\":\"es\"},{\"@type\":\"Organization\",\"@id\":\"https:\/\/letrame.com\/catalogo\/#organization\",\"name\":\"Catalogo | Letrame Grupo Editorial\",\"url\":\"https:\/\/letrame.com\/catalogo\/\",\"logo\":{\"@type\":\"ImageObject\",\"inLanguage\":\"es\",\"@id\":\"https:\/\/letrame.com\/catalogo\/#\/schema\/logo\/image\/\",\"url\":\"https:\/\/letrame.com\/catalogo\/wp-content\/uploads\/2024\/03\/logo2.webp\",\"contentUrl\":\"https:\/\/letrame.com\/catalogo\/wp-content\/uploads\/2024\/03\/logo2.webp\",\"width\":394,\"height\":128,\"caption\":\"Catalogo | Letrame Grupo Editorial\"},\"image\":{\"@id\":\"https:\/\/letrame.com\/catalogo\/#\/schema\/logo\/image\/\"}}]}<\/script>\n<!-- \/ Yoast SEO plugin. -->","yoast_head_json":{"title":"Todo e_xito comienza con un primer paso - Catalogo | Letrame Grupo Editorial","robots":{"index":"index","follow":"follow","max-snippet":"max-snippet:-1","max-image-preview":"max-image-preview:large","max-video-preview":"max-video-preview:-1"},"canonical":"https:\/\/letrame.com\/catalogo\/producto\/todo-e_xito-comienza-con-un-primer-paso\/","og_locale":"es_ES","og_type":"article","og_title":"Todo e_xito comienza con un primer paso - Catalogo | Letrame Grupo Editorial","og_description":"\u00a0ISBN: 978-8413862033 \u00bfCu\u00e1ntas cosas dejas de conseguir o dejas pasar por el simple hecho de no dar el primer paso? En cu\u00e1ntas ocasiones has dicho: \u00bfme gustar\u00eda haber hecho, o siempre quise hacer? Abriendo la primera p\u00e1gina de este libro, vas a dejar de querer y vas a empezar a hacer. El primer paso a veces asusta, pero es necesario para conseguir tus metas.Para coronar la cima de la monta\u00f1a, es necesario tomar acci\u00f3n y dar ese primer paso. En ella se encuentran tus sue\u00f1os, deseando ser cumplidos y conquistados por ti.","og_url":"https:\/\/letrame.com\/catalogo\/producto\/todo-e_xito-comienza-con-un-primer-paso\/","og_site_name":"Catalogo | Letrame Grupo Editorial","article_modified_time":"2024-04-29T08:34:43+00:00","og_image":[{"width":1500,"height":2362,"url":"https:\/\/letrame.com\/catalogo\/wp-content\/uploads\/2024\/04\/Todo-comienzo.jpg","type":"image\/jpeg"}],"twitter_card":"summary_large_image","twitter_misc":{"Tiempo de lectura":"2 minutos"},"schema":{"@context":"https:\/\/schema.org","@graph":[{"@type":"WebPage","@id":"https:\/\/letrame.com\/catalogo\/producto\/todo-e_xito-comienza-con-un-primer-paso\/","url":"https:\/\/letrame.com\/catalogo\/producto\/todo-e_xito-comienza-con-un-primer-paso\/","name":"Todo e_xito comienza con un primer paso - Catalogo | Letrame Grupo Editorial","isPartOf":{"@id":"https:\/\/letrame.com\/catalogo\/#website"},"primaryImageOfPage":{"@id":"https:\/\/letrame.com\/catalogo\/producto\/todo-e_xito-comienza-con-un-primer-paso\/#primaryimage"},"image":{"@id":"https:\/\/letrame.com\/catalogo\/producto\/todo-e_xito-comienza-con-un-primer-paso\/#primaryimage"},"thumbnailUrl":"https:\/\/letrame.com\/catalogo\/wp-content\/uploads\/2024\/04\/Todo-comienzo.jpg","datePublished":"2024-04-29T08:34:15+00:00","dateModified":"2024-04-29T08:34:43+00:00","breadcrumb":{"@id":"https:\/\/letrame.com\/catalogo\/producto\/todo-e_xito-comienza-con-un-primer-paso\/#breadcrumb"},"inLanguage":"es","potentialAction":[{"@type":"ReadAction","target":["https:\/\/letrame.com\/catalogo\/producto\/todo-e_xito-comienza-con-un-primer-paso\/"]}]},{"@type":"ImageObject","inLanguage":"es","@id":"https:\/\/letrame.com\/catalogo\/producto\/todo-e_xito-comienza-con-un-primer-paso\/#primaryimage","url":"https:\/\/letrame.com\/catalogo\/wp-content\/uploads\/2024\/04\/Todo-comienzo.jpg","contentUrl":"https:\/\/letrame.com\/catalogo\/wp-content\/uploads\/2024\/04\/Todo-comienzo.jpg","width":1500,"height":2362},{"@type":"BreadcrumbList","@id":"https:\/\/letrame.com\/catalogo\/producto\/todo-e_xito-comienza-con-un-primer-paso\/#breadcrumb","itemListElement":[{"@type":"ListItem","position":1,"name":"Portada","item":"https:\/\/letrame.com\/catalogo\/"},{"@type":"ListItem","position":2,"name":"Cat\u00e1logo","item":"https:\/\/letrame.com\/catalogo\/"},{"@type":"ListItem","position":3,"name":"Todo e_xito comienza con un primer paso"}]},{"@type":"WebSite","@id":"https:\/\/letrame.com\/catalogo\/#website","url":"https:\/\/letrame.com\/catalogo\/","name":"Catalogo | Letrame Grupo Editorial","description":"","publisher":{"@id":"https:\/\/letrame.com\/catalogo\/#organization"},"potentialAction":[{"@type":"SearchAction","target":{"@type":"EntryPoint","urlTemplate":"https:\/\/letrame.com\/catalogo\/?s={search_term_string}"},"query-input":{"@type":"PropertyValueSpecification","valueRequired":true,"valueName":"search_term_string"}}],"inLanguage":"es"},{"@type":"Organization","@id":"https:\/\/letrame.com\/catalogo\/#organization","name":"Catalogo | Letrame Grupo Editorial","url":"https:\/\/letrame.com\/catalogo\/","logo":{"@type":"ImageObject","inLanguage":"es","@id":"https:\/\/letrame.com\/catalogo\/#\/schema\/logo\/image\/","url":"https:\/\/letrame.com\/catalogo\/wp-content\/uploads\/2024\/03\/logo2.webp","contentUrl":"https:\/\/letrame.com\/catalogo\/wp-content\/uploads\/2024\/03\/logo2.webp","width":394,"height":128,"caption":"Catalogo | Letrame Grupo Editorial"},"image":{"@id":"https:\/\/letrame.com\/catalogo\/#\/schema\/logo\/image\/"}}]}},"_links":{"self":[{"href":"https:\/\/letrame.com\/catalogo\/wp-json\/wp\/v2\/product\/96363","targetHints":{"allow":["GET"]}}],"collection":[{"href":"https:\/\/letrame.com\/catalogo\/wp-json\/wp\/v2\/product"}],"about":[{"href":"https:\/\/letrame.com\/catalogo\/wp-json\/wp\/v2\/types\/product"}],"replies":[{"embeddable":true,"href":"https:\/\/letrame.com\/catalogo\/wp-json\/wp\/v2\/comments?post=96363"}],"acf:post":[{"embeddable":true,"href":"https:\/\/letrame.com\/catalogo\/wp-json\/wp\/v2\/author_book\/75027"}],"wp:featuredmedia":[{"embeddable":true,"href":"https:\/\/letrame.com\/catalogo\/wp-json\/wp\/v2\/media\/96364"}],"wp:attachment":[{"href":"https:\/\/letrame.com\/catalogo\/wp-json\/wp\/v2\/media?parent=96363"}],"wp:term":[{"taxonomy":"libro","embeddable":true,"href":"https:\/\/letrame.com\/catalogo\/wp-json\/wp\/v2\/libro?post=96363"},{"taxonomy":"product_brand","embeddable":true,"href":"https:\/\/letrame.com\/catalogo\/wp-json\/wp\/v2\/product_brand?post=96363"},{"taxonomy":"product_cat","embeddable":true,"href":"https:\/\/letrame.com\/catalogo\/wp-json\/wp\/v2\/product_cat?post=96363"},{"taxonomy":"product_tag","embeddable":true,"href":"https:\/\/letrame.com\/catalogo\/wp-json\/wp\/v2\/product_tag?post=96363"}],"curies":[{"name":"wp","href":"https:\/\/api.w.org\/{rel}","templated":true}]}}