{"id":96362,"date":"2024-04-29T10:34:15","date_gmt":"2024-04-29T08:34:15","guid":{"rendered":"https:\/\/letrame.com\/catalogo\/producto\/te-encontre\/"},"modified":"2024-05-15T16:35:38","modified_gmt":"2024-05-15T14:35:38","slug":"te-encontre","status":"publish","type":"product","link":"https:\/\/letrame.com\/catalogo\/producto\/te-encontre\/","title":{"rendered":"Te encontr\u00e9"},"content":{"rendered":"<p><b>ISBN<\/b><span style=\"font-weight: 400;\">: 978-8413861890<\/span><\/p>\n<p><b>T\u00edtulo<\/b><span style=\"font-weight: 400;\">: Te encontr\u00e9<\/span><span style=\"font-weight: 400;\"><br \/>\n<\/span><b>Fecha<\/b><span style=\"font-weight: 400;\">: 2021<\/span><span style=\"font-weight: 400;\"><br \/>\n<\/span><b>P\u00e1ginas<\/b><span style=\"font-weight: 400;\">: 112<\/span><\/p>\n<p><b>SINOPSIS<\/b><\/p>\n<p>Juan aprendi\u00f3 pronto que con su\u00a0alter ego podr\u00eda comerse el mundo. Todo iba bien hasta que la prensa amarilla londinense empez\u00f3 a cuestionarse por qu\u00e9 no hab\u00eda fotos en la solapa de su libro o en las contraportadas de sus libros. Empieza la carrera de un escritor para esconder su identidad. El encuentro con el amor que nunca pens\u00f3 que se merec\u00eda. En\u00a0<em>Te encontr\u00e9\u00a0<\/em>el maestro se convierte en aprendiz y un enamorado a la vieja usanza. Los sue\u00f1os a veces se hacen realidad y son m\u00e1s grandes de lo que pudimos llegar a so\u00f1ar.<\/p>\n","protected":false},"excerpt":{"rendered":"<p><strong>ISBN: 978-8413861890<\/strong><\/p>\n<p>Juan aprendi\u00f3 pronto que con su\u00a0alter ego podr\u00eda comerse el mundo. Todo iba bien hasta que la prensa amarilla londinense empez\u00f3 a cuestionarse por qu\u00e9 no hab\u00eda fotos en la solapa de su libro o en las contraportadas de sus libros. Empieza la carrera de un escritor para esconder su identidad. El encuentro con el amor que nunca pens\u00f3 que se merec\u00eda. En\u00a0<em>Te encontr\u00e9\u00a0<\/em>el maestro se convierte en aprendiz y un enamorado a la vieja usanza. Los sue\u00f1os a veces se hacen realidad y son m\u00e1s grandes de lo que pudimos llegar a so\u00f1ar.<\/p>\n","protected":false},"featured_media":100176,"comment_status":"closed","ping_status":"closed","template":"","meta":{"_acf_changed":false},"libro":[],"product_brand":[],"product_cat":[21],"product_tag":[],"class_list":{"0":"post-96362","1":"product","2":"type-product","3":"status-publish","4":"has-post-thumbnail","6":"product_cat-relato","8":"first","9":"instock","10":"purchasable","11":"product-type-simple"},"acf":{"autor":[75025],"enlace_de_compra":"https:\/\/www.amazon.es\/Te-encontr%C3%A9-1-Novela-Goretty\/dp\/8413861896\/ref=sr_1_1?__mk_es_ES=%C3%85M%C3%85%C5%BD%C3%95%C3%91&amp;dchild=1&amp;keywords=Letrame+S.L.+Te+encontr%C3%A9&amp;qid=1614348840&amp;sr=8-1"},"yoast_head":"<!-- This site is optimized with the Yoast SEO plugin v26.6 - https:\/\/yoast.com\/wordpress\/plugins\/seo\/ -->\n<title>Te encontr\u00e9 - Catalogo | Letrame Grupo Editorial<\/title>\n<meta name=\"robots\" content=\"index, follow, max-snippet:-1, max-image-preview:large, max-video-preview:-1\" \/>\n<link rel=\"canonical\" href=\"https:\/\/letrame.com\/catalogo\/producto\/te-encontre\/\" \/>\n<meta property=\"og:locale\" content=\"es_ES\" \/>\n<meta property=\"og:type\" content=\"article\" \/>\n<meta property=\"og:title\" content=\"Te encontr\u00e9 - Catalogo | Letrame Grupo Editorial\" \/>\n<meta property=\"og:description\" content=\"ISBN: 978-8413861890  Juan aprendi\u00f3 pronto que con su\u00a0alter ego podr\u00eda comerse el mundo. Todo iba bien hasta que la prensa amarilla londinense empez\u00f3 a cuestionarse por qu\u00e9 no hab\u00eda fotos en la solapa de su libro o en las contraportadas de sus libros. Empieza la carrera de un escritor para esconder su identidad. El encuentro con el amor que nunca pens\u00f3 que se merec\u00eda. En\u00a0Te encontr\u00e9\u00a0el maestro se convierte en aprendiz y un enamorado a la vieja usanza. Los sue\u00f1os a veces se hacen realidad y son m\u00e1s grandes de lo que pudimos llegar a so\u00f1ar.\" \/>\n<meta property=\"og:url\" content=\"https:\/\/letrame.com\/catalogo\/producto\/te-encontre\/\" \/>\n<meta property=\"og:site_name\" content=\"Catalogo | Letrame Grupo Editorial\" \/>\n<meta property=\"article:modified_time\" content=\"2024-05-15T14:35:38+00:00\" \/>\n<meta property=\"og:image\" content=\"https:\/\/letrame.com\/catalogo\/wp-content\/uploads\/2024\/04\/Te-encontre-scaled-1.webp\" \/>\n\t<meta property=\"og:image:width\" content=\"1746\" \/>\n\t<meta property=\"og:image:height\" content=\"2560\" \/>\n\t<meta property=\"og:image:type\" content=\"image\/webp\" \/>\n<meta name=\"twitter:card\" content=\"summary_large_image\" \/>\n<meta name=\"twitter:label1\" content=\"Tiempo de lectura\" \/>\n\t<meta name=\"twitter:data1\" content=\"1 minuto\" \/>\n<script type=\"application\/ld+json\" class=\"yoast-schema-graph\">{\"@context\":\"https:\/\/schema.org\",\"@graph\":[{\"@type\":\"WebPage\",\"@id\":\"https:\/\/letrame.com\/catalogo\/producto\/te-encontre\/\",\"url\":\"https:\/\/letrame.com\/catalogo\/producto\/te-encontre\/\",\"name\":\"Te encontr\u00e9 - Catalogo | Letrame Grupo Editorial\",\"isPartOf\":{\"@id\":\"https:\/\/letrame.com\/catalogo\/#website\"},\"primaryImageOfPage\":{\"@id\":\"https:\/\/letrame.com\/catalogo\/producto\/te-encontre\/#primaryimage\"},\"image\":{\"@id\":\"https:\/\/letrame.com\/catalogo\/producto\/te-encontre\/#primaryimage\"},\"thumbnailUrl\":\"https:\/\/letrame.com\/catalogo\/wp-content\/uploads\/2024\/04\/Te-encontre-scaled-1.webp\",\"datePublished\":\"2024-04-29T08:34:15+00:00\",\"dateModified\":\"2024-05-15T14:35:38+00:00\",\"breadcrumb\":{\"@id\":\"https:\/\/letrame.com\/catalogo\/producto\/te-encontre\/#breadcrumb\"},\"inLanguage\":\"es\",\"potentialAction\":[{\"@type\":\"ReadAction\",\"target\":[\"https:\/\/letrame.com\/catalogo\/producto\/te-encontre\/\"]}]},{\"@type\":\"ImageObject\",\"inLanguage\":\"es\",\"@id\":\"https:\/\/letrame.com\/catalogo\/producto\/te-encontre\/#primaryimage\",\"url\":\"https:\/\/letrame.com\/catalogo\/wp-content\/uploads\/2024\/04\/Te-encontre-scaled-1.webp\",\"contentUrl\":\"https:\/\/letrame.com\/catalogo\/wp-content\/uploads\/2024\/04\/Te-encontre-scaled-1.webp\",\"width\":1746,\"height\":2560},{\"@type\":\"BreadcrumbList\",\"@id\":\"https:\/\/letrame.com\/catalogo\/producto\/te-encontre\/#breadcrumb\",\"itemListElement\":[{\"@type\":\"ListItem\",\"position\":1,\"name\":\"Portada\",\"item\":\"https:\/\/letrame.com\/catalogo\/\"},{\"@type\":\"ListItem\",\"position\":2,\"name\":\"Cat\u00e1logo\",\"item\":\"https:\/\/letrame.com\/catalogo\/\"},{\"@type\":\"ListItem\",\"position\":3,\"name\":\"Te encontr\u00e9\"}]},{\"@type\":\"WebSite\",\"@id\":\"https:\/\/letrame.com\/catalogo\/#website\",\"url\":\"https:\/\/letrame.com\/catalogo\/\",\"name\":\"Catalogo | Letrame Grupo Editorial\",\"description\":\"\",\"publisher\":{\"@id\":\"https:\/\/letrame.com\/catalogo\/#organization\"},\"potentialAction\":[{\"@type\":\"SearchAction\",\"target\":{\"@type\":\"EntryPoint\",\"urlTemplate\":\"https:\/\/letrame.com\/catalogo\/?s={search_term_string}\"},\"query-input\":{\"@type\":\"PropertyValueSpecification\",\"valueRequired\":true,\"valueName\":\"search_term_string\"}}],\"inLanguage\":\"es\"},{\"@type\":\"Organization\",\"@id\":\"https:\/\/letrame.com\/catalogo\/#organization\",\"name\":\"Catalogo | Letrame Grupo Editorial\",\"url\":\"https:\/\/letrame.com\/catalogo\/\",\"logo\":{\"@type\":\"ImageObject\",\"inLanguage\":\"es\",\"@id\":\"https:\/\/letrame.com\/catalogo\/#\/schema\/logo\/image\/\",\"url\":\"https:\/\/letrame.com\/catalogo\/wp-content\/uploads\/2024\/03\/logo2.webp\",\"contentUrl\":\"https:\/\/letrame.com\/catalogo\/wp-content\/uploads\/2024\/03\/logo2.webp\",\"width\":394,\"height\":128,\"caption\":\"Catalogo | Letrame Grupo Editorial\"},\"image\":{\"@id\":\"https:\/\/letrame.com\/catalogo\/#\/schema\/logo\/image\/\"}}]}<\/script>\n<!-- \/ Yoast SEO plugin. -->","yoast_head_json":{"title":"Te encontr\u00e9 - Catalogo | Letrame Grupo Editorial","robots":{"index":"index","follow":"follow","max-snippet":"max-snippet:-1","max-image-preview":"max-image-preview:large","max-video-preview":"max-video-preview:-1"},"canonical":"https:\/\/letrame.com\/catalogo\/producto\/te-encontre\/","og_locale":"es_ES","og_type":"article","og_title":"Te encontr\u00e9 - Catalogo | Letrame Grupo Editorial","og_description":"ISBN: 978-8413861890  Juan aprendi\u00f3 pronto que con su\u00a0alter ego podr\u00eda comerse el mundo. Todo iba bien hasta que la prensa amarilla londinense empez\u00f3 a cuestionarse por qu\u00e9 no hab\u00eda fotos en la solapa de su libro o en las contraportadas de sus libros. Empieza la carrera de un escritor para esconder su identidad. El encuentro con el amor que nunca pens\u00f3 que se merec\u00eda. En\u00a0Te encontr\u00e9\u00a0el maestro se convierte en aprendiz y un enamorado a la vieja usanza. Los sue\u00f1os a veces se hacen realidad y son m\u00e1s grandes de lo que pudimos llegar a so\u00f1ar.","og_url":"https:\/\/letrame.com\/catalogo\/producto\/te-encontre\/","og_site_name":"Catalogo | Letrame Grupo Editorial","article_modified_time":"2024-05-15T14:35:38+00:00","og_image":[{"width":1746,"height":2560,"url":"https:\/\/letrame.com\/catalogo\/wp-content\/uploads\/2024\/04\/Te-encontre-scaled-1.webp","type":"image\/webp"}],"twitter_card":"summary_large_image","twitter_misc":{"Tiempo de lectura":"1 minuto"},"schema":{"@context":"https:\/\/schema.org","@graph":[{"@type":"WebPage","@id":"https:\/\/letrame.com\/catalogo\/producto\/te-encontre\/","url":"https:\/\/letrame.com\/catalogo\/producto\/te-encontre\/","name":"Te encontr\u00e9 - Catalogo | Letrame Grupo Editorial","isPartOf":{"@id":"https:\/\/letrame.com\/catalogo\/#website"},"primaryImageOfPage":{"@id":"https:\/\/letrame.com\/catalogo\/producto\/te-encontre\/#primaryimage"},"image":{"@id":"https:\/\/letrame.com\/catalogo\/producto\/te-encontre\/#primaryimage"},"thumbnailUrl":"https:\/\/letrame.com\/catalogo\/wp-content\/uploads\/2024\/04\/Te-encontre-scaled-1.webp","datePublished":"2024-04-29T08:34:15+00:00","dateModified":"2024-05-15T14:35:38+00:00","breadcrumb":{"@id":"https:\/\/letrame.com\/catalogo\/producto\/te-encontre\/#breadcrumb"},"inLanguage":"es","potentialAction":[{"@type":"ReadAction","target":["https:\/\/letrame.com\/catalogo\/producto\/te-encontre\/"]}]},{"@type":"ImageObject","inLanguage":"es","@id":"https:\/\/letrame.com\/catalogo\/producto\/te-encontre\/#primaryimage","url":"https:\/\/letrame.com\/catalogo\/wp-content\/uploads\/2024\/04\/Te-encontre-scaled-1.webp","contentUrl":"https:\/\/letrame.com\/catalogo\/wp-content\/uploads\/2024\/04\/Te-encontre-scaled-1.webp","width":1746,"height":2560},{"@type":"BreadcrumbList","@id":"https:\/\/letrame.com\/catalogo\/producto\/te-encontre\/#breadcrumb","itemListElement":[{"@type":"ListItem","position":1,"name":"Portada","item":"https:\/\/letrame.com\/catalogo\/"},{"@type":"ListItem","position":2,"name":"Cat\u00e1logo","item":"https:\/\/letrame.com\/catalogo\/"},{"@type":"ListItem","position":3,"name":"Te encontr\u00e9"}]},{"@type":"WebSite","@id":"https:\/\/letrame.com\/catalogo\/#website","url":"https:\/\/letrame.com\/catalogo\/","name":"Catalogo | Letrame Grupo Editorial","description":"","publisher":{"@id":"https:\/\/letrame.com\/catalogo\/#organization"},"potentialAction":[{"@type":"SearchAction","target":{"@type":"EntryPoint","urlTemplate":"https:\/\/letrame.com\/catalogo\/?s={search_term_string}"},"query-input":{"@type":"PropertyValueSpecification","valueRequired":true,"valueName":"search_term_string"}}],"inLanguage":"es"},{"@type":"Organization","@id":"https:\/\/letrame.com\/catalogo\/#organization","name":"Catalogo | Letrame Grupo Editorial","url":"https:\/\/letrame.com\/catalogo\/","logo":{"@type":"ImageObject","inLanguage":"es","@id":"https:\/\/letrame.com\/catalogo\/#\/schema\/logo\/image\/","url":"https:\/\/letrame.com\/catalogo\/wp-content\/uploads\/2024\/03\/logo2.webp","contentUrl":"https:\/\/letrame.com\/catalogo\/wp-content\/uploads\/2024\/03\/logo2.webp","width":394,"height":128,"caption":"Catalogo | Letrame Grupo Editorial"},"image":{"@id":"https:\/\/letrame.com\/catalogo\/#\/schema\/logo\/image\/"}}]}},"_links":{"self":[{"href":"https:\/\/letrame.com\/catalogo\/wp-json\/wp\/v2\/product\/96362","targetHints":{"allow":["GET"]}}],"collection":[{"href":"https:\/\/letrame.com\/catalogo\/wp-json\/wp\/v2\/product"}],"about":[{"href":"https:\/\/letrame.com\/catalogo\/wp-json\/wp\/v2\/types\/product"}],"replies":[{"embeddable":true,"href":"https:\/\/letrame.com\/catalogo\/wp-json\/wp\/v2\/comments?post=96362"}],"acf:post":[{"embeddable":true,"href":"https:\/\/letrame.com\/catalogo\/wp-json\/wp\/v2\/author_book\/75025"}],"wp:featuredmedia":[{"embeddable":true,"href":"https:\/\/letrame.com\/catalogo\/wp-json\/wp\/v2\/media\/100176"}],"wp:attachment":[{"href":"https:\/\/letrame.com\/catalogo\/wp-json\/wp\/v2\/media?parent=96362"}],"wp:term":[{"taxonomy":"libro","embeddable":true,"href":"https:\/\/letrame.com\/catalogo\/wp-json\/wp\/v2\/libro?post=96362"},{"taxonomy":"product_brand","embeddable":true,"href":"https:\/\/letrame.com\/catalogo\/wp-json\/wp\/v2\/product_brand?post=96362"},{"taxonomy":"product_cat","embeddable":true,"href":"https:\/\/letrame.com\/catalogo\/wp-json\/wp\/v2\/product_cat?post=96362"},{"taxonomy":"product_tag","embeddable":true,"href":"https:\/\/letrame.com\/catalogo\/wp-json\/wp\/v2\/product_tag?post=96362"}],"curies":[{"name":"wp","href":"https:\/\/api.w.org\/{rel}","templated":true}]}}