{"id":96358,"date":"2024-04-29T10:32:43","date_gmt":"2024-04-29T08:32:43","guid":{"rendered":"https:\/\/letrame.com\/catalogo\/producto\/mpaiac\/"},"modified":"2024-04-29T10:33:57","modified_gmt":"2024-04-29T08:33:57","slug":"mpaiac","status":"publish","type":"product","link":"https:\/\/letrame.com\/catalogo\/producto\/mpaiac\/","title":{"rendered":"MPAIAC"},"content":{"rendered":"<p><b>ISBN<\/b><span style=\"font-weight: 400;\">: 978-8413861166<\/span><\/p>\n<p><b>T\u00edtulo<\/b><span style=\"font-weight: 400;\">: MPAIAC<\/span><span style=\"font-weight: 400;\"><br \/>\n<\/span><b>Fecha<\/b><span style=\"font-weight: 400;\">: 2021<\/span><span style=\"font-weight: 400;\"><br \/>\n<\/span><b>P\u00e1ginas<\/b><span style=\"font-weight: 400;\">: 582<\/span><\/p>\n<p><b>SINOPSIS<\/b><\/p>\n<p><b>El 2 de diciembre de 1975, desde los estudios de Radio Argel comenzaron las emisiones de un programa que muy pronto (y durante 2 a\u00f1os) calar\u00eda profundamente en la mentalidad de buena parte del entonces adormecido y tercermundista pueblo del archipi\u00e9lago canario: \u2018La Voz de Canarias Libre\u2019. <\/b><\/p>\n<p><b>El programa, conducido por el abogado tinerfe\u00f1o Antonio Cubillo, comenz\u00f3 a crear una especie de \u201cconciencia nacional\u201d entre una multitud de j\u00f3venes isle\u00f1os, abocados a la inmigraci\u00f3n, tras d\u00e9cadas de miserias y represi\u00f3n franquista. Muchos de ellos llegar\u00edan a organizarse en las c\u00e9lulas de la entonces desconocida organizaci\u00f3n llamada MPAIAC.Paralelamente actu\u00f3 la maquinaria internacional: el 18 de febrero de 1978, 47 (de los 49) pa\u00edses que conformaban la OUA, en la Cumbre celebrada en Tr\u00edpoli acordaron proponer \u201cal Grupo Africano de la ONU incluir a Canarias en la lista de los Territorios No Aut\u00f3nomos\u201d, reconociendo al MPAIAC como \u201cmovimiento de liberaci\u00f3n canario\u201d.<\/b><\/p>\n<p><b>Ahora, por primera vez se le da voz a una parte de aquellos j\u00f3venes: los que colocaron los petardos, los que padecieron torturas, las que soportaron violaciones en los calabozos, los que provocaron los motines carcelarios, los que sufrieron la escandalosa merma de sus derechos, los que se rebelaron con huelgas de hambre hasta casi la agon\u00eda\u2026\u00a1Son sus recuerdos!<\/b><\/p>\n","protected":false},"excerpt":{"rendered":"<p><strong>ISBN: 978-8413861166<\/strong><\/p>\n<p><b>El programa, conducido por el abogado tinerfe\u00f1o Antonio Cubillo, comenz\u00f3 a crear una especie de \u201cconciencia nacional\u201d entre una multitud de j\u00f3venes isle\u00f1os, abocados a la inmigraci\u00f3n, tras d\u00e9cadas de miserias y represi\u00f3n franquista. Muchos de ellos llegar\u00edan a organizarse en las c\u00e9lulas de la entonces desconocida organizaci\u00f3n llamada MPAIAC.Paralelamente actu\u00f3 la maquinaria internacional: el 18 de febrero de 1978, 47 (de los 49) pa\u00edses que conformaban la OUA, en la Cumbre celebrada en Tr\u00edpoli acordaron proponer \u201cal Grupo Africano de la ONU incluir a Canarias en la lista de los Territorios No Aut\u00f3nomos\u201d, reconociendo al MPAIAC como \u201cmovimiento de liberaci\u00f3n canario\u201d.<\/b><\/p>\n","protected":false},"featured_media":96359,"comment_status":"closed","ping_status":"open","template":"","meta":{"_acf_changed":false},"libro":[],"product_brand":[],"product_cat":[23],"product_tag":[],"class_list":{"0":"post-96358","1":"product","2":"type-product","3":"status-publish","4":"has-post-thumbnail","6":"product_cat-ensayos","8":"first","9":"instock","10":"purchasable","11":"product-type-simple"},"acf":{"autor":[75021],"enlace_de_compra":"https:\/\/www.amazon.es\/MPAIAC-Recuerdos-lucha-01-Ensayo\/dp\/8413861160\/ref=sr_1_1?__mk_es_ES=%C3%85M%C3%85%C5%BD%C3%95%C3%91&amp;dchild=1&amp;keywords=letrame+s.l.+MPAIAC&amp;qid=1614260556&amp;sr=8-1"},"yoast_head":"<!-- This site is optimized with the Yoast SEO plugin v27.4 - https:\/\/yoast.com\/product\/yoast-seo-wordpress\/ -->\n<title>MPAIAC - Catalogo | Letrame Grupo Editorial<\/title>\n<meta name=\"robots\" content=\"index, follow, max-snippet:-1, max-image-preview:large, max-video-preview:-1\" \/>\n<link rel=\"canonical\" href=\"https:\/\/letrame.com\/catalogo\/producto\/mpaiac\/\" \/>\n<meta property=\"og:locale\" content=\"es_ES\" \/>\n<meta property=\"og:type\" content=\"article\" \/>\n<meta property=\"og:title\" content=\"MPAIAC - Catalogo | Letrame Grupo Editorial\" \/>\n<meta property=\"og:description\" content=\"ISBN: 978-8413861166 El programa, conducido por el abogado tinerfe\u00f1o Antonio Cubillo, comenz\u00f3 a crear una especie de \u201cconciencia nacional\u201d entre una multitud de j\u00f3venes isle\u00f1os, abocados a la inmigraci\u00f3n, tras d\u00e9cadas de miserias y represi\u00f3n franquista. Muchos de ellos llegar\u00edan a organizarse en las c\u00e9lulas de la entonces desconocida organizaci\u00f3n llamada MPAIAC.Paralelamente actu\u00f3 la maquinaria internacional: el 18 de febrero de 1978, 47 (de los 49) pa\u00edses que conformaban la OUA, en la Cumbre celebrada en Tr\u00edpoli acordaron proponer \u201cal Grupo Africano de la ONU incluir a Canarias en la lista de los Territorios No Aut\u00f3nomos\u201d, reconociendo al MPAIAC como \u201cmovimiento de liberaci\u00f3n canario\u201d.\" \/>\n<meta property=\"og:url\" content=\"https:\/\/letrame.com\/catalogo\/producto\/mpaiac\/\" \/>\n<meta property=\"og:site_name\" content=\"Catalogo | Letrame Grupo Editorial\" \/>\n<meta property=\"article:modified_time\" content=\"2024-04-29T08:33:57+00:00\" \/>\n<meta property=\"og:image\" content=\"https:\/\/letrame.com\/catalogo\/wp-content\/uploads\/2024\/04\/MPAIAC-scaled-1.jpg\" \/>\n\t<meta property=\"og:image:width\" content=\"1746\" \/>\n\t<meta property=\"og:image:height\" content=\"2560\" \/>\n\t<meta property=\"og:image:type\" content=\"image\/jpeg\" \/>\n<meta name=\"twitter:card\" content=\"summary_large_image\" \/>\n<meta name=\"twitter:label1\" content=\"Tiempo de lectura\" \/>\n\t<meta name=\"twitter:data1\" content=\"1 minuto\" \/>\n<script type=\"application\/ld+json\" class=\"yoast-schema-graph\">{\"@context\":\"https:\\\/\\\/schema.org\",\"@graph\":[{\"@type\":\"WebPage\",\"@id\":\"https:\\\/\\\/letrame.com\\\/catalogo\\\/producto\\\/mpaiac\\\/\",\"url\":\"https:\\\/\\\/letrame.com\\\/catalogo\\\/producto\\\/mpaiac\\\/\",\"name\":\"MPAIAC - Catalogo | Letrame Grupo Editorial\",\"isPartOf\":{\"@id\":\"https:\\\/\\\/letrame.com\\\/catalogo\\\/#website\"},\"primaryImageOfPage\":{\"@id\":\"https:\\\/\\\/letrame.com\\\/catalogo\\\/producto\\\/mpaiac\\\/#primaryimage\"},\"image\":{\"@id\":\"https:\\\/\\\/letrame.com\\\/catalogo\\\/producto\\\/mpaiac\\\/#primaryimage\"},\"thumbnailUrl\":\"https:\\\/\\\/letrame.com\\\/catalogo\\\/wp-content\\\/uploads\\\/2024\\\/04\\\/MPAIAC-scaled-1.jpg\",\"datePublished\":\"2024-04-29T08:32:43+00:00\",\"dateModified\":\"2024-04-29T08:33:57+00:00\",\"breadcrumb\":{\"@id\":\"https:\\\/\\\/letrame.com\\\/catalogo\\\/producto\\\/mpaiac\\\/#breadcrumb\"},\"inLanguage\":\"es\",\"potentialAction\":[{\"@type\":\"ReadAction\",\"target\":[\"https:\\\/\\\/letrame.com\\\/catalogo\\\/producto\\\/mpaiac\\\/\"]}]},{\"@type\":\"ImageObject\",\"inLanguage\":\"es\",\"@id\":\"https:\\\/\\\/letrame.com\\\/catalogo\\\/producto\\\/mpaiac\\\/#primaryimage\",\"url\":\"https:\\\/\\\/letrame.com\\\/catalogo\\\/wp-content\\\/uploads\\\/2024\\\/04\\\/MPAIAC-scaled-1.jpg\",\"contentUrl\":\"https:\\\/\\\/letrame.com\\\/catalogo\\\/wp-content\\\/uploads\\\/2024\\\/04\\\/MPAIAC-scaled-1.jpg\",\"width\":1746,\"height\":2560},{\"@type\":\"BreadcrumbList\",\"@id\":\"https:\\\/\\\/letrame.com\\\/catalogo\\\/producto\\\/mpaiac\\\/#breadcrumb\",\"itemListElement\":[{\"@type\":\"ListItem\",\"position\":1,\"name\":\"Portada\",\"item\":\"https:\\\/\\\/letrame.com\\\/catalogo\\\/\"},{\"@type\":\"ListItem\",\"position\":2,\"name\":\"Cat\u00e1logo\",\"item\":\"https:\\\/\\\/letrame.com\\\/catalogo\\\/\"},{\"@type\":\"ListItem\",\"position\":3,\"name\":\"MPAIAC\"}]},{\"@type\":\"WebSite\",\"@id\":\"https:\\\/\\\/letrame.com\\\/catalogo\\\/#website\",\"url\":\"https:\\\/\\\/letrame.com\\\/catalogo\\\/\",\"name\":\"Catalogo | Letrame Grupo Editorial\",\"description\":\"\",\"publisher\":{\"@id\":\"https:\\\/\\\/letrame.com\\\/catalogo\\\/#organization\"},\"potentialAction\":[{\"@type\":\"SearchAction\",\"target\":{\"@type\":\"EntryPoint\",\"urlTemplate\":\"https:\\\/\\\/letrame.com\\\/catalogo\\\/?s={search_term_string}\"},\"query-input\":{\"@type\":\"PropertyValueSpecification\",\"valueRequired\":true,\"valueName\":\"search_term_string\"}}],\"inLanguage\":\"es\"},{\"@type\":\"Organization\",\"@id\":\"https:\\\/\\\/letrame.com\\\/catalogo\\\/#organization\",\"name\":\"Catalogo | Letrame Grupo Editorial\",\"url\":\"https:\\\/\\\/letrame.com\\\/catalogo\\\/\",\"logo\":{\"@type\":\"ImageObject\",\"inLanguage\":\"es\",\"@id\":\"https:\\\/\\\/letrame.com\\\/catalogo\\\/#\\\/schema\\\/logo\\\/image\\\/\",\"url\":\"https:\\\/\\\/letrame.com\\\/catalogo\\\/wp-content\\\/uploads\\\/2024\\\/03\\\/logo2.webp\",\"contentUrl\":\"https:\\\/\\\/letrame.com\\\/catalogo\\\/wp-content\\\/uploads\\\/2024\\\/03\\\/logo2.webp\",\"width\":394,\"height\":128,\"caption\":\"Catalogo | Letrame Grupo Editorial\"},\"image\":{\"@id\":\"https:\\\/\\\/letrame.com\\\/catalogo\\\/#\\\/schema\\\/logo\\\/image\\\/\"}}]}<\/script>\n<!-- \/ Yoast SEO plugin. -->","yoast_head_json":{"title":"MPAIAC - Catalogo | Letrame Grupo Editorial","robots":{"index":"index","follow":"follow","max-snippet":"max-snippet:-1","max-image-preview":"max-image-preview:large","max-video-preview":"max-video-preview:-1"},"canonical":"https:\/\/letrame.com\/catalogo\/producto\/mpaiac\/","og_locale":"es_ES","og_type":"article","og_title":"MPAIAC - Catalogo | Letrame Grupo Editorial","og_description":"ISBN: 978-8413861166 El programa, conducido por el abogado tinerfe\u00f1o Antonio Cubillo, comenz\u00f3 a crear una especie de \u201cconciencia nacional\u201d entre una multitud de j\u00f3venes isle\u00f1os, abocados a la inmigraci\u00f3n, tras d\u00e9cadas de miserias y represi\u00f3n franquista. Muchos de ellos llegar\u00edan a organizarse en las c\u00e9lulas de la entonces desconocida organizaci\u00f3n llamada MPAIAC.Paralelamente actu\u00f3 la maquinaria internacional: el 18 de febrero de 1978, 47 (de los 49) pa\u00edses que conformaban la OUA, en la Cumbre celebrada en Tr\u00edpoli acordaron proponer \u201cal Grupo Africano de la ONU incluir a Canarias en la lista de los Territorios No Aut\u00f3nomos\u201d, reconociendo al MPAIAC como \u201cmovimiento de liberaci\u00f3n canario\u201d.","og_url":"https:\/\/letrame.com\/catalogo\/producto\/mpaiac\/","og_site_name":"Catalogo | Letrame Grupo Editorial","article_modified_time":"2024-04-29T08:33:57+00:00","og_image":[{"width":1746,"height":2560,"url":"https:\/\/letrame.com\/catalogo\/wp-content\/uploads\/2024\/04\/MPAIAC-scaled-1.jpg","type":"image\/jpeg"}],"twitter_card":"summary_large_image","twitter_misc":{"Tiempo de lectura":"1 minuto"},"schema":{"@context":"https:\/\/schema.org","@graph":[{"@type":"WebPage","@id":"https:\/\/letrame.com\/catalogo\/producto\/mpaiac\/","url":"https:\/\/letrame.com\/catalogo\/producto\/mpaiac\/","name":"MPAIAC - Catalogo | Letrame Grupo Editorial","isPartOf":{"@id":"https:\/\/letrame.com\/catalogo\/#website"},"primaryImageOfPage":{"@id":"https:\/\/letrame.com\/catalogo\/producto\/mpaiac\/#primaryimage"},"image":{"@id":"https:\/\/letrame.com\/catalogo\/producto\/mpaiac\/#primaryimage"},"thumbnailUrl":"https:\/\/letrame.com\/catalogo\/wp-content\/uploads\/2024\/04\/MPAIAC-scaled-1.jpg","datePublished":"2024-04-29T08:32:43+00:00","dateModified":"2024-04-29T08:33:57+00:00","breadcrumb":{"@id":"https:\/\/letrame.com\/catalogo\/producto\/mpaiac\/#breadcrumb"},"inLanguage":"es","potentialAction":[{"@type":"ReadAction","target":["https:\/\/letrame.com\/catalogo\/producto\/mpaiac\/"]}]},{"@type":"ImageObject","inLanguage":"es","@id":"https:\/\/letrame.com\/catalogo\/producto\/mpaiac\/#primaryimage","url":"https:\/\/letrame.com\/catalogo\/wp-content\/uploads\/2024\/04\/MPAIAC-scaled-1.jpg","contentUrl":"https:\/\/letrame.com\/catalogo\/wp-content\/uploads\/2024\/04\/MPAIAC-scaled-1.jpg","width":1746,"height":2560},{"@type":"BreadcrumbList","@id":"https:\/\/letrame.com\/catalogo\/producto\/mpaiac\/#breadcrumb","itemListElement":[{"@type":"ListItem","position":1,"name":"Portada","item":"https:\/\/letrame.com\/catalogo\/"},{"@type":"ListItem","position":2,"name":"Cat\u00e1logo","item":"https:\/\/letrame.com\/catalogo\/"},{"@type":"ListItem","position":3,"name":"MPAIAC"}]},{"@type":"WebSite","@id":"https:\/\/letrame.com\/catalogo\/#website","url":"https:\/\/letrame.com\/catalogo\/","name":"Catalogo | Letrame Grupo Editorial","description":"","publisher":{"@id":"https:\/\/letrame.com\/catalogo\/#organization"},"potentialAction":[{"@type":"SearchAction","target":{"@type":"EntryPoint","urlTemplate":"https:\/\/letrame.com\/catalogo\/?s={search_term_string}"},"query-input":{"@type":"PropertyValueSpecification","valueRequired":true,"valueName":"search_term_string"}}],"inLanguage":"es"},{"@type":"Organization","@id":"https:\/\/letrame.com\/catalogo\/#organization","name":"Catalogo | Letrame Grupo Editorial","url":"https:\/\/letrame.com\/catalogo\/","logo":{"@type":"ImageObject","inLanguage":"es","@id":"https:\/\/letrame.com\/catalogo\/#\/schema\/logo\/image\/","url":"https:\/\/letrame.com\/catalogo\/wp-content\/uploads\/2024\/03\/logo2.webp","contentUrl":"https:\/\/letrame.com\/catalogo\/wp-content\/uploads\/2024\/03\/logo2.webp","width":394,"height":128,"caption":"Catalogo | Letrame Grupo Editorial"},"image":{"@id":"https:\/\/letrame.com\/catalogo\/#\/schema\/logo\/image\/"}}]}},"_links":{"self":[{"href":"https:\/\/letrame.com\/catalogo\/wp-json\/wp\/v2\/product\/96358","targetHints":{"allow":["GET"]}}],"collection":[{"href":"https:\/\/letrame.com\/catalogo\/wp-json\/wp\/v2\/product"}],"about":[{"href":"https:\/\/letrame.com\/catalogo\/wp-json\/wp\/v2\/types\/product"}],"replies":[{"embeddable":true,"href":"https:\/\/letrame.com\/catalogo\/wp-json\/wp\/v2\/comments?post=96358"}],"acf:post":[{"embeddable":true,"href":"https:\/\/letrame.com\/catalogo\/wp-json\/wp\/v2\/author_book\/75021"}],"wp:featuredmedia":[{"embeddable":true,"href":"https:\/\/letrame.com\/catalogo\/wp-json\/wp\/v2\/media\/96359"}],"wp:attachment":[{"href":"https:\/\/letrame.com\/catalogo\/wp-json\/wp\/v2\/media?parent=96358"}],"wp:term":[{"taxonomy":"libro","embeddable":true,"href":"https:\/\/letrame.com\/catalogo\/wp-json\/wp\/v2\/libro?post=96358"},{"taxonomy":"product_brand","embeddable":true,"href":"https:\/\/letrame.com\/catalogo\/wp-json\/wp\/v2\/product_brand?post=96358"},{"taxonomy":"product_cat","embeddable":true,"href":"https:\/\/letrame.com\/catalogo\/wp-json\/wp\/v2\/product_cat?post=96358"},{"taxonomy":"product_tag","embeddable":true,"href":"https:\/\/letrame.com\/catalogo\/wp-json\/wp\/v2\/product_tag?post=96358"}],"curies":[{"name":"wp","href":"https:\/\/api.w.org\/{rel}","templated":true}]}}