{"id":96355,"date":"2024-04-29T10:32:43","date_gmt":"2024-04-29T08:32:43","guid":{"rendered":"https:\/\/letrame.com\/catalogo\/producto\/manual-de-mastologia-y-ultrasonido-mamario\/"},"modified":"2024-05-15T16:36:28","modified_gmt":"2024-05-15T14:36:28","slug":"manual-de-mastologia-y-ultrasonido-mamario","status":"publish","type":"product","link":"https:\/\/letrame.com\/catalogo\/producto\/manual-de-mastologia-y-ultrasonido-mamario\/","title":{"rendered":"Manual de mastolog\u00eda y ultrasonido mamario"},"content":{"rendered":"<p><b>ISBN<\/b><span style=\"font-weight: 400;\">: 978-8413860749<\/span><\/p>\n<p><b>T\u00edtulo<\/b><span style=\"font-weight: 400;\">: Manual de mastolog\u00eda y ultrasonido mamario<\/span><\/p>\n<p><b>Fecha<\/b><span style=\"font-weight: 400;\">: 2021<\/span><span style=\"font-weight: 400;\"><br \/>\n<\/span><b>P\u00e1ginas<\/b><span style=\"font-weight: 400;\">: 202<\/span><\/p>\n<p><b>SINOPSIS<\/b><\/p>\n<p>La pr\u00e1ctica de la Mastolog\u00eda est\u00e1 llena de avances y cambios que se asocian a mejor pron\u00f3stico para las pacientes. El m\u00e9dico cl\u00ednico que eval\u00faa y toma las decisiones requiere integrar conocimiento te\u00f3rico y pr\u00e1ctico, y desarrollar nuevas habilidades que le permitan preferentemente en tiempo real y de manera expedita detectar o corroborar patolog\u00eda mamaria y si as\u00ed es, realizar los procedimientos complementarios para un diagn\u00f3stico preciso.<\/p>\n<p>La sonograf\u00eda mamaria es un m\u00e9todo de evaluaci\u00f3n que debe integrarse a las habilidades cotidianas del cl\u00ednico experto en patolog\u00eda mamaria.Requiere de capacitaci\u00f3n t\u00e9cnica y pr\u00e1ctica, y este manual presenta la informaci\u00f3n te\u00f3rica y ejemplifica de manera sencilla las bases para una pr\u00e1ctica sonogr\u00e1fica exitosa.La uni\u00f3n de la informaci\u00f3n obtenida por la exploraci\u00f3n f\u00edsica, la mastograf\u00eda y el ultrasonido mamario permitir\u00e1, en muchos casos, corroborar o descartar patolog\u00eda y tomar decisiones de alta certeza.Debemos integrar el ultrasonido al consultorio del cl\u00ednico e incluir la evaluaci\u00f3n con este m\u00e9todo como una rutina. Logrando cuando sea necesario la toma de biopsias guiadas con ultrasonido que ser\u00e1n m\u00e1s precisas.<\/p>\n","protected":false},"excerpt":{"rendered":"<p><strong>ISBN: 978-8413860749<\/strong><\/p>\n<p>La pr\u00e1ctica de la Mastolog\u00eda est\u00e1 llena de avances y cambios que se asocian a mejor pron\u00f3stico para las pacientes. El m\u00e9dico cl\u00ednico que eval\u00faa y toma las decisiones requiere integrar conocimiento te\u00f3rico y pr\u00e1ctico, y desarrollar nuevas habilidades que le permitan preferentemente en tiempo real y de manera expedita detectar o corroborar patolog\u00eda mamaria y si as\u00ed es, realizar los procedimientos complementarios para un diagn\u00f3stico preciso.<\/p>\n","protected":false},"featured_media":100177,"comment_status":"closed","ping_status":"closed","template":"","meta":{"_acf_changed":false},"libro":[],"product_brand":[],"product_cat":[22,23],"product_tag":[],"class_list":{"0":"post-96355","1":"product","2":"type-product","3":"status-publish","4":"has-post-thumbnail","6":"product_cat-docencia","7":"product_cat-ensayos","9":"first","10":"instock","11":"purchasable","12":"product-type-simple"},"acf":{"autor":[75018],"enlace_de_compra":"https:\/\/www.amazon.es\/Manual-mastolog%C3%ADa-ultrasonido-mamario-01\/dp\/8413860741\/ref=sr_1_1?__mk_es_ES=%C3%85M%C3%85%C5%BD%C3%95%C3%91&amp;dchild=1&amp;keywords=letrame+s.l.+Manual+de+mastolog%C3%ADa&amp;qid=1614257476&amp;sr=8-1"},"yoast_head":"<!-- This site is optimized with the Yoast SEO plugin v27.4 - https:\/\/yoast.com\/product\/yoast-seo-wordpress\/ -->\n<title>Manual de mastolog\u00eda y ultrasonido mamario - Catalogo | Letrame Grupo Editorial<\/title>\n<meta name=\"robots\" content=\"index, follow, max-snippet:-1, max-image-preview:large, max-video-preview:-1\" \/>\n<link rel=\"canonical\" href=\"https:\/\/letrame.com\/catalogo\/producto\/manual-de-mastologia-y-ultrasonido-mamario\/\" \/>\n<meta property=\"og:locale\" content=\"es_ES\" \/>\n<meta property=\"og:type\" content=\"article\" \/>\n<meta property=\"og:title\" content=\"Manual de mastolog\u00eda y ultrasonido mamario - Catalogo | Letrame Grupo Editorial\" \/>\n<meta property=\"og:description\" content=\"ISBN: 978-8413860749  La pr\u00e1ctica de la Mastolog\u00eda est\u00e1 llena de avances y cambios que se asocian a mejor pron\u00f3stico para las pacientes. El m\u00e9dico cl\u00ednico que eval\u00faa y toma las decisiones requiere integrar conocimiento te\u00f3rico y pr\u00e1ctico, y desarrollar nuevas habilidades que le permitan preferentemente en tiempo real y de manera expedita detectar o corroborar patolog\u00eda mamaria y si as\u00ed es, realizar los procedimientos complementarios para un diagn\u00f3stico preciso.\" \/>\n<meta property=\"og:url\" content=\"https:\/\/letrame.com\/catalogo\/producto\/manual-de-mastologia-y-ultrasonido-mamario\/\" \/>\n<meta property=\"og:site_name\" content=\"Catalogo | Letrame Grupo Editorial\" \/>\n<meta property=\"article:modified_time\" content=\"2024-05-15T14:36:28+00:00\" \/>\n<meta property=\"og:image\" content=\"https:\/\/letrame.com\/catalogo\/wp-content\/uploads\/2024\/04\/Manual-de-mastologia-scaled-1.webp\" \/>\n\t<meta property=\"og:image:width\" content=\"1813\" \/>\n\t<meta property=\"og:image:height\" content=\"2560\" \/>\n\t<meta property=\"og:image:type\" content=\"image\/webp\" \/>\n<meta name=\"twitter:card\" content=\"summary_large_image\" \/>\n<meta name=\"twitter:label1\" content=\"Tiempo de lectura\" \/>\n\t<meta name=\"twitter:data1\" content=\"2 minutos\" \/>\n<script type=\"application\/ld+json\" class=\"yoast-schema-graph\">{\"@context\":\"https:\\\/\\\/schema.org\",\"@graph\":[{\"@type\":\"WebPage\",\"@id\":\"https:\\\/\\\/letrame.com\\\/catalogo\\\/producto\\\/manual-de-mastologia-y-ultrasonido-mamario\\\/\",\"url\":\"https:\\\/\\\/letrame.com\\\/catalogo\\\/producto\\\/manual-de-mastologia-y-ultrasonido-mamario\\\/\",\"name\":\"Manual de mastolog\u00eda y ultrasonido mamario - Catalogo | Letrame Grupo Editorial\",\"isPartOf\":{\"@id\":\"https:\\\/\\\/letrame.com\\\/catalogo\\\/#website\"},\"primaryImageOfPage\":{\"@id\":\"https:\\\/\\\/letrame.com\\\/catalogo\\\/producto\\\/manual-de-mastologia-y-ultrasonido-mamario\\\/#primaryimage\"},\"image\":{\"@id\":\"https:\\\/\\\/letrame.com\\\/catalogo\\\/producto\\\/manual-de-mastologia-y-ultrasonido-mamario\\\/#primaryimage\"},\"thumbnailUrl\":\"https:\\\/\\\/letrame.com\\\/catalogo\\\/wp-content\\\/uploads\\\/2024\\\/04\\\/Manual-de-mastologia-scaled-1.webp\",\"datePublished\":\"2024-04-29T08:32:43+00:00\",\"dateModified\":\"2024-05-15T14:36:28+00:00\",\"breadcrumb\":{\"@id\":\"https:\\\/\\\/letrame.com\\\/catalogo\\\/producto\\\/manual-de-mastologia-y-ultrasonido-mamario\\\/#breadcrumb\"},\"inLanguage\":\"es\",\"potentialAction\":[{\"@type\":\"ReadAction\",\"target\":[\"https:\\\/\\\/letrame.com\\\/catalogo\\\/producto\\\/manual-de-mastologia-y-ultrasonido-mamario\\\/\"]}]},{\"@type\":\"ImageObject\",\"inLanguage\":\"es\",\"@id\":\"https:\\\/\\\/letrame.com\\\/catalogo\\\/producto\\\/manual-de-mastologia-y-ultrasonido-mamario\\\/#primaryimage\",\"url\":\"https:\\\/\\\/letrame.com\\\/catalogo\\\/wp-content\\\/uploads\\\/2024\\\/04\\\/Manual-de-mastologia-scaled-1.webp\",\"contentUrl\":\"https:\\\/\\\/letrame.com\\\/catalogo\\\/wp-content\\\/uploads\\\/2024\\\/04\\\/Manual-de-mastologia-scaled-1.webp\",\"width\":1813,\"height\":2560},{\"@type\":\"BreadcrumbList\",\"@id\":\"https:\\\/\\\/letrame.com\\\/catalogo\\\/producto\\\/manual-de-mastologia-y-ultrasonido-mamario\\\/#breadcrumb\",\"itemListElement\":[{\"@type\":\"ListItem\",\"position\":1,\"name\":\"Portada\",\"item\":\"https:\\\/\\\/letrame.com\\\/catalogo\\\/\"},{\"@type\":\"ListItem\",\"position\":2,\"name\":\"Cat\u00e1logo\",\"item\":\"https:\\\/\\\/letrame.com\\\/catalogo\\\/\"},{\"@type\":\"ListItem\",\"position\":3,\"name\":\"Manual de mastolog\u00eda y ultrasonido mamario\"}]},{\"@type\":\"WebSite\",\"@id\":\"https:\\\/\\\/letrame.com\\\/catalogo\\\/#website\",\"url\":\"https:\\\/\\\/letrame.com\\\/catalogo\\\/\",\"name\":\"Catalogo | Letrame Grupo Editorial\",\"description\":\"\",\"publisher\":{\"@id\":\"https:\\\/\\\/letrame.com\\\/catalogo\\\/#organization\"},\"potentialAction\":[{\"@type\":\"SearchAction\",\"target\":{\"@type\":\"EntryPoint\",\"urlTemplate\":\"https:\\\/\\\/letrame.com\\\/catalogo\\\/?s={search_term_string}\"},\"query-input\":{\"@type\":\"PropertyValueSpecification\",\"valueRequired\":true,\"valueName\":\"search_term_string\"}}],\"inLanguage\":\"es\"},{\"@type\":\"Organization\",\"@id\":\"https:\\\/\\\/letrame.com\\\/catalogo\\\/#organization\",\"name\":\"Catalogo | Letrame Grupo Editorial\",\"url\":\"https:\\\/\\\/letrame.com\\\/catalogo\\\/\",\"logo\":{\"@type\":\"ImageObject\",\"inLanguage\":\"es\",\"@id\":\"https:\\\/\\\/letrame.com\\\/catalogo\\\/#\\\/schema\\\/logo\\\/image\\\/\",\"url\":\"https:\\\/\\\/letrame.com\\\/catalogo\\\/wp-content\\\/uploads\\\/2024\\\/03\\\/logo2.webp\",\"contentUrl\":\"https:\\\/\\\/letrame.com\\\/catalogo\\\/wp-content\\\/uploads\\\/2024\\\/03\\\/logo2.webp\",\"width\":394,\"height\":128,\"caption\":\"Catalogo | Letrame Grupo Editorial\"},\"image\":{\"@id\":\"https:\\\/\\\/letrame.com\\\/catalogo\\\/#\\\/schema\\\/logo\\\/image\\\/\"}}]}<\/script>\n<!-- \/ Yoast SEO plugin. -->","yoast_head_json":{"title":"Manual de mastolog\u00eda y ultrasonido mamario - Catalogo | Letrame Grupo Editorial","robots":{"index":"index","follow":"follow","max-snippet":"max-snippet:-1","max-image-preview":"max-image-preview:large","max-video-preview":"max-video-preview:-1"},"canonical":"https:\/\/letrame.com\/catalogo\/producto\/manual-de-mastologia-y-ultrasonido-mamario\/","og_locale":"es_ES","og_type":"article","og_title":"Manual de mastolog\u00eda y ultrasonido mamario - Catalogo | Letrame Grupo Editorial","og_description":"ISBN: 978-8413860749  La pr\u00e1ctica de la Mastolog\u00eda est\u00e1 llena de avances y cambios que se asocian a mejor pron\u00f3stico para las pacientes. El m\u00e9dico cl\u00ednico que eval\u00faa y toma las decisiones requiere integrar conocimiento te\u00f3rico y pr\u00e1ctico, y desarrollar nuevas habilidades que le permitan preferentemente en tiempo real y de manera expedita detectar o corroborar patolog\u00eda mamaria y si as\u00ed es, realizar los procedimientos complementarios para un diagn\u00f3stico preciso.","og_url":"https:\/\/letrame.com\/catalogo\/producto\/manual-de-mastologia-y-ultrasonido-mamario\/","og_site_name":"Catalogo | Letrame Grupo Editorial","article_modified_time":"2024-05-15T14:36:28+00:00","og_image":[{"width":1813,"height":2560,"url":"https:\/\/letrame.com\/catalogo\/wp-content\/uploads\/2024\/04\/Manual-de-mastologia-scaled-1.webp","type":"image\/webp"}],"twitter_card":"summary_large_image","twitter_misc":{"Tiempo de lectura":"2 minutos"},"schema":{"@context":"https:\/\/schema.org","@graph":[{"@type":"WebPage","@id":"https:\/\/letrame.com\/catalogo\/producto\/manual-de-mastologia-y-ultrasonido-mamario\/","url":"https:\/\/letrame.com\/catalogo\/producto\/manual-de-mastologia-y-ultrasonido-mamario\/","name":"Manual de mastolog\u00eda y ultrasonido mamario - Catalogo | Letrame Grupo Editorial","isPartOf":{"@id":"https:\/\/letrame.com\/catalogo\/#website"},"primaryImageOfPage":{"@id":"https:\/\/letrame.com\/catalogo\/producto\/manual-de-mastologia-y-ultrasonido-mamario\/#primaryimage"},"image":{"@id":"https:\/\/letrame.com\/catalogo\/producto\/manual-de-mastologia-y-ultrasonido-mamario\/#primaryimage"},"thumbnailUrl":"https:\/\/letrame.com\/catalogo\/wp-content\/uploads\/2024\/04\/Manual-de-mastologia-scaled-1.webp","datePublished":"2024-04-29T08:32:43+00:00","dateModified":"2024-05-15T14:36:28+00:00","breadcrumb":{"@id":"https:\/\/letrame.com\/catalogo\/producto\/manual-de-mastologia-y-ultrasonido-mamario\/#breadcrumb"},"inLanguage":"es","potentialAction":[{"@type":"ReadAction","target":["https:\/\/letrame.com\/catalogo\/producto\/manual-de-mastologia-y-ultrasonido-mamario\/"]}]},{"@type":"ImageObject","inLanguage":"es","@id":"https:\/\/letrame.com\/catalogo\/producto\/manual-de-mastologia-y-ultrasonido-mamario\/#primaryimage","url":"https:\/\/letrame.com\/catalogo\/wp-content\/uploads\/2024\/04\/Manual-de-mastologia-scaled-1.webp","contentUrl":"https:\/\/letrame.com\/catalogo\/wp-content\/uploads\/2024\/04\/Manual-de-mastologia-scaled-1.webp","width":1813,"height":2560},{"@type":"BreadcrumbList","@id":"https:\/\/letrame.com\/catalogo\/producto\/manual-de-mastologia-y-ultrasonido-mamario\/#breadcrumb","itemListElement":[{"@type":"ListItem","position":1,"name":"Portada","item":"https:\/\/letrame.com\/catalogo\/"},{"@type":"ListItem","position":2,"name":"Cat\u00e1logo","item":"https:\/\/letrame.com\/catalogo\/"},{"@type":"ListItem","position":3,"name":"Manual de mastolog\u00eda y ultrasonido mamario"}]},{"@type":"WebSite","@id":"https:\/\/letrame.com\/catalogo\/#website","url":"https:\/\/letrame.com\/catalogo\/","name":"Catalogo | Letrame Grupo Editorial","description":"","publisher":{"@id":"https:\/\/letrame.com\/catalogo\/#organization"},"potentialAction":[{"@type":"SearchAction","target":{"@type":"EntryPoint","urlTemplate":"https:\/\/letrame.com\/catalogo\/?s={search_term_string}"},"query-input":{"@type":"PropertyValueSpecification","valueRequired":true,"valueName":"search_term_string"}}],"inLanguage":"es"},{"@type":"Organization","@id":"https:\/\/letrame.com\/catalogo\/#organization","name":"Catalogo | Letrame Grupo Editorial","url":"https:\/\/letrame.com\/catalogo\/","logo":{"@type":"ImageObject","inLanguage":"es","@id":"https:\/\/letrame.com\/catalogo\/#\/schema\/logo\/image\/","url":"https:\/\/letrame.com\/catalogo\/wp-content\/uploads\/2024\/03\/logo2.webp","contentUrl":"https:\/\/letrame.com\/catalogo\/wp-content\/uploads\/2024\/03\/logo2.webp","width":394,"height":128,"caption":"Catalogo | Letrame Grupo Editorial"},"image":{"@id":"https:\/\/letrame.com\/catalogo\/#\/schema\/logo\/image\/"}}]}},"_links":{"self":[{"href":"https:\/\/letrame.com\/catalogo\/wp-json\/wp\/v2\/product\/96355","targetHints":{"allow":["GET"]}}],"collection":[{"href":"https:\/\/letrame.com\/catalogo\/wp-json\/wp\/v2\/product"}],"about":[{"href":"https:\/\/letrame.com\/catalogo\/wp-json\/wp\/v2\/types\/product"}],"replies":[{"embeddable":true,"href":"https:\/\/letrame.com\/catalogo\/wp-json\/wp\/v2\/comments?post=96355"}],"acf:post":[{"embeddable":true,"href":"https:\/\/letrame.com\/catalogo\/wp-json\/wp\/v2\/author_book\/75018"}],"wp:featuredmedia":[{"embeddable":true,"href":"https:\/\/letrame.com\/catalogo\/wp-json\/wp\/v2\/media\/100177"}],"wp:attachment":[{"href":"https:\/\/letrame.com\/catalogo\/wp-json\/wp\/v2\/media?parent=96355"}],"wp:term":[{"taxonomy":"libro","embeddable":true,"href":"https:\/\/letrame.com\/catalogo\/wp-json\/wp\/v2\/libro?post=96355"},{"taxonomy":"product_brand","embeddable":true,"href":"https:\/\/letrame.com\/catalogo\/wp-json\/wp\/v2\/product_brand?post=96355"},{"taxonomy":"product_cat","embeddable":true,"href":"https:\/\/letrame.com\/catalogo\/wp-json\/wp\/v2\/product_cat?post=96355"},{"taxonomy":"product_tag","embeddable":true,"href":"https:\/\/letrame.com\/catalogo\/wp-json\/wp\/v2\/product_tag?post=96355"}],"curies":[{"name":"wp","href":"https:\/\/api.w.org\/{rel}","templated":true}]}}