{"id":96330,"date":"2024-04-29T10:28:51","date_gmt":"2024-04-29T08:28:51","guid":{"rendered":"https:\/\/letrame.com\/catalogo\/producto\/el-juego-de-nuestras-vidas-la-edad-de-oro-del-ajedrez-grancanario-1954-1979\/"},"modified":"2024-04-29T10:29:23","modified_gmt":"2024-04-29T08:29:23","slug":"el-juego-de-nuestras-vidas-la-edad-de-oro-del-ajedrez-grancanario-1954-1979","status":"publish","type":"product","link":"https:\/\/letrame.com\/catalogo\/producto\/el-juego-de-nuestras-vidas-la-edad-de-oro-del-ajedrez-grancanario-1954-1979\/","title":{"rendered":"El juego de nuestras vidas. La edad de oro del ajedrez grancanario 1954-1979."},"content":{"rendered":"<p><b>ISBN<\/b><span style=\"font-weight: 400;\">: 978-8418585500<\/span><\/p>\n<p><b>T\u00edtulo<\/b><span style=\"font-weight: 400;\">: El juego de nuestras vidas. La edad de oro del ajedrez grancanario 1954-1979. <\/span><span style=\"font-weight: 400;\"><br \/>\n<\/span><b>Fecha<\/b><span style=\"font-weight: 400;\">: 2021\u00a0<\/span><span style=\"font-weight: 400;\"><br \/>\n<\/span><b>P\u00e1ginas<\/b><span style=\"font-weight: 400;\">: 284<\/span><\/p>\n<p><b>SINOPSIS<\/b><\/p>\n<p>Este tercer y pen\u00faltimo volumen de \u201cEl juego de nuestras vidas\u201d aborda, dentro de lo que fue la edad de oro del ajedrez en La Palmas, el lustro crucial 1971-1975, cuando se lleg\u00f3 al apogeo tanto a nivel local, nacional como internacional.A nivel local, resid\u00edan en Las Palmas jugadores como Ricardo Calvo, Fernando Visier, Roberto Debarnot, etc., que daban lustre a las pruebas federativas. A nivel nacional, el equipo Caja de Las Palmas gan\u00f3 subcampeonatos y campeonatos de Espa\u00f1a por equipos, y J.M. Fraguela se hizo con el campeonato de Espa\u00f1a juvenil y absoluto.<\/p>\n<p>A nivel internacional, se iniciaron los cert\u00e1menes intercionales, donde jugaron los mejores astros del momento, Petrosian, Tal, Smyslov, Larsen. La obra detalla cada temporada y colecciona muchas partidas hasta ahora in\u00e9ditas, as\u00ed como declaraciones de muchos jugadores, como Fernando Visier, ex campe\u00f3n de Espa\u00f1a, o la viuda del MI Ricardo Calvo.El cuarto volumen, 1976-1979, culminar\u00e1 la obra en un futuro pr\u00f3ximo, narrando los a\u00f1os finales hasta el cese del equipo federativo y el final de la legendaria trayectoria del equipo federativo pilotado por Pierre Dumesnil, Juan Marrero Portugu\u00e9s y Juan Rafael Betancort.<\/p>\n","protected":false},"excerpt":{"rendered":"<p><strong>ISBN: 978-8418585500<\/strong><\/p>\n<p>Este tercer y pen\u00faltimo volumen de \u201cEl juego de nuestras vidas\u201d aborda, dentro de lo que fue la edad de oro del ajedrez en La Palmas, el lustro crucial 1971-1975, cuando se lleg\u00f3 al apogeo tanto a nivel local, nacional como internacional.A nivel local, resid\u00edan en Las Palmas jugadores como Ricardo Calvo, Fernando Visier, Roberto Debarnot, etc., que daban lustre a las pruebas federativas. A nivel nacional, el equipo Caja de Las Palmas gan\u00f3 subcampeonatos y campeonatos de Espa\u00f1a por equipos, y J.M. Fraguela se hizo con el campeonato de Espa\u00f1a juvenil y absoluto.<\/p>\n","protected":false},"featured_media":96331,"comment_status":"closed","ping_status":"open","template":"","meta":{"_acf_changed":false},"libro":[],"product_brand":[],"product_cat":[16],"product_tag":[],"class_list":{"0":"post-96330","1":"product","2":"type-product","3":"status-publish","4":"has-post-thumbnail","6":"product_cat-novela","8":"first","9":"instock","10":"purchasable","11":"product-type-simple"},"acf":{"autor":[75000],"enlace_de_compra":"https:\/\/www.amazon.es\/nuestras-ajedrez-grancanario-1954-1979-Volumen\/dp\/8418585501\/ref=sr_1_1?__mk_es_ES=%C3%85M%C3%85%C5%BD%C3%95%C3%91&amp;dchild=1&amp;keywords=El+juego+de+nuestras+vidas+letrame&amp;qid=1614170131&amp;sr=8-1"},"yoast_head":"<!-- This site is optimized with the Yoast SEO plugin v27.4 - https:\/\/yoast.com\/product\/yoast-seo-wordpress\/ -->\n<title>El juego de nuestras vidas. La edad de oro del ajedrez grancanario 1954-1979. - Catalogo | Letrame Grupo Editorial<\/title>\n<meta name=\"robots\" content=\"index, follow, max-snippet:-1, max-image-preview:large, max-video-preview:-1\" \/>\n<link rel=\"canonical\" href=\"https:\/\/letrame.com\/catalogo\/producto\/el-juego-de-nuestras-vidas-la-edad-de-oro-del-ajedrez-grancanario-1954-1979\/\" \/>\n<meta property=\"og:locale\" content=\"es_ES\" \/>\n<meta property=\"og:type\" content=\"article\" \/>\n<meta property=\"og:title\" content=\"El juego de nuestras vidas. La edad de oro del ajedrez grancanario 1954-1979. - Catalogo | Letrame Grupo Editorial\" \/>\n<meta property=\"og:description\" content=\"ISBN: 978-8418585500 Este tercer y pen\u00faltimo volumen de \u201cEl juego de nuestras vidas\u201d aborda, dentro de lo que fue la edad de oro del ajedrez en La Palmas, el lustro crucial 1971-1975, cuando se lleg\u00f3 al apogeo tanto a nivel local, nacional como internacional.A nivel local, resid\u00edan en Las Palmas jugadores como Ricardo Calvo, Fernando Visier, Roberto Debarnot, etc., que daban lustre a las pruebas federativas. A nivel nacional, el equipo Caja de Las Palmas gan\u00f3 subcampeonatos y campeonatos de Espa\u00f1a por equipos, y J.M. Fraguela se hizo con el campeonato de Espa\u00f1a juvenil y absoluto.\" \/>\n<meta property=\"og:url\" content=\"https:\/\/letrame.com\/catalogo\/producto\/el-juego-de-nuestras-vidas-la-edad-de-oro-del-ajedrez-grancanario-1954-1979\/\" \/>\n<meta property=\"og:site_name\" content=\"Catalogo | Letrame Grupo Editorial\" \/>\n<meta property=\"article:modified_time\" content=\"2024-04-29T08:29:23+00:00\" \/>\n<meta property=\"og:image\" content=\"https:\/\/letrame.com\/catalogo\/wp-content\/uploads\/2024\/04\/El-juego-de-nuestras-vidas-scaled-1.jpg\" \/>\n\t<meta property=\"og:image:width\" content=\"1813\" \/>\n\t<meta property=\"og:image:height\" content=\"2560\" \/>\n\t<meta property=\"og:image:type\" content=\"image\/jpeg\" \/>\n<meta name=\"twitter:card\" content=\"summary_large_image\" \/>\n<meta name=\"twitter:label1\" content=\"Tiempo de lectura\" \/>\n\t<meta name=\"twitter:data1\" content=\"1 minuto\" \/>\n<script type=\"application\/ld+json\" class=\"yoast-schema-graph\">{\"@context\":\"https:\\\/\\\/schema.org\",\"@graph\":[{\"@type\":\"WebPage\",\"@id\":\"https:\\\/\\\/letrame.com\\\/catalogo\\\/producto\\\/el-juego-de-nuestras-vidas-la-edad-de-oro-del-ajedrez-grancanario-1954-1979\\\/\",\"url\":\"https:\\\/\\\/letrame.com\\\/catalogo\\\/producto\\\/el-juego-de-nuestras-vidas-la-edad-de-oro-del-ajedrez-grancanario-1954-1979\\\/\",\"name\":\"El juego de nuestras vidas. La edad de oro del ajedrez grancanario 1954-1979. - Catalogo | Letrame Grupo Editorial\",\"isPartOf\":{\"@id\":\"https:\\\/\\\/letrame.com\\\/catalogo\\\/#website\"},\"primaryImageOfPage\":{\"@id\":\"https:\\\/\\\/letrame.com\\\/catalogo\\\/producto\\\/el-juego-de-nuestras-vidas-la-edad-de-oro-del-ajedrez-grancanario-1954-1979\\\/#primaryimage\"},\"image\":{\"@id\":\"https:\\\/\\\/letrame.com\\\/catalogo\\\/producto\\\/el-juego-de-nuestras-vidas-la-edad-de-oro-del-ajedrez-grancanario-1954-1979\\\/#primaryimage\"},\"thumbnailUrl\":\"https:\\\/\\\/letrame.com\\\/catalogo\\\/wp-content\\\/uploads\\\/2024\\\/04\\\/El-juego-de-nuestras-vidas-scaled-1.jpg\",\"datePublished\":\"2024-04-29T08:28:51+00:00\",\"dateModified\":\"2024-04-29T08:29:23+00:00\",\"breadcrumb\":{\"@id\":\"https:\\\/\\\/letrame.com\\\/catalogo\\\/producto\\\/el-juego-de-nuestras-vidas-la-edad-de-oro-del-ajedrez-grancanario-1954-1979\\\/#breadcrumb\"},\"inLanguage\":\"es\",\"potentialAction\":[{\"@type\":\"ReadAction\",\"target\":[\"https:\\\/\\\/letrame.com\\\/catalogo\\\/producto\\\/el-juego-de-nuestras-vidas-la-edad-de-oro-del-ajedrez-grancanario-1954-1979\\\/\"]}]},{\"@type\":\"ImageObject\",\"inLanguage\":\"es\",\"@id\":\"https:\\\/\\\/letrame.com\\\/catalogo\\\/producto\\\/el-juego-de-nuestras-vidas-la-edad-de-oro-del-ajedrez-grancanario-1954-1979\\\/#primaryimage\",\"url\":\"https:\\\/\\\/letrame.com\\\/catalogo\\\/wp-content\\\/uploads\\\/2024\\\/04\\\/El-juego-de-nuestras-vidas-scaled-1.jpg\",\"contentUrl\":\"https:\\\/\\\/letrame.com\\\/catalogo\\\/wp-content\\\/uploads\\\/2024\\\/04\\\/El-juego-de-nuestras-vidas-scaled-1.jpg\",\"width\":1813,\"height\":2560},{\"@type\":\"BreadcrumbList\",\"@id\":\"https:\\\/\\\/letrame.com\\\/catalogo\\\/producto\\\/el-juego-de-nuestras-vidas-la-edad-de-oro-del-ajedrez-grancanario-1954-1979\\\/#breadcrumb\",\"itemListElement\":[{\"@type\":\"ListItem\",\"position\":1,\"name\":\"Portada\",\"item\":\"https:\\\/\\\/letrame.com\\\/catalogo\\\/\"},{\"@type\":\"ListItem\",\"position\":2,\"name\":\"Cat\u00e1logo\",\"item\":\"https:\\\/\\\/letrame.com\\\/catalogo\\\/\"},{\"@type\":\"ListItem\",\"position\":3,\"name\":\"El juego de nuestras vidas. La edad de oro del ajedrez grancanario 1954-1979.\"}]},{\"@type\":\"WebSite\",\"@id\":\"https:\\\/\\\/letrame.com\\\/catalogo\\\/#website\",\"url\":\"https:\\\/\\\/letrame.com\\\/catalogo\\\/\",\"name\":\"Catalogo | Letrame Grupo Editorial\",\"description\":\"\",\"publisher\":{\"@id\":\"https:\\\/\\\/letrame.com\\\/catalogo\\\/#organization\"},\"potentialAction\":[{\"@type\":\"SearchAction\",\"target\":{\"@type\":\"EntryPoint\",\"urlTemplate\":\"https:\\\/\\\/letrame.com\\\/catalogo\\\/?s={search_term_string}\"},\"query-input\":{\"@type\":\"PropertyValueSpecification\",\"valueRequired\":true,\"valueName\":\"search_term_string\"}}],\"inLanguage\":\"es\"},{\"@type\":\"Organization\",\"@id\":\"https:\\\/\\\/letrame.com\\\/catalogo\\\/#organization\",\"name\":\"Catalogo | Letrame Grupo Editorial\",\"url\":\"https:\\\/\\\/letrame.com\\\/catalogo\\\/\",\"logo\":{\"@type\":\"ImageObject\",\"inLanguage\":\"es\",\"@id\":\"https:\\\/\\\/letrame.com\\\/catalogo\\\/#\\\/schema\\\/logo\\\/image\\\/\",\"url\":\"https:\\\/\\\/letrame.com\\\/catalogo\\\/wp-content\\\/uploads\\\/2024\\\/03\\\/logo2.webp\",\"contentUrl\":\"https:\\\/\\\/letrame.com\\\/catalogo\\\/wp-content\\\/uploads\\\/2024\\\/03\\\/logo2.webp\",\"width\":394,\"height\":128,\"caption\":\"Catalogo | Letrame Grupo Editorial\"},\"image\":{\"@id\":\"https:\\\/\\\/letrame.com\\\/catalogo\\\/#\\\/schema\\\/logo\\\/image\\\/\"}}]}<\/script>\n<!-- \/ Yoast SEO plugin. -->","yoast_head_json":{"title":"El juego de nuestras vidas. La edad de oro del ajedrez grancanario 1954-1979. - Catalogo | Letrame Grupo Editorial","robots":{"index":"index","follow":"follow","max-snippet":"max-snippet:-1","max-image-preview":"max-image-preview:large","max-video-preview":"max-video-preview:-1"},"canonical":"https:\/\/letrame.com\/catalogo\/producto\/el-juego-de-nuestras-vidas-la-edad-de-oro-del-ajedrez-grancanario-1954-1979\/","og_locale":"es_ES","og_type":"article","og_title":"El juego de nuestras vidas. La edad de oro del ajedrez grancanario 1954-1979. - Catalogo | Letrame Grupo Editorial","og_description":"ISBN: 978-8418585500 Este tercer y pen\u00faltimo volumen de \u201cEl juego de nuestras vidas\u201d aborda, dentro de lo que fue la edad de oro del ajedrez en La Palmas, el lustro crucial 1971-1975, cuando se lleg\u00f3 al apogeo tanto a nivel local, nacional como internacional.A nivel local, resid\u00edan en Las Palmas jugadores como Ricardo Calvo, Fernando Visier, Roberto Debarnot, etc., que daban lustre a las pruebas federativas. A nivel nacional, el equipo Caja de Las Palmas gan\u00f3 subcampeonatos y campeonatos de Espa\u00f1a por equipos, y J.M. Fraguela se hizo con el campeonato de Espa\u00f1a juvenil y absoluto.","og_url":"https:\/\/letrame.com\/catalogo\/producto\/el-juego-de-nuestras-vidas-la-edad-de-oro-del-ajedrez-grancanario-1954-1979\/","og_site_name":"Catalogo | Letrame Grupo Editorial","article_modified_time":"2024-04-29T08:29:23+00:00","og_image":[{"width":1813,"height":2560,"url":"https:\/\/letrame.com\/catalogo\/wp-content\/uploads\/2024\/04\/El-juego-de-nuestras-vidas-scaled-1.jpg","type":"image\/jpeg"}],"twitter_card":"summary_large_image","twitter_misc":{"Tiempo de lectura":"1 minuto"},"schema":{"@context":"https:\/\/schema.org","@graph":[{"@type":"WebPage","@id":"https:\/\/letrame.com\/catalogo\/producto\/el-juego-de-nuestras-vidas-la-edad-de-oro-del-ajedrez-grancanario-1954-1979\/","url":"https:\/\/letrame.com\/catalogo\/producto\/el-juego-de-nuestras-vidas-la-edad-de-oro-del-ajedrez-grancanario-1954-1979\/","name":"El juego de nuestras vidas. La edad de oro del ajedrez grancanario 1954-1979. - Catalogo | Letrame Grupo Editorial","isPartOf":{"@id":"https:\/\/letrame.com\/catalogo\/#website"},"primaryImageOfPage":{"@id":"https:\/\/letrame.com\/catalogo\/producto\/el-juego-de-nuestras-vidas-la-edad-de-oro-del-ajedrez-grancanario-1954-1979\/#primaryimage"},"image":{"@id":"https:\/\/letrame.com\/catalogo\/producto\/el-juego-de-nuestras-vidas-la-edad-de-oro-del-ajedrez-grancanario-1954-1979\/#primaryimage"},"thumbnailUrl":"https:\/\/letrame.com\/catalogo\/wp-content\/uploads\/2024\/04\/El-juego-de-nuestras-vidas-scaled-1.jpg","datePublished":"2024-04-29T08:28:51+00:00","dateModified":"2024-04-29T08:29:23+00:00","breadcrumb":{"@id":"https:\/\/letrame.com\/catalogo\/producto\/el-juego-de-nuestras-vidas-la-edad-de-oro-del-ajedrez-grancanario-1954-1979\/#breadcrumb"},"inLanguage":"es","potentialAction":[{"@type":"ReadAction","target":["https:\/\/letrame.com\/catalogo\/producto\/el-juego-de-nuestras-vidas-la-edad-de-oro-del-ajedrez-grancanario-1954-1979\/"]}]},{"@type":"ImageObject","inLanguage":"es","@id":"https:\/\/letrame.com\/catalogo\/producto\/el-juego-de-nuestras-vidas-la-edad-de-oro-del-ajedrez-grancanario-1954-1979\/#primaryimage","url":"https:\/\/letrame.com\/catalogo\/wp-content\/uploads\/2024\/04\/El-juego-de-nuestras-vidas-scaled-1.jpg","contentUrl":"https:\/\/letrame.com\/catalogo\/wp-content\/uploads\/2024\/04\/El-juego-de-nuestras-vidas-scaled-1.jpg","width":1813,"height":2560},{"@type":"BreadcrumbList","@id":"https:\/\/letrame.com\/catalogo\/producto\/el-juego-de-nuestras-vidas-la-edad-de-oro-del-ajedrez-grancanario-1954-1979\/#breadcrumb","itemListElement":[{"@type":"ListItem","position":1,"name":"Portada","item":"https:\/\/letrame.com\/catalogo\/"},{"@type":"ListItem","position":2,"name":"Cat\u00e1logo","item":"https:\/\/letrame.com\/catalogo\/"},{"@type":"ListItem","position":3,"name":"El juego de nuestras vidas. La edad de oro del ajedrez grancanario 1954-1979."}]},{"@type":"WebSite","@id":"https:\/\/letrame.com\/catalogo\/#website","url":"https:\/\/letrame.com\/catalogo\/","name":"Catalogo | Letrame Grupo Editorial","description":"","publisher":{"@id":"https:\/\/letrame.com\/catalogo\/#organization"},"potentialAction":[{"@type":"SearchAction","target":{"@type":"EntryPoint","urlTemplate":"https:\/\/letrame.com\/catalogo\/?s={search_term_string}"},"query-input":{"@type":"PropertyValueSpecification","valueRequired":true,"valueName":"search_term_string"}}],"inLanguage":"es"},{"@type":"Organization","@id":"https:\/\/letrame.com\/catalogo\/#organization","name":"Catalogo | Letrame Grupo Editorial","url":"https:\/\/letrame.com\/catalogo\/","logo":{"@type":"ImageObject","inLanguage":"es","@id":"https:\/\/letrame.com\/catalogo\/#\/schema\/logo\/image\/","url":"https:\/\/letrame.com\/catalogo\/wp-content\/uploads\/2024\/03\/logo2.webp","contentUrl":"https:\/\/letrame.com\/catalogo\/wp-content\/uploads\/2024\/03\/logo2.webp","width":394,"height":128,"caption":"Catalogo | Letrame Grupo Editorial"},"image":{"@id":"https:\/\/letrame.com\/catalogo\/#\/schema\/logo\/image\/"}}]}},"_links":{"self":[{"href":"https:\/\/letrame.com\/catalogo\/wp-json\/wp\/v2\/product\/96330","targetHints":{"allow":["GET"]}}],"collection":[{"href":"https:\/\/letrame.com\/catalogo\/wp-json\/wp\/v2\/product"}],"about":[{"href":"https:\/\/letrame.com\/catalogo\/wp-json\/wp\/v2\/types\/product"}],"replies":[{"embeddable":true,"href":"https:\/\/letrame.com\/catalogo\/wp-json\/wp\/v2\/comments?post=96330"}],"acf:post":[{"embeddable":true,"href":"https:\/\/letrame.com\/catalogo\/wp-json\/wp\/v2\/author_book\/75000"}],"wp:featuredmedia":[{"embeddable":true,"href":"https:\/\/letrame.com\/catalogo\/wp-json\/wp\/v2\/media\/96331"}],"wp:attachment":[{"href":"https:\/\/letrame.com\/catalogo\/wp-json\/wp\/v2\/media?parent=96330"}],"wp:term":[{"taxonomy":"libro","embeddable":true,"href":"https:\/\/letrame.com\/catalogo\/wp-json\/wp\/v2\/libro?post=96330"},{"taxonomy":"product_brand","embeddable":true,"href":"https:\/\/letrame.com\/catalogo\/wp-json\/wp\/v2\/product_brand?post=96330"},{"taxonomy":"product_cat","embeddable":true,"href":"https:\/\/letrame.com\/catalogo\/wp-json\/wp\/v2\/product_cat?post=96330"},{"taxonomy":"product_tag","embeddable":true,"href":"https:\/\/letrame.com\/catalogo\/wp-json\/wp\/v2\/product_tag?post=96330"}],"curies":[{"name":"wp","href":"https:\/\/api.w.org\/{rel}","templated":true}]}}