{"id":96326,"date":"2024-04-29T10:28:51","date_gmt":"2024-04-29T08:28:51","guid":{"rendered":"https:\/\/letrame.com\/catalogo\/producto\/eagleheart\/"},"modified":"2024-04-29T10:29:04","modified_gmt":"2024-04-29T08:29:04","slug":"eagleheart","status":"publish","type":"product","link":"https:\/\/letrame.com\/catalogo\/producto\/eagleheart\/","title":{"rendered":"Eagleheart"},"content":{"rendered":"<p><b>ISBN<\/b><span style=\"font-weight: 400;\">: 978-8413861692<\/span><\/p>\n<p><b>T\u00edtulo<\/b><span style=\"font-weight: 400;\">: Eagleheart<\/span><span style=\"font-weight: 400;\"><br \/>\n<\/span><b>Fecha<\/b><span style=\"font-weight: 400;\">: 2021<\/span><span style=\"font-weight: 400;\"><br \/>\n<\/span><b>P\u00e1ginas<\/b><span style=\"font-weight: 400;\">: 578<\/span><\/p>\n<p><b>SINOPSIS<\/b><\/p>\n<p>Walldann, un joven y humilde aprendiz del gremio herrero, se ve arrastrado por fuerza de la casualidad a una espiral de violencia en la que tratar con las dos figuras clave del orden pol\u00edtico y criminal de su ciudad.En pleno fuego cruzado entre ambos bandos, deber\u00e1 ingeni\u00e1rselas para sobrevivir en calles repletas de ojos y o\u00eddos.<\/p>\n<p>&nbsp;<\/p>\n<p>Al mismo tiempo, una misteriosa chica que dice haberlo conocido en el pasado intenta reclutarlo para emprender una imposible aventura muy lejos de la isla que lo vio crecer.Mientras lucha por tomar las riendas de su propio destino, se enfrentar\u00e1 a un sinf\u00edn de peligros, traiciones y secretos por parte de sus enemigos, y de sus m\u00e1s allegados.<\/p>\n<p>&nbsp;<\/p>\n<p>Una lucha que le obligar\u00e1 a derrumbar las bases de su inocencia, poniendo en jaque sus comp\u00e1s moral.El af\u00e1n por escapar de un pasado y conocer su otro y lo llevar\u00e1 a un pa\u00eds sumido en la guerra, donde no s\u00f3lo tendr\u00e1 que buscar nuevos aliados, sino liderarlos en la propia lucha que lo acompa\u00f1a all\u00e1 donde va.<\/p>\n","protected":false},"excerpt":{"rendered":"<p><strong>ISBN: 978-8413861692<\/strong><\/p>\n<p>Walldann, un joven y humilde aprendiz del gremio herrero, se ve arrastrado por fuerza de la casualidad a una espiral de violencia en la que tratar con las dos figuras clave del orden pol\u00edtico y criminal de su ciudad.En pleno fuego cruzado entre ambos bandos, deber\u00e1 ingeni\u00e1rselas para sobrevivir en calles repletas de ojos y o\u00eddos.<\/p>\n<p>Al mismo tiempo, una misteriosa chica que dice haberlo conocido en el pasado intenta reclutarlo para emprender una imposible aventura muy lejos de la isla que lo vio crecer.Mientras lucha por tomar las riendas de su propio destino, se enfrentar\u00e1 a un sinf\u00edn de peligros, traiciones y secretos por parte de sus enemigos, y de sus m\u00e1s allegados.<\/p>\n","protected":false},"featured_media":96327,"comment_status":"closed","ping_status":"open","template":"","meta":{"_acf_changed":false},"libro":[],"product_brand":[],"product_cat":[16],"product_tag":[],"class_list":{"0":"post-96326","1":"product","2":"type-product","3":"status-publish","4":"has-post-thumbnail","6":"product_cat-novela","8":"first","9":"instock","10":"purchasable","11":"product-type-simple"},"acf":{"autor":[74998],"enlace_de_compra":"ttps:\/\/www.amazon.es\/Eagleheart-Novela-Lucas-L-Ruiz\/dp\/8413861691\/ref=sr_1_1?__mk_es_ES=%C3%85M%C3%85%C5%BD%C3%95%C3%91&amp;dchild=1&amp;keywords=Eagleheart+letrame&amp;qid=1614168625&amp;sr=8-1"},"yoast_head":"<!-- This site is optimized with the Yoast SEO plugin v27.4 - https:\/\/yoast.com\/product\/yoast-seo-wordpress\/ -->\n<title>Eagleheart - Catalogo | Letrame Grupo Editorial<\/title>\n<meta name=\"robots\" content=\"index, follow, max-snippet:-1, max-image-preview:large, max-video-preview:-1\" \/>\n<link rel=\"canonical\" href=\"https:\/\/letrame.com\/catalogo\/producto\/eagleheart\/\" \/>\n<meta property=\"og:locale\" content=\"es_ES\" \/>\n<meta property=\"og:type\" content=\"article\" \/>\n<meta property=\"og:title\" content=\"Eagleheart - Catalogo | Letrame Grupo Editorial\" \/>\n<meta property=\"og:description\" content=\"ISBN: 978-8413861692 Walldann, un joven y humilde aprendiz del gremio herrero, se ve arrastrado por fuerza de la casualidad a una espiral de violencia en la que tratar con las dos figuras clave del orden pol\u00edtico y criminal de su ciudad.En pleno fuego cruzado entre ambos bandos, deber\u00e1 ingeni\u00e1rselas para sobrevivir en calles repletas de ojos y o\u00eddos. Al mismo tiempo, una misteriosa chica que dice haberlo conocido en el pasado intenta reclutarlo para emprender una imposible aventura muy lejos de la isla que lo vio crecer.Mientras lucha por tomar las riendas de su propio destino, se enfrentar\u00e1 a un sinf\u00edn de peligros, traiciones y secretos por parte de sus enemigos, y de sus m\u00e1s allegados.\" \/>\n<meta property=\"og:url\" content=\"https:\/\/letrame.com\/catalogo\/producto\/eagleheart\/\" \/>\n<meta property=\"og:site_name\" content=\"Catalogo | Letrame Grupo Editorial\" \/>\n<meta property=\"article:modified_time\" content=\"2024-04-29T08:29:04+00:00\" \/>\n<meta property=\"og:image\" content=\"https:\/\/letrame.com\/catalogo\/wp-content\/uploads\/2024\/04\/Eagleheart.jpg\" \/>\n\t<meta property=\"og:image:width\" content=\"618\" \/>\n\t<meta property=\"og:image:height\" content=\"875\" \/>\n\t<meta property=\"og:image:type\" content=\"image\/jpeg\" \/>\n<meta name=\"twitter:card\" content=\"summary_large_image\" \/>\n<meta name=\"twitter:label1\" content=\"Tiempo de lectura\" \/>\n\t<meta name=\"twitter:data1\" content=\"1 minuto\" \/>\n<script type=\"application\/ld+json\" class=\"yoast-schema-graph\">{\"@context\":\"https:\\\/\\\/schema.org\",\"@graph\":[{\"@type\":\"WebPage\",\"@id\":\"https:\\\/\\\/letrame.com\\\/catalogo\\\/producto\\\/eagleheart\\\/\",\"url\":\"https:\\\/\\\/letrame.com\\\/catalogo\\\/producto\\\/eagleheart\\\/\",\"name\":\"Eagleheart - Catalogo | Letrame Grupo Editorial\",\"isPartOf\":{\"@id\":\"https:\\\/\\\/letrame.com\\\/catalogo\\\/#website\"},\"primaryImageOfPage\":{\"@id\":\"https:\\\/\\\/letrame.com\\\/catalogo\\\/producto\\\/eagleheart\\\/#primaryimage\"},\"image\":{\"@id\":\"https:\\\/\\\/letrame.com\\\/catalogo\\\/producto\\\/eagleheart\\\/#primaryimage\"},\"thumbnailUrl\":\"https:\\\/\\\/letrame.com\\\/catalogo\\\/wp-content\\\/uploads\\\/2024\\\/04\\\/Eagleheart.jpg\",\"datePublished\":\"2024-04-29T08:28:51+00:00\",\"dateModified\":\"2024-04-29T08:29:04+00:00\",\"breadcrumb\":{\"@id\":\"https:\\\/\\\/letrame.com\\\/catalogo\\\/producto\\\/eagleheart\\\/#breadcrumb\"},\"inLanguage\":\"es\",\"potentialAction\":[{\"@type\":\"ReadAction\",\"target\":[\"https:\\\/\\\/letrame.com\\\/catalogo\\\/producto\\\/eagleheart\\\/\"]}]},{\"@type\":\"ImageObject\",\"inLanguage\":\"es\",\"@id\":\"https:\\\/\\\/letrame.com\\\/catalogo\\\/producto\\\/eagleheart\\\/#primaryimage\",\"url\":\"https:\\\/\\\/letrame.com\\\/catalogo\\\/wp-content\\\/uploads\\\/2024\\\/04\\\/Eagleheart.jpg\",\"contentUrl\":\"https:\\\/\\\/letrame.com\\\/catalogo\\\/wp-content\\\/uploads\\\/2024\\\/04\\\/Eagleheart.jpg\",\"width\":618,\"height\":875},{\"@type\":\"BreadcrumbList\",\"@id\":\"https:\\\/\\\/letrame.com\\\/catalogo\\\/producto\\\/eagleheart\\\/#breadcrumb\",\"itemListElement\":[{\"@type\":\"ListItem\",\"position\":1,\"name\":\"Portada\",\"item\":\"https:\\\/\\\/letrame.com\\\/catalogo\\\/\"},{\"@type\":\"ListItem\",\"position\":2,\"name\":\"Cat\u00e1logo\",\"item\":\"https:\\\/\\\/letrame.com\\\/catalogo\\\/\"},{\"@type\":\"ListItem\",\"position\":3,\"name\":\"Eagleheart\"}]},{\"@type\":\"WebSite\",\"@id\":\"https:\\\/\\\/letrame.com\\\/catalogo\\\/#website\",\"url\":\"https:\\\/\\\/letrame.com\\\/catalogo\\\/\",\"name\":\"Catalogo | Letrame Grupo Editorial\",\"description\":\"\",\"publisher\":{\"@id\":\"https:\\\/\\\/letrame.com\\\/catalogo\\\/#organization\"},\"potentialAction\":[{\"@type\":\"SearchAction\",\"target\":{\"@type\":\"EntryPoint\",\"urlTemplate\":\"https:\\\/\\\/letrame.com\\\/catalogo\\\/?s={search_term_string}\"},\"query-input\":{\"@type\":\"PropertyValueSpecification\",\"valueRequired\":true,\"valueName\":\"search_term_string\"}}],\"inLanguage\":\"es\"},{\"@type\":\"Organization\",\"@id\":\"https:\\\/\\\/letrame.com\\\/catalogo\\\/#organization\",\"name\":\"Catalogo | Letrame Grupo Editorial\",\"url\":\"https:\\\/\\\/letrame.com\\\/catalogo\\\/\",\"logo\":{\"@type\":\"ImageObject\",\"inLanguage\":\"es\",\"@id\":\"https:\\\/\\\/letrame.com\\\/catalogo\\\/#\\\/schema\\\/logo\\\/image\\\/\",\"url\":\"https:\\\/\\\/letrame.com\\\/catalogo\\\/wp-content\\\/uploads\\\/2024\\\/03\\\/logo2.webp\",\"contentUrl\":\"https:\\\/\\\/letrame.com\\\/catalogo\\\/wp-content\\\/uploads\\\/2024\\\/03\\\/logo2.webp\",\"width\":394,\"height\":128,\"caption\":\"Catalogo | Letrame Grupo Editorial\"},\"image\":{\"@id\":\"https:\\\/\\\/letrame.com\\\/catalogo\\\/#\\\/schema\\\/logo\\\/image\\\/\"}}]}<\/script>\n<!-- \/ Yoast SEO plugin. -->","yoast_head_json":{"title":"Eagleheart - Catalogo | Letrame Grupo Editorial","robots":{"index":"index","follow":"follow","max-snippet":"max-snippet:-1","max-image-preview":"max-image-preview:large","max-video-preview":"max-video-preview:-1"},"canonical":"https:\/\/letrame.com\/catalogo\/producto\/eagleheart\/","og_locale":"es_ES","og_type":"article","og_title":"Eagleheart - Catalogo | Letrame Grupo Editorial","og_description":"ISBN: 978-8413861692 Walldann, un joven y humilde aprendiz del gremio herrero, se ve arrastrado por fuerza de la casualidad a una espiral de violencia en la que tratar con las dos figuras clave del orden pol\u00edtico y criminal de su ciudad.En pleno fuego cruzado entre ambos bandos, deber\u00e1 ingeni\u00e1rselas para sobrevivir en calles repletas de ojos y o\u00eddos. Al mismo tiempo, una misteriosa chica que dice haberlo conocido en el pasado intenta reclutarlo para emprender una imposible aventura muy lejos de la isla que lo vio crecer.Mientras lucha por tomar las riendas de su propio destino, se enfrentar\u00e1 a un sinf\u00edn de peligros, traiciones y secretos por parte de sus enemigos, y de sus m\u00e1s allegados.","og_url":"https:\/\/letrame.com\/catalogo\/producto\/eagleheart\/","og_site_name":"Catalogo | Letrame Grupo Editorial","article_modified_time":"2024-04-29T08:29:04+00:00","og_image":[{"width":618,"height":875,"url":"https:\/\/letrame.com\/catalogo\/wp-content\/uploads\/2024\/04\/Eagleheart.jpg","type":"image\/jpeg"}],"twitter_card":"summary_large_image","twitter_misc":{"Tiempo de lectura":"1 minuto"},"schema":{"@context":"https:\/\/schema.org","@graph":[{"@type":"WebPage","@id":"https:\/\/letrame.com\/catalogo\/producto\/eagleheart\/","url":"https:\/\/letrame.com\/catalogo\/producto\/eagleheart\/","name":"Eagleheart - Catalogo | Letrame Grupo Editorial","isPartOf":{"@id":"https:\/\/letrame.com\/catalogo\/#website"},"primaryImageOfPage":{"@id":"https:\/\/letrame.com\/catalogo\/producto\/eagleheart\/#primaryimage"},"image":{"@id":"https:\/\/letrame.com\/catalogo\/producto\/eagleheart\/#primaryimage"},"thumbnailUrl":"https:\/\/letrame.com\/catalogo\/wp-content\/uploads\/2024\/04\/Eagleheart.jpg","datePublished":"2024-04-29T08:28:51+00:00","dateModified":"2024-04-29T08:29:04+00:00","breadcrumb":{"@id":"https:\/\/letrame.com\/catalogo\/producto\/eagleheart\/#breadcrumb"},"inLanguage":"es","potentialAction":[{"@type":"ReadAction","target":["https:\/\/letrame.com\/catalogo\/producto\/eagleheart\/"]}]},{"@type":"ImageObject","inLanguage":"es","@id":"https:\/\/letrame.com\/catalogo\/producto\/eagleheart\/#primaryimage","url":"https:\/\/letrame.com\/catalogo\/wp-content\/uploads\/2024\/04\/Eagleheart.jpg","contentUrl":"https:\/\/letrame.com\/catalogo\/wp-content\/uploads\/2024\/04\/Eagleheart.jpg","width":618,"height":875},{"@type":"BreadcrumbList","@id":"https:\/\/letrame.com\/catalogo\/producto\/eagleheart\/#breadcrumb","itemListElement":[{"@type":"ListItem","position":1,"name":"Portada","item":"https:\/\/letrame.com\/catalogo\/"},{"@type":"ListItem","position":2,"name":"Cat\u00e1logo","item":"https:\/\/letrame.com\/catalogo\/"},{"@type":"ListItem","position":3,"name":"Eagleheart"}]},{"@type":"WebSite","@id":"https:\/\/letrame.com\/catalogo\/#website","url":"https:\/\/letrame.com\/catalogo\/","name":"Catalogo | Letrame Grupo Editorial","description":"","publisher":{"@id":"https:\/\/letrame.com\/catalogo\/#organization"},"potentialAction":[{"@type":"SearchAction","target":{"@type":"EntryPoint","urlTemplate":"https:\/\/letrame.com\/catalogo\/?s={search_term_string}"},"query-input":{"@type":"PropertyValueSpecification","valueRequired":true,"valueName":"search_term_string"}}],"inLanguage":"es"},{"@type":"Organization","@id":"https:\/\/letrame.com\/catalogo\/#organization","name":"Catalogo | Letrame Grupo Editorial","url":"https:\/\/letrame.com\/catalogo\/","logo":{"@type":"ImageObject","inLanguage":"es","@id":"https:\/\/letrame.com\/catalogo\/#\/schema\/logo\/image\/","url":"https:\/\/letrame.com\/catalogo\/wp-content\/uploads\/2024\/03\/logo2.webp","contentUrl":"https:\/\/letrame.com\/catalogo\/wp-content\/uploads\/2024\/03\/logo2.webp","width":394,"height":128,"caption":"Catalogo | Letrame Grupo Editorial"},"image":{"@id":"https:\/\/letrame.com\/catalogo\/#\/schema\/logo\/image\/"}}]}},"_links":{"self":[{"href":"https:\/\/letrame.com\/catalogo\/wp-json\/wp\/v2\/product\/96326","targetHints":{"allow":["GET"]}}],"collection":[{"href":"https:\/\/letrame.com\/catalogo\/wp-json\/wp\/v2\/product"}],"about":[{"href":"https:\/\/letrame.com\/catalogo\/wp-json\/wp\/v2\/types\/product"}],"replies":[{"embeddable":true,"href":"https:\/\/letrame.com\/catalogo\/wp-json\/wp\/v2\/comments?post=96326"}],"acf:post":[{"embeddable":true,"href":"https:\/\/letrame.com\/catalogo\/wp-json\/wp\/v2\/author_book\/74998"}],"wp:featuredmedia":[{"embeddable":true,"href":"https:\/\/letrame.com\/catalogo\/wp-json\/wp\/v2\/media\/96327"}],"wp:attachment":[{"href":"https:\/\/letrame.com\/catalogo\/wp-json\/wp\/v2\/media?parent=96326"}],"wp:term":[{"taxonomy":"libro","embeddable":true,"href":"https:\/\/letrame.com\/catalogo\/wp-json\/wp\/v2\/libro?post=96326"},{"taxonomy":"product_brand","embeddable":true,"href":"https:\/\/letrame.com\/catalogo\/wp-json\/wp\/v2\/product_brand?post=96326"},{"taxonomy":"product_cat","embeddable":true,"href":"https:\/\/letrame.com\/catalogo\/wp-json\/wp\/v2\/product_cat?post=96326"},{"taxonomy":"product_tag","embeddable":true,"href":"https:\/\/letrame.com\/catalogo\/wp-json\/wp\/v2\/product_tag?post=96326"}],"curies":[{"name":"wp","href":"https:\/\/api.w.org\/{rel}","templated":true}]}}