{"id":96322,"date":"2024-04-29T10:28:00","date_gmt":"2024-04-29T08:28:00","guid":{"rendered":"https:\/\/letrame.com\/catalogo\/producto\/despertares-de-un-gitano\/"},"modified":"2024-04-29T10:28:46","modified_gmt":"2024-04-29T08:28:46","slug":"despertares-de-un-gitano","status":"publish","type":"product","link":"https:\/\/letrame.com\/catalogo\/producto\/despertares-de-un-gitano\/","title":{"rendered":"Despertares de un gitano"},"content":{"rendered":"<p><b>ISBN<\/b><span style=\"font-weight: 400;\">: 978-8413861975<\/span><\/p>\n<p><b>T\u00edtulo<\/b><span style=\"font-weight: 400;\">: Despertares de un gitano<\/span><span style=\"font-weight: 400;\"><br \/>\n<\/span><b>Fecha<\/b><span style=\"font-weight: 400;\">: 2021<\/span><span style=\"font-weight: 400;\"><br \/>\n<\/span><b>P\u00e1ginas<\/b><span style=\"font-weight: 400;\">: 188<\/span><\/p>\n<p><b>SINOPSIS<\/b><\/p>\n<p>Un gitano del poblado m\u00e1s conflictivo del antiguo Madrid llega a convertirse en polic\u00eda para intentar encerrar al m\u00e1ximo traficante de droga del pa\u00eds. Para poder dar con \u00e9l, tiene que recorrer todo su pasado.<\/p>\n<p>Narrado en primera persona, tanto que llega a introducir al lector dentro del propio personaje. Una novela fascinante. EL ESCRITORDespertares de un gitano es un libro que atrapa al lector.<\/p>\n<p>Una historia polic\u00edaca en la que el protagonista es un gitano. El autor, Alberto Estruel, edita su tercer libro para consolidar su puesto como escritor y quedarse en nuestras librer\u00edas. Sus dos primeros libros, Desde mis ojos y Soledad, son primera y segunda parte de dos novelas incre\u00edbles. Pero ahora el autor nos sorprende con una historia totalmente diferente y adictiva para el lector.<\/p>\n","protected":false},"excerpt":{"rendered":"<p><strong>ISBN: 978-8413861975<\/strong><\/p>\n<p>&nbsp;<\/p>\n<p>Un gitano del poblado m\u00e1s conflictivo del antiguo Madrid llega a convertirse en polic\u00eda para intentar encerrar al m\u00e1ximo traficante de droga del pa\u00eds. Para poder dar con \u00e9l, tiene que recorrer todo su pasado.<\/p>\n<p>Narrado en primera persona, tanto que llega a introducir al lector dentro del propio personaje. Una novela fascinante. EL ESCRITORDespertares de un gitano es un libro que atrapa al lector.<\/p>\n<p>Una historia polic\u00edaca en la que el protagonista es un gitano. El autor, Alberto Estruel, edita su tercer libro para consolidar su puesto como escritor y quedarse en nuestras librer\u00edas. Sus dos primeros libros, Desde mis ojos y Soledad, son primera y segunda parte de dos novelas incre\u00edbles. Pero ahora el autor nos sorprende con una historia totalmente diferente y adictiva para el lector.<\/p>\n","protected":false},"featured_media":96323,"comment_status":"closed","ping_status":"open","template":"","meta":{"_acf_changed":false},"libro":[],"product_brand":[],"product_cat":[16],"product_tag":[],"class_list":{"0":"post-96322","1":"product","2":"type-product","3":"status-publish","4":"has-post-thumbnail","6":"product_cat-novela","8":"first","9":"instock","10":"purchasable","11":"product-type-simple"},"acf":{"autor":[73568],"enlace_de_compra":"https:\/\/www.amazon.es\/dp\/8413861977\/ref=sr_1_1?__mk_es_ES=%C3%85M%C3%85%C5%BD%C3%95%C3%91&amp;dchild=1&amp;keywords=Despertares+de+un+gitano+letrame&amp;qid=1614167872&amp;sr=8-1"},"yoast_head":"<!-- This site is optimized with the Yoast SEO plugin v26.6 - https:\/\/yoast.com\/wordpress\/plugins\/seo\/ -->\n<title>Despertares de un gitano - Catalogo | Letrame Grupo Editorial<\/title>\n<meta name=\"robots\" content=\"index, follow, max-snippet:-1, max-image-preview:large, max-video-preview:-1\" \/>\n<link rel=\"canonical\" href=\"https:\/\/letrame.com\/catalogo\/producto\/despertares-de-un-gitano\/\" \/>\n<meta property=\"og:locale\" content=\"es_ES\" \/>\n<meta property=\"og:type\" content=\"article\" \/>\n<meta property=\"og:title\" content=\"Despertares de un gitano - Catalogo | Letrame Grupo Editorial\" \/>\n<meta property=\"og:description\" content=\"ISBN: 978-8413861975 &nbsp; Un gitano del poblado m\u00e1s conflictivo del antiguo Madrid llega a convertirse en polic\u00eda para intentar encerrar al m\u00e1ximo traficante de droga del pa\u00eds. Para poder dar con \u00e9l, tiene que recorrer todo su pasado. Narrado en primera persona, tanto que llega a introducir al lector dentro del propio personaje. Una novela fascinante. EL ESCRITORDespertares de un gitano es un libro que atrapa al lector. Una historia polic\u00edaca en la que el protagonista es un gitano. El autor, Alberto Estruel, edita su tercer libro para consolidar su puesto como escritor y quedarse en nuestras librer\u00edas. Sus dos primeros libros, Desde mis ojos y Soledad, son primera y segunda parte de dos novelas incre\u00edbles. Pero ahora el autor nos sorprende con una historia totalmente diferente y adictiva para el lector.\" \/>\n<meta property=\"og:url\" content=\"https:\/\/letrame.com\/catalogo\/producto\/despertares-de-un-gitano\/\" \/>\n<meta property=\"og:site_name\" content=\"Catalogo | Letrame Grupo Editorial\" \/>\n<meta property=\"article:modified_time\" content=\"2024-04-29T08:28:46+00:00\" \/>\n<meta property=\"og:image\" content=\"https:\/\/letrame.com\/catalogo\/wp-content\/uploads\/2024\/04\/Despertares-de-un-gitano-compressed.jpg\" \/>\n\t<meta property=\"og:image:width\" content=\"594\" \/>\n\t<meta property=\"og:image:height\" content=\"874\" \/>\n\t<meta property=\"og:image:type\" content=\"image\/jpeg\" \/>\n<meta name=\"twitter:card\" content=\"summary_large_image\" \/>\n<meta name=\"twitter:label1\" content=\"Tiempo de lectura\" \/>\n\t<meta name=\"twitter:data1\" content=\"1 minuto\" \/>\n<script type=\"application\/ld+json\" class=\"yoast-schema-graph\">{\"@context\":\"https:\/\/schema.org\",\"@graph\":[{\"@type\":\"WebPage\",\"@id\":\"https:\/\/letrame.com\/catalogo\/producto\/despertares-de-un-gitano\/\",\"url\":\"https:\/\/letrame.com\/catalogo\/producto\/despertares-de-un-gitano\/\",\"name\":\"Despertares de un gitano - Catalogo | Letrame Grupo Editorial\",\"isPartOf\":{\"@id\":\"https:\/\/letrame.com\/catalogo\/#website\"},\"primaryImageOfPage\":{\"@id\":\"https:\/\/letrame.com\/catalogo\/producto\/despertares-de-un-gitano\/#primaryimage\"},\"image\":{\"@id\":\"https:\/\/letrame.com\/catalogo\/producto\/despertares-de-un-gitano\/#primaryimage\"},\"thumbnailUrl\":\"https:\/\/letrame.com\/catalogo\/wp-content\/uploads\/2024\/04\/Despertares-de-un-gitano-compressed.jpg\",\"datePublished\":\"2024-04-29T08:28:00+00:00\",\"dateModified\":\"2024-04-29T08:28:46+00:00\",\"breadcrumb\":{\"@id\":\"https:\/\/letrame.com\/catalogo\/producto\/despertares-de-un-gitano\/#breadcrumb\"},\"inLanguage\":\"es\",\"potentialAction\":[{\"@type\":\"ReadAction\",\"target\":[\"https:\/\/letrame.com\/catalogo\/producto\/despertares-de-un-gitano\/\"]}]},{\"@type\":\"ImageObject\",\"inLanguage\":\"es\",\"@id\":\"https:\/\/letrame.com\/catalogo\/producto\/despertares-de-un-gitano\/#primaryimage\",\"url\":\"https:\/\/letrame.com\/catalogo\/wp-content\/uploads\/2024\/04\/Despertares-de-un-gitano-compressed.jpg\",\"contentUrl\":\"https:\/\/letrame.com\/catalogo\/wp-content\/uploads\/2024\/04\/Despertares-de-un-gitano-compressed.jpg\",\"width\":594,\"height\":874},{\"@type\":\"BreadcrumbList\",\"@id\":\"https:\/\/letrame.com\/catalogo\/producto\/despertares-de-un-gitano\/#breadcrumb\",\"itemListElement\":[{\"@type\":\"ListItem\",\"position\":1,\"name\":\"Portada\",\"item\":\"https:\/\/letrame.com\/catalogo\/\"},{\"@type\":\"ListItem\",\"position\":2,\"name\":\"Cat\u00e1logo\",\"item\":\"https:\/\/letrame.com\/catalogo\/\"},{\"@type\":\"ListItem\",\"position\":3,\"name\":\"Despertares de un gitano\"}]},{\"@type\":\"WebSite\",\"@id\":\"https:\/\/letrame.com\/catalogo\/#website\",\"url\":\"https:\/\/letrame.com\/catalogo\/\",\"name\":\"Catalogo | Letrame Grupo Editorial\",\"description\":\"\",\"publisher\":{\"@id\":\"https:\/\/letrame.com\/catalogo\/#organization\"},\"potentialAction\":[{\"@type\":\"SearchAction\",\"target\":{\"@type\":\"EntryPoint\",\"urlTemplate\":\"https:\/\/letrame.com\/catalogo\/?s={search_term_string}\"},\"query-input\":{\"@type\":\"PropertyValueSpecification\",\"valueRequired\":true,\"valueName\":\"search_term_string\"}}],\"inLanguage\":\"es\"},{\"@type\":\"Organization\",\"@id\":\"https:\/\/letrame.com\/catalogo\/#organization\",\"name\":\"Catalogo | Letrame Grupo Editorial\",\"url\":\"https:\/\/letrame.com\/catalogo\/\",\"logo\":{\"@type\":\"ImageObject\",\"inLanguage\":\"es\",\"@id\":\"https:\/\/letrame.com\/catalogo\/#\/schema\/logo\/image\/\",\"url\":\"https:\/\/letrame.com\/catalogo\/wp-content\/uploads\/2024\/03\/logo2.webp\",\"contentUrl\":\"https:\/\/letrame.com\/catalogo\/wp-content\/uploads\/2024\/03\/logo2.webp\",\"width\":394,\"height\":128,\"caption\":\"Catalogo | Letrame Grupo Editorial\"},\"image\":{\"@id\":\"https:\/\/letrame.com\/catalogo\/#\/schema\/logo\/image\/\"}}]}<\/script>\n<!-- \/ Yoast SEO plugin. -->","yoast_head_json":{"title":"Despertares de un gitano - Catalogo | Letrame Grupo Editorial","robots":{"index":"index","follow":"follow","max-snippet":"max-snippet:-1","max-image-preview":"max-image-preview:large","max-video-preview":"max-video-preview:-1"},"canonical":"https:\/\/letrame.com\/catalogo\/producto\/despertares-de-un-gitano\/","og_locale":"es_ES","og_type":"article","og_title":"Despertares de un gitano - Catalogo | Letrame Grupo Editorial","og_description":"ISBN: 978-8413861975 &nbsp; Un gitano del poblado m\u00e1s conflictivo del antiguo Madrid llega a convertirse en polic\u00eda para intentar encerrar al m\u00e1ximo traficante de droga del pa\u00eds. Para poder dar con \u00e9l, tiene que recorrer todo su pasado. Narrado en primera persona, tanto que llega a introducir al lector dentro del propio personaje. Una novela fascinante. EL ESCRITORDespertares de un gitano es un libro que atrapa al lector. Una historia polic\u00edaca en la que el protagonista es un gitano. El autor, Alberto Estruel, edita su tercer libro para consolidar su puesto como escritor y quedarse en nuestras librer\u00edas. Sus dos primeros libros, Desde mis ojos y Soledad, son primera y segunda parte de dos novelas incre\u00edbles. Pero ahora el autor nos sorprende con una historia totalmente diferente y adictiva para el lector.","og_url":"https:\/\/letrame.com\/catalogo\/producto\/despertares-de-un-gitano\/","og_site_name":"Catalogo | Letrame Grupo Editorial","article_modified_time":"2024-04-29T08:28:46+00:00","og_image":[{"width":594,"height":874,"url":"https:\/\/letrame.com\/catalogo\/wp-content\/uploads\/2024\/04\/Despertares-de-un-gitano-compressed.jpg","type":"image\/jpeg"}],"twitter_card":"summary_large_image","twitter_misc":{"Tiempo de lectura":"1 minuto"},"schema":{"@context":"https:\/\/schema.org","@graph":[{"@type":"WebPage","@id":"https:\/\/letrame.com\/catalogo\/producto\/despertares-de-un-gitano\/","url":"https:\/\/letrame.com\/catalogo\/producto\/despertares-de-un-gitano\/","name":"Despertares de un gitano - Catalogo | Letrame Grupo Editorial","isPartOf":{"@id":"https:\/\/letrame.com\/catalogo\/#website"},"primaryImageOfPage":{"@id":"https:\/\/letrame.com\/catalogo\/producto\/despertares-de-un-gitano\/#primaryimage"},"image":{"@id":"https:\/\/letrame.com\/catalogo\/producto\/despertares-de-un-gitano\/#primaryimage"},"thumbnailUrl":"https:\/\/letrame.com\/catalogo\/wp-content\/uploads\/2024\/04\/Despertares-de-un-gitano-compressed.jpg","datePublished":"2024-04-29T08:28:00+00:00","dateModified":"2024-04-29T08:28:46+00:00","breadcrumb":{"@id":"https:\/\/letrame.com\/catalogo\/producto\/despertares-de-un-gitano\/#breadcrumb"},"inLanguage":"es","potentialAction":[{"@type":"ReadAction","target":["https:\/\/letrame.com\/catalogo\/producto\/despertares-de-un-gitano\/"]}]},{"@type":"ImageObject","inLanguage":"es","@id":"https:\/\/letrame.com\/catalogo\/producto\/despertares-de-un-gitano\/#primaryimage","url":"https:\/\/letrame.com\/catalogo\/wp-content\/uploads\/2024\/04\/Despertares-de-un-gitano-compressed.jpg","contentUrl":"https:\/\/letrame.com\/catalogo\/wp-content\/uploads\/2024\/04\/Despertares-de-un-gitano-compressed.jpg","width":594,"height":874},{"@type":"BreadcrumbList","@id":"https:\/\/letrame.com\/catalogo\/producto\/despertares-de-un-gitano\/#breadcrumb","itemListElement":[{"@type":"ListItem","position":1,"name":"Portada","item":"https:\/\/letrame.com\/catalogo\/"},{"@type":"ListItem","position":2,"name":"Cat\u00e1logo","item":"https:\/\/letrame.com\/catalogo\/"},{"@type":"ListItem","position":3,"name":"Despertares de un gitano"}]},{"@type":"WebSite","@id":"https:\/\/letrame.com\/catalogo\/#website","url":"https:\/\/letrame.com\/catalogo\/","name":"Catalogo | Letrame Grupo Editorial","description":"","publisher":{"@id":"https:\/\/letrame.com\/catalogo\/#organization"},"potentialAction":[{"@type":"SearchAction","target":{"@type":"EntryPoint","urlTemplate":"https:\/\/letrame.com\/catalogo\/?s={search_term_string}"},"query-input":{"@type":"PropertyValueSpecification","valueRequired":true,"valueName":"search_term_string"}}],"inLanguage":"es"},{"@type":"Organization","@id":"https:\/\/letrame.com\/catalogo\/#organization","name":"Catalogo | Letrame Grupo Editorial","url":"https:\/\/letrame.com\/catalogo\/","logo":{"@type":"ImageObject","inLanguage":"es","@id":"https:\/\/letrame.com\/catalogo\/#\/schema\/logo\/image\/","url":"https:\/\/letrame.com\/catalogo\/wp-content\/uploads\/2024\/03\/logo2.webp","contentUrl":"https:\/\/letrame.com\/catalogo\/wp-content\/uploads\/2024\/03\/logo2.webp","width":394,"height":128,"caption":"Catalogo | Letrame Grupo Editorial"},"image":{"@id":"https:\/\/letrame.com\/catalogo\/#\/schema\/logo\/image\/"}}]}},"_links":{"self":[{"href":"https:\/\/letrame.com\/catalogo\/wp-json\/wp\/v2\/product\/96322","targetHints":{"allow":["GET"]}}],"collection":[{"href":"https:\/\/letrame.com\/catalogo\/wp-json\/wp\/v2\/product"}],"about":[{"href":"https:\/\/letrame.com\/catalogo\/wp-json\/wp\/v2\/types\/product"}],"replies":[{"embeddable":true,"href":"https:\/\/letrame.com\/catalogo\/wp-json\/wp\/v2\/comments?post=96322"}],"acf:post":[{"embeddable":true,"href":"https:\/\/letrame.com\/catalogo\/wp-json\/wp\/v2\/author_book\/73568"}],"wp:featuredmedia":[{"embeddable":true,"href":"https:\/\/letrame.com\/catalogo\/wp-json\/wp\/v2\/media\/96323"}],"wp:attachment":[{"href":"https:\/\/letrame.com\/catalogo\/wp-json\/wp\/v2\/media?parent=96322"}],"wp:term":[{"taxonomy":"libro","embeddable":true,"href":"https:\/\/letrame.com\/catalogo\/wp-json\/wp\/v2\/libro?post=96322"},{"taxonomy":"product_brand","embeddable":true,"href":"https:\/\/letrame.com\/catalogo\/wp-json\/wp\/v2\/product_brand?post=96322"},{"taxonomy":"product_cat","embeddable":true,"href":"https:\/\/letrame.com\/catalogo\/wp-json\/wp\/v2\/product_cat?post=96322"},{"taxonomy":"product_tag","embeddable":true,"href":"https:\/\/letrame.com\/catalogo\/wp-json\/wp\/v2\/product_tag?post=96322"}],"curies":[{"name":"wp","href":"https:\/\/api.w.org\/{rel}","templated":true}]}}