{"id":96277,"date":"2024-04-29T10:21:53","date_gmt":"2024-04-29T08:21:53","guid":{"rendered":"https:\/\/letrame.com\/catalogo\/producto\/rumbo-al-exito-sin-retorno\/"},"modified":"2024-04-29T10:22:37","modified_gmt":"2024-04-29T08:22:37","slug":"rumbo-al-exito-sin-retorno","status":"publish","type":"product","link":"https:\/\/letrame.com\/catalogo\/producto\/rumbo-al-exito-sin-retorno\/","title":{"rendered":"Rumbo al \u00e9xito sin retorno"},"content":{"rendered":"<p><b>ISBN<\/b><span style=\"font-weight: 400;\">: <span class=\"a-text-bold\">\u00a0<\/span>978-8418512544<\/span><\/p>\n<p><b>T\u00edtulo<\/b><span style=\"font-weight: 400;\">: Rumbo al \u00e9xito sin retorno<\/span><span style=\"font-weight: 400;\"><br \/>\n<\/span><b>Fecha<\/b><span style=\"font-weight: 400;\">: 2021<\/span><span style=\"font-weight: 400;\"><br \/>\n<\/span><b>P\u00e1ginas<\/b><span style=\"font-weight: 400;\">: 146<\/span><\/p>\n<p><b>SINOPSIS<\/b><\/p>\n<div class=\"page\" title=\"Page 1\">\n<div class=\"section\">\n<div class=\"layoutArea\">\n<div class=\"column\">\n<p><strong>UN LIBRO QUE LE AYUDARA_ A ENCONTRAR EL PODER QUE VIVE EN USTED<\/strong><\/p>\n<p><em><strong>Rumbo al \u00e9xito sin retorno<\/strong><\/em> es un amplio curso de psicolog\u00eda que explica claramente el funcionamiento de la mente humana al vernos envueltos en situaciones de adversidad o tristeza. Su principal objetivo es comunicar con claridad una pr\u00e1ctica perspectiva del \u00e9xito personal y por consecuencia estimular las herramientas emocionales que viven en nosotros, atrayendo felicidad a nuestra vida.<\/p>\n<p>Conforme el lector vaya descubriendo el poder que vive en \u00e9l, confiar\u00e1 en los hallazgos de su interior, ayudando con ellos al \u00c9XITO absoluto de su vida.<\/p>\n<p>Esta gu\u00eda tiene la capacidad de cambiar la vida de cualquier persona, el impacto que este mensaje puede tener en una persona en el momento correcto es inmensurable, puede ayudar a salvar a personas de las garras de la depresi\u00f3n, as\u00ed como a matrimonios, a reparar familias, mejorar su salud y muchas cosas m\u00e1s.<\/p>\n<p>Este libro pertenece a las manos de su apreciacquienes buscan manifestar su verdadero yo interno, aportando un cambio lleno de felicidad y luz para ellos y los que le rodean.<\/p>\n<\/div>\n<\/div>\n<\/div>\n<\/div>\n","protected":false},"excerpt":{"rendered":"<p><strong>ISBN: <span class=\"a-text-bold\">\u00a0<\/span>978-8418512544<\/strong><\/p>\n<p><strong>UN LIBRO QUE LE AYUDAR\u00c1 A ENCONTRAR EL PODER QUE VIVE EN USTED<\/strong><\/p>\n<p><em><strong>Rumbo al \u00e9xito sin retorno<\/strong><\/em> es un amplio curso de psicolog\u00eda que explica claramente el funcionamiento de la mente humana al vernos envueltos en situaciones de adversidad o tristeza. Su principal objetivo es comunicar con claridad una pr\u00e1ctica perspectiva del \u00e9xito personal y por consecuencia estimular las herramientas emocionales que viven en nosotros, atrayendo felicidad a nuestra vida.<\/p>\n<p>Conforme el lector vaya descubriendo el poder que vive en \u00e9l, confiar\u00e1 en los hallazgos de su interior, ayudando con ellos al \u00c9XITO absoluto de su vida.<\/p>\n","protected":false},"featured_media":96278,"comment_status":"closed","ping_status":"open","template":"","meta":{"_acf_changed":false},"libro":[],"product_brand":[],"product_cat":[18],"product_tag":[],"class_list":{"0":"post-96277","1":"product","2":"type-product","3":"status-publish","4":"has-post-thumbnail","6":"product_cat-autoayuda","8":"first","9":"instock","10":"purchasable","11":"product-type-simple"},"acf":{"autor":[74952],"enlace_de_compra":"https:\/\/www.amazon.es\/Rumbo-%C3%A9xito-sin-retorno-Autoayuda\/dp\/8418512547\/ref=sr_1_1?__mk_es_ES=%C3%85M%C3%85%C5%BD%C3%95%C3%91&amp;dchild=1&amp;keywords=Rumbo+al+%C3%A9xito+sin+retorno+letrame&amp;qid=1612794124&amp;sr=8-1"},"yoast_head":"<!-- This site is optimized with the Yoast SEO plugin v27.4 - https:\/\/yoast.com\/product\/yoast-seo-wordpress\/ -->\n<title>Rumbo al \u00e9xito sin retorno - Catalogo | Letrame Grupo Editorial<\/title>\n<meta name=\"robots\" content=\"index, follow, max-snippet:-1, max-image-preview:large, max-video-preview:-1\" \/>\n<link rel=\"canonical\" href=\"https:\/\/letrame.com\/catalogo\/producto\/rumbo-al-exito-sin-retorno\/\" \/>\n<meta property=\"og:locale\" content=\"es_ES\" \/>\n<meta property=\"og:type\" content=\"article\" \/>\n<meta property=\"og:title\" content=\"Rumbo al \u00e9xito sin retorno - Catalogo | Letrame Grupo Editorial\" \/>\n<meta property=\"og:description\" content=\"ISBN: \u00a0978-8418512544 UN LIBRO QUE LE AYUDAR\u00c1 A ENCONTRAR EL PODER QUE VIVE EN USTED Rumbo al \u00e9xito sin retorno es un amplio curso de psicolog\u00eda que explica claramente el funcionamiento de la mente humana al vernos envueltos en situaciones de adversidad o tristeza. Su principal objetivo es comunicar con claridad una pr\u00e1ctica perspectiva del \u00e9xito personal y por consecuencia estimular las herramientas emocionales que viven en nosotros, atrayendo felicidad a nuestra vida. Conforme el lector vaya descubriendo el poder que vive en \u00e9l, confiar\u00e1 en los hallazgos de su interior, ayudando con ellos al \u00c9XITO absoluto de su vida.\" \/>\n<meta property=\"og:url\" content=\"https:\/\/letrame.com\/catalogo\/producto\/rumbo-al-exito-sin-retorno\/\" \/>\n<meta property=\"og:site_name\" content=\"Catalogo | Letrame Grupo Editorial\" \/>\n<meta property=\"article:modified_time\" content=\"2024-04-29T08:22:37+00:00\" \/>\n<meta property=\"og:image\" content=\"https:\/\/letrame.com\/catalogo\/wp-content\/uploads\/2024\/04\/Rumbo-al-exito-.jpg\" \/>\n\t<meta property=\"og:image:width\" content=\"1500\" \/>\n\t<meta property=\"og:image:height\" content=\"2362\" \/>\n\t<meta property=\"og:image:type\" content=\"image\/jpeg\" \/>\n<meta name=\"twitter:card\" content=\"summary_large_image\" \/>\n<meta name=\"twitter:label1\" content=\"Tiempo de lectura\" \/>\n\t<meta name=\"twitter:data1\" content=\"1 minuto\" \/>\n<script type=\"application\/ld+json\" class=\"yoast-schema-graph\">{\"@context\":\"https:\\\/\\\/schema.org\",\"@graph\":[{\"@type\":\"WebPage\",\"@id\":\"https:\\\/\\\/letrame.com\\\/catalogo\\\/producto\\\/rumbo-al-exito-sin-retorno\\\/\",\"url\":\"https:\\\/\\\/letrame.com\\\/catalogo\\\/producto\\\/rumbo-al-exito-sin-retorno\\\/\",\"name\":\"Rumbo al \u00e9xito sin retorno - Catalogo | Letrame Grupo Editorial\",\"isPartOf\":{\"@id\":\"https:\\\/\\\/letrame.com\\\/catalogo\\\/#website\"},\"primaryImageOfPage\":{\"@id\":\"https:\\\/\\\/letrame.com\\\/catalogo\\\/producto\\\/rumbo-al-exito-sin-retorno\\\/#primaryimage\"},\"image\":{\"@id\":\"https:\\\/\\\/letrame.com\\\/catalogo\\\/producto\\\/rumbo-al-exito-sin-retorno\\\/#primaryimage\"},\"thumbnailUrl\":\"https:\\\/\\\/letrame.com\\\/catalogo\\\/wp-content\\\/uploads\\\/2024\\\/04\\\/Rumbo-al-exito-.jpg\",\"datePublished\":\"2024-04-29T08:21:53+00:00\",\"dateModified\":\"2024-04-29T08:22:37+00:00\",\"breadcrumb\":{\"@id\":\"https:\\\/\\\/letrame.com\\\/catalogo\\\/producto\\\/rumbo-al-exito-sin-retorno\\\/#breadcrumb\"},\"inLanguage\":\"es\",\"potentialAction\":[{\"@type\":\"ReadAction\",\"target\":[\"https:\\\/\\\/letrame.com\\\/catalogo\\\/producto\\\/rumbo-al-exito-sin-retorno\\\/\"]}]},{\"@type\":\"ImageObject\",\"inLanguage\":\"es\",\"@id\":\"https:\\\/\\\/letrame.com\\\/catalogo\\\/producto\\\/rumbo-al-exito-sin-retorno\\\/#primaryimage\",\"url\":\"https:\\\/\\\/letrame.com\\\/catalogo\\\/wp-content\\\/uploads\\\/2024\\\/04\\\/Rumbo-al-exito-.jpg\",\"contentUrl\":\"https:\\\/\\\/letrame.com\\\/catalogo\\\/wp-content\\\/uploads\\\/2024\\\/04\\\/Rumbo-al-exito-.jpg\",\"width\":1500,\"height\":2362},{\"@type\":\"BreadcrumbList\",\"@id\":\"https:\\\/\\\/letrame.com\\\/catalogo\\\/producto\\\/rumbo-al-exito-sin-retorno\\\/#breadcrumb\",\"itemListElement\":[{\"@type\":\"ListItem\",\"position\":1,\"name\":\"Portada\",\"item\":\"https:\\\/\\\/letrame.com\\\/catalogo\\\/\"},{\"@type\":\"ListItem\",\"position\":2,\"name\":\"Cat\u00e1logo\",\"item\":\"https:\\\/\\\/letrame.com\\\/catalogo\\\/\"},{\"@type\":\"ListItem\",\"position\":3,\"name\":\"Rumbo al \u00e9xito sin retorno\"}]},{\"@type\":\"WebSite\",\"@id\":\"https:\\\/\\\/letrame.com\\\/catalogo\\\/#website\",\"url\":\"https:\\\/\\\/letrame.com\\\/catalogo\\\/\",\"name\":\"Catalogo | Letrame Grupo Editorial\",\"description\":\"\",\"publisher\":{\"@id\":\"https:\\\/\\\/letrame.com\\\/catalogo\\\/#organization\"},\"potentialAction\":[{\"@type\":\"SearchAction\",\"target\":{\"@type\":\"EntryPoint\",\"urlTemplate\":\"https:\\\/\\\/letrame.com\\\/catalogo\\\/?s={search_term_string}\"},\"query-input\":{\"@type\":\"PropertyValueSpecification\",\"valueRequired\":true,\"valueName\":\"search_term_string\"}}],\"inLanguage\":\"es\"},{\"@type\":\"Organization\",\"@id\":\"https:\\\/\\\/letrame.com\\\/catalogo\\\/#organization\",\"name\":\"Catalogo | Letrame Grupo Editorial\",\"url\":\"https:\\\/\\\/letrame.com\\\/catalogo\\\/\",\"logo\":{\"@type\":\"ImageObject\",\"inLanguage\":\"es\",\"@id\":\"https:\\\/\\\/letrame.com\\\/catalogo\\\/#\\\/schema\\\/logo\\\/image\\\/\",\"url\":\"https:\\\/\\\/letrame.com\\\/catalogo\\\/wp-content\\\/uploads\\\/2024\\\/03\\\/logo2.webp\",\"contentUrl\":\"https:\\\/\\\/letrame.com\\\/catalogo\\\/wp-content\\\/uploads\\\/2024\\\/03\\\/logo2.webp\",\"width\":394,\"height\":128,\"caption\":\"Catalogo | Letrame Grupo Editorial\"},\"image\":{\"@id\":\"https:\\\/\\\/letrame.com\\\/catalogo\\\/#\\\/schema\\\/logo\\\/image\\\/\"}}]}<\/script>\n<!-- \/ Yoast SEO plugin. -->","yoast_head_json":{"title":"Rumbo al \u00e9xito sin retorno - Catalogo | Letrame Grupo Editorial","robots":{"index":"index","follow":"follow","max-snippet":"max-snippet:-1","max-image-preview":"max-image-preview:large","max-video-preview":"max-video-preview:-1"},"canonical":"https:\/\/letrame.com\/catalogo\/producto\/rumbo-al-exito-sin-retorno\/","og_locale":"es_ES","og_type":"article","og_title":"Rumbo al \u00e9xito sin retorno - Catalogo | Letrame Grupo Editorial","og_description":"ISBN: \u00a0978-8418512544 UN LIBRO QUE LE AYUDAR\u00c1 A ENCONTRAR EL PODER QUE VIVE EN USTED Rumbo al \u00e9xito sin retorno es un amplio curso de psicolog\u00eda que explica claramente el funcionamiento de la mente humana al vernos envueltos en situaciones de adversidad o tristeza. Su principal objetivo es comunicar con claridad una pr\u00e1ctica perspectiva del \u00e9xito personal y por consecuencia estimular las herramientas emocionales que viven en nosotros, atrayendo felicidad a nuestra vida. Conforme el lector vaya descubriendo el poder que vive en \u00e9l, confiar\u00e1 en los hallazgos de su interior, ayudando con ellos al \u00c9XITO absoluto de su vida.","og_url":"https:\/\/letrame.com\/catalogo\/producto\/rumbo-al-exito-sin-retorno\/","og_site_name":"Catalogo | Letrame Grupo Editorial","article_modified_time":"2024-04-29T08:22:37+00:00","og_image":[{"width":1500,"height":2362,"url":"https:\/\/letrame.com\/catalogo\/wp-content\/uploads\/2024\/04\/Rumbo-al-exito-.jpg","type":"image\/jpeg"}],"twitter_card":"summary_large_image","twitter_misc":{"Tiempo de lectura":"1 minuto"},"schema":{"@context":"https:\/\/schema.org","@graph":[{"@type":"WebPage","@id":"https:\/\/letrame.com\/catalogo\/producto\/rumbo-al-exito-sin-retorno\/","url":"https:\/\/letrame.com\/catalogo\/producto\/rumbo-al-exito-sin-retorno\/","name":"Rumbo al \u00e9xito sin retorno - Catalogo | Letrame Grupo Editorial","isPartOf":{"@id":"https:\/\/letrame.com\/catalogo\/#website"},"primaryImageOfPage":{"@id":"https:\/\/letrame.com\/catalogo\/producto\/rumbo-al-exito-sin-retorno\/#primaryimage"},"image":{"@id":"https:\/\/letrame.com\/catalogo\/producto\/rumbo-al-exito-sin-retorno\/#primaryimage"},"thumbnailUrl":"https:\/\/letrame.com\/catalogo\/wp-content\/uploads\/2024\/04\/Rumbo-al-exito-.jpg","datePublished":"2024-04-29T08:21:53+00:00","dateModified":"2024-04-29T08:22:37+00:00","breadcrumb":{"@id":"https:\/\/letrame.com\/catalogo\/producto\/rumbo-al-exito-sin-retorno\/#breadcrumb"},"inLanguage":"es","potentialAction":[{"@type":"ReadAction","target":["https:\/\/letrame.com\/catalogo\/producto\/rumbo-al-exito-sin-retorno\/"]}]},{"@type":"ImageObject","inLanguage":"es","@id":"https:\/\/letrame.com\/catalogo\/producto\/rumbo-al-exito-sin-retorno\/#primaryimage","url":"https:\/\/letrame.com\/catalogo\/wp-content\/uploads\/2024\/04\/Rumbo-al-exito-.jpg","contentUrl":"https:\/\/letrame.com\/catalogo\/wp-content\/uploads\/2024\/04\/Rumbo-al-exito-.jpg","width":1500,"height":2362},{"@type":"BreadcrumbList","@id":"https:\/\/letrame.com\/catalogo\/producto\/rumbo-al-exito-sin-retorno\/#breadcrumb","itemListElement":[{"@type":"ListItem","position":1,"name":"Portada","item":"https:\/\/letrame.com\/catalogo\/"},{"@type":"ListItem","position":2,"name":"Cat\u00e1logo","item":"https:\/\/letrame.com\/catalogo\/"},{"@type":"ListItem","position":3,"name":"Rumbo al \u00e9xito sin retorno"}]},{"@type":"WebSite","@id":"https:\/\/letrame.com\/catalogo\/#website","url":"https:\/\/letrame.com\/catalogo\/","name":"Catalogo | Letrame Grupo Editorial","description":"","publisher":{"@id":"https:\/\/letrame.com\/catalogo\/#organization"},"potentialAction":[{"@type":"SearchAction","target":{"@type":"EntryPoint","urlTemplate":"https:\/\/letrame.com\/catalogo\/?s={search_term_string}"},"query-input":{"@type":"PropertyValueSpecification","valueRequired":true,"valueName":"search_term_string"}}],"inLanguage":"es"},{"@type":"Organization","@id":"https:\/\/letrame.com\/catalogo\/#organization","name":"Catalogo | Letrame Grupo Editorial","url":"https:\/\/letrame.com\/catalogo\/","logo":{"@type":"ImageObject","inLanguage":"es","@id":"https:\/\/letrame.com\/catalogo\/#\/schema\/logo\/image\/","url":"https:\/\/letrame.com\/catalogo\/wp-content\/uploads\/2024\/03\/logo2.webp","contentUrl":"https:\/\/letrame.com\/catalogo\/wp-content\/uploads\/2024\/03\/logo2.webp","width":394,"height":128,"caption":"Catalogo | Letrame Grupo Editorial"},"image":{"@id":"https:\/\/letrame.com\/catalogo\/#\/schema\/logo\/image\/"}}]}},"_links":{"self":[{"href":"https:\/\/letrame.com\/catalogo\/wp-json\/wp\/v2\/product\/96277","targetHints":{"allow":["GET"]}}],"collection":[{"href":"https:\/\/letrame.com\/catalogo\/wp-json\/wp\/v2\/product"}],"about":[{"href":"https:\/\/letrame.com\/catalogo\/wp-json\/wp\/v2\/types\/product"}],"replies":[{"embeddable":true,"href":"https:\/\/letrame.com\/catalogo\/wp-json\/wp\/v2\/comments?post=96277"}],"acf:post":[{"embeddable":true,"href":"https:\/\/letrame.com\/catalogo\/wp-json\/wp\/v2\/author_book\/74952"}],"wp:featuredmedia":[{"embeddable":true,"href":"https:\/\/letrame.com\/catalogo\/wp-json\/wp\/v2\/media\/96278"}],"wp:attachment":[{"href":"https:\/\/letrame.com\/catalogo\/wp-json\/wp\/v2\/media?parent=96277"}],"wp:term":[{"taxonomy":"libro","embeddable":true,"href":"https:\/\/letrame.com\/catalogo\/wp-json\/wp\/v2\/libro?post=96277"},{"taxonomy":"product_brand","embeddable":true,"href":"https:\/\/letrame.com\/catalogo\/wp-json\/wp\/v2\/product_brand?post=96277"},{"taxonomy":"product_cat","embeddable":true,"href":"https:\/\/letrame.com\/catalogo\/wp-json\/wp\/v2\/product_cat?post=96277"},{"taxonomy":"product_tag","embeddable":true,"href":"https:\/\/letrame.com\/catalogo\/wp-json\/wp\/v2\/product_tag?post=96277"}],"curies":[{"name":"wp","href":"https:\/\/api.w.org\/{rel}","templated":true}]}}