{"id":96248,"date":"2024-04-29T10:18:11","date_gmt":"2024-04-29T08:18:11","guid":{"rendered":"https:\/\/letrame.com\/catalogo\/producto\/la-pequenez\/"},"modified":"2024-04-29T10:18:37","modified_gmt":"2024-04-29T08:18:37","slug":"la-pequenez","status":"publish","type":"product","link":"https:\/\/letrame.com\/catalogo\/producto\/la-pequenez\/","title":{"rendered":"La peque\u00f1ez"},"content":{"rendered":"<p><b>ISBN<\/b><span style=\"font-weight: 400;\">: 978-8413861562<\/span><\/p>\n<p><b>T\u00edtulo<\/b><span style=\"font-weight: 400;\">: La peque\u00f1ez<\/span><span style=\"font-weight: 400;\"><br \/>\n<\/span><b>Fecha<\/b><span style=\"font-weight: 400;\">: 2021<\/span><span style=\"font-weight: 400;\"><br \/>\n<\/span><b>P\u00e1ginas<\/b><span style=\"font-weight: 400;\">:\u00a0 90<\/span><\/p>\n<p><b>SINOPSIS<\/b><\/p>\n<p>Desde su peque\u00f1ez, el ser humano no alcanza a mirar la grandeza de la Infinita Unidad, su Plenitud e Integridad. Es por eso que su mirada est\u00e1 limitada, sujeta y ordenada dentro de la estructura material de su ser.<\/p>\n<p>No puede ver m\u00e1s all\u00e1 del orden de la naturaleza f\u00edsica y material, quedando as\u00ed la esencia espiritual de su ser oculta en la profundidad de un misterio que es impenetrable para su mirada externa, ah\u00ed donde est\u00e1 sujeta la superficie lineal de su plano de conciencia actual.<\/p>\n<p>El M\u00edstico es llamado desde la profundidad del misterio espiritual y por eso, desde su raz\u00f3n sensorial ordinaria, no puede poner en orden el misterio que la llamada ES y REPRESENTA.<\/p>\n","protected":false},"excerpt":{"rendered":"<p><strong>ISBN: 978-8413861562<\/strong><\/p>\n<p>&nbsp;<\/p>\n<p>Desde su peque\u00f1ez, el ser humano no alcanza a mirar la grandeza de la Infinita Unidad, su Plenitud e Integridad. Es por eso que su mirada est\u00e1 limitada, sujeta y ordenada dentro de la estructura material de su ser.<\/p>\n<p>No puede ver m\u00e1s all\u00e1 del orden de la naturaleza f\u00edsica y material, quedando as\u00ed la esencia espiritual de su ser oculta en la profundidad de un misterio que es impenetrable para su mirada externa, ah\u00ed donde est\u00e1 sujeta la superficie lineal de su plano de conciencia actual.<\/p>\n<p>El M\u00edstico es llamado desde la profundidad del misterio espiritual y por eso, desde su raz\u00f3n sensorial ordinaria, no puede poner en orden el misterio que la llamada ES y REPRESENTA.<\/p>\n","protected":false},"featured_media":96249,"comment_status":"closed","ping_status":"open","template":"","meta":{"_acf_changed":false},"libro":[],"product_brand":[],"product_cat":[25],"product_tag":[],"class_list":{"0":"post-96248","1":"product","2":"type-product","3":"status-publish","4":"has-post-thumbnail","6":"product_cat-religion-y-espiritualidad","8":"first","9":"instock","10":"purchasable","11":"product-type-simple"},"acf":{"autor":[73136],"enlace_de_compra":"https:\/\/www.amazon.es\/peque%C3%B1ez-Diario-experiencia-m%C3%ADstica-Periodo\/dp\/841386156X\/ref=sr_1_1?__mk_es_ES=%C3%85M%C3%85%C5%BD%C3%95%C3%91&amp;dchild=1&amp;keywords=La+peque%C3%B1ez&amp;qid=1612367570&amp;s=books&amp;sr=1-1"},"yoast_head":"<!-- This site is optimized with the Yoast SEO plugin v27.4 - https:\/\/yoast.com\/product\/yoast-seo-wordpress\/ -->\n<title>La peque\u00f1ez - Catalogo | Letrame Grupo Editorial<\/title>\n<meta name=\"robots\" content=\"index, follow, max-snippet:-1, max-image-preview:large, max-video-preview:-1\" \/>\n<link rel=\"canonical\" href=\"https:\/\/letrame.com\/catalogo\/producto\/la-pequenez\/\" \/>\n<meta property=\"og:locale\" content=\"es_ES\" \/>\n<meta property=\"og:type\" content=\"article\" \/>\n<meta property=\"og:title\" content=\"La peque\u00f1ez - Catalogo | Letrame Grupo Editorial\" \/>\n<meta property=\"og:description\" content=\"ISBN: 978-8413861562 &nbsp; Desde su peque\u00f1ez, el ser humano no alcanza a mirar la grandeza de la Infinita Unidad, su Plenitud e Integridad. Es por eso que su mirada est\u00e1 limitada, sujeta y ordenada dentro de la estructura material de su ser. No puede ver m\u00e1s all\u00e1 del orden de la naturaleza f\u00edsica y material, quedando as\u00ed la esencia espiritual de su ser oculta en la profundidad de un misterio que es impenetrable para su mirada externa, ah\u00ed donde est\u00e1 sujeta la superficie lineal de su plano de conciencia actual. El M\u00edstico es llamado desde la profundidad del misterio espiritual y por eso, desde su raz\u00f3n sensorial ordinaria, no puede poner en orden el misterio que la llamada ES y REPRESENTA.\" \/>\n<meta property=\"og:url\" content=\"https:\/\/letrame.com\/catalogo\/producto\/la-pequenez\/\" \/>\n<meta property=\"og:site_name\" content=\"Catalogo | Letrame Grupo Editorial\" \/>\n<meta property=\"article:modified_time\" content=\"2024-04-29T08:18:37+00:00\" \/>\n<meta property=\"og:image\" content=\"https:\/\/letrame.com\/catalogo\/wp-content\/uploads\/2024\/04\/La-pequenez.jpg\" \/>\n\t<meta property=\"og:image:width\" content=\"1772\" \/>\n\t<meta property=\"og:image:height\" content=\"2480\" \/>\n\t<meta property=\"og:image:type\" content=\"image\/jpeg\" \/>\n<meta name=\"twitter:card\" content=\"summary_large_image\" \/>\n<meta name=\"twitter:label1\" content=\"Tiempo de lectura\" \/>\n\t<meta name=\"twitter:data1\" content=\"1 minuto\" \/>\n<script type=\"application\/ld+json\" class=\"yoast-schema-graph\">{\"@context\":\"https:\\\/\\\/schema.org\",\"@graph\":[{\"@type\":\"WebPage\",\"@id\":\"https:\\\/\\\/letrame.com\\\/catalogo\\\/producto\\\/la-pequenez\\\/\",\"url\":\"https:\\\/\\\/letrame.com\\\/catalogo\\\/producto\\\/la-pequenez\\\/\",\"name\":\"La peque\u00f1ez - Catalogo | Letrame Grupo Editorial\",\"isPartOf\":{\"@id\":\"https:\\\/\\\/letrame.com\\\/catalogo\\\/#website\"},\"primaryImageOfPage\":{\"@id\":\"https:\\\/\\\/letrame.com\\\/catalogo\\\/producto\\\/la-pequenez\\\/#primaryimage\"},\"image\":{\"@id\":\"https:\\\/\\\/letrame.com\\\/catalogo\\\/producto\\\/la-pequenez\\\/#primaryimage\"},\"thumbnailUrl\":\"https:\\\/\\\/letrame.com\\\/catalogo\\\/wp-content\\\/uploads\\\/2024\\\/04\\\/La-pequenez.jpg\",\"datePublished\":\"2024-04-29T08:18:11+00:00\",\"dateModified\":\"2024-04-29T08:18:37+00:00\",\"breadcrumb\":{\"@id\":\"https:\\\/\\\/letrame.com\\\/catalogo\\\/producto\\\/la-pequenez\\\/#breadcrumb\"},\"inLanguage\":\"es\",\"potentialAction\":[{\"@type\":\"ReadAction\",\"target\":[\"https:\\\/\\\/letrame.com\\\/catalogo\\\/producto\\\/la-pequenez\\\/\"]}]},{\"@type\":\"ImageObject\",\"inLanguage\":\"es\",\"@id\":\"https:\\\/\\\/letrame.com\\\/catalogo\\\/producto\\\/la-pequenez\\\/#primaryimage\",\"url\":\"https:\\\/\\\/letrame.com\\\/catalogo\\\/wp-content\\\/uploads\\\/2024\\\/04\\\/La-pequenez.jpg\",\"contentUrl\":\"https:\\\/\\\/letrame.com\\\/catalogo\\\/wp-content\\\/uploads\\\/2024\\\/04\\\/La-pequenez.jpg\",\"width\":1772,\"height\":2480},{\"@type\":\"BreadcrumbList\",\"@id\":\"https:\\\/\\\/letrame.com\\\/catalogo\\\/producto\\\/la-pequenez\\\/#breadcrumb\",\"itemListElement\":[{\"@type\":\"ListItem\",\"position\":1,\"name\":\"Portada\",\"item\":\"https:\\\/\\\/letrame.com\\\/catalogo\\\/\"},{\"@type\":\"ListItem\",\"position\":2,\"name\":\"Cat\u00e1logo\",\"item\":\"https:\\\/\\\/letrame.com\\\/catalogo\\\/\"},{\"@type\":\"ListItem\",\"position\":3,\"name\":\"La peque\u00f1ez\"}]},{\"@type\":\"WebSite\",\"@id\":\"https:\\\/\\\/letrame.com\\\/catalogo\\\/#website\",\"url\":\"https:\\\/\\\/letrame.com\\\/catalogo\\\/\",\"name\":\"Catalogo | Letrame Grupo Editorial\",\"description\":\"\",\"publisher\":{\"@id\":\"https:\\\/\\\/letrame.com\\\/catalogo\\\/#organization\"},\"potentialAction\":[{\"@type\":\"SearchAction\",\"target\":{\"@type\":\"EntryPoint\",\"urlTemplate\":\"https:\\\/\\\/letrame.com\\\/catalogo\\\/?s={search_term_string}\"},\"query-input\":{\"@type\":\"PropertyValueSpecification\",\"valueRequired\":true,\"valueName\":\"search_term_string\"}}],\"inLanguage\":\"es\"},{\"@type\":\"Organization\",\"@id\":\"https:\\\/\\\/letrame.com\\\/catalogo\\\/#organization\",\"name\":\"Catalogo | Letrame Grupo Editorial\",\"url\":\"https:\\\/\\\/letrame.com\\\/catalogo\\\/\",\"logo\":{\"@type\":\"ImageObject\",\"inLanguage\":\"es\",\"@id\":\"https:\\\/\\\/letrame.com\\\/catalogo\\\/#\\\/schema\\\/logo\\\/image\\\/\",\"url\":\"https:\\\/\\\/letrame.com\\\/catalogo\\\/wp-content\\\/uploads\\\/2024\\\/03\\\/logo2.webp\",\"contentUrl\":\"https:\\\/\\\/letrame.com\\\/catalogo\\\/wp-content\\\/uploads\\\/2024\\\/03\\\/logo2.webp\",\"width\":394,\"height\":128,\"caption\":\"Catalogo | Letrame Grupo Editorial\"},\"image\":{\"@id\":\"https:\\\/\\\/letrame.com\\\/catalogo\\\/#\\\/schema\\\/logo\\\/image\\\/\"}}]}<\/script>\n<!-- \/ Yoast SEO plugin. -->","yoast_head_json":{"title":"La peque\u00f1ez - Catalogo | Letrame Grupo Editorial","robots":{"index":"index","follow":"follow","max-snippet":"max-snippet:-1","max-image-preview":"max-image-preview:large","max-video-preview":"max-video-preview:-1"},"canonical":"https:\/\/letrame.com\/catalogo\/producto\/la-pequenez\/","og_locale":"es_ES","og_type":"article","og_title":"La peque\u00f1ez - Catalogo | Letrame Grupo Editorial","og_description":"ISBN: 978-8413861562 &nbsp; Desde su peque\u00f1ez, el ser humano no alcanza a mirar la grandeza de la Infinita Unidad, su Plenitud e Integridad. Es por eso que su mirada est\u00e1 limitada, sujeta y ordenada dentro de la estructura material de su ser. No puede ver m\u00e1s all\u00e1 del orden de la naturaleza f\u00edsica y material, quedando as\u00ed la esencia espiritual de su ser oculta en la profundidad de un misterio que es impenetrable para su mirada externa, ah\u00ed donde est\u00e1 sujeta la superficie lineal de su plano de conciencia actual. El M\u00edstico es llamado desde la profundidad del misterio espiritual y por eso, desde su raz\u00f3n sensorial ordinaria, no puede poner en orden el misterio que la llamada ES y REPRESENTA.","og_url":"https:\/\/letrame.com\/catalogo\/producto\/la-pequenez\/","og_site_name":"Catalogo | Letrame Grupo Editorial","article_modified_time":"2024-04-29T08:18:37+00:00","og_image":[{"width":1772,"height":2480,"url":"https:\/\/letrame.com\/catalogo\/wp-content\/uploads\/2024\/04\/La-pequenez.jpg","type":"image\/jpeg"}],"twitter_card":"summary_large_image","twitter_misc":{"Tiempo de lectura":"1 minuto"},"schema":{"@context":"https:\/\/schema.org","@graph":[{"@type":"WebPage","@id":"https:\/\/letrame.com\/catalogo\/producto\/la-pequenez\/","url":"https:\/\/letrame.com\/catalogo\/producto\/la-pequenez\/","name":"La peque\u00f1ez - Catalogo | Letrame Grupo Editorial","isPartOf":{"@id":"https:\/\/letrame.com\/catalogo\/#website"},"primaryImageOfPage":{"@id":"https:\/\/letrame.com\/catalogo\/producto\/la-pequenez\/#primaryimage"},"image":{"@id":"https:\/\/letrame.com\/catalogo\/producto\/la-pequenez\/#primaryimage"},"thumbnailUrl":"https:\/\/letrame.com\/catalogo\/wp-content\/uploads\/2024\/04\/La-pequenez.jpg","datePublished":"2024-04-29T08:18:11+00:00","dateModified":"2024-04-29T08:18:37+00:00","breadcrumb":{"@id":"https:\/\/letrame.com\/catalogo\/producto\/la-pequenez\/#breadcrumb"},"inLanguage":"es","potentialAction":[{"@type":"ReadAction","target":["https:\/\/letrame.com\/catalogo\/producto\/la-pequenez\/"]}]},{"@type":"ImageObject","inLanguage":"es","@id":"https:\/\/letrame.com\/catalogo\/producto\/la-pequenez\/#primaryimage","url":"https:\/\/letrame.com\/catalogo\/wp-content\/uploads\/2024\/04\/La-pequenez.jpg","contentUrl":"https:\/\/letrame.com\/catalogo\/wp-content\/uploads\/2024\/04\/La-pequenez.jpg","width":1772,"height":2480},{"@type":"BreadcrumbList","@id":"https:\/\/letrame.com\/catalogo\/producto\/la-pequenez\/#breadcrumb","itemListElement":[{"@type":"ListItem","position":1,"name":"Portada","item":"https:\/\/letrame.com\/catalogo\/"},{"@type":"ListItem","position":2,"name":"Cat\u00e1logo","item":"https:\/\/letrame.com\/catalogo\/"},{"@type":"ListItem","position":3,"name":"La peque\u00f1ez"}]},{"@type":"WebSite","@id":"https:\/\/letrame.com\/catalogo\/#website","url":"https:\/\/letrame.com\/catalogo\/","name":"Catalogo | Letrame Grupo Editorial","description":"","publisher":{"@id":"https:\/\/letrame.com\/catalogo\/#organization"},"potentialAction":[{"@type":"SearchAction","target":{"@type":"EntryPoint","urlTemplate":"https:\/\/letrame.com\/catalogo\/?s={search_term_string}"},"query-input":{"@type":"PropertyValueSpecification","valueRequired":true,"valueName":"search_term_string"}}],"inLanguage":"es"},{"@type":"Organization","@id":"https:\/\/letrame.com\/catalogo\/#organization","name":"Catalogo | Letrame Grupo Editorial","url":"https:\/\/letrame.com\/catalogo\/","logo":{"@type":"ImageObject","inLanguage":"es","@id":"https:\/\/letrame.com\/catalogo\/#\/schema\/logo\/image\/","url":"https:\/\/letrame.com\/catalogo\/wp-content\/uploads\/2024\/03\/logo2.webp","contentUrl":"https:\/\/letrame.com\/catalogo\/wp-content\/uploads\/2024\/03\/logo2.webp","width":394,"height":128,"caption":"Catalogo | Letrame Grupo Editorial"},"image":{"@id":"https:\/\/letrame.com\/catalogo\/#\/schema\/logo\/image\/"}}]}},"_links":{"self":[{"href":"https:\/\/letrame.com\/catalogo\/wp-json\/wp\/v2\/product\/96248","targetHints":{"allow":["GET"]}}],"collection":[{"href":"https:\/\/letrame.com\/catalogo\/wp-json\/wp\/v2\/product"}],"about":[{"href":"https:\/\/letrame.com\/catalogo\/wp-json\/wp\/v2\/types\/product"}],"replies":[{"embeddable":true,"href":"https:\/\/letrame.com\/catalogo\/wp-json\/wp\/v2\/comments?post=96248"}],"acf:post":[{"embeddable":true,"href":"https:\/\/letrame.com\/catalogo\/wp-json\/wp\/v2\/author_book\/73136"}],"wp:featuredmedia":[{"embeddable":true,"href":"https:\/\/letrame.com\/catalogo\/wp-json\/wp\/v2\/media\/96249"}],"wp:attachment":[{"href":"https:\/\/letrame.com\/catalogo\/wp-json\/wp\/v2\/media?parent=96248"}],"wp:term":[{"taxonomy":"libro","embeddable":true,"href":"https:\/\/letrame.com\/catalogo\/wp-json\/wp\/v2\/libro?post=96248"},{"taxonomy":"product_brand","embeddable":true,"href":"https:\/\/letrame.com\/catalogo\/wp-json\/wp\/v2\/product_brand?post=96248"},{"taxonomy":"product_cat","embeddable":true,"href":"https:\/\/letrame.com\/catalogo\/wp-json\/wp\/v2\/product_cat?post=96248"},{"taxonomy":"product_tag","embeddable":true,"href":"https:\/\/letrame.com\/catalogo\/wp-json\/wp\/v2\/product_tag?post=96248"}],"curies":[{"name":"wp","href":"https:\/\/api.w.org\/{rel}","templated":true}]}}