{"id":96221,"date":"2024-04-29T10:14:29","date_gmt":"2024-04-29T08:14:29","guid":{"rendered":"https:\/\/letrame.com\/catalogo\/producto\/capon-center\/"},"modified":"2024-04-29T10:15:24","modified_gmt":"2024-04-29T08:15:24","slug":"capon-center","status":"publish","type":"product","link":"https:\/\/letrame.com\/catalogo\/producto\/capon-center\/","title":{"rendered":"Cap\u00f3n center"},"content":{"rendered":"<p><b>ISBN<\/b><span style=\"font-weight: 400;\">: <\/span>978-84-1386-059-6<\/p>\n<p><b>T\u00edtulo<\/b><span style=\"font-weight: 400;\">: Cap\u00f3n center<\/span><span style=\"font-weight: 400;\"><br \/>\n<\/span><b>Fecha<\/b><span style=\"font-weight: 400;\">: 2021<\/span><span style=\"font-weight: 400;\"><br \/>\n<\/span><b>P\u00e1ginas<\/b><span style=\"font-weight: 400;\">: 248<\/span><\/p>\n<p><b>SINOPSIS<\/b><\/p>\n<p>Basado en hechos reales y en experiencias fascinantes de un inmigrante chino, nacionalizado peruano, que vivi\u00f3 m\u00e1s de medio siglo en el Per\u00fa y que se siente tan peruano como cualquier otro compatriota.<\/p>\n<p>Esta historia narra c\u00f3mo los sue\u00f1os se hacen realidad cuando uno los persigue con esfuerzo, dedicaci\u00f3n e inteligencia, y c\u00f3mo para todos los logros de los objetivos trazados se requiere una planificaci\u00f3n, que implica armar una estrategia; y lo \u00fatil que es saber un poco de <em>El arte de la guerra<\/em> de Tzun Zu y aplicar las 36 estrategias milenarias que en los anales de la historia china fueron aplicadas en m\u00faltiples ocasiones.<\/p>\n<p>&nbsp;<\/p>\n<p>Tambi\u00e9n narra c\u00f3mo las dos culturas se han fusionado e integrado en su persona, como en muchos otros. La doctrina del confucionismo, el fluir del tao\u00edsmo, el desprendimiento del budismo y el comportamiento liberal engalanados con el romanticismo occidental, evidenciado en el idioma espa\u00f1ol y complementado con la picard\u00eda criolla, hacen que el lector disfrute de su contenido al mismo tiempo que asimilan algunas sabidur\u00edas de vivencia.<\/p>\n<p>&nbsp;<\/p>\n<p>El autor comparte algunos de sus secretos de alcoba, con el fin de que el lector tome consciencia de que, en el sexo, no debe de haber tab\u00fa y que este es un alimento para su alma, ya que el buen sexo viene a ser la chispa de la vida que nos alivia las tensiones emocionales producidas por el trabajo que a diario se acumula y nos acongoja. Viene a ser como un borr\u00f3n y cuenta nueva para seguir con su actividad de manera m\u00e1s l\u00facida.<\/p>\n<p>&nbsp;<\/p>\n<p>La finalidad de esta novela es transmitir sabidur\u00edas vivenciales que se resume en 10 frases:<\/p>\n<p>Todo es posible de aprender, solo se requiere voluntad y paciencia, acu\u00e9rdense que la sand\u00eda no la puedes comer entera.<\/p>\n<p>Las cosas que realmente merece la pena de luchar, nunca son f\u00e1ciles.<\/p>\n<p>As\u00ed como el manantial, que retiene las gotas de lluvias o el fluir de una acequia, lLa sabidur\u00eda tambi\u00e9n se absorbe de manera gradual, acumulado en cada vivencia, porque no es una loter\u00eda que llega de la noche a la ma\u00f1ana.<\/p>\n<p>No hay que temerle al fracaso, porque es madre de la victoria, as\u00ed que, atr\u00e9vanse al desaf\u00edo.<\/p>\n<p>El conocimiento no es una riqueza acumulable, se renueva y se remplaza sin cesar, mant\u00e9ngase al d\u00eda.<\/p>\n<p>El tama\u00f1o de tus \u00e9xitos depende de tus deseos y esfuerzos desplegados, no basta con so\u00f1ar.<\/p>\n<p>Los goles de ayer, no sirven para los aplausos de ma\u00f1ana. As\u00ed que, tracen metas todos los d\u00edas, un hoy bien aprovechado hace de cada ayer un orgulloso recuerdo y de cada ma\u00f1ana un despertar m\u00e1s alentador.<\/p>\n<p>Somos libres para elegir, pero no somos libres para no elegir. As\u00ed que, no elijan nada a ciegas.<\/p>\n<p>La felicidad se basa m\u00e1s en el disfrute de lo que hacemos que en lo que tenemos.<\/p>\n<p>No hace falta bajarse los pantalones para tirarse un pedo, sean siempre pr\u00e1cticos y pragm\u00e1ticos.<\/p>\n<p>Adem\u00e1s, las experiencias de alcoba que el autor comparte en este libro, est\u00e1 plagado de romanticismo y erotismo. Expresado de una manera literariamente cruda y did\u00e1ctica, que con seguridad alg\u00fan provecho extraer\u00e1 el lector de su contenido.<\/p>\n<p>&nbsp;<\/p>\n","protected":false},"excerpt":{"rendered":"<p><strong>ISBN: 978-84-1386-059-6<\/strong><\/p>\n<p>Basado en hechos reales y en experiencias fascinantes de un inmigrante chino, nacionalizado peruano, que vivi\u00f3 m\u00e1s de medio siglo en el Per\u00fa y que se siente tan peruano como cualquier otro compatriota.<\/p>\n<p>Esta historia narra c\u00f3mo los sue\u00f1os se hacen realidad cuando uno los persigue con esfuerzo, dedicaci\u00f3n e inteligencia, y c\u00f3mo para todos los logros de los objetivos trazados se requiere una planificaci\u00f3n, que implica armar una estrategia; y lo \u00fatil que es saber un poco de <em>El arte de la guerra<\/em> de Tzun Zu y aplicar las 36 estrategias milenarias que en los anales de la historia china fueron aplicadas en m\u00faltiples ocasiones.<\/p>\n","protected":false},"featured_media":96222,"comment_status":"closed","ping_status":"open","template":"","meta":{"_acf_changed":false},"libro":[],"product_brand":[],"product_cat":[16,21],"product_tag":[],"class_list":{"0":"post-96221","1":"product","2":"type-product","3":"status-publish","4":"has-post-thumbnail","6":"product_cat-novela","7":"product_cat-relato","9":"first","10":"instock","11":"purchasable","12":"product-type-simple"},"acf":{"autor":[74913],"enlace_de_compra":"https:\/\/www.amazon.es\/Cap%C3%B3n-Center-01-Hechos-reales\/dp\/8413860598\/ref=sr_1_1?__mk_es_ES=%C3%85M%C3%85%C5%BD%C3%95%C3%91&amp;dchild=1&amp;keywords=Letrame+S.L.+Cap%C3%B3n+center&amp;qid=1623835751&amp;sr=8-1"},"yoast_head":"<!-- This site is optimized with the Yoast SEO plugin v27.4 - https:\/\/yoast.com\/product\/yoast-seo-wordpress\/ -->\n<title>Cap\u00f3n center - Catalogo | Letrame Grupo Editorial<\/title>\n<meta name=\"robots\" content=\"index, follow, max-snippet:-1, max-image-preview:large, max-video-preview:-1\" \/>\n<link rel=\"canonical\" href=\"https:\/\/letrame.com\/catalogo\/producto\/capon-center\/\" \/>\n<meta property=\"og:locale\" content=\"es_ES\" \/>\n<meta property=\"og:type\" content=\"article\" \/>\n<meta property=\"og:title\" content=\"Cap\u00f3n center - Catalogo | Letrame Grupo Editorial\" \/>\n<meta property=\"og:description\" content=\"ISBN: 978-84-1386-059-6 Basado en hechos reales y en experiencias fascinantes de un inmigrante chino, nacionalizado peruano, que vivi\u00f3 m\u00e1s de medio siglo en el Per\u00fa y que se siente tan peruano como cualquier otro compatriota. Esta historia narra c\u00f3mo los sue\u00f1os se hacen realidad cuando uno los persigue con esfuerzo, dedicaci\u00f3n e inteligencia, y c\u00f3mo para todos los logros de los objetivos trazados se requiere una planificaci\u00f3n, que implica armar una estrategia; y lo \u00fatil que es saber un poco de El arte de la guerra de Tzun Zu y aplicar las 36 estrategias milenarias que en los anales de la historia china fueron aplicadas en m\u00faltiples ocasiones.\" \/>\n<meta property=\"og:url\" content=\"https:\/\/letrame.com\/catalogo\/producto\/capon-center\/\" \/>\n<meta property=\"og:site_name\" content=\"Catalogo | Letrame Grupo Editorial\" \/>\n<meta property=\"article:modified_time\" content=\"2024-04-29T08:15:24+00:00\" \/>\n<meta property=\"og:image\" content=\"https:\/\/letrame.com\/catalogo\/wp-content\/uploads\/2024\/04\/CAPON-CENTER-scaled-1.jpg\" \/>\n\t<meta property=\"og:image:width\" content=\"1746\" \/>\n\t<meta property=\"og:image:height\" content=\"2560\" \/>\n\t<meta property=\"og:image:type\" content=\"image\/jpeg\" \/>\n<meta name=\"twitter:card\" content=\"summary_large_image\" \/>\n<meta name=\"twitter:label1\" content=\"Tiempo de lectura\" \/>\n\t<meta name=\"twitter:data1\" content=\"3 minutos\" \/>\n<script type=\"application\/ld+json\" class=\"yoast-schema-graph\">{\"@context\":\"https:\\\/\\\/schema.org\",\"@graph\":[{\"@type\":\"WebPage\",\"@id\":\"https:\\\/\\\/letrame.com\\\/catalogo\\\/producto\\\/capon-center\\\/\",\"url\":\"https:\\\/\\\/letrame.com\\\/catalogo\\\/producto\\\/capon-center\\\/\",\"name\":\"Cap\u00f3n center - Catalogo | Letrame Grupo Editorial\",\"isPartOf\":{\"@id\":\"https:\\\/\\\/letrame.com\\\/catalogo\\\/#website\"},\"primaryImageOfPage\":{\"@id\":\"https:\\\/\\\/letrame.com\\\/catalogo\\\/producto\\\/capon-center\\\/#primaryimage\"},\"image\":{\"@id\":\"https:\\\/\\\/letrame.com\\\/catalogo\\\/producto\\\/capon-center\\\/#primaryimage\"},\"thumbnailUrl\":\"https:\\\/\\\/letrame.com\\\/catalogo\\\/wp-content\\\/uploads\\\/2024\\\/04\\\/CAPON-CENTER-scaled-1.jpg\",\"datePublished\":\"2024-04-29T08:14:29+00:00\",\"dateModified\":\"2024-04-29T08:15:24+00:00\",\"breadcrumb\":{\"@id\":\"https:\\\/\\\/letrame.com\\\/catalogo\\\/producto\\\/capon-center\\\/#breadcrumb\"},\"inLanguage\":\"es\",\"potentialAction\":[{\"@type\":\"ReadAction\",\"target\":[\"https:\\\/\\\/letrame.com\\\/catalogo\\\/producto\\\/capon-center\\\/\"]}]},{\"@type\":\"ImageObject\",\"inLanguage\":\"es\",\"@id\":\"https:\\\/\\\/letrame.com\\\/catalogo\\\/producto\\\/capon-center\\\/#primaryimage\",\"url\":\"https:\\\/\\\/letrame.com\\\/catalogo\\\/wp-content\\\/uploads\\\/2024\\\/04\\\/CAPON-CENTER-scaled-1.jpg\",\"contentUrl\":\"https:\\\/\\\/letrame.com\\\/catalogo\\\/wp-content\\\/uploads\\\/2024\\\/04\\\/CAPON-CENTER-scaled-1.jpg\",\"width\":1746,\"height\":2560},{\"@type\":\"BreadcrumbList\",\"@id\":\"https:\\\/\\\/letrame.com\\\/catalogo\\\/producto\\\/capon-center\\\/#breadcrumb\",\"itemListElement\":[{\"@type\":\"ListItem\",\"position\":1,\"name\":\"Portada\",\"item\":\"https:\\\/\\\/letrame.com\\\/catalogo\\\/\"},{\"@type\":\"ListItem\",\"position\":2,\"name\":\"Cat\u00e1logo\",\"item\":\"https:\\\/\\\/letrame.com\\\/catalogo\\\/\"},{\"@type\":\"ListItem\",\"position\":3,\"name\":\"Cap\u00f3n center\"}]},{\"@type\":\"WebSite\",\"@id\":\"https:\\\/\\\/letrame.com\\\/catalogo\\\/#website\",\"url\":\"https:\\\/\\\/letrame.com\\\/catalogo\\\/\",\"name\":\"Catalogo | Letrame Grupo Editorial\",\"description\":\"\",\"publisher\":{\"@id\":\"https:\\\/\\\/letrame.com\\\/catalogo\\\/#organization\"},\"potentialAction\":[{\"@type\":\"SearchAction\",\"target\":{\"@type\":\"EntryPoint\",\"urlTemplate\":\"https:\\\/\\\/letrame.com\\\/catalogo\\\/?s={search_term_string}\"},\"query-input\":{\"@type\":\"PropertyValueSpecification\",\"valueRequired\":true,\"valueName\":\"search_term_string\"}}],\"inLanguage\":\"es\"},{\"@type\":\"Organization\",\"@id\":\"https:\\\/\\\/letrame.com\\\/catalogo\\\/#organization\",\"name\":\"Catalogo | Letrame Grupo Editorial\",\"url\":\"https:\\\/\\\/letrame.com\\\/catalogo\\\/\",\"logo\":{\"@type\":\"ImageObject\",\"inLanguage\":\"es\",\"@id\":\"https:\\\/\\\/letrame.com\\\/catalogo\\\/#\\\/schema\\\/logo\\\/image\\\/\",\"url\":\"https:\\\/\\\/letrame.com\\\/catalogo\\\/wp-content\\\/uploads\\\/2024\\\/03\\\/logo2.webp\",\"contentUrl\":\"https:\\\/\\\/letrame.com\\\/catalogo\\\/wp-content\\\/uploads\\\/2024\\\/03\\\/logo2.webp\",\"width\":394,\"height\":128,\"caption\":\"Catalogo | Letrame Grupo Editorial\"},\"image\":{\"@id\":\"https:\\\/\\\/letrame.com\\\/catalogo\\\/#\\\/schema\\\/logo\\\/image\\\/\"}}]}<\/script>\n<!-- \/ Yoast SEO plugin. -->","yoast_head_json":{"title":"Cap\u00f3n center - Catalogo | Letrame Grupo Editorial","robots":{"index":"index","follow":"follow","max-snippet":"max-snippet:-1","max-image-preview":"max-image-preview:large","max-video-preview":"max-video-preview:-1"},"canonical":"https:\/\/letrame.com\/catalogo\/producto\/capon-center\/","og_locale":"es_ES","og_type":"article","og_title":"Cap\u00f3n center - Catalogo | Letrame Grupo Editorial","og_description":"ISBN: 978-84-1386-059-6 Basado en hechos reales y en experiencias fascinantes de un inmigrante chino, nacionalizado peruano, que vivi\u00f3 m\u00e1s de medio siglo en el Per\u00fa y que se siente tan peruano como cualquier otro compatriota. Esta historia narra c\u00f3mo los sue\u00f1os se hacen realidad cuando uno los persigue con esfuerzo, dedicaci\u00f3n e inteligencia, y c\u00f3mo para todos los logros de los objetivos trazados se requiere una planificaci\u00f3n, que implica armar una estrategia; y lo \u00fatil que es saber un poco de El arte de la guerra de Tzun Zu y aplicar las 36 estrategias milenarias que en los anales de la historia china fueron aplicadas en m\u00faltiples ocasiones.","og_url":"https:\/\/letrame.com\/catalogo\/producto\/capon-center\/","og_site_name":"Catalogo | Letrame Grupo Editorial","article_modified_time":"2024-04-29T08:15:24+00:00","og_image":[{"width":1746,"height":2560,"url":"https:\/\/letrame.com\/catalogo\/wp-content\/uploads\/2024\/04\/CAPON-CENTER-scaled-1.jpg","type":"image\/jpeg"}],"twitter_card":"summary_large_image","twitter_misc":{"Tiempo de lectura":"3 minutos"},"schema":{"@context":"https:\/\/schema.org","@graph":[{"@type":"WebPage","@id":"https:\/\/letrame.com\/catalogo\/producto\/capon-center\/","url":"https:\/\/letrame.com\/catalogo\/producto\/capon-center\/","name":"Cap\u00f3n center - Catalogo | Letrame Grupo Editorial","isPartOf":{"@id":"https:\/\/letrame.com\/catalogo\/#website"},"primaryImageOfPage":{"@id":"https:\/\/letrame.com\/catalogo\/producto\/capon-center\/#primaryimage"},"image":{"@id":"https:\/\/letrame.com\/catalogo\/producto\/capon-center\/#primaryimage"},"thumbnailUrl":"https:\/\/letrame.com\/catalogo\/wp-content\/uploads\/2024\/04\/CAPON-CENTER-scaled-1.jpg","datePublished":"2024-04-29T08:14:29+00:00","dateModified":"2024-04-29T08:15:24+00:00","breadcrumb":{"@id":"https:\/\/letrame.com\/catalogo\/producto\/capon-center\/#breadcrumb"},"inLanguage":"es","potentialAction":[{"@type":"ReadAction","target":["https:\/\/letrame.com\/catalogo\/producto\/capon-center\/"]}]},{"@type":"ImageObject","inLanguage":"es","@id":"https:\/\/letrame.com\/catalogo\/producto\/capon-center\/#primaryimage","url":"https:\/\/letrame.com\/catalogo\/wp-content\/uploads\/2024\/04\/CAPON-CENTER-scaled-1.jpg","contentUrl":"https:\/\/letrame.com\/catalogo\/wp-content\/uploads\/2024\/04\/CAPON-CENTER-scaled-1.jpg","width":1746,"height":2560},{"@type":"BreadcrumbList","@id":"https:\/\/letrame.com\/catalogo\/producto\/capon-center\/#breadcrumb","itemListElement":[{"@type":"ListItem","position":1,"name":"Portada","item":"https:\/\/letrame.com\/catalogo\/"},{"@type":"ListItem","position":2,"name":"Cat\u00e1logo","item":"https:\/\/letrame.com\/catalogo\/"},{"@type":"ListItem","position":3,"name":"Cap\u00f3n center"}]},{"@type":"WebSite","@id":"https:\/\/letrame.com\/catalogo\/#website","url":"https:\/\/letrame.com\/catalogo\/","name":"Catalogo | Letrame Grupo Editorial","description":"","publisher":{"@id":"https:\/\/letrame.com\/catalogo\/#organization"},"potentialAction":[{"@type":"SearchAction","target":{"@type":"EntryPoint","urlTemplate":"https:\/\/letrame.com\/catalogo\/?s={search_term_string}"},"query-input":{"@type":"PropertyValueSpecification","valueRequired":true,"valueName":"search_term_string"}}],"inLanguage":"es"},{"@type":"Organization","@id":"https:\/\/letrame.com\/catalogo\/#organization","name":"Catalogo | Letrame Grupo Editorial","url":"https:\/\/letrame.com\/catalogo\/","logo":{"@type":"ImageObject","inLanguage":"es","@id":"https:\/\/letrame.com\/catalogo\/#\/schema\/logo\/image\/","url":"https:\/\/letrame.com\/catalogo\/wp-content\/uploads\/2024\/03\/logo2.webp","contentUrl":"https:\/\/letrame.com\/catalogo\/wp-content\/uploads\/2024\/03\/logo2.webp","width":394,"height":128,"caption":"Catalogo | Letrame Grupo Editorial"},"image":{"@id":"https:\/\/letrame.com\/catalogo\/#\/schema\/logo\/image\/"}}]}},"_links":{"self":[{"href":"https:\/\/letrame.com\/catalogo\/wp-json\/wp\/v2\/product\/96221","targetHints":{"allow":["GET"]}}],"collection":[{"href":"https:\/\/letrame.com\/catalogo\/wp-json\/wp\/v2\/product"}],"about":[{"href":"https:\/\/letrame.com\/catalogo\/wp-json\/wp\/v2\/types\/product"}],"replies":[{"embeddable":true,"href":"https:\/\/letrame.com\/catalogo\/wp-json\/wp\/v2\/comments?post=96221"}],"acf:post":[{"embeddable":true,"href":"https:\/\/letrame.com\/catalogo\/wp-json\/wp\/v2\/author_book\/74913"}],"wp:featuredmedia":[{"embeddable":true,"href":"https:\/\/letrame.com\/catalogo\/wp-json\/wp\/v2\/media\/96222"}],"wp:attachment":[{"href":"https:\/\/letrame.com\/catalogo\/wp-json\/wp\/v2\/media?parent=96221"}],"wp:term":[{"taxonomy":"libro","embeddable":true,"href":"https:\/\/letrame.com\/catalogo\/wp-json\/wp\/v2\/libro?post=96221"},{"taxonomy":"product_brand","embeddable":true,"href":"https:\/\/letrame.com\/catalogo\/wp-json\/wp\/v2\/product_brand?post=96221"},{"taxonomy":"product_cat","embeddable":true,"href":"https:\/\/letrame.com\/catalogo\/wp-json\/wp\/v2\/product_cat?post=96221"},{"taxonomy":"product_tag","embeddable":true,"href":"https:\/\/letrame.com\/catalogo\/wp-json\/wp\/v2\/product_tag?post=96221"}],"curies":[{"name":"wp","href":"https:\/\/api.w.org\/{rel}","templated":true}]}}