{"id":96215,"date":"2024-04-29T10:14:29","date_gmt":"2024-04-29T08:14:29","guid":{"rendered":"https:\/\/letrame.com\/catalogo\/producto\/en-busca-del-heroe\/"},"modified":"2024-04-29T10:14:41","modified_gmt":"2024-04-29T08:14:41","slug":"en-busca-del-heroe","status":"publish","type":"product","link":"https:\/\/letrame.com\/catalogo\/producto\/en-busca-del-heroe\/","title":{"rendered":"En busca del h\u00e9roe"},"content":{"rendered":"<p><strong>ISBN: 978-84-18585-96-8<\/strong><\/p>\n<p><b>T\u00edtulo<\/b><span style=\"font-weight: 400;\">:\u00a0 En busca del h\u00e9roe<\/span><span style=\"font-weight: 400;\"><br \/>\n<\/span><b>Fecha<\/b><span style=\"font-weight: 400;\">:\u00a0 2021<\/span><span style=\"font-weight: 400;\"><br \/>\n<\/span><b>P\u00e1ginas<\/b><span style=\"font-weight: 400;\">: 312<\/span><\/p>\n<p><b>SINOPSIS<\/b><\/p>\n<p><em>En busca del h\u00e9roe<\/em> plantea una pregunta sencilla: \u00bfexiste alguna diferencia entre fantas\u00eda y realidad? Influenciada por <em>La historia interminable<\/em>, ahonda en la amistad, la imaginaci\u00f3n y el verdadero significado de ser un h\u00e9roe.<\/p>\n<p>Las palabras de las novelas de fantas\u00eda de toda la Tierra han empezado a cambiar y nadie sabe ni c\u00f3mo ni por qu\u00e9.<\/p>\n<p>Edmyn ya no es un ni\u00f1o y no le importa en absoluto lo que ocurra con esos libros. Sin embargo, Benja, su hermano menor con TEA, vive obsesionado con el mundo de fantas\u00eda que su madre escribi\u00f3. Cuando las p\u00e1ginas de esos libros se alteran, la vida del peque\u00f1o corre peligro.<\/p>\n<p>Ser\u00e1 Edmyn quien deba viajar hacia ese mundo en b\u00fasqueda de Fenzo, el h\u00e9roe destinado a salvar el reino y, de ese modo, a su hermano. Tendr\u00e1 que lidiar con los zauis: unos seres alegres, pintorescos y totalmente distintos a \u00e9l.<\/p>\n<p>En su camino se topar\u00e1 con peligros inimaginables y descubrimientos que revolver\u00e1n su coraz\u00f3n.<\/p>\n<p>Dispone de muy poco tiempo para encontrar al h\u00e9roe y salvar a su hermano.<\/p>\n<p>\u00bfLo conseguir\u00e1?<\/p>\n","protected":false},"excerpt":{"rendered":"<p><strong>ISBN: 978-84-18585-96-8<\/strong><\/p>\n<p><em>En busca del h\u00e9roe<\/em> plantea una pregunta sencilla: \u00bfexiste alguna diferencia entre fantas\u00eda y realidad? Influenciada por <em>La historia interminable<\/em>, ahonda en la amistad, la imaginaci\u00f3n y el verdadero significado de ser un h\u00e9roe.<\/p>\n<p>Las palabras de las novelas de fantas\u00eda de toda la Tierra han empezado a cambiar y nadie sabe ni c\u00f3mo ni por qu\u00e9.<\/p>\n","protected":false},"featured_media":96216,"comment_status":"closed","ping_status":"open","template":"","meta":{"_acf_changed":false},"libro":[],"product_brand":[],"product_cat":[16],"product_tag":[],"class_list":{"0":"post-96215","1":"product","2":"type-product","3":"status-publish","4":"has-post-thumbnail","6":"product_cat-novela","8":"first","9":"instock","10":"purchasable","11":"product-type-simple"},"acf":{"autor":[74909],"enlace_de_compra":"https:\/\/www.paypal.com\/cgi-bin\/webscr?cmd=_s-xclick&amp;hosted_button_id=UL4AFC7B4V4US"},"yoast_head":"<!-- This site is optimized with the Yoast SEO plugin v26.6 - https:\/\/yoast.com\/wordpress\/plugins\/seo\/ -->\n<title>En busca del h\u00e9roe - Catalogo | Letrame Grupo Editorial<\/title>\n<meta name=\"robots\" content=\"index, follow, max-snippet:-1, max-image-preview:large, max-video-preview:-1\" \/>\n<link rel=\"canonical\" href=\"https:\/\/letrame.com\/catalogo\/producto\/en-busca-del-heroe\/\" \/>\n<meta property=\"og:locale\" content=\"es_ES\" \/>\n<meta property=\"og:type\" content=\"article\" \/>\n<meta property=\"og:title\" content=\"En busca del h\u00e9roe - Catalogo | Letrame Grupo Editorial\" \/>\n<meta property=\"og:description\" content=\"ISBN: 978-84-18585-96-8 En busca del h\u00e9roe plantea una pregunta sencilla: \u00bfexiste alguna diferencia entre fantas\u00eda y realidad? Influenciada por La historia interminable, ahonda en la amistad, la imaginaci\u00f3n y el verdadero significado de ser un h\u00e9roe. Las palabras de las novelas de fantas\u00eda de toda la Tierra han empezado a cambiar y nadie sabe ni c\u00f3mo ni por qu\u00e9.\" \/>\n<meta property=\"og:url\" content=\"https:\/\/letrame.com\/catalogo\/producto\/en-busca-del-heroe\/\" \/>\n<meta property=\"og:site_name\" content=\"Catalogo | Letrame Grupo Editorial\" \/>\n<meta property=\"article:modified_time\" content=\"2024-04-29T08:14:41+00:00\" \/>\n<meta property=\"og:image\" content=\"https:\/\/letrame.com\/catalogo\/wp-content\/uploads\/2024\/04\/En-busca-del-heroe-scaled-1.jpg\" \/>\n\t<meta property=\"og:image:width\" content=\"1746\" \/>\n\t<meta property=\"og:image:height\" content=\"2560\" \/>\n\t<meta property=\"og:image:type\" content=\"image\/jpeg\" \/>\n<meta name=\"twitter:card\" content=\"summary_large_image\" \/>\n<meta name=\"twitter:label1\" content=\"Tiempo de lectura\" \/>\n\t<meta name=\"twitter:data1\" content=\"1 minuto\" \/>\n<script type=\"application\/ld+json\" class=\"yoast-schema-graph\">{\"@context\":\"https:\/\/schema.org\",\"@graph\":[{\"@type\":\"WebPage\",\"@id\":\"https:\/\/letrame.com\/catalogo\/producto\/en-busca-del-heroe\/\",\"url\":\"https:\/\/letrame.com\/catalogo\/producto\/en-busca-del-heroe\/\",\"name\":\"En busca del h\u00e9roe - Catalogo | Letrame Grupo Editorial\",\"isPartOf\":{\"@id\":\"https:\/\/letrame.com\/catalogo\/#website\"},\"primaryImageOfPage\":{\"@id\":\"https:\/\/letrame.com\/catalogo\/producto\/en-busca-del-heroe\/#primaryimage\"},\"image\":{\"@id\":\"https:\/\/letrame.com\/catalogo\/producto\/en-busca-del-heroe\/#primaryimage\"},\"thumbnailUrl\":\"https:\/\/letrame.com\/catalogo\/wp-content\/uploads\/2024\/04\/En-busca-del-heroe-scaled-1.jpg\",\"datePublished\":\"2024-04-29T08:14:29+00:00\",\"dateModified\":\"2024-04-29T08:14:41+00:00\",\"breadcrumb\":{\"@id\":\"https:\/\/letrame.com\/catalogo\/producto\/en-busca-del-heroe\/#breadcrumb\"},\"inLanguage\":\"es\",\"potentialAction\":[{\"@type\":\"ReadAction\",\"target\":[\"https:\/\/letrame.com\/catalogo\/producto\/en-busca-del-heroe\/\"]}]},{\"@type\":\"ImageObject\",\"inLanguage\":\"es\",\"@id\":\"https:\/\/letrame.com\/catalogo\/producto\/en-busca-del-heroe\/#primaryimage\",\"url\":\"https:\/\/letrame.com\/catalogo\/wp-content\/uploads\/2024\/04\/En-busca-del-heroe-scaled-1.jpg\",\"contentUrl\":\"https:\/\/letrame.com\/catalogo\/wp-content\/uploads\/2024\/04\/En-busca-del-heroe-scaled-1.jpg\",\"width\":1746,\"height\":2560},{\"@type\":\"BreadcrumbList\",\"@id\":\"https:\/\/letrame.com\/catalogo\/producto\/en-busca-del-heroe\/#breadcrumb\",\"itemListElement\":[{\"@type\":\"ListItem\",\"position\":1,\"name\":\"Portada\",\"item\":\"https:\/\/letrame.com\/catalogo\/\"},{\"@type\":\"ListItem\",\"position\":2,\"name\":\"Cat\u00e1logo\",\"item\":\"https:\/\/letrame.com\/catalogo\/\"},{\"@type\":\"ListItem\",\"position\":3,\"name\":\"En busca del h\u00e9roe\"}]},{\"@type\":\"WebSite\",\"@id\":\"https:\/\/letrame.com\/catalogo\/#website\",\"url\":\"https:\/\/letrame.com\/catalogo\/\",\"name\":\"Catalogo | Letrame Grupo Editorial\",\"description\":\"\",\"publisher\":{\"@id\":\"https:\/\/letrame.com\/catalogo\/#organization\"},\"potentialAction\":[{\"@type\":\"SearchAction\",\"target\":{\"@type\":\"EntryPoint\",\"urlTemplate\":\"https:\/\/letrame.com\/catalogo\/?s={search_term_string}\"},\"query-input\":{\"@type\":\"PropertyValueSpecification\",\"valueRequired\":true,\"valueName\":\"search_term_string\"}}],\"inLanguage\":\"es\"},{\"@type\":\"Organization\",\"@id\":\"https:\/\/letrame.com\/catalogo\/#organization\",\"name\":\"Catalogo | Letrame Grupo Editorial\",\"url\":\"https:\/\/letrame.com\/catalogo\/\",\"logo\":{\"@type\":\"ImageObject\",\"inLanguage\":\"es\",\"@id\":\"https:\/\/letrame.com\/catalogo\/#\/schema\/logo\/image\/\",\"url\":\"https:\/\/letrame.com\/catalogo\/wp-content\/uploads\/2024\/03\/logo2.webp\",\"contentUrl\":\"https:\/\/letrame.com\/catalogo\/wp-content\/uploads\/2024\/03\/logo2.webp\",\"width\":394,\"height\":128,\"caption\":\"Catalogo | Letrame Grupo Editorial\"},\"image\":{\"@id\":\"https:\/\/letrame.com\/catalogo\/#\/schema\/logo\/image\/\"}}]}<\/script>\n<!-- \/ Yoast SEO plugin. -->","yoast_head_json":{"title":"En busca del h\u00e9roe - Catalogo | Letrame Grupo Editorial","robots":{"index":"index","follow":"follow","max-snippet":"max-snippet:-1","max-image-preview":"max-image-preview:large","max-video-preview":"max-video-preview:-1"},"canonical":"https:\/\/letrame.com\/catalogo\/producto\/en-busca-del-heroe\/","og_locale":"es_ES","og_type":"article","og_title":"En busca del h\u00e9roe - Catalogo | Letrame Grupo Editorial","og_description":"ISBN: 978-84-18585-96-8 En busca del h\u00e9roe plantea una pregunta sencilla: \u00bfexiste alguna diferencia entre fantas\u00eda y realidad? Influenciada por La historia interminable, ahonda en la amistad, la imaginaci\u00f3n y el verdadero significado de ser un h\u00e9roe. Las palabras de las novelas de fantas\u00eda de toda la Tierra han empezado a cambiar y nadie sabe ni c\u00f3mo ni por qu\u00e9.","og_url":"https:\/\/letrame.com\/catalogo\/producto\/en-busca-del-heroe\/","og_site_name":"Catalogo | Letrame Grupo Editorial","article_modified_time":"2024-04-29T08:14:41+00:00","og_image":[{"width":1746,"height":2560,"url":"https:\/\/letrame.com\/catalogo\/wp-content\/uploads\/2024\/04\/En-busca-del-heroe-scaled-1.jpg","type":"image\/jpeg"}],"twitter_card":"summary_large_image","twitter_misc":{"Tiempo de lectura":"1 minuto"},"schema":{"@context":"https:\/\/schema.org","@graph":[{"@type":"WebPage","@id":"https:\/\/letrame.com\/catalogo\/producto\/en-busca-del-heroe\/","url":"https:\/\/letrame.com\/catalogo\/producto\/en-busca-del-heroe\/","name":"En busca del h\u00e9roe - Catalogo | Letrame Grupo Editorial","isPartOf":{"@id":"https:\/\/letrame.com\/catalogo\/#website"},"primaryImageOfPage":{"@id":"https:\/\/letrame.com\/catalogo\/producto\/en-busca-del-heroe\/#primaryimage"},"image":{"@id":"https:\/\/letrame.com\/catalogo\/producto\/en-busca-del-heroe\/#primaryimage"},"thumbnailUrl":"https:\/\/letrame.com\/catalogo\/wp-content\/uploads\/2024\/04\/En-busca-del-heroe-scaled-1.jpg","datePublished":"2024-04-29T08:14:29+00:00","dateModified":"2024-04-29T08:14:41+00:00","breadcrumb":{"@id":"https:\/\/letrame.com\/catalogo\/producto\/en-busca-del-heroe\/#breadcrumb"},"inLanguage":"es","potentialAction":[{"@type":"ReadAction","target":["https:\/\/letrame.com\/catalogo\/producto\/en-busca-del-heroe\/"]}]},{"@type":"ImageObject","inLanguage":"es","@id":"https:\/\/letrame.com\/catalogo\/producto\/en-busca-del-heroe\/#primaryimage","url":"https:\/\/letrame.com\/catalogo\/wp-content\/uploads\/2024\/04\/En-busca-del-heroe-scaled-1.jpg","contentUrl":"https:\/\/letrame.com\/catalogo\/wp-content\/uploads\/2024\/04\/En-busca-del-heroe-scaled-1.jpg","width":1746,"height":2560},{"@type":"BreadcrumbList","@id":"https:\/\/letrame.com\/catalogo\/producto\/en-busca-del-heroe\/#breadcrumb","itemListElement":[{"@type":"ListItem","position":1,"name":"Portada","item":"https:\/\/letrame.com\/catalogo\/"},{"@type":"ListItem","position":2,"name":"Cat\u00e1logo","item":"https:\/\/letrame.com\/catalogo\/"},{"@type":"ListItem","position":3,"name":"En busca del h\u00e9roe"}]},{"@type":"WebSite","@id":"https:\/\/letrame.com\/catalogo\/#website","url":"https:\/\/letrame.com\/catalogo\/","name":"Catalogo | Letrame Grupo Editorial","description":"","publisher":{"@id":"https:\/\/letrame.com\/catalogo\/#organization"},"potentialAction":[{"@type":"SearchAction","target":{"@type":"EntryPoint","urlTemplate":"https:\/\/letrame.com\/catalogo\/?s={search_term_string}"},"query-input":{"@type":"PropertyValueSpecification","valueRequired":true,"valueName":"search_term_string"}}],"inLanguage":"es"},{"@type":"Organization","@id":"https:\/\/letrame.com\/catalogo\/#organization","name":"Catalogo | Letrame Grupo Editorial","url":"https:\/\/letrame.com\/catalogo\/","logo":{"@type":"ImageObject","inLanguage":"es","@id":"https:\/\/letrame.com\/catalogo\/#\/schema\/logo\/image\/","url":"https:\/\/letrame.com\/catalogo\/wp-content\/uploads\/2024\/03\/logo2.webp","contentUrl":"https:\/\/letrame.com\/catalogo\/wp-content\/uploads\/2024\/03\/logo2.webp","width":394,"height":128,"caption":"Catalogo | Letrame Grupo Editorial"},"image":{"@id":"https:\/\/letrame.com\/catalogo\/#\/schema\/logo\/image\/"}}]}},"_links":{"self":[{"href":"https:\/\/letrame.com\/catalogo\/wp-json\/wp\/v2\/product\/96215","targetHints":{"allow":["GET"]}}],"collection":[{"href":"https:\/\/letrame.com\/catalogo\/wp-json\/wp\/v2\/product"}],"about":[{"href":"https:\/\/letrame.com\/catalogo\/wp-json\/wp\/v2\/types\/product"}],"replies":[{"embeddable":true,"href":"https:\/\/letrame.com\/catalogo\/wp-json\/wp\/v2\/comments?post=96215"}],"acf:post":[{"embeddable":true,"href":"https:\/\/letrame.com\/catalogo\/wp-json\/wp\/v2\/author_book\/74909"}],"wp:featuredmedia":[{"embeddable":true,"href":"https:\/\/letrame.com\/catalogo\/wp-json\/wp\/v2\/media\/96216"}],"wp:attachment":[{"href":"https:\/\/letrame.com\/catalogo\/wp-json\/wp\/v2\/media?parent=96215"}],"wp:term":[{"taxonomy":"libro","embeddable":true,"href":"https:\/\/letrame.com\/catalogo\/wp-json\/wp\/v2\/libro?post=96215"},{"taxonomy":"product_brand","embeddable":true,"href":"https:\/\/letrame.com\/catalogo\/wp-json\/wp\/v2\/product_brand?post=96215"},{"taxonomy":"product_cat","embeddable":true,"href":"https:\/\/letrame.com\/catalogo\/wp-json\/wp\/v2\/product_cat?post=96215"},{"taxonomy":"product_tag","embeddable":true,"href":"https:\/\/letrame.com\/catalogo\/wp-json\/wp\/v2\/product_tag?post=96215"}],"curies":[{"name":"wp","href":"https:\/\/api.w.org\/{rel}","templated":true}]}}