{"id":96172,"date":"2024-04-29T10:08:29","date_gmt":"2024-04-29T08:08:29","guid":{"rendered":"https:\/\/letrame.com\/catalogo\/producto\/vivir-del-cuento\/"},"modified":"2024-04-29T10:09:25","modified_gmt":"2024-04-29T08:09:25","slug":"vivir-del-cuento","status":"publish","type":"product","link":"https:\/\/letrame.com\/catalogo\/producto\/vivir-del-cuento\/","title":{"rendered":"Vivir del cuento"},"content":{"rendered":"\n<p><strong>ISBN<\/strong>:\u00a0978-84-18585-33-3<\/p>\n\n\n\n<p><strong>T\u00edtulo<\/strong>: Vivir del cuento<br><strong>Fecha<\/strong>: 2020<br><strong>P\u00e1ginas<\/strong>:\u00a0102<\/p>\n\n\n\n<p><strong>SINOPSIS<\/strong><\/p>\n\n\n\n<p>Un joven pastor que vive alejado de las formas y costumbres de los de su generaci\u00f3n conoce a un misterioso hombre en su viaje hacia el norte de Soria. En apenas dos d\u00edas entablar\u00e1n una amistad con intercambio de pensamientos e ideas donde el hombre le abrir\u00e1 los ojos a nuevas realidades. Con met\u00e1foras, cuentos y experiencias personales dar\u00e1n al lector las semillas para iniciar un viaje hacia una mejor forma de vida, donde a veces el \u00e9xito es solo vivir con la responsabilidad de ser uno mismo.<\/p>\n\n\n\n<p>Este libro no pretende ser un cuento, bueno quiz\u00e1 s\u00ed. Me gustar\u00eda fuese como un mapa del tesoro donde reflejarte y poder seguir tus sue\u00f1os, en definitiva recorrer tu camino, buscarte como persona sin que nadie te robe tu tiempo \u00fanico, correr por tu carrera, trabajar por ti y no para otros. ESCRIBIR TU VIDA Y VIVIR TU CUENTO.<\/p>\n","protected":false},"excerpt":{"rendered":"<p><strong>ISBN:\u00a0978-84-18585-33-3<\/strong><\/p>\n<p>Este libro no pretende ser un cuento, bueno quiz\u00e1 s\u00ed. Me gustar\u00eda fuese como un mapa del tesoro donde reflejarte y poder seguir tus sue\u00f1os, en definitiva recorrer tu camino, buscarte como persona sin que nadie te robe tu tiempo \u00fanico, correr por tu carrera, trabajar por ti y no para otros. ESCRIBIR TU VIDA Y VIVIR TU CUENTO.<\/p>\n","protected":false},"featured_media":96173,"comment_status":"closed","ping_status":"open","template":"","meta":{"_acf_changed":false},"libro":[],"product_brand":[],"product_cat":[21],"product_tag":[],"class_list":{"0":"post-96172","1":"product","2":"type-product","3":"status-publish","4":"has-post-thumbnail","6":"product_cat-relato","8":"first","9":"instock","10":"purchasable","11":"product-type-simple"},"acf":{"autor":[74872],"enlace_de_compra":"https:\/\/www.amazon.es\/Vivir-del-cuento-1-Novela\/dp\/8418585331\/ref=sr_1_1?__mk_es_ES=%C3%85M%C3%85%C5%BD%C3%95%C3%91&amp;dchild=1&amp;keywords=vivir+del+cuento+letrame&amp;qid=1610025797&amp;sr=8-1"},"yoast_head":"<!-- This site is optimized with the Yoast SEO plugin v27.4 - https:\/\/yoast.com\/product\/yoast-seo-wordpress\/ -->\n<title>Vivir del cuento - Catalogo | Letrame Grupo Editorial<\/title>\n<meta name=\"robots\" content=\"index, follow, max-snippet:-1, max-image-preview:large, max-video-preview:-1\" \/>\n<link rel=\"canonical\" href=\"https:\/\/letrame.com\/catalogo\/producto\/vivir-del-cuento\/\" \/>\n<meta property=\"og:locale\" content=\"es_ES\" \/>\n<meta property=\"og:type\" content=\"article\" \/>\n<meta property=\"og:title\" content=\"Vivir del cuento - Catalogo | Letrame Grupo Editorial\" \/>\n<meta property=\"og:description\" content=\"ISBN:\u00a0978-84-18585-33-3 Este libro no pretende ser un cuento, bueno quiz\u00e1 s\u00ed. Me gustar\u00eda fuese como un mapa del tesoro donde reflejarte y poder seguir tus sue\u00f1os, en definitiva recorrer tu camino, buscarte como persona sin que nadie te robe tu tiempo \u00fanico, correr por tu carrera, trabajar por ti y no para otros. ESCRIBIR TU VIDA Y VIVIR TU CUENTO.\" \/>\n<meta property=\"og:url\" content=\"https:\/\/letrame.com\/catalogo\/producto\/vivir-del-cuento\/\" \/>\n<meta property=\"og:site_name\" content=\"Catalogo | Letrame Grupo Editorial\" \/>\n<meta property=\"article:modified_time\" content=\"2024-04-29T08:09:25+00:00\" \/>\n<meta property=\"og:image\" content=\"https:\/\/letrame.com\/catalogo\/wp-content\/uploads\/2024\/04\/Vivir-del-cuento-scaled-1.jpg\" \/>\n\t<meta property=\"og:image:width\" content=\"1746\" \/>\n\t<meta property=\"og:image:height\" content=\"2560\" \/>\n\t<meta property=\"og:image:type\" content=\"image\/jpeg\" \/>\n<meta name=\"twitter:card\" content=\"summary_large_image\" \/>\n<meta name=\"twitter:label1\" content=\"Tiempo de lectura\" \/>\n\t<meta name=\"twitter:data1\" content=\"1 minuto\" \/>\n<script type=\"application\/ld+json\" class=\"yoast-schema-graph\">{\"@context\":\"https:\\\/\\\/schema.org\",\"@graph\":[{\"@type\":\"WebPage\",\"@id\":\"https:\\\/\\\/letrame.com\\\/catalogo\\\/producto\\\/vivir-del-cuento\\\/\",\"url\":\"https:\\\/\\\/letrame.com\\\/catalogo\\\/producto\\\/vivir-del-cuento\\\/\",\"name\":\"Vivir del cuento - Catalogo | Letrame Grupo Editorial\",\"isPartOf\":{\"@id\":\"https:\\\/\\\/letrame.com\\\/catalogo\\\/#website\"},\"primaryImageOfPage\":{\"@id\":\"https:\\\/\\\/letrame.com\\\/catalogo\\\/producto\\\/vivir-del-cuento\\\/#primaryimage\"},\"image\":{\"@id\":\"https:\\\/\\\/letrame.com\\\/catalogo\\\/producto\\\/vivir-del-cuento\\\/#primaryimage\"},\"thumbnailUrl\":\"https:\\\/\\\/letrame.com\\\/catalogo\\\/wp-content\\\/uploads\\\/2024\\\/04\\\/Vivir-del-cuento-scaled-1.jpg\",\"datePublished\":\"2024-04-29T08:08:29+00:00\",\"dateModified\":\"2024-04-29T08:09:25+00:00\",\"breadcrumb\":{\"@id\":\"https:\\\/\\\/letrame.com\\\/catalogo\\\/producto\\\/vivir-del-cuento\\\/#breadcrumb\"},\"inLanguage\":\"es\",\"potentialAction\":[{\"@type\":\"ReadAction\",\"target\":[\"https:\\\/\\\/letrame.com\\\/catalogo\\\/producto\\\/vivir-del-cuento\\\/\"]}]},{\"@type\":\"ImageObject\",\"inLanguage\":\"es\",\"@id\":\"https:\\\/\\\/letrame.com\\\/catalogo\\\/producto\\\/vivir-del-cuento\\\/#primaryimage\",\"url\":\"https:\\\/\\\/letrame.com\\\/catalogo\\\/wp-content\\\/uploads\\\/2024\\\/04\\\/Vivir-del-cuento-scaled-1.jpg\",\"contentUrl\":\"https:\\\/\\\/letrame.com\\\/catalogo\\\/wp-content\\\/uploads\\\/2024\\\/04\\\/Vivir-del-cuento-scaled-1.jpg\",\"width\":1746,\"height\":2560},{\"@type\":\"BreadcrumbList\",\"@id\":\"https:\\\/\\\/letrame.com\\\/catalogo\\\/producto\\\/vivir-del-cuento\\\/#breadcrumb\",\"itemListElement\":[{\"@type\":\"ListItem\",\"position\":1,\"name\":\"Portada\",\"item\":\"https:\\\/\\\/letrame.com\\\/catalogo\\\/\"},{\"@type\":\"ListItem\",\"position\":2,\"name\":\"Cat\u00e1logo\",\"item\":\"https:\\\/\\\/letrame.com\\\/catalogo\\\/\"},{\"@type\":\"ListItem\",\"position\":3,\"name\":\"Vivir del cuento\"}]},{\"@type\":\"WebSite\",\"@id\":\"https:\\\/\\\/letrame.com\\\/catalogo\\\/#website\",\"url\":\"https:\\\/\\\/letrame.com\\\/catalogo\\\/\",\"name\":\"Catalogo | Letrame Grupo Editorial\",\"description\":\"\",\"publisher\":{\"@id\":\"https:\\\/\\\/letrame.com\\\/catalogo\\\/#organization\"},\"potentialAction\":[{\"@type\":\"SearchAction\",\"target\":{\"@type\":\"EntryPoint\",\"urlTemplate\":\"https:\\\/\\\/letrame.com\\\/catalogo\\\/?s={search_term_string}\"},\"query-input\":{\"@type\":\"PropertyValueSpecification\",\"valueRequired\":true,\"valueName\":\"search_term_string\"}}],\"inLanguage\":\"es\"},{\"@type\":\"Organization\",\"@id\":\"https:\\\/\\\/letrame.com\\\/catalogo\\\/#organization\",\"name\":\"Catalogo | Letrame Grupo Editorial\",\"url\":\"https:\\\/\\\/letrame.com\\\/catalogo\\\/\",\"logo\":{\"@type\":\"ImageObject\",\"inLanguage\":\"es\",\"@id\":\"https:\\\/\\\/letrame.com\\\/catalogo\\\/#\\\/schema\\\/logo\\\/image\\\/\",\"url\":\"https:\\\/\\\/letrame.com\\\/catalogo\\\/wp-content\\\/uploads\\\/2024\\\/03\\\/logo2.webp\",\"contentUrl\":\"https:\\\/\\\/letrame.com\\\/catalogo\\\/wp-content\\\/uploads\\\/2024\\\/03\\\/logo2.webp\",\"width\":394,\"height\":128,\"caption\":\"Catalogo | Letrame Grupo Editorial\"},\"image\":{\"@id\":\"https:\\\/\\\/letrame.com\\\/catalogo\\\/#\\\/schema\\\/logo\\\/image\\\/\"}}]}<\/script>\n<!-- \/ Yoast SEO plugin. -->","yoast_head_json":{"title":"Vivir del cuento - Catalogo | Letrame Grupo Editorial","robots":{"index":"index","follow":"follow","max-snippet":"max-snippet:-1","max-image-preview":"max-image-preview:large","max-video-preview":"max-video-preview:-1"},"canonical":"https:\/\/letrame.com\/catalogo\/producto\/vivir-del-cuento\/","og_locale":"es_ES","og_type":"article","og_title":"Vivir del cuento - Catalogo | Letrame Grupo Editorial","og_description":"ISBN:\u00a0978-84-18585-33-3 Este libro no pretende ser un cuento, bueno quiz\u00e1 s\u00ed. Me gustar\u00eda fuese como un mapa del tesoro donde reflejarte y poder seguir tus sue\u00f1os, en definitiva recorrer tu camino, buscarte como persona sin que nadie te robe tu tiempo \u00fanico, correr por tu carrera, trabajar por ti y no para otros. ESCRIBIR TU VIDA Y VIVIR TU CUENTO.","og_url":"https:\/\/letrame.com\/catalogo\/producto\/vivir-del-cuento\/","og_site_name":"Catalogo | Letrame Grupo Editorial","article_modified_time":"2024-04-29T08:09:25+00:00","og_image":[{"width":1746,"height":2560,"url":"https:\/\/letrame.com\/catalogo\/wp-content\/uploads\/2024\/04\/Vivir-del-cuento-scaled-1.jpg","type":"image\/jpeg"}],"twitter_card":"summary_large_image","twitter_misc":{"Tiempo de lectura":"1 minuto"},"schema":{"@context":"https:\/\/schema.org","@graph":[{"@type":"WebPage","@id":"https:\/\/letrame.com\/catalogo\/producto\/vivir-del-cuento\/","url":"https:\/\/letrame.com\/catalogo\/producto\/vivir-del-cuento\/","name":"Vivir del cuento - Catalogo | Letrame Grupo Editorial","isPartOf":{"@id":"https:\/\/letrame.com\/catalogo\/#website"},"primaryImageOfPage":{"@id":"https:\/\/letrame.com\/catalogo\/producto\/vivir-del-cuento\/#primaryimage"},"image":{"@id":"https:\/\/letrame.com\/catalogo\/producto\/vivir-del-cuento\/#primaryimage"},"thumbnailUrl":"https:\/\/letrame.com\/catalogo\/wp-content\/uploads\/2024\/04\/Vivir-del-cuento-scaled-1.jpg","datePublished":"2024-04-29T08:08:29+00:00","dateModified":"2024-04-29T08:09:25+00:00","breadcrumb":{"@id":"https:\/\/letrame.com\/catalogo\/producto\/vivir-del-cuento\/#breadcrumb"},"inLanguage":"es","potentialAction":[{"@type":"ReadAction","target":["https:\/\/letrame.com\/catalogo\/producto\/vivir-del-cuento\/"]}]},{"@type":"ImageObject","inLanguage":"es","@id":"https:\/\/letrame.com\/catalogo\/producto\/vivir-del-cuento\/#primaryimage","url":"https:\/\/letrame.com\/catalogo\/wp-content\/uploads\/2024\/04\/Vivir-del-cuento-scaled-1.jpg","contentUrl":"https:\/\/letrame.com\/catalogo\/wp-content\/uploads\/2024\/04\/Vivir-del-cuento-scaled-1.jpg","width":1746,"height":2560},{"@type":"BreadcrumbList","@id":"https:\/\/letrame.com\/catalogo\/producto\/vivir-del-cuento\/#breadcrumb","itemListElement":[{"@type":"ListItem","position":1,"name":"Portada","item":"https:\/\/letrame.com\/catalogo\/"},{"@type":"ListItem","position":2,"name":"Cat\u00e1logo","item":"https:\/\/letrame.com\/catalogo\/"},{"@type":"ListItem","position":3,"name":"Vivir del cuento"}]},{"@type":"WebSite","@id":"https:\/\/letrame.com\/catalogo\/#website","url":"https:\/\/letrame.com\/catalogo\/","name":"Catalogo | Letrame Grupo Editorial","description":"","publisher":{"@id":"https:\/\/letrame.com\/catalogo\/#organization"},"potentialAction":[{"@type":"SearchAction","target":{"@type":"EntryPoint","urlTemplate":"https:\/\/letrame.com\/catalogo\/?s={search_term_string}"},"query-input":{"@type":"PropertyValueSpecification","valueRequired":true,"valueName":"search_term_string"}}],"inLanguage":"es"},{"@type":"Organization","@id":"https:\/\/letrame.com\/catalogo\/#organization","name":"Catalogo | Letrame Grupo Editorial","url":"https:\/\/letrame.com\/catalogo\/","logo":{"@type":"ImageObject","inLanguage":"es","@id":"https:\/\/letrame.com\/catalogo\/#\/schema\/logo\/image\/","url":"https:\/\/letrame.com\/catalogo\/wp-content\/uploads\/2024\/03\/logo2.webp","contentUrl":"https:\/\/letrame.com\/catalogo\/wp-content\/uploads\/2024\/03\/logo2.webp","width":394,"height":128,"caption":"Catalogo | Letrame Grupo Editorial"},"image":{"@id":"https:\/\/letrame.com\/catalogo\/#\/schema\/logo\/image\/"}}]}},"_links":{"self":[{"href":"https:\/\/letrame.com\/catalogo\/wp-json\/wp\/v2\/product\/96172","targetHints":{"allow":["GET"]}}],"collection":[{"href":"https:\/\/letrame.com\/catalogo\/wp-json\/wp\/v2\/product"}],"about":[{"href":"https:\/\/letrame.com\/catalogo\/wp-json\/wp\/v2\/types\/product"}],"replies":[{"embeddable":true,"href":"https:\/\/letrame.com\/catalogo\/wp-json\/wp\/v2\/comments?post=96172"}],"acf:post":[{"embeddable":true,"href":"https:\/\/letrame.com\/catalogo\/wp-json\/wp\/v2\/author_book\/74872"}],"wp:featuredmedia":[{"embeddable":true,"href":"https:\/\/letrame.com\/catalogo\/wp-json\/wp\/v2\/media\/96173"}],"wp:attachment":[{"href":"https:\/\/letrame.com\/catalogo\/wp-json\/wp\/v2\/media?parent=96172"}],"wp:term":[{"taxonomy":"libro","embeddable":true,"href":"https:\/\/letrame.com\/catalogo\/wp-json\/wp\/v2\/libro?post=96172"},{"taxonomy":"product_brand","embeddable":true,"href":"https:\/\/letrame.com\/catalogo\/wp-json\/wp\/v2\/product_brand?post=96172"},{"taxonomy":"product_cat","embeddable":true,"href":"https:\/\/letrame.com\/catalogo\/wp-json\/wp\/v2\/product_cat?post=96172"},{"taxonomy":"product_tag","embeddable":true,"href":"https:\/\/letrame.com\/catalogo\/wp-json\/wp\/v2\/product_tag?post=96172"}],"curies":[{"name":"wp","href":"https:\/\/api.w.org\/{rel}","templated":true}]}}