{"id":96169,"date":"2024-04-29T10:08:29","date_gmt":"2024-04-29T08:08:29","guid":{"rendered":"https:\/\/letrame.com\/catalogo\/producto\/tratado-del-kungfu\/"},"modified":"2024-04-29T10:08:54","modified_gmt":"2024-04-29T08:08:54","slug":"tratado-del-kungfu","status":"publish","type":"product","link":"https:\/\/letrame.com\/catalogo\/producto\/tratado-del-kungfu\/","title":{"rendered":"Tratado del kungfu"},"content":{"rendered":"\n<p><strong>ISBN<\/strong>:\u00a0978-84-18362-16-3<\/p>\n\n\n\n<p><strong>T\u00edtulo<\/strong>: Tratado del kungfu<br \/><strong>Fecha<\/strong>: 2020<br \/><strong>P\u00e1ginas<\/strong>:\u00a01114<\/p>\n\n\n\n<p><strong>SINOPSIS<\/strong><\/p>\n\n\n\n<p>El presente volumen muestra una amplia visi\u00f3n del Kung-fu<\/p>\n\n\n\n<p>que rompe radicalmente con la errada propaganda<\/p>\n\n\n\n<p>que tanto deterioro ha producido en las \u00faltimas d\u00e9cadas<\/p>\n\n\n\n<p>con respecto a la comprensi\u00f3n de las artes marciales chinas.<\/p>\n\n\n\n<p>El profundo sentido de su pr\u00e1ctica y la milenaria historia que<\/p>\n\n\n\n<p>lo antecede, convierte su metodolog\u00eda en un crisol de<\/p>\n\n\n\n<p>teor\u00edas astron\u00f3micas, alqu\u00edmicas, psicofisiol\u00f3gicas,<\/p>\n\n\n\n<p>m\u00e9dicas, filos\u00f3ficas, matem\u00e1ticas y geom\u00e9tricas.<\/p>\n\n\n\n<p>Como resultado de m\u00e1s de 30 a\u00f1os de estudio, investigaci\u00f3n,<\/p>\n\n\n\n<p>traducci\u00f3n y profusa inmersi\u00f3n en las arcas orales, esta<\/p>\n\n\n\n<p>obra constituye un punto de referencia en la vasta<\/p>\n\n\n\n<p>plataforma cultural de la civilizaci\u00f3n china. Sin barreras ni<\/p>\n\n\n\n<p>esquematismos dogm\u00e1ticos, el autor revela un conocimiento<\/p>\n\n\n\n<p>de gran magnitud espiritual, fruto de las nobles<\/p>\n\n\n\n<p>ense\u00f1anzas recibidas del maestro Wong Yi Man (___).<\/p>\n\n\n\n<p>En este texto de amplificada \u00f3rbita intelectual, se vislumbra<\/p>\n\n\n\n<p>un estudio \u00fanico en su g\u00e9nero, pues nos hace retroceder<\/p>\n\n\n\n<p>en el tiempo al per\u00edodo de los emperadores m\u00edticos y<\/p>\n\n\n\n<p>ahondar en las matrices que dieron lugar al surgimiento de<\/p>\n\n\n\n<p>los arquetipos del Yijing (__), a las nociones curativas del<\/p>\n\n\n\n<p>Huangdi Neijing (____), al dial\u00e9ctico pensamiento de<\/p>\n\n\n\n<p>Laozi (__), a la influencia de Zhuangzi (__), a los conceptos<\/p>\n\n\n\n<p>humanistas de Confucio (__) y a los mandamientos estrat\u00e9gicos<\/p>\n\n\n\n<p>propugnados por la an\u00f3nima sabidur\u00eda de Guiguzi (___).<\/p>\n\n\n\n<p>El autor presenta un primer volumen de una obra que<\/p>\n\n\n\n<p>continuar\u00e1 en varias partes dise\u00f1ada para rescatar los<\/p>\n\n\n\n<p>secretos familiares, las claves estil\u00edsticas y el n\u00facleo central<\/p>\n\n\n\n<p>de la gran arquitectura del pensamiento chino. Un compendio<\/p>\n\n\n\n<p>de saberes indispensables para profundizar en la<\/p>\n\n\n\n<p>aut\u00e9ntica tradici\u00f3n del Kung-fu (____).<\/p>\n","protected":false},"excerpt":{"rendered":"<p><strong>ISBN:\u00a0978-84-18362-16-3<\/strong><\/p>\n<p><!-- wp:paragraph --><\/p>\n<p>El autor presenta un primer volumen de una obra que<\/p>\n<p><!-- \/wp:paragraph --><\/p>\n<p><!-- wp:paragraph --><\/p>\n<p>continuar\u00e1 en varias partes dise\u00f1ada para rescatar los<\/p>\n<p><!-- \/wp:paragraph --><\/p>\n<p><!-- wp:paragraph --><\/p>\n<p>secretos familiares, las claves estil\u00edsticas y el n\u00facleo central<\/p>\n<p><!-- \/wp:paragraph --><\/p>\n<p><!-- wp:paragraph --><\/p>\n<p>de la gran arquitectura del pensamiento chino. Un compendio<\/p>\n<p><!-- \/wp:paragraph --><\/p>\n<p><!-- wp:paragraph --><\/p>\n<p>de saberes indispensables para profundizar en la<\/p>\n<p><!-- \/wp:paragraph --><\/p>\n<p><!-- wp:paragraph --><\/p>\n<p>aut\u00e9ntica tradici\u00f3n del Kung-fu (____). \u00a0<\/p>\n<p>&nbsp;<\/p>\n","protected":false},"featured_media":96170,"comment_status":"closed","ping_status":"open","template":"","meta":{"_acf_changed":false},"libro":[],"product_brand":[],"product_cat":[22,23],"product_tag":[],"class_list":{"0":"post-96169","1":"product","2":"type-product","3":"status-publish","4":"has-post-thumbnail","6":"product_cat-docencia","7":"product_cat-ensayos","9":"first","10":"instock","11":"purchasable","12":"product-type-simple"},"acf":{"autor":[74869],"enlace_de_compra":"https:\/\/www.amazon.es\/TRATADO-KUNGFU-fascinante-secretos-or%C3%ADgenes\/dp\/8418362162\/ref=sr_1_1?__mk_es_ES=%C3%85M%C3%85%C5%BD%C3%95%C3%91&amp;dchild=1&amp;keywords=Tratado+del+kungfu+letrame&amp;qid=1610025025&amp;sr=8-1"},"yoast_head":"<!-- This site is optimized with the Yoast SEO plugin v27.4 - https:\/\/yoast.com\/product\/yoast-seo-wordpress\/ -->\n<title>Tratado del kungfu - Catalogo | Letrame Grupo Editorial<\/title>\n<meta name=\"robots\" content=\"index, follow, max-snippet:-1, max-image-preview:large, max-video-preview:-1\" \/>\n<link rel=\"canonical\" href=\"https:\/\/letrame.com\/catalogo\/producto\/tratado-del-kungfu\/\" \/>\n<meta property=\"og:locale\" content=\"es_ES\" \/>\n<meta property=\"og:type\" content=\"article\" \/>\n<meta property=\"og:title\" content=\"Tratado del kungfu - Catalogo | Letrame Grupo Editorial\" \/>\n<meta property=\"og:description\" content=\"ISBN:\u00a0978-84-18362-16-3 El autor presenta un primer volumen de una obra que  continuar\u00e1 en varias partes dise\u00f1ada para rescatar los  secretos familiares, las claves estil\u00edsticas y el n\u00facleo central  de la gran arquitectura del pensamiento chino. Un compendio  de saberes indispensables para profundizar en la  aut\u00e9ntica tradici\u00f3n del Kung-fu (____). \u00a0 &nbsp;\" \/>\n<meta property=\"og:url\" content=\"https:\/\/letrame.com\/catalogo\/producto\/tratado-del-kungfu\/\" \/>\n<meta property=\"og:site_name\" content=\"Catalogo | Letrame Grupo Editorial\" \/>\n<meta property=\"article:modified_time\" content=\"2024-04-29T08:08:54+00:00\" \/>\n<meta property=\"og:image\" content=\"https:\/\/letrame.com\/catalogo\/wp-content\/uploads\/2024\/04\/Tratado-del-Kungfu-scaled-1.jpg\" \/>\n\t<meta property=\"og:image:width\" content=\"1813\" \/>\n\t<meta property=\"og:image:height\" content=\"2560\" \/>\n\t<meta property=\"og:image:type\" content=\"image\/jpeg\" \/>\n<meta name=\"twitter:card\" content=\"summary_large_image\" \/>\n<meta name=\"twitter:label1\" content=\"Tiempo de lectura\" \/>\n\t<meta name=\"twitter:data1\" content=\"1 minuto\" \/>\n<script type=\"application\/ld+json\" class=\"yoast-schema-graph\">{\"@context\":\"https:\\\/\\\/schema.org\",\"@graph\":[{\"@type\":\"WebPage\",\"@id\":\"https:\\\/\\\/letrame.com\\\/catalogo\\\/producto\\\/tratado-del-kungfu\\\/\",\"url\":\"https:\\\/\\\/letrame.com\\\/catalogo\\\/producto\\\/tratado-del-kungfu\\\/\",\"name\":\"Tratado del kungfu - Catalogo | Letrame Grupo Editorial\",\"isPartOf\":{\"@id\":\"https:\\\/\\\/letrame.com\\\/catalogo\\\/#website\"},\"primaryImageOfPage\":{\"@id\":\"https:\\\/\\\/letrame.com\\\/catalogo\\\/producto\\\/tratado-del-kungfu\\\/#primaryimage\"},\"image\":{\"@id\":\"https:\\\/\\\/letrame.com\\\/catalogo\\\/producto\\\/tratado-del-kungfu\\\/#primaryimage\"},\"thumbnailUrl\":\"https:\\\/\\\/letrame.com\\\/catalogo\\\/wp-content\\\/uploads\\\/2024\\\/04\\\/Tratado-del-Kungfu-scaled-1.jpg\",\"datePublished\":\"2024-04-29T08:08:29+00:00\",\"dateModified\":\"2024-04-29T08:08:54+00:00\",\"breadcrumb\":{\"@id\":\"https:\\\/\\\/letrame.com\\\/catalogo\\\/producto\\\/tratado-del-kungfu\\\/#breadcrumb\"},\"inLanguage\":\"es\",\"potentialAction\":[{\"@type\":\"ReadAction\",\"target\":[\"https:\\\/\\\/letrame.com\\\/catalogo\\\/producto\\\/tratado-del-kungfu\\\/\"]}]},{\"@type\":\"ImageObject\",\"inLanguage\":\"es\",\"@id\":\"https:\\\/\\\/letrame.com\\\/catalogo\\\/producto\\\/tratado-del-kungfu\\\/#primaryimage\",\"url\":\"https:\\\/\\\/letrame.com\\\/catalogo\\\/wp-content\\\/uploads\\\/2024\\\/04\\\/Tratado-del-Kungfu-scaled-1.jpg\",\"contentUrl\":\"https:\\\/\\\/letrame.com\\\/catalogo\\\/wp-content\\\/uploads\\\/2024\\\/04\\\/Tratado-del-Kungfu-scaled-1.jpg\",\"width\":1813,\"height\":2560},{\"@type\":\"BreadcrumbList\",\"@id\":\"https:\\\/\\\/letrame.com\\\/catalogo\\\/producto\\\/tratado-del-kungfu\\\/#breadcrumb\",\"itemListElement\":[{\"@type\":\"ListItem\",\"position\":1,\"name\":\"Portada\",\"item\":\"https:\\\/\\\/letrame.com\\\/catalogo\\\/\"},{\"@type\":\"ListItem\",\"position\":2,\"name\":\"Cat\u00e1logo\",\"item\":\"https:\\\/\\\/letrame.com\\\/catalogo\\\/\"},{\"@type\":\"ListItem\",\"position\":3,\"name\":\"Tratado del kungfu\"}]},{\"@type\":\"WebSite\",\"@id\":\"https:\\\/\\\/letrame.com\\\/catalogo\\\/#website\",\"url\":\"https:\\\/\\\/letrame.com\\\/catalogo\\\/\",\"name\":\"Catalogo | Letrame Grupo Editorial\",\"description\":\"\",\"publisher\":{\"@id\":\"https:\\\/\\\/letrame.com\\\/catalogo\\\/#organization\"},\"potentialAction\":[{\"@type\":\"SearchAction\",\"target\":{\"@type\":\"EntryPoint\",\"urlTemplate\":\"https:\\\/\\\/letrame.com\\\/catalogo\\\/?s={search_term_string}\"},\"query-input\":{\"@type\":\"PropertyValueSpecification\",\"valueRequired\":true,\"valueName\":\"search_term_string\"}}],\"inLanguage\":\"es\"},{\"@type\":\"Organization\",\"@id\":\"https:\\\/\\\/letrame.com\\\/catalogo\\\/#organization\",\"name\":\"Catalogo | Letrame Grupo Editorial\",\"url\":\"https:\\\/\\\/letrame.com\\\/catalogo\\\/\",\"logo\":{\"@type\":\"ImageObject\",\"inLanguage\":\"es\",\"@id\":\"https:\\\/\\\/letrame.com\\\/catalogo\\\/#\\\/schema\\\/logo\\\/image\\\/\",\"url\":\"https:\\\/\\\/letrame.com\\\/catalogo\\\/wp-content\\\/uploads\\\/2024\\\/03\\\/logo2.webp\",\"contentUrl\":\"https:\\\/\\\/letrame.com\\\/catalogo\\\/wp-content\\\/uploads\\\/2024\\\/03\\\/logo2.webp\",\"width\":394,\"height\":128,\"caption\":\"Catalogo | Letrame Grupo Editorial\"},\"image\":{\"@id\":\"https:\\\/\\\/letrame.com\\\/catalogo\\\/#\\\/schema\\\/logo\\\/image\\\/\"}}]}<\/script>\n<!-- \/ Yoast SEO plugin. -->","yoast_head_json":{"title":"Tratado del kungfu - Catalogo | Letrame Grupo Editorial","robots":{"index":"index","follow":"follow","max-snippet":"max-snippet:-1","max-image-preview":"max-image-preview:large","max-video-preview":"max-video-preview:-1"},"canonical":"https:\/\/letrame.com\/catalogo\/producto\/tratado-del-kungfu\/","og_locale":"es_ES","og_type":"article","og_title":"Tratado del kungfu - Catalogo | Letrame Grupo Editorial","og_description":"ISBN:\u00a0978-84-18362-16-3 El autor presenta un primer volumen de una obra que  continuar\u00e1 en varias partes dise\u00f1ada para rescatar los  secretos familiares, las claves estil\u00edsticas y el n\u00facleo central  de la gran arquitectura del pensamiento chino. Un compendio  de saberes indispensables para profundizar en la  aut\u00e9ntica tradici\u00f3n del Kung-fu (____). \u00a0 &nbsp;","og_url":"https:\/\/letrame.com\/catalogo\/producto\/tratado-del-kungfu\/","og_site_name":"Catalogo | Letrame Grupo Editorial","article_modified_time":"2024-04-29T08:08:54+00:00","og_image":[{"width":1813,"height":2560,"url":"https:\/\/letrame.com\/catalogo\/wp-content\/uploads\/2024\/04\/Tratado-del-Kungfu-scaled-1.jpg","type":"image\/jpeg"}],"twitter_card":"summary_large_image","twitter_misc":{"Tiempo de lectura":"1 minuto"},"schema":{"@context":"https:\/\/schema.org","@graph":[{"@type":"WebPage","@id":"https:\/\/letrame.com\/catalogo\/producto\/tratado-del-kungfu\/","url":"https:\/\/letrame.com\/catalogo\/producto\/tratado-del-kungfu\/","name":"Tratado del kungfu - Catalogo | Letrame Grupo Editorial","isPartOf":{"@id":"https:\/\/letrame.com\/catalogo\/#website"},"primaryImageOfPage":{"@id":"https:\/\/letrame.com\/catalogo\/producto\/tratado-del-kungfu\/#primaryimage"},"image":{"@id":"https:\/\/letrame.com\/catalogo\/producto\/tratado-del-kungfu\/#primaryimage"},"thumbnailUrl":"https:\/\/letrame.com\/catalogo\/wp-content\/uploads\/2024\/04\/Tratado-del-Kungfu-scaled-1.jpg","datePublished":"2024-04-29T08:08:29+00:00","dateModified":"2024-04-29T08:08:54+00:00","breadcrumb":{"@id":"https:\/\/letrame.com\/catalogo\/producto\/tratado-del-kungfu\/#breadcrumb"},"inLanguage":"es","potentialAction":[{"@type":"ReadAction","target":["https:\/\/letrame.com\/catalogo\/producto\/tratado-del-kungfu\/"]}]},{"@type":"ImageObject","inLanguage":"es","@id":"https:\/\/letrame.com\/catalogo\/producto\/tratado-del-kungfu\/#primaryimage","url":"https:\/\/letrame.com\/catalogo\/wp-content\/uploads\/2024\/04\/Tratado-del-Kungfu-scaled-1.jpg","contentUrl":"https:\/\/letrame.com\/catalogo\/wp-content\/uploads\/2024\/04\/Tratado-del-Kungfu-scaled-1.jpg","width":1813,"height":2560},{"@type":"BreadcrumbList","@id":"https:\/\/letrame.com\/catalogo\/producto\/tratado-del-kungfu\/#breadcrumb","itemListElement":[{"@type":"ListItem","position":1,"name":"Portada","item":"https:\/\/letrame.com\/catalogo\/"},{"@type":"ListItem","position":2,"name":"Cat\u00e1logo","item":"https:\/\/letrame.com\/catalogo\/"},{"@type":"ListItem","position":3,"name":"Tratado del kungfu"}]},{"@type":"WebSite","@id":"https:\/\/letrame.com\/catalogo\/#website","url":"https:\/\/letrame.com\/catalogo\/","name":"Catalogo | Letrame Grupo Editorial","description":"","publisher":{"@id":"https:\/\/letrame.com\/catalogo\/#organization"},"potentialAction":[{"@type":"SearchAction","target":{"@type":"EntryPoint","urlTemplate":"https:\/\/letrame.com\/catalogo\/?s={search_term_string}"},"query-input":{"@type":"PropertyValueSpecification","valueRequired":true,"valueName":"search_term_string"}}],"inLanguage":"es"},{"@type":"Organization","@id":"https:\/\/letrame.com\/catalogo\/#organization","name":"Catalogo | Letrame Grupo Editorial","url":"https:\/\/letrame.com\/catalogo\/","logo":{"@type":"ImageObject","inLanguage":"es","@id":"https:\/\/letrame.com\/catalogo\/#\/schema\/logo\/image\/","url":"https:\/\/letrame.com\/catalogo\/wp-content\/uploads\/2024\/03\/logo2.webp","contentUrl":"https:\/\/letrame.com\/catalogo\/wp-content\/uploads\/2024\/03\/logo2.webp","width":394,"height":128,"caption":"Catalogo | Letrame Grupo Editorial"},"image":{"@id":"https:\/\/letrame.com\/catalogo\/#\/schema\/logo\/image\/"}}]}},"_links":{"self":[{"href":"https:\/\/letrame.com\/catalogo\/wp-json\/wp\/v2\/product\/96169","targetHints":{"allow":["GET"]}}],"collection":[{"href":"https:\/\/letrame.com\/catalogo\/wp-json\/wp\/v2\/product"}],"about":[{"href":"https:\/\/letrame.com\/catalogo\/wp-json\/wp\/v2\/types\/product"}],"replies":[{"embeddable":true,"href":"https:\/\/letrame.com\/catalogo\/wp-json\/wp\/v2\/comments?post=96169"}],"acf:post":[{"embeddable":true,"href":"https:\/\/letrame.com\/catalogo\/wp-json\/wp\/v2\/author_book\/74869"}],"wp:featuredmedia":[{"embeddable":true,"href":"https:\/\/letrame.com\/catalogo\/wp-json\/wp\/v2\/media\/96170"}],"wp:attachment":[{"href":"https:\/\/letrame.com\/catalogo\/wp-json\/wp\/v2\/media?parent=96169"}],"wp:term":[{"taxonomy":"libro","embeddable":true,"href":"https:\/\/letrame.com\/catalogo\/wp-json\/wp\/v2\/libro?post=96169"},{"taxonomy":"product_brand","embeddable":true,"href":"https:\/\/letrame.com\/catalogo\/wp-json\/wp\/v2\/product_brand?post=96169"},{"taxonomy":"product_cat","embeddable":true,"href":"https:\/\/letrame.com\/catalogo\/wp-json\/wp\/v2\/product_cat?post=96169"},{"taxonomy":"product_tag","embeddable":true,"href":"https:\/\/letrame.com\/catalogo\/wp-json\/wp\/v2\/product_tag?post=96169"}],"curies":[{"name":"wp","href":"https:\/\/api.w.org\/{rel}","templated":true}]}}