{"id":96149,"date":"2024-04-29T10:06:14","date_gmt":"2024-04-29T08:06:14","guid":{"rendered":"https:\/\/letrame.com\/catalogo\/producto\/la-playa-del-hombre-muerto\/"},"modified":"2024-04-29T10:06:17","modified_gmt":"2024-04-29T08:06:17","slug":"la-playa-del-hombre-muerto","status":"publish","type":"product","link":"https:\/\/letrame.com\/catalogo\/producto\/la-playa-del-hombre-muerto\/","title":{"rendered":"La playa del hombre muerto"},"content":{"rendered":"\n<p><strong>ISBN<\/strong>:\u00a0978-8413860251<\/p>\n\n\n\n<p><strong>T\u00edtulo<\/strong>: La playa del hombre muerto<br \/><strong>Fecha<\/strong>: 2020<br \/><strong>P\u00e1ginas<\/strong>:\u00a0332<\/p>\n\n\n\n<p><strong>SINOPSIS<\/strong><\/p>\n\n\n\n<p>Daniel Albero, due\u00f1o de un pr\u00f3spero negocio de moda masculina en Barcelona, conoce a Alain Pinaud en una afamada playa nudista de la costa catalana.<\/p>\n\n\n\n<p>A ra\u00edz de su primer contacto sexual, comenzar\u00e1n una serie de citas tan pasionales como turbulentas y cargadas de olvidos, malentendidos y negaciones que conseguir\u00e1n ir destapando una verdad oculta por la familia de Alain, desde mil novecientos cincuenta y cuatro, que los mantiene unidos desde entonces y que tendr\u00e1n que descubrir juntos para poder continuar con sus vidas.<\/p>\n","protected":false},"excerpt":{"rendered":"<p><strong>ISBN:\u00a0978-8413860251<\/strong><\/p>\n<p><!-- wp:paragraph --><\/p>\n<p>Daniel Albero, due\u00f1o de un pr\u00f3spero negocio de moda masculina en Barcelona, conoce a Alain Pinaud en una afamada playa nudista de la costa catalana.<\/p>\n<p><!-- \/wp:paragraph --><\/p>\n<p><!-- wp:paragraph --><\/p>\n<p>A ra\u00edz de su primer contacto sexual, comenzar\u00e1n una serie de citas tan pasionales como turbulentas y cargadas de olvidos, malentendidos y negaciones que conseguir\u00e1n ir destapando una verdad oculta por la familia de Alain, desde mil novecientos cincuenta y cuatro, que los mantiene unidos desde entonces y que tendr\u00e1n que descubrir juntos para poder continuar con sus vidas.<\/p>\n<p><!-- \/wp:paragraph --><\/p>\n","protected":false},"featured_media":96150,"comment_status":"closed","ping_status":"open","template":"","meta":{"_acf_changed":false},"libro":[],"product_brand":[],"product_cat":[16],"product_tag":[],"class_list":{"0":"post-96149","1":"product","2":"type-product","3":"status-publish","4":"has-post-thumbnail","6":"product_cat-novela","8":"first","9":"instock","10":"purchasable","11":"product-type-simple"},"acf":{"autor":[74847],"enlace_de_compra":"https:\/\/www.amazon.es\/playa-del-hombre-muerto-Novela\/dp\/8413860253\/ref=sr_1_1?__mk_es_ES=%C3%85M%C3%85%C5%BD%C3%95%C3%91&amp;dchild=1&amp;keywords=Letrame+la+playa+del+hombre+muerto&amp;qid=1612349868&amp;sr=8-1"},"yoast_head":"<!-- This site is optimized with the Yoast SEO plugin v27.4 - https:\/\/yoast.com\/product\/yoast-seo-wordpress\/ -->\n<title>La playa del hombre muerto - Catalogo | Letrame Grupo Editorial<\/title>\n<meta name=\"robots\" content=\"index, follow, max-snippet:-1, max-image-preview:large, max-video-preview:-1\" \/>\n<link rel=\"canonical\" href=\"https:\/\/letrame.com\/catalogo\/producto\/la-playa-del-hombre-muerto\/\" \/>\n<meta property=\"og:locale\" content=\"es_ES\" \/>\n<meta property=\"og:type\" content=\"article\" \/>\n<meta property=\"og:title\" content=\"La playa del hombre muerto - Catalogo | Letrame Grupo Editorial\" \/>\n<meta property=\"og:description\" content=\"ISBN:\u00a0978-8413860251 Daniel Albero, due\u00f1o de un pr\u00f3spero negocio de moda masculina en Barcelona, conoce a Alain Pinaud en una afamada playa nudista de la costa catalana.  A ra\u00edz de su primer contacto sexual, comenzar\u00e1n una serie de citas tan pasionales como turbulentas y cargadas de olvidos, malentendidos y negaciones que conseguir\u00e1n ir destapando una verdad oculta por la familia de Alain, desde mil novecientos cincuenta y cuatro, que los mantiene unidos desde entonces y que tendr\u00e1n que descubrir juntos para poder continuar con sus vidas.\" \/>\n<meta property=\"og:url\" content=\"https:\/\/letrame.com\/catalogo\/producto\/la-playa-del-hombre-muerto\/\" \/>\n<meta property=\"og:site_name\" content=\"Catalogo | Letrame Grupo Editorial\" \/>\n<meta property=\"article:modified_time\" content=\"2024-04-29T08:06:17+00:00\" \/>\n<meta property=\"og:image\" content=\"https:\/\/letrame.com\/catalogo\/wp-content\/uploads\/2024\/04\/La-playa-del-hombre-muerto-600x880-1.jpg\" \/>\n\t<meta property=\"og:image:width\" content=\"600\" \/>\n\t<meta property=\"og:image:height\" content=\"880\" \/>\n\t<meta property=\"og:image:type\" content=\"image\/jpeg\" \/>\n<meta name=\"twitter:card\" content=\"summary_large_image\" \/>\n<meta name=\"twitter:label1\" content=\"Tiempo de lectura\" \/>\n\t<meta name=\"twitter:data1\" content=\"1 minuto\" \/>\n<script type=\"application\/ld+json\" class=\"yoast-schema-graph\">{\"@context\":\"https:\\\/\\\/schema.org\",\"@graph\":[{\"@type\":\"WebPage\",\"@id\":\"https:\\\/\\\/letrame.com\\\/catalogo\\\/producto\\\/la-playa-del-hombre-muerto\\\/\",\"url\":\"https:\\\/\\\/letrame.com\\\/catalogo\\\/producto\\\/la-playa-del-hombre-muerto\\\/\",\"name\":\"La playa del hombre muerto - Catalogo | Letrame Grupo Editorial\",\"isPartOf\":{\"@id\":\"https:\\\/\\\/letrame.com\\\/catalogo\\\/#website\"},\"primaryImageOfPage\":{\"@id\":\"https:\\\/\\\/letrame.com\\\/catalogo\\\/producto\\\/la-playa-del-hombre-muerto\\\/#primaryimage\"},\"image\":{\"@id\":\"https:\\\/\\\/letrame.com\\\/catalogo\\\/producto\\\/la-playa-del-hombre-muerto\\\/#primaryimage\"},\"thumbnailUrl\":\"https:\\\/\\\/letrame.com\\\/catalogo\\\/wp-content\\\/uploads\\\/2024\\\/04\\\/La-playa-del-hombre-muerto-600x880-1.jpg\",\"datePublished\":\"2024-04-29T08:06:14+00:00\",\"dateModified\":\"2024-04-29T08:06:17+00:00\",\"breadcrumb\":{\"@id\":\"https:\\\/\\\/letrame.com\\\/catalogo\\\/producto\\\/la-playa-del-hombre-muerto\\\/#breadcrumb\"},\"inLanguage\":\"es\",\"potentialAction\":[{\"@type\":\"ReadAction\",\"target\":[\"https:\\\/\\\/letrame.com\\\/catalogo\\\/producto\\\/la-playa-del-hombre-muerto\\\/\"]}]},{\"@type\":\"ImageObject\",\"inLanguage\":\"es\",\"@id\":\"https:\\\/\\\/letrame.com\\\/catalogo\\\/producto\\\/la-playa-del-hombre-muerto\\\/#primaryimage\",\"url\":\"https:\\\/\\\/letrame.com\\\/catalogo\\\/wp-content\\\/uploads\\\/2024\\\/04\\\/La-playa-del-hombre-muerto-600x880-1.jpg\",\"contentUrl\":\"https:\\\/\\\/letrame.com\\\/catalogo\\\/wp-content\\\/uploads\\\/2024\\\/04\\\/La-playa-del-hombre-muerto-600x880-1.jpg\",\"width\":600,\"height\":880},{\"@type\":\"BreadcrumbList\",\"@id\":\"https:\\\/\\\/letrame.com\\\/catalogo\\\/producto\\\/la-playa-del-hombre-muerto\\\/#breadcrumb\",\"itemListElement\":[{\"@type\":\"ListItem\",\"position\":1,\"name\":\"Portada\",\"item\":\"https:\\\/\\\/letrame.com\\\/catalogo\\\/\"},{\"@type\":\"ListItem\",\"position\":2,\"name\":\"Cat\u00e1logo\",\"item\":\"https:\\\/\\\/letrame.com\\\/catalogo\\\/\"},{\"@type\":\"ListItem\",\"position\":3,\"name\":\"La playa del hombre muerto\"}]},{\"@type\":\"WebSite\",\"@id\":\"https:\\\/\\\/letrame.com\\\/catalogo\\\/#website\",\"url\":\"https:\\\/\\\/letrame.com\\\/catalogo\\\/\",\"name\":\"Catalogo | Letrame Grupo Editorial\",\"description\":\"\",\"publisher\":{\"@id\":\"https:\\\/\\\/letrame.com\\\/catalogo\\\/#organization\"},\"potentialAction\":[{\"@type\":\"SearchAction\",\"target\":{\"@type\":\"EntryPoint\",\"urlTemplate\":\"https:\\\/\\\/letrame.com\\\/catalogo\\\/?s={search_term_string}\"},\"query-input\":{\"@type\":\"PropertyValueSpecification\",\"valueRequired\":true,\"valueName\":\"search_term_string\"}}],\"inLanguage\":\"es\"},{\"@type\":\"Organization\",\"@id\":\"https:\\\/\\\/letrame.com\\\/catalogo\\\/#organization\",\"name\":\"Catalogo | Letrame Grupo Editorial\",\"url\":\"https:\\\/\\\/letrame.com\\\/catalogo\\\/\",\"logo\":{\"@type\":\"ImageObject\",\"inLanguage\":\"es\",\"@id\":\"https:\\\/\\\/letrame.com\\\/catalogo\\\/#\\\/schema\\\/logo\\\/image\\\/\",\"url\":\"https:\\\/\\\/letrame.com\\\/catalogo\\\/wp-content\\\/uploads\\\/2024\\\/03\\\/logo2.webp\",\"contentUrl\":\"https:\\\/\\\/letrame.com\\\/catalogo\\\/wp-content\\\/uploads\\\/2024\\\/03\\\/logo2.webp\",\"width\":394,\"height\":128,\"caption\":\"Catalogo | Letrame Grupo Editorial\"},\"image\":{\"@id\":\"https:\\\/\\\/letrame.com\\\/catalogo\\\/#\\\/schema\\\/logo\\\/image\\\/\"}}]}<\/script>\n<!-- \/ Yoast SEO plugin. -->","yoast_head_json":{"title":"La playa del hombre muerto - Catalogo | Letrame Grupo Editorial","robots":{"index":"index","follow":"follow","max-snippet":"max-snippet:-1","max-image-preview":"max-image-preview:large","max-video-preview":"max-video-preview:-1"},"canonical":"https:\/\/letrame.com\/catalogo\/producto\/la-playa-del-hombre-muerto\/","og_locale":"es_ES","og_type":"article","og_title":"La playa del hombre muerto - Catalogo | Letrame Grupo Editorial","og_description":"ISBN:\u00a0978-8413860251 Daniel Albero, due\u00f1o de un pr\u00f3spero negocio de moda masculina en Barcelona, conoce a Alain Pinaud en una afamada playa nudista de la costa catalana.  A ra\u00edz de su primer contacto sexual, comenzar\u00e1n una serie de citas tan pasionales como turbulentas y cargadas de olvidos, malentendidos y negaciones que conseguir\u00e1n ir destapando una verdad oculta por la familia de Alain, desde mil novecientos cincuenta y cuatro, que los mantiene unidos desde entonces y que tendr\u00e1n que descubrir juntos para poder continuar con sus vidas.","og_url":"https:\/\/letrame.com\/catalogo\/producto\/la-playa-del-hombre-muerto\/","og_site_name":"Catalogo | Letrame Grupo Editorial","article_modified_time":"2024-04-29T08:06:17+00:00","og_image":[{"width":600,"height":880,"url":"https:\/\/letrame.com\/catalogo\/wp-content\/uploads\/2024\/04\/La-playa-del-hombre-muerto-600x880-1.jpg","type":"image\/jpeg"}],"twitter_card":"summary_large_image","twitter_misc":{"Tiempo de lectura":"1 minuto"},"schema":{"@context":"https:\/\/schema.org","@graph":[{"@type":"WebPage","@id":"https:\/\/letrame.com\/catalogo\/producto\/la-playa-del-hombre-muerto\/","url":"https:\/\/letrame.com\/catalogo\/producto\/la-playa-del-hombre-muerto\/","name":"La playa del hombre muerto - Catalogo | Letrame Grupo Editorial","isPartOf":{"@id":"https:\/\/letrame.com\/catalogo\/#website"},"primaryImageOfPage":{"@id":"https:\/\/letrame.com\/catalogo\/producto\/la-playa-del-hombre-muerto\/#primaryimage"},"image":{"@id":"https:\/\/letrame.com\/catalogo\/producto\/la-playa-del-hombre-muerto\/#primaryimage"},"thumbnailUrl":"https:\/\/letrame.com\/catalogo\/wp-content\/uploads\/2024\/04\/La-playa-del-hombre-muerto-600x880-1.jpg","datePublished":"2024-04-29T08:06:14+00:00","dateModified":"2024-04-29T08:06:17+00:00","breadcrumb":{"@id":"https:\/\/letrame.com\/catalogo\/producto\/la-playa-del-hombre-muerto\/#breadcrumb"},"inLanguage":"es","potentialAction":[{"@type":"ReadAction","target":["https:\/\/letrame.com\/catalogo\/producto\/la-playa-del-hombre-muerto\/"]}]},{"@type":"ImageObject","inLanguage":"es","@id":"https:\/\/letrame.com\/catalogo\/producto\/la-playa-del-hombre-muerto\/#primaryimage","url":"https:\/\/letrame.com\/catalogo\/wp-content\/uploads\/2024\/04\/La-playa-del-hombre-muerto-600x880-1.jpg","contentUrl":"https:\/\/letrame.com\/catalogo\/wp-content\/uploads\/2024\/04\/La-playa-del-hombre-muerto-600x880-1.jpg","width":600,"height":880},{"@type":"BreadcrumbList","@id":"https:\/\/letrame.com\/catalogo\/producto\/la-playa-del-hombre-muerto\/#breadcrumb","itemListElement":[{"@type":"ListItem","position":1,"name":"Portada","item":"https:\/\/letrame.com\/catalogo\/"},{"@type":"ListItem","position":2,"name":"Cat\u00e1logo","item":"https:\/\/letrame.com\/catalogo\/"},{"@type":"ListItem","position":3,"name":"La playa del hombre muerto"}]},{"@type":"WebSite","@id":"https:\/\/letrame.com\/catalogo\/#website","url":"https:\/\/letrame.com\/catalogo\/","name":"Catalogo | Letrame Grupo Editorial","description":"","publisher":{"@id":"https:\/\/letrame.com\/catalogo\/#organization"},"potentialAction":[{"@type":"SearchAction","target":{"@type":"EntryPoint","urlTemplate":"https:\/\/letrame.com\/catalogo\/?s={search_term_string}"},"query-input":{"@type":"PropertyValueSpecification","valueRequired":true,"valueName":"search_term_string"}}],"inLanguage":"es"},{"@type":"Organization","@id":"https:\/\/letrame.com\/catalogo\/#organization","name":"Catalogo | Letrame Grupo Editorial","url":"https:\/\/letrame.com\/catalogo\/","logo":{"@type":"ImageObject","inLanguage":"es","@id":"https:\/\/letrame.com\/catalogo\/#\/schema\/logo\/image\/","url":"https:\/\/letrame.com\/catalogo\/wp-content\/uploads\/2024\/03\/logo2.webp","contentUrl":"https:\/\/letrame.com\/catalogo\/wp-content\/uploads\/2024\/03\/logo2.webp","width":394,"height":128,"caption":"Catalogo | Letrame Grupo Editorial"},"image":{"@id":"https:\/\/letrame.com\/catalogo\/#\/schema\/logo\/image\/"}}]}},"_links":{"self":[{"href":"https:\/\/letrame.com\/catalogo\/wp-json\/wp\/v2\/product\/96149","targetHints":{"allow":["GET"]}}],"collection":[{"href":"https:\/\/letrame.com\/catalogo\/wp-json\/wp\/v2\/product"}],"about":[{"href":"https:\/\/letrame.com\/catalogo\/wp-json\/wp\/v2\/types\/product"}],"replies":[{"embeddable":true,"href":"https:\/\/letrame.com\/catalogo\/wp-json\/wp\/v2\/comments?post=96149"}],"acf:post":[{"embeddable":true,"href":"https:\/\/letrame.com\/catalogo\/wp-json\/wp\/v2\/author_book\/74847"}],"wp:featuredmedia":[{"embeddable":true,"href":"https:\/\/letrame.com\/catalogo\/wp-json\/wp\/v2\/media\/96150"}],"wp:attachment":[{"href":"https:\/\/letrame.com\/catalogo\/wp-json\/wp\/v2\/media?parent=96149"}],"wp:term":[{"taxonomy":"libro","embeddable":true,"href":"https:\/\/letrame.com\/catalogo\/wp-json\/wp\/v2\/libro?post=96149"},{"taxonomy":"product_brand","embeddable":true,"href":"https:\/\/letrame.com\/catalogo\/wp-json\/wp\/v2\/product_brand?post=96149"},{"taxonomy":"product_cat","embeddable":true,"href":"https:\/\/letrame.com\/catalogo\/wp-json\/wp\/v2\/product_cat?post=96149"},{"taxonomy":"product_tag","embeddable":true,"href":"https:\/\/letrame.com\/catalogo\/wp-json\/wp\/v2\/product_tag?post=96149"}],"curies":[{"name":"wp","href":"https:\/\/api.w.org\/{rel}","templated":true}]}}