{"id":96128,"date":"2024-04-29T10:03:07","date_gmt":"2024-04-29T08:03:07","guid":{"rendered":"https:\/\/letrame.com\/catalogo\/producto\/el-proceso-de-construccion-de-un-equipo-de-futbol\/"},"modified":"2024-05-15T15:35:42","modified_gmt":"2024-05-15T13:35:42","slug":"el-proceso-de-construccion-de-un-equipo-de-futbol","status":"publish","type":"product","link":"https:\/\/letrame.com\/catalogo\/producto\/el-proceso-de-construccion-de-un-equipo-de-futbol\/","title":{"rendered":"El proceso de construcci\u00f3n de un equipo de f\u00fatbol"},"content":{"rendered":"\r\n<p><strong>ISBN<\/strong>:\u00a0978-84-18542-02-2<\/p>\r\n\r\n\r\n\r\n<p><strong>T\u00edtulo<\/strong>: El proceso de construcci\u00f3n de un equipo de f\u00fatbol<br \/><strong>Fecha<\/strong>: 2020<br \/><strong>P\u00e1ginas<\/strong>:\u00a0341<\/p>\r\n\r\n\r\n\r\n<p><strong>SINOPSIS<\/strong><\/p>\r\n\r\n\r\n\r\n<p>Tras muchos a\u00f1os de conexi\u00f3n con el f\u00fatbol \u2014desde amateur hasta profesional\u2014 descubr\u00ed los que considero como pilares imprescindibles para formar y evolucionar a un equipo:<\/p>\r\n\r\n\r\n\r\n<ul class=\"wp-block-list\">\r\n<li>La idea de juego: \u00bfc\u00f3mo quiero jugar?<\/li>\r\n<li>La gesti\u00f3n de la calidad: \u00bfqu\u00e9 jugadores quiero tener y\/o formar?<\/li>\r\n<li>Las estructuras: \u00bfc\u00f3mo quiero que mi equipo se distribuya, a nivel posicional, en los diferentes momentos del juego?<\/li>\r\n<li>La organizaci\u00f3n din\u00e1mica: \u00bfc\u00f3mo quiero que mi equipo act\u00fae, mediante principios y subprincipios, en los diferentes momentos del juego?<\/li>\r\n<li>Los fundamentos: \u00bfc\u00f3mo quiero que mis jugadores resuelvan ciertas situaciones, ya sean estas de car\u00e1cter universal, por demarcaci\u00f3n o por l\u00ednea, muy recurrentes en el juego?<\/li>\r\n<\/ul>\r\n\r\n\r\n\r\n<p>Asentando previamente los cimientos mediante la cohesi\u00f3n de grupo y la instauraci\u00f3n del convencimiento en el colectivo, estos cinco pilares m\u00e1s otros detalles extra \u2014los cuales se desarrollan a partir de teor\u00edas y experiencias\u2014, nos permitir\u00e1n construir s\u00f3lidamente a nuestro equipo.<\/p>\r\n\r\n\r\n\r\n<p>Esta propuesta \u2014descargable mediante c\u00f3digo QR\u2014 tratar\u00e1 de generar unos cajones donde cada entrenador podr\u00e1 organizar sus ideas, su forma de entender este deporte y como quiere jugarlo, alej\u00e1ndose de recetas estereotipadas que, aunque se presentan como verdades absolutas, demasiado recurrentemente acaban adapt\u00e1ndose poco a la realidad del alto rendimiento deportivo.<\/p>\r\n\r\n\r\n\r\n<p>\u00bfLa finalidad \u00faltima? Acompa\u00f1arte a ti, entrenador, en el apasionante proceso de construcci\u00f3n del modelo de juego, conectando a la vez con una nueva perspectiva para su entrenamiento: la Periodizaci\u00f3n Estructurada.<\/p>\r\n","protected":false},"excerpt":{"rendered":"<p><strong>ISBN: 978-84-18542-02-2<\/strong><\/p>\n<p><!-- wp:paragraph --><\/p>\n<p>Tras muchos a\u00f1os de conexi\u00f3n con el f\u00fatbol \u2014desde amateur hasta profesional\u2014 descubr\u00ed los que considero como pilares imprescindibles para formar y evolucionar a un equipo:<\/p>\n<p><!-- \/wp:paragraph --><\/p>\n<p><!-- wp:list --><\/p>\n<ul>\n<li>La idea de juego: \u00bfc\u00f3mo quiero jugar?<\/li>\n<li>La gesti\u00f3n de la calidad: \u00bfqu\u00e9 jugadores quiero tener y\/o formar?<\/li>\n<li>Las estructuras: \u00bfc\u00f3mo quiero que mi equipo se distribuya, a nivel posicional, en los diferentes momentos del juego?<\/li>\n<li>La organizaci\u00f3n din\u00e1mica: \u00bfc\u00f3mo quiero que mi equipo act\u00fae, mediante principios y subprincipios, en los diferentes momentos del juego?<\/li>\n<li>Los fundamentos: \u00bfc\u00f3mo quiero que mis jugadores resuelvan ciertas situaciones, ya sean estas de car\u00e1cter universal, por demarcaci\u00f3n o por l\u00ednea, muy recurrentes en el juego?<\/li>\n<\/ul>\n<p><!-- \/wp:list --><\/p>\n","protected":false},"featured_media":100078,"comment_status":"closed","ping_status":"closed","template":"","meta":{"_acf_changed":false},"libro":[],"product_brand":[],"product_cat":[23],"product_tag":[],"class_list":{"0":"post-96128","1":"product","2":"type-product","3":"status-publish","4":"has-post-thumbnail","6":"product_cat-ensayos","8":"first","9":"instock","10":"purchasable","11":"product-type-simple"},"acf":{"autor":[74828],"enlace_de_compra":""},"yoast_head":"<!-- This site is optimized with the Yoast SEO plugin v27.4 - https:\/\/yoast.com\/product\/yoast-seo-wordpress\/ -->\n<title>El proceso de construcci\u00f3n de un equipo de f\u00fatbol - Catalogo | Letrame Grupo Editorial<\/title>\n<meta name=\"robots\" content=\"index, follow, max-snippet:-1, max-image-preview:large, max-video-preview:-1\" \/>\n<link rel=\"canonical\" href=\"https:\/\/letrame.com\/catalogo\/producto\/el-proceso-de-construccion-de-un-equipo-de-futbol\/\" \/>\n<meta property=\"og:locale\" content=\"es_ES\" \/>\n<meta property=\"og:type\" content=\"article\" \/>\n<meta property=\"og:title\" content=\"El proceso de construcci\u00f3n de un equipo de f\u00fatbol - Catalogo | Letrame Grupo Editorial\" \/>\n<meta property=\"og:description\" content=\"ISBN: 978-84-18542-02-2  Tras muchos a\u00f1os de conexi\u00f3n con el f\u00fatbol \u2014desde amateur hasta profesional\u2014 descubr\u00ed los que considero como pilares imprescindibles para formar y evolucionar a un equipo:     La idea de juego: \u00bfc\u00f3mo quiero jugar? La gesti\u00f3n de la calidad: \u00bfqu\u00e9 jugadores quiero tener y\/o formar? Las estructuras: \u00bfc\u00f3mo quiero que mi equipo se distribuya, a nivel posicional, en los diferentes momentos del juego? La organizaci\u00f3n din\u00e1mica: \u00bfc\u00f3mo quiero que mi equipo act\u00fae, mediante principios y subprincipios, en los diferentes momentos del juego? Los fundamentos: \u00bfc\u00f3mo quiero que mis jugadores resuelvan ciertas situaciones, ya sean estas de car\u00e1cter universal, por demarcaci\u00f3n o por l\u00ednea, muy recurrentes en el juego?\" \/>\n<meta property=\"og:url\" content=\"https:\/\/letrame.com\/catalogo\/producto\/el-proceso-de-construccion-de-un-equipo-de-futbol\/\" \/>\n<meta property=\"og:site_name\" content=\"Catalogo | Letrame Grupo Editorial\" \/>\n<meta property=\"article:modified_time\" content=\"2024-05-15T13:35:42+00:00\" \/>\n<meta property=\"og:image\" content=\"https:\/\/letrame.com\/catalogo\/wp-content\/uploads\/2024\/04\/elprocesodeconstruccion-scaled-1.webp\" \/>\n\t<meta property=\"og:image:width\" content=\"1813\" \/>\n\t<meta property=\"og:image:height\" content=\"2560\" \/>\n\t<meta property=\"og:image:type\" content=\"image\/webp\" \/>\n<meta name=\"twitter:card\" content=\"summary_large_image\" \/>\n<meta name=\"twitter:label1\" content=\"Tiempo de lectura\" \/>\n\t<meta name=\"twitter:data1\" content=\"2 minutos\" \/>\n<script type=\"application\/ld+json\" class=\"yoast-schema-graph\">{\"@context\":\"https:\\\/\\\/schema.org\",\"@graph\":[{\"@type\":\"WebPage\",\"@id\":\"https:\\\/\\\/letrame.com\\\/catalogo\\\/producto\\\/el-proceso-de-construccion-de-un-equipo-de-futbol\\\/\",\"url\":\"https:\\\/\\\/letrame.com\\\/catalogo\\\/producto\\\/el-proceso-de-construccion-de-un-equipo-de-futbol\\\/\",\"name\":\"El proceso de construcci\u00f3n de un equipo de f\u00fatbol - Catalogo | Letrame Grupo Editorial\",\"isPartOf\":{\"@id\":\"https:\\\/\\\/letrame.com\\\/catalogo\\\/#website\"},\"primaryImageOfPage\":{\"@id\":\"https:\\\/\\\/letrame.com\\\/catalogo\\\/producto\\\/el-proceso-de-construccion-de-un-equipo-de-futbol\\\/#primaryimage\"},\"image\":{\"@id\":\"https:\\\/\\\/letrame.com\\\/catalogo\\\/producto\\\/el-proceso-de-construccion-de-un-equipo-de-futbol\\\/#primaryimage\"},\"thumbnailUrl\":\"https:\\\/\\\/letrame.com\\\/catalogo\\\/wp-content\\\/uploads\\\/2024\\\/04\\\/elprocesodeconstruccion-scaled-1.webp\",\"datePublished\":\"2024-04-29T08:03:07+00:00\",\"dateModified\":\"2024-05-15T13:35:42+00:00\",\"breadcrumb\":{\"@id\":\"https:\\\/\\\/letrame.com\\\/catalogo\\\/producto\\\/el-proceso-de-construccion-de-un-equipo-de-futbol\\\/#breadcrumb\"},\"inLanguage\":\"es\",\"potentialAction\":[{\"@type\":\"ReadAction\",\"target\":[\"https:\\\/\\\/letrame.com\\\/catalogo\\\/producto\\\/el-proceso-de-construccion-de-un-equipo-de-futbol\\\/\"]}]},{\"@type\":\"ImageObject\",\"inLanguage\":\"es\",\"@id\":\"https:\\\/\\\/letrame.com\\\/catalogo\\\/producto\\\/el-proceso-de-construccion-de-un-equipo-de-futbol\\\/#primaryimage\",\"url\":\"https:\\\/\\\/letrame.com\\\/catalogo\\\/wp-content\\\/uploads\\\/2024\\\/04\\\/elprocesodeconstruccion-scaled-1.webp\",\"contentUrl\":\"https:\\\/\\\/letrame.com\\\/catalogo\\\/wp-content\\\/uploads\\\/2024\\\/04\\\/elprocesodeconstruccion-scaled-1.webp\",\"width\":1813,\"height\":2560},{\"@type\":\"BreadcrumbList\",\"@id\":\"https:\\\/\\\/letrame.com\\\/catalogo\\\/producto\\\/el-proceso-de-construccion-de-un-equipo-de-futbol\\\/#breadcrumb\",\"itemListElement\":[{\"@type\":\"ListItem\",\"position\":1,\"name\":\"Portada\",\"item\":\"https:\\\/\\\/letrame.com\\\/catalogo\\\/\"},{\"@type\":\"ListItem\",\"position\":2,\"name\":\"Cat\u00e1logo\",\"item\":\"https:\\\/\\\/letrame.com\\\/catalogo\\\/\"},{\"@type\":\"ListItem\",\"position\":3,\"name\":\"El proceso de construcci\u00f3n de un equipo de f\u00fatbol\"}]},{\"@type\":\"WebSite\",\"@id\":\"https:\\\/\\\/letrame.com\\\/catalogo\\\/#website\",\"url\":\"https:\\\/\\\/letrame.com\\\/catalogo\\\/\",\"name\":\"Catalogo | Letrame Grupo Editorial\",\"description\":\"\",\"publisher\":{\"@id\":\"https:\\\/\\\/letrame.com\\\/catalogo\\\/#organization\"},\"potentialAction\":[{\"@type\":\"SearchAction\",\"target\":{\"@type\":\"EntryPoint\",\"urlTemplate\":\"https:\\\/\\\/letrame.com\\\/catalogo\\\/?s={search_term_string}\"},\"query-input\":{\"@type\":\"PropertyValueSpecification\",\"valueRequired\":true,\"valueName\":\"search_term_string\"}}],\"inLanguage\":\"es\"},{\"@type\":\"Organization\",\"@id\":\"https:\\\/\\\/letrame.com\\\/catalogo\\\/#organization\",\"name\":\"Catalogo | Letrame Grupo Editorial\",\"url\":\"https:\\\/\\\/letrame.com\\\/catalogo\\\/\",\"logo\":{\"@type\":\"ImageObject\",\"inLanguage\":\"es\",\"@id\":\"https:\\\/\\\/letrame.com\\\/catalogo\\\/#\\\/schema\\\/logo\\\/image\\\/\",\"url\":\"https:\\\/\\\/letrame.com\\\/catalogo\\\/wp-content\\\/uploads\\\/2024\\\/03\\\/logo2.webp\",\"contentUrl\":\"https:\\\/\\\/letrame.com\\\/catalogo\\\/wp-content\\\/uploads\\\/2024\\\/03\\\/logo2.webp\",\"width\":394,\"height\":128,\"caption\":\"Catalogo | Letrame Grupo Editorial\"},\"image\":{\"@id\":\"https:\\\/\\\/letrame.com\\\/catalogo\\\/#\\\/schema\\\/logo\\\/image\\\/\"}}]}<\/script>\n<!-- \/ Yoast SEO plugin. -->","yoast_head_json":{"title":"El proceso de construcci\u00f3n de un equipo de f\u00fatbol - Catalogo | Letrame Grupo Editorial","robots":{"index":"index","follow":"follow","max-snippet":"max-snippet:-1","max-image-preview":"max-image-preview:large","max-video-preview":"max-video-preview:-1"},"canonical":"https:\/\/letrame.com\/catalogo\/producto\/el-proceso-de-construccion-de-un-equipo-de-futbol\/","og_locale":"es_ES","og_type":"article","og_title":"El proceso de construcci\u00f3n de un equipo de f\u00fatbol - Catalogo | Letrame Grupo Editorial","og_description":"ISBN: 978-84-18542-02-2  Tras muchos a\u00f1os de conexi\u00f3n con el f\u00fatbol \u2014desde amateur hasta profesional\u2014 descubr\u00ed los que considero como pilares imprescindibles para formar y evolucionar a un equipo:     La idea de juego: \u00bfc\u00f3mo quiero jugar? La gesti\u00f3n de la calidad: \u00bfqu\u00e9 jugadores quiero tener y\/o formar? Las estructuras: \u00bfc\u00f3mo quiero que mi equipo se distribuya, a nivel posicional, en los diferentes momentos del juego? La organizaci\u00f3n din\u00e1mica: \u00bfc\u00f3mo quiero que mi equipo act\u00fae, mediante principios y subprincipios, en los diferentes momentos del juego? Los fundamentos: \u00bfc\u00f3mo quiero que mis jugadores resuelvan ciertas situaciones, ya sean estas de car\u00e1cter universal, por demarcaci\u00f3n o por l\u00ednea, muy recurrentes en el juego?","og_url":"https:\/\/letrame.com\/catalogo\/producto\/el-proceso-de-construccion-de-un-equipo-de-futbol\/","og_site_name":"Catalogo | Letrame Grupo Editorial","article_modified_time":"2024-05-15T13:35:42+00:00","og_image":[{"width":1813,"height":2560,"url":"https:\/\/letrame.com\/catalogo\/wp-content\/uploads\/2024\/04\/elprocesodeconstruccion-scaled-1.webp","type":"image\/webp"}],"twitter_card":"summary_large_image","twitter_misc":{"Tiempo de lectura":"2 minutos"},"schema":{"@context":"https:\/\/schema.org","@graph":[{"@type":"WebPage","@id":"https:\/\/letrame.com\/catalogo\/producto\/el-proceso-de-construccion-de-un-equipo-de-futbol\/","url":"https:\/\/letrame.com\/catalogo\/producto\/el-proceso-de-construccion-de-un-equipo-de-futbol\/","name":"El proceso de construcci\u00f3n de un equipo de f\u00fatbol - Catalogo | Letrame Grupo Editorial","isPartOf":{"@id":"https:\/\/letrame.com\/catalogo\/#website"},"primaryImageOfPage":{"@id":"https:\/\/letrame.com\/catalogo\/producto\/el-proceso-de-construccion-de-un-equipo-de-futbol\/#primaryimage"},"image":{"@id":"https:\/\/letrame.com\/catalogo\/producto\/el-proceso-de-construccion-de-un-equipo-de-futbol\/#primaryimage"},"thumbnailUrl":"https:\/\/letrame.com\/catalogo\/wp-content\/uploads\/2024\/04\/elprocesodeconstruccion-scaled-1.webp","datePublished":"2024-04-29T08:03:07+00:00","dateModified":"2024-05-15T13:35:42+00:00","breadcrumb":{"@id":"https:\/\/letrame.com\/catalogo\/producto\/el-proceso-de-construccion-de-un-equipo-de-futbol\/#breadcrumb"},"inLanguage":"es","potentialAction":[{"@type":"ReadAction","target":["https:\/\/letrame.com\/catalogo\/producto\/el-proceso-de-construccion-de-un-equipo-de-futbol\/"]}]},{"@type":"ImageObject","inLanguage":"es","@id":"https:\/\/letrame.com\/catalogo\/producto\/el-proceso-de-construccion-de-un-equipo-de-futbol\/#primaryimage","url":"https:\/\/letrame.com\/catalogo\/wp-content\/uploads\/2024\/04\/elprocesodeconstruccion-scaled-1.webp","contentUrl":"https:\/\/letrame.com\/catalogo\/wp-content\/uploads\/2024\/04\/elprocesodeconstruccion-scaled-1.webp","width":1813,"height":2560},{"@type":"BreadcrumbList","@id":"https:\/\/letrame.com\/catalogo\/producto\/el-proceso-de-construccion-de-un-equipo-de-futbol\/#breadcrumb","itemListElement":[{"@type":"ListItem","position":1,"name":"Portada","item":"https:\/\/letrame.com\/catalogo\/"},{"@type":"ListItem","position":2,"name":"Cat\u00e1logo","item":"https:\/\/letrame.com\/catalogo\/"},{"@type":"ListItem","position":3,"name":"El proceso de construcci\u00f3n de un equipo de f\u00fatbol"}]},{"@type":"WebSite","@id":"https:\/\/letrame.com\/catalogo\/#website","url":"https:\/\/letrame.com\/catalogo\/","name":"Catalogo | Letrame Grupo Editorial","description":"","publisher":{"@id":"https:\/\/letrame.com\/catalogo\/#organization"},"potentialAction":[{"@type":"SearchAction","target":{"@type":"EntryPoint","urlTemplate":"https:\/\/letrame.com\/catalogo\/?s={search_term_string}"},"query-input":{"@type":"PropertyValueSpecification","valueRequired":true,"valueName":"search_term_string"}}],"inLanguage":"es"},{"@type":"Organization","@id":"https:\/\/letrame.com\/catalogo\/#organization","name":"Catalogo | Letrame Grupo Editorial","url":"https:\/\/letrame.com\/catalogo\/","logo":{"@type":"ImageObject","inLanguage":"es","@id":"https:\/\/letrame.com\/catalogo\/#\/schema\/logo\/image\/","url":"https:\/\/letrame.com\/catalogo\/wp-content\/uploads\/2024\/03\/logo2.webp","contentUrl":"https:\/\/letrame.com\/catalogo\/wp-content\/uploads\/2024\/03\/logo2.webp","width":394,"height":128,"caption":"Catalogo | Letrame Grupo Editorial"},"image":{"@id":"https:\/\/letrame.com\/catalogo\/#\/schema\/logo\/image\/"}}]}},"_links":{"self":[{"href":"https:\/\/letrame.com\/catalogo\/wp-json\/wp\/v2\/product\/96128","targetHints":{"allow":["GET"]}}],"collection":[{"href":"https:\/\/letrame.com\/catalogo\/wp-json\/wp\/v2\/product"}],"about":[{"href":"https:\/\/letrame.com\/catalogo\/wp-json\/wp\/v2\/types\/product"}],"replies":[{"embeddable":true,"href":"https:\/\/letrame.com\/catalogo\/wp-json\/wp\/v2\/comments?post=96128"}],"acf:post":[{"embeddable":true,"href":"https:\/\/letrame.com\/catalogo\/wp-json\/wp\/v2\/author_book\/74828"}],"wp:featuredmedia":[{"embeddable":true,"href":"https:\/\/letrame.com\/catalogo\/wp-json\/wp\/v2\/media\/100078"}],"wp:attachment":[{"href":"https:\/\/letrame.com\/catalogo\/wp-json\/wp\/v2\/media?parent=96128"}],"wp:term":[{"taxonomy":"libro","embeddable":true,"href":"https:\/\/letrame.com\/catalogo\/wp-json\/wp\/v2\/libro?post=96128"},{"taxonomy":"product_brand","embeddable":true,"href":"https:\/\/letrame.com\/catalogo\/wp-json\/wp\/v2\/product_brand?post=96128"},{"taxonomy":"product_cat","embeddable":true,"href":"https:\/\/letrame.com\/catalogo\/wp-json\/wp\/v2\/product_cat?post=96128"},{"taxonomy":"product_tag","embeddable":true,"href":"https:\/\/letrame.com\/catalogo\/wp-json\/wp\/v2\/product_tag?post=96128"}],"curies":[{"name":"wp","href":"https:\/\/api.w.org\/{rel}","templated":true}]}}