{"id":96120,"date":"2024-04-29T10:02:23","date_gmt":"2024-04-29T08:02:23","guid":{"rendered":"https:\/\/letrame.com\/catalogo\/producto\/el-anti-zaratustra\/"},"modified":"2024-04-29T10:02:52","modified_gmt":"2024-04-29T08:02:52","slug":"el-anti-zaratustra","status":"publish","type":"product","link":"https:\/\/letrame.com\/catalogo\/producto\/el-anti-zaratustra\/","title":{"rendered":"El Anti-zaratustra"},"content":{"rendered":"\n<p><strong>ISBN<\/strong>:\u00a0978-84-18585-52-4<\/p>\n\n\n\n<p><strong>T\u00edtulo<\/strong>: El Anti-zaratustra<br \/><strong>Fecha<\/strong>: 2020<br \/><strong>P\u00e1ginas<\/strong>:\u00a0606<\/p>\n\n\n\n<p><strong>SINOPSIS<\/strong><\/p>\n\n\n\n<p>Este libro pretende examinar algunas de las pol\u00e9micas m\u00e1s cruentas de Friedrich Nietzsche en relaci\u00f3n a temas tan apremiantes de la moral contempor\u00e1nea como son la configuraci\u00f3n actual del hombre medio, el nihilismo como un h\u00e1bito adquirido en los comportamientos morales del occidente, la cr\u00edtica de los valores morales seg\u00fan su procedencia hist\u00f3rica, la trascendencia y el significado de la \u00abmuerte de Dios\u00bb en cada uno de los \u00e1mbitos de la sociedad contempor\u00e1nea, las consecuencias pr\u00e1cticas que este postulado conlleva para el futuro de la civilizaci\u00f3n y la conformaci\u00f3n de un nuevo orden \u00e9tico a nivel global.<\/p>\n\n\n\n<p>Por lo tanto, en esta primera entrega de ensayos, esta reflexi\u00f3n moral toma como referencia las doctrinas de este pensador alem\u00e1n sobre el advenimiento del nihilismo, la \u00abmuerte de Dios\u00bb y la profec\u00eda del \u00faltimo hombre con el fin de actualizarlas y plantearlas en nuestra \u00e9poca, sobre todo por el impacto que tales doctrinas han tenido en la formaci\u00f3n del individuo contempor\u00e1neo de acuerdo a la evoluci\u00f3n y el desarrollo de nuestros tiempos democr\u00e1ticos. \u00a0\u00a0<\/p>\n\n\n\n<p>\u00a0\u00a0\u00a0\u00a0\u00a0\u00a0\u00a0\u00a0\u00a0\u00a0\u00a0\u00a0\u00a0\u00a0\u00a0\u00a0\u00a0 \u00a0La previsi\u00f3n hist\u00f3rica de Nietzsche resulta desoladora: \u00e9l anticipa que el hombre (a diferencia de los pron\u00f3sticos ilustrados) habr\u00eda de convertirse en un ser humano m\u00e1s susceptible, eg\u00f3latra, pusil\u00e1nime y profundamente cobarde. Este diagn\u00f3stico se encuentra resumido en la profec\u00eda del \u00ab\u00faltimo hombre\u00bb, en la cual se halla sintetizada la correspondencia de las cualidades de esta premonici\u00f3n de hombre futuro en relaci\u00f3n a las caracter\u00edsticas del perfil contempor\u00e1neo. En este sentido, las siguientes cuestiones cobran mayor actualidad para nuestra \u00e9poca: \u00bfHasta qu\u00e9 punto el hombre contempor\u00e1neo es capaz de soportar y enfrentarse con las consecuencias de la \u00abmuerte de Dios\u00bb en nuestra sociedad y, por lo mismo, puede conformar un orden moral que no dependa de un fundamento teol\u00f3gico? \u00bfEs posible establecer una moral con base en una reflexi\u00f3n meramente racional y humana? \u00bfSer\u00e1 posible construir una \u00e9tica, una pol\u00edtica y un derecho m\u00e1s all\u00e1 de Dios y del nihilismo? Para resolver estas cuestiones, es fundamental retornar a la lectura \u00a0concienzuda de la obra de Nietzsche, que es lo que se propone este libro.<\/p>\n","protected":false},"excerpt":{"rendered":"<p><strong>ISBN:\u00a0978-84-18585-52-4<\/strong><\/p>\n<p>&nbsp;<\/p>\n<p>Este libro pretende examinar algunas de las pol\u00e9micas m\u00e1s cruentas de Friedrich Nietzsche en relaci\u00f3n a temas tan apremiantes de la moral contempor\u00e1nea como son la configuraci\u00f3n actual del hombre medio, el nihilismo como un h\u00e1bito adquirido en los comportamientos morales del occidente, la cr\u00edtica de los valores morales seg\u00fan su procedencia hist\u00f3rica, la trascendencia y el significado de la \u00abmuerte de Dios\u00bb en cada uno de los \u00e1mbitos de la sociedad contempor\u00e1nea, las consecuencias pr\u00e1cticas que este postulado conlleva para el futuro de la civilizaci\u00f3n y la conformaci\u00f3n de un nuevo orden \u00e9tico a nivel global. Por lo tanto, en esta primera entrega de ensayos, esta reflexi\u00f3n moral toma como referencia las doctrinas de este pensador alem\u00e1n sobre el advenimiento del nihilismo, la \u00abmuerte de Dios\u00bb y la profec\u00eda del \u00faltimo hombre con el fin de actualizarlas y plantearlas en nuestra \u00e9poca, sobre todo por el impacto que tales doctrinas han tenido en la formaci\u00f3n del individuo contempor\u00e1neo de acuerdo a la evoluci\u00f3n y el desarrollo de nuestros tiempos democr\u00e1ticos.<\/p>\n<p>&nbsp;<\/p><\/p>\n","protected":false},"featured_media":96121,"comment_status":"closed","ping_status":"open","template":"","meta":{"_acf_changed":false},"libro":[],"product_brand":[],"product_cat":[23,16],"product_tag":[],"class_list":{"0":"post-96120","1":"product","2":"type-product","3":"status-publish","4":"has-post-thumbnail","6":"product_cat-ensayos","7":"product_cat-novela","9":"first","10":"instock","11":"product-type-simple"},"acf":{"autor":[74819],"enlace_de_compra":"https:\/\/www.amazon.es\/Anti-Zaratustra-Ensayos-sobre-moralidad-contempor%C3%A1nea\/dp\/8418585528\/ref=sr_1_1?__mk_es_ES=%C3%85M%C3%85%C5%BD%C3%95%C3%91&amp;dchild=1&amp;keywords=Letrame+S.L.+El+Anti-zaratustra&amp;qid=1623837657&amp;sr=8-1"},"yoast_head":"<!-- This site is optimized with the Yoast SEO plugin v27.4 - https:\/\/yoast.com\/product\/yoast-seo-wordpress\/ -->\n<title>El Anti-zaratustra - Catalogo | Letrame Grupo Editorial<\/title>\n<meta name=\"robots\" content=\"index, follow, max-snippet:-1, max-image-preview:large, max-video-preview:-1\" \/>\n<link rel=\"canonical\" href=\"https:\/\/letrame.com\/catalogo\/producto\/el-anti-zaratustra\/\" \/>\n<meta property=\"og:locale\" content=\"es_ES\" \/>\n<meta property=\"og:type\" content=\"article\" \/>\n<meta property=\"og:title\" content=\"El Anti-zaratustra - Catalogo | Letrame Grupo Editorial\" \/>\n<meta property=\"og:description\" content=\"ISBN:\u00a0978-84-18585-52-4 &nbsp; Este libro pretende examinar algunas de las pol\u00e9micas m\u00e1s cruentas de Friedrich Nietzsche en relaci\u00f3n a temas tan apremiantes de la moral contempor\u00e1nea como son la configuraci\u00f3n actual del hombre medio, el nihilismo como un h\u00e1bito adquirido en los comportamientos morales del occidente, la cr\u00edtica de los valores morales seg\u00fan su procedencia hist\u00f3rica, la trascendencia y el significado de la \u00abmuerte de Dios\u00bb en cada uno de los \u00e1mbitos de la sociedad contempor\u00e1nea, las consecuencias pr\u00e1cticas que este postulado conlleva para el futuro de la civilizaci\u00f3n y la conformaci\u00f3n de un nuevo orden \u00e9tico a nivel global. Por lo tanto, en esta primera entrega de ensayos, esta reflexi\u00f3n moral toma como referencia las doctrinas de este pensador alem\u00e1n sobre el advenimiento del nihilismo, la \u00abmuerte de Dios\u00bb y la profec\u00eda del \u00faltimo hombre con el fin de actualizarlas y plantearlas en nuestra \u00e9poca, sobre todo por el impacto que tales doctrinas han tenido en la formaci\u00f3n del individuo contempor\u00e1neo de acuerdo a la evoluci\u00f3n y el desarrollo de nuestros tiempos democr\u00e1ticos. &nbsp;\" \/>\n<meta property=\"og:url\" content=\"https:\/\/letrame.com\/catalogo\/producto\/el-anti-zaratustra\/\" \/>\n<meta property=\"og:site_name\" content=\"Catalogo | Letrame Grupo Editorial\" \/>\n<meta property=\"article:modified_time\" content=\"2024-04-29T08:02:52+00:00\" \/>\n<meta property=\"og:image\" content=\"https:\/\/letrame.com\/catalogo\/wp-content\/uploads\/2024\/04\/El-anti-zaratustra-scaled-1.jpg\" \/>\n\t<meta property=\"og:image:width\" content=\"1746\" \/>\n\t<meta property=\"og:image:height\" content=\"2560\" \/>\n\t<meta property=\"og:image:type\" content=\"image\/jpeg\" \/>\n<meta name=\"twitter:card\" content=\"summary_large_image\" \/>\n<meta name=\"twitter:label1\" content=\"Tiempo de lectura\" \/>\n\t<meta name=\"twitter:data1\" content=\"2 minutos\" \/>\n<script type=\"application\/ld+json\" class=\"yoast-schema-graph\">{\"@context\":\"https:\\\/\\\/schema.org\",\"@graph\":[{\"@type\":\"WebPage\",\"@id\":\"https:\\\/\\\/letrame.com\\\/catalogo\\\/producto\\\/el-anti-zaratustra\\\/\",\"url\":\"https:\\\/\\\/letrame.com\\\/catalogo\\\/producto\\\/el-anti-zaratustra\\\/\",\"name\":\"El Anti-zaratustra - Catalogo | Letrame Grupo Editorial\",\"isPartOf\":{\"@id\":\"https:\\\/\\\/letrame.com\\\/catalogo\\\/#website\"},\"primaryImageOfPage\":{\"@id\":\"https:\\\/\\\/letrame.com\\\/catalogo\\\/producto\\\/el-anti-zaratustra\\\/#primaryimage\"},\"image\":{\"@id\":\"https:\\\/\\\/letrame.com\\\/catalogo\\\/producto\\\/el-anti-zaratustra\\\/#primaryimage\"},\"thumbnailUrl\":\"https:\\\/\\\/letrame.com\\\/catalogo\\\/wp-content\\\/uploads\\\/2024\\\/04\\\/El-anti-zaratustra-scaled-1.jpg\",\"datePublished\":\"2024-04-29T08:02:23+00:00\",\"dateModified\":\"2024-04-29T08:02:52+00:00\",\"breadcrumb\":{\"@id\":\"https:\\\/\\\/letrame.com\\\/catalogo\\\/producto\\\/el-anti-zaratustra\\\/#breadcrumb\"},\"inLanguage\":\"es\",\"potentialAction\":[{\"@type\":\"ReadAction\",\"target\":[\"https:\\\/\\\/letrame.com\\\/catalogo\\\/producto\\\/el-anti-zaratustra\\\/\"]}]},{\"@type\":\"ImageObject\",\"inLanguage\":\"es\",\"@id\":\"https:\\\/\\\/letrame.com\\\/catalogo\\\/producto\\\/el-anti-zaratustra\\\/#primaryimage\",\"url\":\"https:\\\/\\\/letrame.com\\\/catalogo\\\/wp-content\\\/uploads\\\/2024\\\/04\\\/El-anti-zaratustra-scaled-1.jpg\",\"contentUrl\":\"https:\\\/\\\/letrame.com\\\/catalogo\\\/wp-content\\\/uploads\\\/2024\\\/04\\\/El-anti-zaratustra-scaled-1.jpg\",\"width\":1746,\"height\":2560},{\"@type\":\"BreadcrumbList\",\"@id\":\"https:\\\/\\\/letrame.com\\\/catalogo\\\/producto\\\/el-anti-zaratustra\\\/#breadcrumb\",\"itemListElement\":[{\"@type\":\"ListItem\",\"position\":1,\"name\":\"Portada\",\"item\":\"https:\\\/\\\/letrame.com\\\/catalogo\\\/\"},{\"@type\":\"ListItem\",\"position\":2,\"name\":\"Cat\u00e1logo\",\"item\":\"https:\\\/\\\/letrame.com\\\/catalogo\\\/\"},{\"@type\":\"ListItem\",\"position\":3,\"name\":\"El Anti-zaratustra\"}]},{\"@type\":\"WebSite\",\"@id\":\"https:\\\/\\\/letrame.com\\\/catalogo\\\/#website\",\"url\":\"https:\\\/\\\/letrame.com\\\/catalogo\\\/\",\"name\":\"Catalogo | Letrame Grupo Editorial\",\"description\":\"\",\"publisher\":{\"@id\":\"https:\\\/\\\/letrame.com\\\/catalogo\\\/#organization\"},\"potentialAction\":[{\"@type\":\"SearchAction\",\"target\":{\"@type\":\"EntryPoint\",\"urlTemplate\":\"https:\\\/\\\/letrame.com\\\/catalogo\\\/?s={search_term_string}\"},\"query-input\":{\"@type\":\"PropertyValueSpecification\",\"valueRequired\":true,\"valueName\":\"search_term_string\"}}],\"inLanguage\":\"es\"},{\"@type\":\"Organization\",\"@id\":\"https:\\\/\\\/letrame.com\\\/catalogo\\\/#organization\",\"name\":\"Catalogo | Letrame Grupo Editorial\",\"url\":\"https:\\\/\\\/letrame.com\\\/catalogo\\\/\",\"logo\":{\"@type\":\"ImageObject\",\"inLanguage\":\"es\",\"@id\":\"https:\\\/\\\/letrame.com\\\/catalogo\\\/#\\\/schema\\\/logo\\\/image\\\/\",\"url\":\"https:\\\/\\\/letrame.com\\\/catalogo\\\/wp-content\\\/uploads\\\/2024\\\/03\\\/logo2.webp\",\"contentUrl\":\"https:\\\/\\\/letrame.com\\\/catalogo\\\/wp-content\\\/uploads\\\/2024\\\/03\\\/logo2.webp\",\"width\":394,\"height\":128,\"caption\":\"Catalogo | Letrame Grupo Editorial\"},\"image\":{\"@id\":\"https:\\\/\\\/letrame.com\\\/catalogo\\\/#\\\/schema\\\/logo\\\/image\\\/\"}}]}<\/script>\n<!-- \/ Yoast SEO plugin. -->","yoast_head_json":{"title":"El Anti-zaratustra - Catalogo | Letrame Grupo Editorial","robots":{"index":"index","follow":"follow","max-snippet":"max-snippet:-1","max-image-preview":"max-image-preview:large","max-video-preview":"max-video-preview:-1"},"canonical":"https:\/\/letrame.com\/catalogo\/producto\/el-anti-zaratustra\/","og_locale":"es_ES","og_type":"article","og_title":"El Anti-zaratustra - Catalogo | Letrame Grupo Editorial","og_description":"ISBN:\u00a0978-84-18585-52-4 &nbsp; Este libro pretende examinar algunas de las pol\u00e9micas m\u00e1s cruentas de Friedrich Nietzsche en relaci\u00f3n a temas tan apremiantes de la moral contempor\u00e1nea como son la configuraci\u00f3n actual del hombre medio, el nihilismo como un h\u00e1bito adquirido en los comportamientos morales del occidente, la cr\u00edtica de los valores morales seg\u00fan su procedencia hist\u00f3rica, la trascendencia y el significado de la \u00abmuerte de Dios\u00bb en cada uno de los \u00e1mbitos de la sociedad contempor\u00e1nea, las consecuencias pr\u00e1cticas que este postulado conlleva para el futuro de la civilizaci\u00f3n y la conformaci\u00f3n de un nuevo orden \u00e9tico a nivel global. Por lo tanto, en esta primera entrega de ensayos, esta reflexi\u00f3n moral toma como referencia las doctrinas de este pensador alem\u00e1n sobre el advenimiento del nihilismo, la \u00abmuerte de Dios\u00bb y la profec\u00eda del \u00faltimo hombre con el fin de actualizarlas y plantearlas en nuestra \u00e9poca, sobre todo por el impacto que tales doctrinas han tenido en la formaci\u00f3n del individuo contempor\u00e1neo de acuerdo a la evoluci\u00f3n y el desarrollo de nuestros tiempos democr\u00e1ticos. &nbsp;","og_url":"https:\/\/letrame.com\/catalogo\/producto\/el-anti-zaratustra\/","og_site_name":"Catalogo | Letrame Grupo Editorial","article_modified_time":"2024-04-29T08:02:52+00:00","og_image":[{"width":1746,"height":2560,"url":"https:\/\/letrame.com\/catalogo\/wp-content\/uploads\/2024\/04\/El-anti-zaratustra-scaled-1.jpg","type":"image\/jpeg"}],"twitter_card":"summary_large_image","twitter_misc":{"Tiempo de lectura":"2 minutos"},"schema":{"@context":"https:\/\/schema.org","@graph":[{"@type":"WebPage","@id":"https:\/\/letrame.com\/catalogo\/producto\/el-anti-zaratustra\/","url":"https:\/\/letrame.com\/catalogo\/producto\/el-anti-zaratustra\/","name":"El Anti-zaratustra - Catalogo | Letrame Grupo Editorial","isPartOf":{"@id":"https:\/\/letrame.com\/catalogo\/#website"},"primaryImageOfPage":{"@id":"https:\/\/letrame.com\/catalogo\/producto\/el-anti-zaratustra\/#primaryimage"},"image":{"@id":"https:\/\/letrame.com\/catalogo\/producto\/el-anti-zaratustra\/#primaryimage"},"thumbnailUrl":"https:\/\/letrame.com\/catalogo\/wp-content\/uploads\/2024\/04\/El-anti-zaratustra-scaled-1.jpg","datePublished":"2024-04-29T08:02:23+00:00","dateModified":"2024-04-29T08:02:52+00:00","breadcrumb":{"@id":"https:\/\/letrame.com\/catalogo\/producto\/el-anti-zaratustra\/#breadcrumb"},"inLanguage":"es","potentialAction":[{"@type":"ReadAction","target":["https:\/\/letrame.com\/catalogo\/producto\/el-anti-zaratustra\/"]}]},{"@type":"ImageObject","inLanguage":"es","@id":"https:\/\/letrame.com\/catalogo\/producto\/el-anti-zaratustra\/#primaryimage","url":"https:\/\/letrame.com\/catalogo\/wp-content\/uploads\/2024\/04\/El-anti-zaratustra-scaled-1.jpg","contentUrl":"https:\/\/letrame.com\/catalogo\/wp-content\/uploads\/2024\/04\/El-anti-zaratustra-scaled-1.jpg","width":1746,"height":2560},{"@type":"BreadcrumbList","@id":"https:\/\/letrame.com\/catalogo\/producto\/el-anti-zaratustra\/#breadcrumb","itemListElement":[{"@type":"ListItem","position":1,"name":"Portada","item":"https:\/\/letrame.com\/catalogo\/"},{"@type":"ListItem","position":2,"name":"Cat\u00e1logo","item":"https:\/\/letrame.com\/catalogo\/"},{"@type":"ListItem","position":3,"name":"El Anti-zaratustra"}]},{"@type":"WebSite","@id":"https:\/\/letrame.com\/catalogo\/#website","url":"https:\/\/letrame.com\/catalogo\/","name":"Catalogo | Letrame Grupo Editorial","description":"","publisher":{"@id":"https:\/\/letrame.com\/catalogo\/#organization"},"potentialAction":[{"@type":"SearchAction","target":{"@type":"EntryPoint","urlTemplate":"https:\/\/letrame.com\/catalogo\/?s={search_term_string}"},"query-input":{"@type":"PropertyValueSpecification","valueRequired":true,"valueName":"search_term_string"}}],"inLanguage":"es"},{"@type":"Organization","@id":"https:\/\/letrame.com\/catalogo\/#organization","name":"Catalogo | Letrame Grupo Editorial","url":"https:\/\/letrame.com\/catalogo\/","logo":{"@type":"ImageObject","inLanguage":"es","@id":"https:\/\/letrame.com\/catalogo\/#\/schema\/logo\/image\/","url":"https:\/\/letrame.com\/catalogo\/wp-content\/uploads\/2024\/03\/logo2.webp","contentUrl":"https:\/\/letrame.com\/catalogo\/wp-content\/uploads\/2024\/03\/logo2.webp","width":394,"height":128,"caption":"Catalogo | Letrame Grupo Editorial"},"image":{"@id":"https:\/\/letrame.com\/catalogo\/#\/schema\/logo\/image\/"}}]}},"_links":{"self":[{"href":"https:\/\/letrame.com\/catalogo\/wp-json\/wp\/v2\/product\/96120","targetHints":{"allow":["GET"]}}],"collection":[{"href":"https:\/\/letrame.com\/catalogo\/wp-json\/wp\/v2\/product"}],"about":[{"href":"https:\/\/letrame.com\/catalogo\/wp-json\/wp\/v2\/types\/product"}],"replies":[{"embeddable":true,"href":"https:\/\/letrame.com\/catalogo\/wp-json\/wp\/v2\/comments?post=96120"}],"acf:post":[{"embeddable":true,"href":"https:\/\/letrame.com\/catalogo\/wp-json\/wp\/v2\/author_book\/74819"}],"wp:featuredmedia":[{"embeddable":true,"href":"https:\/\/letrame.com\/catalogo\/wp-json\/wp\/v2\/media\/96121"}],"wp:attachment":[{"href":"https:\/\/letrame.com\/catalogo\/wp-json\/wp\/v2\/media?parent=96120"}],"wp:term":[{"taxonomy":"libro","embeddable":true,"href":"https:\/\/letrame.com\/catalogo\/wp-json\/wp\/v2\/libro?post=96120"},{"taxonomy":"product_brand","embeddable":true,"href":"https:\/\/letrame.com\/catalogo\/wp-json\/wp\/v2\/product_brand?post=96120"},{"taxonomy":"product_cat","embeddable":true,"href":"https:\/\/letrame.com\/catalogo\/wp-json\/wp\/v2\/product_cat?post=96120"},{"taxonomy":"product_tag","embeddable":true,"href":"https:\/\/letrame.com\/catalogo\/wp-json\/wp\/v2\/product_tag?post=96120"}],"curies":[{"name":"wp","href":"https:\/\/api.w.org\/{rel}","templated":true}]}}