{"id":96117,"date":"2024-04-29T10:02:23","date_gmt":"2024-04-29T08:02:23","guid":{"rendered":"https:\/\/letrame.com\/catalogo\/producto\/dia-y-noche\/"},"modified":"2024-05-15T15:36:32","modified_gmt":"2024-05-15T13:36:32","slug":"dia-y-noche","status":"publish","type":"product","link":"https:\/\/letrame.com\/catalogo\/producto\/dia-y-noche\/","title":{"rendered":"D\u00eda y noche"},"content":{"rendered":"\r\n<p><strong>ISBN<\/strong>:\u00a0978-84-18585-54-8<\/p>\r\n\r\n\r\n\r\n<p><strong>T\u00edtulo<\/strong>: D\u00eda y noche<br \/><strong>Fecha<\/strong>: 2020<br \/><strong>P\u00e1ginas<\/strong>:\u00a0104<\/p>\r\n\r\n\r\n\r\n<p><strong>SINOPSIS<\/strong><\/p>\r\n\r\n\r\n\r\n<p><strong>El d\u00eda es claro, la noche oscura. El d\u00eda es luz, la noche oscuridad. El d\u00eda es alegre, la noche es triste. Aunque la noche puede ser clara y el d\u00eda oscuro, la noche puede ser luz y el d\u00eda oscuridad, la noche puede ser alegre y el d\u00eda triste.\u00a0\u00a0<\/strong><\/p>\r\n\r\n\r\n\r\n<p><strong>David Varela nos revela su primer poemario dividido en dos partes,\u00a0<em>D\u00eda<\/em>\u00a0y\u00a0<em>Noche<\/em>, en el que cada parte expresa emociones distintas desde el punto de vista del autor; la interpretaci\u00f3n de la poes\u00eda depende del momento y la persona. As\u00ed pues, dejarse llevar por lo que esta significa para cada uno en el momento en el que se lee es el arte que hay escondido en cada libro.\u00a0<\/strong><\/p>\r\n\r\n\r\n\r\n<p><strong>Si has sentido amor en cualquiera de sus formas: por un ser querido, una amistad, un familiar, te sentir\u00e1s inmerso en alguno de estos poemas.\u00a0<\/strong><\/p>\r\n","protected":false},"excerpt":{"rendered":"<p><strong>ISBN:\u00a0978-84-18585-54-8<\/strong><\/p>\n<p><strong>David Varela nos revela su primer poemario dividido en dos partes,\u00a0<em>D\u00eda<\/em>\u00a0y\u00a0<em>Noche<\/em>, en el que cada parte expresa emociones distintas desde el punto de vista del autor; la interpretaci\u00f3n de la poes\u00eda depende del momento y la persona. As\u00ed pues, dejarse llevar por lo que esta significa para cada uno en el momento en el que se lee es el arte que hay escondido en cada libro.<\/strong><\/p>\n<p><strong>\u00a0<\/strong> \u00a0<\/p>\n","protected":false},"featured_media":100079,"comment_status":"closed","ping_status":"closed","template":"","meta":{"_acf_changed":false},"libro":[],"product_brand":[],"product_cat":[20],"product_tag":[],"class_list":{"0":"post-96117","1":"product","2":"type-product","3":"status-publish","4":"has-post-thumbnail","6":"product_cat-poesia","8":"first","9":"instock","10":"purchasable","11":"product-type-simple"},"acf":{"autor":[74817],"enlace_de_compra":"https:\/\/www.todostuslibros.com\/libros\/dia-y-noche_978-84-18585-54-8"},"yoast_head":"<!-- This site is optimized with the Yoast SEO plugin v27.4 - https:\/\/yoast.com\/product\/yoast-seo-wordpress\/ -->\n<title>D\u00eda y noche - Catalogo | Letrame Grupo Editorial<\/title>\n<meta name=\"robots\" content=\"index, follow, max-snippet:-1, max-image-preview:large, max-video-preview:-1\" \/>\n<link rel=\"canonical\" href=\"https:\/\/letrame.com\/catalogo\/producto\/dia-y-noche\/\" \/>\n<meta property=\"og:locale\" content=\"es_ES\" \/>\n<meta property=\"og:type\" content=\"article\" \/>\n<meta property=\"og:title\" content=\"D\u00eda y noche - Catalogo | Letrame Grupo Editorial\" \/>\n<meta property=\"og:description\" content=\"ISBN:\u00a0978-84-18585-54-8 David Varela nos revela su primer poemario dividido en dos partes,\u00a0D\u00eda\u00a0y\u00a0Noche, en el que cada parte expresa emociones distintas desde el punto de vista del autor; la interpretaci\u00f3n de la poes\u00eda depende del momento y la persona. As\u00ed pues, dejarse llevar por lo que esta significa para cada uno en el momento en el que se lee es el arte que hay escondido en cada libro. \u00a0 \u00a0\" \/>\n<meta property=\"og:url\" content=\"https:\/\/letrame.com\/catalogo\/producto\/dia-y-noche\/\" \/>\n<meta property=\"og:site_name\" content=\"Catalogo | Letrame Grupo Editorial\" \/>\n<meta property=\"article:modified_time\" content=\"2024-05-15T13:36:32+00:00\" \/>\n<meta property=\"og:image\" content=\"https:\/\/letrame.com\/catalogo\/wp-content\/uploads\/2024\/04\/Dia-y-noche.webp\" \/>\n\t<meta property=\"og:image:width\" content=\"1476\" \/>\n\t<meta property=\"og:image:height\" content=\"2244\" \/>\n\t<meta property=\"og:image:type\" content=\"image\/webp\" \/>\n<meta name=\"twitter:card\" content=\"summary_large_image\" \/>\n<meta name=\"twitter:label1\" content=\"Tiempo de lectura\" \/>\n\t<meta name=\"twitter:data1\" content=\"1 minuto\" \/>\n<script type=\"application\/ld+json\" class=\"yoast-schema-graph\">{\"@context\":\"https:\\\/\\\/schema.org\",\"@graph\":[{\"@type\":\"WebPage\",\"@id\":\"https:\\\/\\\/letrame.com\\\/catalogo\\\/producto\\\/dia-y-noche\\\/\",\"url\":\"https:\\\/\\\/letrame.com\\\/catalogo\\\/producto\\\/dia-y-noche\\\/\",\"name\":\"D\u00eda y noche - Catalogo | Letrame Grupo Editorial\",\"isPartOf\":{\"@id\":\"https:\\\/\\\/letrame.com\\\/catalogo\\\/#website\"},\"primaryImageOfPage\":{\"@id\":\"https:\\\/\\\/letrame.com\\\/catalogo\\\/producto\\\/dia-y-noche\\\/#primaryimage\"},\"image\":{\"@id\":\"https:\\\/\\\/letrame.com\\\/catalogo\\\/producto\\\/dia-y-noche\\\/#primaryimage\"},\"thumbnailUrl\":\"https:\\\/\\\/letrame.com\\\/catalogo\\\/wp-content\\\/uploads\\\/2024\\\/04\\\/Dia-y-noche.webp\",\"datePublished\":\"2024-04-29T08:02:23+00:00\",\"dateModified\":\"2024-05-15T13:36:32+00:00\",\"breadcrumb\":{\"@id\":\"https:\\\/\\\/letrame.com\\\/catalogo\\\/producto\\\/dia-y-noche\\\/#breadcrumb\"},\"inLanguage\":\"es\",\"potentialAction\":[{\"@type\":\"ReadAction\",\"target\":[\"https:\\\/\\\/letrame.com\\\/catalogo\\\/producto\\\/dia-y-noche\\\/\"]}]},{\"@type\":\"ImageObject\",\"inLanguage\":\"es\",\"@id\":\"https:\\\/\\\/letrame.com\\\/catalogo\\\/producto\\\/dia-y-noche\\\/#primaryimage\",\"url\":\"https:\\\/\\\/letrame.com\\\/catalogo\\\/wp-content\\\/uploads\\\/2024\\\/04\\\/Dia-y-noche.webp\",\"contentUrl\":\"https:\\\/\\\/letrame.com\\\/catalogo\\\/wp-content\\\/uploads\\\/2024\\\/04\\\/Dia-y-noche.webp\",\"width\":1476,\"height\":2244},{\"@type\":\"BreadcrumbList\",\"@id\":\"https:\\\/\\\/letrame.com\\\/catalogo\\\/producto\\\/dia-y-noche\\\/#breadcrumb\",\"itemListElement\":[{\"@type\":\"ListItem\",\"position\":1,\"name\":\"Portada\",\"item\":\"https:\\\/\\\/letrame.com\\\/catalogo\\\/\"},{\"@type\":\"ListItem\",\"position\":2,\"name\":\"Cat\u00e1logo\",\"item\":\"https:\\\/\\\/letrame.com\\\/catalogo\\\/\"},{\"@type\":\"ListItem\",\"position\":3,\"name\":\"D\u00eda y noche\"}]},{\"@type\":\"WebSite\",\"@id\":\"https:\\\/\\\/letrame.com\\\/catalogo\\\/#website\",\"url\":\"https:\\\/\\\/letrame.com\\\/catalogo\\\/\",\"name\":\"Catalogo | Letrame Grupo Editorial\",\"description\":\"\",\"publisher\":{\"@id\":\"https:\\\/\\\/letrame.com\\\/catalogo\\\/#organization\"},\"potentialAction\":[{\"@type\":\"SearchAction\",\"target\":{\"@type\":\"EntryPoint\",\"urlTemplate\":\"https:\\\/\\\/letrame.com\\\/catalogo\\\/?s={search_term_string}\"},\"query-input\":{\"@type\":\"PropertyValueSpecification\",\"valueRequired\":true,\"valueName\":\"search_term_string\"}}],\"inLanguage\":\"es\"},{\"@type\":\"Organization\",\"@id\":\"https:\\\/\\\/letrame.com\\\/catalogo\\\/#organization\",\"name\":\"Catalogo | Letrame Grupo Editorial\",\"url\":\"https:\\\/\\\/letrame.com\\\/catalogo\\\/\",\"logo\":{\"@type\":\"ImageObject\",\"inLanguage\":\"es\",\"@id\":\"https:\\\/\\\/letrame.com\\\/catalogo\\\/#\\\/schema\\\/logo\\\/image\\\/\",\"url\":\"https:\\\/\\\/letrame.com\\\/catalogo\\\/wp-content\\\/uploads\\\/2024\\\/03\\\/logo2.webp\",\"contentUrl\":\"https:\\\/\\\/letrame.com\\\/catalogo\\\/wp-content\\\/uploads\\\/2024\\\/03\\\/logo2.webp\",\"width\":394,\"height\":128,\"caption\":\"Catalogo | Letrame Grupo Editorial\"},\"image\":{\"@id\":\"https:\\\/\\\/letrame.com\\\/catalogo\\\/#\\\/schema\\\/logo\\\/image\\\/\"}}]}<\/script>\n<!-- \/ Yoast SEO plugin. -->","yoast_head_json":{"title":"D\u00eda y noche - Catalogo | Letrame Grupo Editorial","robots":{"index":"index","follow":"follow","max-snippet":"max-snippet:-1","max-image-preview":"max-image-preview:large","max-video-preview":"max-video-preview:-1"},"canonical":"https:\/\/letrame.com\/catalogo\/producto\/dia-y-noche\/","og_locale":"es_ES","og_type":"article","og_title":"D\u00eda y noche - Catalogo | Letrame Grupo Editorial","og_description":"ISBN:\u00a0978-84-18585-54-8 David Varela nos revela su primer poemario dividido en dos partes,\u00a0D\u00eda\u00a0y\u00a0Noche, en el que cada parte expresa emociones distintas desde el punto de vista del autor; la interpretaci\u00f3n de la poes\u00eda depende del momento y la persona. As\u00ed pues, dejarse llevar por lo que esta significa para cada uno en el momento en el que se lee es el arte que hay escondido en cada libro. \u00a0 \u00a0","og_url":"https:\/\/letrame.com\/catalogo\/producto\/dia-y-noche\/","og_site_name":"Catalogo | Letrame Grupo Editorial","article_modified_time":"2024-05-15T13:36:32+00:00","og_image":[{"width":1476,"height":2244,"url":"https:\/\/letrame.com\/catalogo\/wp-content\/uploads\/2024\/04\/Dia-y-noche.webp","type":"image\/webp"}],"twitter_card":"summary_large_image","twitter_misc":{"Tiempo de lectura":"1 minuto"},"schema":{"@context":"https:\/\/schema.org","@graph":[{"@type":"WebPage","@id":"https:\/\/letrame.com\/catalogo\/producto\/dia-y-noche\/","url":"https:\/\/letrame.com\/catalogo\/producto\/dia-y-noche\/","name":"D\u00eda y noche - Catalogo | Letrame Grupo Editorial","isPartOf":{"@id":"https:\/\/letrame.com\/catalogo\/#website"},"primaryImageOfPage":{"@id":"https:\/\/letrame.com\/catalogo\/producto\/dia-y-noche\/#primaryimage"},"image":{"@id":"https:\/\/letrame.com\/catalogo\/producto\/dia-y-noche\/#primaryimage"},"thumbnailUrl":"https:\/\/letrame.com\/catalogo\/wp-content\/uploads\/2024\/04\/Dia-y-noche.webp","datePublished":"2024-04-29T08:02:23+00:00","dateModified":"2024-05-15T13:36:32+00:00","breadcrumb":{"@id":"https:\/\/letrame.com\/catalogo\/producto\/dia-y-noche\/#breadcrumb"},"inLanguage":"es","potentialAction":[{"@type":"ReadAction","target":["https:\/\/letrame.com\/catalogo\/producto\/dia-y-noche\/"]}]},{"@type":"ImageObject","inLanguage":"es","@id":"https:\/\/letrame.com\/catalogo\/producto\/dia-y-noche\/#primaryimage","url":"https:\/\/letrame.com\/catalogo\/wp-content\/uploads\/2024\/04\/Dia-y-noche.webp","contentUrl":"https:\/\/letrame.com\/catalogo\/wp-content\/uploads\/2024\/04\/Dia-y-noche.webp","width":1476,"height":2244},{"@type":"BreadcrumbList","@id":"https:\/\/letrame.com\/catalogo\/producto\/dia-y-noche\/#breadcrumb","itemListElement":[{"@type":"ListItem","position":1,"name":"Portada","item":"https:\/\/letrame.com\/catalogo\/"},{"@type":"ListItem","position":2,"name":"Cat\u00e1logo","item":"https:\/\/letrame.com\/catalogo\/"},{"@type":"ListItem","position":3,"name":"D\u00eda y noche"}]},{"@type":"WebSite","@id":"https:\/\/letrame.com\/catalogo\/#website","url":"https:\/\/letrame.com\/catalogo\/","name":"Catalogo | Letrame Grupo Editorial","description":"","publisher":{"@id":"https:\/\/letrame.com\/catalogo\/#organization"},"potentialAction":[{"@type":"SearchAction","target":{"@type":"EntryPoint","urlTemplate":"https:\/\/letrame.com\/catalogo\/?s={search_term_string}"},"query-input":{"@type":"PropertyValueSpecification","valueRequired":true,"valueName":"search_term_string"}}],"inLanguage":"es"},{"@type":"Organization","@id":"https:\/\/letrame.com\/catalogo\/#organization","name":"Catalogo | Letrame Grupo Editorial","url":"https:\/\/letrame.com\/catalogo\/","logo":{"@type":"ImageObject","inLanguage":"es","@id":"https:\/\/letrame.com\/catalogo\/#\/schema\/logo\/image\/","url":"https:\/\/letrame.com\/catalogo\/wp-content\/uploads\/2024\/03\/logo2.webp","contentUrl":"https:\/\/letrame.com\/catalogo\/wp-content\/uploads\/2024\/03\/logo2.webp","width":394,"height":128,"caption":"Catalogo | Letrame Grupo Editorial"},"image":{"@id":"https:\/\/letrame.com\/catalogo\/#\/schema\/logo\/image\/"}}]}},"_links":{"self":[{"href":"https:\/\/letrame.com\/catalogo\/wp-json\/wp\/v2\/product\/96117","targetHints":{"allow":["GET"]}}],"collection":[{"href":"https:\/\/letrame.com\/catalogo\/wp-json\/wp\/v2\/product"}],"about":[{"href":"https:\/\/letrame.com\/catalogo\/wp-json\/wp\/v2\/types\/product"}],"replies":[{"embeddable":true,"href":"https:\/\/letrame.com\/catalogo\/wp-json\/wp\/v2\/comments?post=96117"}],"acf:post":[{"embeddable":true,"href":"https:\/\/letrame.com\/catalogo\/wp-json\/wp\/v2\/author_book\/74817"}],"wp:featuredmedia":[{"embeddable":true,"href":"https:\/\/letrame.com\/catalogo\/wp-json\/wp\/v2\/media\/100079"}],"wp:attachment":[{"href":"https:\/\/letrame.com\/catalogo\/wp-json\/wp\/v2\/media?parent=96117"}],"wp:term":[{"taxonomy":"libro","embeddable":true,"href":"https:\/\/letrame.com\/catalogo\/wp-json\/wp\/v2\/libro?post=96117"},{"taxonomy":"product_brand","embeddable":true,"href":"https:\/\/letrame.com\/catalogo\/wp-json\/wp\/v2\/product_brand?post=96117"},{"taxonomy":"product_cat","embeddable":true,"href":"https:\/\/letrame.com\/catalogo\/wp-json\/wp\/v2\/product_cat?post=96117"},{"taxonomy":"product_tag","embeddable":true,"href":"https:\/\/letrame.com\/catalogo\/wp-json\/wp\/v2\/product_tag?post=96117"}],"curies":[{"name":"wp","href":"https:\/\/api.w.org\/{rel}","templated":true}]}}