{"id":96111,"date":"2024-04-29T10:01:32","date_gmt":"2024-04-29T08:01:32","guid":{"rendered":"https:\/\/letrame.com\/catalogo\/producto\/cuando-el-amor-lo-es-todo\/"},"modified":"2024-04-29T10:02:04","modified_gmt":"2024-04-29T08:02:04","slug":"cuando-el-amor-lo-es-todo","status":"publish","type":"product","link":"https:\/\/letrame.com\/catalogo\/producto\/cuando-el-amor-lo-es-todo\/","title":{"rendered":"Cuando el amor lo es todo"},"content":{"rendered":"\n<p><strong>ISBN<\/strong>:\u00a0978-84-1386-076-3<\/p>\n\n\n\n<p><strong>T\u00edtulo<\/strong>: Cuando el amor lo es todo<br \/><strong>Fecha<\/strong>: 2020<br \/><strong>P\u00e1ginas<\/strong>:\u00a0106<\/p>\n\n\n\n<p><strong>SINOPSIS<\/strong><\/p>\n\n\n\n<p>En toda vida existe un punto y seguido donde se abren las p\u00e1ginas de nuestras historias. En esta historia titulada \u201cCuando el amor lo es todo\u201d lo bello de dar sin esperar nada a cambio, abre promesas caras al futuro \u2013 Los amantes buscan los labios que sin hablar se hace expresi\u00f3n sublime de todos los logros \u2013 Un beso que, por hermoso, nunca se podr\u00eda censurar. \u2013 La historia les invita y por el tiempo de su lectura a ser rom\u00e1nticos, er\u00f3ticos, so\u00f1adores, ut\u00f3picos e irreverentes. \u2013 La agilidad de sus p\u00e1ginas buscan amores que ocupados tengan tiempo para hacerse presentes y estando presentes, se hagan suspiros en los labios.<\/p>\n","protected":false},"excerpt":{"rendered":"<p><strong>ISBN: 978-84-1386-076-3<\/strong><\/p>\n<p>&nbsp;<\/p>\n<p>En toda vida existe un punto y seguido donde se abren las p\u00e1ginas de nuestras historias. En esta historia titulada \u201cCuando el amor lo es todo\u201d lo bello de dar sin esperar nada a cambio, abre promesas caras al futuro \u2013 Los amantes buscan los labios que sin hablar se hace expresi\u00f3n sublime de todos los logros \u2013 Un beso que, por hermoso, nunca se podr\u00eda censurar. \u2013 La historia les invita y por el tiempo de su lectura a ser rom\u00e1nticos, er\u00f3ticos, so\u00f1adores, ut\u00f3picos e irreverentes. \u2013 La agilidad de sus p\u00e1ginas buscan amores que ocupados tengan tiempo para hacerse presentes y estando presentes, se hagan suspiros en los labios.<\/p>\n<p>&nbsp;<\/p><\/p>\n","protected":false},"featured_media":96112,"comment_status":"closed","ping_status":"open","template":"","meta":{"_acf_changed":false},"libro":[],"product_brand":[],"product_cat":[16],"product_tag":[],"class_list":{"0":"post-96111","1":"product","2":"type-product","3":"status-publish","4":"has-post-thumbnail","6":"product_cat-novela","8":"first","9":"instock","10":"purchasable","11":"product-type-simple"},"acf":{"autor":[74815],"enlace_de_compra":"https:\/\/www.amazon.es\/Cuando-amor-Ces%C3%A1reo-Robaina-Miranda\/dp\/8413860768\/ref=sr_1_3?__mk_es_ES=%C3%85M%C3%85%C5%BD%C3%95%C3%91&amp;dchild=1&amp;keywords=Cuando+el+amor+lo+es+todo&amp;qid=1611843281&amp;sr=8-3"},"yoast_head":"<!-- This site is optimized with the Yoast SEO plugin v27.4 - https:\/\/yoast.com\/product\/yoast-seo-wordpress\/ -->\n<title>Cuando el amor lo es todo - Catalogo | Letrame Grupo Editorial<\/title>\n<meta name=\"robots\" content=\"index, follow, max-snippet:-1, max-image-preview:large, max-video-preview:-1\" \/>\n<link rel=\"canonical\" href=\"https:\/\/letrame.com\/catalogo\/producto\/cuando-el-amor-lo-es-todo\/\" \/>\n<meta property=\"og:locale\" content=\"es_ES\" \/>\n<meta property=\"og:type\" content=\"article\" \/>\n<meta property=\"og:title\" content=\"Cuando el amor lo es todo - Catalogo | Letrame Grupo Editorial\" \/>\n<meta property=\"og:description\" content=\"ISBN: 978-84-1386-076-3 &nbsp; En toda vida existe un punto y seguido donde se abren las p\u00e1ginas de nuestras historias. En esta historia titulada \u201cCuando el amor lo es todo\u201d lo bello de dar sin esperar nada a cambio, abre promesas caras al futuro \u2013 Los amantes buscan los labios que sin hablar se hace expresi\u00f3n sublime de todos los logros \u2013 Un beso que, por hermoso, nunca se podr\u00eda censurar. \u2013 La historia les invita y por el tiempo de su lectura a ser rom\u00e1nticos, er\u00f3ticos, so\u00f1adores, ut\u00f3picos e irreverentes. \u2013 La agilidad de sus p\u00e1ginas buscan amores que ocupados tengan tiempo para hacerse presentes y estando presentes, se hagan suspiros en los labios. &nbsp;\" \/>\n<meta property=\"og:url\" content=\"https:\/\/letrame.com\/catalogo\/producto\/cuando-el-amor-lo-es-todo\/\" \/>\n<meta property=\"og:site_name\" content=\"Catalogo | Letrame Grupo Editorial\" \/>\n<meta property=\"article:modified_time\" content=\"2024-04-29T08:02:04+00:00\" \/>\n<meta property=\"og:image\" content=\"https:\/\/letrame.com\/catalogo\/wp-content\/uploads\/2024\/04\/Cuando-el-amor-lo-es-todo-scaled-1.jpg\" \/>\n\t<meta property=\"og:image:width\" content=\"1746\" \/>\n\t<meta property=\"og:image:height\" content=\"2560\" \/>\n\t<meta property=\"og:image:type\" content=\"image\/jpeg\" \/>\n<meta name=\"twitter:card\" content=\"summary_large_image\" \/>\n<meta name=\"twitter:label1\" content=\"Tiempo de lectura\" \/>\n\t<meta name=\"twitter:data1\" content=\"1 minuto\" \/>\n<script type=\"application\/ld+json\" class=\"yoast-schema-graph\">{\"@context\":\"https:\\\/\\\/schema.org\",\"@graph\":[{\"@type\":\"WebPage\",\"@id\":\"https:\\\/\\\/letrame.com\\\/catalogo\\\/producto\\\/cuando-el-amor-lo-es-todo\\\/\",\"url\":\"https:\\\/\\\/letrame.com\\\/catalogo\\\/producto\\\/cuando-el-amor-lo-es-todo\\\/\",\"name\":\"Cuando el amor lo es todo - Catalogo | Letrame Grupo Editorial\",\"isPartOf\":{\"@id\":\"https:\\\/\\\/letrame.com\\\/catalogo\\\/#website\"},\"primaryImageOfPage\":{\"@id\":\"https:\\\/\\\/letrame.com\\\/catalogo\\\/producto\\\/cuando-el-amor-lo-es-todo\\\/#primaryimage\"},\"image\":{\"@id\":\"https:\\\/\\\/letrame.com\\\/catalogo\\\/producto\\\/cuando-el-amor-lo-es-todo\\\/#primaryimage\"},\"thumbnailUrl\":\"https:\\\/\\\/letrame.com\\\/catalogo\\\/wp-content\\\/uploads\\\/2024\\\/04\\\/Cuando-el-amor-lo-es-todo-scaled-1.jpg\",\"datePublished\":\"2024-04-29T08:01:32+00:00\",\"dateModified\":\"2024-04-29T08:02:04+00:00\",\"breadcrumb\":{\"@id\":\"https:\\\/\\\/letrame.com\\\/catalogo\\\/producto\\\/cuando-el-amor-lo-es-todo\\\/#breadcrumb\"},\"inLanguage\":\"es\",\"potentialAction\":[{\"@type\":\"ReadAction\",\"target\":[\"https:\\\/\\\/letrame.com\\\/catalogo\\\/producto\\\/cuando-el-amor-lo-es-todo\\\/\"]}]},{\"@type\":\"ImageObject\",\"inLanguage\":\"es\",\"@id\":\"https:\\\/\\\/letrame.com\\\/catalogo\\\/producto\\\/cuando-el-amor-lo-es-todo\\\/#primaryimage\",\"url\":\"https:\\\/\\\/letrame.com\\\/catalogo\\\/wp-content\\\/uploads\\\/2024\\\/04\\\/Cuando-el-amor-lo-es-todo-scaled-1.jpg\",\"contentUrl\":\"https:\\\/\\\/letrame.com\\\/catalogo\\\/wp-content\\\/uploads\\\/2024\\\/04\\\/Cuando-el-amor-lo-es-todo-scaled-1.jpg\",\"width\":1746,\"height\":2560},{\"@type\":\"BreadcrumbList\",\"@id\":\"https:\\\/\\\/letrame.com\\\/catalogo\\\/producto\\\/cuando-el-amor-lo-es-todo\\\/#breadcrumb\",\"itemListElement\":[{\"@type\":\"ListItem\",\"position\":1,\"name\":\"Portada\",\"item\":\"https:\\\/\\\/letrame.com\\\/catalogo\\\/\"},{\"@type\":\"ListItem\",\"position\":2,\"name\":\"Cat\u00e1logo\",\"item\":\"https:\\\/\\\/letrame.com\\\/catalogo\\\/\"},{\"@type\":\"ListItem\",\"position\":3,\"name\":\"Cuando el amor lo es todo\"}]},{\"@type\":\"WebSite\",\"@id\":\"https:\\\/\\\/letrame.com\\\/catalogo\\\/#website\",\"url\":\"https:\\\/\\\/letrame.com\\\/catalogo\\\/\",\"name\":\"Catalogo | Letrame Grupo Editorial\",\"description\":\"\",\"publisher\":{\"@id\":\"https:\\\/\\\/letrame.com\\\/catalogo\\\/#organization\"},\"potentialAction\":[{\"@type\":\"SearchAction\",\"target\":{\"@type\":\"EntryPoint\",\"urlTemplate\":\"https:\\\/\\\/letrame.com\\\/catalogo\\\/?s={search_term_string}\"},\"query-input\":{\"@type\":\"PropertyValueSpecification\",\"valueRequired\":true,\"valueName\":\"search_term_string\"}}],\"inLanguage\":\"es\"},{\"@type\":\"Organization\",\"@id\":\"https:\\\/\\\/letrame.com\\\/catalogo\\\/#organization\",\"name\":\"Catalogo | Letrame Grupo Editorial\",\"url\":\"https:\\\/\\\/letrame.com\\\/catalogo\\\/\",\"logo\":{\"@type\":\"ImageObject\",\"inLanguage\":\"es\",\"@id\":\"https:\\\/\\\/letrame.com\\\/catalogo\\\/#\\\/schema\\\/logo\\\/image\\\/\",\"url\":\"https:\\\/\\\/letrame.com\\\/catalogo\\\/wp-content\\\/uploads\\\/2024\\\/03\\\/logo2.webp\",\"contentUrl\":\"https:\\\/\\\/letrame.com\\\/catalogo\\\/wp-content\\\/uploads\\\/2024\\\/03\\\/logo2.webp\",\"width\":394,\"height\":128,\"caption\":\"Catalogo | Letrame Grupo Editorial\"},\"image\":{\"@id\":\"https:\\\/\\\/letrame.com\\\/catalogo\\\/#\\\/schema\\\/logo\\\/image\\\/\"}}]}<\/script>\n<!-- \/ Yoast SEO plugin. -->","yoast_head_json":{"title":"Cuando el amor lo es todo - Catalogo | Letrame Grupo Editorial","robots":{"index":"index","follow":"follow","max-snippet":"max-snippet:-1","max-image-preview":"max-image-preview:large","max-video-preview":"max-video-preview:-1"},"canonical":"https:\/\/letrame.com\/catalogo\/producto\/cuando-el-amor-lo-es-todo\/","og_locale":"es_ES","og_type":"article","og_title":"Cuando el amor lo es todo - Catalogo | Letrame Grupo Editorial","og_description":"ISBN: 978-84-1386-076-3 &nbsp; En toda vida existe un punto y seguido donde se abren las p\u00e1ginas de nuestras historias. En esta historia titulada \u201cCuando el amor lo es todo\u201d lo bello de dar sin esperar nada a cambio, abre promesas caras al futuro \u2013 Los amantes buscan los labios que sin hablar se hace expresi\u00f3n sublime de todos los logros \u2013 Un beso que, por hermoso, nunca se podr\u00eda censurar. \u2013 La historia les invita y por el tiempo de su lectura a ser rom\u00e1nticos, er\u00f3ticos, so\u00f1adores, ut\u00f3picos e irreverentes. \u2013 La agilidad de sus p\u00e1ginas buscan amores que ocupados tengan tiempo para hacerse presentes y estando presentes, se hagan suspiros en los labios. &nbsp;","og_url":"https:\/\/letrame.com\/catalogo\/producto\/cuando-el-amor-lo-es-todo\/","og_site_name":"Catalogo | Letrame Grupo Editorial","article_modified_time":"2024-04-29T08:02:04+00:00","og_image":[{"width":1746,"height":2560,"url":"https:\/\/letrame.com\/catalogo\/wp-content\/uploads\/2024\/04\/Cuando-el-amor-lo-es-todo-scaled-1.jpg","type":"image\/jpeg"}],"twitter_card":"summary_large_image","twitter_misc":{"Tiempo de lectura":"1 minuto"},"schema":{"@context":"https:\/\/schema.org","@graph":[{"@type":"WebPage","@id":"https:\/\/letrame.com\/catalogo\/producto\/cuando-el-amor-lo-es-todo\/","url":"https:\/\/letrame.com\/catalogo\/producto\/cuando-el-amor-lo-es-todo\/","name":"Cuando el amor lo es todo - Catalogo | Letrame Grupo Editorial","isPartOf":{"@id":"https:\/\/letrame.com\/catalogo\/#website"},"primaryImageOfPage":{"@id":"https:\/\/letrame.com\/catalogo\/producto\/cuando-el-amor-lo-es-todo\/#primaryimage"},"image":{"@id":"https:\/\/letrame.com\/catalogo\/producto\/cuando-el-amor-lo-es-todo\/#primaryimage"},"thumbnailUrl":"https:\/\/letrame.com\/catalogo\/wp-content\/uploads\/2024\/04\/Cuando-el-amor-lo-es-todo-scaled-1.jpg","datePublished":"2024-04-29T08:01:32+00:00","dateModified":"2024-04-29T08:02:04+00:00","breadcrumb":{"@id":"https:\/\/letrame.com\/catalogo\/producto\/cuando-el-amor-lo-es-todo\/#breadcrumb"},"inLanguage":"es","potentialAction":[{"@type":"ReadAction","target":["https:\/\/letrame.com\/catalogo\/producto\/cuando-el-amor-lo-es-todo\/"]}]},{"@type":"ImageObject","inLanguage":"es","@id":"https:\/\/letrame.com\/catalogo\/producto\/cuando-el-amor-lo-es-todo\/#primaryimage","url":"https:\/\/letrame.com\/catalogo\/wp-content\/uploads\/2024\/04\/Cuando-el-amor-lo-es-todo-scaled-1.jpg","contentUrl":"https:\/\/letrame.com\/catalogo\/wp-content\/uploads\/2024\/04\/Cuando-el-amor-lo-es-todo-scaled-1.jpg","width":1746,"height":2560},{"@type":"BreadcrumbList","@id":"https:\/\/letrame.com\/catalogo\/producto\/cuando-el-amor-lo-es-todo\/#breadcrumb","itemListElement":[{"@type":"ListItem","position":1,"name":"Portada","item":"https:\/\/letrame.com\/catalogo\/"},{"@type":"ListItem","position":2,"name":"Cat\u00e1logo","item":"https:\/\/letrame.com\/catalogo\/"},{"@type":"ListItem","position":3,"name":"Cuando el amor lo es todo"}]},{"@type":"WebSite","@id":"https:\/\/letrame.com\/catalogo\/#website","url":"https:\/\/letrame.com\/catalogo\/","name":"Catalogo | Letrame Grupo Editorial","description":"","publisher":{"@id":"https:\/\/letrame.com\/catalogo\/#organization"},"potentialAction":[{"@type":"SearchAction","target":{"@type":"EntryPoint","urlTemplate":"https:\/\/letrame.com\/catalogo\/?s={search_term_string}"},"query-input":{"@type":"PropertyValueSpecification","valueRequired":true,"valueName":"search_term_string"}}],"inLanguage":"es"},{"@type":"Organization","@id":"https:\/\/letrame.com\/catalogo\/#organization","name":"Catalogo | Letrame Grupo Editorial","url":"https:\/\/letrame.com\/catalogo\/","logo":{"@type":"ImageObject","inLanguage":"es","@id":"https:\/\/letrame.com\/catalogo\/#\/schema\/logo\/image\/","url":"https:\/\/letrame.com\/catalogo\/wp-content\/uploads\/2024\/03\/logo2.webp","contentUrl":"https:\/\/letrame.com\/catalogo\/wp-content\/uploads\/2024\/03\/logo2.webp","width":394,"height":128,"caption":"Catalogo | Letrame Grupo Editorial"},"image":{"@id":"https:\/\/letrame.com\/catalogo\/#\/schema\/logo\/image\/"}}]}},"_links":{"self":[{"href":"https:\/\/letrame.com\/catalogo\/wp-json\/wp\/v2\/product\/96111","targetHints":{"allow":["GET"]}}],"collection":[{"href":"https:\/\/letrame.com\/catalogo\/wp-json\/wp\/v2\/product"}],"about":[{"href":"https:\/\/letrame.com\/catalogo\/wp-json\/wp\/v2\/types\/product"}],"replies":[{"embeddable":true,"href":"https:\/\/letrame.com\/catalogo\/wp-json\/wp\/v2\/comments?post=96111"}],"acf:post":[{"embeddable":true,"href":"https:\/\/letrame.com\/catalogo\/wp-json\/wp\/v2\/author_book\/74815"}],"wp:featuredmedia":[{"embeddable":true,"href":"https:\/\/letrame.com\/catalogo\/wp-json\/wp\/v2\/media\/96112"}],"wp:attachment":[{"href":"https:\/\/letrame.com\/catalogo\/wp-json\/wp\/v2\/media?parent=96111"}],"wp:term":[{"taxonomy":"libro","embeddable":true,"href":"https:\/\/letrame.com\/catalogo\/wp-json\/wp\/v2\/libro?post=96111"},{"taxonomy":"product_brand","embeddable":true,"href":"https:\/\/letrame.com\/catalogo\/wp-json\/wp\/v2\/product_brand?post=96111"},{"taxonomy":"product_cat","embeddable":true,"href":"https:\/\/letrame.com\/catalogo\/wp-json\/wp\/v2\/product_cat?post=96111"},{"taxonomy":"product_tag","embeddable":true,"href":"https:\/\/letrame.com\/catalogo\/wp-json\/wp\/v2\/product_tag?post=96111"}],"curies":[{"name":"wp","href":"https:\/\/api.w.org\/{rel}","templated":true}]}}