{"id":96043,"date":"2024-04-29T09:39:20","date_gmt":"2024-04-29T07:39:20","guid":{"rendered":"https:\/\/letrame.com\/catalogo\/producto\/el-libro-del-buho\/"},"modified":"2024-05-15T15:46:00","modified_gmt":"2024-05-15T13:46:00","slug":"el-libro-del-buho","status":"publish","type":"product","link":"https:\/\/letrame.com\/catalogo\/producto\/el-libro-del-buho\/","title":{"rendered":"El libro del b\u00faho"},"content":{"rendered":"\r\n<p><strong>ISBN<\/strong>:\u00a0978-8418542169<\/p>\r\n\r\n\r\n\r\n<p><strong>T\u00edtulo<\/strong>: El libro del b\u00faho<br \/><strong>Fecha<\/strong>: 2020<br \/><strong>P\u00e1ginas<\/strong>:\u00a0 456<\/p>\r\n\r\n\r\n\r\n<p><strong>SINOPSIS<\/strong><\/p>\r\n\r\n\r\n\r\n<p><strong>Descubre una historia de aventuras capaz de evocar las mismas sensaciones que nos diesen la saga de\u00a0<em>Harry Potter<\/em>, de J. K. Rowling, o las\u00a0<em>Cr\u00f3nicas de Prydain<\/em>, de Floyd Alexander.<\/strong><br \/>Desde tiempos remotos, perdidos ya en la memoria, una orden de magos protege un tesoro de un gran poder y codiciado por muchos.<\/p>\r\n\r\n\r\n\r\n<p>Los hermanos Juan y Laura han recibido extra\u00f1os regalos por parte de su abuelo. \u00c9l, un grueso y viejo libro que llaman del b\u00faho; ella, un singular colgante. Con ellos en la maleta, los dos ni\u00f1os siguen a sus padres cuando se mudan a San Cipriano del Valle, un peque\u00f1o y tranquilo pueblo de monta\u00f1a. All\u00ed conocen a Carlos y Andrea, los dos ni\u00f1os que ya viv\u00edan all\u00ed, y juntos descubren que el terrible monstruo que se esconde en aquel rec\u00f3ndito lugar del mundo se ha despertado.<\/p>\r\n\r\n\r\n\r\n<p>Las revelaciones del viejo ciego de la aldea sobre el oculto mundo de los duendes dar\u00e1n comienzo a una extraordinaria aventura para acabar con la criatura. Poco a poco se ir\u00e1n desvelando los secretos que la antigua orden de magos guarda y c\u00f3mo los regalos que su abuelo les hizo encajan en ella.<\/p>\r\n\r\n\r\n\r\n<p><em>El Libro del B\u00faho<\/em>\u00a0es el primer volumen de la saga\u00a0<em>V\u00e1lorix<\/em>\u00a0y el resultado de m\u00e1s de tres intensos a\u00f1os de trabajo para recrear un fant\u00e1stico mundo inspirado de leyendas locales de Espa\u00f1a. El lector ser\u00e1 transportado a una historia llena de magia y criaturas fant\u00e1sticas que conviven entre nosotros desde milenios sin que lo sepamos.<\/p>\r\n","protected":false},"excerpt":{"rendered":"<p><strong>ISBN: 978-8418542169<\/strong> <em data-rich-text-format-boundary=\"true\">El Libro del B\u00faho<\/em>\u00a0es el primer volumen de la saga\u00a0<em>V\u00e1lorix<\/em>\u00a0y el resultado de m\u00e1s de tres intensos a\u00f1os de trabajo para recrear un fant\u00e1stico mundo inspirado de leyendas locales de Espa\u00f1a. El lector ser\u00e1 transportado a una historia llena de magia y criaturas fant\u00e1sticas que conviven entre nosotros desde milenios sin que lo sepamos.<\/p>\n","protected":false},"featured_media":100107,"comment_status":"closed","ping_status":"closed","template":"","meta":{"_acf_changed":false},"libro":[],"product_brand":[],"product_cat":[16],"product_tag":[],"class_list":{"0":"post-96043","1":"product","2":"type-product","3":"status-publish","4":"has-post-thumbnail","6":"product_cat-novela","8":"first","9":"instock","10":"purchasable","11":"product-type-simple"},"acf":{"autor":[74744],"enlace_de_compra":"https:\/\/www.amazon.es\/El-Libro-del-B%C3%BAho-Novela\/dp\/8418542160\/ref=sr_1_1?__mk_es_ES=%C3%85M%C3%85%C5%BD%C3%95%C3%91&amp;dchild=1&amp;keywords=el+libro+del+buho+letrame&amp;qid=1607084830&amp;sr=8-1"},"yoast_head":"<!-- This site is optimized with the Yoast SEO plugin v26.6 - https:\/\/yoast.com\/wordpress\/plugins\/seo\/ -->\n<title>El libro del b\u00faho - Catalogo | Letrame Grupo Editorial<\/title>\n<meta name=\"robots\" content=\"index, follow, max-snippet:-1, max-image-preview:large, max-video-preview:-1\" \/>\n<link rel=\"canonical\" href=\"https:\/\/letrame.com\/catalogo\/producto\/el-libro-del-buho\/\" \/>\n<meta property=\"og:locale\" content=\"es_ES\" \/>\n<meta property=\"og:type\" content=\"article\" \/>\n<meta property=\"og:title\" content=\"El libro del b\u00faho - Catalogo | Letrame Grupo Editorial\" \/>\n<meta property=\"og:description\" content=\"ISBN: 978-8418542169 El Libro del B\u00faho\u00a0es el primer volumen de la saga\u00a0V\u00e1lorix\u00a0y el resultado de m\u00e1s de tres intensos a\u00f1os de trabajo para recrear un fant\u00e1stico mundo inspirado de leyendas locales de Espa\u00f1a. El lector ser\u00e1 transportado a una historia llena de magia y criaturas fant\u00e1sticas que conviven entre nosotros desde milenios sin que lo sepamos.\" \/>\n<meta property=\"og:url\" content=\"https:\/\/letrame.com\/catalogo\/producto\/el-libro-del-buho\/\" \/>\n<meta property=\"og:site_name\" content=\"Catalogo | Letrame Grupo Editorial\" \/>\n<meta property=\"article:modified_time\" content=\"2024-05-15T13:46:00+00:00\" \/>\n<meta property=\"og:image\" content=\"https:\/\/letrame.com\/catalogo\/wp-content\/uploads\/2024\/04\/El-libro-del-buho-scaled-1.webp\" \/>\n\t<meta property=\"og:image:width\" content=\"1746\" \/>\n\t<meta property=\"og:image:height\" content=\"2560\" \/>\n\t<meta property=\"og:image:type\" content=\"image\/webp\" \/>\n<meta name=\"twitter:card\" content=\"summary_large_image\" \/>\n<meta name=\"twitter:label1\" content=\"Tiempo de lectura\" \/>\n\t<meta name=\"twitter:data1\" content=\"2 minutos\" \/>\n<script type=\"application\/ld+json\" class=\"yoast-schema-graph\">{\"@context\":\"https:\/\/schema.org\",\"@graph\":[{\"@type\":\"WebPage\",\"@id\":\"https:\/\/letrame.com\/catalogo\/producto\/el-libro-del-buho\/\",\"url\":\"https:\/\/letrame.com\/catalogo\/producto\/el-libro-del-buho\/\",\"name\":\"El libro del b\u00faho - Catalogo | Letrame Grupo Editorial\",\"isPartOf\":{\"@id\":\"https:\/\/letrame.com\/catalogo\/#website\"},\"primaryImageOfPage\":{\"@id\":\"https:\/\/letrame.com\/catalogo\/producto\/el-libro-del-buho\/#primaryimage\"},\"image\":{\"@id\":\"https:\/\/letrame.com\/catalogo\/producto\/el-libro-del-buho\/#primaryimage\"},\"thumbnailUrl\":\"https:\/\/letrame.com\/catalogo\/wp-content\/uploads\/2024\/04\/El-libro-del-buho-scaled-1.webp\",\"datePublished\":\"2024-04-29T07:39:20+00:00\",\"dateModified\":\"2024-05-15T13:46:00+00:00\",\"breadcrumb\":{\"@id\":\"https:\/\/letrame.com\/catalogo\/producto\/el-libro-del-buho\/#breadcrumb\"},\"inLanguage\":\"es\",\"potentialAction\":[{\"@type\":\"ReadAction\",\"target\":[\"https:\/\/letrame.com\/catalogo\/producto\/el-libro-del-buho\/\"]}]},{\"@type\":\"ImageObject\",\"inLanguage\":\"es\",\"@id\":\"https:\/\/letrame.com\/catalogo\/producto\/el-libro-del-buho\/#primaryimage\",\"url\":\"https:\/\/letrame.com\/catalogo\/wp-content\/uploads\/2024\/04\/El-libro-del-buho-scaled-1.webp\",\"contentUrl\":\"https:\/\/letrame.com\/catalogo\/wp-content\/uploads\/2024\/04\/El-libro-del-buho-scaled-1.webp\",\"width\":1746,\"height\":2560},{\"@type\":\"BreadcrumbList\",\"@id\":\"https:\/\/letrame.com\/catalogo\/producto\/el-libro-del-buho\/#breadcrumb\",\"itemListElement\":[{\"@type\":\"ListItem\",\"position\":1,\"name\":\"Portada\",\"item\":\"https:\/\/letrame.com\/catalogo\/\"},{\"@type\":\"ListItem\",\"position\":2,\"name\":\"Cat\u00e1logo\",\"item\":\"https:\/\/letrame.com\/catalogo\/\"},{\"@type\":\"ListItem\",\"position\":3,\"name\":\"El libro del b\u00faho\"}]},{\"@type\":\"WebSite\",\"@id\":\"https:\/\/letrame.com\/catalogo\/#website\",\"url\":\"https:\/\/letrame.com\/catalogo\/\",\"name\":\"Catalogo | Letrame Grupo Editorial\",\"description\":\"\",\"publisher\":{\"@id\":\"https:\/\/letrame.com\/catalogo\/#organization\"},\"potentialAction\":[{\"@type\":\"SearchAction\",\"target\":{\"@type\":\"EntryPoint\",\"urlTemplate\":\"https:\/\/letrame.com\/catalogo\/?s={search_term_string}\"},\"query-input\":{\"@type\":\"PropertyValueSpecification\",\"valueRequired\":true,\"valueName\":\"search_term_string\"}}],\"inLanguage\":\"es\"},{\"@type\":\"Organization\",\"@id\":\"https:\/\/letrame.com\/catalogo\/#organization\",\"name\":\"Catalogo | Letrame Grupo Editorial\",\"url\":\"https:\/\/letrame.com\/catalogo\/\",\"logo\":{\"@type\":\"ImageObject\",\"inLanguage\":\"es\",\"@id\":\"https:\/\/letrame.com\/catalogo\/#\/schema\/logo\/image\/\",\"url\":\"https:\/\/letrame.com\/catalogo\/wp-content\/uploads\/2024\/03\/logo2.webp\",\"contentUrl\":\"https:\/\/letrame.com\/catalogo\/wp-content\/uploads\/2024\/03\/logo2.webp\",\"width\":394,\"height\":128,\"caption\":\"Catalogo | Letrame Grupo Editorial\"},\"image\":{\"@id\":\"https:\/\/letrame.com\/catalogo\/#\/schema\/logo\/image\/\"}}]}<\/script>\n<!-- \/ Yoast SEO plugin. -->","yoast_head_json":{"title":"El libro del b\u00faho - Catalogo | Letrame Grupo Editorial","robots":{"index":"index","follow":"follow","max-snippet":"max-snippet:-1","max-image-preview":"max-image-preview:large","max-video-preview":"max-video-preview:-1"},"canonical":"https:\/\/letrame.com\/catalogo\/producto\/el-libro-del-buho\/","og_locale":"es_ES","og_type":"article","og_title":"El libro del b\u00faho - Catalogo | Letrame Grupo Editorial","og_description":"ISBN: 978-8418542169 El Libro del B\u00faho\u00a0es el primer volumen de la saga\u00a0V\u00e1lorix\u00a0y el resultado de m\u00e1s de tres intensos a\u00f1os de trabajo para recrear un fant\u00e1stico mundo inspirado de leyendas locales de Espa\u00f1a. El lector ser\u00e1 transportado a una historia llena de magia y criaturas fant\u00e1sticas que conviven entre nosotros desde milenios sin que lo sepamos.","og_url":"https:\/\/letrame.com\/catalogo\/producto\/el-libro-del-buho\/","og_site_name":"Catalogo | Letrame Grupo Editorial","article_modified_time":"2024-05-15T13:46:00+00:00","og_image":[{"width":1746,"height":2560,"url":"https:\/\/letrame.com\/catalogo\/wp-content\/uploads\/2024\/04\/El-libro-del-buho-scaled-1.webp","type":"image\/webp"}],"twitter_card":"summary_large_image","twitter_misc":{"Tiempo de lectura":"2 minutos"},"schema":{"@context":"https:\/\/schema.org","@graph":[{"@type":"WebPage","@id":"https:\/\/letrame.com\/catalogo\/producto\/el-libro-del-buho\/","url":"https:\/\/letrame.com\/catalogo\/producto\/el-libro-del-buho\/","name":"El libro del b\u00faho - Catalogo | Letrame Grupo Editorial","isPartOf":{"@id":"https:\/\/letrame.com\/catalogo\/#website"},"primaryImageOfPage":{"@id":"https:\/\/letrame.com\/catalogo\/producto\/el-libro-del-buho\/#primaryimage"},"image":{"@id":"https:\/\/letrame.com\/catalogo\/producto\/el-libro-del-buho\/#primaryimage"},"thumbnailUrl":"https:\/\/letrame.com\/catalogo\/wp-content\/uploads\/2024\/04\/El-libro-del-buho-scaled-1.webp","datePublished":"2024-04-29T07:39:20+00:00","dateModified":"2024-05-15T13:46:00+00:00","breadcrumb":{"@id":"https:\/\/letrame.com\/catalogo\/producto\/el-libro-del-buho\/#breadcrumb"},"inLanguage":"es","potentialAction":[{"@type":"ReadAction","target":["https:\/\/letrame.com\/catalogo\/producto\/el-libro-del-buho\/"]}]},{"@type":"ImageObject","inLanguage":"es","@id":"https:\/\/letrame.com\/catalogo\/producto\/el-libro-del-buho\/#primaryimage","url":"https:\/\/letrame.com\/catalogo\/wp-content\/uploads\/2024\/04\/El-libro-del-buho-scaled-1.webp","contentUrl":"https:\/\/letrame.com\/catalogo\/wp-content\/uploads\/2024\/04\/El-libro-del-buho-scaled-1.webp","width":1746,"height":2560},{"@type":"BreadcrumbList","@id":"https:\/\/letrame.com\/catalogo\/producto\/el-libro-del-buho\/#breadcrumb","itemListElement":[{"@type":"ListItem","position":1,"name":"Portada","item":"https:\/\/letrame.com\/catalogo\/"},{"@type":"ListItem","position":2,"name":"Cat\u00e1logo","item":"https:\/\/letrame.com\/catalogo\/"},{"@type":"ListItem","position":3,"name":"El libro del b\u00faho"}]},{"@type":"WebSite","@id":"https:\/\/letrame.com\/catalogo\/#website","url":"https:\/\/letrame.com\/catalogo\/","name":"Catalogo | Letrame Grupo Editorial","description":"","publisher":{"@id":"https:\/\/letrame.com\/catalogo\/#organization"},"potentialAction":[{"@type":"SearchAction","target":{"@type":"EntryPoint","urlTemplate":"https:\/\/letrame.com\/catalogo\/?s={search_term_string}"},"query-input":{"@type":"PropertyValueSpecification","valueRequired":true,"valueName":"search_term_string"}}],"inLanguage":"es"},{"@type":"Organization","@id":"https:\/\/letrame.com\/catalogo\/#organization","name":"Catalogo | Letrame Grupo Editorial","url":"https:\/\/letrame.com\/catalogo\/","logo":{"@type":"ImageObject","inLanguage":"es","@id":"https:\/\/letrame.com\/catalogo\/#\/schema\/logo\/image\/","url":"https:\/\/letrame.com\/catalogo\/wp-content\/uploads\/2024\/03\/logo2.webp","contentUrl":"https:\/\/letrame.com\/catalogo\/wp-content\/uploads\/2024\/03\/logo2.webp","width":394,"height":128,"caption":"Catalogo | Letrame Grupo Editorial"},"image":{"@id":"https:\/\/letrame.com\/catalogo\/#\/schema\/logo\/image\/"}}]}},"_links":{"self":[{"href":"https:\/\/letrame.com\/catalogo\/wp-json\/wp\/v2\/product\/96043","targetHints":{"allow":["GET"]}}],"collection":[{"href":"https:\/\/letrame.com\/catalogo\/wp-json\/wp\/v2\/product"}],"about":[{"href":"https:\/\/letrame.com\/catalogo\/wp-json\/wp\/v2\/types\/product"}],"replies":[{"embeddable":true,"href":"https:\/\/letrame.com\/catalogo\/wp-json\/wp\/v2\/comments?post=96043"}],"acf:post":[{"embeddable":true,"href":"https:\/\/letrame.com\/catalogo\/wp-json\/wp\/v2\/author_book\/74744"}],"wp:featuredmedia":[{"embeddable":true,"href":"https:\/\/letrame.com\/catalogo\/wp-json\/wp\/v2\/media\/100107"}],"wp:attachment":[{"href":"https:\/\/letrame.com\/catalogo\/wp-json\/wp\/v2\/media?parent=96043"}],"wp:term":[{"taxonomy":"libro","embeddable":true,"href":"https:\/\/letrame.com\/catalogo\/wp-json\/wp\/v2\/libro?post=96043"},{"taxonomy":"product_brand","embeddable":true,"href":"https:\/\/letrame.com\/catalogo\/wp-json\/wp\/v2\/product_brand?post=96043"},{"taxonomy":"product_cat","embeddable":true,"href":"https:\/\/letrame.com\/catalogo\/wp-json\/wp\/v2\/product_cat?post=96043"},{"taxonomy":"product_tag","embeddable":true,"href":"https:\/\/letrame.com\/catalogo\/wp-json\/wp\/v2\/product_tag?post=96043"}],"curies":[{"name":"wp","href":"https:\/\/api.w.org\/{rel}","templated":true}]}}