{"id":96019,"date":"2024-04-18T14:27:08","date_gmt":"2024-04-18T12:27:08","guid":{"rendered":"https:\/\/letrame.com\/catalogo\/producto\/apuntes-del-paraiso\/"},"modified":"2024-04-18T14:27:08","modified_gmt":"2024-04-18T12:27:08","slug":"apuntes-del-paraiso","status":"publish","type":"product","link":"https:\/\/letrame.com\/catalogo\/producto\/apuntes-del-paraiso\/","title":{"rendered":"Apuntes del para\u00edso"},"content":{"rendered":"\n<p><strong>ISBN<\/strong>:\u00a0978-84-18512-55-1<\/p>\n\n\n\n<p><strong>T\u00edtulo<\/strong>: Apuntes del para\u00edso<br><strong>Fecha<\/strong>: 2020<br><strong>P\u00e1ginas<\/strong>:\u00a0164<\/p>\n\n\n\n<p><strong>SINOPSIS<\/strong><\/p>\n\n\n\n<p><a>Seg\u00fan cuentan los libros, el Creador dijo para el origen del primer hombre: \u00abHagamos al ser humano a nuestra imagen como semejanza nuestra, y manden en los peces del mar y en las aves de los cielos, y en las bestias y en las alima\u00f1as terrestres, y en las sierpes que serpean por la tierra\u00bb. Hay que aclarar que los \u00e1ngeles escritores del taller literario no estuvieron finos, e incurrieron en un defecto en demas\u00eda, (redundancia) cuando el texto dice: \u2014Hagamos\u2014; este plural, como ellos mismos concluyen, puede indicar una deliberaci\u00f3n de Dios con su corte celestial (los \u00e1ngeles). El verbo mandar, en su tiempo de manden, es contundente. Es decir, en el Cielo exist\u00edan escalafones y, el Gran Jefe, ten\u00eda organigrama para sus infinitas galaxias funcionando cuando mont\u00f3 una sucursal en la Tierra.<\/a><\/p>\n","protected":false},"excerpt":{"rendered":"<p><strong>ISBN: 978-84-18512-55-1<\/strong><\/p>\n<p class=\"CuerpoA\" style=\"tab-stops: 35.4pt; margin: 0cm 1.0cm .0001pt 1.0cm;\">Seg\u00fan cuentan los libros, el Creador dijo para el origen del primer hombre: \u00abHagamos al ser humano a nuestra imagen como semejanza nuestra, y manden en los peces del mar y en las aves de los cielos, y en las bestias y en las alima\u00f1as terrestres, y en las sierpes que serpean por la tierra\u00bb. Hay que aclarar que los \u00e1ngeles escritores del taller literario no estuvieron finos, e incurrieron en un defecto en demas\u00eda, (redundancia) cuando el texto dice: \u2014Hagamos\u2014; este plural, como ellos mismos concluyen, puede indicar una deliberaci\u00f3n de Dios con su corte celestial (los \u00e1ngeles). El verbo mandar, en su tiempo de manden, es contundente. Es decir, en el Cielo exist\u00edan escalafones y, el Gran Jefe, ten\u00eda organigrama para sus infinitas galaxias funcionando cuando mont\u00f3 una sucursal en la Tierra.<\/p>\n<p>&nbsp;<\/p>\n","protected":false},"featured_media":96020,"comment_status":"closed","ping_status":"open","template":"","meta":{"_acf_changed":false},"libro":[],"product_brand":[],"product_cat":[16],"product_tag":[],"class_list":{"0":"post-96019","1":"product","2":"type-product","3":"status-publish","4":"has-post-thumbnail","6":"product_cat-novela","8":"first","9":"instock","10":"product-type-simple"},"acf":{"autor":[74587],"enlace_de_compra":""},"yoast_head":"<!-- This site is optimized with the Yoast SEO plugin v27.4 - https:\/\/yoast.com\/product\/yoast-seo-wordpress\/ -->\n<title>Apuntes del para\u00edso - Catalogo | Letrame Grupo Editorial<\/title>\n<meta name=\"robots\" content=\"index, follow, max-snippet:-1, max-image-preview:large, max-video-preview:-1\" \/>\n<link rel=\"canonical\" href=\"https:\/\/letrame.com\/catalogo\/producto\/apuntes-del-paraiso\/\" \/>\n<meta property=\"og:locale\" content=\"es_ES\" \/>\n<meta property=\"og:type\" content=\"article\" \/>\n<meta property=\"og:title\" content=\"Apuntes del para\u00edso - Catalogo | Letrame Grupo Editorial\" \/>\n<meta property=\"og:description\" content=\"ISBN: 978-84-18512-55-1 Seg\u00fan cuentan los libros, el Creador dijo para el origen del primer hombre: \u00abHagamos al ser humano a nuestra imagen como semejanza nuestra, y manden en los peces del mar y en las aves de los cielos, y en las bestias y en las alima\u00f1as terrestres, y en las sierpes que serpean por la tierra\u00bb. Hay que aclarar que los \u00e1ngeles escritores del taller literario no estuvieron finos, e incurrieron en un defecto en demas\u00eda, (redundancia) cuando el texto dice: \u2014Hagamos\u2014; este plural, como ellos mismos concluyen, puede indicar una deliberaci\u00f3n de Dios con su corte celestial (los \u00e1ngeles). El verbo mandar, en su tiempo de manden, es contundente. Es decir, en el Cielo exist\u00edan escalafones y, el Gran Jefe, ten\u00eda organigrama para sus infinitas galaxias funcionando cuando mont\u00f3 una sucursal en la Tierra. &nbsp;\" \/>\n<meta property=\"og:url\" content=\"https:\/\/letrame.com\/catalogo\/producto\/apuntes-del-paraiso\/\" \/>\n<meta property=\"og:site_name\" content=\"Catalogo | Letrame Grupo Editorial\" \/>\n<meta property=\"og:image\" content=\"https:\/\/letrame.com\/catalogo\/wp-content\/uploads\/2024\/04\/apuntes-del-paraiso-scaled-1.jpg\" \/>\n\t<meta property=\"og:image:width\" content=\"1746\" \/>\n\t<meta property=\"og:image:height\" content=\"2560\" \/>\n\t<meta property=\"og:image:type\" content=\"image\/jpeg\" \/>\n<meta name=\"twitter:card\" content=\"summary_large_image\" \/>\n<meta name=\"twitter:label1\" content=\"Tiempo de lectura\" \/>\n\t<meta name=\"twitter:data1\" content=\"1 minuto\" \/>\n<script type=\"application\/ld+json\" class=\"yoast-schema-graph\">{\"@context\":\"https:\\\/\\\/schema.org\",\"@graph\":[{\"@type\":\"WebPage\",\"@id\":\"https:\\\/\\\/letrame.com\\\/catalogo\\\/producto\\\/apuntes-del-paraiso\\\/\",\"url\":\"https:\\\/\\\/letrame.com\\\/catalogo\\\/producto\\\/apuntes-del-paraiso\\\/\",\"name\":\"Apuntes del para\u00edso - Catalogo | Letrame Grupo Editorial\",\"isPartOf\":{\"@id\":\"https:\\\/\\\/letrame.com\\\/catalogo\\\/#website\"},\"primaryImageOfPage\":{\"@id\":\"https:\\\/\\\/letrame.com\\\/catalogo\\\/producto\\\/apuntes-del-paraiso\\\/#primaryimage\"},\"image\":{\"@id\":\"https:\\\/\\\/letrame.com\\\/catalogo\\\/producto\\\/apuntes-del-paraiso\\\/#primaryimage\"},\"thumbnailUrl\":\"https:\\\/\\\/letrame.com\\\/catalogo\\\/wp-content\\\/uploads\\\/2024\\\/04\\\/apuntes-del-paraiso-scaled-1.jpg\",\"datePublished\":\"2024-04-18T12:27:08+00:00\",\"breadcrumb\":{\"@id\":\"https:\\\/\\\/letrame.com\\\/catalogo\\\/producto\\\/apuntes-del-paraiso\\\/#breadcrumb\"},\"inLanguage\":\"es\",\"potentialAction\":[{\"@type\":\"ReadAction\",\"target\":[\"https:\\\/\\\/letrame.com\\\/catalogo\\\/producto\\\/apuntes-del-paraiso\\\/\"]}]},{\"@type\":\"ImageObject\",\"inLanguage\":\"es\",\"@id\":\"https:\\\/\\\/letrame.com\\\/catalogo\\\/producto\\\/apuntes-del-paraiso\\\/#primaryimage\",\"url\":\"https:\\\/\\\/letrame.com\\\/catalogo\\\/wp-content\\\/uploads\\\/2024\\\/04\\\/apuntes-del-paraiso-scaled-1.jpg\",\"contentUrl\":\"https:\\\/\\\/letrame.com\\\/catalogo\\\/wp-content\\\/uploads\\\/2024\\\/04\\\/apuntes-del-paraiso-scaled-1.jpg\",\"width\":1746,\"height\":2560},{\"@type\":\"BreadcrumbList\",\"@id\":\"https:\\\/\\\/letrame.com\\\/catalogo\\\/producto\\\/apuntes-del-paraiso\\\/#breadcrumb\",\"itemListElement\":[{\"@type\":\"ListItem\",\"position\":1,\"name\":\"Portada\",\"item\":\"https:\\\/\\\/letrame.com\\\/catalogo\\\/\"},{\"@type\":\"ListItem\",\"position\":2,\"name\":\"Cat\u00e1logo\",\"item\":\"https:\\\/\\\/letrame.com\\\/catalogo\\\/\"},{\"@type\":\"ListItem\",\"position\":3,\"name\":\"Apuntes del para\u00edso\"}]},{\"@type\":\"WebSite\",\"@id\":\"https:\\\/\\\/letrame.com\\\/catalogo\\\/#website\",\"url\":\"https:\\\/\\\/letrame.com\\\/catalogo\\\/\",\"name\":\"Catalogo | Letrame Grupo Editorial\",\"description\":\"\",\"publisher\":{\"@id\":\"https:\\\/\\\/letrame.com\\\/catalogo\\\/#organization\"},\"potentialAction\":[{\"@type\":\"SearchAction\",\"target\":{\"@type\":\"EntryPoint\",\"urlTemplate\":\"https:\\\/\\\/letrame.com\\\/catalogo\\\/?s={search_term_string}\"},\"query-input\":{\"@type\":\"PropertyValueSpecification\",\"valueRequired\":true,\"valueName\":\"search_term_string\"}}],\"inLanguage\":\"es\"},{\"@type\":\"Organization\",\"@id\":\"https:\\\/\\\/letrame.com\\\/catalogo\\\/#organization\",\"name\":\"Catalogo | Letrame Grupo Editorial\",\"url\":\"https:\\\/\\\/letrame.com\\\/catalogo\\\/\",\"logo\":{\"@type\":\"ImageObject\",\"inLanguage\":\"es\",\"@id\":\"https:\\\/\\\/letrame.com\\\/catalogo\\\/#\\\/schema\\\/logo\\\/image\\\/\",\"url\":\"https:\\\/\\\/letrame.com\\\/catalogo\\\/wp-content\\\/uploads\\\/2024\\\/03\\\/logo2.webp\",\"contentUrl\":\"https:\\\/\\\/letrame.com\\\/catalogo\\\/wp-content\\\/uploads\\\/2024\\\/03\\\/logo2.webp\",\"width\":394,\"height\":128,\"caption\":\"Catalogo | Letrame Grupo Editorial\"},\"image\":{\"@id\":\"https:\\\/\\\/letrame.com\\\/catalogo\\\/#\\\/schema\\\/logo\\\/image\\\/\"}}]}<\/script>\n<!-- \/ Yoast SEO plugin. -->","yoast_head_json":{"title":"Apuntes del para\u00edso - Catalogo | Letrame Grupo Editorial","robots":{"index":"index","follow":"follow","max-snippet":"max-snippet:-1","max-image-preview":"max-image-preview:large","max-video-preview":"max-video-preview:-1"},"canonical":"https:\/\/letrame.com\/catalogo\/producto\/apuntes-del-paraiso\/","og_locale":"es_ES","og_type":"article","og_title":"Apuntes del para\u00edso - Catalogo | Letrame Grupo Editorial","og_description":"ISBN: 978-84-18512-55-1 Seg\u00fan cuentan los libros, el Creador dijo para el origen del primer hombre: \u00abHagamos al ser humano a nuestra imagen como semejanza nuestra, y manden en los peces del mar y en las aves de los cielos, y en las bestias y en las alima\u00f1as terrestres, y en las sierpes que serpean por la tierra\u00bb. Hay que aclarar que los \u00e1ngeles escritores del taller literario no estuvieron finos, e incurrieron en un defecto en demas\u00eda, (redundancia) cuando el texto dice: \u2014Hagamos\u2014; este plural, como ellos mismos concluyen, puede indicar una deliberaci\u00f3n de Dios con su corte celestial (los \u00e1ngeles). El verbo mandar, en su tiempo de manden, es contundente. Es decir, en el Cielo exist\u00edan escalafones y, el Gran Jefe, ten\u00eda organigrama para sus infinitas galaxias funcionando cuando mont\u00f3 una sucursal en la Tierra. &nbsp;","og_url":"https:\/\/letrame.com\/catalogo\/producto\/apuntes-del-paraiso\/","og_site_name":"Catalogo | Letrame Grupo Editorial","og_image":[{"width":1746,"height":2560,"url":"https:\/\/letrame.com\/catalogo\/wp-content\/uploads\/2024\/04\/apuntes-del-paraiso-scaled-1.jpg","type":"image\/jpeg"}],"twitter_card":"summary_large_image","twitter_misc":{"Tiempo de lectura":"1 minuto"},"schema":{"@context":"https:\/\/schema.org","@graph":[{"@type":"WebPage","@id":"https:\/\/letrame.com\/catalogo\/producto\/apuntes-del-paraiso\/","url":"https:\/\/letrame.com\/catalogo\/producto\/apuntes-del-paraiso\/","name":"Apuntes del para\u00edso - Catalogo | Letrame Grupo Editorial","isPartOf":{"@id":"https:\/\/letrame.com\/catalogo\/#website"},"primaryImageOfPage":{"@id":"https:\/\/letrame.com\/catalogo\/producto\/apuntes-del-paraiso\/#primaryimage"},"image":{"@id":"https:\/\/letrame.com\/catalogo\/producto\/apuntes-del-paraiso\/#primaryimage"},"thumbnailUrl":"https:\/\/letrame.com\/catalogo\/wp-content\/uploads\/2024\/04\/apuntes-del-paraiso-scaled-1.jpg","datePublished":"2024-04-18T12:27:08+00:00","breadcrumb":{"@id":"https:\/\/letrame.com\/catalogo\/producto\/apuntes-del-paraiso\/#breadcrumb"},"inLanguage":"es","potentialAction":[{"@type":"ReadAction","target":["https:\/\/letrame.com\/catalogo\/producto\/apuntes-del-paraiso\/"]}]},{"@type":"ImageObject","inLanguage":"es","@id":"https:\/\/letrame.com\/catalogo\/producto\/apuntes-del-paraiso\/#primaryimage","url":"https:\/\/letrame.com\/catalogo\/wp-content\/uploads\/2024\/04\/apuntes-del-paraiso-scaled-1.jpg","contentUrl":"https:\/\/letrame.com\/catalogo\/wp-content\/uploads\/2024\/04\/apuntes-del-paraiso-scaled-1.jpg","width":1746,"height":2560},{"@type":"BreadcrumbList","@id":"https:\/\/letrame.com\/catalogo\/producto\/apuntes-del-paraiso\/#breadcrumb","itemListElement":[{"@type":"ListItem","position":1,"name":"Portada","item":"https:\/\/letrame.com\/catalogo\/"},{"@type":"ListItem","position":2,"name":"Cat\u00e1logo","item":"https:\/\/letrame.com\/catalogo\/"},{"@type":"ListItem","position":3,"name":"Apuntes del para\u00edso"}]},{"@type":"WebSite","@id":"https:\/\/letrame.com\/catalogo\/#website","url":"https:\/\/letrame.com\/catalogo\/","name":"Catalogo | Letrame Grupo Editorial","description":"","publisher":{"@id":"https:\/\/letrame.com\/catalogo\/#organization"},"potentialAction":[{"@type":"SearchAction","target":{"@type":"EntryPoint","urlTemplate":"https:\/\/letrame.com\/catalogo\/?s={search_term_string}"},"query-input":{"@type":"PropertyValueSpecification","valueRequired":true,"valueName":"search_term_string"}}],"inLanguage":"es"},{"@type":"Organization","@id":"https:\/\/letrame.com\/catalogo\/#organization","name":"Catalogo | Letrame Grupo Editorial","url":"https:\/\/letrame.com\/catalogo\/","logo":{"@type":"ImageObject","inLanguage":"es","@id":"https:\/\/letrame.com\/catalogo\/#\/schema\/logo\/image\/","url":"https:\/\/letrame.com\/catalogo\/wp-content\/uploads\/2024\/03\/logo2.webp","contentUrl":"https:\/\/letrame.com\/catalogo\/wp-content\/uploads\/2024\/03\/logo2.webp","width":394,"height":128,"caption":"Catalogo | Letrame Grupo Editorial"},"image":{"@id":"https:\/\/letrame.com\/catalogo\/#\/schema\/logo\/image\/"}}]}},"_links":{"self":[{"href":"https:\/\/letrame.com\/catalogo\/wp-json\/wp\/v2\/product\/96019","targetHints":{"allow":["GET"]}}],"collection":[{"href":"https:\/\/letrame.com\/catalogo\/wp-json\/wp\/v2\/product"}],"about":[{"href":"https:\/\/letrame.com\/catalogo\/wp-json\/wp\/v2\/types\/product"}],"replies":[{"embeddable":true,"href":"https:\/\/letrame.com\/catalogo\/wp-json\/wp\/v2\/comments?post=96019"}],"acf:post":[{"embeddable":true,"href":"https:\/\/letrame.com\/catalogo\/wp-json\/wp\/v2\/author_book\/74587"}],"wp:featuredmedia":[{"embeddable":true,"href":"https:\/\/letrame.com\/catalogo\/wp-json\/wp\/v2\/media\/96020"}],"wp:attachment":[{"href":"https:\/\/letrame.com\/catalogo\/wp-json\/wp\/v2\/media?parent=96019"}],"wp:term":[{"taxonomy":"libro","embeddable":true,"href":"https:\/\/letrame.com\/catalogo\/wp-json\/wp\/v2\/libro?post=96019"},{"taxonomy":"product_brand","embeddable":true,"href":"https:\/\/letrame.com\/catalogo\/wp-json\/wp\/v2\/product_brand?post=96019"},{"taxonomy":"product_cat","embeddable":true,"href":"https:\/\/letrame.com\/catalogo\/wp-json\/wp\/v2\/product_cat?post=96019"},{"taxonomy":"product_tag","embeddable":true,"href":"https:\/\/letrame.com\/catalogo\/wp-json\/wp\/v2\/product_tag?post=96019"}],"curies":[{"name":"wp","href":"https:\/\/api.w.org\/{rel}","templated":true}]}}