{"id":96016,"date":"2024-04-18T14:25:07","date_gmt":"2024-04-18T12:25:07","guid":{"rendered":"https:\/\/letrame.com\/catalogo\/producto\/365-dias-sin-ti\/"},"modified":"2024-05-15T15:47:43","modified_gmt":"2024-05-15T13:47:43","slug":"365-dias-sin-ti","status":"publish","type":"product","link":"https:\/\/letrame.com\/catalogo\/producto\/365-dias-sin-ti\/","title":{"rendered":"365 d\u00edas sin ti"},"content":{"rendered":"\r\n<p><strong>ISBN<\/strong>:\u00a0978-84-18468-17-9<\/p>\r\n\r\n\r\n\r\n<p><strong>T\u00edtulo<\/strong>: 365 d\u00edas sin ti<br \/><strong>Fecha<\/strong>: 2020<br \/><strong>P\u00e1ginas<\/strong>:\u00a0240<\/p>\r\n\r\n\r\n\r\n<p><strong>SINOPSIS<\/strong><\/p>\r\n\r\n\r\n\r\n<p>La p\u00e9rdida de un ser querido es un suceso muy doloroso, que obliga a que el doliente realice una reflexi\u00f3n personal acerca de la vida, la muerte y todos los \u00e1mbitos de su persona, para lograr su recuperaci\u00f3n.<br \/>Este libro acompa\u00f1a a la persona durante este proceso doloroso, a la vez que la implica activamente, a trav\u00e9s de ejercicios diarios, para que se comprometa con su recuperaci\u00f3n. Ayuda a que la persona sea consciente de su proceso de transformaci\u00f3n d\u00eda a d\u00eda.<br \/>Aporta una propuesta organizada para recorrer las diferentes etapas y tareas del duelo, abordando las principales problem\u00e1ticas que acontecen en cada una de ellas.<br \/>Si bien es un libro pr\u00e1ctico, aporta conceptos te\u00f3ricos que contribuyen a la comprensi\u00f3n del proceso personal que cada doliente lleva a cabo.<br \/>No intenta sustituir un trabajo terap\u00e9utico. Es un acompa\u00f1amiento durante el proceso normal de duelo y, puede ser utilizado como complemento de una intervenci\u00f3n psicol\u00f3gica de asistencia en duelo.<\/p>\r\n","protected":false},"excerpt":{"rendered":"<p><strong>ISBN: 978-84-18468-17-9<\/strong><\/p>\n<p>&nbsp;<\/p>\n<p>La p\u00e9rdida de un ser querido es un suceso muy doloroso, que obliga a que el doliente realice una reflexi\u00f3n personal acerca de la vida, la muerte y todos los \u00e1mbitos de su persona, para lograr su recuperaci\u00f3n.<br data-rich-text-line-break=\"true\" \/>Este libro acompa\u00f1a a la persona durante este proceso doloroso, a la vez que la implica activamente, a trav\u00e9s de ejercicios diarios, para que se comprometa con su recuperaci\u00f3n. Ayuda a que la persona sea consciente de su proceso de transformaci\u00f3n d\u00eda a d\u00eda.<br data-rich-text-line-break=\"true\" \/>Aporta una propuesta organizada para recorrer las diferentes etapas y tareas del duelo, abordando las principales problem\u00e1ticas que acontecen en cada una de ellas.<br data-rich-text-line-break=\"true\" \/>Si bien es un libro pr\u00e1ctico, aporta conceptos te\u00f3ricos que contribuyen a la comprensi\u00f3n del proceso personal que cada doliente lleva a cabo.<br data-rich-text-line-break=\"true\" \/>No intenta sustituir un trabajo terap\u00e9utico. Es un acompa\u00f1amiento durante el proceso normal de duelo y, puede ser utilizado como complemento de una intervenci\u00f3n psicol\u00f3gica de asistencia en duelo.<\/p>\n","protected":false},"featured_media":100114,"comment_status":"closed","ping_status":"closed","template":"","meta":{"_acf_changed":false},"libro":[],"product_brand":[],"product_cat":[18,21],"product_tag":[],"class_list":{"0":"post-96016","1":"product","2":"type-product","3":"status-publish","4":"has-post-thumbnail","6":"product_cat-autoayuda","7":"product_cat-relato","9":"first","10":"instock","11":"purchasable","12":"product-type-simple"},"acf":{"autor":[74726],"enlace_de_compra":"https:\/\/www.paypal.com\/cgi-bin\/webscr?cmd=_s-xclick&amp;hosted_button_id=STSD3UEV7F2M6"},"yoast_head":"<!-- This site is optimized with the Yoast SEO plugin v27.4 - https:\/\/yoast.com\/product\/yoast-seo-wordpress\/ -->\n<title>365 d\u00edas sin ti - Catalogo | Letrame Grupo Editorial<\/title>\n<meta name=\"robots\" content=\"index, follow, max-snippet:-1, max-image-preview:large, max-video-preview:-1\" \/>\n<link rel=\"canonical\" href=\"https:\/\/letrame.com\/catalogo\/producto\/365-dias-sin-ti\/\" \/>\n<meta property=\"og:locale\" content=\"es_ES\" \/>\n<meta property=\"og:type\" content=\"article\" \/>\n<meta property=\"og:title\" content=\"365 d\u00edas sin ti - Catalogo | Letrame Grupo Editorial\" \/>\n<meta property=\"og:description\" content=\"ISBN: 978-84-18468-17-9 &nbsp; La p\u00e9rdida de un ser querido es un suceso muy doloroso, que obliga a que el doliente realice una reflexi\u00f3n personal acerca de la vida, la muerte y todos los \u00e1mbitos de su persona, para lograr su recuperaci\u00f3n.Este libro acompa\u00f1a a la persona durante este proceso doloroso, a la vez que la implica activamente, a trav\u00e9s de ejercicios diarios, para que se comprometa con su recuperaci\u00f3n. Ayuda a que la persona sea consciente de su proceso de transformaci\u00f3n d\u00eda a d\u00eda.Aporta una propuesta organizada para recorrer las diferentes etapas y tareas del duelo, abordando las principales problem\u00e1ticas que acontecen en cada una de ellas.Si bien es un libro pr\u00e1ctico, aporta conceptos te\u00f3ricos que contribuyen a la comprensi\u00f3n del proceso personal que cada doliente lleva a cabo.No intenta sustituir un trabajo terap\u00e9utico. Es un acompa\u00f1amiento durante el proceso normal de duelo y, puede ser utilizado como complemento de una intervenci\u00f3n psicol\u00f3gica de asistencia en duelo.\" \/>\n<meta property=\"og:url\" content=\"https:\/\/letrame.com\/catalogo\/producto\/365-dias-sin-ti\/\" \/>\n<meta property=\"og:site_name\" content=\"Catalogo | Letrame Grupo Editorial\" \/>\n<meta property=\"article:modified_time\" content=\"2024-05-15T13:47:43+00:00\" \/>\n<meta property=\"og:image\" content=\"https:\/\/letrame.com\/catalogo\/wp-content\/uploads\/2024\/04\/365-dias-sin-ti-scaled-1.webp\" \/>\n\t<meta property=\"og:image:width\" content=\"1813\" \/>\n\t<meta property=\"og:image:height\" content=\"2560\" \/>\n\t<meta property=\"og:image:type\" content=\"image\/webp\" \/>\n<meta name=\"twitter:card\" content=\"summary_large_image\" \/>\n<meta name=\"twitter:label1\" content=\"Tiempo de lectura\" \/>\n\t<meta name=\"twitter:data1\" content=\"1 minuto\" \/>\n<script type=\"application\/ld+json\" class=\"yoast-schema-graph\">{\"@context\":\"https:\\\/\\\/schema.org\",\"@graph\":[{\"@type\":\"WebPage\",\"@id\":\"https:\\\/\\\/letrame.com\\\/catalogo\\\/producto\\\/365-dias-sin-ti\\\/\",\"url\":\"https:\\\/\\\/letrame.com\\\/catalogo\\\/producto\\\/365-dias-sin-ti\\\/\",\"name\":\"365 d\u00edas sin ti - Catalogo | Letrame Grupo Editorial\",\"isPartOf\":{\"@id\":\"https:\\\/\\\/letrame.com\\\/catalogo\\\/#website\"},\"primaryImageOfPage\":{\"@id\":\"https:\\\/\\\/letrame.com\\\/catalogo\\\/producto\\\/365-dias-sin-ti\\\/#primaryimage\"},\"image\":{\"@id\":\"https:\\\/\\\/letrame.com\\\/catalogo\\\/producto\\\/365-dias-sin-ti\\\/#primaryimage\"},\"thumbnailUrl\":\"https:\\\/\\\/letrame.com\\\/catalogo\\\/wp-content\\\/uploads\\\/2024\\\/04\\\/365-dias-sin-ti-scaled-1.webp\",\"datePublished\":\"2024-04-18T12:25:07+00:00\",\"dateModified\":\"2024-05-15T13:47:43+00:00\",\"breadcrumb\":{\"@id\":\"https:\\\/\\\/letrame.com\\\/catalogo\\\/producto\\\/365-dias-sin-ti\\\/#breadcrumb\"},\"inLanguage\":\"es\",\"potentialAction\":[{\"@type\":\"ReadAction\",\"target\":[\"https:\\\/\\\/letrame.com\\\/catalogo\\\/producto\\\/365-dias-sin-ti\\\/\"]}]},{\"@type\":\"ImageObject\",\"inLanguage\":\"es\",\"@id\":\"https:\\\/\\\/letrame.com\\\/catalogo\\\/producto\\\/365-dias-sin-ti\\\/#primaryimage\",\"url\":\"https:\\\/\\\/letrame.com\\\/catalogo\\\/wp-content\\\/uploads\\\/2024\\\/04\\\/365-dias-sin-ti-scaled-1.webp\",\"contentUrl\":\"https:\\\/\\\/letrame.com\\\/catalogo\\\/wp-content\\\/uploads\\\/2024\\\/04\\\/365-dias-sin-ti-scaled-1.webp\",\"width\":1813,\"height\":2560},{\"@type\":\"BreadcrumbList\",\"@id\":\"https:\\\/\\\/letrame.com\\\/catalogo\\\/producto\\\/365-dias-sin-ti\\\/#breadcrumb\",\"itemListElement\":[{\"@type\":\"ListItem\",\"position\":1,\"name\":\"Portada\",\"item\":\"https:\\\/\\\/letrame.com\\\/catalogo\\\/\"},{\"@type\":\"ListItem\",\"position\":2,\"name\":\"Cat\u00e1logo\",\"item\":\"https:\\\/\\\/letrame.com\\\/catalogo\\\/\"},{\"@type\":\"ListItem\",\"position\":3,\"name\":\"365 d\u00edas sin ti\"}]},{\"@type\":\"WebSite\",\"@id\":\"https:\\\/\\\/letrame.com\\\/catalogo\\\/#website\",\"url\":\"https:\\\/\\\/letrame.com\\\/catalogo\\\/\",\"name\":\"Catalogo | Letrame Grupo Editorial\",\"description\":\"\",\"publisher\":{\"@id\":\"https:\\\/\\\/letrame.com\\\/catalogo\\\/#organization\"},\"potentialAction\":[{\"@type\":\"SearchAction\",\"target\":{\"@type\":\"EntryPoint\",\"urlTemplate\":\"https:\\\/\\\/letrame.com\\\/catalogo\\\/?s={search_term_string}\"},\"query-input\":{\"@type\":\"PropertyValueSpecification\",\"valueRequired\":true,\"valueName\":\"search_term_string\"}}],\"inLanguage\":\"es\"},{\"@type\":\"Organization\",\"@id\":\"https:\\\/\\\/letrame.com\\\/catalogo\\\/#organization\",\"name\":\"Catalogo | Letrame Grupo Editorial\",\"url\":\"https:\\\/\\\/letrame.com\\\/catalogo\\\/\",\"logo\":{\"@type\":\"ImageObject\",\"inLanguage\":\"es\",\"@id\":\"https:\\\/\\\/letrame.com\\\/catalogo\\\/#\\\/schema\\\/logo\\\/image\\\/\",\"url\":\"https:\\\/\\\/letrame.com\\\/catalogo\\\/wp-content\\\/uploads\\\/2024\\\/03\\\/logo2.webp\",\"contentUrl\":\"https:\\\/\\\/letrame.com\\\/catalogo\\\/wp-content\\\/uploads\\\/2024\\\/03\\\/logo2.webp\",\"width\":394,\"height\":128,\"caption\":\"Catalogo | Letrame Grupo Editorial\"},\"image\":{\"@id\":\"https:\\\/\\\/letrame.com\\\/catalogo\\\/#\\\/schema\\\/logo\\\/image\\\/\"}}]}<\/script>\n<!-- \/ Yoast SEO plugin. -->","yoast_head_json":{"title":"365 d\u00edas sin ti - Catalogo | Letrame Grupo Editorial","robots":{"index":"index","follow":"follow","max-snippet":"max-snippet:-1","max-image-preview":"max-image-preview:large","max-video-preview":"max-video-preview:-1"},"canonical":"https:\/\/letrame.com\/catalogo\/producto\/365-dias-sin-ti\/","og_locale":"es_ES","og_type":"article","og_title":"365 d\u00edas sin ti - Catalogo | Letrame Grupo Editorial","og_description":"ISBN: 978-84-18468-17-9 &nbsp; La p\u00e9rdida de un ser querido es un suceso muy doloroso, que obliga a que el doliente realice una reflexi\u00f3n personal acerca de la vida, la muerte y todos los \u00e1mbitos de su persona, para lograr su recuperaci\u00f3n.Este libro acompa\u00f1a a la persona durante este proceso doloroso, a la vez que la implica activamente, a trav\u00e9s de ejercicios diarios, para que se comprometa con su recuperaci\u00f3n. Ayuda a que la persona sea consciente de su proceso de transformaci\u00f3n d\u00eda a d\u00eda.Aporta una propuesta organizada para recorrer las diferentes etapas y tareas del duelo, abordando las principales problem\u00e1ticas que acontecen en cada una de ellas.Si bien es un libro pr\u00e1ctico, aporta conceptos te\u00f3ricos que contribuyen a la comprensi\u00f3n del proceso personal que cada doliente lleva a cabo.No intenta sustituir un trabajo terap\u00e9utico. Es un acompa\u00f1amiento durante el proceso normal de duelo y, puede ser utilizado como complemento de una intervenci\u00f3n psicol\u00f3gica de asistencia en duelo.","og_url":"https:\/\/letrame.com\/catalogo\/producto\/365-dias-sin-ti\/","og_site_name":"Catalogo | Letrame Grupo Editorial","article_modified_time":"2024-05-15T13:47:43+00:00","og_image":[{"width":1813,"height":2560,"url":"https:\/\/letrame.com\/catalogo\/wp-content\/uploads\/2024\/04\/365-dias-sin-ti-scaled-1.webp","type":"image\/webp"}],"twitter_card":"summary_large_image","twitter_misc":{"Tiempo de lectura":"1 minuto"},"schema":{"@context":"https:\/\/schema.org","@graph":[{"@type":"WebPage","@id":"https:\/\/letrame.com\/catalogo\/producto\/365-dias-sin-ti\/","url":"https:\/\/letrame.com\/catalogo\/producto\/365-dias-sin-ti\/","name":"365 d\u00edas sin ti - Catalogo | Letrame Grupo Editorial","isPartOf":{"@id":"https:\/\/letrame.com\/catalogo\/#website"},"primaryImageOfPage":{"@id":"https:\/\/letrame.com\/catalogo\/producto\/365-dias-sin-ti\/#primaryimage"},"image":{"@id":"https:\/\/letrame.com\/catalogo\/producto\/365-dias-sin-ti\/#primaryimage"},"thumbnailUrl":"https:\/\/letrame.com\/catalogo\/wp-content\/uploads\/2024\/04\/365-dias-sin-ti-scaled-1.webp","datePublished":"2024-04-18T12:25:07+00:00","dateModified":"2024-05-15T13:47:43+00:00","breadcrumb":{"@id":"https:\/\/letrame.com\/catalogo\/producto\/365-dias-sin-ti\/#breadcrumb"},"inLanguage":"es","potentialAction":[{"@type":"ReadAction","target":["https:\/\/letrame.com\/catalogo\/producto\/365-dias-sin-ti\/"]}]},{"@type":"ImageObject","inLanguage":"es","@id":"https:\/\/letrame.com\/catalogo\/producto\/365-dias-sin-ti\/#primaryimage","url":"https:\/\/letrame.com\/catalogo\/wp-content\/uploads\/2024\/04\/365-dias-sin-ti-scaled-1.webp","contentUrl":"https:\/\/letrame.com\/catalogo\/wp-content\/uploads\/2024\/04\/365-dias-sin-ti-scaled-1.webp","width":1813,"height":2560},{"@type":"BreadcrumbList","@id":"https:\/\/letrame.com\/catalogo\/producto\/365-dias-sin-ti\/#breadcrumb","itemListElement":[{"@type":"ListItem","position":1,"name":"Portada","item":"https:\/\/letrame.com\/catalogo\/"},{"@type":"ListItem","position":2,"name":"Cat\u00e1logo","item":"https:\/\/letrame.com\/catalogo\/"},{"@type":"ListItem","position":3,"name":"365 d\u00edas sin ti"}]},{"@type":"WebSite","@id":"https:\/\/letrame.com\/catalogo\/#website","url":"https:\/\/letrame.com\/catalogo\/","name":"Catalogo | Letrame Grupo Editorial","description":"","publisher":{"@id":"https:\/\/letrame.com\/catalogo\/#organization"},"potentialAction":[{"@type":"SearchAction","target":{"@type":"EntryPoint","urlTemplate":"https:\/\/letrame.com\/catalogo\/?s={search_term_string}"},"query-input":{"@type":"PropertyValueSpecification","valueRequired":true,"valueName":"search_term_string"}}],"inLanguage":"es"},{"@type":"Organization","@id":"https:\/\/letrame.com\/catalogo\/#organization","name":"Catalogo | Letrame Grupo Editorial","url":"https:\/\/letrame.com\/catalogo\/","logo":{"@type":"ImageObject","inLanguage":"es","@id":"https:\/\/letrame.com\/catalogo\/#\/schema\/logo\/image\/","url":"https:\/\/letrame.com\/catalogo\/wp-content\/uploads\/2024\/03\/logo2.webp","contentUrl":"https:\/\/letrame.com\/catalogo\/wp-content\/uploads\/2024\/03\/logo2.webp","width":394,"height":128,"caption":"Catalogo | Letrame Grupo Editorial"},"image":{"@id":"https:\/\/letrame.com\/catalogo\/#\/schema\/logo\/image\/"}}]}},"_links":{"self":[{"href":"https:\/\/letrame.com\/catalogo\/wp-json\/wp\/v2\/product\/96016","targetHints":{"allow":["GET"]}}],"collection":[{"href":"https:\/\/letrame.com\/catalogo\/wp-json\/wp\/v2\/product"}],"about":[{"href":"https:\/\/letrame.com\/catalogo\/wp-json\/wp\/v2\/types\/product"}],"replies":[{"embeddable":true,"href":"https:\/\/letrame.com\/catalogo\/wp-json\/wp\/v2\/comments?post=96016"}],"acf:post":[{"embeddable":true,"href":"https:\/\/letrame.com\/catalogo\/wp-json\/wp\/v2\/author_book\/74726"}],"wp:featuredmedia":[{"embeddable":true,"href":"https:\/\/letrame.com\/catalogo\/wp-json\/wp\/v2\/media\/100114"}],"wp:attachment":[{"href":"https:\/\/letrame.com\/catalogo\/wp-json\/wp\/v2\/media?parent=96016"}],"wp:term":[{"taxonomy":"libro","embeddable":true,"href":"https:\/\/letrame.com\/catalogo\/wp-json\/wp\/v2\/libro?post=96016"},{"taxonomy":"product_brand","embeddable":true,"href":"https:\/\/letrame.com\/catalogo\/wp-json\/wp\/v2\/product_brand?post=96016"},{"taxonomy":"product_cat","embeddable":true,"href":"https:\/\/letrame.com\/catalogo\/wp-json\/wp\/v2\/product_cat?post=96016"},{"taxonomy":"product_tag","embeddable":true,"href":"https:\/\/letrame.com\/catalogo\/wp-json\/wp\/v2\/product_tag?post=96016"}],"curies":[{"name":"wp","href":"https:\/\/api.w.org\/{rel}","templated":true}]}}