{"id":96014,"date":"2024-04-18T14:25:07","date_gmt":"2024-04-18T12:25:07","guid":{"rendered":"https:\/\/letrame.com\/catalogo\/producto\/7-relatos-sobre-extranjeros\/"},"modified":"2024-04-18T14:25:08","modified_gmt":"2024-04-18T12:25:08","slug":"7-relatos-sobre-extranjeros","status":"publish","type":"product","link":"https:\/\/letrame.com\/catalogo\/producto\/7-relatos-sobre-extranjeros\/","title":{"rendered":"7 Relatos sobre extranjeros"},"content":{"rendered":"\n<p><strong>ISBN<\/strong>:\u00a0978-84-18362-48-4<\/p>\n\n\n\n<p><strong>T\u00edtulo<\/strong>: 7 Relatos sobre extranjeros<br><strong>Fecha<\/strong>: 2020<br><strong>P\u00e1ginas<\/strong>:\u00a0128<\/p>\n\n\n\n<p><strong>SINOPSIS<\/strong><\/p>\n\n\n\n<p>En estos breves relatos quiero mostrar esta realidad. Escribo sobre las p\u00e9rdidas, sobre ese duelo parcial, m\u00faltiple y recurrente que nos acompa\u00f1a a lo largo de nuestra permanencia en un pa\u00eds donde no nacimos. Las dificultades del idioma, los proyectos de vida truncados, la b\u00fasqueda de un lugar que nos acepte, los problemas para encontrar trabajo, la p\u00e9rdida de lo importante\u2026 el racismo\u2026 en estos relatos encontraras esta problem\u00e1tica que rodea a la migraci\u00f3n.<\/p>\n","protected":false},"excerpt":{"rendered":"<p><strong>ISBN: 978-84-18362-48-4<\/strong><\/p>\n<p>En estos breves relatos quiero mostrar esta realidad. Escribo sobre las p\u00e9rdidas, sobre ese duelo parcial, m\u00faltiple y recurrente que nos acompa\u00f1a a lo largo de nuestra permanencia en un pa\u00eds donde no nacimos. Las dificultades del idioma, los proyectos de vida truncados, la b\u00fasqueda de un lugar que nos acepte, los problemas para encontrar trabajo, la p\u00e9rdida de lo importante\u2026 el racismo\u2026 en estos relatos encontraras esta problem\u00e1tica que rodea a la migraci\u00f3n.<\/p>\n","protected":false},"featured_media":96015,"comment_status":"closed","ping_status":"open","template":"","meta":{"_acf_changed":false},"libro":[],"product_brand":[],"product_cat":[21],"product_tag":[],"class_list":{"0":"post-96014","1":"product","2":"type-product","3":"status-publish","4":"has-post-thumbnail","6":"product_cat-relato","8":"first","9":"instock","10":"product-type-simple"},"acf":{"autor":[74725],"enlace_de_compra":""},"yoast_head":"<!-- This site is optimized with the Yoast SEO plugin v26.6 - https:\/\/yoast.com\/wordpress\/plugins\/seo\/ -->\n<title>7 Relatos sobre extranjeros - Catalogo | Letrame Grupo Editorial<\/title>\n<meta name=\"robots\" content=\"index, follow, max-snippet:-1, max-image-preview:large, max-video-preview:-1\" \/>\n<link rel=\"canonical\" href=\"https:\/\/letrame.com\/catalogo\/producto\/7-relatos-sobre-extranjeros\/\" \/>\n<meta property=\"og:locale\" content=\"es_ES\" \/>\n<meta property=\"og:type\" content=\"article\" \/>\n<meta property=\"og:title\" content=\"7 Relatos sobre extranjeros - Catalogo | Letrame Grupo Editorial\" \/>\n<meta property=\"og:description\" content=\"ISBN: 978-84-18362-48-4 En estos breves relatos quiero mostrar esta realidad. Escribo sobre las p\u00e9rdidas, sobre ese duelo parcial, m\u00faltiple y recurrente que nos acompa\u00f1a a lo largo de nuestra permanencia en un pa\u00eds donde no nacimos. Las dificultades del idioma, los proyectos de vida truncados, la b\u00fasqueda de un lugar que nos acepte, los problemas para encontrar trabajo, la p\u00e9rdida de lo importante\u2026 el racismo\u2026 en estos relatos encontraras esta problem\u00e1tica que rodea a la migraci\u00f3n.\" \/>\n<meta property=\"og:url\" content=\"https:\/\/letrame.com\/catalogo\/producto\/7-relatos-sobre-extranjeros\/\" \/>\n<meta property=\"og:site_name\" content=\"Catalogo | Letrame Grupo Editorial\" \/>\n<meta property=\"article:modified_time\" content=\"2024-04-18T12:25:08+00:00\" \/>\n<meta property=\"og:image\" content=\"https:\/\/letrame.com\/catalogo\/wp-content\/uploads\/2024\/04\/7-relatos-sobre-extranjeros-scaled-1.jpg\" \/>\n\t<meta property=\"og:image:width\" content=\"1746\" \/>\n\t<meta property=\"og:image:height\" content=\"2560\" \/>\n\t<meta property=\"og:image:type\" content=\"image\/jpeg\" \/>\n<meta name=\"twitter:card\" content=\"summary_large_image\" \/>\n<script type=\"application\/ld+json\" class=\"yoast-schema-graph\">{\"@context\":\"https:\/\/schema.org\",\"@graph\":[{\"@type\":\"WebPage\",\"@id\":\"https:\/\/letrame.com\/catalogo\/producto\/7-relatos-sobre-extranjeros\/\",\"url\":\"https:\/\/letrame.com\/catalogo\/producto\/7-relatos-sobre-extranjeros\/\",\"name\":\"7 Relatos sobre extranjeros - Catalogo | Letrame Grupo Editorial\",\"isPartOf\":{\"@id\":\"https:\/\/letrame.com\/catalogo\/#website\"},\"primaryImageOfPage\":{\"@id\":\"https:\/\/letrame.com\/catalogo\/producto\/7-relatos-sobre-extranjeros\/#primaryimage\"},\"image\":{\"@id\":\"https:\/\/letrame.com\/catalogo\/producto\/7-relatos-sobre-extranjeros\/#primaryimage\"},\"thumbnailUrl\":\"https:\/\/letrame.com\/catalogo\/wp-content\/uploads\/2024\/04\/7-relatos-sobre-extranjeros-scaled-1.jpg\",\"datePublished\":\"2024-04-18T12:25:07+00:00\",\"dateModified\":\"2024-04-18T12:25:08+00:00\",\"breadcrumb\":{\"@id\":\"https:\/\/letrame.com\/catalogo\/producto\/7-relatos-sobre-extranjeros\/#breadcrumb\"},\"inLanguage\":\"es\",\"potentialAction\":[{\"@type\":\"ReadAction\",\"target\":[\"https:\/\/letrame.com\/catalogo\/producto\/7-relatos-sobre-extranjeros\/\"]}]},{\"@type\":\"ImageObject\",\"inLanguage\":\"es\",\"@id\":\"https:\/\/letrame.com\/catalogo\/producto\/7-relatos-sobre-extranjeros\/#primaryimage\",\"url\":\"https:\/\/letrame.com\/catalogo\/wp-content\/uploads\/2024\/04\/7-relatos-sobre-extranjeros-scaled-1.jpg\",\"contentUrl\":\"https:\/\/letrame.com\/catalogo\/wp-content\/uploads\/2024\/04\/7-relatos-sobre-extranjeros-scaled-1.jpg\",\"width\":1746,\"height\":2560},{\"@type\":\"BreadcrumbList\",\"@id\":\"https:\/\/letrame.com\/catalogo\/producto\/7-relatos-sobre-extranjeros\/#breadcrumb\",\"itemListElement\":[{\"@type\":\"ListItem\",\"position\":1,\"name\":\"Portada\",\"item\":\"https:\/\/letrame.com\/catalogo\/\"},{\"@type\":\"ListItem\",\"position\":2,\"name\":\"Cat\u00e1logo\",\"item\":\"https:\/\/letrame.com\/catalogo\/\"},{\"@type\":\"ListItem\",\"position\":3,\"name\":\"7 Relatos sobre extranjeros\"}]},{\"@type\":\"WebSite\",\"@id\":\"https:\/\/letrame.com\/catalogo\/#website\",\"url\":\"https:\/\/letrame.com\/catalogo\/\",\"name\":\"Catalogo | Letrame Grupo Editorial\",\"description\":\"\",\"publisher\":{\"@id\":\"https:\/\/letrame.com\/catalogo\/#organization\"},\"potentialAction\":[{\"@type\":\"SearchAction\",\"target\":{\"@type\":\"EntryPoint\",\"urlTemplate\":\"https:\/\/letrame.com\/catalogo\/?s={search_term_string}\"},\"query-input\":{\"@type\":\"PropertyValueSpecification\",\"valueRequired\":true,\"valueName\":\"search_term_string\"}}],\"inLanguage\":\"es\"},{\"@type\":\"Organization\",\"@id\":\"https:\/\/letrame.com\/catalogo\/#organization\",\"name\":\"Catalogo | Letrame Grupo Editorial\",\"url\":\"https:\/\/letrame.com\/catalogo\/\",\"logo\":{\"@type\":\"ImageObject\",\"inLanguage\":\"es\",\"@id\":\"https:\/\/letrame.com\/catalogo\/#\/schema\/logo\/image\/\",\"url\":\"https:\/\/letrame.com\/catalogo\/wp-content\/uploads\/2024\/03\/logo2.webp\",\"contentUrl\":\"https:\/\/letrame.com\/catalogo\/wp-content\/uploads\/2024\/03\/logo2.webp\",\"width\":394,\"height\":128,\"caption\":\"Catalogo | Letrame Grupo Editorial\"},\"image\":{\"@id\":\"https:\/\/letrame.com\/catalogo\/#\/schema\/logo\/image\/\"}}]}<\/script>\n<!-- \/ Yoast SEO plugin. -->","yoast_head_json":{"title":"7 Relatos sobre extranjeros - Catalogo | Letrame Grupo Editorial","robots":{"index":"index","follow":"follow","max-snippet":"max-snippet:-1","max-image-preview":"max-image-preview:large","max-video-preview":"max-video-preview:-1"},"canonical":"https:\/\/letrame.com\/catalogo\/producto\/7-relatos-sobre-extranjeros\/","og_locale":"es_ES","og_type":"article","og_title":"7 Relatos sobre extranjeros - Catalogo | Letrame Grupo Editorial","og_description":"ISBN: 978-84-18362-48-4 En estos breves relatos quiero mostrar esta realidad. Escribo sobre las p\u00e9rdidas, sobre ese duelo parcial, m\u00faltiple y recurrente que nos acompa\u00f1a a lo largo de nuestra permanencia en un pa\u00eds donde no nacimos. Las dificultades del idioma, los proyectos de vida truncados, la b\u00fasqueda de un lugar que nos acepte, los problemas para encontrar trabajo, la p\u00e9rdida de lo importante\u2026 el racismo\u2026 en estos relatos encontraras esta problem\u00e1tica que rodea a la migraci\u00f3n.","og_url":"https:\/\/letrame.com\/catalogo\/producto\/7-relatos-sobre-extranjeros\/","og_site_name":"Catalogo | Letrame Grupo Editorial","article_modified_time":"2024-04-18T12:25:08+00:00","og_image":[{"width":1746,"height":2560,"url":"https:\/\/letrame.com\/catalogo\/wp-content\/uploads\/2024\/04\/7-relatos-sobre-extranjeros-scaled-1.jpg","type":"image\/jpeg"}],"twitter_card":"summary_large_image","schema":{"@context":"https:\/\/schema.org","@graph":[{"@type":"WebPage","@id":"https:\/\/letrame.com\/catalogo\/producto\/7-relatos-sobre-extranjeros\/","url":"https:\/\/letrame.com\/catalogo\/producto\/7-relatos-sobre-extranjeros\/","name":"7 Relatos sobre extranjeros - Catalogo | Letrame Grupo Editorial","isPartOf":{"@id":"https:\/\/letrame.com\/catalogo\/#website"},"primaryImageOfPage":{"@id":"https:\/\/letrame.com\/catalogo\/producto\/7-relatos-sobre-extranjeros\/#primaryimage"},"image":{"@id":"https:\/\/letrame.com\/catalogo\/producto\/7-relatos-sobre-extranjeros\/#primaryimage"},"thumbnailUrl":"https:\/\/letrame.com\/catalogo\/wp-content\/uploads\/2024\/04\/7-relatos-sobre-extranjeros-scaled-1.jpg","datePublished":"2024-04-18T12:25:07+00:00","dateModified":"2024-04-18T12:25:08+00:00","breadcrumb":{"@id":"https:\/\/letrame.com\/catalogo\/producto\/7-relatos-sobre-extranjeros\/#breadcrumb"},"inLanguage":"es","potentialAction":[{"@type":"ReadAction","target":["https:\/\/letrame.com\/catalogo\/producto\/7-relatos-sobre-extranjeros\/"]}]},{"@type":"ImageObject","inLanguage":"es","@id":"https:\/\/letrame.com\/catalogo\/producto\/7-relatos-sobre-extranjeros\/#primaryimage","url":"https:\/\/letrame.com\/catalogo\/wp-content\/uploads\/2024\/04\/7-relatos-sobre-extranjeros-scaled-1.jpg","contentUrl":"https:\/\/letrame.com\/catalogo\/wp-content\/uploads\/2024\/04\/7-relatos-sobre-extranjeros-scaled-1.jpg","width":1746,"height":2560},{"@type":"BreadcrumbList","@id":"https:\/\/letrame.com\/catalogo\/producto\/7-relatos-sobre-extranjeros\/#breadcrumb","itemListElement":[{"@type":"ListItem","position":1,"name":"Portada","item":"https:\/\/letrame.com\/catalogo\/"},{"@type":"ListItem","position":2,"name":"Cat\u00e1logo","item":"https:\/\/letrame.com\/catalogo\/"},{"@type":"ListItem","position":3,"name":"7 Relatos sobre extranjeros"}]},{"@type":"WebSite","@id":"https:\/\/letrame.com\/catalogo\/#website","url":"https:\/\/letrame.com\/catalogo\/","name":"Catalogo | Letrame Grupo Editorial","description":"","publisher":{"@id":"https:\/\/letrame.com\/catalogo\/#organization"},"potentialAction":[{"@type":"SearchAction","target":{"@type":"EntryPoint","urlTemplate":"https:\/\/letrame.com\/catalogo\/?s={search_term_string}"},"query-input":{"@type":"PropertyValueSpecification","valueRequired":true,"valueName":"search_term_string"}}],"inLanguage":"es"},{"@type":"Organization","@id":"https:\/\/letrame.com\/catalogo\/#organization","name":"Catalogo | Letrame Grupo Editorial","url":"https:\/\/letrame.com\/catalogo\/","logo":{"@type":"ImageObject","inLanguage":"es","@id":"https:\/\/letrame.com\/catalogo\/#\/schema\/logo\/image\/","url":"https:\/\/letrame.com\/catalogo\/wp-content\/uploads\/2024\/03\/logo2.webp","contentUrl":"https:\/\/letrame.com\/catalogo\/wp-content\/uploads\/2024\/03\/logo2.webp","width":394,"height":128,"caption":"Catalogo | Letrame Grupo Editorial"},"image":{"@id":"https:\/\/letrame.com\/catalogo\/#\/schema\/logo\/image\/"}}]}},"_links":{"self":[{"href":"https:\/\/letrame.com\/catalogo\/wp-json\/wp\/v2\/product\/96014","targetHints":{"allow":["GET"]}}],"collection":[{"href":"https:\/\/letrame.com\/catalogo\/wp-json\/wp\/v2\/product"}],"about":[{"href":"https:\/\/letrame.com\/catalogo\/wp-json\/wp\/v2\/types\/product"}],"replies":[{"embeddable":true,"href":"https:\/\/letrame.com\/catalogo\/wp-json\/wp\/v2\/comments?post=96014"}],"acf:post":[{"embeddable":true,"href":"https:\/\/letrame.com\/catalogo\/wp-json\/wp\/v2\/author_book\/74725"}],"wp:featuredmedia":[{"embeddable":true,"href":"https:\/\/letrame.com\/catalogo\/wp-json\/wp\/v2\/media\/96015"}],"wp:attachment":[{"href":"https:\/\/letrame.com\/catalogo\/wp-json\/wp\/v2\/media?parent=96014"}],"wp:term":[{"taxonomy":"libro","embeddable":true,"href":"https:\/\/letrame.com\/catalogo\/wp-json\/wp\/v2\/libro?post=96014"},{"taxonomy":"product_brand","embeddable":true,"href":"https:\/\/letrame.com\/catalogo\/wp-json\/wp\/v2\/product_brand?post=96014"},{"taxonomy":"product_cat","embeddable":true,"href":"https:\/\/letrame.com\/catalogo\/wp-json\/wp\/v2\/product_cat?post=96014"},{"taxonomy":"product_tag","embeddable":true,"href":"https:\/\/letrame.com\/catalogo\/wp-json\/wp\/v2\/product_tag?post=96014"}],"curies":[{"name":"wp","href":"https:\/\/api.w.org\/{rel}","templated":true}]}}