{"id":96005,"date":"2024-04-18T14:23:11","date_gmt":"2024-04-18T12:23:11","guid":{"rendered":"https:\/\/letrame.com\/catalogo\/producto\/los-ninos-terribles\/"},"modified":"2024-05-15T15:47:35","modified_gmt":"2024-05-15T13:47:35","slug":"los-ninos-terribles","status":"publish","type":"product","link":"https:\/\/letrame.com\/catalogo\/producto\/los-ninos-terribles\/","title":{"rendered":"Los ni\u00f1os terribles"},"content":{"rendered":"\r\n<p><strong>ISBN<\/strong>:\u00a0978-84-18398-94-0<\/p>\r\n\r\n\r\n\r\n<p><strong>T\u00edtulo<\/strong>: Los ni\u00f1os terribles<br \/><strong>Fecha<\/strong>: 2020<br \/><strong>P\u00e1ginas<\/strong>:\u00a0184<\/p>\r\n\r\n\r\n\r\n<p><strong>SINOPSIS<\/strong><\/p>\r\n\r\n\r\n\r\n<p>In\u00e9s sabe que los adultos tienen raz\u00f3n al decir que los fantasmas no existen, y agradecer\u00eda mucho que los muertos pudieran entenderlo tambi\u00e9n y la dejaran en paz.<br \/>Andr\u00e9s tiene sus esperanzas puestas en una corbata azul con l\u00edneas grises para escapar de la miseria y el maltrato que han marcado su infancia.<br \/>Javier cree que s\u00f3lo siendo un h\u00e9roe lograr\u00e1 ganar el amor de su madre\u2026 O de cualquier otro, que est\u00e9 dispuesto a quererlo.<br \/>En el viaje de crecer aprender\u00e1n que nuestras heridas no siempre crean cicatrices espantosas. Ser ni\u00f1os terribles no nos define como adultos horrorosos si reescribimos adecuadamente nuestra historia.<\/p>\r\n","protected":false},"excerpt":{"rendered":"<p><strong>ISBN: 978-84-18398-94-0<\/strong> In\u00e9s sabe que los adultos tienen raz\u00f3n al decir que los fantasmas no existen, y agradecer\u00eda mucho que los muertos pudieran entenderlo tambi\u00e9n y la dejaran en paz. Andr\u00e9s tiene sus esperanzas puestas en una corbata azul con l\u00edneas grises para escapar de la miseria y el maltrato que han marcado su infancia. Javier cree que s\u00f3lo siendo un h\u00e9roe lograr\u00e1 ganar el amor de su madre&#8230; O de cualquier otro, que est\u00e9 dispuesto a quererlo. En el viaje de crecer aprender\u00e1n que nuestras heridas no siempre crean cicatrices espantosas. Ser ni\u00f1os terribles no nos define como adultos horrorosos si reescribimos adecuadamente nuestra historia.<\/p>\n","protected":false},"featured_media":100116,"comment_status":"closed","ping_status":"closed","template":"","meta":{"_acf_changed":false},"libro":[],"product_brand":[],"product_cat":[16],"product_tag":[],"class_list":{"0":"post-96005","1":"product","2":"type-product","3":"status-publish","4":"has-post-thumbnail","6":"product_cat-novela","8":"first","9":"instock","10":"purchasable","11":"product-type-simple"},"acf":{"autor":[74714],"enlace_de_compra":"https:\/\/www.amazon.es\/Los-ni%C3%B1os-terribles-1-Novela\/dp\/8418398949"},"yoast_head":"<!-- This site is optimized with the Yoast SEO plugin v26.6 - https:\/\/yoast.com\/wordpress\/plugins\/seo\/ -->\n<title>Los ni\u00f1os terribles - Catalogo | Letrame Grupo Editorial<\/title>\n<meta name=\"robots\" content=\"index, follow, max-snippet:-1, max-image-preview:large, max-video-preview:-1\" \/>\n<link rel=\"canonical\" href=\"https:\/\/letrame.com\/catalogo\/producto\/los-ninos-terribles\/\" \/>\n<meta property=\"og:locale\" content=\"es_ES\" \/>\n<meta property=\"og:type\" content=\"article\" \/>\n<meta property=\"og:title\" content=\"Los ni\u00f1os terribles - Catalogo | Letrame Grupo Editorial\" \/>\n<meta property=\"og:description\" content=\"ISBN: 978-84-18398-94-0 In\u00e9s sabe que los adultos tienen raz\u00f3n al decir que los fantasmas no existen, y agradecer\u00eda mucho que los muertos pudieran entenderlo tambi\u00e9n y la dejaran en paz. Andr\u00e9s tiene sus esperanzas puestas en una corbata azul con l\u00edneas grises para escapar de la miseria y el maltrato que han marcado su infancia. Javier cree que s\u00f3lo siendo un h\u00e9roe lograr\u00e1 ganar el amor de su madre... O de cualquier otro, que est\u00e9 dispuesto a quererlo. En el viaje de crecer aprender\u00e1n que nuestras heridas no siempre crean cicatrices espantosas. Ser ni\u00f1os terribles no nos define como adultos horrorosos si reescribimos adecuadamente nuestra historia.\" \/>\n<meta property=\"og:url\" content=\"https:\/\/letrame.com\/catalogo\/producto\/los-ninos-terribles\/\" \/>\n<meta property=\"og:site_name\" content=\"Catalogo | Letrame Grupo Editorial\" \/>\n<meta property=\"article:modified_time\" content=\"2024-05-15T13:47:35+00:00\" \/>\n<meta property=\"og:image\" content=\"https:\/\/letrame.com\/catalogo\/wp-content\/uploads\/2024\/04\/Los-ninos-terribles-scaled-1.webp\" \/>\n\t<meta property=\"og:image:width\" content=\"1746\" \/>\n\t<meta property=\"og:image:height\" content=\"2560\" \/>\n\t<meta property=\"og:image:type\" content=\"image\/webp\" \/>\n<meta name=\"twitter:card\" content=\"summary_large_image\" \/>\n<meta name=\"twitter:label1\" content=\"Tiempo de lectura\" \/>\n\t<meta name=\"twitter:data1\" content=\"1 minuto\" \/>\n<script type=\"application\/ld+json\" class=\"yoast-schema-graph\">{\"@context\":\"https:\/\/schema.org\",\"@graph\":[{\"@type\":\"WebPage\",\"@id\":\"https:\/\/letrame.com\/catalogo\/producto\/los-ninos-terribles\/\",\"url\":\"https:\/\/letrame.com\/catalogo\/producto\/los-ninos-terribles\/\",\"name\":\"Los ni\u00f1os terribles - Catalogo | Letrame Grupo Editorial\",\"isPartOf\":{\"@id\":\"https:\/\/letrame.com\/catalogo\/#website\"},\"primaryImageOfPage\":{\"@id\":\"https:\/\/letrame.com\/catalogo\/producto\/los-ninos-terribles\/#primaryimage\"},\"image\":{\"@id\":\"https:\/\/letrame.com\/catalogo\/producto\/los-ninos-terribles\/#primaryimage\"},\"thumbnailUrl\":\"https:\/\/letrame.com\/catalogo\/wp-content\/uploads\/2024\/04\/Los-ninos-terribles-scaled-1.webp\",\"datePublished\":\"2024-04-18T12:23:11+00:00\",\"dateModified\":\"2024-05-15T13:47:35+00:00\",\"breadcrumb\":{\"@id\":\"https:\/\/letrame.com\/catalogo\/producto\/los-ninos-terribles\/#breadcrumb\"},\"inLanguage\":\"es\",\"potentialAction\":[{\"@type\":\"ReadAction\",\"target\":[\"https:\/\/letrame.com\/catalogo\/producto\/los-ninos-terribles\/\"]}]},{\"@type\":\"ImageObject\",\"inLanguage\":\"es\",\"@id\":\"https:\/\/letrame.com\/catalogo\/producto\/los-ninos-terribles\/#primaryimage\",\"url\":\"https:\/\/letrame.com\/catalogo\/wp-content\/uploads\/2024\/04\/Los-ninos-terribles-scaled-1.webp\",\"contentUrl\":\"https:\/\/letrame.com\/catalogo\/wp-content\/uploads\/2024\/04\/Los-ninos-terribles-scaled-1.webp\",\"width\":1746,\"height\":2560},{\"@type\":\"BreadcrumbList\",\"@id\":\"https:\/\/letrame.com\/catalogo\/producto\/los-ninos-terribles\/#breadcrumb\",\"itemListElement\":[{\"@type\":\"ListItem\",\"position\":1,\"name\":\"Portada\",\"item\":\"https:\/\/letrame.com\/catalogo\/\"},{\"@type\":\"ListItem\",\"position\":2,\"name\":\"Cat\u00e1logo\",\"item\":\"https:\/\/letrame.com\/catalogo\/\"},{\"@type\":\"ListItem\",\"position\":3,\"name\":\"Los ni\u00f1os terribles\"}]},{\"@type\":\"WebSite\",\"@id\":\"https:\/\/letrame.com\/catalogo\/#website\",\"url\":\"https:\/\/letrame.com\/catalogo\/\",\"name\":\"Catalogo | Letrame Grupo Editorial\",\"description\":\"\",\"publisher\":{\"@id\":\"https:\/\/letrame.com\/catalogo\/#organization\"},\"potentialAction\":[{\"@type\":\"SearchAction\",\"target\":{\"@type\":\"EntryPoint\",\"urlTemplate\":\"https:\/\/letrame.com\/catalogo\/?s={search_term_string}\"},\"query-input\":{\"@type\":\"PropertyValueSpecification\",\"valueRequired\":true,\"valueName\":\"search_term_string\"}}],\"inLanguage\":\"es\"},{\"@type\":\"Organization\",\"@id\":\"https:\/\/letrame.com\/catalogo\/#organization\",\"name\":\"Catalogo | Letrame Grupo Editorial\",\"url\":\"https:\/\/letrame.com\/catalogo\/\",\"logo\":{\"@type\":\"ImageObject\",\"inLanguage\":\"es\",\"@id\":\"https:\/\/letrame.com\/catalogo\/#\/schema\/logo\/image\/\",\"url\":\"https:\/\/letrame.com\/catalogo\/wp-content\/uploads\/2024\/03\/logo2.webp\",\"contentUrl\":\"https:\/\/letrame.com\/catalogo\/wp-content\/uploads\/2024\/03\/logo2.webp\",\"width\":394,\"height\":128,\"caption\":\"Catalogo | Letrame Grupo Editorial\"},\"image\":{\"@id\":\"https:\/\/letrame.com\/catalogo\/#\/schema\/logo\/image\/\"}}]}<\/script>\n<!-- \/ Yoast SEO plugin. -->","yoast_head_json":{"title":"Los ni\u00f1os terribles - Catalogo | Letrame Grupo Editorial","robots":{"index":"index","follow":"follow","max-snippet":"max-snippet:-1","max-image-preview":"max-image-preview:large","max-video-preview":"max-video-preview:-1"},"canonical":"https:\/\/letrame.com\/catalogo\/producto\/los-ninos-terribles\/","og_locale":"es_ES","og_type":"article","og_title":"Los ni\u00f1os terribles - Catalogo | Letrame Grupo Editorial","og_description":"ISBN: 978-84-18398-94-0 In\u00e9s sabe que los adultos tienen raz\u00f3n al decir que los fantasmas no existen, y agradecer\u00eda mucho que los muertos pudieran entenderlo tambi\u00e9n y la dejaran en paz. Andr\u00e9s tiene sus esperanzas puestas en una corbata azul con l\u00edneas grises para escapar de la miseria y el maltrato que han marcado su infancia. Javier cree que s\u00f3lo siendo un h\u00e9roe lograr\u00e1 ganar el amor de su madre... O de cualquier otro, que est\u00e9 dispuesto a quererlo. En el viaje de crecer aprender\u00e1n que nuestras heridas no siempre crean cicatrices espantosas. Ser ni\u00f1os terribles no nos define como adultos horrorosos si reescribimos adecuadamente nuestra historia.","og_url":"https:\/\/letrame.com\/catalogo\/producto\/los-ninos-terribles\/","og_site_name":"Catalogo | Letrame Grupo Editorial","article_modified_time":"2024-05-15T13:47:35+00:00","og_image":[{"width":1746,"height":2560,"url":"https:\/\/letrame.com\/catalogo\/wp-content\/uploads\/2024\/04\/Los-ninos-terribles-scaled-1.webp","type":"image\/webp"}],"twitter_card":"summary_large_image","twitter_misc":{"Tiempo de lectura":"1 minuto"},"schema":{"@context":"https:\/\/schema.org","@graph":[{"@type":"WebPage","@id":"https:\/\/letrame.com\/catalogo\/producto\/los-ninos-terribles\/","url":"https:\/\/letrame.com\/catalogo\/producto\/los-ninos-terribles\/","name":"Los ni\u00f1os terribles - Catalogo | Letrame Grupo Editorial","isPartOf":{"@id":"https:\/\/letrame.com\/catalogo\/#website"},"primaryImageOfPage":{"@id":"https:\/\/letrame.com\/catalogo\/producto\/los-ninos-terribles\/#primaryimage"},"image":{"@id":"https:\/\/letrame.com\/catalogo\/producto\/los-ninos-terribles\/#primaryimage"},"thumbnailUrl":"https:\/\/letrame.com\/catalogo\/wp-content\/uploads\/2024\/04\/Los-ninos-terribles-scaled-1.webp","datePublished":"2024-04-18T12:23:11+00:00","dateModified":"2024-05-15T13:47:35+00:00","breadcrumb":{"@id":"https:\/\/letrame.com\/catalogo\/producto\/los-ninos-terribles\/#breadcrumb"},"inLanguage":"es","potentialAction":[{"@type":"ReadAction","target":["https:\/\/letrame.com\/catalogo\/producto\/los-ninos-terribles\/"]}]},{"@type":"ImageObject","inLanguage":"es","@id":"https:\/\/letrame.com\/catalogo\/producto\/los-ninos-terribles\/#primaryimage","url":"https:\/\/letrame.com\/catalogo\/wp-content\/uploads\/2024\/04\/Los-ninos-terribles-scaled-1.webp","contentUrl":"https:\/\/letrame.com\/catalogo\/wp-content\/uploads\/2024\/04\/Los-ninos-terribles-scaled-1.webp","width":1746,"height":2560},{"@type":"BreadcrumbList","@id":"https:\/\/letrame.com\/catalogo\/producto\/los-ninos-terribles\/#breadcrumb","itemListElement":[{"@type":"ListItem","position":1,"name":"Portada","item":"https:\/\/letrame.com\/catalogo\/"},{"@type":"ListItem","position":2,"name":"Cat\u00e1logo","item":"https:\/\/letrame.com\/catalogo\/"},{"@type":"ListItem","position":3,"name":"Los ni\u00f1os terribles"}]},{"@type":"WebSite","@id":"https:\/\/letrame.com\/catalogo\/#website","url":"https:\/\/letrame.com\/catalogo\/","name":"Catalogo | Letrame Grupo Editorial","description":"","publisher":{"@id":"https:\/\/letrame.com\/catalogo\/#organization"},"potentialAction":[{"@type":"SearchAction","target":{"@type":"EntryPoint","urlTemplate":"https:\/\/letrame.com\/catalogo\/?s={search_term_string}"},"query-input":{"@type":"PropertyValueSpecification","valueRequired":true,"valueName":"search_term_string"}}],"inLanguage":"es"},{"@type":"Organization","@id":"https:\/\/letrame.com\/catalogo\/#organization","name":"Catalogo | Letrame Grupo Editorial","url":"https:\/\/letrame.com\/catalogo\/","logo":{"@type":"ImageObject","inLanguage":"es","@id":"https:\/\/letrame.com\/catalogo\/#\/schema\/logo\/image\/","url":"https:\/\/letrame.com\/catalogo\/wp-content\/uploads\/2024\/03\/logo2.webp","contentUrl":"https:\/\/letrame.com\/catalogo\/wp-content\/uploads\/2024\/03\/logo2.webp","width":394,"height":128,"caption":"Catalogo | Letrame Grupo Editorial"},"image":{"@id":"https:\/\/letrame.com\/catalogo\/#\/schema\/logo\/image\/"}}]}},"_links":{"self":[{"href":"https:\/\/letrame.com\/catalogo\/wp-json\/wp\/v2\/product\/96005","targetHints":{"allow":["GET"]}}],"collection":[{"href":"https:\/\/letrame.com\/catalogo\/wp-json\/wp\/v2\/product"}],"about":[{"href":"https:\/\/letrame.com\/catalogo\/wp-json\/wp\/v2\/types\/product"}],"replies":[{"embeddable":true,"href":"https:\/\/letrame.com\/catalogo\/wp-json\/wp\/v2\/comments?post=96005"}],"acf:post":[{"embeddable":true,"href":"https:\/\/letrame.com\/catalogo\/wp-json\/wp\/v2\/author_book\/74714"}],"wp:featuredmedia":[{"embeddable":true,"href":"https:\/\/letrame.com\/catalogo\/wp-json\/wp\/v2\/media\/100116"}],"wp:attachment":[{"href":"https:\/\/letrame.com\/catalogo\/wp-json\/wp\/v2\/media?parent=96005"}],"wp:term":[{"taxonomy":"libro","embeddable":true,"href":"https:\/\/letrame.com\/catalogo\/wp-json\/wp\/v2\/libro?post=96005"},{"taxonomy":"product_brand","embeddable":true,"href":"https:\/\/letrame.com\/catalogo\/wp-json\/wp\/v2\/product_brand?post=96005"},{"taxonomy":"product_cat","embeddable":true,"href":"https:\/\/letrame.com\/catalogo\/wp-json\/wp\/v2\/product_cat?post=96005"},{"taxonomy":"product_tag","embeddable":true,"href":"https:\/\/letrame.com\/catalogo\/wp-json\/wp\/v2\/product_tag?post=96005"}],"curies":[{"name":"wp","href":"https:\/\/api.w.org\/{rel}","templated":true}]}}