{"id":96001,"date":"2024-04-18T14:22:15","date_gmt":"2024-04-18T12:22:15","guid":{"rendered":"https:\/\/letrame.com\/catalogo\/producto\/pandemia-poemas\/"},"modified":"2024-05-15T15:49:13","modified_gmt":"2024-05-15T13:49:13","slug":"pandemia-poemas","status":"publish","type":"product","link":"https:\/\/letrame.com\/catalogo\/producto\/pandemia-poemas\/","title":{"rendered":"Pandemia poemas"},"content":{"rendered":"\r\n<p><strong>ISBN<\/strong>:\u00a0978-84-18512-25-4<\/p>\r\n\r\n\r\n\r\n<p><strong>T\u00edtulo<\/strong>: Pandemia poemas<br \/><strong>Fecha<\/strong>: 2020<\/p>\r\n\r\n\r\n\r\n<p><strong>P\u00e1ginas<\/strong>:\u00a0168<\/p>\r\n\r\n\r\n\r\n<p><strong>SINOPSIS<\/strong><\/p>\r\n\r\n\r\n\r\n<p>\u00abSu introspecci\u00f3n de poeta confinado resuena en nosotros, sus lectores, con cabal autenticidad, gracias al cumplimiento de aquella ley establecida por el gran poeta de los lagos: <em>The best words in the best order<\/em>. Porque adem\u00e1s del primor con que Avenda\u00f1o escribe en las dos lenguas, como \u00e9l mismo enuncia en otro de sus versos <em>nada nos une m\u00e1s que estar solos<\/em>\u00bb.<\/p>\r\n\r\n\r\n\r\n<p>\u2014Dar\u00edo Villanueva, Real Academia Espa\u00f1ola<\/p>\r\n\r\n\r\n\r\n<p>\u00abAvenda\u00f1o nos regala un libro m\u00e1s preciso que la evaluaci\u00f3n de un microbio en un microscopio. Este poemario que va del espa\u00f1ol al ingl\u00e9s con una frase por ah\u00ed de su nativo gallego tiene un objetivo tan grande como aquel de Whitman hace doscientos a\u00f1os, examinar todo, presentar todas las contradicciones\u00bb.<\/p>\r\n\r\n\r\n\r\n<p>\u2014Indran Amirthanayagam, autor de <em>The Migrant States<\/em><\/p>\r\n\r\n\r\n\r\n<p>\u00abThe origins of Avenda\u00f1o\u2019s poetry lie in the modernist disenchantment with the linear and logical, the habitual, that separate us from the vital\u00bb.<\/p>\r\n\r\n\r\n\r\n<p>\u2014David Green, Boston University<\/p>\r\n","protected":false},"excerpt":{"rendered":"<p><strong>ISBN: 978-84-18512-25-4<\/strong> \u00abSu introspecci\u00f3n de poeta confinado resuena en nosotros, sus lectores, con cabal autenticidad, gracias al cumplimiento de aquella ley establecida por el gran poeta de los lagos: <em>The best words in the best order<\/em>. Porque adem\u00e1s del primor con que Avenda\u00f1o escribe en las dos lenguas, como \u00e9l mismo enuncia en otro de sus versos <em>nada nos une m\u00e1s que estar solos<\/em>\u00bb. \u2014Dar\u00edo Villanueva, Real Academia Espa\u00f1ola<\/p>\n","protected":false},"featured_media":100119,"comment_status":"closed","ping_status":"closed","template":"","meta":{"_acf_changed":false},"libro":[],"product_brand":[],"product_cat":[20],"product_tag":[],"class_list":{"0":"post-96001","1":"product","2":"type-product","3":"status-publish","4":"has-post-thumbnail","6":"product_cat-poesia","8":"first","9":"instock","10":"purchasable","11":"product-type-simple"},"acf":{"autor":[74709],"enlace_de_compra":"https:\/\/www.amazon.es\/Pandemia-poem-s-01-Poes%C3%ADa\/dp\/8418512253\/ref=sr_1_1?__mk_es_ES=%C3%85M%C3%85%C5%BD%C3%95%C3%91&amp;dchild=1&amp;keywords=pandemias+poemas&amp;qid=1605531484&amp;sr=8-1"},"yoast_head":"<!-- This site is optimized with the Yoast SEO plugin v26.6 - https:\/\/yoast.com\/wordpress\/plugins\/seo\/ -->\n<title>Pandemia poemas - Catalogo | Letrame Grupo Editorial<\/title>\n<meta name=\"robots\" content=\"index, follow, max-snippet:-1, max-image-preview:large, max-video-preview:-1\" \/>\n<link rel=\"canonical\" href=\"https:\/\/letrame.com\/catalogo\/producto\/pandemia-poemas\/\" \/>\n<meta property=\"og:locale\" content=\"es_ES\" \/>\n<meta property=\"og:type\" content=\"article\" \/>\n<meta property=\"og:title\" content=\"Pandemia poemas - Catalogo | Letrame Grupo Editorial\" \/>\n<meta property=\"og:description\" content=\"ISBN: 978-84-18512-25-4 \u00abSu introspecci\u00f3n de poeta confinado resuena en nosotros, sus lectores, con cabal autenticidad, gracias al cumplimiento de aquella ley establecida por el gran poeta de los lagos: The best words in the best order. Porque adem\u00e1s del primor con que Avenda\u00f1o escribe en las dos lenguas, como \u00e9l mismo enuncia en otro de sus versos nada nos une m\u00e1s que estar solos\u00bb. \u2014Dar\u00edo Villanueva, Real Academia Espa\u00f1ola\" \/>\n<meta property=\"og:url\" content=\"https:\/\/letrame.com\/catalogo\/producto\/pandemia-poemas\/\" \/>\n<meta property=\"og:site_name\" content=\"Catalogo | Letrame Grupo Editorial\" \/>\n<meta property=\"article:modified_time\" content=\"2024-05-15T13:49:13+00:00\" \/>\n<meta property=\"og:image\" content=\"https:\/\/letrame.com\/catalogo\/wp-content\/uploads\/2024\/04\/Pandemia-Poemas.webp\" \/>\n\t<meta property=\"og:image:width\" content=\"1594\" \/>\n\t<meta property=\"og:image:height\" content=\"2303\" \/>\n\t<meta property=\"og:image:type\" content=\"image\/webp\" \/>\n<meta name=\"twitter:card\" content=\"summary_large_image\" \/>\n<meta name=\"twitter:label1\" content=\"Tiempo de lectura\" \/>\n\t<meta name=\"twitter:data1\" content=\"1 minuto\" \/>\n<script type=\"application\/ld+json\" class=\"yoast-schema-graph\">{\"@context\":\"https:\/\/schema.org\",\"@graph\":[{\"@type\":\"WebPage\",\"@id\":\"https:\/\/letrame.com\/catalogo\/producto\/pandemia-poemas\/\",\"url\":\"https:\/\/letrame.com\/catalogo\/producto\/pandemia-poemas\/\",\"name\":\"Pandemia poemas - Catalogo | Letrame Grupo Editorial\",\"isPartOf\":{\"@id\":\"https:\/\/letrame.com\/catalogo\/#website\"},\"primaryImageOfPage\":{\"@id\":\"https:\/\/letrame.com\/catalogo\/producto\/pandemia-poemas\/#primaryimage\"},\"image\":{\"@id\":\"https:\/\/letrame.com\/catalogo\/producto\/pandemia-poemas\/#primaryimage\"},\"thumbnailUrl\":\"https:\/\/letrame.com\/catalogo\/wp-content\/uploads\/2024\/04\/Pandemia-Poemas.webp\",\"datePublished\":\"2024-04-18T12:22:15+00:00\",\"dateModified\":\"2024-05-15T13:49:13+00:00\",\"breadcrumb\":{\"@id\":\"https:\/\/letrame.com\/catalogo\/producto\/pandemia-poemas\/#breadcrumb\"},\"inLanguage\":\"es\",\"potentialAction\":[{\"@type\":\"ReadAction\",\"target\":[\"https:\/\/letrame.com\/catalogo\/producto\/pandemia-poemas\/\"]}]},{\"@type\":\"ImageObject\",\"inLanguage\":\"es\",\"@id\":\"https:\/\/letrame.com\/catalogo\/producto\/pandemia-poemas\/#primaryimage\",\"url\":\"https:\/\/letrame.com\/catalogo\/wp-content\/uploads\/2024\/04\/Pandemia-Poemas.webp\",\"contentUrl\":\"https:\/\/letrame.com\/catalogo\/wp-content\/uploads\/2024\/04\/Pandemia-Poemas.webp\",\"width\":1594,\"height\":2303},{\"@type\":\"BreadcrumbList\",\"@id\":\"https:\/\/letrame.com\/catalogo\/producto\/pandemia-poemas\/#breadcrumb\",\"itemListElement\":[{\"@type\":\"ListItem\",\"position\":1,\"name\":\"Portada\",\"item\":\"https:\/\/letrame.com\/catalogo\/\"},{\"@type\":\"ListItem\",\"position\":2,\"name\":\"Cat\u00e1logo\",\"item\":\"https:\/\/letrame.com\/catalogo\/\"},{\"@type\":\"ListItem\",\"position\":3,\"name\":\"Pandemia poemas\"}]},{\"@type\":\"WebSite\",\"@id\":\"https:\/\/letrame.com\/catalogo\/#website\",\"url\":\"https:\/\/letrame.com\/catalogo\/\",\"name\":\"Catalogo | Letrame Grupo Editorial\",\"description\":\"\",\"publisher\":{\"@id\":\"https:\/\/letrame.com\/catalogo\/#organization\"},\"potentialAction\":[{\"@type\":\"SearchAction\",\"target\":{\"@type\":\"EntryPoint\",\"urlTemplate\":\"https:\/\/letrame.com\/catalogo\/?s={search_term_string}\"},\"query-input\":{\"@type\":\"PropertyValueSpecification\",\"valueRequired\":true,\"valueName\":\"search_term_string\"}}],\"inLanguage\":\"es\"},{\"@type\":\"Organization\",\"@id\":\"https:\/\/letrame.com\/catalogo\/#organization\",\"name\":\"Catalogo | Letrame Grupo Editorial\",\"url\":\"https:\/\/letrame.com\/catalogo\/\",\"logo\":{\"@type\":\"ImageObject\",\"inLanguage\":\"es\",\"@id\":\"https:\/\/letrame.com\/catalogo\/#\/schema\/logo\/image\/\",\"url\":\"https:\/\/letrame.com\/catalogo\/wp-content\/uploads\/2024\/03\/logo2.webp\",\"contentUrl\":\"https:\/\/letrame.com\/catalogo\/wp-content\/uploads\/2024\/03\/logo2.webp\",\"width\":394,\"height\":128,\"caption\":\"Catalogo | Letrame Grupo Editorial\"},\"image\":{\"@id\":\"https:\/\/letrame.com\/catalogo\/#\/schema\/logo\/image\/\"}}]}<\/script>\n<!-- \/ Yoast SEO plugin. -->","yoast_head_json":{"title":"Pandemia poemas - Catalogo | Letrame Grupo Editorial","robots":{"index":"index","follow":"follow","max-snippet":"max-snippet:-1","max-image-preview":"max-image-preview:large","max-video-preview":"max-video-preview:-1"},"canonical":"https:\/\/letrame.com\/catalogo\/producto\/pandemia-poemas\/","og_locale":"es_ES","og_type":"article","og_title":"Pandemia poemas - Catalogo | Letrame Grupo Editorial","og_description":"ISBN: 978-84-18512-25-4 \u00abSu introspecci\u00f3n de poeta confinado resuena en nosotros, sus lectores, con cabal autenticidad, gracias al cumplimiento de aquella ley establecida por el gran poeta de los lagos: The best words in the best order. Porque adem\u00e1s del primor con que Avenda\u00f1o escribe en las dos lenguas, como \u00e9l mismo enuncia en otro de sus versos nada nos une m\u00e1s que estar solos\u00bb. \u2014Dar\u00edo Villanueva, Real Academia Espa\u00f1ola","og_url":"https:\/\/letrame.com\/catalogo\/producto\/pandemia-poemas\/","og_site_name":"Catalogo | Letrame Grupo Editorial","article_modified_time":"2024-05-15T13:49:13+00:00","og_image":[{"width":1594,"height":2303,"url":"https:\/\/letrame.com\/catalogo\/wp-content\/uploads\/2024\/04\/Pandemia-Poemas.webp","type":"image\/webp"}],"twitter_card":"summary_large_image","twitter_misc":{"Tiempo de lectura":"1 minuto"},"schema":{"@context":"https:\/\/schema.org","@graph":[{"@type":"WebPage","@id":"https:\/\/letrame.com\/catalogo\/producto\/pandemia-poemas\/","url":"https:\/\/letrame.com\/catalogo\/producto\/pandemia-poemas\/","name":"Pandemia poemas - Catalogo | Letrame Grupo Editorial","isPartOf":{"@id":"https:\/\/letrame.com\/catalogo\/#website"},"primaryImageOfPage":{"@id":"https:\/\/letrame.com\/catalogo\/producto\/pandemia-poemas\/#primaryimage"},"image":{"@id":"https:\/\/letrame.com\/catalogo\/producto\/pandemia-poemas\/#primaryimage"},"thumbnailUrl":"https:\/\/letrame.com\/catalogo\/wp-content\/uploads\/2024\/04\/Pandemia-Poemas.webp","datePublished":"2024-04-18T12:22:15+00:00","dateModified":"2024-05-15T13:49:13+00:00","breadcrumb":{"@id":"https:\/\/letrame.com\/catalogo\/producto\/pandemia-poemas\/#breadcrumb"},"inLanguage":"es","potentialAction":[{"@type":"ReadAction","target":["https:\/\/letrame.com\/catalogo\/producto\/pandemia-poemas\/"]}]},{"@type":"ImageObject","inLanguage":"es","@id":"https:\/\/letrame.com\/catalogo\/producto\/pandemia-poemas\/#primaryimage","url":"https:\/\/letrame.com\/catalogo\/wp-content\/uploads\/2024\/04\/Pandemia-Poemas.webp","contentUrl":"https:\/\/letrame.com\/catalogo\/wp-content\/uploads\/2024\/04\/Pandemia-Poemas.webp","width":1594,"height":2303},{"@type":"BreadcrumbList","@id":"https:\/\/letrame.com\/catalogo\/producto\/pandemia-poemas\/#breadcrumb","itemListElement":[{"@type":"ListItem","position":1,"name":"Portada","item":"https:\/\/letrame.com\/catalogo\/"},{"@type":"ListItem","position":2,"name":"Cat\u00e1logo","item":"https:\/\/letrame.com\/catalogo\/"},{"@type":"ListItem","position":3,"name":"Pandemia poemas"}]},{"@type":"WebSite","@id":"https:\/\/letrame.com\/catalogo\/#website","url":"https:\/\/letrame.com\/catalogo\/","name":"Catalogo | Letrame Grupo Editorial","description":"","publisher":{"@id":"https:\/\/letrame.com\/catalogo\/#organization"},"potentialAction":[{"@type":"SearchAction","target":{"@type":"EntryPoint","urlTemplate":"https:\/\/letrame.com\/catalogo\/?s={search_term_string}"},"query-input":{"@type":"PropertyValueSpecification","valueRequired":true,"valueName":"search_term_string"}}],"inLanguage":"es"},{"@type":"Organization","@id":"https:\/\/letrame.com\/catalogo\/#organization","name":"Catalogo | Letrame Grupo Editorial","url":"https:\/\/letrame.com\/catalogo\/","logo":{"@type":"ImageObject","inLanguage":"es","@id":"https:\/\/letrame.com\/catalogo\/#\/schema\/logo\/image\/","url":"https:\/\/letrame.com\/catalogo\/wp-content\/uploads\/2024\/03\/logo2.webp","contentUrl":"https:\/\/letrame.com\/catalogo\/wp-content\/uploads\/2024\/03\/logo2.webp","width":394,"height":128,"caption":"Catalogo | Letrame Grupo Editorial"},"image":{"@id":"https:\/\/letrame.com\/catalogo\/#\/schema\/logo\/image\/"}}]}},"_links":{"self":[{"href":"https:\/\/letrame.com\/catalogo\/wp-json\/wp\/v2\/product\/96001","targetHints":{"allow":["GET"]}}],"collection":[{"href":"https:\/\/letrame.com\/catalogo\/wp-json\/wp\/v2\/product"}],"about":[{"href":"https:\/\/letrame.com\/catalogo\/wp-json\/wp\/v2\/types\/product"}],"replies":[{"embeddable":true,"href":"https:\/\/letrame.com\/catalogo\/wp-json\/wp\/v2\/comments?post=96001"}],"acf:post":[{"embeddable":true,"href":"https:\/\/letrame.com\/catalogo\/wp-json\/wp\/v2\/author_book\/74709"}],"wp:featuredmedia":[{"embeddable":true,"href":"https:\/\/letrame.com\/catalogo\/wp-json\/wp\/v2\/media\/100119"}],"wp:attachment":[{"href":"https:\/\/letrame.com\/catalogo\/wp-json\/wp\/v2\/media?parent=96001"}],"wp:term":[{"taxonomy":"libro","embeddable":true,"href":"https:\/\/letrame.com\/catalogo\/wp-json\/wp\/v2\/libro?post=96001"},{"taxonomy":"product_brand","embeddable":true,"href":"https:\/\/letrame.com\/catalogo\/wp-json\/wp\/v2\/product_brand?post=96001"},{"taxonomy":"product_cat","embeddable":true,"href":"https:\/\/letrame.com\/catalogo\/wp-json\/wp\/v2\/product_cat?post=96001"},{"taxonomy":"product_tag","embeddable":true,"href":"https:\/\/letrame.com\/catalogo\/wp-json\/wp\/v2\/product_tag?post=96001"}],"curies":[{"name":"wp","href":"https:\/\/api.w.org\/{rel}","templated":true}]}}