{"id":95985,"date":"2024-04-18T14:20:30","date_gmt":"2024-04-18T12:20:30","guid":{"rendered":"https:\/\/letrame.com\/catalogo\/producto\/cuentos-de-la-buena-pipa\/"},"modified":"2024-04-18T14:20:30","modified_gmt":"2024-04-18T12:20:30","slug":"cuentos-de-la-buena-pipa","status":"publish","type":"product","link":"https:\/\/letrame.com\/catalogo\/producto\/cuentos-de-la-buena-pipa\/","title":{"rendered":"Cuentos de la buena pipa"},"content":{"rendered":"\n<p><strong>ISBN<\/strong>: 978-84-18512-56-8<br><strong>T\u00edtulo<\/strong>: Cuentos de la buena pipa<br><strong>Fecha<\/strong>: 2020<br><strong>P\u00e1ginas<\/strong>:\u00a0 278<\/p>\n\n\n\n<p><strong>SINOPSIS<\/strong><\/p>\n\n\n\n<p>Quise o\u00edr clamar mi alma de viajero, quiz\u00e1s desde la curiosidad que me causaba la v\u00eda de los trenes, trenes negros, lentos, bananeros, cuyo peso mov\u00eda las entra\u00f1as de la Tierra. V\u00edas largas, interminables, cruz\u00e1ndose en el paisaje triste y desolado de las estaciones. Andenes donde nacen los adioses y las direcciones convergen la presencia inalterable de llegadas y despedidas. <\/p>\n\n\n\n<p>Trenes con compartimentos de madera color g\u00fcisqui y olor rancio a pl\u00e1tanos, a tortilla de patatas, a humanidad, a tabaco impregnados, ante ventanas contando por s\u00ed im\u00e1genes de un determinado territorio, paisajes que se un\u00edan como escenas proyectadas en un cinemat\u00f3grafo. La brillante frialdad de la lluvia en el gris serpenteante de carreteras que comenzaban en mi ciudad y llegaban a un lugar del mundo. Lejanas ciudades cuyos nombres hab\u00eda escuchado o visto en los mapas y en las pel\u00edculas: Macao, Pernambuco, Sebastopol, Maracaibo, Fernando Poo.<\/p>\n","protected":false},"excerpt":{"rendered":"<p><strong>ISN: 978-84-18512-56-8<\/strong><\/p>\n<p>Quise o\u00edr clamar mi alma de viajero, quiz\u00e1s desde la curiosidad que me causaba la v\u00eda de los trenes, trenes negros, lentos, bananeros, cuyo peso mov\u00eda las entra\u00f1as de la Tierra. V\u00edas largas, interminables, cruz\u00e1ndose en el paisaje triste y desolado de las estaciones. Andenes donde nacen los adioses y las direcciones convergen la presencia inalterable de llegadas y despedidas. Trenes con compartimentos de madera color g\u00fcisqui y olor rancio a pl\u00e1tanos, a tortilla de patatas, a humanidad, a tabaco impregnados, ante ventanas contando por s\u00ed im\u00e1genes de un determinado territorio, paisajes que se un\u00edan como escenas proyectadas en un cinemat\u00f3grafo. La brillante frialdad de la lluvia en el gris serpenteante de carreteras que comenzaban en mi ciudad y llegaban a un lugar del mundo. Lejanas ciudades cuyos nombres hab\u00eda escuchado o visto en los mapas y en las pel\u00edculas: Macao, Pernambuco, Sebastopol, Maracaibo, Fernando Poo.<\/p>\n","protected":false},"featured_media":95986,"comment_status":"closed","ping_status":"open","template":"","meta":{"_acf_changed":false},"libro":[],"product_brand":[],"product_cat":[21],"product_tag":[],"class_list":{"0":"post-95985","1":"product","2":"type-product","3":"status-publish","4":"has-post-thumbnail","6":"product_cat-relato","8":"first","9":"instock","10":"product-type-simple"},"acf":{"autor":[74587],"enlace_de_compra":""},"yoast_head":"<!-- This site is optimized with the Yoast SEO plugin v27.4 - https:\/\/yoast.com\/product\/yoast-seo-wordpress\/ -->\n<title>Cuentos de la buena pipa - Catalogo | Letrame Grupo Editorial<\/title>\n<meta name=\"robots\" content=\"index, follow, max-snippet:-1, max-image-preview:large, max-video-preview:-1\" \/>\n<link rel=\"canonical\" href=\"https:\/\/letrame.com\/catalogo\/producto\/cuentos-de-la-buena-pipa\/\" \/>\n<meta property=\"og:locale\" content=\"es_ES\" \/>\n<meta property=\"og:type\" content=\"article\" \/>\n<meta property=\"og:title\" content=\"Cuentos de la buena pipa - Catalogo | Letrame Grupo Editorial\" \/>\n<meta property=\"og:description\" content=\"ISN: 978-84-18512-56-8 Quise o\u00edr clamar mi alma de viajero, quiz\u00e1s desde la curiosidad que me causaba la v\u00eda de los trenes, trenes negros, lentos, bananeros, cuyo peso mov\u00eda las entra\u00f1as de la Tierra. V\u00edas largas, interminables, cruz\u00e1ndose en el paisaje triste y desolado de las estaciones. Andenes donde nacen los adioses y las direcciones convergen la presencia inalterable de llegadas y despedidas. Trenes con compartimentos de madera color g\u00fcisqui y olor rancio a pl\u00e1tanos, a tortilla de patatas, a humanidad, a tabaco impregnados, ante ventanas contando por s\u00ed im\u00e1genes de un determinado territorio, paisajes que se un\u00edan como escenas proyectadas en un cinemat\u00f3grafo. La brillante frialdad de la lluvia en el gris serpenteante de carreteras que comenzaban en mi ciudad y llegaban a un lugar del mundo. Lejanas ciudades cuyos nombres hab\u00eda escuchado o visto en los mapas y en las pel\u00edculas: Macao, Pernambuco, Sebastopol, Maracaibo, Fernando Poo.\" \/>\n<meta property=\"og:url\" content=\"https:\/\/letrame.com\/catalogo\/producto\/cuentos-de-la-buena-pipa\/\" \/>\n<meta property=\"og:site_name\" content=\"Catalogo | Letrame Grupo Editorial\" \/>\n<meta property=\"og:image\" content=\"https:\/\/letrame.com\/catalogo\/wp-content\/uploads\/2024\/04\/Cuentos-de-la-buena-pipa-scaled-1.jpg\" \/>\n\t<meta property=\"og:image:width\" content=\"1746\" \/>\n\t<meta property=\"og:image:height\" content=\"2560\" \/>\n\t<meta property=\"og:image:type\" content=\"image\/jpeg\" \/>\n<meta name=\"twitter:card\" content=\"summary_large_image\" \/>\n<meta name=\"twitter:label1\" content=\"Tiempo de lectura\" \/>\n\t<meta name=\"twitter:data1\" content=\"1 minuto\" \/>\n<script type=\"application\/ld+json\" class=\"yoast-schema-graph\">{\"@context\":\"https:\\\/\\\/schema.org\",\"@graph\":[{\"@type\":\"WebPage\",\"@id\":\"https:\\\/\\\/letrame.com\\\/catalogo\\\/producto\\\/cuentos-de-la-buena-pipa\\\/\",\"url\":\"https:\\\/\\\/letrame.com\\\/catalogo\\\/producto\\\/cuentos-de-la-buena-pipa\\\/\",\"name\":\"Cuentos de la buena pipa - Catalogo | Letrame Grupo Editorial\",\"isPartOf\":{\"@id\":\"https:\\\/\\\/letrame.com\\\/catalogo\\\/#website\"},\"primaryImageOfPage\":{\"@id\":\"https:\\\/\\\/letrame.com\\\/catalogo\\\/producto\\\/cuentos-de-la-buena-pipa\\\/#primaryimage\"},\"image\":{\"@id\":\"https:\\\/\\\/letrame.com\\\/catalogo\\\/producto\\\/cuentos-de-la-buena-pipa\\\/#primaryimage\"},\"thumbnailUrl\":\"https:\\\/\\\/letrame.com\\\/catalogo\\\/wp-content\\\/uploads\\\/2024\\\/04\\\/Cuentos-de-la-buena-pipa-scaled-1.jpg\",\"datePublished\":\"2024-04-18T12:20:30+00:00\",\"breadcrumb\":{\"@id\":\"https:\\\/\\\/letrame.com\\\/catalogo\\\/producto\\\/cuentos-de-la-buena-pipa\\\/#breadcrumb\"},\"inLanguage\":\"es\",\"potentialAction\":[{\"@type\":\"ReadAction\",\"target\":[\"https:\\\/\\\/letrame.com\\\/catalogo\\\/producto\\\/cuentos-de-la-buena-pipa\\\/\"]}]},{\"@type\":\"ImageObject\",\"inLanguage\":\"es\",\"@id\":\"https:\\\/\\\/letrame.com\\\/catalogo\\\/producto\\\/cuentos-de-la-buena-pipa\\\/#primaryimage\",\"url\":\"https:\\\/\\\/letrame.com\\\/catalogo\\\/wp-content\\\/uploads\\\/2024\\\/04\\\/Cuentos-de-la-buena-pipa-scaled-1.jpg\",\"contentUrl\":\"https:\\\/\\\/letrame.com\\\/catalogo\\\/wp-content\\\/uploads\\\/2024\\\/04\\\/Cuentos-de-la-buena-pipa-scaled-1.jpg\",\"width\":1746,\"height\":2560},{\"@type\":\"BreadcrumbList\",\"@id\":\"https:\\\/\\\/letrame.com\\\/catalogo\\\/producto\\\/cuentos-de-la-buena-pipa\\\/#breadcrumb\",\"itemListElement\":[{\"@type\":\"ListItem\",\"position\":1,\"name\":\"Portada\",\"item\":\"https:\\\/\\\/letrame.com\\\/catalogo\\\/\"},{\"@type\":\"ListItem\",\"position\":2,\"name\":\"Cat\u00e1logo\",\"item\":\"https:\\\/\\\/letrame.com\\\/catalogo\\\/\"},{\"@type\":\"ListItem\",\"position\":3,\"name\":\"Cuentos de la buena pipa\"}]},{\"@type\":\"WebSite\",\"@id\":\"https:\\\/\\\/letrame.com\\\/catalogo\\\/#website\",\"url\":\"https:\\\/\\\/letrame.com\\\/catalogo\\\/\",\"name\":\"Catalogo | Letrame Grupo Editorial\",\"description\":\"\",\"publisher\":{\"@id\":\"https:\\\/\\\/letrame.com\\\/catalogo\\\/#organization\"},\"potentialAction\":[{\"@type\":\"SearchAction\",\"target\":{\"@type\":\"EntryPoint\",\"urlTemplate\":\"https:\\\/\\\/letrame.com\\\/catalogo\\\/?s={search_term_string}\"},\"query-input\":{\"@type\":\"PropertyValueSpecification\",\"valueRequired\":true,\"valueName\":\"search_term_string\"}}],\"inLanguage\":\"es\"},{\"@type\":\"Organization\",\"@id\":\"https:\\\/\\\/letrame.com\\\/catalogo\\\/#organization\",\"name\":\"Catalogo | Letrame Grupo Editorial\",\"url\":\"https:\\\/\\\/letrame.com\\\/catalogo\\\/\",\"logo\":{\"@type\":\"ImageObject\",\"inLanguage\":\"es\",\"@id\":\"https:\\\/\\\/letrame.com\\\/catalogo\\\/#\\\/schema\\\/logo\\\/image\\\/\",\"url\":\"https:\\\/\\\/letrame.com\\\/catalogo\\\/wp-content\\\/uploads\\\/2024\\\/03\\\/logo2.webp\",\"contentUrl\":\"https:\\\/\\\/letrame.com\\\/catalogo\\\/wp-content\\\/uploads\\\/2024\\\/03\\\/logo2.webp\",\"width\":394,\"height\":128,\"caption\":\"Catalogo | Letrame Grupo Editorial\"},\"image\":{\"@id\":\"https:\\\/\\\/letrame.com\\\/catalogo\\\/#\\\/schema\\\/logo\\\/image\\\/\"}}]}<\/script>\n<!-- \/ Yoast SEO plugin. -->","yoast_head_json":{"title":"Cuentos de la buena pipa - Catalogo | Letrame Grupo Editorial","robots":{"index":"index","follow":"follow","max-snippet":"max-snippet:-1","max-image-preview":"max-image-preview:large","max-video-preview":"max-video-preview:-1"},"canonical":"https:\/\/letrame.com\/catalogo\/producto\/cuentos-de-la-buena-pipa\/","og_locale":"es_ES","og_type":"article","og_title":"Cuentos de la buena pipa - Catalogo | Letrame Grupo Editorial","og_description":"ISN: 978-84-18512-56-8 Quise o\u00edr clamar mi alma de viajero, quiz\u00e1s desde la curiosidad que me causaba la v\u00eda de los trenes, trenes negros, lentos, bananeros, cuyo peso mov\u00eda las entra\u00f1as de la Tierra. V\u00edas largas, interminables, cruz\u00e1ndose en el paisaje triste y desolado de las estaciones. Andenes donde nacen los adioses y las direcciones convergen la presencia inalterable de llegadas y despedidas. Trenes con compartimentos de madera color g\u00fcisqui y olor rancio a pl\u00e1tanos, a tortilla de patatas, a humanidad, a tabaco impregnados, ante ventanas contando por s\u00ed im\u00e1genes de un determinado territorio, paisajes que se un\u00edan como escenas proyectadas en un cinemat\u00f3grafo. La brillante frialdad de la lluvia en el gris serpenteante de carreteras que comenzaban en mi ciudad y llegaban a un lugar del mundo. Lejanas ciudades cuyos nombres hab\u00eda escuchado o visto en los mapas y en las pel\u00edculas: Macao, Pernambuco, Sebastopol, Maracaibo, Fernando Poo.","og_url":"https:\/\/letrame.com\/catalogo\/producto\/cuentos-de-la-buena-pipa\/","og_site_name":"Catalogo | Letrame Grupo Editorial","og_image":[{"width":1746,"height":2560,"url":"https:\/\/letrame.com\/catalogo\/wp-content\/uploads\/2024\/04\/Cuentos-de-la-buena-pipa-scaled-1.jpg","type":"image\/jpeg"}],"twitter_card":"summary_large_image","twitter_misc":{"Tiempo de lectura":"1 minuto"},"schema":{"@context":"https:\/\/schema.org","@graph":[{"@type":"WebPage","@id":"https:\/\/letrame.com\/catalogo\/producto\/cuentos-de-la-buena-pipa\/","url":"https:\/\/letrame.com\/catalogo\/producto\/cuentos-de-la-buena-pipa\/","name":"Cuentos de la buena pipa - Catalogo | Letrame Grupo Editorial","isPartOf":{"@id":"https:\/\/letrame.com\/catalogo\/#website"},"primaryImageOfPage":{"@id":"https:\/\/letrame.com\/catalogo\/producto\/cuentos-de-la-buena-pipa\/#primaryimage"},"image":{"@id":"https:\/\/letrame.com\/catalogo\/producto\/cuentos-de-la-buena-pipa\/#primaryimage"},"thumbnailUrl":"https:\/\/letrame.com\/catalogo\/wp-content\/uploads\/2024\/04\/Cuentos-de-la-buena-pipa-scaled-1.jpg","datePublished":"2024-04-18T12:20:30+00:00","breadcrumb":{"@id":"https:\/\/letrame.com\/catalogo\/producto\/cuentos-de-la-buena-pipa\/#breadcrumb"},"inLanguage":"es","potentialAction":[{"@type":"ReadAction","target":["https:\/\/letrame.com\/catalogo\/producto\/cuentos-de-la-buena-pipa\/"]}]},{"@type":"ImageObject","inLanguage":"es","@id":"https:\/\/letrame.com\/catalogo\/producto\/cuentos-de-la-buena-pipa\/#primaryimage","url":"https:\/\/letrame.com\/catalogo\/wp-content\/uploads\/2024\/04\/Cuentos-de-la-buena-pipa-scaled-1.jpg","contentUrl":"https:\/\/letrame.com\/catalogo\/wp-content\/uploads\/2024\/04\/Cuentos-de-la-buena-pipa-scaled-1.jpg","width":1746,"height":2560},{"@type":"BreadcrumbList","@id":"https:\/\/letrame.com\/catalogo\/producto\/cuentos-de-la-buena-pipa\/#breadcrumb","itemListElement":[{"@type":"ListItem","position":1,"name":"Portada","item":"https:\/\/letrame.com\/catalogo\/"},{"@type":"ListItem","position":2,"name":"Cat\u00e1logo","item":"https:\/\/letrame.com\/catalogo\/"},{"@type":"ListItem","position":3,"name":"Cuentos de la buena pipa"}]},{"@type":"WebSite","@id":"https:\/\/letrame.com\/catalogo\/#website","url":"https:\/\/letrame.com\/catalogo\/","name":"Catalogo | Letrame Grupo Editorial","description":"","publisher":{"@id":"https:\/\/letrame.com\/catalogo\/#organization"},"potentialAction":[{"@type":"SearchAction","target":{"@type":"EntryPoint","urlTemplate":"https:\/\/letrame.com\/catalogo\/?s={search_term_string}"},"query-input":{"@type":"PropertyValueSpecification","valueRequired":true,"valueName":"search_term_string"}}],"inLanguage":"es"},{"@type":"Organization","@id":"https:\/\/letrame.com\/catalogo\/#organization","name":"Catalogo | Letrame Grupo Editorial","url":"https:\/\/letrame.com\/catalogo\/","logo":{"@type":"ImageObject","inLanguage":"es","@id":"https:\/\/letrame.com\/catalogo\/#\/schema\/logo\/image\/","url":"https:\/\/letrame.com\/catalogo\/wp-content\/uploads\/2024\/03\/logo2.webp","contentUrl":"https:\/\/letrame.com\/catalogo\/wp-content\/uploads\/2024\/03\/logo2.webp","width":394,"height":128,"caption":"Catalogo | Letrame Grupo Editorial"},"image":{"@id":"https:\/\/letrame.com\/catalogo\/#\/schema\/logo\/image\/"}}]}},"_links":{"self":[{"href":"https:\/\/letrame.com\/catalogo\/wp-json\/wp\/v2\/product\/95985","targetHints":{"allow":["GET"]}}],"collection":[{"href":"https:\/\/letrame.com\/catalogo\/wp-json\/wp\/v2\/product"}],"about":[{"href":"https:\/\/letrame.com\/catalogo\/wp-json\/wp\/v2\/types\/product"}],"replies":[{"embeddable":true,"href":"https:\/\/letrame.com\/catalogo\/wp-json\/wp\/v2\/comments?post=95985"}],"acf:post":[{"embeddable":true,"href":"https:\/\/letrame.com\/catalogo\/wp-json\/wp\/v2\/author_book\/74587"}],"wp:featuredmedia":[{"embeddable":true,"href":"https:\/\/letrame.com\/catalogo\/wp-json\/wp\/v2\/media\/95986"}],"wp:attachment":[{"href":"https:\/\/letrame.com\/catalogo\/wp-json\/wp\/v2\/media?parent=95985"}],"wp:term":[{"taxonomy":"libro","embeddable":true,"href":"https:\/\/letrame.com\/catalogo\/wp-json\/wp\/v2\/libro?post=95985"},{"taxonomy":"product_brand","embeddable":true,"href":"https:\/\/letrame.com\/catalogo\/wp-json\/wp\/v2\/product_brand?post=95985"},{"taxonomy":"product_cat","embeddable":true,"href":"https:\/\/letrame.com\/catalogo\/wp-json\/wp\/v2\/product_cat?post=95985"},{"taxonomy":"product_tag","embeddable":true,"href":"https:\/\/letrame.com\/catalogo\/wp-json\/wp\/v2\/product_tag?post=95985"}],"curies":[{"name":"wp","href":"https:\/\/api.w.org\/{rel}","templated":true}]}}