{"id":95960,"date":"2024-04-18T14:17:34","date_gmt":"2024-04-18T12:17:34","guid":{"rendered":"https:\/\/letrame.com\/catalogo\/producto\/creciendo-en-intimidad-con-jesus\/"},"modified":"2024-04-18T14:17:49","modified_gmt":"2024-04-18T12:17:49","slug":"creciendo-en-intimidad-con-jesus","status":"publish","type":"product","link":"https:\/\/letrame.com\/catalogo\/producto\/creciendo-en-intimidad-con-jesus\/","title":{"rendered":"Creciendo en intimidad con Jes\u00fas"},"content":{"rendered":"\n<p><strong>ISBN<\/strong>: 978-84-18398-36-0<br><strong>T\u00edtulo<\/strong>: Creciendo en intimidad con Jes\u00fas<br><strong>Fecha<\/strong>: 2020<br><strong>P\u00e1ginas<\/strong>:\u00a0150<\/p>\n\n\n\n<p><strong>SINOPSIS<\/strong><\/p>\n\n\n\n<p>Jos\u00e9 Luis Nunes Gomes escribe este libro desde la convicci\u00f3n de que la gran mayor\u00eda de seres humanos, practicantes o no de cualquier religi\u00f3n, no saben hablar con Dios de una manera sencilla y directa cuando se disponen a orar.<\/p>\n\n\n\n<p>&nbsp;&nbsp;&nbsp;&nbsp;&nbsp;&nbsp;&nbsp;&nbsp;&nbsp;&nbsp;&nbsp; Orar es una necesidad b\u00e1sica de la realidad humana, pues la dimensi\u00f3n trascendental nos hace ser lo que realmente somos. Pero la gran mayor\u00eda de personas que oran se conforman con repetir oraciones que aprendieron en la infancia sin saborear nunca la exquisitez de hablar con Dios con las propias palabras que nacen de un coraz\u00f3n enamorado y necesitado de ser escuchado.<\/p>\n\n\n\n<p>Otra convicci\u00f3n que inspira este libro es que la oraci\u00f3n que m\u00e1s agrada a Dios es la oraci\u00f3n que nace del coraz\u00f3n de una manera natural y espont\u00e1nea. Dios acepta con mucha alegr\u00eda la oraci\u00f3n de quien abre su coraz\u00f3n ante \u00c9l y se desahoga de manera plena y sincera.<\/p>\n\n\n\n<p>&nbsp;&nbsp;&nbsp;&nbsp;&nbsp;&nbsp;&nbsp;&nbsp;&nbsp;&nbsp;&nbsp; Este libro es un compendio de treinta Encuentros con Jes\u00fas, especialmente en el misterio de la Eucarist\u00eda. Cada Encuentro est\u00e1 compuesto de cuatro oraciones; una de alabanza, otra de sanaci\u00f3n y s\u00faplica de perd\u00f3n, otra de petici\u00f3n y otra de acci\u00f3n de gracias; pues toda oraci\u00f3n cristiana debe pasar, por lo menos, por estos cuatro momentos.<\/p>\n\n\n\n<p>&nbsp;&nbsp;&nbsp;&nbsp;&nbsp;&nbsp;&nbsp;&nbsp;&nbsp;&nbsp;&nbsp; Es la intenci\u00f3n sincera del autor que esta obra haga a sus lectores hablar con Jes\u00fas de manera natural y sencilla; y les inspire a dirigirle a \u00c9l oraciones propias, nacidas del coraz\u00f3n.<\/p>\n","protected":false},"excerpt":{"rendered":"<p><strong>ISBN: 978-84-18398-36-0<\/strong><\/p>\n<p>Jos\u00e9 Luis Nunes Gomes escribe este libro desde la convicci\u00f3n de que la gran mayor\u00eda de seres humanos, practicantes o no de cualquier religi\u00f3n, no saben hablar con Dios de una manera sencilla y directa cuando se disponen a orar.<\/p>\n","protected":false},"featured_media":95961,"comment_status":"closed","ping_status":"open","template":"","meta":{"_acf_changed":false},"libro":[],"product_brand":[],"product_cat":[25],"product_tag":[],"class_list":{"0":"post-95960","1":"product","2":"type-product","3":"status-publish","4":"has-post-thumbnail","6":"product_cat-religion-y-espiritualidad","8":"first","9":"instock","10":"purchasable","11":"product-type-simple"},"acf":{"autor":[74675],"enlace_de_compra":"https:\/\/www.amazon.es\/Creciendo-intimidad-Jes%C3%BAs-Nunes-Gomes\/dp\/8418398361\/ref=sr_1_1?__mk_es_ES=%C3%85M%C3%85%C5%BD%C3%95%C3%91&amp&dchild=1&amp&keywords=Creciendo+en+intimidad+con+Jes%C3%BAs+letrame&amp&qid=1603713696&amp&sr=8-1"},"yoast_head":"<!-- This site is optimized with the Yoast SEO plugin v27.4 - https:\/\/yoast.com\/product\/yoast-seo-wordpress\/ -->\n<title>Creciendo en intimidad con Jes\u00fas - Catalogo | Letrame Grupo Editorial<\/title>\n<meta name=\"robots\" content=\"index, follow, max-snippet:-1, max-image-preview:large, max-video-preview:-1\" \/>\n<link rel=\"canonical\" href=\"https:\/\/letrame.com\/catalogo\/producto\/creciendo-en-intimidad-con-jesus\/\" \/>\n<meta property=\"og:locale\" content=\"es_ES\" \/>\n<meta property=\"og:type\" content=\"article\" \/>\n<meta property=\"og:title\" content=\"Creciendo en intimidad con Jes\u00fas - Catalogo | Letrame Grupo Editorial\" \/>\n<meta property=\"og:description\" content=\"ISBN: 978-84-18398-36-0 Jos\u00e9 Luis Nunes Gomes escribe este libro desde la convicci\u00f3n de que la gran mayor\u00eda de seres humanos, practicantes o no de cualquier religi\u00f3n, no saben hablar con Dios de una manera sencilla y directa cuando se disponen a orar.\" \/>\n<meta property=\"og:url\" content=\"https:\/\/letrame.com\/catalogo\/producto\/creciendo-en-intimidad-con-jesus\/\" \/>\n<meta property=\"og:site_name\" content=\"Catalogo | Letrame Grupo Editorial\" \/>\n<meta property=\"article:modified_time\" content=\"2024-04-18T12:17:49+00:00\" \/>\n<meta property=\"og:image\" content=\"https:\/\/letrame.com\/catalogo\/wp-content\/uploads\/2024\/04\/Ceciendo-en-intimidad-con-Jes\u00b4s-scaled-1.jpg\" \/>\n\t<meta property=\"og:image:width\" content=\"1746\" \/>\n\t<meta property=\"og:image:height\" content=\"2560\" \/>\n\t<meta property=\"og:image:type\" content=\"image\/jpeg\" \/>\n<meta name=\"twitter:card\" content=\"summary_large_image\" \/>\n<meta name=\"twitter:label1\" content=\"Tiempo de lectura\" \/>\n\t<meta name=\"twitter:data1\" content=\"2 minutos\" \/>\n<script type=\"application\/ld+json\" class=\"yoast-schema-graph\">{\"@context\":\"https:\\\/\\\/schema.org\",\"@graph\":[{\"@type\":\"WebPage\",\"@id\":\"https:\\\/\\\/letrame.com\\\/catalogo\\\/producto\\\/creciendo-en-intimidad-con-jesus\\\/\",\"url\":\"https:\\\/\\\/letrame.com\\\/catalogo\\\/producto\\\/creciendo-en-intimidad-con-jesus\\\/\",\"name\":\"Creciendo en intimidad con Jes\u00fas - Catalogo | Letrame Grupo Editorial\",\"isPartOf\":{\"@id\":\"https:\\\/\\\/letrame.com\\\/catalogo\\\/#website\"},\"primaryImageOfPage\":{\"@id\":\"https:\\\/\\\/letrame.com\\\/catalogo\\\/producto\\\/creciendo-en-intimidad-con-jesus\\\/#primaryimage\"},\"image\":{\"@id\":\"https:\\\/\\\/letrame.com\\\/catalogo\\\/producto\\\/creciendo-en-intimidad-con-jesus\\\/#primaryimage\"},\"thumbnailUrl\":\"https:\\\/\\\/letrame.com\\\/catalogo\\\/wp-content\\\/uploads\\\/2024\\\/04\\\/Ceciendo-en-intimidad-con-Jes\u00b4s-scaled-1.jpg\",\"datePublished\":\"2024-04-18T12:17:34+00:00\",\"dateModified\":\"2024-04-18T12:17:49+00:00\",\"breadcrumb\":{\"@id\":\"https:\\\/\\\/letrame.com\\\/catalogo\\\/producto\\\/creciendo-en-intimidad-con-jesus\\\/#breadcrumb\"},\"inLanguage\":\"es\",\"potentialAction\":[{\"@type\":\"ReadAction\",\"target\":[\"https:\\\/\\\/letrame.com\\\/catalogo\\\/producto\\\/creciendo-en-intimidad-con-jesus\\\/\"]}]},{\"@type\":\"ImageObject\",\"inLanguage\":\"es\",\"@id\":\"https:\\\/\\\/letrame.com\\\/catalogo\\\/producto\\\/creciendo-en-intimidad-con-jesus\\\/#primaryimage\",\"url\":\"https:\\\/\\\/letrame.com\\\/catalogo\\\/wp-content\\\/uploads\\\/2024\\\/04\\\/Ceciendo-en-intimidad-con-Jes\u00b4s-scaled-1.jpg\",\"contentUrl\":\"https:\\\/\\\/letrame.com\\\/catalogo\\\/wp-content\\\/uploads\\\/2024\\\/04\\\/Ceciendo-en-intimidad-con-Jes\u00b4s-scaled-1.jpg\",\"width\":1746,\"height\":2560},{\"@type\":\"BreadcrumbList\",\"@id\":\"https:\\\/\\\/letrame.com\\\/catalogo\\\/producto\\\/creciendo-en-intimidad-con-jesus\\\/#breadcrumb\",\"itemListElement\":[{\"@type\":\"ListItem\",\"position\":1,\"name\":\"Portada\",\"item\":\"https:\\\/\\\/letrame.com\\\/catalogo\\\/\"},{\"@type\":\"ListItem\",\"position\":2,\"name\":\"Cat\u00e1logo\",\"item\":\"https:\\\/\\\/letrame.com\\\/catalogo\\\/\"},{\"@type\":\"ListItem\",\"position\":3,\"name\":\"Creciendo en intimidad con Jes\u00fas\"}]},{\"@type\":\"WebSite\",\"@id\":\"https:\\\/\\\/letrame.com\\\/catalogo\\\/#website\",\"url\":\"https:\\\/\\\/letrame.com\\\/catalogo\\\/\",\"name\":\"Catalogo | Letrame Grupo Editorial\",\"description\":\"\",\"publisher\":{\"@id\":\"https:\\\/\\\/letrame.com\\\/catalogo\\\/#organization\"},\"potentialAction\":[{\"@type\":\"SearchAction\",\"target\":{\"@type\":\"EntryPoint\",\"urlTemplate\":\"https:\\\/\\\/letrame.com\\\/catalogo\\\/?s={search_term_string}\"},\"query-input\":{\"@type\":\"PropertyValueSpecification\",\"valueRequired\":true,\"valueName\":\"search_term_string\"}}],\"inLanguage\":\"es\"},{\"@type\":\"Organization\",\"@id\":\"https:\\\/\\\/letrame.com\\\/catalogo\\\/#organization\",\"name\":\"Catalogo | Letrame Grupo Editorial\",\"url\":\"https:\\\/\\\/letrame.com\\\/catalogo\\\/\",\"logo\":{\"@type\":\"ImageObject\",\"inLanguage\":\"es\",\"@id\":\"https:\\\/\\\/letrame.com\\\/catalogo\\\/#\\\/schema\\\/logo\\\/image\\\/\",\"url\":\"https:\\\/\\\/letrame.com\\\/catalogo\\\/wp-content\\\/uploads\\\/2024\\\/03\\\/logo2.webp\",\"contentUrl\":\"https:\\\/\\\/letrame.com\\\/catalogo\\\/wp-content\\\/uploads\\\/2024\\\/03\\\/logo2.webp\",\"width\":394,\"height\":128,\"caption\":\"Catalogo | Letrame Grupo Editorial\"},\"image\":{\"@id\":\"https:\\\/\\\/letrame.com\\\/catalogo\\\/#\\\/schema\\\/logo\\\/image\\\/\"}}]}<\/script>\n<!-- \/ Yoast SEO plugin. -->","yoast_head_json":{"title":"Creciendo en intimidad con Jes\u00fas - Catalogo | Letrame Grupo Editorial","robots":{"index":"index","follow":"follow","max-snippet":"max-snippet:-1","max-image-preview":"max-image-preview:large","max-video-preview":"max-video-preview:-1"},"canonical":"https:\/\/letrame.com\/catalogo\/producto\/creciendo-en-intimidad-con-jesus\/","og_locale":"es_ES","og_type":"article","og_title":"Creciendo en intimidad con Jes\u00fas - Catalogo | Letrame Grupo Editorial","og_description":"ISBN: 978-84-18398-36-0 Jos\u00e9 Luis Nunes Gomes escribe este libro desde la convicci\u00f3n de que la gran mayor\u00eda de seres humanos, practicantes o no de cualquier religi\u00f3n, no saben hablar con Dios de una manera sencilla y directa cuando se disponen a orar.","og_url":"https:\/\/letrame.com\/catalogo\/producto\/creciendo-en-intimidad-con-jesus\/","og_site_name":"Catalogo | Letrame Grupo Editorial","article_modified_time":"2024-04-18T12:17:49+00:00","og_image":[{"width":1746,"height":2560,"url":"https:\/\/letrame.com\/catalogo\/wp-content\/uploads\/2024\/04\/Ceciendo-en-intimidad-con-Jes\u00b4s-scaled-1.jpg","type":"image\/jpeg"}],"twitter_card":"summary_large_image","twitter_misc":{"Tiempo de lectura":"2 minutos"},"schema":{"@context":"https:\/\/schema.org","@graph":[{"@type":"WebPage","@id":"https:\/\/letrame.com\/catalogo\/producto\/creciendo-en-intimidad-con-jesus\/","url":"https:\/\/letrame.com\/catalogo\/producto\/creciendo-en-intimidad-con-jesus\/","name":"Creciendo en intimidad con Jes\u00fas - Catalogo | Letrame Grupo Editorial","isPartOf":{"@id":"https:\/\/letrame.com\/catalogo\/#website"},"primaryImageOfPage":{"@id":"https:\/\/letrame.com\/catalogo\/producto\/creciendo-en-intimidad-con-jesus\/#primaryimage"},"image":{"@id":"https:\/\/letrame.com\/catalogo\/producto\/creciendo-en-intimidad-con-jesus\/#primaryimage"},"thumbnailUrl":"https:\/\/letrame.com\/catalogo\/wp-content\/uploads\/2024\/04\/Ceciendo-en-intimidad-con-Jes\u00b4s-scaled-1.jpg","datePublished":"2024-04-18T12:17:34+00:00","dateModified":"2024-04-18T12:17:49+00:00","breadcrumb":{"@id":"https:\/\/letrame.com\/catalogo\/producto\/creciendo-en-intimidad-con-jesus\/#breadcrumb"},"inLanguage":"es","potentialAction":[{"@type":"ReadAction","target":["https:\/\/letrame.com\/catalogo\/producto\/creciendo-en-intimidad-con-jesus\/"]}]},{"@type":"ImageObject","inLanguage":"es","@id":"https:\/\/letrame.com\/catalogo\/producto\/creciendo-en-intimidad-con-jesus\/#primaryimage","url":"https:\/\/letrame.com\/catalogo\/wp-content\/uploads\/2024\/04\/Ceciendo-en-intimidad-con-Jes\u00b4s-scaled-1.jpg","contentUrl":"https:\/\/letrame.com\/catalogo\/wp-content\/uploads\/2024\/04\/Ceciendo-en-intimidad-con-Jes\u00b4s-scaled-1.jpg","width":1746,"height":2560},{"@type":"BreadcrumbList","@id":"https:\/\/letrame.com\/catalogo\/producto\/creciendo-en-intimidad-con-jesus\/#breadcrumb","itemListElement":[{"@type":"ListItem","position":1,"name":"Portada","item":"https:\/\/letrame.com\/catalogo\/"},{"@type":"ListItem","position":2,"name":"Cat\u00e1logo","item":"https:\/\/letrame.com\/catalogo\/"},{"@type":"ListItem","position":3,"name":"Creciendo en intimidad con Jes\u00fas"}]},{"@type":"WebSite","@id":"https:\/\/letrame.com\/catalogo\/#website","url":"https:\/\/letrame.com\/catalogo\/","name":"Catalogo | Letrame Grupo Editorial","description":"","publisher":{"@id":"https:\/\/letrame.com\/catalogo\/#organization"},"potentialAction":[{"@type":"SearchAction","target":{"@type":"EntryPoint","urlTemplate":"https:\/\/letrame.com\/catalogo\/?s={search_term_string}"},"query-input":{"@type":"PropertyValueSpecification","valueRequired":true,"valueName":"search_term_string"}}],"inLanguage":"es"},{"@type":"Organization","@id":"https:\/\/letrame.com\/catalogo\/#organization","name":"Catalogo | Letrame Grupo Editorial","url":"https:\/\/letrame.com\/catalogo\/","logo":{"@type":"ImageObject","inLanguage":"es","@id":"https:\/\/letrame.com\/catalogo\/#\/schema\/logo\/image\/","url":"https:\/\/letrame.com\/catalogo\/wp-content\/uploads\/2024\/03\/logo2.webp","contentUrl":"https:\/\/letrame.com\/catalogo\/wp-content\/uploads\/2024\/03\/logo2.webp","width":394,"height":128,"caption":"Catalogo | Letrame Grupo Editorial"},"image":{"@id":"https:\/\/letrame.com\/catalogo\/#\/schema\/logo\/image\/"}}]}},"_links":{"self":[{"href":"https:\/\/letrame.com\/catalogo\/wp-json\/wp\/v2\/product\/95960","targetHints":{"allow":["GET"]}}],"collection":[{"href":"https:\/\/letrame.com\/catalogo\/wp-json\/wp\/v2\/product"}],"about":[{"href":"https:\/\/letrame.com\/catalogo\/wp-json\/wp\/v2\/types\/product"}],"replies":[{"embeddable":true,"href":"https:\/\/letrame.com\/catalogo\/wp-json\/wp\/v2\/comments?post=95960"}],"acf:post":[{"embeddable":true,"href":"https:\/\/letrame.com\/catalogo\/wp-json\/wp\/v2\/author_book\/74675"}],"wp:featuredmedia":[{"embeddable":true,"href":"https:\/\/letrame.com\/catalogo\/wp-json\/wp\/v2\/media\/95961"}],"wp:attachment":[{"href":"https:\/\/letrame.com\/catalogo\/wp-json\/wp\/v2\/media?parent=95960"}],"wp:term":[{"taxonomy":"libro","embeddable":true,"href":"https:\/\/letrame.com\/catalogo\/wp-json\/wp\/v2\/libro?post=95960"},{"taxonomy":"product_brand","embeddable":true,"href":"https:\/\/letrame.com\/catalogo\/wp-json\/wp\/v2\/product_brand?post=95960"},{"taxonomy":"product_cat","embeddable":true,"href":"https:\/\/letrame.com\/catalogo\/wp-json\/wp\/v2\/product_cat?post=95960"},{"taxonomy":"product_tag","embeddable":true,"href":"https:\/\/letrame.com\/catalogo\/wp-json\/wp\/v2\/product_tag?post=95960"}],"curies":[{"name":"wp","href":"https:\/\/api.w.org\/{rel}","templated":true}]}}