{"id":95956,"date":"2024-04-18T14:17:20","date_gmt":"2024-04-18T12:17:20","guid":{"rendered":"https:\/\/letrame.com\/catalogo\/producto\/hora-de-decidir\/"},"modified":"2024-04-18T14:17:20","modified_gmt":"2024-04-18T12:17:20","slug":"hora-de-decidir","status":"publish","type":"product","link":"https:\/\/letrame.com\/catalogo\/producto\/hora-de-decidir\/","title":{"rendered":"Hora de decidir"},"content":{"rendered":"\n<p><strong>ISBN<\/strong>: 978-84-18468-01-8<br><strong>T\u00edtulo<\/strong>: Hora de decidir<br><strong>Fecha<\/strong>: 2020<br><strong>P\u00e1ginas<\/strong>:\u00a0166<\/p>\n\n\n\n<p><strong>SINOPSIS<\/strong><\/p>\n\n\n\n<p><strong>Cada d\u00eda tomas unas <u>2500 decisiones<\/u>. Un 95% de las cuales las haces sin pensar, de forma autom\u00e1tica; sin ser consciente de c\u00f3mo las has tomado. No sigues ninguna metodolog\u00eda.<\/strong><\/p>\n\n\n\n<p><strong>Por su parte, los \u00e1rbitros de \u00e9lite toman una media de 250 decisiones en un partido deportivo. No tienen tiempo material para pensar, tienen que <u>decidir en d\u00e9cimas de segundo<\/u>: Ha sido Gol o no; permite seguir el juego o lo interrumpe para se\u00f1alar un Penalti. Los <u>\u00e1rbitros toman decisiones trascendentales&nbsp;para el desarrollo del juego<\/u> y se han dotado de sistemas para que, bajo la lupa de la justicia, los partidos puedan llevarse a cabo bajo un precepto: que se cumplan las Reglas del Juego.&nbsp;<\/strong><strong><\/strong><\/p>\n\n\n\n<p><strong>En <em>Hora de Decidir<\/em>, Paco V\u00e1zquez comparte el <u>m\u00e9todo AAA.<\/u> Tres sencillos pasos basados en su experiencia como \u00e1rbitro internacional para ayudarte en tu toma de decisiones. Una metodolog\u00eda desarrollada durante su carrera deportiva y contrastada con otros \u00e1rbitros de \u00e9lite, adapt\u00e1ndola y haci\u00e9ndola aplicable en la toma de decisiones en organizaciones y en cualquier \u00e1mbito de tu vida.<\/strong><strong><\/strong><\/p>\n\n\n\n<p><strong>Cuando tienes que tomar una decisi\u00f3n dif\u00edcil entran en juego tus sentimientos, te exaltan y tu juicio se nubla. Esto implica que no puedes dejar de lado en el an\u00e1lisis un ingrediente esencial: la emoci\u00f3n. Al aplicar el m\u00e9todo AAA comprender\u00e1s qu\u00e9 te sucede y c\u00f3mo puedes gestionarla.<\/strong><strong><\/strong><\/p>\n\n\n\n<p><strong>Tras aplicar las herramientas pr\u00e1cticas de este libro tendr\u00e1s la capacidad de decidir con <u>lucidez y rapidez<\/u>, pase lo que pase a tu alrededor, y que se cumplan <u>TUS Reglas<\/u> del juego.<\/strong><strong><\/strong><\/p>\n","protected":false},"excerpt":{"rendered":"<p><strong>ISBN: 978-84-18468-01-8<\/strong><\/p>\n<p><strong data-rich-text-format-boundary=\"true\">Por su parte, los \u00e1rbitros de \u00e9lite toman una media de 250 decisiones en un partido deportivo. No tienen tiempo material para pensar, tienen que <u>decidir en d\u00e9cimas de segundo<\/u>: Ha sido Gol o no; permite seguir el juego o lo interrumpe para se\u00f1alar un Penalti. Los <u>\u00e1rbitros toman decisiones trascendentales\u00a0para el desarrollo del juego<\/u> y se han dotado de sistemas para que, bajo la lupa de la justicia, los partidos puedan llevarse a cabo bajo un precepto: que se cumplan las Reglas del Juego.\u00a0<\/strong><\/p>\n","protected":false},"featured_media":95957,"comment_status":"closed","ping_status":"open","template":"","meta":{"_acf_changed":false},"libro":[],"product_brand":[],"product_cat":[23],"product_tag":[],"class_list":{"0":"post-95956","1":"product","2":"type-product","3":"status-publish","4":"has-post-thumbnail","6":"product_cat-ensayos","8":"first","9":"instock","10":"purchasable","11":"product-type-simple"},"acf":{"autor":[74670],"enlace_de_compra":""},"yoast_head":"<!-- This site is optimized with the Yoast SEO plugin v26.6 - https:\/\/yoast.com\/wordpress\/plugins\/seo\/ -->\n<title>Hora de decidir - Catalogo | Letrame Grupo Editorial<\/title>\n<meta name=\"robots\" content=\"index, follow, max-snippet:-1, max-image-preview:large, max-video-preview:-1\" \/>\n<link rel=\"canonical\" href=\"https:\/\/letrame.com\/catalogo\/producto\/hora-de-decidir\/\" \/>\n<meta property=\"og:locale\" content=\"es_ES\" \/>\n<meta property=\"og:type\" content=\"article\" \/>\n<meta property=\"og:title\" content=\"Hora de decidir - Catalogo | Letrame Grupo Editorial\" \/>\n<meta property=\"og:description\" content=\"ISBN: 978-84-18468-01-8 Por su parte, los \u00e1rbitros de \u00e9lite toman una media de 250 decisiones en un partido deportivo. No tienen tiempo material para pensar, tienen que decidir en d\u00e9cimas de segundo: Ha sido Gol o no; permite seguir el juego o lo interrumpe para se\u00f1alar un Penalti. Los \u00e1rbitros toman decisiones trascendentales\u00a0para el desarrollo del juego y se han dotado de sistemas para que, bajo la lupa de la justicia, los partidos puedan llevarse a cabo bajo un precepto: que se cumplan las Reglas del Juego.\u00a0\" \/>\n<meta property=\"og:url\" content=\"https:\/\/letrame.com\/catalogo\/producto\/hora-de-decidir\/\" \/>\n<meta property=\"og:site_name\" content=\"Catalogo | Letrame Grupo Editorial\" \/>\n<meta property=\"og:image\" content=\"https:\/\/letrame.com\/catalogo\/wp-content\/uploads\/2024\/04\/portada_horadedecidir_876mm-compressed-scaled-1.jpg\" \/>\n\t<meta property=\"og:image:width\" content=\"1746\" \/>\n\t<meta property=\"og:image:height\" content=\"2560\" \/>\n\t<meta property=\"og:image:type\" content=\"image\/jpeg\" \/>\n<meta name=\"twitter:card\" content=\"summary_large_image\" \/>\n<meta name=\"twitter:label1\" content=\"Tiempo de lectura\" \/>\n\t<meta name=\"twitter:data1\" content=\"1 minuto\" \/>\n<script type=\"application\/ld+json\" class=\"yoast-schema-graph\">{\"@context\":\"https:\/\/schema.org\",\"@graph\":[{\"@type\":\"WebPage\",\"@id\":\"https:\/\/letrame.com\/catalogo\/producto\/hora-de-decidir\/\",\"url\":\"https:\/\/letrame.com\/catalogo\/producto\/hora-de-decidir\/\",\"name\":\"Hora de decidir - Catalogo | Letrame Grupo Editorial\",\"isPartOf\":{\"@id\":\"https:\/\/letrame.com\/catalogo\/#website\"},\"primaryImageOfPage\":{\"@id\":\"https:\/\/letrame.com\/catalogo\/producto\/hora-de-decidir\/#primaryimage\"},\"image\":{\"@id\":\"https:\/\/letrame.com\/catalogo\/producto\/hora-de-decidir\/#primaryimage\"},\"thumbnailUrl\":\"https:\/\/letrame.com\/catalogo\/wp-content\/uploads\/2024\/04\/portada_horadedecidir_876mm-compressed-scaled-1.jpg\",\"datePublished\":\"2024-04-18T12:17:20+00:00\",\"breadcrumb\":{\"@id\":\"https:\/\/letrame.com\/catalogo\/producto\/hora-de-decidir\/#breadcrumb\"},\"inLanguage\":\"es\",\"potentialAction\":[{\"@type\":\"ReadAction\",\"target\":[\"https:\/\/letrame.com\/catalogo\/producto\/hora-de-decidir\/\"]}]},{\"@type\":\"ImageObject\",\"inLanguage\":\"es\",\"@id\":\"https:\/\/letrame.com\/catalogo\/producto\/hora-de-decidir\/#primaryimage\",\"url\":\"https:\/\/letrame.com\/catalogo\/wp-content\/uploads\/2024\/04\/portada_horadedecidir_876mm-compressed-scaled-1.jpg\",\"contentUrl\":\"https:\/\/letrame.com\/catalogo\/wp-content\/uploads\/2024\/04\/portada_horadedecidir_876mm-compressed-scaled-1.jpg\",\"width\":1746,\"height\":2560},{\"@type\":\"BreadcrumbList\",\"@id\":\"https:\/\/letrame.com\/catalogo\/producto\/hora-de-decidir\/#breadcrumb\",\"itemListElement\":[{\"@type\":\"ListItem\",\"position\":1,\"name\":\"Portada\",\"item\":\"https:\/\/letrame.com\/catalogo\/\"},{\"@type\":\"ListItem\",\"position\":2,\"name\":\"Cat\u00e1logo\",\"item\":\"https:\/\/letrame.com\/catalogo\/\"},{\"@type\":\"ListItem\",\"position\":3,\"name\":\"Hora de decidir\"}]},{\"@type\":\"WebSite\",\"@id\":\"https:\/\/letrame.com\/catalogo\/#website\",\"url\":\"https:\/\/letrame.com\/catalogo\/\",\"name\":\"Catalogo | Letrame Grupo Editorial\",\"description\":\"\",\"publisher\":{\"@id\":\"https:\/\/letrame.com\/catalogo\/#organization\"},\"potentialAction\":[{\"@type\":\"SearchAction\",\"target\":{\"@type\":\"EntryPoint\",\"urlTemplate\":\"https:\/\/letrame.com\/catalogo\/?s={search_term_string}\"},\"query-input\":{\"@type\":\"PropertyValueSpecification\",\"valueRequired\":true,\"valueName\":\"search_term_string\"}}],\"inLanguage\":\"es\"},{\"@type\":\"Organization\",\"@id\":\"https:\/\/letrame.com\/catalogo\/#organization\",\"name\":\"Catalogo | Letrame Grupo Editorial\",\"url\":\"https:\/\/letrame.com\/catalogo\/\",\"logo\":{\"@type\":\"ImageObject\",\"inLanguage\":\"es\",\"@id\":\"https:\/\/letrame.com\/catalogo\/#\/schema\/logo\/image\/\",\"url\":\"https:\/\/letrame.com\/catalogo\/wp-content\/uploads\/2024\/03\/logo2.webp\",\"contentUrl\":\"https:\/\/letrame.com\/catalogo\/wp-content\/uploads\/2024\/03\/logo2.webp\",\"width\":394,\"height\":128,\"caption\":\"Catalogo | Letrame Grupo Editorial\"},\"image\":{\"@id\":\"https:\/\/letrame.com\/catalogo\/#\/schema\/logo\/image\/\"}}]}<\/script>\n<!-- \/ Yoast SEO plugin. -->","yoast_head_json":{"title":"Hora de decidir - Catalogo | Letrame Grupo Editorial","robots":{"index":"index","follow":"follow","max-snippet":"max-snippet:-1","max-image-preview":"max-image-preview:large","max-video-preview":"max-video-preview:-1"},"canonical":"https:\/\/letrame.com\/catalogo\/producto\/hora-de-decidir\/","og_locale":"es_ES","og_type":"article","og_title":"Hora de decidir - Catalogo | Letrame Grupo Editorial","og_description":"ISBN: 978-84-18468-01-8 Por su parte, los \u00e1rbitros de \u00e9lite toman una media de 250 decisiones en un partido deportivo. No tienen tiempo material para pensar, tienen que decidir en d\u00e9cimas de segundo: Ha sido Gol o no; permite seguir el juego o lo interrumpe para se\u00f1alar un Penalti. Los \u00e1rbitros toman decisiones trascendentales\u00a0para el desarrollo del juego y se han dotado de sistemas para que, bajo la lupa de la justicia, los partidos puedan llevarse a cabo bajo un precepto: que se cumplan las Reglas del Juego.\u00a0","og_url":"https:\/\/letrame.com\/catalogo\/producto\/hora-de-decidir\/","og_site_name":"Catalogo | Letrame Grupo Editorial","og_image":[{"width":1746,"height":2560,"url":"https:\/\/letrame.com\/catalogo\/wp-content\/uploads\/2024\/04\/portada_horadedecidir_876mm-compressed-scaled-1.jpg","type":"image\/jpeg"}],"twitter_card":"summary_large_image","twitter_misc":{"Tiempo de lectura":"1 minuto"},"schema":{"@context":"https:\/\/schema.org","@graph":[{"@type":"WebPage","@id":"https:\/\/letrame.com\/catalogo\/producto\/hora-de-decidir\/","url":"https:\/\/letrame.com\/catalogo\/producto\/hora-de-decidir\/","name":"Hora de decidir - Catalogo | Letrame Grupo Editorial","isPartOf":{"@id":"https:\/\/letrame.com\/catalogo\/#website"},"primaryImageOfPage":{"@id":"https:\/\/letrame.com\/catalogo\/producto\/hora-de-decidir\/#primaryimage"},"image":{"@id":"https:\/\/letrame.com\/catalogo\/producto\/hora-de-decidir\/#primaryimage"},"thumbnailUrl":"https:\/\/letrame.com\/catalogo\/wp-content\/uploads\/2024\/04\/portada_horadedecidir_876mm-compressed-scaled-1.jpg","datePublished":"2024-04-18T12:17:20+00:00","breadcrumb":{"@id":"https:\/\/letrame.com\/catalogo\/producto\/hora-de-decidir\/#breadcrumb"},"inLanguage":"es","potentialAction":[{"@type":"ReadAction","target":["https:\/\/letrame.com\/catalogo\/producto\/hora-de-decidir\/"]}]},{"@type":"ImageObject","inLanguage":"es","@id":"https:\/\/letrame.com\/catalogo\/producto\/hora-de-decidir\/#primaryimage","url":"https:\/\/letrame.com\/catalogo\/wp-content\/uploads\/2024\/04\/portada_horadedecidir_876mm-compressed-scaled-1.jpg","contentUrl":"https:\/\/letrame.com\/catalogo\/wp-content\/uploads\/2024\/04\/portada_horadedecidir_876mm-compressed-scaled-1.jpg","width":1746,"height":2560},{"@type":"BreadcrumbList","@id":"https:\/\/letrame.com\/catalogo\/producto\/hora-de-decidir\/#breadcrumb","itemListElement":[{"@type":"ListItem","position":1,"name":"Portada","item":"https:\/\/letrame.com\/catalogo\/"},{"@type":"ListItem","position":2,"name":"Cat\u00e1logo","item":"https:\/\/letrame.com\/catalogo\/"},{"@type":"ListItem","position":3,"name":"Hora de decidir"}]},{"@type":"WebSite","@id":"https:\/\/letrame.com\/catalogo\/#website","url":"https:\/\/letrame.com\/catalogo\/","name":"Catalogo | Letrame Grupo Editorial","description":"","publisher":{"@id":"https:\/\/letrame.com\/catalogo\/#organization"},"potentialAction":[{"@type":"SearchAction","target":{"@type":"EntryPoint","urlTemplate":"https:\/\/letrame.com\/catalogo\/?s={search_term_string}"},"query-input":{"@type":"PropertyValueSpecification","valueRequired":true,"valueName":"search_term_string"}}],"inLanguage":"es"},{"@type":"Organization","@id":"https:\/\/letrame.com\/catalogo\/#organization","name":"Catalogo | Letrame Grupo Editorial","url":"https:\/\/letrame.com\/catalogo\/","logo":{"@type":"ImageObject","inLanguage":"es","@id":"https:\/\/letrame.com\/catalogo\/#\/schema\/logo\/image\/","url":"https:\/\/letrame.com\/catalogo\/wp-content\/uploads\/2024\/03\/logo2.webp","contentUrl":"https:\/\/letrame.com\/catalogo\/wp-content\/uploads\/2024\/03\/logo2.webp","width":394,"height":128,"caption":"Catalogo | Letrame Grupo Editorial"},"image":{"@id":"https:\/\/letrame.com\/catalogo\/#\/schema\/logo\/image\/"}}]}},"_links":{"self":[{"href":"https:\/\/letrame.com\/catalogo\/wp-json\/wp\/v2\/product\/95956","targetHints":{"allow":["GET"]}}],"collection":[{"href":"https:\/\/letrame.com\/catalogo\/wp-json\/wp\/v2\/product"}],"about":[{"href":"https:\/\/letrame.com\/catalogo\/wp-json\/wp\/v2\/types\/product"}],"replies":[{"embeddable":true,"href":"https:\/\/letrame.com\/catalogo\/wp-json\/wp\/v2\/comments?post=95956"}],"acf:post":[{"embeddable":true,"href":"https:\/\/letrame.com\/catalogo\/wp-json\/wp\/v2\/author_book\/74670"}],"wp:featuredmedia":[{"embeddable":true,"href":"https:\/\/letrame.com\/catalogo\/wp-json\/wp\/v2\/media\/95957"}],"wp:attachment":[{"href":"https:\/\/letrame.com\/catalogo\/wp-json\/wp\/v2\/media?parent=95956"}],"wp:term":[{"taxonomy":"libro","embeddable":true,"href":"https:\/\/letrame.com\/catalogo\/wp-json\/wp\/v2\/libro?post=95956"},{"taxonomy":"product_brand","embeddable":true,"href":"https:\/\/letrame.com\/catalogo\/wp-json\/wp\/v2\/product_brand?post=95956"},{"taxonomy":"product_cat","embeddable":true,"href":"https:\/\/letrame.com\/catalogo\/wp-json\/wp\/v2\/product_cat?post=95956"},{"taxonomy":"product_tag","embeddable":true,"href":"https:\/\/letrame.com\/catalogo\/wp-json\/wp\/v2\/product_tag?post=95956"}],"curies":[{"name":"wp","href":"https:\/\/api.w.org\/{rel}","templated":true}]}}