{"id":95937,"date":"2024-04-18T14:15:18","date_gmt":"2024-04-18T12:15:18","guid":{"rendered":"https:\/\/letrame.com\/catalogo\/producto\/me-dije-hazlo-y-lo-hice\/"},"modified":"2024-04-18T14:15:18","modified_gmt":"2024-04-18T12:15:18","slug":"me-dije-hazlo-y-lo-hice","status":"publish","type":"product","link":"https:\/\/letrame.com\/catalogo\/producto\/me-dije-hazlo-y-lo-hice\/","title":{"rendered":"ME DIJE \u00abHAZLO\u00bb Y LO HICE"},"content":{"rendered":"\n<p><strong>ISBN<\/strong>: 978-84-18398-93-3<br \/><strong>T\u00edtulo<\/strong>: ME DIJE \u00abHAZLO\u00bb Y LO HICE<br \/><strong>Fecha<\/strong>: 2020<br \/><strong>P\u00e1ginas<\/strong>:\u00a0236<\/p>\n\n\n\n<div class=\"wp-block-spacer\" style=\"height: 28px;\" aria-hidden=\"true\">\u00a0<\/div>\n\n\n\n<p><strong>SINOPSIS<\/strong><\/p>\n\n\n\n<p>\u00bfQu\u00e9 sentido tiene la vida si nosotros no le damos uno?<\/p>\n\n\n\n<p>Esa fue la reflexi\u00f3n de Sandra tras conocer en un orfanato a Ryan, un ni\u00f1o de tres a\u00f1os que casi no sab\u00eda andar porque no lo sacaban de la cuna.<\/p>\n\n\n\n<p>Ante la impotencia que le produc\u00eda la tristeza de Ryan, supo que mirar hacia otro lado habr\u00eda sido enga\u00f1arse como se enga\u00f1an los que se dicen \u00abno puedo\u00bb y se propuso ir m\u00e1s all\u00e1 de todos sus miedos, de todas sus creencias limitantes, de todos sus apegos con un \u00fanico objetivo: cumplir su sue\u00f1o.<\/p>\n\n\n\n<p>A trav\u00e9s de estas p\u00e1ginas, Sandra nos habla del amor m\u00e1s all\u00e1 de uno mismo, de la superaci\u00f3n, de la amistad, de dudar para despu\u00e9s confiar m\u00e1s fuerte, pero, sobre todo, habla de la vida, de lo urgente que es tener claro un objetivo, de lo invencibles que somos cuando nos lo proponemos y de c\u00f3mo detr\u00e1s de todos nuestros miedos se esconden nuestros sue\u00f1os, que est\u00e1n para cumplirlos.<\/p>\n\n\n\n<p>Porque la vida un d\u00eda se acaba y qu\u00e9 mejor que nos pille d\u00f3nde y c\u00f3mo queremos.<\/p>\n","protected":false},"excerpt":{"rendered":"<p class=\"p1\"><strong>ISBN: 978-84-18398-93-3<\/strong><\/p>\n<p>A trav\u00e9s de estas p\u00e1ginas, Sandra nos habla del amor m\u00e1s all\u00e1 de uno mismo, de la superaci\u00f3n, de la amistad, de dudar para despu\u00e9s confiar m\u00e1s fuerte, pero, sobre todo, habla de la vida, de lo urgente que es tener claro un objetivo, de lo invencibles que somos cuando nos lo proponemos y de c\u00f3mo detr\u00e1s de todos nuestros miedos se esconden nuestros sue\u00f1os, que est\u00e1n para cumplirlos. \u00a0<\/p>\n<p>Visitar noticia del autor: <a href=\"https:\/\/letrame.com\/catalogo\/noticias\/la-actriz-sandra-blazquez-presenta-me-dije-hazlo-y-lo-hice-un-libro-de-caracter-solidario\/\" target=\"_blank\" rel=\"noopener noreferrer\"><strong>La actriz Sandra Bl\u00e1zquez presenta \u201cMe dije hazlo y lo hice\u201d, un libro de car\u00e1cter solidario<\/strong><\/a><\/p>\n","protected":false},"featured_media":95938,"comment_status":"closed","ping_status":"open","template":"","meta":{"_acf_changed":false},"libro":[],"product_brand":[],"product_cat":[21,24],"product_tag":[],"class_list":{"0":"post-95937","1":"product","2":"type-product","3":"status-publish","4":"has-post-thumbnail","6":"product_cat-relato","7":"product_cat-viajes","9":"first","10":"instock","11":"purchasable","12":"product-type-simple"},"acf":{"autor":[74554],"enlace_de_compra":""},"yoast_head":"<!-- This site is optimized with the Yoast SEO plugin v26.6 - https:\/\/yoast.com\/wordpress\/plugins\/seo\/ -->\n<title>ME DIJE \u00abHAZLO\u00bb Y LO HICE - Catalogo | Letrame Grupo Editorial<\/title>\n<meta name=\"robots\" content=\"index, follow, max-snippet:-1, max-image-preview:large, max-video-preview:-1\" \/>\n<link rel=\"canonical\" href=\"https:\/\/letrame.com\/catalogo\/producto\/me-dije-hazlo-y-lo-hice\/\" \/>\n<meta property=\"og:locale\" content=\"es_ES\" \/>\n<meta property=\"og:type\" content=\"article\" \/>\n<meta property=\"og:title\" content=\"ME DIJE \u00abHAZLO\u00bb Y LO HICE - Catalogo | Letrame Grupo Editorial\" \/>\n<meta property=\"og:description\" content=\"ISBN: 978-84-18398-93-3 A trav\u00e9s de estas p\u00e1ginas, Sandra nos habla del amor m\u00e1s all\u00e1 de uno mismo, de la superaci\u00f3n, de la amistad, de dudar para despu\u00e9s confiar m\u00e1s fuerte, pero, sobre todo, habla de la vida, de lo urgente que es tener claro un objetivo, de lo invencibles que somos cuando nos lo proponemos y de c\u00f3mo detr\u00e1s de todos nuestros miedos se esconden nuestros sue\u00f1os, que est\u00e1n para cumplirlos. \u00a0 Visitar noticia del autor: La actriz Sandra Bl\u00e1zquez presenta \u201cMe dije hazlo y lo hice\u201d, un libro de car\u00e1cter solidario\" \/>\n<meta property=\"og:url\" content=\"https:\/\/letrame.com\/catalogo\/producto\/me-dije-hazlo-y-lo-hice\/\" \/>\n<meta property=\"og:site_name\" content=\"Catalogo | Letrame Grupo Editorial\" \/>\n<meta property=\"og:image\" content=\"https:\/\/letrame.com\/catalogo\/wp-content\/uploads\/2024\/04\/me-dije-hazlo-1.jpg\" \/>\n\t<meta property=\"og:image:width\" content=\"1746\" \/>\n\t<meta property=\"og:image:height\" content=\"2560\" \/>\n\t<meta property=\"og:image:type\" content=\"image\/jpeg\" \/>\n<meta name=\"twitter:card\" content=\"summary_large_image\" \/>\n<meta name=\"twitter:label1\" content=\"Tiempo de lectura\" \/>\n\t<meta name=\"twitter:data1\" content=\"1 minuto\" \/>\n<script type=\"application\/ld+json\" class=\"yoast-schema-graph\">{\"@context\":\"https:\/\/schema.org\",\"@graph\":[{\"@type\":\"WebPage\",\"@id\":\"https:\/\/letrame.com\/catalogo\/producto\/me-dije-hazlo-y-lo-hice\/\",\"url\":\"https:\/\/letrame.com\/catalogo\/producto\/me-dije-hazlo-y-lo-hice\/\",\"name\":\"ME DIJE \u00abHAZLO\u00bb Y LO HICE - Catalogo | Letrame Grupo Editorial\",\"isPartOf\":{\"@id\":\"https:\/\/letrame.com\/catalogo\/#website\"},\"primaryImageOfPage\":{\"@id\":\"https:\/\/letrame.com\/catalogo\/producto\/me-dije-hazlo-y-lo-hice\/#primaryimage\"},\"image\":{\"@id\":\"https:\/\/letrame.com\/catalogo\/producto\/me-dije-hazlo-y-lo-hice\/#primaryimage\"},\"thumbnailUrl\":\"https:\/\/letrame.com\/catalogo\/wp-content\/uploads\/2024\/04\/me-dije-hazlo-1.jpg\",\"datePublished\":\"2024-04-18T12:15:18+00:00\",\"breadcrumb\":{\"@id\":\"https:\/\/letrame.com\/catalogo\/producto\/me-dije-hazlo-y-lo-hice\/#breadcrumb\"},\"inLanguage\":\"es\",\"potentialAction\":[{\"@type\":\"ReadAction\",\"target\":[\"https:\/\/letrame.com\/catalogo\/producto\/me-dije-hazlo-y-lo-hice\/\"]}]},{\"@type\":\"ImageObject\",\"inLanguage\":\"es\",\"@id\":\"https:\/\/letrame.com\/catalogo\/producto\/me-dije-hazlo-y-lo-hice\/#primaryimage\",\"url\":\"https:\/\/letrame.com\/catalogo\/wp-content\/uploads\/2024\/04\/me-dije-hazlo-1.jpg\",\"contentUrl\":\"https:\/\/letrame.com\/catalogo\/wp-content\/uploads\/2024\/04\/me-dije-hazlo-1.jpg\",\"width\":1746,\"height\":2560},{\"@type\":\"BreadcrumbList\",\"@id\":\"https:\/\/letrame.com\/catalogo\/producto\/me-dije-hazlo-y-lo-hice\/#breadcrumb\",\"itemListElement\":[{\"@type\":\"ListItem\",\"position\":1,\"name\":\"Portada\",\"item\":\"https:\/\/letrame.com\/catalogo\/\"},{\"@type\":\"ListItem\",\"position\":2,\"name\":\"Cat\u00e1logo\",\"item\":\"https:\/\/letrame.com\/catalogo\/\"},{\"@type\":\"ListItem\",\"position\":3,\"name\":\"ME DIJE \u00abHAZLO\u00bb Y LO HICE\"}]},{\"@type\":\"WebSite\",\"@id\":\"https:\/\/letrame.com\/catalogo\/#website\",\"url\":\"https:\/\/letrame.com\/catalogo\/\",\"name\":\"Catalogo | Letrame Grupo Editorial\",\"description\":\"\",\"publisher\":{\"@id\":\"https:\/\/letrame.com\/catalogo\/#organization\"},\"potentialAction\":[{\"@type\":\"SearchAction\",\"target\":{\"@type\":\"EntryPoint\",\"urlTemplate\":\"https:\/\/letrame.com\/catalogo\/?s={search_term_string}\"},\"query-input\":{\"@type\":\"PropertyValueSpecification\",\"valueRequired\":true,\"valueName\":\"search_term_string\"}}],\"inLanguage\":\"es\"},{\"@type\":\"Organization\",\"@id\":\"https:\/\/letrame.com\/catalogo\/#organization\",\"name\":\"Catalogo | Letrame Grupo Editorial\",\"url\":\"https:\/\/letrame.com\/catalogo\/\",\"logo\":{\"@type\":\"ImageObject\",\"inLanguage\":\"es\",\"@id\":\"https:\/\/letrame.com\/catalogo\/#\/schema\/logo\/image\/\",\"url\":\"https:\/\/letrame.com\/catalogo\/wp-content\/uploads\/2024\/03\/logo2.webp\",\"contentUrl\":\"https:\/\/letrame.com\/catalogo\/wp-content\/uploads\/2024\/03\/logo2.webp\",\"width\":394,\"height\":128,\"caption\":\"Catalogo | Letrame Grupo Editorial\"},\"image\":{\"@id\":\"https:\/\/letrame.com\/catalogo\/#\/schema\/logo\/image\/\"}}]}<\/script>\n<!-- \/ Yoast SEO plugin. -->","yoast_head_json":{"title":"ME DIJE \u00abHAZLO\u00bb Y LO HICE - Catalogo | Letrame Grupo Editorial","robots":{"index":"index","follow":"follow","max-snippet":"max-snippet:-1","max-image-preview":"max-image-preview:large","max-video-preview":"max-video-preview:-1"},"canonical":"https:\/\/letrame.com\/catalogo\/producto\/me-dije-hazlo-y-lo-hice\/","og_locale":"es_ES","og_type":"article","og_title":"ME DIJE \u00abHAZLO\u00bb Y LO HICE - Catalogo | Letrame Grupo Editorial","og_description":"ISBN: 978-84-18398-93-3 A trav\u00e9s de estas p\u00e1ginas, Sandra nos habla del amor m\u00e1s all\u00e1 de uno mismo, de la superaci\u00f3n, de la amistad, de dudar para despu\u00e9s confiar m\u00e1s fuerte, pero, sobre todo, habla de la vida, de lo urgente que es tener claro un objetivo, de lo invencibles que somos cuando nos lo proponemos y de c\u00f3mo detr\u00e1s de todos nuestros miedos se esconden nuestros sue\u00f1os, que est\u00e1n para cumplirlos. \u00a0 Visitar noticia del autor: La actriz Sandra Bl\u00e1zquez presenta \u201cMe dije hazlo y lo hice\u201d, un libro de car\u00e1cter solidario","og_url":"https:\/\/letrame.com\/catalogo\/producto\/me-dije-hazlo-y-lo-hice\/","og_site_name":"Catalogo | Letrame Grupo Editorial","og_image":[{"width":1746,"height":2560,"url":"https:\/\/letrame.com\/catalogo\/wp-content\/uploads\/2024\/04\/me-dije-hazlo-1.jpg","type":"image\/jpeg"}],"twitter_card":"summary_large_image","twitter_misc":{"Tiempo de lectura":"1 minuto"},"schema":{"@context":"https:\/\/schema.org","@graph":[{"@type":"WebPage","@id":"https:\/\/letrame.com\/catalogo\/producto\/me-dije-hazlo-y-lo-hice\/","url":"https:\/\/letrame.com\/catalogo\/producto\/me-dije-hazlo-y-lo-hice\/","name":"ME DIJE \u00abHAZLO\u00bb Y LO HICE - Catalogo | Letrame Grupo Editorial","isPartOf":{"@id":"https:\/\/letrame.com\/catalogo\/#website"},"primaryImageOfPage":{"@id":"https:\/\/letrame.com\/catalogo\/producto\/me-dije-hazlo-y-lo-hice\/#primaryimage"},"image":{"@id":"https:\/\/letrame.com\/catalogo\/producto\/me-dije-hazlo-y-lo-hice\/#primaryimage"},"thumbnailUrl":"https:\/\/letrame.com\/catalogo\/wp-content\/uploads\/2024\/04\/me-dije-hazlo-1.jpg","datePublished":"2024-04-18T12:15:18+00:00","breadcrumb":{"@id":"https:\/\/letrame.com\/catalogo\/producto\/me-dije-hazlo-y-lo-hice\/#breadcrumb"},"inLanguage":"es","potentialAction":[{"@type":"ReadAction","target":["https:\/\/letrame.com\/catalogo\/producto\/me-dije-hazlo-y-lo-hice\/"]}]},{"@type":"ImageObject","inLanguage":"es","@id":"https:\/\/letrame.com\/catalogo\/producto\/me-dije-hazlo-y-lo-hice\/#primaryimage","url":"https:\/\/letrame.com\/catalogo\/wp-content\/uploads\/2024\/04\/me-dije-hazlo-1.jpg","contentUrl":"https:\/\/letrame.com\/catalogo\/wp-content\/uploads\/2024\/04\/me-dije-hazlo-1.jpg","width":1746,"height":2560},{"@type":"BreadcrumbList","@id":"https:\/\/letrame.com\/catalogo\/producto\/me-dije-hazlo-y-lo-hice\/#breadcrumb","itemListElement":[{"@type":"ListItem","position":1,"name":"Portada","item":"https:\/\/letrame.com\/catalogo\/"},{"@type":"ListItem","position":2,"name":"Cat\u00e1logo","item":"https:\/\/letrame.com\/catalogo\/"},{"@type":"ListItem","position":3,"name":"ME DIJE \u00abHAZLO\u00bb Y LO HICE"}]},{"@type":"WebSite","@id":"https:\/\/letrame.com\/catalogo\/#website","url":"https:\/\/letrame.com\/catalogo\/","name":"Catalogo | Letrame Grupo Editorial","description":"","publisher":{"@id":"https:\/\/letrame.com\/catalogo\/#organization"},"potentialAction":[{"@type":"SearchAction","target":{"@type":"EntryPoint","urlTemplate":"https:\/\/letrame.com\/catalogo\/?s={search_term_string}"},"query-input":{"@type":"PropertyValueSpecification","valueRequired":true,"valueName":"search_term_string"}}],"inLanguage":"es"},{"@type":"Organization","@id":"https:\/\/letrame.com\/catalogo\/#organization","name":"Catalogo | Letrame Grupo Editorial","url":"https:\/\/letrame.com\/catalogo\/","logo":{"@type":"ImageObject","inLanguage":"es","@id":"https:\/\/letrame.com\/catalogo\/#\/schema\/logo\/image\/","url":"https:\/\/letrame.com\/catalogo\/wp-content\/uploads\/2024\/03\/logo2.webp","contentUrl":"https:\/\/letrame.com\/catalogo\/wp-content\/uploads\/2024\/03\/logo2.webp","width":394,"height":128,"caption":"Catalogo | Letrame Grupo Editorial"},"image":{"@id":"https:\/\/letrame.com\/catalogo\/#\/schema\/logo\/image\/"}}]}},"_links":{"self":[{"href":"https:\/\/letrame.com\/catalogo\/wp-json\/wp\/v2\/product\/95937","targetHints":{"allow":["GET"]}}],"collection":[{"href":"https:\/\/letrame.com\/catalogo\/wp-json\/wp\/v2\/product"}],"about":[{"href":"https:\/\/letrame.com\/catalogo\/wp-json\/wp\/v2\/types\/product"}],"replies":[{"embeddable":true,"href":"https:\/\/letrame.com\/catalogo\/wp-json\/wp\/v2\/comments?post=95937"}],"acf:post":[{"embeddable":true,"href":"https:\/\/letrame.com\/catalogo\/wp-json\/wp\/v2\/author_book\/74554"}],"wp:featuredmedia":[{"embeddable":true,"href":"https:\/\/letrame.com\/catalogo\/wp-json\/wp\/v2\/media\/95938"}],"wp:attachment":[{"href":"https:\/\/letrame.com\/catalogo\/wp-json\/wp\/v2\/media?parent=95937"}],"wp:term":[{"taxonomy":"libro","embeddable":true,"href":"https:\/\/letrame.com\/catalogo\/wp-json\/wp\/v2\/libro?post=95937"},{"taxonomy":"product_brand","embeddable":true,"href":"https:\/\/letrame.com\/catalogo\/wp-json\/wp\/v2\/product_brand?post=95937"},{"taxonomy":"product_cat","embeddable":true,"href":"https:\/\/letrame.com\/catalogo\/wp-json\/wp\/v2\/product_cat?post=95937"},{"taxonomy":"product_tag","embeddable":true,"href":"https:\/\/letrame.com\/catalogo\/wp-json\/wp\/v2\/product_tag?post=95937"}],"curies":[{"name":"wp","href":"https:\/\/api.w.org\/{rel}","templated":true}]}}