{"id":95915,"date":"2024-04-18T14:12:41","date_gmt":"2024-04-18T12:12:41","guid":{"rendered":"https:\/\/letrame.com\/catalogo\/producto\/2-un-libro-de-secuelas\/"},"modified":"2024-04-18T14:12:51","modified_gmt":"2024-04-18T12:12:51","slug":"2-un-libro-de-secuelas","status":"publish","type":"product","link":"https:\/\/letrame.com\/catalogo\/producto\/2-un-libro-de-secuelas\/","title":{"rendered":"2. Un libro de secuelas"},"content":{"rendered":"\n<p><strong>ISBN<\/strong>: 978-84-18362-30-9\u00a0<br><strong>T\u00edtulo<\/strong>: 2. Un libro de secuelas<br><strong>Fecha<\/strong>: 2020<br><strong>P\u00e1ginas<\/strong>:\u00a0262<\/p>\n\n\n\n<p><strong>SINOPSIS<\/strong><\/p>\n\n\n\n<p>Esta es una obra de segundas partes que igualan, superan o no est\u00e1n a la altura de sus antecesoras. El autor intenta descubrir qu\u00e9 hay detr\u00e1s de las secuelas a trav\u00e9s de curiosidades, datos de la cr\u00edtica y p\u00fablico, adem\u00e1s de hacer una analog\u00eda sobre su propia vida.<\/p>\n\n\n\n<p>Actores y actrices de la talla de Clint Eastwood, Arnold Schwarzenegger, John Wayne, Harrison Ford, Mel Gibson, Uma Thurman, Katherine Hepburn, Julianne Moore y muchos m\u00e1s se unen en <em>2, un libro de secuelas<\/em>.<\/p>\n\n\n\n<p>Sagas como <em>El Padrino, Harry Potter, Terminator, Piratas del caribe, Indiana Jones, Matrix, Kill Bill<\/em>, entre otras pel\u00edculas de \u00e9xito, son las protagonistas de esta obra escrita con la ilusi\u00f3n de un apasionado del s\u00e9ptimo arte.<\/p>\n","protected":false},"excerpt":{"rendered":"<p><strong>ISBN: 978-84-18362-30-9\u00a0<\/strong><br data-rich-text-line-break=\"true\" \/>Esta es una obra de segundas partes que igualan, superan o no est\u00e1n a la altura de sus antecesoras. El autor intenta descubrir qu\u00e9 hay detr\u00e1s de las secuelas a trav\u00e9s de curiosidades, datos de la cr\u00edtica y p\u00fablico, adem\u00e1s de hacer una analog\u00eda sobre su propia vida.<\/p>\n<p>Actores y actrices de la talla de Clint Eastwood, Arnold Schwarzenegger, John Wayne, Harrison Ford, Mel Gibson, Uma Thurman, Katherine Hepburn, Julianne Moore y muchos m\u00e1s se unen en <em>2, un libro de secuelas<\/em>.<\/p>\n<p>Sagas como <em>El Padrino, Harry Potter, Terminator, Piratas del caribe, Indiana Jones, Matrix, Kill Bill<\/em>, entre otras pel\u00edculas de \u00e9xito, son las protagonistas de esta obra escrita con la ilusi\u00f3n de un apasionado del s\u00e9ptimo arte.<\/p>\n","protected":false},"featured_media":95916,"comment_status":"closed","ping_status":"open","template":"","meta":{"_acf_changed":false},"libro":[],"product_brand":[],"product_cat":[16],"product_tag":[],"class_list":{"0":"post-95915","1":"product","2":"type-product","3":"status-publish","4":"has-post-thumbnail","6":"product_cat-novela","8":"first","9":"instock","10":"product-type-simple"},"acf":{"autor":[73038],"enlace_de_compra":"https:\/\/www.agapea.com\/Cristobal-Jimenez-Calvo\/2-Un-libro-de-secuelas-9788418362309-i.htm"},"yoast_head":"<!-- This site is optimized with the Yoast SEO plugin v27.4 - https:\/\/yoast.com\/product\/yoast-seo-wordpress\/ -->\n<title>2. Un libro de secuelas - Catalogo | Letrame Grupo Editorial<\/title>\n<meta name=\"robots\" content=\"index, follow, max-snippet:-1, max-image-preview:large, max-video-preview:-1\" \/>\n<link rel=\"canonical\" href=\"https:\/\/letrame.com\/catalogo\/producto\/2-un-libro-de-secuelas\/\" \/>\n<meta property=\"og:locale\" content=\"es_ES\" \/>\n<meta property=\"og:type\" content=\"article\" \/>\n<meta property=\"og:title\" content=\"2. Un libro de secuelas - Catalogo | Letrame Grupo Editorial\" \/>\n<meta property=\"og:description\" content=\"ISBN: 978-84-18362-30-9\u00a0Esta es una obra de segundas partes que igualan, superan o no est\u00e1n a la altura de sus antecesoras. El autor intenta descubrir qu\u00e9 hay detr\u00e1s de las secuelas a trav\u00e9s de curiosidades, datos de la cr\u00edtica y p\u00fablico, adem\u00e1s de hacer una analog\u00eda sobre su propia vida. Actores y actrices de la talla de Clint Eastwood, Arnold Schwarzenegger, John Wayne, Harrison Ford, Mel Gibson, Uma Thurman, Katherine Hepburn, Julianne Moore y muchos m\u00e1s se unen en 2, un libro de secuelas. Sagas como El Padrino, Harry Potter, Terminator, Piratas del caribe, Indiana Jones, Matrix, Kill Bill, entre otras pel\u00edculas de \u00e9xito, son las protagonistas de esta obra escrita con la ilusi\u00f3n de un apasionado del s\u00e9ptimo arte.\" \/>\n<meta property=\"og:url\" content=\"https:\/\/letrame.com\/catalogo\/producto\/2-un-libro-de-secuelas\/\" \/>\n<meta property=\"og:site_name\" content=\"Catalogo | Letrame Grupo Editorial\" \/>\n<meta property=\"article:modified_time\" content=\"2024-04-18T12:12:51+00:00\" \/>\n<meta property=\"og:image\" content=\"https:\/\/letrame.com\/catalogo\/wp-content\/uploads\/2024\/04\/2.Un-libro-de-secuelas.jpg\" \/>\n\t<meta property=\"og:image:width\" content=\"1772\" \/>\n\t<meta property=\"og:image:height\" content=\"2480\" \/>\n\t<meta property=\"og:image:type\" content=\"image\/jpeg\" \/>\n<meta name=\"twitter:card\" content=\"summary_large_image\" \/>\n<meta name=\"twitter:label1\" content=\"Tiempo de lectura\" \/>\n\t<meta name=\"twitter:data1\" content=\"1 minuto\" \/>\n<script type=\"application\/ld+json\" class=\"yoast-schema-graph\">{\"@context\":\"https:\\\/\\\/schema.org\",\"@graph\":[{\"@type\":\"WebPage\",\"@id\":\"https:\\\/\\\/letrame.com\\\/catalogo\\\/producto\\\/2-un-libro-de-secuelas\\\/\",\"url\":\"https:\\\/\\\/letrame.com\\\/catalogo\\\/producto\\\/2-un-libro-de-secuelas\\\/\",\"name\":\"2. Un libro de secuelas - Catalogo | Letrame Grupo Editorial\",\"isPartOf\":{\"@id\":\"https:\\\/\\\/letrame.com\\\/catalogo\\\/#website\"},\"primaryImageOfPage\":{\"@id\":\"https:\\\/\\\/letrame.com\\\/catalogo\\\/producto\\\/2-un-libro-de-secuelas\\\/#primaryimage\"},\"image\":{\"@id\":\"https:\\\/\\\/letrame.com\\\/catalogo\\\/producto\\\/2-un-libro-de-secuelas\\\/#primaryimage\"},\"thumbnailUrl\":\"https:\\\/\\\/letrame.com\\\/catalogo\\\/wp-content\\\/uploads\\\/2024\\\/04\\\/2.Un-libro-de-secuelas.jpg\",\"datePublished\":\"2024-04-18T12:12:41+00:00\",\"dateModified\":\"2024-04-18T12:12:51+00:00\",\"breadcrumb\":{\"@id\":\"https:\\\/\\\/letrame.com\\\/catalogo\\\/producto\\\/2-un-libro-de-secuelas\\\/#breadcrumb\"},\"inLanguage\":\"es\",\"potentialAction\":[{\"@type\":\"ReadAction\",\"target\":[\"https:\\\/\\\/letrame.com\\\/catalogo\\\/producto\\\/2-un-libro-de-secuelas\\\/\"]}]},{\"@type\":\"ImageObject\",\"inLanguage\":\"es\",\"@id\":\"https:\\\/\\\/letrame.com\\\/catalogo\\\/producto\\\/2-un-libro-de-secuelas\\\/#primaryimage\",\"url\":\"https:\\\/\\\/letrame.com\\\/catalogo\\\/wp-content\\\/uploads\\\/2024\\\/04\\\/2.Un-libro-de-secuelas.jpg\",\"contentUrl\":\"https:\\\/\\\/letrame.com\\\/catalogo\\\/wp-content\\\/uploads\\\/2024\\\/04\\\/2.Un-libro-de-secuelas.jpg\",\"width\":1772,\"height\":2480},{\"@type\":\"BreadcrumbList\",\"@id\":\"https:\\\/\\\/letrame.com\\\/catalogo\\\/producto\\\/2-un-libro-de-secuelas\\\/#breadcrumb\",\"itemListElement\":[{\"@type\":\"ListItem\",\"position\":1,\"name\":\"Portada\",\"item\":\"https:\\\/\\\/letrame.com\\\/catalogo\\\/\"},{\"@type\":\"ListItem\",\"position\":2,\"name\":\"Cat\u00e1logo\",\"item\":\"https:\\\/\\\/letrame.com\\\/catalogo\\\/\"},{\"@type\":\"ListItem\",\"position\":3,\"name\":\"2. Un libro de secuelas\"}]},{\"@type\":\"WebSite\",\"@id\":\"https:\\\/\\\/letrame.com\\\/catalogo\\\/#website\",\"url\":\"https:\\\/\\\/letrame.com\\\/catalogo\\\/\",\"name\":\"Catalogo | Letrame Grupo Editorial\",\"description\":\"\",\"publisher\":{\"@id\":\"https:\\\/\\\/letrame.com\\\/catalogo\\\/#organization\"},\"potentialAction\":[{\"@type\":\"SearchAction\",\"target\":{\"@type\":\"EntryPoint\",\"urlTemplate\":\"https:\\\/\\\/letrame.com\\\/catalogo\\\/?s={search_term_string}\"},\"query-input\":{\"@type\":\"PropertyValueSpecification\",\"valueRequired\":true,\"valueName\":\"search_term_string\"}}],\"inLanguage\":\"es\"},{\"@type\":\"Organization\",\"@id\":\"https:\\\/\\\/letrame.com\\\/catalogo\\\/#organization\",\"name\":\"Catalogo | Letrame Grupo Editorial\",\"url\":\"https:\\\/\\\/letrame.com\\\/catalogo\\\/\",\"logo\":{\"@type\":\"ImageObject\",\"inLanguage\":\"es\",\"@id\":\"https:\\\/\\\/letrame.com\\\/catalogo\\\/#\\\/schema\\\/logo\\\/image\\\/\",\"url\":\"https:\\\/\\\/letrame.com\\\/catalogo\\\/wp-content\\\/uploads\\\/2024\\\/03\\\/logo2.webp\",\"contentUrl\":\"https:\\\/\\\/letrame.com\\\/catalogo\\\/wp-content\\\/uploads\\\/2024\\\/03\\\/logo2.webp\",\"width\":394,\"height\":128,\"caption\":\"Catalogo | Letrame Grupo Editorial\"},\"image\":{\"@id\":\"https:\\\/\\\/letrame.com\\\/catalogo\\\/#\\\/schema\\\/logo\\\/image\\\/\"}}]}<\/script>\n<!-- \/ Yoast SEO plugin. -->","yoast_head_json":{"title":"2. Un libro de secuelas - Catalogo | Letrame Grupo Editorial","robots":{"index":"index","follow":"follow","max-snippet":"max-snippet:-1","max-image-preview":"max-image-preview:large","max-video-preview":"max-video-preview:-1"},"canonical":"https:\/\/letrame.com\/catalogo\/producto\/2-un-libro-de-secuelas\/","og_locale":"es_ES","og_type":"article","og_title":"2. Un libro de secuelas - Catalogo | Letrame Grupo Editorial","og_description":"ISBN: 978-84-18362-30-9\u00a0Esta es una obra de segundas partes que igualan, superan o no est\u00e1n a la altura de sus antecesoras. El autor intenta descubrir qu\u00e9 hay detr\u00e1s de las secuelas a trav\u00e9s de curiosidades, datos de la cr\u00edtica y p\u00fablico, adem\u00e1s de hacer una analog\u00eda sobre su propia vida. Actores y actrices de la talla de Clint Eastwood, Arnold Schwarzenegger, John Wayne, Harrison Ford, Mel Gibson, Uma Thurman, Katherine Hepburn, Julianne Moore y muchos m\u00e1s se unen en 2, un libro de secuelas. Sagas como El Padrino, Harry Potter, Terminator, Piratas del caribe, Indiana Jones, Matrix, Kill Bill, entre otras pel\u00edculas de \u00e9xito, son las protagonistas de esta obra escrita con la ilusi\u00f3n de un apasionado del s\u00e9ptimo arte.","og_url":"https:\/\/letrame.com\/catalogo\/producto\/2-un-libro-de-secuelas\/","og_site_name":"Catalogo | Letrame Grupo Editorial","article_modified_time":"2024-04-18T12:12:51+00:00","og_image":[{"width":1772,"height":2480,"url":"https:\/\/letrame.com\/catalogo\/wp-content\/uploads\/2024\/04\/2.Un-libro-de-secuelas.jpg","type":"image\/jpeg"}],"twitter_card":"summary_large_image","twitter_misc":{"Tiempo de lectura":"1 minuto"},"schema":{"@context":"https:\/\/schema.org","@graph":[{"@type":"WebPage","@id":"https:\/\/letrame.com\/catalogo\/producto\/2-un-libro-de-secuelas\/","url":"https:\/\/letrame.com\/catalogo\/producto\/2-un-libro-de-secuelas\/","name":"2. Un libro de secuelas - Catalogo | Letrame Grupo Editorial","isPartOf":{"@id":"https:\/\/letrame.com\/catalogo\/#website"},"primaryImageOfPage":{"@id":"https:\/\/letrame.com\/catalogo\/producto\/2-un-libro-de-secuelas\/#primaryimage"},"image":{"@id":"https:\/\/letrame.com\/catalogo\/producto\/2-un-libro-de-secuelas\/#primaryimage"},"thumbnailUrl":"https:\/\/letrame.com\/catalogo\/wp-content\/uploads\/2024\/04\/2.Un-libro-de-secuelas.jpg","datePublished":"2024-04-18T12:12:41+00:00","dateModified":"2024-04-18T12:12:51+00:00","breadcrumb":{"@id":"https:\/\/letrame.com\/catalogo\/producto\/2-un-libro-de-secuelas\/#breadcrumb"},"inLanguage":"es","potentialAction":[{"@type":"ReadAction","target":["https:\/\/letrame.com\/catalogo\/producto\/2-un-libro-de-secuelas\/"]}]},{"@type":"ImageObject","inLanguage":"es","@id":"https:\/\/letrame.com\/catalogo\/producto\/2-un-libro-de-secuelas\/#primaryimage","url":"https:\/\/letrame.com\/catalogo\/wp-content\/uploads\/2024\/04\/2.Un-libro-de-secuelas.jpg","contentUrl":"https:\/\/letrame.com\/catalogo\/wp-content\/uploads\/2024\/04\/2.Un-libro-de-secuelas.jpg","width":1772,"height":2480},{"@type":"BreadcrumbList","@id":"https:\/\/letrame.com\/catalogo\/producto\/2-un-libro-de-secuelas\/#breadcrumb","itemListElement":[{"@type":"ListItem","position":1,"name":"Portada","item":"https:\/\/letrame.com\/catalogo\/"},{"@type":"ListItem","position":2,"name":"Cat\u00e1logo","item":"https:\/\/letrame.com\/catalogo\/"},{"@type":"ListItem","position":3,"name":"2. Un libro de secuelas"}]},{"@type":"WebSite","@id":"https:\/\/letrame.com\/catalogo\/#website","url":"https:\/\/letrame.com\/catalogo\/","name":"Catalogo | Letrame Grupo Editorial","description":"","publisher":{"@id":"https:\/\/letrame.com\/catalogo\/#organization"},"potentialAction":[{"@type":"SearchAction","target":{"@type":"EntryPoint","urlTemplate":"https:\/\/letrame.com\/catalogo\/?s={search_term_string}"},"query-input":{"@type":"PropertyValueSpecification","valueRequired":true,"valueName":"search_term_string"}}],"inLanguage":"es"},{"@type":"Organization","@id":"https:\/\/letrame.com\/catalogo\/#organization","name":"Catalogo | Letrame Grupo Editorial","url":"https:\/\/letrame.com\/catalogo\/","logo":{"@type":"ImageObject","inLanguage":"es","@id":"https:\/\/letrame.com\/catalogo\/#\/schema\/logo\/image\/","url":"https:\/\/letrame.com\/catalogo\/wp-content\/uploads\/2024\/03\/logo2.webp","contentUrl":"https:\/\/letrame.com\/catalogo\/wp-content\/uploads\/2024\/03\/logo2.webp","width":394,"height":128,"caption":"Catalogo | Letrame Grupo Editorial"},"image":{"@id":"https:\/\/letrame.com\/catalogo\/#\/schema\/logo\/image\/"}}]}},"_links":{"self":[{"href":"https:\/\/letrame.com\/catalogo\/wp-json\/wp\/v2\/product\/95915","targetHints":{"allow":["GET"]}}],"collection":[{"href":"https:\/\/letrame.com\/catalogo\/wp-json\/wp\/v2\/product"}],"about":[{"href":"https:\/\/letrame.com\/catalogo\/wp-json\/wp\/v2\/types\/product"}],"replies":[{"embeddable":true,"href":"https:\/\/letrame.com\/catalogo\/wp-json\/wp\/v2\/comments?post=95915"}],"acf:post":[{"embeddable":true,"href":"https:\/\/letrame.com\/catalogo\/wp-json\/wp\/v2\/author_book\/73038"}],"wp:featuredmedia":[{"embeddable":true,"href":"https:\/\/letrame.com\/catalogo\/wp-json\/wp\/v2\/media\/95916"}],"wp:attachment":[{"href":"https:\/\/letrame.com\/catalogo\/wp-json\/wp\/v2\/media?parent=95915"}],"wp:term":[{"taxonomy":"libro","embeddable":true,"href":"https:\/\/letrame.com\/catalogo\/wp-json\/wp\/v2\/libro?post=95915"},{"taxonomy":"product_brand","embeddable":true,"href":"https:\/\/letrame.com\/catalogo\/wp-json\/wp\/v2\/product_brand?post=95915"},{"taxonomy":"product_cat","embeddable":true,"href":"https:\/\/letrame.com\/catalogo\/wp-json\/wp\/v2\/product_cat?post=95915"},{"taxonomy":"product_tag","embeddable":true,"href":"https:\/\/letrame.com\/catalogo\/wp-json\/wp\/v2\/product_tag?post=95915"}],"curies":[{"name":"wp","href":"https:\/\/api.w.org\/{rel}","templated":true}]}}