{"id":95896,"date":"2024-04-18T14:10:19","date_gmt":"2024-04-18T12:10:19","guid":{"rendered":"https:\/\/letrame.com\/catalogo\/producto\/en-un-lugar-de-la-manchuela\/"},"modified":"2024-04-18T14:10:29","modified_gmt":"2024-04-18T12:10:29","slug":"en-un-lugar-de-la-manchuela","status":"publish","type":"product","link":"https:\/\/letrame.com\/catalogo\/producto\/en-un-lugar-de-la-manchuela\/","title":{"rendered":"En un lugar de La Manchuela"},"content":{"rendered":"\n<p><strong>ISBN<\/strong>: 978-84-18468-61-2<br><strong>T\u00edtulo<\/strong>: En un lugar de La Manchuela<br><strong>Fecha<\/strong>: 2020<br><strong>P\u00e1ginas<\/strong>:&nbsp;112<\/p>\n\n\n\n<p><strong>SINOPSIS<\/strong><\/p>\n\n\n\n<p>El autor, natural de un pueblo de la Manchuela albacete\u00f1a, reconvertido hace 65 a\u00f1os en urbanita. Se ve inesperadamente atrapado durante tres meses en su pueblo, uno de los muchos de la Espa\u00f1a vaciada.<\/p>\n\n\n\n<p>Ese tiempo lo dedica a admirar la naturaleza y a reflexionar sobre temas que determinan las vivencias y preocupaciones en estos dif\u00edciles tiempos, mientras tanto busca en su interior posibles salidas a los m\u00faltiples problemas que plantea la sociedad en nuestros d\u00edas.<\/p>\n","protected":false},"excerpt":{"rendered":"<p><strong>ISBN: <\/strong><strong>978-84-18468-61-2<\/strong><\/p>\n<p>El autor, natural de un pueblo de la Manchuela albacete\u00f1a, reconvertido hace 65 a\u00f1os en urbanita. Se ve inesperadamente atrapado durante tres meses en su pueblo, uno de los muchos de la Espa\u00f1a vaciada. Ese tiempo lo dedica a admirar la naturaleza y a reflexionar sobre temas que determinan las vivencias y preocupaciones en estos dif\u00edciles tiempos, mientras tanto busca en su interior posibles salidas a los m\u00faltiples problemas que plantea la sociedad en nuestros d\u00edas.<\/p>\n","protected":false},"featured_media":95897,"comment_status":"closed","ping_status":"open","template":"","meta":{"_acf_changed":false},"libro":[],"product_brand":[],"product_cat":[16,21],"product_tag":[],"class_list":{"0":"post-95896","1":"product","2":"type-product","3":"status-publish","4":"has-post-thumbnail","6":"product_cat-novela","7":"product_cat-relato","9":"first","10":"instock","11":"product-type-simple"},"acf":{"autor":[74622],"enlace_de_compra":"https:\/\/www.amazon.es\/En-lugar-Manchuela-Reflexiones-confinamiento\/dp\/8418468610\/ref=sr_1_1?__mk_es_ES=%C3%85M%C3%85%C5%BD%C3%95%C3%91&amp&dchild=1&amp&keywords=En+un+lugar+de+La+Manchuela+letrame&amp&qid=1603443251&amp&sr=8-1"},"yoast_head":"<!-- This site is optimized with the Yoast SEO plugin v26.6 - https:\/\/yoast.com\/wordpress\/plugins\/seo\/ -->\n<title>En un lugar de La Manchuela - Catalogo | Letrame Grupo Editorial<\/title>\n<meta name=\"robots\" content=\"index, follow, max-snippet:-1, max-image-preview:large, max-video-preview:-1\" \/>\n<link rel=\"canonical\" href=\"https:\/\/letrame.com\/catalogo\/producto\/en-un-lugar-de-la-manchuela\/\" \/>\n<meta property=\"og:locale\" content=\"es_ES\" \/>\n<meta property=\"og:type\" content=\"article\" \/>\n<meta property=\"og:title\" content=\"En un lugar de La Manchuela - Catalogo | Letrame Grupo Editorial\" \/>\n<meta property=\"og:description\" content=\"ISBN: 978-84-18468-61-2 El autor, natural de un pueblo de la Manchuela albacete\u00f1a, reconvertido hace 65 a\u00f1os en urbanita. Se ve inesperadamente atrapado durante tres meses en su pueblo, uno de los muchos de la Espa\u00f1a vaciada. Ese tiempo lo dedica a admirar la naturaleza y a reflexionar sobre temas que determinan las vivencias y preocupaciones en estos dif\u00edciles tiempos, mientras tanto busca en su interior posibles salidas a los m\u00faltiples problemas que plantea la sociedad en nuestros d\u00edas.\" \/>\n<meta property=\"og:url\" content=\"https:\/\/letrame.com\/catalogo\/producto\/en-un-lugar-de-la-manchuela\/\" \/>\n<meta property=\"og:site_name\" content=\"Catalogo | Letrame Grupo Editorial\" \/>\n<meta property=\"article:modified_time\" content=\"2024-04-18T12:10:29+00:00\" \/>\n<meta property=\"og:image\" content=\"https:\/\/letrame.com\/catalogo\/wp-content\/uploads\/2024\/04\/En-un-lugar-de-la-Manchuela-scaled-1.jpg\" \/>\n\t<meta property=\"og:image:width\" content=\"1746\" \/>\n\t<meta property=\"og:image:height\" content=\"2560\" \/>\n\t<meta property=\"og:image:type\" content=\"image\/jpeg\" \/>\n<meta name=\"twitter:card\" content=\"summary_large_image\" \/>\n<script type=\"application\/ld+json\" class=\"yoast-schema-graph\">{\"@context\":\"https:\/\/schema.org\",\"@graph\":[{\"@type\":\"WebPage\",\"@id\":\"https:\/\/letrame.com\/catalogo\/producto\/en-un-lugar-de-la-manchuela\/\",\"url\":\"https:\/\/letrame.com\/catalogo\/producto\/en-un-lugar-de-la-manchuela\/\",\"name\":\"En un lugar de La Manchuela - Catalogo | Letrame Grupo Editorial\",\"isPartOf\":{\"@id\":\"https:\/\/letrame.com\/catalogo\/#website\"},\"primaryImageOfPage\":{\"@id\":\"https:\/\/letrame.com\/catalogo\/producto\/en-un-lugar-de-la-manchuela\/#primaryimage\"},\"image\":{\"@id\":\"https:\/\/letrame.com\/catalogo\/producto\/en-un-lugar-de-la-manchuela\/#primaryimage\"},\"thumbnailUrl\":\"https:\/\/letrame.com\/catalogo\/wp-content\/uploads\/2024\/04\/En-un-lugar-de-la-Manchuela-scaled-1.jpg\",\"datePublished\":\"2024-04-18T12:10:19+00:00\",\"dateModified\":\"2024-04-18T12:10:29+00:00\",\"breadcrumb\":{\"@id\":\"https:\/\/letrame.com\/catalogo\/producto\/en-un-lugar-de-la-manchuela\/#breadcrumb\"},\"inLanguage\":\"es\",\"potentialAction\":[{\"@type\":\"ReadAction\",\"target\":[\"https:\/\/letrame.com\/catalogo\/producto\/en-un-lugar-de-la-manchuela\/\"]}]},{\"@type\":\"ImageObject\",\"inLanguage\":\"es\",\"@id\":\"https:\/\/letrame.com\/catalogo\/producto\/en-un-lugar-de-la-manchuela\/#primaryimage\",\"url\":\"https:\/\/letrame.com\/catalogo\/wp-content\/uploads\/2024\/04\/En-un-lugar-de-la-Manchuela-scaled-1.jpg\",\"contentUrl\":\"https:\/\/letrame.com\/catalogo\/wp-content\/uploads\/2024\/04\/En-un-lugar-de-la-Manchuela-scaled-1.jpg\",\"width\":1746,\"height\":2560},{\"@type\":\"BreadcrumbList\",\"@id\":\"https:\/\/letrame.com\/catalogo\/producto\/en-un-lugar-de-la-manchuela\/#breadcrumb\",\"itemListElement\":[{\"@type\":\"ListItem\",\"position\":1,\"name\":\"Portada\",\"item\":\"https:\/\/letrame.com\/catalogo\/\"},{\"@type\":\"ListItem\",\"position\":2,\"name\":\"Cat\u00e1logo\",\"item\":\"https:\/\/letrame.com\/catalogo\/\"},{\"@type\":\"ListItem\",\"position\":3,\"name\":\"En un lugar de La Manchuela\"}]},{\"@type\":\"WebSite\",\"@id\":\"https:\/\/letrame.com\/catalogo\/#website\",\"url\":\"https:\/\/letrame.com\/catalogo\/\",\"name\":\"Catalogo | Letrame Grupo Editorial\",\"description\":\"\",\"publisher\":{\"@id\":\"https:\/\/letrame.com\/catalogo\/#organization\"},\"potentialAction\":[{\"@type\":\"SearchAction\",\"target\":{\"@type\":\"EntryPoint\",\"urlTemplate\":\"https:\/\/letrame.com\/catalogo\/?s={search_term_string}\"},\"query-input\":{\"@type\":\"PropertyValueSpecification\",\"valueRequired\":true,\"valueName\":\"search_term_string\"}}],\"inLanguage\":\"es\"},{\"@type\":\"Organization\",\"@id\":\"https:\/\/letrame.com\/catalogo\/#organization\",\"name\":\"Catalogo | Letrame Grupo Editorial\",\"url\":\"https:\/\/letrame.com\/catalogo\/\",\"logo\":{\"@type\":\"ImageObject\",\"inLanguage\":\"es\",\"@id\":\"https:\/\/letrame.com\/catalogo\/#\/schema\/logo\/image\/\",\"url\":\"https:\/\/letrame.com\/catalogo\/wp-content\/uploads\/2024\/03\/logo2.webp\",\"contentUrl\":\"https:\/\/letrame.com\/catalogo\/wp-content\/uploads\/2024\/03\/logo2.webp\",\"width\":394,\"height\":128,\"caption\":\"Catalogo | Letrame Grupo Editorial\"},\"image\":{\"@id\":\"https:\/\/letrame.com\/catalogo\/#\/schema\/logo\/image\/\"}}]}<\/script>\n<!-- \/ Yoast SEO plugin. -->","yoast_head_json":{"title":"En un lugar de La Manchuela - Catalogo | Letrame Grupo Editorial","robots":{"index":"index","follow":"follow","max-snippet":"max-snippet:-1","max-image-preview":"max-image-preview:large","max-video-preview":"max-video-preview:-1"},"canonical":"https:\/\/letrame.com\/catalogo\/producto\/en-un-lugar-de-la-manchuela\/","og_locale":"es_ES","og_type":"article","og_title":"En un lugar de La Manchuela - Catalogo | Letrame Grupo Editorial","og_description":"ISBN: 978-84-18468-61-2 El autor, natural de un pueblo de la Manchuela albacete\u00f1a, reconvertido hace 65 a\u00f1os en urbanita. Se ve inesperadamente atrapado durante tres meses en su pueblo, uno de los muchos de la Espa\u00f1a vaciada. Ese tiempo lo dedica a admirar la naturaleza y a reflexionar sobre temas que determinan las vivencias y preocupaciones en estos dif\u00edciles tiempos, mientras tanto busca en su interior posibles salidas a los m\u00faltiples problemas que plantea la sociedad en nuestros d\u00edas.","og_url":"https:\/\/letrame.com\/catalogo\/producto\/en-un-lugar-de-la-manchuela\/","og_site_name":"Catalogo | Letrame Grupo Editorial","article_modified_time":"2024-04-18T12:10:29+00:00","og_image":[{"width":1746,"height":2560,"url":"https:\/\/letrame.com\/catalogo\/wp-content\/uploads\/2024\/04\/En-un-lugar-de-la-Manchuela-scaled-1.jpg","type":"image\/jpeg"}],"twitter_card":"summary_large_image","schema":{"@context":"https:\/\/schema.org","@graph":[{"@type":"WebPage","@id":"https:\/\/letrame.com\/catalogo\/producto\/en-un-lugar-de-la-manchuela\/","url":"https:\/\/letrame.com\/catalogo\/producto\/en-un-lugar-de-la-manchuela\/","name":"En un lugar de La Manchuela - Catalogo | Letrame Grupo Editorial","isPartOf":{"@id":"https:\/\/letrame.com\/catalogo\/#website"},"primaryImageOfPage":{"@id":"https:\/\/letrame.com\/catalogo\/producto\/en-un-lugar-de-la-manchuela\/#primaryimage"},"image":{"@id":"https:\/\/letrame.com\/catalogo\/producto\/en-un-lugar-de-la-manchuela\/#primaryimage"},"thumbnailUrl":"https:\/\/letrame.com\/catalogo\/wp-content\/uploads\/2024\/04\/En-un-lugar-de-la-Manchuela-scaled-1.jpg","datePublished":"2024-04-18T12:10:19+00:00","dateModified":"2024-04-18T12:10:29+00:00","breadcrumb":{"@id":"https:\/\/letrame.com\/catalogo\/producto\/en-un-lugar-de-la-manchuela\/#breadcrumb"},"inLanguage":"es","potentialAction":[{"@type":"ReadAction","target":["https:\/\/letrame.com\/catalogo\/producto\/en-un-lugar-de-la-manchuela\/"]}]},{"@type":"ImageObject","inLanguage":"es","@id":"https:\/\/letrame.com\/catalogo\/producto\/en-un-lugar-de-la-manchuela\/#primaryimage","url":"https:\/\/letrame.com\/catalogo\/wp-content\/uploads\/2024\/04\/En-un-lugar-de-la-Manchuela-scaled-1.jpg","contentUrl":"https:\/\/letrame.com\/catalogo\/wp-content\/uploads\/2024\/04\/En-un-lugar-de-la-Manchuela-scaled-1.jpg","width":1746,"height":2560},{"@type":"BreadcrumbList","@id":"https:\/\/letrame.com\/catalogo\/producto\/en-un-lugar-de-la-manchuela\/#breadcrumb","itemListElement":[{"@type":"ListItem","position":1,"name":"Portada","item":"https:\/\/letrame.com\/catalogo\/"},{"@type":"ListItem","position":2,"name":"Cat\u00e1logo","item":"https:\/\/letrame.com\/catalogo\/"},{"@type":"ListItem","position":3,"name":"En un lugar de La Manchuela"}]},{"@type":"WebSite","@id":"https:\/\/letrame.com\/catalogo\/#website","url":"https:\/\/letrame.com\/catalogo\/","name":"Catalogo | Letrame Grupo Editorial","description":"","publisher":{"@id":"https:\/\/letrame.com\/catalogo\/#organization"},"potentialAction":[{"@type":"SearchAction","target":{"@type":"EntryPoint","urlTemplate":"https:\/\/letrame.com\/catalogo\/?s={search_term_string}"},"query-input":{"@type":"PropertyValueSpecification","valueRequired":true,"valueName":"search_term_string"}}],"inLanguage":"es"},{"@type":"Organization","@id":"https:\/\/letrame.com\/catalogo\/#organization","name":"Catalogo | Letrame Grupo Editorial","url":"https:\/\/letrame.com\/catalogo\/","logo":{"@type":"ImageObject","inLanguage":"es","@id":"https:\/\/letrame.com\/catalogo\/#\/schema\/logo\/image\/","url":"https:\/\/letrame.com\/catalogo\/wp-content\/uploads\/2024\/03\/logo2.webp","contentUrl":"https:\/\/letrame.com\/catalogo\/wp-content\/uploads\/2024\/03\/logo2.webp","width":394,"height":128,"caption":"Catalogo | Letrame Grupo Editorial"},"image":{"@id":"https:\/\/letrame.com\/catalogo\/#\/schema\/logo\/image\/"}}]}},"_links":{"self":[{"href":"https:\/\/letrame.com\/catalogo\/wp-json\/wp\/v2\/product\/95896","targetHints":{"allow":["GET"]}}],"collection":[{"href":"https:\/\/letrame.com\/catalogo\/wp-json\/wp\/v2\/product"}],"about":[{"href":"https:\/\/letrame.com\/catalogo\/wp-json\/wp\/v2\/types\/product"}],"replies":[{"embeddable":true,"href":"https:\/\/letrame.com\/catalogo\/wp-json\/wp\/v2\/comments?post=95896"}],"acf:post":[{"embeddable":true,"href":"https:\/\/letrame.com\/catalogo\/wp-json\/wp\/v2\/author_book\/74622"}],"wp:featuredmedia":[{"embeddable":true,"href":"https:\/\/letrame.com\/catalogo\/wp-json\/wp\/v2\/media\/95897"}],"wp:attachment":[{"href":"https:\/\/letrame.com\/catalogo\/wp-json\/wp\/v2\/media?parent=95896"}],"wp:term":[{"taxonomy":"libro","embeddable":true,"href":"https:\/\/letrame.com\/catalogo\/wp-json\/wp\/v2\/libro?post=95896"},{"taxonomy":"product_brand","embeddable":true,"href":"https:\/\/letrame.com\/catalogo\/wp-json\/wp\/v2\/product_brand?post=95896"},{"taxonomy":"product_cat","embeddable":true,"href":"https:\/\/letrame.com\/catalogo\/wp-json\/wp\/v2\/product_cat?post=95896"},{"taxonomy":"product_tag","embeddable":true,"href":"https:\/\/letrame.com\/catalogo\/wp-json\/wp\/v2\/product_tag?post=95896"}],"curies":[{"name":"wp","href":"https:\/\/api.w.org\/{rel}","templated":true}]}}