{"id":95894,"date":"2024-04-18T14:10:19","date_gmt":"2024-04-18T12:10:19","guid":{"rendered":"https:\/\/letrame.com\/catalogo\/producto\/cosas-que-aprendi-mientras-corria-maratones\/"},"modified":"2024-04-18T14:10:19","modified_gmt":"2024-04-18T12:10:19","slug":"cosas-que-aprendi-mientras-corria-maratones","status":"publish","type":"product","link":"https:\/\/letrame.com\/catalogo\/producto\/cosas-que-aprendi-mientras-corria-maratones\/","title":{"rendered":"Cosas que aprend\u00ed mientras corr\u00eda maratones"},"content":{"rendered":"\n<p><strong>ISBN<\/strong>: 978-84-18398-76-6<br><strong>T\u00edtulo<\/strong>: Cosas que aprend\u00ed<br><strong>Fecha<\/strong>: 2020<br><strong>P\u00e1ginas<\/strong>:&nbsp;76<\/p>\n\n\n\n<p><strong>SINOPSIS<\/strong><\/p>\n\n\n\n<p>En m\u00e1s de una ocasi\u00f3n han definido mi forma de actuar como la de un corredor de fondo. \u00bfExiste un modo de actuar de los corredores de fondo? \u00bfHay algo que podamos aprender en nuestras vidas tanto personales como profesionales de correr largas distancias?<\/p>\n\n\n\n<p>Personalmente, estoy convencido de que es as\u00ed. Y que son muchos, y provechosos, los aprendizajes que podemos extraer de algo tan sencillo como correr, y esta es la raz\u00f3n de ser de este libro.<\/p>\n\n\n\n<p>Pero que nadie espere encontrar en estas p\u00e1ginas un libro de <em>management <\/em>o de autoayuda. Simplemente, he escrito sobre lo que aprend\u00ed mientras corr\u00eda, con la esperanza que alg\u00fan lector an\u00f3nimo lo encuentre interesante y pueda aprender de ello.<\/p>\n","protected":false},"excerpt":{"rendered":"<p><strong>ISBN: 978-84-18398-76-6<\/strong><\/p>\n<p>En m\u00e1s de una ocasi\u00f3n han definido mi forma de actuar como la de un corredor de fondo. \u00bfExiste un modo de actuar de los corredores de fondo? \u00bfHay algo que podamos aprender en nuestras vidas tanto personales como profesionales de correr largas distancias?<\/p>\n","protected":false},"featured_media":95895,"comment_status":"closed","ping_status":"open","template":"","meta":{"_acf_changed":false},"libro":[],"product_brand":[],"product_cat":[21],"product_tag":[],"class_list":{"0":"post-95894","1":"product","2":"type-product","3":"status-publish","4":"has-post-thumbnail","6":"product_cat-relato","8":"first","9":"instock","10":"purchasable","11":"product-type-simple"},"acf":{"autor":[74621],"enlace_de_compra":"https:\/\/www.amazon.es\/Cosas-aprend-mientras-corra-Autobiografa\/dp\/8418398760"},"yoast_head":"<!-- This site is optimized with the Yoast SEO plugin v26.6 - https:\/\/yoast.com\/wordpress\/plugins\/seo\/ -->\n<title>Cosas que aprend\u00ed mientras corr\u00eda maratones - Catalogo | Letrame Grupo Editorial<\/title>\n<meta name=\"robots\" content=\"index, follow, max-snippet:-1, max-image-preview:large, max-video-preview:-1\" \/>\n<link rel=\"canonical\" href=\"https:\/\/letrame.com\/catalogo\/producto\/cosas-que-aprendi-mientras-corria-maratones\/\" \/>\n<meta property=\"og:locale\" content=\"es_ES\" \/>\n<meta property=\"og:type\" content=\"article\" \/>\n<meta property=\"og:title\" content=\"Cosas que aprend\u00ed mientras corr\u00eda maratones - Catalogo | Letrame Grupo Editorial\" \/>\n<meta property=\"og:description\" content=\"ISBN: 978-84-18398-76-6 En m\u00e1s de una ocasi\u00f3n han definido mi forma de actuar como la de un corredor de fondo. \u00bfExiste un modo de actuar de los corredores de fondo? \u00bfHay algo que podamos aprender en nuestras vidas tanto personales como profesionales de correr largas distancias?\" \/>\n<meta property=\"og:url\" content=\"https:\/\/letrame.com\/catalogo\/producto\/cosas-que-aprendi-mientras-corria-maratones\/\" \/>\n<meta property=\"og:site_name\" content=\"Catalogo | Letrame Grupo Editorial\" \/>\n<meta property=\"og:image\" content=\"https:\/\/letrame.com\/catalogo\/wp-content\/uploads\/2024\/04\/Cosas-que-aprendi-mientras-corria-maratones.jpg\" \/>\n\t<meta property=\"og:image:width\" content=\"1500\" \/>\n\t<meta property=\"og:image:height\" content=\"2362\" \/>\n\t<meta property=\"og:image:type\" content=\"image\/jpeg\" \/>\n<meta name=\"twitter:card\" content=\"summary_large_image\" \/>\n<meta name=\"twitter:label1\" content=\"Tiempo de lectura\" \/>\n\t<meta name=\"twitter:data1\" content=\"1 minuto\" \/>\n<script type=\"application\/ld+json\" class=\"yoast-schema-graph\">{\"@context\":\"https:\/\/schema.org\",\"@graph\":[{\"@type\":\"WebPage\",\"@id\":\"https:\/\/letrame.com\/catalogo\/producto\/cosas-que-aprendi-mientras-corria-maratones\/\",\"url\":\"https:\/\/letrame.com\/catalogo\/producto\/cosas-que-aprendi-mientras-corria-maratones\/\",\"name\":\"Cosas que aprend\u00ed mientras corr\u00eda maratones - Catalogo | Letrame Grupo Editorial\",\"isPartOf\":{\"@id\":\"https:\/\/letrame.com\/catalogo\/#website\"},\"primaryImageOfPage\":{\"@id\":\"https:\/\/letrame.com\/catalogo\/producto\/cosas-que-aprendi-mientras-corria-maratones\/#primaryimage\"},\"image\":{\"@id\":\"https:\/\/letrame.com\/catalogo\/producto\/cosas-que-aprendi-mientras-corria-maratones\/#primaryimage\"},\"thumbnailUrl\":\"https:\/\/letrame.com\/catalogo\/wp-content\/uploads\/2024\/04\/Cosas-que-aprendi-mientras-corria-maratones.jpg\",\"datePublished\":\"2024-04-18T12:10:19+00:00\",\"breadcrumb\":{\"@id\":\"https:\/\/letrame.com\/catalogo\/producto\/cosas-que-aprendi-mientras-corria-maratones\/#breadcrumb\"},\"inLanguage\":\"es\",\"potentialAction\":[{\"@type\":\"ReadAction\",\"target\":[\"https:\/\/letrame.com\/catalogo\/producto\/cosas-que-aprendi-mientras-corria-maratones\/\"]}]},{\"@type\":\"ImageObject\",\"inLanguage\":\"es\",\"@id\":\"https:\/\/letrame.com\/catalogo\/producto\/cosas-que-aprendi-mientras-corria-maratones\/#primaryimage\",\"url\":\"https:\/\/letrame.com\/catalogo\/wp-content\/uploads\/2024\/04\/Cosas-que-aprendi-mientras-corria-maratones.jpg\",\"contentUrl\":\"https:\/\/letrame.com\/catalogo\/wp-content\/uploads\/2024\/04\/Cosas-que-aprendi-mientras-corria-maratones.jpg\",\"width\":1500,\"height\":2362},{\"@type\":\"BreadcrumbList\",\"@id\":\"https:\/\/letrame.com\/catalogo\/producto\/cosas-que-aprendi-mientras-corria-maratones\/#breadcrumb\",\"itemListElement\":[{\"@type\":\"ListItem\",\"position\":1,\"name\":\"Portada\",\"item\":\"https:\/\/letrame.com\/catalogo\/\"},{\"@type\":\"ListItem\",\"position\":2,\"name\":\"Cat\u00e1logo\",\"item\":\"https:\/\/letrame.com\/catalogo\/\"},{\"@type\":\"ListItem\",\"position\":3,\"name\":\"Cosas que aprend\u00ed mientras corr\u00eda maratones\"}]},{\"@type\":\"WebSite\",\"@id\":\"https:\/\/letrame.com\/catalogo\/#website\",\"url\":\"https:\/\/letrame.com\/catalogo\/\",\"name\":\"Catalogo | Letrame Grupo Editorial\",\"description\":\"\",\"publisher\":{\"@id\":\"https:\/\/letrame.com\/catalogo\/#organization\"},\"potentialAction\":[{\"@type\":\"SearchAction\",\"target\":{\"@type\":\"EntryPoint\",\"urlTemplate\":\"https:\/\/letrame.com\/catalogo\/?s={search_term_string}\"},\"query-input\":{\"@type\":\"PropertyValueSpecification\",\"valueRequired\":true,\"valueName\":\"search_term_string\"}}],\"inLanguage\":\"es\"},{\"@type\":\"Organization\",\"@id\":\"https:\/\/letrame.com\/catalogo\/#organization\",\"name\":\"Catalogo | Letrame Grupo Editorial\",\"url\":\"https:\/\/letrame.com\/catalogo\/\",\"logo\":{\"@type\":\"ImageObject\",\"inLanguage\":\"es\",\"@id\":\"https:\/\/letrame.com\/catalogo\/#\/schema\/logo\/image\/\",\"url\":\"https:\/\/letrame.com\/catalogo\/wp-content\/uploads\/2024\/03\/logo2.webp\",\"contentUrl\":\"https:\/\/letrame.com\/catalogo\/wp-content\/uploads\/2024\/03\/logo2.webp\",\"width\":394,\"height\":128,\"caption\":\"Catalogo | Letrame Grupo Editorial\"},\"image\":{\"@id\":\"https:\/\/letrame.com\/catalogo\/#\/schema\/logo\/image\/\"}}]}<\/script>\n<!-- \/ Yoast SEO plugin. -->","yoast_head_json":{"title":"Cosas que aprend\u00ed mientras corr\u00eda maratones - Catalogo | Letrame Grupo Editorial","robots":{"index":"index","follow":"follow","max-snippet":"max-snippet:-1","max-image-preview":"max-image-preview:large","max-video-preview":"max-video-preview:-1"},"canonical":"https:\/\/letrame.com\/catalogo\/producto\/cosas-que-aprendi-mientras-corria-maratones\/","og_locale":"es_ES","og_type":"article","og_title":"Cosas que aprend\u00ed mientras corr\u00eda maratones - Catalogo | Letrame Grupo Editorial","og_description":"ISBN: 978-84-18398-76-6 En m\u00e1s de una ocasi\u00f3n han definido mi forma de actuar como la de un corredor de fondo. \u00bfExiste un modo de actuar de los corredores de fondo? \u00bfHay algo que podamos aprender en nuestras vidas tanto personales como profesionales de correr largas distancias?","og_url":"https:\/\/letrame.com\/catalogo\/producto\/cosas-que-aprendi-mientras-corria-maratones\/","og_site_name":"Catalogo | Letrame Grupo Editorial","og_image":[{"width":1500,"height":2362,"url":"https:\/\/letrame.com\/catalogo\/wp-content\/uploads\/2024\/04\/Cosas-que-aprendi-mientras-corria-maratones.jpg","type":"image\/jpeg"}],"twitter_card":"summary_large_image","twitter_misc":{"Tiempo de lectura":"1 minuto"},"schema":{"@context":"https:\/\/schema.org","@graph":[{"@type":"WebPage","@id":"https:\/\/letrame.com\/catalogo\/producto\/cosas-que-aprendi-mientras-corria-maratones\/","url":"https:\/\/letrame.com\/catalogo\/producto\/cosas-que-aprendi-mientras-corria-maratones\/","name":"Cosas que aprend\u00ed mientras corr\u00eda maratones - Catalogo | Letrame Grupo Editorial","isPartOf":{"@id":"https:\/\/letrame.com\/catalogo\/#website"},"primaryImageOfPage":{"@id":"https:\/\/letrame.com\/catalogo\/producto\/cosas-que-aprendi-mientras-corria-maratones\/#primaryimage"},"image":{"@id":"https:\/\/letrame.com\/catalogo\/producto\/cosas-que-aprendi-mientras-corria-maratones\/#primaryimage"},"thumbnailUrl":"https:\/\/letrame.com\/catalogo\/wp-content\/uploads\/2024\/04\/Cosas-que-aprendi-mientras-corria-maratones.jpg","datePublished":"2024-04-18T12:10:19+00:00","breadcrumb":{"@id":"https:\/\/letrame.com\/catalogo\/producto\/cosas-que-aprendi-mientras-corria-maratones\/#breadcrumb"},"inLanguage":"es","potentialAction":[{"@type":"ReadAction","target":["https:\/\/letrame.com\/catalogo\/producto\/cosas-que-aprendi-mientras-corria-maratones\/"]}]},{"@type":"ImageObject","inLanguage":"es","@id":"https:\/\/letrame.com\/catalogo\/producto\/cosas-que-aprendi-mientras-corria-maratones\/#primaryimage","url":"https:\/\/letrame.com\/catalogo\/wp-content\/uploads\/2024\/04\/Cosas-que-aprendi-mientras-corria-maratones.jpg","contentUrl":"https:\/\/letrame.com\/catalogo\/wp-content\/uploads\/2024\/04\/Cosas-que-aprendi-mientras-corria-maratones.jpg","width":1500,"height":2362},{"@type":"BreadcrumbList","@id":"https:\/\/letrame.com\/catalogo\/producto\/cosas-que-aprendi-mientras-corria-maratones\/#breadcrumb","itemListElement":[{"@type":"ListItem","position":1,"name":"Portada","item":"https:\/\/letrame.com\/catalogo\/"},{"@type":"ListItem","position":2,"name":"Cat\u00e1logo","item":"https:\/\/letrame.com\/catalogo\/"},{"@type":"ListItem","position":3,"name":"Cosas que aprend\u00ed mientras corr\u00eda maratones"}]},{"@type":"WebSite","@id":"https:\/\/letrame.com\/catalogo\/#website","url":"https:\/\/letrame.com\/catalogo\/","name":"Catalogo | Letrame Grupo Editorial","description":"","publisher":{"@id":"https:\/\/letrame.com\/catalogo\/#organization"},"potentialAction":[{"@type":"SearchAction","target":{"@type":"EntryPoint","urlTemplate":"https:\/\/letrame.com\/catalogo\/?s={search_term_string}"},"query-input":{"@type":"PropertyValueSpecification","valueRequired":true,"valueName":"search_term_string"}}],"inLanguage":"es"},{"@type":"Organization","@id":"https:\/\/letrame.com\/catalogo\/#organization","name":"Catalogo | Letrame Grupo Editorial","url":"https:\/\/letrame.com\/catalogo\/","logo":{"@type":"ImageObject","inLanguage":"es","@id":"https:\/\/letrame.com\/catalogo\/#\/schema\/logo\/image\/","url":"https:\/\/letrame.com\/catalogo\/wp-content\/uploads\/2024\/03\/logo2.webp","contentUrl":"https:\/\/letrame.com\/catalogo\/wp-content\/uploads\/2024\/03\/logo2.webp","width":394,"height":128,"caption":"Catalogo | Letrame Grupo Editorial"},"image":{"@id":"https:\/\/letrame.com\/catalogo\/#\/schema\/logo\/image\/"}}]}},"_links":{"self":[{"href":"https:\/\/letrame.com\/catalogo\/wp-json\/wp\/v2\/product\/95894","targetHints":{"allow":["GET"]}}],"collection":[{"href":"https:\/\/letrame.com\/catalogo\/wp-json\/wp\/v2\/product"}],"about":[{"href":"https:\/\/letrame.com\/catalogo\/wp-json\/wp\/v2\/types\/product"}],"replies":[{"embeddable":true,"href":"https:\/\/letrame.com\/catalogo\/wp-json\/wp\/v2\/comments?post=95894"}],"acf:post":[{"embeddable":true,"href":"https:\/\/letrame.com\/catalogo\/wp-json\/wp\/v2\/author_book\/74621"}],"wp:featuredmedia":[{"embeddable":true,"href":"https:\/\/letrame.com\/catalogo\/wp-json\/wp\/v2\/media\/95895"}],"wp:attachment":[{"href":"https:\/\/letrame.com\/catalogo\/wp-json\/wp\/v2\/media?parent=95894"}],"wp:term":[{"taxonomy":"libro","embeddable":true,"href":"https:\/\/letrame.com\/catalogo\/wp-json\/wp\/v2\/libro?post=95894"},{"taxonomy":"product_brand","embeddable":true,"href":"https:\/\/letrame.com\/catalogo\/wp-json\/wp\/v2\/product_brand?post=95894"},{"taxonomy":"product_cat","embeddable":true,"href":"https:\/\/letrame.com\/catalogo\/wp-json\/wp\/v2\/product_cat?post=95894"},{"taxonomy":"product_tag","embeddable":true,"href":"https:\/\/letrame.com\/catalogo\/wp-json\/wp\/v2\/product_tag?post=95894"}],"curies":[{"name":"wp","href":"https:\/\/api.w.org\/{rel}","templated":true}]}}