{"id":95874,"date":"2024-04-18T13:34:50","date_gmt":"2024-04-18T11:34:50","guid":{"rendered":"https:\/\/letrame.com\/catalogo\/producto\/yo-soy-el-que-soy\/"},"modified":"2024-04-18T13:34:50","modified_gmt":"2024-04-18T11:34:50","slug":"yo-soy-el-que-soy","status":"publish","type":"product","link":"https:\/\/letrame.com\/catalogo\/producto\/yo-soy-el-que-soy\/","title":{"rendered":"Yo soy el que soy"},"content":{"rendered":"\n<p><strong>ISBN<\/strong>: 978-84-18398-98-8<br><strong>T\u00edtulo<\/strong>: Yo soy el que soy <br><strong>Fecha<\/strong>: 2020<br><strong>P\u00e1ginas<\/strong>:&nbsp;354<\/p>\n\n\n\n<p><strong>SINOPSIS<\/strong><\/p>\n\n\n\n<p>Cuando ten\u00eda quince a\u00f1os decid\u00ed que vivir\u00eda hasta los treinta. Ahora tengo diecisiete. Mi vida ira en torno a la m\u00fasica y a la iglesia: el Viol\u00edn y Dios. Del instituto al conservatorio, del conservatorio a los cultos, de los cultos a los ensayos y vuelta a empezar.<\/p>\n\n\n\n<p>Nac\u00ed en Chamber\u00ed, aunque soy de origen surcoreano. Me educaron para ser la fortaleza y la luz en la monta\u00f1a, pero hoy me siento sucio y culpable. \u00bfEsto es el sexo? A\u00fan no s\u00e9 si me ha gustado o no. No, no me ha gustado\u2026 \u00bfo s\u00ed? No lo s\u00e9. Y de repente, me quito la venda. Mis padres me notan raro. Me preguntan qu\u00e9 me pasa. \u00bfQu\u00e9 les digo? No estoy preparado para contarles la verdad. Me dicen que soy su primog\u00e9nito y que, sea lo que sea, me querr\u00e1n y apoyar\u00e1n. \u00bfMe est\u00e1n poniendo la alfombra roja? \u00abCreo que me gustan los chicos\u00bb.<\/p>\n\n\n\n<p><em>\u00abNo te echar\u00e1s con var\u00f3n como con mujer; es abominaci\u00f3n\u00bb.<\/em> \u00abTu talento no sirve para nada si no est\u00e1s con Dios. \u00bfAcaso eres una mujer? \u00a1Lev\u00e1ntate y qu\u00edtate la ropa!\u00bb. Se dirige a la encimera, abre el primer caj\u00f3n y coge un cuchillo de cocina\u2026<\/p>\n","protected":false},"excerpt":{"rendered":"<p><strong>ISBN: 978-84-18398-98-8<\/strong><\/p>\n<p><em data-rich-text-format-boundary=\"true\">\u00abNo te echar\u00e1s con var\u00f3n como con mujer; es abominaci\u00f3n\u00bb.<\/em> \u00abTu talento no sirve para nada si no est\u00e1s con Dios. \u00bfAcaso eres una mujer? \u00a1Lev\u00e1ntate y qu\u00edtate la ropa!\u00bb. Se dirige a la encimera, abre el primer caj\u00f3n y coge un cuchillo de cocina\u2026<\/p>\n","protected":false},"featured_media":95875,"comment_status":"closed","ping_status":"open","template":"","meta":{"_acf_changed":false},"libro":[],"product_brand":[],"product_cat":[18,21],"product_tag":[],"class_list":{"0":"post-95874","1":"product","2":"type-product","3":"status-publish","4":"has-post-thumbnail","6":"product_cat-autoayuda","7":"product_cat-relato","9":"first","10":"instock","11":"purchasable","12":"product-type-simple"},"acf":{"autor":[74600],"enlace_de_compra":"https:\/\/www.aaronleeverace.com\/libro\/"},"yoast_head":"<!-- This site is optimized with the Yoast SEO plugin v27.4 - https:\/\/yoast.com\/product\/yoast-seo-wordpress\/ -->\n<title>Yo soy el que soy - Catalogo | Letrame Grupo Editorial<\/title>\n<meta name=\"robots\" content=\"index, follow, max-snippet:-1, max-image-preview:large, max-video-preview:-1\" \/>\n<link rel=\"canonical\" href=\"https:\/\/letrame.com\/catalogo\/producto\/yo-soy-el-que-soy\/\" \/>\n<meta property=\"og:locale\" content=\"es_ES\" \/>\n<meta property=\"og:type\" content=\"article\" \/>\n<meta property=\"og:title\" content=\"Yo soy el que soy - Catalogo | Letrame Grupo Editorial\" \/>\n<meta property=\"og:description\" content=\"ISBN: 978-84-18398-98-8 \u00abNo te echar\u00e1s con var\u00f3n como con mujer; es abominaci\u00f3n\u00bb. \u00abTu talento no sirve para nada si no est\u00e1s con Dios. \u00bfAcaso eres una mujer? \u00a1Lev\u00e1ntate y qu\u00edtate la ropa!\u00bb. Se dirige a la encimera, abre el primer caj\u00f3n y coge un cuchillo de cocina\u2026\" \/>\n<meta property=\"og:url\" content=\"https:\/\/letrame.com\/catalogo\/producto\/yo-soy-el-que-soy\/\" \/>\n<meta property=\"og:site_name\" content=\"Catalogo | Letrame Grupo Editorial\" \/>\n<meta property=\"og:image\" content=\"https:\/\/letrame.com\/catalogo\/wp-content\/uploads\/2024\/04\/yo-soy-el-que-soy.jpg\" \/>\n\t<meta property=\"og:image:width\" content=\"1535\" \/>\n\t<meta property=\"og:image:height\" content=\"2480\" \/>\n\t<meta property=\"og:image:type\" content=\"image\/jpeg\" \/>\n<meta name=\"twitter:card\" content=\"summary_large_image\" \/>\n<meta name=\"twitter:label1\" content=\"Tiempo de lectura\" \/>\n\t<meta name=\"twitter:data1\" content=\"1 minuto\" \/>\n<script type=\"application\/ld+json\" class=\"yoast-schema-graph\">{\"@context\":\"https:\\\/\\\/schema.org\",\"@graph\":[{\"@type\":\"WebPage\",\"@id\":\"https:\\\/\\\/letrame.com\\\/catalogo\\\/producto\\\/yo-soy-el-que-soy\\\/\",\"url\":\"https:\\\/\\\/letrame.com\\\/catalogo\\\/producto\\\/yo-soy-el-que-soy\\\/\",\"name\":\"Yo soy el que soy - Catalogo | Letrame Grupo Editorial\",\"isPartOf\":{\"@id\":\"https:\\\/\\\/letrame.com\\\/catalogo\\\/#website\"},\"primaryImageOfPage\":{\"@id\":\"https:\\\/\\\/letrame.com\\\/catalogo\\\/producto\\\/yo-soy-el-que-soy\\\/#primaryimage\"},\"image\":{\"@id\":\"https:\\\/\\\/letrame.com\\\/catalogo\\\/producto\\\/yo-soy-el-que-soy\\\/#primaryimage\"},\"thumbnailUrl\":\"https:\\\/\\\/letrame.com\\\/catalogo\\\/wp-content\\\/uploads\\\/2024\\\/04\\\/yo-soy-el-que-soy.jpg\",\"datePublished\":\"2024-04-18T11:34:50+00:00\",\"breadcrumb\":{\"@id\":\"https:\\\/\\\/letrame.com\\\/catalogo\\\/producto\\\/yo-soy-el-que-soy\\\/#breadcrumb\"},\"inLanguage\":\"es\",\"potentialAction\":[{\"@type\":\"ReadAction\",\"target\":[\"https:\\\/\\\/letrame.com\\\/catalogo\\\/producto\\\/yo-soy-el-que-soy\\\/\"]}]},{\"@type\":\"ImageObject\",\"inLanguage\":\"es\",\"@id\":\"https:\\\/\\\/letrame.com\\\/catalogo\\\/producto\\\/yo-soy-el-que-soy\\\/#primaryimage\",\"url\":\"https:\\\/\\\/letrame.com\\\/catalogo\\\/wp-content\\\/uploads\\\/2024\\\/04\\\/yo-soy-el-que-soy.jpg\",\"contentUrl\":\"https:\\\/\\\/letrame.com\\\/catalogo\\\/wp-content\\\/uploads\\\/2024\\\/04\\\/yo-soy-el-que-soy.jpg\",\"width\":1535,\"height\":2480},{\"@type\":\"BreadcrumbList\",\"@id\":\"https:\\\/\\\/letrame.com\\\/catalogo\\\/producto\\\/yo-soy-el-que-soy\\\/#breadcrumb\",\"itemListElement\":[{\"@type\":\"ListItem\",\"position\":1,\"name\":\"Portada\",\"item\":\"https:\\\/\\\/letrame.com\\\/catalogo\\\/\"},{\"@type\":\"ListItem\",\"position\":2,\"name\":\"Cat\u00e1logo\",\"item\":\"https:\\\/\\\/letrame.com\\\/catalogo\\\/\"},{\"@type\":\"ListItem\",\"position\":3,\"name\":\"Yo soy el que soy\"}]},{\"@type\":\"WebSite\",\"@id\":\"https:\\\/\\\/letrame.com\\\/catalogo\\\/#website\",\"url\":\"https:\\\/\\\/letrame.com\\\/catalogo\\\/\",\"name\":\"Catalogo | Letrame Grupo Editorial\",\"description\":\"\",\"publisher\":{\"@id\":\"https:\\\/\\\/letrame.com\\\/catalogo\\\/#organization\"},\"potentialAction\":[{\"@type\":\"SearchAction\",\"target\":{\"@type\":\"EntryPoint\",\"urlTemplate\":\"https:\\\/\\\/letrame.com\\\/catalogo\\\/?s={search_term_string}\"},\"query-input\":{\"@type\":\"PropertyValueSpecification\",\"valueRequired\":true,\"valueName\":\"search_term_string\"}}],\"inLanguage\":\"es\"},{\"@type\":\"Organization\",\"@id\":\"https:\\\/\\\/letrame.com\\\/catalogo\\\/#organization\",\"name\":\"Catalogo | Letrame Grupo Editorial\",\"url\":\"https:\\\/\\\/letrame.com\\\/catalogo\\\/\",\"logo\":{\"@type\":\"ImageObject\",\"inLanguage\":\"es\",\"@id\":\"https:\\\/\\\/letrame.com\\\/catalogo\\\/#\\\/schema\\\/logo\\\/image\\\/\",\"url\":\"https:\\\/\\\/letrame.com\\\/catalogo\\\/wp-content\\\/uploads\\\/2024\\\/03\\\/logo2.webp\",\"contentUrl\":\"https:\\\/\\\/letrame.com\\\/catalogo\\\/wp-content\\\/uploads\\\/2024\\\/03\\\/logo2.webp\",\"width\":394,\"height\":128,\"caption\":\"Catalogo | Letrame Grupo Editorial\"},\"image\":{\"@id\":\"https:\\\/\\\/letrame.com\\\/catalogo\\\/#\\\/schema\\\/logo\\\/image\\\/\"}}]}<\/script>\n<!-- \/ Yoast SEO plugin. -->","yoast_head_json":{"title":"Yo soy el que soy - Catalogo | Letrame Grupo Editorial","robots":{"index":"index","follow":"follow","max-snippet":"max-snippet:-1","max-image-preview":"max-image-preview:large","max-video-preview":"max-video-preview:-1"},"canonical":"https:\/\/letrame.com\/catalogo\/producto\/yo-soy-el-que-soy\/","og_locale":"es_ES","og_type":"article","og_title":"Yo soy el que soy - Catalogo | Letrame Grupo Editorial","og_description":"ISBN: 978-84-18398-98-8 \u00abNo te echar\u00e1s con var\u00f3n como con mujer; es abominaci\u00f3n\u00bb. \u00abTu talento no sirve para nada si no est\u00e1s con Dios. \u00bfAcaso eres una mujer? \u00a1Lev\u00e1ntate y qu\u00edtate la ropa!\u00bb. Se dirige a la encimera, abre el primer caj\u00f3n y coge un cuchillo de cocina\u2026","og_url":"https:\/\/letrame.com\/catalogo\/producto\/yo-soy-el-que-soy\/","og_site_name":"Catalogo | Letrame Grupo Editorial","og_image":[{"width":1535,"height":2480,"url":"https:\/\/letrame.com\/catalogo\/wp-content\/uploads\/2024\/04\/yo-soy-el-que-soy.jpg","type":"image\/jpeg"}],"twitter_card":"summary_large_image","twitter_misc":{"Tiempo de lectura":"1 minuto"},"schema":{"@context":"https:\/\/schema.org","@graph":[{"@type":"WebPage","@id":"https:\/\/letrame.com\/catalogo\/producto\/yo-soy-el-que-soy\/","url":"https:\/\/letrame.com\/catalogo\/producto\/yo-soy-el-que-soy\/","name":"Yo soy el que soy - Catalogo | Letrame Grupo Editorial","isPartOf":{"@id":"https:\/\/letrame.com\/catalogo\/#website"},"primaryImageOfPage":{"@id":"https:\/\/letrame.com\/catalogo\/producto\/yo-soy-el-que-soy\/#primaryimage"},"image":{"@id":"https:\/\/letrame.com\/catalogo\/producto\/yo-soy-el-que-soy\/#primaryimage"},"thumbnailUrl":"https:\/\/letrame.com\/catalogo\/wp-content\/uploads\/2024\/04\/yo-soy-el-que-soy.jpg","datePublished":"2024-04-18T11:34:50+00:00","breadcrumb":{"@id":"https:\/\/letrame.com\/catalogo\/producto\/yo-soy-el-que-soy\/#breadcrumb"},"inLanguage":"es","potentialAction":[{"@type":"ReadAction","target":["https:\/\/letrame.com\/catalogo\/producto\/yo-soy-el-que-soy\/"]}]},{"@type":"ImageObject","inLanguage":"es","@id":"https:\/\/letrame.com\/catalogo\/producto\/yo-soy-el-que-soy\/#primaryimage","url":"https:\/\/letrame.com\/catalogo\/wp-content\/uploads\/2024\/04\/yo-soy-el-que-soy.jpg","contentUrl":"https:\/\/letrame.com\/catalogo\/wp-content\/uploads\/2024\/04\/yo-soy-el-que-soy.jpg","width":1535,"height":2480},{"@type":"BreadcrumbList","@id":"https:\/\/letrame.com\/catalogo\/producto\/yo-soy-el-que-soy\/#breadcrumb","itemListElement":[{"@type":"ListItem","position":1,"name":"Portada","item":"https:\/\/letrame.com\/catalogo\/"},{"@type":"ListItem","position":2,"name":"Cat\u00e1logo","item":"https:\/\/letrame.com\/catalogo\/"},{"@type":"ListItem","position":3,"name":"Yo soy el que soy"}]},{"@type":"WebSite","@id":"https:\/\/letrame.com\/catalogo\/#website","url":"https:\/\/letrame.com\/catalogo\/","name":"Catalogo | Letrame Grupo Editorial","description":"","publisher":{"@id":"https:\/\/letrame.com\/catalogo\/#organization"},"potentialAction":[{"@type":"SearchAction","target":{"@type":"EntryPoint","urlTemplate":"https:\/\/letrame.com\/catalogo\/?s={search_term_string}"},"query-input":{"@type":"PropertyValueSpecification","valueRequired":true,"valueName":"search_term_string"}}],"inLanguage":"es"},{"@type":"Organization","@id":"https:\/\/letrame.com\/catalogo\/#organization","name":"Catalogo | Letrame Grupo Editorial","url":"https:\/\/letrame.com\/catalogo\/","logo":{"@type":"ImageObject","inLanguage":"es","@id":"https:\/\/letrame.com\/catalogo\/#\/schema\/logo\/image\/","url":"https:\/\/letrame.com\/catalogo\/wp-content\/uploads\/2024\/03\/logo2.webp","contentUrl":"https:\/\/letrame.com\/catalogo\/wp-content\/uploads\/2024\/03\/logo2.webp","width":394,"height":128,"caption":"Catalogo | Letrame Grupo Editorial"},"image":{"@id":"https:\/\/letrame.com\/catalogo\/#\/schema\/logo\/image\/"}}]}},"_links":{"self":[{"href":"https:\/\/letrame.com\/catalogo\/wp-json\/wp\/v2\/product\/95874","targetHints":{"allow":["GET"]}}],"collection":[{"href":"https:\/\/letrame.com\/catalogo\/wp-json\/wp\/v2\/product"}],"about":[{"href":"https:\/\/letrame.com\/catalogo\/wp-json\/wp\/v2\/types\/product"}],"replies":[{"embeddable":true,"href":"https:\/\/letrame.com\/catalogo\/wp-json\/wp\/v2\/comments?post=95874"}],"acf:post":[{"embeddable":true,"href":"https:\/\/letrame.com\/catalogo\/wp-json\/wp\/v2\/author_book\/74600"}],"wp:featuredmedia":[{"embeddable":true,"href":"https:\/\/letrame.com\/catalogo\/wp-json\/wp\/v2\/media\/95875"}],"wp:attachment":[{"href":"https:\/\/letrame.com\/catalogo\/wp-json\/wp\/v2\/media?parent=95874"}],"wp:term":[{"taxonomy":"libro","embeddable":true,"href":"https:\/\/letrame.com\/catalogo\/wp-json\/wp\/v2\/libro?post=95874"},{"taxonomy":"product_brand","embeddable":true,"href":"https:\/\/letrame.com\/catalogo\/wp-json\/wp\/v2\/product_brand?post=95874"},{"taxonomy":"product_cat","embeddable":true,"href":"https:\/\/letrame.com\/catalogo\/wp-json\/wp\/v2\/product_cat?post=95874"},{"taxonomy":"product_tag","embeddable":true,"href":"https:\/\/letrame.com\/catalogo\/wp-json\/wp\/v2\/product_tag?post=95874"}],"curies":[{"name":"wp","href":"https:\/\/api.w.org\/{rel}","templated":true}]}}