{"id":95866,"date":"2024-04-18T13:32:14","date_gmt":"2024-04-18T11:32:14","guid":{"rendered":"https:\/\/letrame.com\/catalogo\/producto\/la-mariposa-fue-antes-capullo\/"},"modified":"2024-04-18T13:32:23","modified_gmt":"2024-04-18T11:32:23","slug":"la-mariposa-fue-antes-capullo","status":"publish","type":"product","link":"https:\/\/letrame.com\/catalogo\/producto\/la-mariposa-fue-antes-capullo\/","title":{"rendered":"La mariposa fue antes capullo"},"content":{"rendered":"\n<p><strong>ISBN<\/strong>: 978-84-18468-73-5<br><strong>T\u00edtulo<\/strong>: La mariposa fue antes capullo<br><strong>Fecha<\/strong>: 2020 <br><strong>P\u00e1ginas<\/strong>:\u00a0104<\/p>\n\n\n\n<p><strong>SINOPSIS<\/strong><\/p>\n\n\n\n<p>Puedes ver una majestuosa mariposa revoloteando en plena naturaleza y quedarte prendando de su belleza, sin ver m\u00e1s all\u00e1 de la incre\u00edble transformaci\u00f3n por la cual ha tenido que pasar. Son unas cuatro semanas las que esta encerrada en su capullo, en su cris\u00e1lida, en total soledad, y oscuridad. Sin duda ha de ser un proceso complicado, y tumultuoso. Su cambio, su aventura ha dado comienzo, y son sus nuevas piezas bucales, las que les permiten abrir agujeros en el capullo, y permitir que, entre algo de luz, de claridad en su nueva vida. Pero no son hasta las \u00faltimas cuarenta y ocho horas en las que empiezan a emergen sus alas, es momento de salir, de escapar, de ir hacia la luz, pero la mariposa sigue desconcertada, irrumpe de su capullo, pero tiene las alas mojadas y arrugadas, aun no le sirven, no puede volar, \u00bfSe sentir\u00e1 oruga o mariposa? Y tendr\u00e1 que arrastrarse hasta un lugar donde brille el sol, y quedarse expuesta, pr\u00e1cticamente indefensa, durante unas horas, confiando en el proceso llamado vida, hasta que pueda extender sus alas por primer vez y volar.<\/p>\n\n\n\n<p>La vida nos hace perderle el sentido en muchas ocasiones, nos sentimos solos, asustados, confusos, atrapados, incapaces, por el contrario, otras tantas veces nos creemos que lo sabemos todo, que somos perfectos, y que son los otros los que tienen que cambiar y los culpables de nuestra infelicidad. Dicho de otra forma, te puedes sentir como oruga en su cris\u00e1lida, o ser un capullo arrogante, no importa est\u00e9s en la situaci\u00f3n que est\u00e9s, solo hay un camino, y el camino es el de la transformaci\u00f3n, del cambio, de la aceptaci\u00f3n, la vida es inteligente, la vida tiene un plan preciso y concreto para tu evoluci\u00f3n, para tu aprendizaje, la vida no es m\u00e1s que una maravillosa escuela donde hemos venido a aprender y a jugar, y si se lo permites te ira desvelando las asignaturas que tienes pendientes por aprender y podr\u00e1s ir disfrutando del camino, por muy oscuro que parezca.<\/p>\n\n\n\n<p>Mi vida no ha estado, ni est\u00e1 exenta de dificultades, al contrario, pero ahora se, que son estos acontecimientos los que me han llevado a una transformaci\u00f3n profunda, a liberarme del sufrimiento, a encontrar la paz, a volar sin alas. Te cuento como ha sido todo este proceso, las claves para poder entenderlo, y como regalo los protocolos que te llevaran a conseguirlo a ti tambi\u00e9n.<\/p>\n","protected":false},"excerpt":{"rendered":"<p><strong>ISBN: 978-84-18468-73-5<\/strong><\/p>\n<p>Puedes ver una majestuosa mariposa revoloteando en plena naturaleza y quedarte prendando de su belleza, sin ver m\u00e1s all\u00e1 de la incre\u00edble transformaci\u00f3n por la cual ha tenido que pasar. Son unas cuatro semanas las que esta encerrada en su capullo, en su cris\u00e1lida, en total soledad, y oscuridad. Sin duda ha de ser un proceso complicado, y tumultuoso. Su cambio, su aventura ha dado comienzo, y son sus nuevas piezas bucales, las que les permiten abrir agujeros en el capullo, y permitir que, entre algo de luz, de claridad en su nueva vida. Pero no son hasta las \u00faltimas cuarenta y ocho horas en las que empiezan a emergen sus alas, es momento de salir, de escapar, de ir hacia la luz, pero la mariposa sigue desconcertada, irrumpe de su capullo, pero tiene las alas mojadas y arrugadas, aun no le sirven, no puede volar, \u00bfSe sentir\u00e1 oruga o mariposa? Y tendr\u00e1 que arrastrarse hasta un lugar donde brille el sol, y quedarse expuesta, pr\u00e1cticamente indefensa, durante unas horas, confiando en el proceso llamado vida, hasta que pueda extender sus alas por primer vez y volar.<\/p>\n","protected":false},"featured_media":95867,"comment_status":"closed","ping_status":"open","template":"","meta":{"_acf_changed":false},"libro":[],"product_brand":[],"product_cat":[18],"product_tag":[],"class_list":{"0":"post-95866","1":"product","2":"type-product","3":"status-publish","4":"has-post-thumbnail","6":"product_cat-autoayuda","8":"first","9":"instock","10":"purchasable","11":"product-type-simple"},"acf":{"autor":[74595],"enlace_de_compra":""},"yoast_head":"<!-- This site is optimized with the Yoast SEO plugin v27.4 - https:\/\/yoast.com\/product\/yoast-seo-wordpress\/ -->\n<title>La mariposa fue antes capullo - Catalogo | Letrame Grupo Editorial<\/title>\n<meta name=\"robots\" content=\"index, follow, max-snippet:-1, max-image-preview:large, max-video-preview:-1\" \/>\n<link rel=\"canonical\" href=\"https:\/\/letrame.com\/catalogo\/producto\/la-mariposa-fue-antes-capullo\/\" \/>\n<meta property=\"og:locale\" content=\"es_ES\" \/>\n<meta property=\"og:type\" content=\"article\" \/>\n<meta property=\"og:title\" content=\"La mariposa fue antes capullo - Catalogo | Letrame Grupo Editorial\" \/>\n<meta property=\"og:description\" content=\"ISBN: 978-84-18468-73-5 Puedes ver una majestuosa mariposa revoloteando en plena naturaleza y quedarte prendando de su belleza, sin ver m\u00e1s all\u00e1 de la incre\u00edble transformaci\u00f3n por la cual ha tenido que pasar. Son unas cuatro semanas las que esta encerrada en su capullo, en su cris\u00e1lida, en total soledad, y oscuridad. Sin duda ha de ser un proceso complicado, y tumultuoso. Su cambio, su aventura ha dado comienzo, y son sus nuevas piezas bucales, las que les permiten abrir agujeros en el capullo, y permitir que, entre algo de luz, de claridad en su nueva vida. Pero no son hasta las \u00faltimas cuarenta y ocho horas en las que empiezan a emergen sus alas, es momento de salir, de escapar, de ir hacia la luz, pero la mariposa sigue desconcertada, irrumpe de su capullo, pero tiene las alas mojadas y arrugadas, aun no le sirven, no puede volar, \u00bfSe sentir\u00e1 oruga o mariposa? Y tendr\u00e1 que arrastrarse hasta un lugar donde brille el sol, y quedarse expuesta, pr\u00e1cticamente indefensa, durante unas horas, confiando en el proceso llamado vida, hasta que pueda extender sus alas por primer vez y volar.\" \/>\n<meta property=\"og:url\" content=\"https:\/\/letrame.com\/catalogo\/producto\/la-mariposa-fue-antes-capullo\/\" \/>\n<meta property=\"og:site_name\" content=\"Catalogo | Letrame Grupo Editorial\" \/>\n<meta property=\"article:modified_time\" content=\"2024-04-18T11:32:23+00:00\" \/>\n<meta property=\"og:image\" content=\"https:\/\/letrame.com\/catalogo\/wp-content\/uploads\/2024\/04\/la-mariposa-fue-anes-capullo-scaled-1.jpg\" \/>\n\t<meta property=\"og:image:width\" content=\"1746\" \/>\n\t<meta property=\"og:image:height\" content=\"2560\" \/>\n\t<meta property=\"og:image:type\" content=\"image\/jpeg\" \/>\n<meta name=\"twitter:card\" content=\"summary_large_image\" \/>\n<meta name=\"twitter:label1\" content=\"Tiempo de lectura\" \/>\n\t<meta name=\"twitter:data1\" content=\"2 minutos\" \/>\n<script type=\"application\/ld+json\" class=\"yoast-schema-graph\">{\"@context\":\"https:\\\/\\\/schema.org\",\"@graph\":[{\"@type\":\"WebPage\",\"@id\":\"https:\\\/\\\/letrame.com\\\/catalogo\\\/producto\\\/la-mariposa-fue-antes-capullo\\\/\",\"url\":\"https:\\\/\\\/letrame.com\\\/catalogo\\\/producto\\\/la-mariposa-fue-antes-capullo\\\/\",\"name\":\"La mariposa fue antes capullo - Catalogo | Letrame Grupo Editorial\",\"isPartOf\":{\"@id\":\"https:\\\/\\\/letrame.com\\\/catalogo\\\/#website\"},\"primaryImageOfPage\":{\"@id\":\"https:\\\/\\\/letrame.com\\\/catalogo\\\/producto\\\/la-mariposa-fue-antes-capullo\\\/#primaryimage\"},\"image\":{\"@id\":\"https:\\\/\\\/letrame.com\\\/catalogo\\\/producto\\\/la-mariposa-fue-antes-capullo\\\/#primaryimage\"},\"thumbnailUrl\":\"https:\\\/\\\/letrame.com\\\/catalogo\\\/wp-content\\\/uploads\\\/2024\\\/04\\\/la-mariposa-fue-anes-capullo-scaled-1.jpg\",\"datePublished\":\"2024-04-18T11:32:14+00:00\",\"dateModified\":\"2024-04-18T11:32:23+00:00\",\"breadcrumb\":{\"@id\":\"https:\\\/\\\/letrame.com\\\/catalogo\\\/producto\\\/la-mariposa-fue-antes-capullo\\\/#breadcrumb\"},\"inLanguage\":\"es\",\"potentialAction\":[{\"@type\":\"ReadAction\",\"target\":[\"https:\\\/\\\/letrame.com\\\/catalogo\\\/producto\\\/la-mariposa-fue-antes-capullo\\\/\"]}]},{\"@type\":\"ImageObject\",\"inLanguage\":\"es\",\"@id\":\"https:\\\/\\\/letrame.com\\\/catalogo\\\/producto\\\/la-mariposa-fue-antes-capullo\\\/#primaryimage\",\"url\":\"https:\\\/\\\/letrame.com\\\/catalogo\\\/wp-content\\\/uploads\\\/2024\\\/04\\\/la-mariposa-fue-anes-capullo-scaled-1.jpg\",\"contentUrl\":\"https:\\\/\\\/letrame.com\\\/catalogo\\\/wp-content\\\/uploads\\\/2024\\\/04\\\/la-mariposa-fue-anes-capullo-scaled-1.jpg\",\"width\":1746,\"height\":2560},{\"@type\":\"BreadcrumbList\",\"@id\":\"https:\\\/\\\/letrame.com\\\/catalogo\\\/producto\\\/la-mariposa-fue-antes-capullo\\\/#breadcrumb\",\"itemListElement\":[{\"@type\":\"ListItem\",\"position\":1,\"name\":\"Portada\",\"item\":\"https:\\\/\\\/letrame.com\\\/catalogo\\\/\"},{\"@type\":\"ListItem\",\"position\":2,\"name\":\"Cat\u00e1logo\",\"item\":\"https:\\\/\\\/letrame.com\\\/catalogo\\\/\"},{\"@type\":\"ListItem\",\"position\":3,\"name\":\"La mariposa fue antes capullo\"}]},{\"@type\":\"WebSite\",\"@id\":\"https:\\\/\\\/letrame.com\\\/catalogo\\\/#website\",\"url\":\"https:\\\/\\\/letrame.com\\\/catalogo\\\/\",\"name\":\"Catalogo | Letrame Grupo Editorial\",\"description\":\"\",\"publisher\":{\"@id\":\"https:\\\/\\\/letrame.com\\\/catalogo\\\/#organization\"},\"potentialAction\":[{\"@type\":\"SearchAction\",\"target\":{\"@type\":\"EntryPoint\",\"urlTemplate\":\"https:\\\/\\\/letrame.com\\\/catalogo\\\/?s={search_term_string}\"},\"query-input\":{\"@type\":\"PropertyValueSpecification\",\"valueRequired\":true,\"valueName\":\"search_term_string\"}}],\"inLanguage\":\"es\"},{\"@type\":\"Organization\",\"@id\":\"https:\\\/\\\/letrame.com\\\/catalogo\\\/#organization\",\"name\":\"Catalogo | Letrame Grupo Editorial\",\"url\":\"https:\\\/\\\/letrame.com\\\/catalogo\\\/\",\"logo\":{\"@type\":\"ImageObject\",\"inLanguage\":\"es\",\"@id\":\"https:\\\/\\\/letrame.com\\\/catalogo\\\/#\\\/schema\\\/logo\\\/image\\\/\",\"url\":\"https:\\\/\\\/letrame.com\\\/catalogo\\\/wp-content\\\/uploads\\\/2024\\\/03\\\/logo2.webp\",\"contentUrl\":\"https:\\\/\\\/letrame.com\\\/catalogo\\\/wp-content\\\/uploads\\\/2024\\\/03\\\/logo2.webp\",\"width\":394,\"height\":128,\"caption\":\"Catalogo | Letrame Grupo Editorial\"},\"image\":{\"@id\":\"https:\\\/\\\/letrame.com\\\/catalogo\\\/#\\\/schema\\\/logo\\\/image\\\/\"}}]}<\/script>\n<!-- \/ Yoast SEO plugin. -->","yoast_head_json":{"title":"La mariposa fue antes capullo - Catalogo | Letrame Grupo Editorial","robots":{"index":"index","follow":"follow","max-snippet":"max-snippet:-1","max-image-preview":"max-image-preview:large","max-video-preview":"max-video-preview:-1"},"canonical":"https:\/\/letrame.com\/catalogo\/producto\/la-mariposa-fue-antes-capullo\/","og_locale":"es_ES","og_type":"article","og_title":"La mariposa fue antes capullo - Catalogo | Letrame Grupo Editorial","og_description":"ISBN: 978-84-18468-73-5 Puedes ver una majestuosa mariposa revoloteando en plena naturaleza y quedarte prendando de su belleza, sin ver m\u00e1s all\u00e1 de la incre\u00edble transformaci\u00f3n por la cual ha tenido que pasar. Son unas cuatro semanas las que esta encerrada en su capullo, en su cris\u00e1lida, en total soledad, y oscuridad. Sin duda ha de ser un proceso complicado, y tumultuoso. Su cambio, su aventura ha dado comienzo, y son sus nuevas piezas bucales, las que les permiten abrir agujeros en el capullo, y permitir que, entre algo de luz, de claridad en su nueva vida. Pero no son hasta las \u00faltimas cuarenta y ocho horas en las que empiezan a emergen sus alas, es momento de salir, de escapar, de ir hacia la luz, pero la mariposa sigue desconcertada, irrumpe de su capullo, pero tiene las alas mojadas y arrugadas, aun no le sirven, no puede volar, \u00bfSe sentir\u00e1 oruga o mariposa? Y tendr\u00e1 que arrastrarse hasta un lugar donde brille el sol, y quedarse expuesta, pr\u00e1cticamente indefensa, durante unas horas, confiando en el proceso llamado vida, hasta que pueda extender sus alas por primer vez y volar.","og_url":"https:\/\/letrame.com\/catalogo\/producto\/la-mariposa-fue-antes-capullo\/","og_site_name":"Catalogo | Letrame Grupo Editorial","article_modified_time":"2024-04-18T11:32:23+00:00","og_image":[{"width":1746,"height":2560,"url":"https:\/\/letrame.com\/catalogo\/wp-content\/uploads\/2024\/04\/la-mariposa-fue-anes-capullo-scaled-1.jpg","type":"image\/jpeg"}],"twitter_card":"summary_large_image","twitter_misc":{"Tiempo de lectura":"2 minutos"},"schema":{"@context":"https:\/\/schema.org","@graph":[{"@type":"WebPage","@id":"https:\/\/letrame.com\/catalogo\/producto\/la-mariposa-fue-antes-capullo\/","url":"https:\/\/letrame.com\/catalogo\/producto\/la-mariposa-fue-antes-capullo\/","name":"La mariposa fue antes capullo - Catalogo | Letrame Grupo Editorial","isPartOf":{"@id":"https:\/\/letrame.com\/catalogo\/#website"},"primaryImageOfPage":{"@id":"https:\/\/letrame.com\/catalogo\/producto\/la-mariposa-fue-antes-capullo\/#primaryimage"},"image":{"@id":"https:\/\/letrame.com\/catalogo\/producto\/la-mariposa-fue-antes-capullo\/#primaryimage"},"thumbnailUrl":"https:\/\/letrame.com\/catalogo\/wp-content\/uploads\/2024\/04\/la-mariposa-fue-anes-capullo-scaled-1.jpg","datePublished":"2024-04-18T11:32:14+00:00","dateModified":"2024-04-18T11:32:23+00:00","breadcrumb":{"@id":"https:\/\/letrame.com\/catalogo\/producto\/la-mariposa-fue-antes-capullo\/#breadcrumb"},"inLanguage":"es","potentialAction":[{"@type":"ReadAction","target":["https:\/\/letrame.com\/catalogo\/producto\/la-mariposa-fue-antes-capullo\/"]}]},{"@type":"ImageObject","inLanguage":"es","@id":"https:\/\/letrame.com\/catalogo\/producto\/la-mariposa-fue-antes-capullo\/#primaryimage","url":"https:\/\/letrame.com\/catalogo\/wp-content\/uploads\/2024\/04\/la-mariposa-fue-anes-capullo-scaled-1.jpg","contentUrl":"https:\/\/letrame.com\/catalogo\/wp-content\/uploads\/2024\/04\/la-mariposa-fue-anes-capullo-scaled-1.jpg","width":1746,"height":2560},{"@type":"BreadcrumbList","@id":"https:\/\/letrame.com\/catalogo\/producto\/la-mariposa-fue-antes-capullo\/#breadcrumb","itemListElement":[{"@type":"ListItem","position":1,"name":"Portada","item":"https:\/\/letrame.com\/catalogo\/"},{"@type":"ListItem","position":2,"name":"Cat\u00e1logo","item":"https:\/\/letrame.com\/catalogo\/"},{"@type":"ListItem","position":3,"name":"La mariposa fue antes capullo"}]},{"@type":"WebSite","@id":"https:\/\/letrame.com\/catalogo\/#website","url":"https:\/\/letrame.com\/catalogo\/","name":"Catalogo | Letrame Grupo Editorial","description":"","publisher":{"@id":"https:\/\/letrame.com\/catalogo\/#organization"},"potentialAction":[{"@type":"SearchAction","target":{"@type":"EntryPoint","urlTemplate":"https:\/\/letrame.com\/catalogo\/?s={search_term_string}"},"query-input":{"@type":"PropertyValueSpecification","valueRequired":true,"valueName":"search_term_string"}}],"inLanguage":"es"},{"@type":"Organization","@id":"https:\/\/letrame.com\/catalogo\/#organization","name":"Catalogo | Letrame Grupo Editorial","url":"https:\/\/letrame.com\/catalogo\/","logo":{"@type":"ImageObject","inLanguage":"es","@id":"https:\/\/letrame.com\/catalogo\/#\/schema\/logo\/image\/","url":"https:\/\/letrame.com\/catalogo\/wp-content\/uploads\/2024\/03\/logo2.webp","contentUrl":"https:\/\/letrame.com\/catalogo\/wp-content\/uploads\/2024\/03\/logo2.webp","width":394,"height":128,"caption":"Catalogo | Letrame Grupo Editorial"},"image":{"@id":"https:\/\/letrame.com\/catalogo\/#\/schema\/logo\/image\/"}}]}},"_links":{"self":[{"href":"https:\/\/letrame.com\/catalogo\/wp-json\/wp\/v2\/product\/95866","targetHints":{"allow":["GET"]}}],"collection":[{"href":"https:\/\/letrame.com\/catalogo\/wp-json\/wp\/v2\/product"}],"about":[{"href":"https:\/\/letrame.com\/catalogo\/wp-json\/wp\/v2\/types\/product"}],"replies":[{"embeddable":true,"href":"https:\/\/letrame.com\/catalogo\/wp-json\/wp\/v2\/comments?post=95866"}],"acf:post":[{"embeddable":true,"href":"https:\/\/letrame.com\/catalogo\/wp-json\/wp\/v2\/author_book\/74595"}],"wp:featuredmedia":[{"embeddable":true,"href":"https:\/\/letrame.com\/catalogo\/wp-json\/wp\/v2\/media\/95867"}],"wp:attachment":[{"href":"https:\/\/letrame.com\/catalogo\/wp-json\/wp\/v2\/media?parent=95866"}],"wp:term":[{"taxonomy":"libro","embeddable":true,"href":"https:\/\/letrame.com\/catalogo\/wp-json\/wp\/v2\/libro?post=95866"},{"taxonomy":"product_brand","embeddable":true,"href":"https:\/\/letrame.com\/catalogo\/wp-json\/wp\/v2\/product_brand?post=95866"},{"taxonomy":"product_cat","embeddable":true,"href":"https:\/\/letrame.com\/catalogo\/wp-json\/wp\/v2\/product_cat?post=95866"},{"taxonomy":"product_tag","embeddable":true,"href":"https:\/\/letrame.com\/catalogo\/wp-json\/wp\/v2\/product_tag?post=95866"}],"curies":[{"name":"wp","href":"https:\/\/api.w.org\/{rel}","templated":true}]}}