{"id":95860,"date":"2024-04-18T13:31:36","date_gmt":"2024-04-18T11:31:36","guid":{"rendered":"https:\/\/letrame.com\/catalogo\/producto\/cocinamiento\/"},"modified":"2024-04-18T13:31:47","modified_gmt":"2024-04-18T11:31:47","slug":"cocinamiento","status":"publish","type":"product","link":"https:\/\/letrame.com\/catalogo\/producto\/cocinamiento\/","title":{"rendered":"Cocinamiento"},"content":{"rendered":"\n<p><strong>ISBN<\/strong>: 978-84-18468-14-8<br><strong>T\u00edtulo<\/strong>: Cocinamiento<br><strong>Fecha<\/strong>: 2020<br><strong>P\u00e1ginas<\/strong>:\u00a0140<\/p>\n\n\n\n<p><strong>SINOPSIS<\/strong><\/p>\n\n\n\n<p>Ante la llegada del COVID-19 y para superar de la mejor manera el confinamiento, decid\u00ed abrir la cocina de mi casa a trav\u00e9s del mundo de las redes sociales a todo el que quisiera cocinar conmigo en directo desde su casa. No est\u00e1bamos en un <strong>Confinamiento<\/strong>, est\u00e1bamos en un <strong>Cocinamiento<\/strong> que dur\u00f3 55 d\u00edas seguidos en los que personas de todas las edades y nacionalidades entraban en mi cocina virtualmente y disfrutaban cocinando, riendo y pasando un rato distendido aprendiendo a cocinar con lo que dispon\u00edamos en ese momento en casa, y en la que logr\u00e1bamos hacer deliciosos platos salados y dulces.<\/p>\n\n\n\n<p>55 d\u00edas resumidos en 55 recetas para una buena causa que fue y para una buena causa que ser\u00e1. Ya que el dinero que se obtenga como beneficio de estos libros ser\u00e1 destinado \u00edntegramente para ayudar a: buscar una vacuna del COVID-19, ayudar a prevenir nuevos contagios, ayudas a los afectados\u2026 Gracias a todos y todas.<\/p>\n","protected":false},"excerpt":{"rendered":"<p><strong>ISBN: 978-84-18468-14-8<\/strong><\/p>\n<p>Ante la llegada del COVID-19 y para superar de la mejor manera el confinamiento, decid\u00ed abrir la cocina de mi casa a trav\u00e9s del mundo de las redes sociales a todo el que quisiera cocinar conmigo en directo desde su casa. No est\u00e1bamos en un <strong>Confinamiento<\/strong>, est\u00e1bamos en un <strong>Cocinamiento<\/strong> que dur\u00f3 55 d\u00edas seguidos en los que personas de todas las edades y nacionalidades entraban en mi cocina virtualmente y disfrutaban cocinando, riendo y pasando un rato distendido aprendiendo a cocinar con lo que dispon\u00edamos en ese momento en casa, y en la que logr\u00e1bamos hacer deliciosos platos salados y dulces.<\/p>\n","protected":false},"featured_media":95861,"comment_status":"closed","ping_status":"open","template":"","meta":{"_acf_changed":false},"libro":[],"product_brand":[],"product_cat":[19],"product_tag":[],"class_list":{"0":"post-95860","1":"product","2":"type-product","3":"status-publish","4":"has-post-thumbnail","6":"product_cat-cocina","8":"first","9":"instock","10":"product-type-simple"},"acf":{"autor":[74589],"enlace_de_compra":""},"yoast_head":"<!-- This site is optimized with the Yoast SEO plugin v27.4 - https:\/\/yoast.com\/product\/yoast-seo-wordpress\/ -->\n<title>Cocinamiento - Catalogo | Letrame Grupo Editorial<\/title>\n<meta name=\"robots\" content=\"index, follow, max-snippet:-1, max-image-preview:large, max-video-preview:-1\" \/>\n<link rel=\"canonical\" href=\"https:\/\/letrame.com\/catalogo\/producto\/cocinamiento\/\" \/>\n<meta property=\"og:locale\" content=\"es_ES\" \/>\n<meta property=\"og:type\" content=\"article\" \/>\n<meta property=\"og:title\" content=\"Cocinamiento - Catalogo | Letrame Grupo Editorial\" \/>\n<meta property=\"og:description\" content=\"ISBN: 978-84-18468-14-8 Ante la llegada del COVID-19 y para superar de la mejor manera el confinamiento, decid\u00ed abrir la cocina de mi casa a trav\u00e9s del mundo de las redes sociales a todo el que quisiera cocinar conmigo en directo desde su casa. No est\u00e1bamos en un Confinamiento, est\u00e1bamos en un Cocinamiento que dur\u00f3 55 d\u00edas seguidos en los que personas de todas las edades y nacionalidades entraban en mi cocina virtualmente y disfrutaban cocinando, riendo y pasando un rato distendido aprendiendo a cocinar con lo que dispon\u00edamos en ese momento en casa, y en la que logr\u00e1bamos hacer deliciosos platos salados y dulces.\" \/>\n<meta property=\"og:url\" content=\"https:\/\/letrame.com\/catalogo\/producto\/cocinamiento\/\" \/>\n<meta property=\"og:site_name\" content=\"Catalogo | Letrame Grupo Editorial\" \/>\n<meta property=\"article:modified_time\" content=\"2024-04-18T11:31:47+00:00\" \/>\n<meta property=\"og:image\" content=\"https:\/\/letrame.com\/catalogo\/wp-content\/uploads\/2024\/04\/cocinamiento.jpg\" \/>\n\t<meta property=\"og:image:width\" content=\"2480\" \/>\n\t<meta property=\"og:image:height\" content=\"2480\" \/>\n\t<meta property=\"og:image:type\" content=\"image\/jpeg\" \/>\n<meta name=\"twitter:card\" content=\"summary_large_image\" \/>\n<meta name=\"twitter:label1\" content=\"Tiempo de lectura\" \/>\n\t<meta name=\"twitter:data1\" content=\"1 minuto\" \/>\n<script type=\"application\/ld+json\" class=\"yoast-schema-graph\">{\"@context\":\"https:\\\/\\\/schema.org\",\"@graph\":[{\"@type\":\"WebPage\",\"@id\":\"https:\\\/\\\/letrame.com\\\/catalogo\\\/producto\\\/cocinamiento\\\/\",\"url\":\"https:\\\/\\\/letrame.com\\\/catalogo\\\/producto\\\/cocinamiento\\\/\",\"name\":\"Cocinamiento - Catalogo | Letrame Grupo Editorial\",\"isPartOf\":{\"@id\":\"https:\\\/\\\/letrame.com\\\/catalogo\\\/#website\"},\"primaryImageOfPage\":{\"@id\":\"https:\\\/\\\/letrame.com\\\/catalogo\\\/producto\\\/cocinamiento\\\/#primaryimage\"},\"image\":{\"@id\":\"https:\\\/\\\/letrame.com\\\/catalogo\\\/producto\\\/cocinamiento\\\/#primaryimage\"},\"thumbnailUrl\":\"https:\\\/\\\/letrame.com\\\/catalogo\\\/wp-content\\\/uploads\\\/2024\\\/04\\\/cocinamiento.jpg\",\"datePublished\":\"2024-04-18T11:31:36+00:00\",\"dateModified\":\"2024-04-18T11:31:47+00:00\",\"breadcrumb\":{\"@id\":\"https:\\\/\\\/letrame.com\\\/catalogo\\\/producto\\\/cocinamiento\\\/#breadcrumb\"},\"inLanguage\":\"es\",\"potentialAction\":[{\"@type\":\"ReadAction\",\"target\":[\"https:\\\/\\\/letrame.com\\\/catalogo\\\/producto\\\/cocinamiento\\\/\"]}]},{\"@type\":\"ImageObject\",\"inLanguage\":\"es\",\"@id\":\"https:\\\/\\\/letrame.com\\\/catalogo\\\/producto\\\/cocinamiento\\\/#primaryimage\",\"url\":\"https:\\\/\\\/letrame.com\\\/catalogo\\\/wp-content\\\/uploads\\\/2024\\\/04\\\/cocinamiento.jpg\",\"contentUrl\":\"https:\\\/\\\/letrame.com\\\/catalogo\\\/wp-content\\\/uploads\\\/2024\\\/04\\\/cocinamiento.jpg\",\"width\":2480,\"height\":2480},{\"@type\":\"BreadcrumbList\",\"@id\":\"https:\\\/\\\/letrame.com\\\/catalogo\\\/producto\\\/cocinamiento\\\/#breadcrumb\",\"itemListElement\":[{\"@type\":\"ListItem\",\"position\":1,\"name\":\"Portada\",\"item\":\"https:\\\/\\\/letrame.com\\\/catalogo\\\/\"},{\"@type\":\"ListItem\",\"position\":2,\"name\":\"Cat\u00e1logo\",\"item\":\"https:\\\/\\\/letrame.com\\\/catalogo\\\/\"},{\"@type\":\"ListItem\",\"position\":3,\"name\":\"Cocinamiento\"}]},{\"@type\":\"WebSite\",\"@id\":\"https:\\\/\\\/letrame.com\\\/catalogo\\\/#website\",\"url\":\"https:\\\/\\\/letrame.com\\\/catalogo\\\/\",\"name\":\"Catalogo | Letrame Grupo Editorial\",\"description\":\"\",\"publisher\":{\"@id\":\"https:\\\/\\\/letrame.com\\\/catalogo\\\/#organization\"},\"potentialAction\":[{\"@type\":\"SearchAction\",\"target\":{\"@type\":\"EntryPoint\",\"urlTemplate\":\"https:\\\/\\\/letrame.com\\\/catalogo\\\/?s={search_term_string}\"},\"query-input\":{\"@type\":\"PropertyValueSpecification\",\"valueRequired\":true,\"valueName\":\"search_term_string\"}}],\"inLanguage\":\"es\"},{\"@type\":\"Organization\",\"@id\":\"https:\\\/\\\/letrame.com\\\/catalogo\\\/#organization\",\"name\":\"Catalogo | Letrame Grupo Editorial\",\"url\":\"https:\\\/\\\/letrame.com\\\/catalogo\\\/\",\"logo\":{\"@type\":\"ImageObject\",\"inLanguage\":\"es\",\"@id\":\"https:\\\/\\\/letrame.com\\\/catalogo\\\/#\\\/schema\\\/logo\\\/image\\\/\",\"url\":\"https:\\\/\\\/letrame.com\\\/catalogo\\\/wp-content\\\/uploads\\\/2024\\\/03\\\/logo2.webp\",\"contentUrl\":\"https:\\\/\\\/letrame.com\\\/catalogo\\\/wp-content\\\/uploads\\\/2024\\\/03\\\/logo2.webp\",\"width\":394,\"height\":128,\"caption\":\"Catalogo | Letrame Grupo Editorial\"},\"image\":{\"@id\":\"https:\\\/\\\/letrame.com\\\/catalogo\\\/#\\\/schema\\\/logo\\\/image\\\/\"}}]}<\/script>\n<!-- \/ Yoast SEO plugin. -->","yoast_head_json":{"title":"Cocinamiento - Catalogo | Letrame Grupo Editorial","robots":{"index":"index","follow":"follow","max-snippet":"max-snippet:-1","max-image-preview":"max-image-preview:large","max-video-preview":"max-video-preview:-1"},"canonical":"https:\/\/letrame.com\/catalogo\/producto\/cocinamiento\/","og_locale":"es_ES","og_type":"article","og_title":"Cocinamiento - Catalogo | Letrame Grupo Editorial","og_description":"ISBN: 978-84-18468-14-8 Ante la llegada del COVID-19 y para superar de la mejor manera el confinamiento, decid\u00ed abrir la cocina de mi casa a trav\u00e9s del mundo de las redes sociales a todo el que quisiera cocinar conmigo en directo desde su casa. No est\u00e1bamos en un Confinamiento, est\u00e1bamos en un Cocinamiento que dur\u00f3 55 d\u00edas seguidos en los que personas de todas las edades y nacionalidades entraban en mi cocina virtualmente y disfrutaban cocinando, riendo y pasando un rato distendido aprendiendo a cocinar con lo que dispon\u00edamos en ese momento en casa, y en la que logr\u00e1bamos hacer deliciosos platos salados y dulces.","og_url":"https:\/\/letrame.com\/catalogo\/producto\/cocinamiento\/","og_site_name":"Catalogo | Letrame Grupo Editorial","article_modified_time":"2024-04-18T11:31:47+00:00","og_image":[{"width":2480,"height":2480,"url":"https:\/\/letrame.com\/catalogo\/wp-content\/uploads\/2024\/04\/cocinamiento.jpg","type":"image\/jpeg"}],"twitter_card":"summary_large_image","twitter_misc":{"Tiempo de lectura":"1 minuto"},"schema":{"@context":"https:\/\/schema.org","@graph":[{"@type":"WebPage","@id":"https:\/\/letrame.com\/catalogo\/producto\/cocinamiento\/","url":"https:\/\/letrame.com\/catalogo\/producto\/cocinamiento\/","name":"Cocinamiento - Catalogo | Letrame Grupo Editorial","isPartOf":{"@id":"https:\/\/letrame.com\/catalogo\/#website"},"primaryImageOfPage":{"@id":"https:\/\/letrame.com\/catalogo\/producto\/cocinamiento\/#primaryimage"},"image":{"@id":"https:\/\/letrame.com\/catalogo\/producto\/cocinamiento\/#primaryimage"},"thumbnailUrl":"https:\/\/letrame.com\/catalogo\/wp-content\/uploads\/2024\/04\/cocinamiento.jpg","datePublished":"2024-04-18T11:31:36+00:00","dateModified":"2024-04-18T11:31:47+00:00","breadcrumb":{"@id":"https:\/\/letrame.com\/catalogo\/producto\/cocinamiento\/#breadcrumb"},"inLanguage":"es","potentialAction":[{"@type":"ReadAction","target":["https:\/\/letrame.com\/catalogo\/producto\/cocinamiento\/"]}]},{"@type":"ImageObject","inLanguage":"es","@id":"https:\/\/letrame.com\/catalogo\/producto\/cocinamiento\/#primaryimage","url":"https:\/\/letrame.com\/catalogo\/wp-content\/uploads\/2024\/04\/cocinamiento.jpg","contentUrl":"https:\/\/letrame.com\/catalogo\/wp-content\/uploads\/2024\/04\/cocinamiento.jpg","width":2480,"height":2480},{"@type":"BreadcrumbList","@id":"https:\/\/letrame.com\/catalogo\/producto\/cocinamiento\/#breadcrumb","itemListElement":[{"@type":"ListItem","position":1,"name":"Portada","item":"https:\/\/letrame.com\/catalogo\/"},{"@type":"ListItem","position":2,"name":"Cat\u00e1logo","item":"https:\/\/letrame.com\/catalogo\/"},{"@type":"ListItem","position":3,"name":"Cocinamiento"}]},{"@type":"WebSite","@id":"https:\/\/letrame.com\/catalogo\/#website","url":"https:\/\/letrame.com\/catalogo\/","name":"Catalogo | Letrame Grupo Editorial","description":"","publisher":{"@id":"https:\/\/letrame.com\/catalogo\/#organization"},"potentialAction":[{"@type":"SearchAction","target":{"@type":"EntryPoint","urlTemplate":"https:\/\/letrame.com\/catalogo\/?s={search_term_string}"},"query-input":{"@type":"PropertyValueSpecification","valueRequired":true,"valueName":"search_term_string"}}],"inLanguage":"es"},{"@type":"Organization","@id":"https:\/\/letrame.com\/catalogo\/#organization","name":"Catalogo | Letrame Grupo Editorial","url":"https:\/\/letrame.com\/catalogo\/","logo":{"@type":"ImageObject","inLanguage":"es","@id":"https:\/\/letrame.com\/catalogo\/#\/schema\/logo\/image\/","url":"https:\/\/letrame.com\/catalogo\/wp-content\/uploads\/2024\/03\/logo2.webp","contentUrl":"https:\/\/letrame.com\/catalogo\/wp-content\/uploads\/2024\/03\/logo2.webp","width":394,"height":128,"caption":"Catalogo | Letrame Grupo Editorial"},"image":{"@id":"https:\/\/letrame.com\/catalogo\/#\/schema\/logo\/image\/"}}]}},"_links":{"self":[{"href":"https:\/\/letrame.com\/catalogo\/wp-json\/wp\/v2\/product\/95860","targetHints":{"allow":["GET"]}}],"collection":[{"href":"https:\/\/letrame.com\/catalogo\/wp-json\/wp\/v2\/product"}],"about":[{"href":"https:\/\/letrame.com\/catalogo\/wp-json\/wp\/v2\/types\/product"}],"replies":[{"embeddable":true,"href":"https:\/\/letrame.com\/catalogo\/wp-json\/wp\/v2\/comments?post=95860"}],"acf:post":[{"embeddable":true,"href":"https:\/\/letrame.com\/catalogo\/wp-json\/wp\/v2\/author_book\/74589"}],"wp:featuredmedia":[{"embeddable":true,"href":"https:\/\/letrame.com\/catalogo\/wp-json\/wp\/v2\/media\/95861"}],"wp:attachment":[{"href":"https:\/\/letrame.com\/catalogo\/wp-json\/wp\/v2\/media?parent=95860"}],"wp:term":[{"taxonomy":"libro","embeddable":true,"href":"https:\/\/letrame.com\/catalogo\/wp-json\/wp\/v2\/libro?post=95860"},{"taxonomy":"product_brand","embeddable":true,"href":"https:\/\/letrame.com\/catalogo\/wp-json\/wp\/v2\/product_brand?post=95860"},{"taxonomy":"product_cat","embeddable":true,"href":"https:\/\/letrame.com\/catalogo\/wp-json\/wp\/v2\/product_cat?post=95860"},{"taxonomy":"product_tag","embeddable":true,"href":"https:\/\/letrame.com\/catalogo\/wp-json\/wp\/v2\/product_tag?post=95860"}],"curies":[{"name":"wp","href":"https:\/\/api.w.org\/{rel}","templated":true}]}}