{"id":95833,"date":"2024-04-18T13:26:52","date_gmt":"2024-04-18T11:26:52","guid":{"rendered":"https:\/\/letrame.com\/catalogo\/producto\/cuando-despierta-el-cuco\/"},"modified":"2024-04-18T13:26:52","modified_gmt":"2024-04-18T11:26:52","slug":"cuando-despierta-el-cuco","status":"publish","type":"product","link":"https:\/\/letrame.com\/catalogo\/producto\/cuando-despierta-el-cuco\/","title":{"rendered":"Cuando despierta el cuco"},"content":{"rendered":"\n<p><strong>ISBN<\/strong>: 978-8418468483<br><strong>T\u00edtulo<\/strong>: Cuando despierta el cuco<br><strong>Fecha<\/strong>: 2020<br><strong>P\u00e1ginas<\/strong>:\u00a0338<\/p>\n\n\n\n<p><strong>SINOPSIS<\/strong><\/p>\n\n\n\n<p>Ocho invitados con ocho secretos son reunidos en una siniestra mansi\u00f3n. 22 de diciembre, la nieve azota con fuerza quedando atrapados a todos en su interior. Cuando descubren el primer cad\u00e1ver nadie puede confiar en nadie, pero lo que a\u00fan no saben es que mientras se van descubriendo las vidas pasadas de los invitados, ese primer asesinato, tan solo es el comienzo. Solo puede quedar uno.Meses despu\u00e9s de los asesinatos de diciembre, se desencadenan acontecimientos que llevan al inspector Aitor Guti\u00e9rrez de la unidad O.I.N.N, especializada en la caza de asesinos en serie, a seguir los consejos de su nuevo asesor Tomas Brown, un exfederal afincado en C\u00e1diz que dirige un peque\u00f1o despacho de investigaci\u00f3n privada.Lo que en un principio suponen que es un crimen aislado, se convierte en un juego macabro, una competici\u00f3n nunca vista entre dos psic\u00f3patas.<\/p>\n","protected":false},"excerpt":{"rendered":"<p><strong>ISBN: 978-8418468483<\/strong><\/p>\n<p>Ocho invitados con ocho secretos son reunidos en una siniestra mansi\u00f3n. 22 de diciembre, la nieve azota con fuerza quedando atrapados a todos en su interior. Cuando descubren el primer cad\u00e1ver nadie puede confiar en nadie, pero lo que a\u00fan no saben es que mientras se van descubriendo las vidas pasadas de los invitados, ese primer asesinato, tan solo es el comienzo.<\/p>\n","protected":false},"featured_media":95834,"comment_status":"closed","ping_status":"open","template":"","meta":{"_acf_changed":false},"libro":[],"product_brand":[],"product_cat":[16],"product_tag":[],"class_list":{"0":"post-95833","1":"product","2":"type-product","3":"status-publish","4":"has-post-thumbnail","6":"product_cat-novela","8":"first","9":"instock","10":"purchasable","11":"product-type-simple"},"acf":{"autor":[74561],"enlace_de_compra":"https:\/\/www.amazon.es\/Cuando-despierta-%C3%81ngel-Mart%C3%ADn-Bl%C3%A1zquez\/dp\/8418468483\/ref=sr_1_1?__mk_es_ES=%C3%85M%C3%85%C5%BD%C3%95%C3%91&amp&dchild=1&amp&keywords=Cuando+despierta+el+cuco+letrame&amp&qid=1600771048&amp&sr=8-1"},"yoast_head":"<!-- This site is optimized with the Yoast SEO plugin v26.6 - https:\/\/yoast.com\/wordpress\/plugins\/seo\/ -->\n<title>Cuando despierta el cuco - Catalogo | Letrame Grupo Editorial<\/title>\n<meta name=\"robots\" content=\"index, follow, max-snippet:-1, max-image-preview:large, max-video-preview:-1\" \/>\n<link rel=\"canonical\" href=\"https:\/\/letrame.com\/catalogo\/producto\/cuando-despierta-el-cuco\/\" \/>\n<meta property=\"og:locale\" content=\"es_ES\" \/>\n<meta property=\"og:type\" content=\"article\" \/>\n<meta property=\"og:title\" content=\"Cuando despierta el cuco - Catalogo | Letrame Grupo Editorial\" \/>\n<meta property=\"og:description\" content=\"ISBN: 978-8418468483 Ocho invitados con ocho secretos son reunidos en una siniestra mansi\u00f3n. 22 de diciembre, la nieve azota con fuerza quedando atrapados a todos en su interior. Cuando descubren el primer cad\u00e1ver nadie puede confiar en nadie, pero lo que a\u00fan no saben es que mientras se van descubriendo las vidas pasadas de los invitados, ese primer asesinato, tan solo es el comienzo.\" \/>\n<meta property=\"og:url\" content=\"https:\/\/letrame.com\/catalogo\/producto\/cuando-despierta-el-cuco\/\" \/>\n<meta property=\"og:site_name\" content=\"Catalogo | Letrame Grupo Editorial\" \/>\n<meta property=\"og:image\" content=\"https:\/\/letrame.com\/catalogo\/wp-content\/uploads\/2024\/04\/portada_cuandodespiertaelcuco_167mm-compressed-scaled-1.jpg\" \/>\n\t<meta property=\"og:image:width\" content=\"1746\" \/>\n\t<meta property=\"og:image:height\" content=\"2560\" \/>\n\t<meta property=\"og:image:type\" content=\"image\/jpeg\" \/>\n<meta name=\"twitter:card\" content=\"summary_large_image\" \/>\n<meta name=\"twitter:label1\" content=\"Tiempo de lectura\" \/>\n\t<meta name=\"twitter:data1\" content=\"1 minuto\" \/>\n<script type=\"application\/ld+json\" class=\"yoast-schema-graph\">{\"@context\":\"https:\/\/schema.org\",\"@graph\":[{\"@type\":\"WebPage\",\"@id\":\"https:\/\/letrame.com\/catalogo\/producto\/cuando-despierta-el-cuco\/\",\"url\":\"https:\/\/letrame.com\/catalogo\/producto\/cuando-despierta-el-cuco\/\",\"name\":\"Cuando despierta el cuco - Catalogo | Letrame Grupo Editorial\",\"isPartOf\":{\"@id\":\"https:\/\/letrame.com\/catalogo\/#website\"},\"primaryImageOfPage\":{\"@id\":\"https:\/\/letrame.com\/catalogo\/producto\/cuando-despierta-el-cuco\/#primaryimage\"},\"image\":{\"@id\":\"https:\/\/letrame.com\/catalogo\/producto\/cuando-despierta-el-cuco\/#primaryimage\"},\"thumbnailUrl\":\"https:\/\/letrame.com\/catalogo\/wp-content\/uploads\/2024\/04\/portada_cuandodespiertaelcuco_167mm-compressed-scaled-1.jpg\",\"datePublished\":\"2024-04-18T11:26:52+00:00\",\"breadcrumb\":{\"@id\":\"https:\/\/letrame.com\/catalogo\/producto\/cuando-despierta-el-cuco\/#breadcrumb\"},\"inLanguage\":\"es\",\"potentialAction\":[{\"@type\":\"ReadAction\",\"target\":[\"https:\/\/letrame.com\/catalogo\/producto\/cuando-despierta-el-cuco\/\"]}]},{\"@type\":\"ImageObject\",\"inLanguage\":\"es\",\"@id\":\"https:\/\/letrame.com\/catalogo\/producto\/cuando-despierta-el-cuco\/#primaryimage\",\"url\":\"https:\/\/letrame.com\/catalogo\/wp-content\/uploads\/2024\/04\/portada_cuandodespiertaelcuco_167mm-compressed-scaled-1.jpg\",\"contentUrl\":\"https:\/\/letrame.com\/catalogo\/wp-content\/uploads\/2024\/04\/portada_cuandodespiertaelcuco_167mm-compressed-scaled-1.jpg\",\"width\":1746,\"height\":2560},{\"@type\":\"BreadcrumbList\",\"@id\":\"https:\/\/letrame.com\/catalogo\/producto\/cuando-despierta-el-cuco\/#breadcrumb\",\"itemListElement\":[{\"@type\":\"ListItem\",\"position\":1,\"name\":\"Portada\",\"item\":\"https:\/\/letrame.com\/catalogo\/\"},{\"@type\":\"ListItem\",\"position\":2,\"name\":\"Cat\u00e1logo\",\"item\":\"https:\/\/letrame.com\/catalogo\/\"},{\"@type\":\"ListItem\",\"position\":3,\"name\":\"Cuando despierta el cuco\"}]},{\"@type\":\"WebSite\",\"@id\":\"https:\/\/letrame.com\/catalogo\/#website\",\"url\":\"https:\/\/letrame.com\/catalogo\/\",\"name\":\"Catalogo | Letrame Grupo Editorial\",\"description\":\"\",\"publisher\":{\"@id\":\"https:\/\/letrame.com\/catalogo\/#organization\"},\"potentialAction\":[{\"@type\":\"SearchAction\",\"target\":{\"@type\":\"EntryPoint\",\"urlTemplate\":\"https:\/\/letrame.com\/catalogo\/?s={search_term_string}\"},\"query-input\":{\"@type\":\"PropertyValueSpecification\",\"valueRequired\":true,\"valueName\":\"search_term_string\"}}],\"inLanguage\":\"es\"},{\"@type\":\"Organization\",\"@id\":\"https:\/\/letrame.com\/catalogo\/#organization\",\"name\":\"Catalogo | Letrame Grupo Editorial\",\"url\":\"https:\/\/letrame.com\/catalogo\/\",\"logo\":{\"@type\":\"ImageObject\",\"inLanguage\":\"es\",\"@id\":\"https:\/\/letrame.com\/catalogo\/#\/schema\/logo\/image\/\",\"url\":\"https:\/\/letrame.com\/catalogo\/wp-content\/uploads\/2024\/03\/logo2.webp\",\"contentUrl\":\"https:\/\/letrame.com\/catalogo\/wp-content\/uploads\/2024\/03\/logo2.webp\",\"width\":394,\"height\":128,\"caption\":\"Catalogo | Letrame Grupo Editorial\"},\"image\":{\"@id\":\"https:\/\/letrame.com\/catalogo\/#\/schema\/logo\/image\/\"}}]}<\/script>\n<!-- \/ Yoast SEO plugin. -->","yoast_head_json":{"title":"Cuando despierta el cuco - Catalogo | Letrame Grupo Editorial","robots":{"index":"index","follow":"follow","max-snippet":"max-snippet:-1","max-image-preview":"max-image-preview:large","max-video-preview":"max-video-preview:-1"},"canonical":"https:\/\/letrame.com\/catalogo\/producto\/cuando-despierta-el-cuco\/","og_locale":"es_ES","og_type":"article","og_title":"Cuando despierta el cuco - Catalogo | Letrame Grupo Editorial","og_description":"ISBN: 978-8418468483 Ocho invitados con ocho secretos son reunidos en una siniestra mansi\u00f3n. 22 de diciembre, la nieve azota con fuerza quedando atrapados a todos en su interior. Cuando descubren el primer cad\u00e1ver nadie puede confiar en nadie, pero lo que a\u00fan no saben es que mientras se van descubriendo las vidas pasadas de los invitados, ese primer asesinato, tan solo es el comienzo.","og_url":"https:\/\/letrame.com\/catalogo\/producto\/cuando-despierta-el-cuco\/","og_site_name":"Catalogo | Letrame Grupo Editorial","og_image":[{"width":1746,"height":2560,"url":"https:\/\/letrame.com\/catalogo\/wp-content\/uploads\/2024\/04\/portada_cuandodespiertaelcuco_167mm-compressed-scaled-1.jpg","type":"image\/jpeg"}],"twitter_card":"summary_large_image","twitter_misc":{"Tiempo de lectura":"1 minuto"},"schema":{"@context":"https:\/\/schema.org","@graph":[{"@type":"WebPage","@id":"https:\/\/letrame.com\/catalogo\/producto\/cuando-despierta-el-cuco\/","url":"https:\/\/letrame.com\/catalogo\/producto\/cuando-despierta-el-cuco\/","name":"Cuando despierta el cuco - Catalogo | Letrame Grupo Editorial","isPartOf":{"@id":"https:\/\/letrame.com\/catalogo\/#website"},"primaryImageOfPage":{"@id":"https:\/\/letrame.com\/catalogo\/producto\/cuando-despierta-el-cuco\/#primaryimage"},"image":{"@id":"https:\/\/letrame.com\/catalogo\/producto\/cuando-despierta-el-cuco\/#primaryimage"},"thumbnailUrl":"https:\/\/letrame.com\/catalogo\/wp-content\/uploads\/2024\/04\/portada_cuandodespiertaelcuco_167mm-compressed-scaled-1.jpg","datePublished":"2024-04-18T11:26:52+00:00","breadcrumb":{"@id":"https:\/\/letrame.com\/catalogo\/producto\/cuando-despierta-el-cuco\/#breadcrumb"},"inLanguage":"es","potentialAction":[{"@type":"ReadAction","target":["https:\/\/letrame.com\/catalogo\/producto\/cuando-despierta-el-cuco\/"]}]},{"@type":"ImageObject","inLanguage":"es","@id":"https:\/\/letrame.com\/catalogo\/producto\/cuando-despierta-el-cuco\/#primaryimage","url":"https:\/\/letrame.com\/catalogo\/wp-content\/uploads\/2024\/04\/portada_cuandodespiertaelcuco_167mm-compressed-scaled-1.jpg","contentUrl":"https:\/\/letrame.com\/catalogo\/wp-content\/uploads\/2024\/04\/portada_cuandodespiertaelcuco_167mm-compressed-scaled-1.jpg","width":1746,"height":2560},{"@type":"BreadcrumbList","@id":"https:\/\/letrame.com\/catalogo\/producto\/cuando-despierta-el-cuco\/#breadcrumb","itemListElement":[{"@type":"ListItem","position":1,"name":"Portada","item":"https:\/\/letrame.com\/catalogo\/"},{"@type":"ListItem","position":2,"name":"Cat\u00e1logo","item":"https:\/\/letrame.com\/catalogo\/"},{"@type":"ListItem","position":3,"name":"Cuando despierta el cuco"}]},{"@type":"WebSite","@id":"https:\/\/letrame.com\/catalogo\/#website","url":"https:\/\/letrame.com\/catalogo\/","name":"Catalogo | Letrame Grupo Editorial","description":"","publisher":{"@id":"https:\/\/letrame.com\/catalogo\/#organization"},"potentialAction":[{"@type":"SearchAction","target":{"@type":"EntryPoint","urlTemplate":"https:\/\/letrame.com\/catalogo\/?s={search_term_string}"},"query-input":{"@type":"PropertyValueSpecification","valueRequired":true,"valueName":"search_term_string"}}],"inLanguage":"es"},{"@type":"Organization","@id":"https:\/\/letrame.com\/catalogo\/#organization","name":"Catalogo | Letrame Grupo Editorial","url":"https:\/\/letrame.com\/catalogo\/","logo":{"@type":"ImageObject","inLanguage":"es","@id":"https:\/\/letrame.com\/catalogo\/#\/schema\/logo\/image\/","url":"https:\/\/letrame.com\/catalogo\/wp-content\/uploads\/2024\/03\/logo2.webp","contentUrl":"https:\/\/letrame.com\/catalogo\/wp-content\/uploads\/2024\/03\/logo2.webp","width":394,"height":128,"caption":"Catalogo | Letrame Grupo Editorial"},"image":{"@id":"https:\/\/letrame.com\/catalogo\/#\/schema\/logo\/image\/"}}]}},"_links":{"self":[{"href":"https:\/\/letrame.com\/catalogo\/wp-json\/wp\/v2\/product\/95833","targetHints":{"allow":["GET"]}}],"collection":[{"href":"https:\/\/letrame.com\/catalogo\/wp-json\/wp\/v2\/product"}],"about":[{"href":"https:\/\/letrame.com\/catalogo\/wp-json\/wp\/v2\/types\/product"}],"replies":[{"embeddable":true,"href":"https:\/\/letrame.com\/catalogo\/wp-json\/wp\/v2\/comments?post=95833"}],"acf:post":[{"embeddable":true,"href":"https:\/\/letrame.com\/catalogo\/wp-json\/wp\/v2\/author_book\/74561"}],"wp:featuredmedia":[{"embeddable":true,"href":"https:\/\/letrame.com\/catalogo\/wp-json\/wp\/v2\/media\/95834"}],"wp:attachment":[{"href":"https:\/\/letrame.com\/catalogo\/wp-json\/wp\/v2\/media?parent=95833"}],"wp:term":[{"taxonomy":"libro","embeddable":true,"href":"https:\/\/letrame.com\/catalogo\/wp-json\/wp\/v2\/libro?post=95833"},{"taxonomy":"product_brand","embeddable":true,"href":"https:\/\/letrame.com\/catalogo\/wp-json\/wp\/v2\/product_brand?post=95833"},{"taxonomy":"product_cat","embeddable":true,"href":"https:\/\/letrame.com\/catalogo\/wp-json\/wp\/v2\/product_cat?post=95833"},{"taxonomy":"product_tag","embeddable":true,"href":"https:\/\/letrame.com\/catalogo\/wp-json\/wp\/v2\/product_tag?post=95833"}],"curies":[{"name":"wp","href":"https:\/\/api.w.org\/{rel}","templated":true}]}}