{"id":95795,"date":"2024-04-18T13:22:43","date_gmt":"2024-04-18T11:22:43","guid":{"rendered":"https:\/\/letrame.com\/catalogo\/producto\/nuestro-amor-sera-un-beso-continuo\/"},"modified":"2025-05-23T13:36:22","modified_gmt":"2025-05-23T11:36:22","slug":"nuestro-amor-sera-un-beso-continuo","status":"publish","type":"product","link":"https:\/\/letrame.com\/catalogo\/producto\/nuestro-amor-sera-un-beso-continuo\/","title":{"rendered":"Nuestro amor ser\u00e1 un beso continuo"},"content":{"rendered":"\r\n<p><strong>ISBN<\/strong>: 978-84-18398-13-1<br \/><strong>T\u00edtulo<\/strong>: Nuestro amor ser\u00e1 un beso continuo<br \/><strong>Fecha<\/strong>: 2020<br \/><strong>P\u00e1ginas<\/strong>:\u00a0262<\/p>\r\n\r\n\r\n\r\n<p><strong>SINOPSIS<\/strong><\/p>\r\n\r\n\r\n\r\n<p>Continuaci\u00f3n de la novela <em>Miradas<\/em>.<\/p>\r\n\r\n\r\n\r\n<p>Un cad\u00e1ver flotando en el embalse de Zorita, sobre las aguas contenidas del r\u00edo Tajo, rompe la monoton\u00eda de los pueblos colindantes y la tranquilidad de sus gentes.<\/p>\r\n\r\n\r\n\r\n<p>El cabo Cariel, de la Polic\u00eda Judicial del Puesto de Azuqueca de Henares de la Guardia Civil, un hombre profesional, meticuloso, impulsivo y obsesivo, recibe el aviso para hacerse cargo de la investigaci\u00f3n.<\/p>\r\n\r\n\r\n\r\n<p>Mientras tanto, con cuarenta a\u00f1os, la vida sigue&#8230; Tom\u00e1s e Isabel tratan de buscar la felicidad, el amor y el consuelo. \u00bfQu\u00e9 pasar\u00e1 con sus vidas? \u00bfQu\u00e9 acontecimientos marcar\u00e1n sus destinos? \u00bfVolver\u00e1n sus vidas a cruzarse?<\/p>\r\n\r\n\r\n\r\n<p>Amor, pasi\u00f3n, sexo, rabia, locura, en definitiva, sentimientos y vida; porque de eso se trata, de vivir, cada uno como pueda y le dejen.<\/p>\r\n\r\n\r\n\r\n<p>\u00abEl triunfo de una vida es encontrar a la persona adecuada que te acompa\u00f1e a vivirla\u00bb<\/p>\r\n","protected":false},"excerpt":{"rendered":"<p><strong>ISBN: 978-84-18398-13-1<\/strong> \u00a0 Continuaci\u00f3n de la novela <em>Miradas<\/em>. Un cad\u00e1ver flotando en el embalse de Zorita, sobre las aguas contenidas del r\u00edo Tajo, rompe la monoton\u00eda de los pueblos colindantes y la tranquilidad de sus gentes. El cabo Cariel, de la Polic\u00eda Judicial del Puesto de Azuqueca de Henares de la Guardia Civil, un hombre profesional, meticuloso, impulsivo y obsesivo, recibe el aviso para hacerse cargo de la investigaci\u00f3n. Mientras tanto, con cuarenta a\u00f1os, la vida sigue&#8230; Tom\u00e1s e Isabel tratan de buscar la felicidad, el amor y el consuelo. \u00bfQu\u00e9 pasar\u00e1 con sus vidas? \u00bfQu\u00e9 acontecimientos marcar\u00e1n sus destinos? \u00bfVolver\u00e1n sus vidas a cruzarse?<\/p>\n","protected":false},"featured_media":95796,"comment_status":"closed","ping_status":"closed","template":"","meta":{"_acf_changed":false},"libro":[],"product_brand":[],"product_cat":[16],"product_tag":[],"class_list":{"0":"post-95795","1":"product","2":"type-product","3":"status-publish","4":"has-post-thumbnail","6":"product_cat-novela","8":"first","9":"instock","10":"purchasable","11":"product-type-simple"},"acf":{"autor":[73773],"enlace_de_compra":"https:\/\/www.amazon.es\/dp\/8418398132"},"yoast_head":"<!-- This site is optimized with the Yoast SEO plugin v26.6 - https:\/\/yoast.com\/wordpress\/plugins\/seo\/ -->\n<title>Nuestro amor ser\u00e1 un beso continuo - Catalogo | Letrame Grupo Editorial<\/title>\n<meta name=\"robots\" content=\"index, follow, max-snippet:-1, max-image-preview:large, max-video-preview:-1\" \/>\n<link rel=\"canonical\" href=\"https:\/\/letrame.com\/catalogo\/producto\/nuestro-amor-sera-un-beso-continuo\/\" \/>\n<meta property=\"og:locale\" content=\"es_ES\" \/>\n<meta property=\"og:type\" content=\"article\" \/>\n<meta property=\"og:title\" content=\"Nuestro amor ser\u00e1 un beso continuo - Catalogo | Letrame Grupo Editorial\" \/>\n<meta property=\"og:description\" content=\"ISBN: 978-84-18398-13-1 \u00a0 Continuaci\u00f3n de la novela Miradas. Un cad\u00e1ver flotando en el embalse de Zorita, sobre las aguas contenidas del r\u00edo Tajo, rompe la monoton\u00eda de los pueblos colindantes y la tranquilidad de sus gentes. El cabo Cariel, de la Polic\u00eda Judicial del Puesto de Azuqueca de Henares de la Guardia Civil, un hombre profesional, meticuloso, impulsivo y obsesivo, recibe el aviso para hacerse cargo de la investigaci\u00f3n. Mientras tanto, con cuarenta a\u00f1os, la vida sigue... Tom\u00e1s e Isabel tratan de buscar la felicidad, el amor y el consuelo. \u00bfQu\u00e9 pasar\u00e1 con sus vidas? \u00bfQu\u00e9 acontecimientos marcar\u00e1n sus destinos? \u00bfVolver\u00e1n sus vidas a cruzarse?\" \/>\n<meta property=\"og:url\" content=\"https:\/\/letrame.com\/catalogo\/producto\/nuestro-amor-sera-un-beso-continuo\/\" \/>\n<meta property=\"og:site_name\" content=\"Catalogo | Letrame Grupo Editorial\" \/>\n<meta property=\"article:modified_time\" content=\"2025-05-23T11:36:22+00:00\" \/>\n<meta property=\"og:image\" content=\"https:\/\/letrame.com\/catalogo\/wp-content\/uploads\/2024\/04\/portada_nuestroamorsera_1472mm-compressed-scaled-1.jpg\" \/>\n\t<meta property=\"og:image:width\" content=\"1746\" \/>\n\t<meta property=\"og:image:height\" content=\"2560\" \/>\n\t<meta property=\"og:image:type\" content=\"image\/jpeg\" \/>\n<meta name=\"twitter:card\" content=\"summary_large_image\" \/>\n<meta name=\"twitter:label1\" content=\"Tiempo de lectura\" \/>\n\t<meta name=\"twitter:data1\" content=\"1 minuto\" \/>\n<script type=\"application\/ld+json\" class=\"yoast-schema-graph\">{\"@context\":\"https:\/\/schema.org\",\"@graph\":[{\"@type\":\"WebPage\",\"@id\":\"https:\/\/letrame.com\/catalogo\/producto\/nuestro-amor-sera-un-beso-continuo\/\",\"url\":\"https:\/\/letrame.com\/catalogo\/producto\/nuestro-amor-sera-un-beso-continuo\/\",\"name\":\"Nuestro amor ser\u00e1 un beso continuo - Catalogo | Letrame Grupo Editorial\",\"isPartOf\":{\"@id\":\"https:\/\/letrame.com\/catalogo\/#website\"},\"primaryImageOfPage\":{\"@id\":\"https:\/\/letrame.com\/catalogo\/producto\/nuestro-amor-sera-un-beso-continuo\/#primaryimage\"},\"image\":{\"@id\":\"https:\/\/letrame.com\/catalogo\/producto\/nuestro-amor-sera-un-beso-continuo\/#primaryimage\"},\"thumbnailUrl\":\"https:\/\/letrame.com\/catalogo\/wp-content\/uploads\/2024\/04\/portada_nuestroamorsera_1472mm-compressed-scaled-1.jpg\",\"datePublished\":\"2024-04-18T11:22:43+00:00\",\"dateModified\":\"2025-05-23T11:36:22+00:00\",\"breadcrumb\":{\"@id\":\"https:\/\/letrame.com\/catalogo\/producto\/nuestro-amor-sera-un-beso-continuo\/#breadcrumb\"},\"inLanguage\":\"es\",\"potentialAction\":[{\"@type\":\"ReadAction\",\"target\":[\"https:\/\/letrame.com\/catalogo\/producto\/nuestro-amor-sera-un-beso-continuo\/\"]}]},{\"@type\":\"ImageObject\",\"inLanguage\":\"es\",\"@id\":\"https:\/\/letrame.com\/catalogo\/producto\/nuestro-amor-sera-un-beso-continuo\/#primaryimage\",\"url\":\"https:\/\/letrame.com\/catalogo\/wp-content\/uploads\/2024\/04\/portada_nuestroamorsera_1472mm-compressed-scaled-1.jpg\",\"contentUrl\":\"https:\/\/letrame.com\/catalogo\/wp-content\/uploads\/2024\/04\/portada_nuestroamorsera_1472mm-compressed-scaled-1.jpg\",\"width\":1746,\"height\":2560},{\"@type\":\"BreadcrumbList\",\"@id\":\"https:\/\/letrame.com\/catalogo\/producto\/nuestro-amor-sera-un-beso-continuo\/#breadcrumb\",\"itemListElement\":[{\"@type\":\"ListItem\",\"position\":1,\"name\":\"Portada\",\"item\":\"https:\/\/letrame.com\/catalogo\/\"},{\"@type\":\"ListItem\",\"position\":2,\"name\":\"Cat\u00e1logo\",\"item\":\"https:\/\/letrame.com\/catalogo\/\"},{\"@type\":\"ListItem\",\"position\":3,\"name\":\"Nuestro amor ser\u00e1 un beso continuo\"}]},{\"@type\":\"WebSite\",\"@id\":\"https:\/\/letrame.com\/catalogo\/#website\",\"url\":\"https:\/\/letrame.com\/catalogo\/\",\"name\":\"Catalogo | Letrame Grupo Editorial\",\"description\":\"\",\"publisher\":{\"@id\":\"https:\/\/letrame.com\/catalogo\/#organization\"},\"potentialAction\":[{\"@type\":\"SearchAction\",\"target\":{\"@type\":\"EntryPoint\",\"urlTemplate\":\"https:\/\/letrame.com\/catalogo\/?s={search_term_string}\"},\"query-input\":{\"@type\":\"PropertyValueSpecification\",\"valueRequired\":true,\"valueName\":\"search_term_string\"}}],\"inLanguage\":\"es\"},{\"@type\":\"Organization\",\"@id\":\"https:\/\/letrame.com\/catalogo\/#organization\",\"name\":\"Catalogo | Letrame Grupo Editorial\",\"url\":\"https:\/\/letrame.com\/catalogo\/\",\"logo\":{\"@type\":\"ImageObject\",\"inLanguage\":\"es\",\"@id\":\"https:\/\/letrame.com\/catalogo\/#\/schema\/logo\/image\/\",\"url\":\"https:\/\/letrame.com\/catalogo\/wp-content\/uploads\/2024\/03\/logo2.webp\",\"contentUrl\":\"https:\/\/letrame.com\/catalogo\/wp-content\/uploads\/2024\/03\/logo2.webp\",\"width\":394,\"height\":128,\"caption\":\"Catalogo | Letrame Grupo Editorial\"},\"image\":{\"@id\":\"https:\/\/letrame.com\/catalogo\/#\/schema\/logo\/image\/\"}}]}<\/script>\n<!-- \/ Yoast SEO plugin. -->","yoast_head_json":{"title":"Nuestro amor ser\u00e1 un beso continuo - Catalogo | Letrame Grupo Editorial","robots":{"index":"index","follow":"follow","max-snippet":"max-snippet:-1","max-image-preview":"max-image-preview:large","max-video-preview":"max-video-preview:-1"},"canonical":"https:\/\/letrame.com\/catalogo\/producto\/nuestro-amor-sera-un-beso-continuo\/","og_locale":"es_ES","og_type":"article","og_title":"Nuestro amor ser\u00e1 un beso continuo - Catalogo | Letrame Grupo Editorial","og_description":"ISBN: 978-84-18398-13-1 \u00a0 Continuaci\u00f3n de la novela Miradas. Un cad\u00e1ver flotando en el embalse de Zorita, sobre las aguas contenidas del r\u00edo Tajo, rompe la monoton\u00eda de los pueblos colindantes y la tranquilidad de sus gentes. El cabo Cariel, de la Polic\u00eda Judicial del Puesto de Azuqueca de Henares de la Guardia Civil, un hombre profesional, meticuloso, impulsivo y obsesivo, recibe el aviso para hacerse cargo de la investigaci\u00f3n. Mientras tanto, con cuarenta a\u00f1os, la vida sigue... Tom\u00e1s e Isabel tratan de buscar la felicidad, el amor y el consuelo. \u00bfQu\u00e9 pasar\u00e1 con sus vidas? \u00bfQu\u00e9 acontecimientos marcar\u00e1n sus destinos? \u00bfVolver\u00e1n sus vidas a cruzarse?","og_url":"https:\/\/letrame.com\/catalogo\/producto\/nuestro-amor-sera-un-beso-continuo\/","og_site_name":"Catalogo | Letrame Grupo Editorial","article_modified_time":"2025-05-23T11:36:22+00:00","og_image":[{"width":1746,"height":2560,"url":"https:\/\/letrame.com\/catalogo\/wp-content\/uploads\/2024\/04\/portada_nuestroamorsera_1472mm-compressed-scaled-1.jpg","type":"image\/jpeg"}],"twitter_card":"summary_large_image","twitter_misc":{"Tiempo de lectura":"1 minuto"},"schema":{"@context":"https:\/\/schema.org","@graph":[{"@type":"WebPage","@id":"https:\/\/letrame.com\/catalogo\/producto\/nuestro-amor-sera-un-beso-continuo\/","url":"https:\/\/letrame.com\/catalogo\/producto\/nuestro-amor-sera-un-beso-continuo\/","name":"Nuestro amor ser\u00e1 un beso continuo - Catalogo | Letrame Grupo Editorial","isPartOf":{"@id":"https:\/\/letrame.com\/catalogo\/#website"},"primaryImageOfPage":{"@id":"https:\/\/letrame.com\/catalogo\/producto\/nuestro-amor-sera-un-beso-continuo\/#primaryimage"},"image":{"@id":"https:\/\/letrame.com\/catalogo\/producto\/nuestro-amor-sera-un-beso-continuo\/#primaryimage"},"thumbnailUrl":"https:\/\/letrame.com\/catalogo\/wp-content\/uploads\/2024\/04\/portada_nuestroamorsera_1472mm-compressed-scaled-1.jpg","datePublished":"2024-04-18T11:22:43+00:00","dateModified":"2025-05-23T11:36:22+00:00","breadcrumb":{"@id":"https:\/\/letrame.com\/catalogo\/producto\/nuestro-amor-sera-un-beso-continuo\/#breadcrumb"},"inLanguage":"es","potentialAction":[{"@type":"ReadAction","target":["https:\/\/letrame.com\/catalogo\/producto\/nuestro-amor-sera-un-beso-continuo\/"]}]},{"@type":"ImageObject","inLanguage":"es","@id":"https:\/\/letrame.com\/catalogo\/producto\/nuestro-amor-sera-un-beso-continuo\/#primaryimage","url":"https:\/\/letrame.com\/catalogo\/wp-content\/uploads\/2024\/04\/portada_nuestroamorsera_1472mm-compressed-scaled-1.jpg","contentUrl":"https:\/\/letrame.com\/catalogo\/wp-content\/uploads\/2024\/04\/portada_nuestroamorsera_1472mm-compressed-scaled-1.jpg","width":1746,"height":2560},{"@type":"BreadcrumbList","@id":"https:\/\/letrame.com\/catalogo\/producto\/nuestro-amor-sera-un-beso-continuo\/#breadcrumb","itemListElement":[{"@type":"ListItem","position":1,"name":"Portada","item":"https:\/\/letrame.com\/catalogo\/"},{"@type":"ListItem","position":2,"name":"Cat\u00e1logo","item":"https:\/\/letrame.com\/catalogo\/"},{"@type":"ListItem","position":3,"name":"Nuestro amor ser\u00e1 un beso continuo"}]},{"@type":"WebSite","@id":"https:\/\/letrame.com\/catalogo\/#website","url":"https:\/\/letrame.com\/catalogo\/","name":"Catalogo | Letrame Grupo Editorial","description":"","publisher":{"@id":"https:\/\/letrame.com\/catalogo\/#organization"},"potentialAction":[{"@type":"SearchAction","target":{"@type":"EntryPoint","urlTemplate":"https:\/\/letrame.com\/catalogo\/?s={search_term_string}"},"query-input":{"@type":"PropertyValueSpecification","valueRequired":true,"valueName":"search_term_string"}}],"inLanguage":"es"},{"@type":"Organization","@id":"https:\/\/letrame.com\/catalogo\/#organization","name":"Catalogo | Letrame Grupo Editorial","url":"https:\/\/letrame.com\/catalogo\/","logo":{"@type":"ImageObject","inLanguage":"es","@id":"https:\/\/letrame.com\/catalogo\/#\/schema\/logo\/image\/","url":"https:\/\/letrame.com\/catalogo\/wp-content\/uploads\/2024\/03\/logo2.webp","contentUrl":"https:\/\/letrame.com\/catalogo\/wp-content\/uploads\/2024\/03\/logo2.webp","width":394,"height":128,"caption":"Catalogo | Letrame Grupo Editorial"},"image":{"@id":"https:\/\/letrame.com\/catalogo\/#\/schema\/logo\/image\/"}}]}},"_links":{"self":[{"href":"https:\/\/letrame.com\/catalogo\/wp-json\/wp\/v2\/product\/95795","targetHints":{"allow":["GET"]}}],"collection":[{"href":"https:\/\/letrame.com\/catalogo\/wp-json\/wp\/v2\/product"}],"about":[{"href":"https:\/\/letrame.com\/catalogo\/wp-json\/wp\/v2\/types\/product"}],"replies":[{"embeddable":true,"href":"https:\/\/letrame.com\/catalogo\/wp-json\/wp\/v2\/comments?post=95795"}],"acf:post":[{"embeddable":true,"href":"https:\/\/letrame.com\/catalogo\/wp-json\/wp\/v2\/author_book\/73773"}],"wp:featuredmedia":[{"embeddable":true,"href":"https:\/\/letrame.com\/catalogo\/wp-json\/wp\/v2\/media\/95796"}],"wp:attachment":[{"href":"https:\/\/letrame.com\/catalogo\/wp-json\/wp\/v2\/media?parent=95795"}],"wp:term":[{"taxonomy":"libro","embeddable":true,"href":"https:\/\/letrame.com\/catalogo\/wp-json\/wp\/v2\/libro?post=95795"},{"taxonomy":"product_brand","embeddable":true,"href":"https:\/\/letrame.com\/catalogo\/wp-json\/wp\/v2\/product_brand?post=95795"},{"taxonomy":"product_cat","embeddable":true,"href":"https:\/\/letrame.com\/catalogo\/wp-json\/wp\/v2\/product_cat?post=95795"},{"taxonomy":"product_tag","embeddable":true,"href":"https:\/\/letrame.com\/catalogo\/wp-json\/wp\/v2\/product_tag?post=95795"}],"curies":[{"name":"wp","href":"https:\/\/api.w.org\/{rel}","templated":true}]}}