{"id":95778,"date":"2024-04-18T13:20:55","date_gmt":"2024-04-18T11:20:55","guid":{"rendered":"https:\/\/letrame.com\/catalogo\/producto\/desafiando-al-maktub\/"},"modified":"2024-07-19T12:19:56","modified_gmt":"2024-07-19T10:19:56","slug":"desafiando-al-maktub","status":"publish","type":"product","link":"https:\/\/letrame.com\/catalogo\/producto\/desafiando-al-maktub\/","title":{"rendered":"Desafiando al Maktub"},"content":{"rendered":"\r\n<p><strong>ISBN<\/strong>: 978-84-18398-40-7<br \/><strong>T\u00edtulo<\/strong>: Desafiando al Maktub<br \/><strong>Fecha<\/strong>: 2020<br \/><strong>P\u00e1ginas<\/strong>:\u00a0284<\/p>\r\n\r\n\r\n\r\n<p><strong>SINOPSIS<\/strong><\/p>\r\n\r\n\r\n\r\n<p>Esta historia real comienza estando Marruecos bajo el protectorado de Francia y Espa\u00f1a. Nuestro protagonista Al\u00ed, naci\u00f3 en la capital del protectorado espa\u00f1ol de Marruecos, Tetu\u00e1n, en el seno de una familia espa\u00f1ola para la cual trabajaba su mam\u00e1, compartiendo dos culturas durante los primeros a\u00f1os de su vida.<\/p>\r\n\r\n\r\n\r\n<p>A pesar de lo bien arropado que estaba de peque\u00f1o, en poqu\u00edsimo tiempo se ve obligado a pasar sobre la cuerda del sufrimiento empujado por el sarc\u00e1stico destino, siendo esta la causa de muchas de sus virtudes, al igual que los defectos a\u00f1adidos a una vida llena de ausencias.<\/p>\r\n\r\n\r\n\r\n<p>El hist\u00f3rico terremoto de la ciudad de Agadir le hizo plantearse otra forma de vida, pese a su corta edad, y emprender el camino con una idea muy clara: APRENDER. Poco a poco va form\u00e1ndose escolarmente, consiguiendo as\u00ed su objetivo.<\/p>\r\n\r\n\r\n\r\n<p>El causante de que el espacio-tiempo sean inseparables y el saber de los idiomas que eran su arma, le conducen a un futuro que le har\u00e1 ganar mucho dinero. Eso lo ayud\u00f3 a corregir un error que le hizo irse de la lengua en un momento preciso. Pero todo no era de color de rosa. El dinero, como bien es sabido, llama al dinero y enseguida empieza a ver la cara opuesta de su felicidad.<\/p>\r\n","protected":false},"excerpt":{"rendered":"<p><strong>ISBN: 978-84-18398-40-7<br data-rich-text-line-break=\"true\" \/><\/strong> Esta historia real comienza estando Marruecos bajo el protectorado de Francia y Espa\u00f1a. Nuestro protagonista Al\u00ed, nace en la capital del protectorado espa\u00f1ol de Marruecos, Tetu\u00e1n, en el seno de una familia espa\u00f1ola para la cual trabajaba su mam\u00e1, compartiendo dos culturas durante los primeros a\u00f1os de su vida.<\/p>\n","protected":false},"featured_media":95779,"comment_status":"closed","ping_status":"closed","template":"","meta":{"_acf_changed":false},"libro":[],"product_brand":[],"product_cat":[16,21,24],"product_tag":[],"class_list":{"0":"post-95778","1":"product","2":"type-product","3":"status-publish","4":"has-post-thumbnail","6":"product_cat-novela","7":"product_cat-relato","8":"product_cat-viajes","10":"first","11":"instock","12":"purchasable","13":"product-type-simple"},"acf":{"autor":[76521],"enlace_de_compra":"https:\/\/www.amazon.es\/Desafiando-al-Maktub-Yassine-Mech-Hidan\/dp\/841839840X\/ref=sr_1_1?__mk_es_ES=%C3%85M%C3%85%C5%BD%C3%95%C3%91&amp&dchild=1&amp&keywords=Desafiando+al+Maktub&amp&qid=1598867276&amp&sr=8-1"},"yoast_head":"<!-- This site is optimized with the Yoast SEO plugin v26.6 - https:\/\/yoast.com\/wordpress\/plugins\/seo\/ -->\n<title>Desafiando al Maktub - Catalogo | Letrame Grupo Editorial<\/title>\n<meta name=\"robots\" content=\"index, follow, max-snippet:-1, max-image-preview:large, max-video-preview:-1\" \/>\n<link rel=\"canonical\" href=\"https:\/\/letrame.com\/catalogo\/producto\/desafiando-al-maktub\/\" \/>\n<meta property=\"og:locale\" content=\"es_ES\" \/>\n<meta property=\"og:type\" content=\"article\" \/>\n<meta property=\"og:title\" content=\"Desafiando al Maktub - Catalogo | Letrame Grupo Editorial\" \/>\n<meta property=\"og:description\" content=\"ISBN: 978-84-18398-40-7 Esta historia real comienza estando Marruecos bajo el protectorado de Francia y Espa\u00f1a. Nuestro protagonista Al\u00ed, nace en la capital del protectorado espa\u00f1ol de Marruecos, Tetu\u00e1n, en el seno de una familia espa\u00f1ola para la cual trabajaba su mam\u00e1, compartiendo dos culturas durante los primeros a\u00f1os de su vida.\" \/>\n<meta property=\"og:url\" content=\"https:\/\/letrame.com\/catalogo\/producto\/desafiando-al-maktub\/\" \/>\n<meta property=\"og:site_name\" content=\"Catalogo | Letrame Grupo Editorial\" \/>\n<meta property=\"article:modified_time\" content=\"2024-07-19T10:19:56+00:00\" \/>\n<meta property=\"og:image\" content=\"https:\/\/letrame.com\/catalogo\/wp-content\/uploads\/2024\/04\/portada_desafiandoelmaktub_142mm-compressed-scaled-1.jpg\" \/>\n\t<meta property=\"og:image:width\" content=\"1746\" \/>\n\t<meta property=\"og:image:height\" content=\"2560\" \/>\n\t<meta property=\"og:image:type\" content=\"image\/jpeg\" \/>\n<meta name=\"twitter:card\" content=\"summary_large_image\" \/>\n<meta name=\"twitter:label1\" content=\"Tiempo de lectura\" \/>\n\t<meta name=\"twitter:data1\" content=\"2 minutos\" \/>\n<script type=\"application\/ld+json\" class=\"yoast-schema-graph\">{\"@context\":\"https:\/\/schema.org\",\"@graph\":[{\"@type\":\"WebPage\",\"@id\":\"https:\/\/letrame.com\/catalogo\/producto\/desafiando-al-maktub\/\",\"url\":\"https:\/\/letrame.com\/catalogo\/producto\/desafiando-al-maktub\/\",\"name\":\"Desafiando al Maktub - Catalogo | Letrame Grupo Editorial\",\"isPartOf\":{\"@id\":\"https:\/\/letrame.com\/catalogo\/#website\"},\"primaryImageOfPage\":{\"@id\":\"https:\/\/letrame.com\/catalogo\/producto\/desafiando-al-maktub\/#primaryimage\"},\"image\":{\"@id\":\"https:\/\/letrame.com\/catalogo\/producto\/desafiando-al-maktub\/#primaryimage\"},\"thumbnailUrl\":\"https:\/\/letrame.com\/catalogo\/wp-content\/uploads\/2024\/04\/portada_desafiandoelmaktub_142mm-compressed-scaled-1.jpg\",\"datePublished\":\"2024-04-18T11:20:55+00:00\",\"dateModified\":\"2024-07-19T10:19:56+00:00\",\"breadcrumb\":{\"@id\":\"https:\/\/letrame.com\/catalogo\/producto\/desafiando-al-maktub\/#breadcrumb\"},\"inLanguage\":\"es\",\"potentialAction\":[{\"@type\":\"ReadAction\",\"target\":[\"https:\/\/letrame.com\/catalogo\/producto\/desafiando-al-maktub\/\"]}]},{\"@type\":\"ImageObject\",\"inLanguage\":\"es\",\"@id\":\"https:\/\/letrame.com\/catalogo\/producto\/desafiando-al-maktub\/#primaryimage\",\"url\":\"https:\/\/letrame.com\/catalogo\/wp-content\/uploads\/2024\/04\/portada_desafiandoelmaktub_142mm-compressed-scaled-1.jpg\",\"contentUrl\":\"https:\/\/letrame.com\/catalogo\/wp-content\/uploads\/2024\/04\/portada_desafiandoelmaktub_142mm-compressed-scaled-1.jpg\",\"width\":1746,\"height\":2560},{\"@type\":\"BreadcrumbList\",\"@id\":\"https:\/\/letrame.com\/catalogo\/producto\/desafiando-al-maktub\/#breadcrumb\",\"itemListElement\":[{\"@type\":\"ListItem\",\"position\":1,\"name\":\"Portada\",\"item\":\"https:\/\/letrame.com\/catalogo\/\"},{\"@type\":\"ListItem\",\"position\":2,\"name\":\"Cat\u00e1logo\",\"item\":\"https:\/\/letrame.com\/catalogo\/\"},{\"@type\":\"ListItem\",\"position\":3,\"name\":\"Desafiando al Maktub\"}]},{\"@type\":\"WebSite\",\"@id\":\"https:\/\/letrame.com\/catalogo\/#website\",\"url\":\"https:\/\/letrame.com\/catalogo\/\",\"name\":\"Catalogo | Letrame Grupo Editorial\",\"description\":\"\",\"publisher\":{\"@id\":\"https:\/\/letrame.com\/catalogo\/#organization\"},\"potentialAction\":[{\"@type\":\"SearchAction\",\"target\":{\"@type\":\"EntryPoint\",\"urlTemplate\":\"https:\/\/letrame.com\/catalogo\/?s={search_term_string}\"},\"query-input\":{\"@type\":\"PropertyValueSpecification\",\"valueRequired\":true,\"valueName\":\"search_term_string\"}}],\"inLanguage\":\"es\"},{\"@type\":\"Organization\",\"@id\":\"https:\/\/letrame.com\/catalogo\/#organization\",\"name\":\"Catalogo | Letrame Grupo Editorial\",\"url\":\"https:\/\/letrame.com\/catalogo\/\",\"logo\":{\"@type\":\"ImageObject\",\"inLanguage\":\"es\",\"@id\":\"https:\/\/letrame.com\/catalogo\/#\/schema\/logo\/image\/\",\"url\":\"https:\/\/letrame.com\/catalogo\/wp-content\/uploads\/2024\/03\/logo2.webp\",\"contentUrl\":\"https:\/\/letrame.com\/catalogo\/wp-content\/uploads\/2024\/03\/logo2.webp\",\"width\":394,\"height\":128,\"caption\":\"Catalogo | Letrame Grupo Editorial\"},\"image\":{\"@id\":\"https:\/\/letrame.com\/catalogo\/#\/schema\/logo\/image\/\"}}]}<\/script>\n<!-- \/ Yoast SEO plugin. -->","yoast_head_json":{"title":"Desafiando al Maktub - Catalogo | Letrame Grupo Editorial","robots":{"index":"index","follow":"follow","max-snippet":"max-snippet:-1","max-image-preview":"max-image-preview:large","max-video-preview":"max-video-preview:-1"},"canonical":"https:\/\/letrame.com\/catalogo\/producto\/desafiando-al-maktub\/","og_locale":"es_ES","og_type":"article","og_title":"Desafiando al Maktub - Catalogo | Letrame Grupo Editorial","og_description":"ISBN: 978-84-18398-40-7 Esta historia real comienza estando Marruecos bajo el protectorado de Francia y Espa\u00f1a. Nuestro protagonista Al\u00ed, nace en la capital del protectorado espa\u00f1ol de Marruecos, Tetu\u00e1n, en el seno de una familia espa\u00f1ola para la cual trabajaba su mam\u00e1, compartiendo dos culturas durante los primeros a\u00f1os de su vida.","og_url":"https:\/\/letrame.com\/catalogo\/producto\/desafiando-al-maktub\/","og_site_name":"Catalogo | Letrame Grupo Editorial","article_modified_time":"2024-07-19T10:19:56+00:00","og_image":[{"width":1746,"height":2560,"url":"https:\/\/letrame.com\/catalogo\/wp-content\/uploads\/2024\/04\/portada_desafiandoelmaktub_142mm-compressed-scaled-1.jpg","type":"image\/jpeg"}],"twitter_card":"summary_large_image","twitter_misc":{"Tiempo de lectura":"2 minutos"},"schema":{"@context":"https:\/\/schema.org","@graph":[{"@type":"WebPage","@id":"https:\/\/letrame.com\/catalogo\/producto\/desafiando-al-maktub\/","url":"https:\/\/letrame.com\/catalogo\/producto\/desafiando-al-maktub\/","name":"Desafiando al Maktub - Catalogo | Letrame Grupo Editorial","isPartOf":{"@id":"https:\/\/letrame.com\/catalogo\/#website"},"primaryImageOfPage":{"@id":"https:\/\/letrame.com\/catalogo\/producto\/desafiando-al-maktub\/#primaryimage"},"image":{"@id":"https:\/\/letrame.com\/catalogo\/producto\/desafiando-al-maktub\/#primaryimage"},"thumbnailUrl":"https:\/\/letrame.com\/catalogo\/wp-content\/uploads\/2024\/04\/portada_desafiandoelmaktub_142mm-compressed-scaled-1.jpg","datePublished":"2024-04-18T11:20:55+00:00","dateModified":"2024-07-19T10:19:56+00:00","breadcrumb":{"@id":"https:\/\/letrame.com\/catalogo\/producto\/desafiando-al-maktub\/#breadcrumb"},"inLanguage":"es","potentialAction":[{"@type":"ReadAction","target":["https:\/\/letrame.com\/catalogo\/producto\/desafiando-al-maktub\/"]}]},{"@type":"ImageObject","inLanguage":"es","@id":"https:\/\/letrame.com\/catalogo\/producto\/desafiando-al-maktub\/#primaryimage","url":"https:\/\/letrame.com\/catalogo\/wp-content\/uploads\/2024\/04\/portada_desafiandoelmaktub_142mm-compressed-scaled-1.jpg","contentUrl":"https:\/\/letrame.com\/catalogo\/wp-content\/uploads\/2024\/04\/portada_desafiandoelmaktub_142mm-compressed-scaled-1.jpg","width":1746,"height":2560},{"@type":"BreadcrumbList","@id":"https:\/\/letrame.com\/catalogo\/producto\/desafiando-al-maktub\/#breadcrumb","itemListElement":[{"@type":"ListItem","position":1,"name":"Portada","item":"https:\/\/letrame.com\/catalogo\/"},{"@type":"ListItem","position":2,"name":"Cat\u00e1logo","item":"https:\/\/letrame.com\/catalogo\/"},{"@type":"ListItem","position":3,"name":"Desafiando al Maktub"}]},{"@type":"WebSite","@id":"https:\/\/letrame.com\/catalogo\/#website","url":"https:\/\/letrame.com\/catalogo\/","name":"Catalogo | Letrame Grupo Editorial","description":"","publisher":{"@id":"https:\/\/letrame.com\/catalogo\/#organization"},"potentialAction":[{"@type":"SearchAction","target":{"@type":"EntryPoint","urlTemplate":"https:\/\/letrame.com\/catalogo\/?s={search_term_string}"},"query-input":{"@type":"PropertyValueSpecification","valueRequired":true,"valueName":"search_term_string"}}],"inLanguage":"es"},{"@type":"Organization","@id":"https:\/\/letrame.com\/catalogo\/#organization","name":"Catalogo | Letrame Grupo Editorial","url":"https:\/\/letrame.com\/catalogo\/","logo":{"@type":"ImageObject","inLanguage":"es","@id":"https:\/\/letrame.com\/catalogo\/#\/schema\/logo\/image\/","url":"https:\/\/letrame.com\/catalogo\/wp-content\/uploads\/2024\/03\/logo2.webp","contentUrl":"https:\/\/letrame.com\/catalogo\/wp-content\/uploads\/2024\/03\/logo2.webp","width":394,"height":128,"caption":"Catalogo | Letrame Grupo Editorial"},"image":{"@id":"https:\/\/letrame.com\/catalogo\/#\/schema\/logo\/image\/"}}]}},"_links":{"self":[{"href":"https:\/\/letrame.com\/catalogo\/wp-json\/wp\/v2\/product\/95778","targetHints":{"allow":["GET"]}}],"collection":[{"href":"https:\/\/letrame.com\/catalogo\/wp-json\/wp\/v2\/product"}],"about":[{"href":"https:\/\/letrame.com\/catalogo\/wp-json\/wp\/v2\/types\/product"}],"replies":[{"embeddable":true,"href":"https:\/\/letrame.com\/catalogo\/wp-json\/wp\/v2\/comments?post=95778"}],"acf:post":[{"embeddable":true,"href":"https:\/\/letrame.com\/catalogo\/wp-json\/wp\/v2\/author_book\/76521"}],"wp:featuredmedia":[{"embeddable":true,"href":"https:\/\/letrame.com\/catalogo\/wp-json\/wp\/v2\/media\/95779"}],"wp:attachment":[{"href":"https:\/\/letrame.com\/catalogo\/wp-json\/wp\/v2\/media?parent=95778"}],"wp:term":[{"taxonomy":"libro","embeddable":true,"href":"https:\/\/letrame.com\/catalogo\/wp-json\/wp\/v2\/libro?post=95778"},{"taxonomy":"product_brand","embeddable":true,"href":"https:\/\/letrame.com\/catalogo\/wp-json\/wp\/v2\/product_brand?post=95778"},{"taxonomy":"product_cat","embeddable":true,"href":"https:\/\/letrame.com\/catalogo\/wp-json\/wp\/v2\/product_cat?post=95778"},{"taxonomy":"product_tag","embeddable":true,"href":"https:\/\/letrame.com\/catalogo\/wp-json\/wp\/v2\/product_tag?post=95778"}],"curies":[{"name":"wp","href":"https:\/\/api.w.org\/{rel}","templated":true}]}}