{"id":95763,"date":"2024-04-18T13:19:08","date_gmt":"2024-04-18T11:19:08","guid":{"rendered":"https:\/\/letrame.com\/catalogo\/producto\/analepsis\/"},"modified":"2024-04-18T13:19:21","modified_gmt":"2024-04-18T11:19:21","slug":"analepsis","status":"publish","type":"product","link":"https:\/\/letrame.com\/catalogo\/producto\/analepsis\/","title":{"rendered":"Analepsis"},"content":{"rendered":"\n<p><strong>ISBN<\/strong>: 978-84-18468-04-9<br \/><strong>T\u00edtulo<\/strong>: Analepsis<br \/><strong>Fecha<\/strong>: 2020<br \/><strong>P\u00e1ginas<\/strong>:\u00a0266<\/p>\n\n\n\n<p><strong>SINOPSIS<\/strong><\/p>\n\n\n\n<p>Puto a\u00f1o 2020, una treinta\u00f1era aguerrida y deslenguada narra la forma uraniana en que cambi\u00f3 su vida. Beatriz, en el peor a\u00f1o de nuestra historia moderna, cuando las mascarillas cubr\u00edan el rostro de las personas de todo el planeta, consegu\u00eda arranc\u00e1rsela al amor y descubrir que en realidad siempre lo hab\u00eda tenido idealizado. Una historia de amor, desamor y destino en tiempos convulsos y extra\u00f1os. Una novela escrita bajo la influencia de los trastornos mentales que el confinamiento nos estaba provocando. No apta para lectores de libertad mental circuncidada o de gustos refinados. Pues no encontrar\u00e1n una Oda al amor, sino un \u00abaunque joda conocer la verdad resulta liberador\u00bb.<\/p>\n","protected":false},"excerpt":{"rendered":"<p><strong>ISBN: 978-84-18468-04-9<\/strong><\/p>\n<p>&nbsp;<\/p>\n<p>Puto a\u00f1o 2020, una treinta\u00f1era aguerrida y deslenguada narra la forma uraniana en que cambi\u00f3 su vida. Beatriz, en el peor a\u00f1o de nuestra historia moderna, cuando las mascarillas cubr\u00edan el rostro de las personas de todo el planeta, consegu\u00eda arranc\u00e1rsela al amor y descubrir que en realidad siempre lo hab\u00eda tenido idealizado. Una historia de amor, desamor y destino en tiempos convulsos y extra\u00f1os. Una novela escrita bajo la influencia de los trastornos mentales que el confinamiento nos estaba provocando. No apta para lectores de libertad mental circuncidada o de gustos refinados. Pues no encontrar\u00e1n una Oda al amor, sino un \u00abaunque joda conocer la verdad resulta liberador\u00bb.<\/p>\n","protected":false},"featured_media":95764,"comment_status":"closed","ping_status":"open","template":"","meta":{"_acf_changed":false},"libro":[],"product_brand":[],"product_cat":[16],"product_tag":[],"class_list":{"0":"post-95763","1":"product","2":"type-product","3":"status-publish","4":"has-post-thumbnail","6":"product_cat-novela","8":"first","9":"instock","10":"purchasable","11":"product-type-simple"},"acf":{"autor":[72924],"enlace_de_compra":""},"yoast_head":"<!-- This site is optimized with the Yoast SEO plugin v27.4 - https:\/\/yoast.com\/product\/yoast-seo-wordpress\/ -->\n<title>Analepsis - Catalogo | Letrame Grupo Editorial<\/title>\n<meta name=\"robots\" content=\"index, follow, max-snippet:-1, max-image-preview:large, max-video-preview:-1\" \/>\n<link rel=\"canonical\" href=\"https:\/\/letrame.com\/catalogo\/producto\/analepsis\/\" \/>\n<meta property=\"og:locale\" content=\"es_ES\" \/>\n<meta property=\"og:type\" content=\"article\" \/>\n<meta property=\"og:title\" content=\"Analepsis - Catalogo | Letrame Grupo Editorial\" \/>\n<meta property=\"og:description\" content=\"ISBN: 978-84-18468-04-9 &nbsp; Puto a\u00f1o 2020, una treinta\u00f1era aguerrida y deslenguada narra la forma uraniana en que cambi\u00f3 su vida. Beatriz, en el peor a\u00f1o de nuestra historia moderna, cuando las mascarillas cubr\u00edan el rostro de las personas de todo el planeta, consegu\u00eda arranc\u00e1rsela al amor y descubrir que en realidad siempre lo hab\u00eda tenido idealizado. Una historia de amor, desamor y destino en tiempos convulsos y extra\u00f1os. Una novela escrita bajo la influencia de los trastornos mentales que el confinamiento nos estaba provocando. No apta para lectores de libertad mental circuncidada o de gustos refinados. Pues no encontrar\u00e1n una Oda al amor, sino un \u00abaunque joda conocer la verdad resulta liberador\u00bb.\" \/>\n<meta property=\"og:url\" content=\"https:\/\/letrame.com\/catalogo\/producto\/analepsis\/\" \/>\n<meta property=\"og:site_name\" content=\"Catalogo | Letrame Grupo Editorial\" \/>\n<meta property=\"article:modified_time\" content=\"2024-04-18T11:19:21+00:00\" \/>\n<meta property=\"og:image\" content=\"https:\/\/letrame.com\/catalogo\/wp-content\/uploads\/2024\/04\/portada_analepsis_1337mm-compressed-2-scaled-1.jpg\" \/>\n\t<meta property=\"og:image:width\" content=\"1746\" \/>\n\t<meta property=\"og:image:height\" content=\"2560\" \/>\n\t<meta property=\"og:image:type\" content=\"image\/jpeg\" \/>\n<meta name=\"twitter:card\" content=\"summary_large_image\" \/>\n<meta name=\"twitter:label1\" content=\"Tiempo de lectura\" \/>\n\t<meta name=\"twitter:data1\" content=\"1 minuto\" \/>\n<script type=\"application\/ld+json\" class=\"yoast-schema-graph\">{\"@context\":\"https:\\\/\\\/schema.org\",\"@graph\":[{\"@type\":\"WebPage\",\"@id\":\"https:\\\/\\\/letrame.com\\\/catalogo\\\/producto\\\/analepsis\\\/\",\"url\":\"https:\\\/\\\/letrame.com\\\/catalogo\\\/producto\\\/analepsis\\\/\",\"name\":\"Analepsis - Catalogo | Letrame Grupo Editorial\",\"isPartOf\":{\"@id\":\"https:\\\/\\\/letrame.com\\\/catalogo\\\/#website\"},\"primaryImageOfPage\":{\"@id\":\"https:\\\/\\\/letrame.com\\\/catalogo\\\/producto\\\/analepsis\\\/#primaryimage\"},\"image\":{\"@id\":\"https:\\\/\\\/letrame.com\\\/catalogo\\\/producto\\\/analepsis\\\/#primaryimage\"},\"thumbnailUrl\":\"https:\\\/\\\/letrame.com\\\/catalogo\\\/wp-content\\\/uploads\\\/2024\\\/04\\\/portada_analepsis_1337mm-compressed-2-scaled-1.jpg\",\"datePublished\":\"2024-04-18T11:19:08+00:00\",\"dateModified\":\"2024-04-18T11:19:21+00:00\",\"breadcrumb\":{\"@id\":\"https:\\\/\\\/letrame.com\\\/catalogo\\\/producto\\\/analepsis\\\/#breadcrumb\"},\"inLanguage\":\"es\",\"potentialAction\":[{\"@type\":\"ReadAction\",\"target\":[\"https:\\\/\\\/letrame.com\\\/catalogo\\\/producto\\\/analepsis\\\/\"]}]},{\"@type\":\"ImageObject\",\"inLanguage\":\"es\",\"@id\":\"https:\\\/\\\/letrame.com\\\/catalogo\\\/producto\\\/analepsis\\\/#primaryimage\",\"url\":\"https:\\\/\\\/letrame.com\\\/catalogo\\\/wp-content\\\/uploads\\\/2024\\\/04\\\/portada_analepsis_1337mm-compressed-2-scaled-1.jpg\",\"contentUrl\":\"https:\\\/\\\/letrame.com\\\/catalogo\\\/wp-content\\\/uploads\\\/2024\\\/04\\\/portada_analepsis_1337mm-compressed-2-scaled-1.jpg\",\"width\":1746,\"height\":2560},{\"@type\":\"BreadcrumbList\",\"@id\":\"https:\\\/\\\/letrame.com\\\/catalogo\\\/producto\\\/analepsis\\\/#breadcrumb\",\"itemListElement\":[{\"@type\":\"ListItem\",\"position\":1,\"name\":\"Portada\",\"item\":\"https:\\\/\\\/letrame.com\\\/catalogo\\\/\"},{\"@type\":\"ListItem\",\"position\":2,\"name\":\"Cat\u00e1logo\",\"item\":\"https:\\\/\\\/letrame.com\\\/catalogo\\\/\"},{\"@type\":\"ListItem\",\"position\":3,\"name\":\"Analepsis\"}]},{\"@type\":\"WebSite\",\"@id\":\"https:\\\/\\\/letrame.com\\\/catalogo\\\/#website\",\"url\":\"https:\\\/\\\/letrame.com\\\/catalogo\\\/\",\"name\":\"Catalogo | Letrame Grupo Editorial\",\"description\":\"\",\"publisher\":{\"@id\":\"https:\\\/\\\/letrame.com\\\/catalogo\\\/#organization\"},\"potentialAction\":[{\"@type\":\"SearchAction\",\"target\":{\"@type\":\"EntryPoint\",\"urlTemplate\":\"https:\\\/\\\/letrame.com\\\/catalogo\\\/?s={search_term_string}\"},\"query-input\":{\"@type\":\"PropertyValueSpecification\",\"valueRequired\":true,\"valueName\":\"search_term_string\"}}],\"inLanguage\":\"es\"},{\"@type\":\"Organization\",\"@id\":\"https:\\\/\\\/letrame.com\\\/catalogo\\\/#organization\",\"name\":\"Catalogo | Letrame Grupo Editorial\",\"url\":\"https:\\\/\\\/letrame.com\\\/catalogo\\\/\",\"logo\":{\"@type\":\"ImageObject\",\"inLanguage\":\"es\",\"@id\":\"https:\\\/\\\/letrame.com\\\/catalogo\\\/#\\\/schema\\\/logo\\\/image\\\/\",\"url\":\"https:\\\/\\\/letrame.com\\\/catalogo\\\/wp-content\\\/uploads\\\/2024\\\/03\\\/logo2.webp\",\"contentUrl\":\"https:\\\/\\\/letrame.com\\\/catalogo\\\/wp-content\\\/uploads\\\/2024\\\/03\\\/logo2.webp\",\"width\":394,\"height\":128,\"caption\":\"Catalogo | Letrame Grupo Editorial\"},\"image\":{\"@id\":\"https:\\\/\\\/letrame.com\\\/catalogo\\\/#\\\/schema\\\/logo\\\/image\\\/\"}}]}<\/script>\n<!-- \/ Yoast SEO plugin. -->","yoast_head_json":{"title":"Analepsis - Catalogo | Letrame Grupo Editorial","robots":{"index":"index","follow":"follow","max-snippet":"max-snippet:-1","max-image-preview":"max-image-preview:large","max-video-preview":"max-video-preview:-1"},"canonical":"https:\/\/letrame.com\/catalogo\/producto\/analepsis\/","og_locale":"es_ES","og_type":"article","og_title":"Analepsis - Catalogo | Letrame Grupo Editorial","og_description":"ISBN: 978-84-18468-04-9 &nbsp; Puto a\u00f1o 2020, una treinta\u00f1era aguerrida y deslenguada narra la forma uraniana en que cambi\u00f3 su vida. Beatriz, en el peor a\u00f1o de nuestra historia moderna, cuando las mascarillas cubr\u00edan el rostro de las personas de todo el planeta, consegu\u00eda arranc\u00e1rsela al amor y descubrir que en realidad siempre lo hab\u00eda tenido idealizado. Una historia de amor, desamor y destino en tiempos convulsos y extra\u00f1os. Una novela escrita bajo la influencia de los trastornos mentales que el confinamiento nos estaba provocando. No apta para lectores de libertad mental circuncidada o de gustos refinados. Pues no encontrar\u00e1n una Oda al amor, sino un \u00abaunque joda conocer la verdad resulta liberador\u00bb.","og_url":"https:\/\/letrame.com\/catalogo\/producto\/analepsis\/","og_site_name":"Catalogo | Letrame Grupo Editorial","article_modified_time":"2024-04-18T11:19:21+00:00","og_image":[{"width":1746,"height":2560,"url":"https:\/\/letrame.com\/catalogo\/wp-content\/uploads\/2024\/04\/portada_analepsis_1337mm-compressed-2-scaled-1.jpg","type":"image\/jpeg"}],"twitter_card":"summary_large_image","twitter_misc":{"Tiempo de lectura":"1 minuto"},"schema":{"@context":"https:\/\/schema.org","@graph":[{"@type":"WebPage","@id":"https:\/\/letrame.com\/catalogo\/producto\/analepsis\/","url":"https:\/\/letrame.com\/catalogo\/producto\/analepsis\/","name":"Analepsis - Catalogo | Letrame Grupo Editorial","isPartOf":{"@id":"https:\/\/letrame.com\/catalogo\/#website"},"primaryImageOfPage":{"@id":"https:\/\/letrame.com\/catalogo\/producto\/analepsis\/#primaryimage"},"image":{"@id":"https:\/\/letrame.com\/catalogo\/producto\/analepsis\/#primaryimage"},"thumbnailUrl":"https:\/\/letrame.com\/catalogo\/wp-content\/uploads\/2024\/04\/portada_analepsis_1337mm-compressed-2-scaled-1.jpg","datePublished":"2024-04-18T11:19:08+00:00","dateModified":"2024-04-18T11:19:21+00:00","breadcrumb":{"@id":"https:\/\/letrame.com\/catalogo\/producto\/analepsis\/#breadcrumb"},"inLanguage":"es","potentialAction":[{"@type":"ReadAction","target":["https:\/\/letrame.com\/catalogo\/producto\/analepsis\/"]}]},{"@type":"ImageObject","inLanguage":"es","@id":"https:\/\/letrame.com\/catalogo\/producto\/analepsis\/#primaryimage","url":"https:\/\/letrame.com\/catalogo\/wp-content\/uploads\/2024\/04\/portada_analepsis_1337mm-compressed-2-scaled-1.jpg","contentUrl":"https:\/\/letrame.com\/catalogo\/wp-content\/uploads\/2024\/04\/portada_analepsis_1337mm-compressed-2-scaled-1.jpg","width":1746,"height":2560},{"@type":"BreadcrumbList","@id":"https:\/\/letrame.com\/catalogo\/producto\/analepsis\/#breadcrumb","itemListElement":[{"@type":"ListItem","position":1,"name":"Portada","item":"https:\/\/letrame.com\/catalogo\/"},{"@type":"ListItem","position":2,"name":"Cat\u00e1logo","item":"https:\/\/letrame.com\/catalogo\/"},{"@type":"ListItem","position":3,"name":"Analepsis"}]},{"@type":"WebSite","@id":"https:\/\/letrame.com\/catalogo\/#website","url":"https:\/\/letrame.com\/catalogo\/","name":"Catalogo | Letrame Grupo Editorial","description":"","publisher":{"@id":"https:\/\/letrame.com\/catalogo\/#organization"},"potentialAction":[{"@type":"SearchAction","target":{"@type":"EntryPoint","urlTemplate":"https:\/\/letrame.com\/catalogo\/?s={search_term_string}"},"query-input":{"@type":"PropertyValueSpecification","valueRequired":true,"valueName":"search_term_string"}}],"inLanguage":"es"},{"@type":"Organization","@id":"https:\/\/letrame.com\/catalogo\/#organization","name":"Catalogo | Letrame Grupo Editorial","url":"https:\/\/letrame.com\/catalogo\/","logo":{"@type":"ImageObject","inLanguage":"es","@id":"https:\/\/letrame.com\/catalogo\/#\/schema\/logo\/image\/","url":"https:\/\/letrame.com\/catalogo\/wp-content\/uploads\/2024\/03\/logo2.webp","contentUrl":"https:\/\/letrame.com\/catalogo\/wp-content\/uploads\/2024\/03\/logo2.webp","width":394,"height":128,"caption":"Catalogo | Letrame Grupo Editorial"},"image":{"@id":"https:\/\/letrame.com\/catalogo\/#\/schema\/logo\/image\/"}}]}},"_links":{"self":[{"href":"https:\/\/letrame.com\/catalogo\/wp-json\/wp\/v2\/product\/95763","targetHints":{"allow":["GET"]}}],"collection":[{"href":"https:\/\/letrame.com\/catalogo\/wp-json\/wp\/v2\/product"}],"about":[{"href":"https:\/\/letrame.com\/catalogo\/wp-json\/wp\/v2\/types\/product"}],"replies":[{"embeddable":true,"href":"https:\/\/letrame.com\/catalogo\/wp-json\/wp\/v2\/comments?post=95763"}],"acf:post":[{"embeddable":true,"href":"https:\/\/letrame.com\/catalogo\/wp-json\/wp\/v2\/author_book\/72924"}],"wp:featuredmedia":[{"embeddable":true,"href":"https:\/\/letrame.com\/catalogo\/wp-json\/wp\/v2\/media\/95764"}],"wp:attachment":[{"href":"https:\/\/letrame.com\/catalogo\/wp-json\/wp\/v2\/media?parent=95763"}],"wp:term":[{"taxonomy":"libro","embeddable":true,"href":"https:\/\/letrame.com\/catalogo\/wp-json\/wp\/v2\/libro?post=95763"},{"taxonomy":"product_brand","embeddable":true,"href":"https:\/\/letrame.com\/catalogo\/wp-json\/wp\/v2\/product_brand?post=95763"},{"taxonomy":"product_cat","embeddable":true,"href":"https:\/\/letrame.com\/catalogo\/wp-json\/wp\/v2\/product_cat?post=95763"},{"taxonomy":"product_tag","embeddable":true,"href":"https:\/\/letrame.com\/catalogo\/wp-json\/wp\/v2\/product_tag?post=95763"}],"curies":[{"name":"wp","href":"https:\/\/api.w.org\/{rel}","templated":true}]}}