{"id":95711,"date":"2024-04-18T13:13:10","date_gmt":"2024-04-18T11:13:10","guid":{"rendered":"https:\/\/letrame.com\/catalogo\/producto\/turno-de-recreo\/"},"modified":"2024-05-15T14:51:13","modified_gmt":"2024-05-15T12:51:13","slug":"turno-de-recreo","status":"publish","type":"product","link":"https:\/\/letrame.com\/catalogo\/producto\/turno-de-recreo\/","title":{"rendered":"Turno de recreo"},"content":{"rendered":"\r\n<p><strong>ISBN<\/strong>: 978-84-18468-02-5<br \/><strong>T\u00edtulo<\/strong>: Turno de recreo<br \/><strong>Fecha<\/strong>: 2020<br \/><strong>P\u00e1ginas<\/strong>:\u00a0184<\/p>\r\n\r\n\r\n\r\n<p><strong>SINOPSIS<\/strong><\/p>\r\n\r\n\r\n\r\n<p>Estaba Dante condenado a vagar eternamente por el infierno buscando as\u00ed expiar sus pecados, los siete pecados capitales. Los mismos siete pecados que como una pesada losa arrastra en su deambular, un mundo educativo instalado desde hace tiempo en una continua huida sin sentido.<\/p>\r\n\r\n\r\n\r\n<p>La sobrecogedora \u00abIra\u00bb del Bullying, la \u00abAvaricia\u00bb de los programas biling\u00fces todo a cien, la \u00abLujuria\u00bb de los Pines Parentales, la \u00abPereza\u00bb educativa de los padres permisivos, la \u00abSoberbia\u00bb de los docentes <em>Teacher Prize<\/em>, la \u00abGula\u00bb de la constantemente exigida <em>titulitis<\/em> o la \u00abEnvidia\u00bb hacia los modelos educativos n\u00f3rdicos.<\/p>\r\n\r\n\r\n\r\n<p>La realidad de un mundo, el de la educaci\u00f3n, vista y contada desde dentro, no solo desde las aulas sino tambi\u00e9n desde el sal\u00f3n de nuestras casas, como padre y maestro. Analizada desde la sencillez de lo cotidiano, del d\u00eda a d\u00eda, sin adornos ni florituras, sin otro inter\u00e9s que dar visibilidad con un poco de humor e iron\u00eda a algo tan vital en nuestras vidas como es la educaci\u00f3n de nuestros alumnos e hijos.<\/p>\r\n\r\n\r\n\r\n<p>&nbsp;<\/p>\r\n","protected":false},"excerpt":{"rendered":"<p><strong>ISBN: 978-84-18468-02-5<\/strong><\/p>\n<p>Estaba Dante condenado a vagar eternamente por el infierno buscando as\u00ed expiar sus pecados, los siete pecados capitales. Los mismos siete pecados que como una pesada losa arrastra en su deambular, un mundo educativo instalado desde hace tiempo en una continua huida sin sentido.<\/p>\n","protected":false},"featured_media":95731,"comment_status":"closed","ping_status":"closed","template":"","meta":{"_acf_changed":false},"libro":[],"product_brand":[],"product_cat":[22,23,21],"product_tag":[],"class_list":{"0":"post-95711","1":"product","2":"type-product","3":"status-publish","4":"has-post-thumbnail","6":"product_cat-docencia","7":"product_cat-ensayos","8":"product_cat-relato","10":"first","11":"instock","12":"purchasable","13":"product-type-simple"},"acf":{"autor":[74465],"enlace_de_compra":"https:\/\/www.amazon.es\/Turno-recreo-pecados-capitales-educaci%C3%B3n\/dp\/8418468025\/ref=sr_1_1?__mk_es_ES=%C3%85M%C3%85%C5%BD%C3%95%C3%91&amp&dchild=1&amp&keywords=turno+de+recreo&amp&qid=1597238188&amp&sr=8-1"},"yoast_head":"<!-- This site is optimized with the Yoast SEO plugin v27.4 - https:\/\/yoast.com\/product\/yoast-seo-wordpress\/ -->\n<title>Turno de recreo - Catalogo | Letrame Grupo Editorial<\/title>\n<meta name=\"robots\" content=\"index, follow, max-snippet:-1, max-image-preview:large, max-video-preview:-1\" \/>\n<link rel=\"canonical\" href=\"https:\/\/letrame.com\/catalogo\/producto\/turno-de-recreo\/\" \/>\n<meta property=\"og:locale\" content=\"es_ES\" \/>\n<meta property=\"og:type\" content=\"article\" \/>\n<meta property=\"og:title\" content=\"Turno de recreo - Catalogo | Letrame Grupo Editorial\" \/>\n<meta property=\"og:description\" content=\"ISBN: 978-84-18468-02-5 Estaba Dante condenado a vagar eternamente por el infierno buscando as\u00ed expiar sus pecados, los siete pecados capitales. Los mismos siete pecados que como una pesada losa arrastra en su deambular, un mundo educativo instalado desde hace tiempo en una continua huida sin sentido.\" \/>\n<meta property=\"og:url\" content=\"https:\/\/letrame.com\/catalogo\/producto\/turno-de-recreo\/\" \/>\n<meta property=\"og:site_name\" content=\"Catalogo | Letrame Grupo Editorial\" \/>\n<meta property=\"article:modified_time\" content=\"2024-05-15T12:51:13+00:00\" \/>\n<meta property=\"og:image\" content=\"https:\/\/letrame.com\/catalogo\/wp-content\/uploads\/2024\/04\/turnoderecreo-segundaedicion.png\" \/>\n\t<meta property=\"og:image:width\" content=\"469\" \/>\n\t<meta property=\"og:image:height\" content=\"851\" \/>\n\t<meta property=\"og:image:type\" content=\"image\/png\" \/>\n<meta name=\"twitter:card\" content=\"summary_large_image\" \/>\n<meta name=\"twitter:label1\" content=\"Tiempo de lectura\" \/>\n\t<meta name=\"twitter:data1\" content=\"1 minuto\" \/>\n<script type=\"application\/ld+json\" class=\"yoast-schema-graph\">{\"@context\":\"https:\\\/\\\/schema.org\",\"@graph\":[{\"@type\":\"WebPage\",\"@id\":\"https:\\\/\\\/letrame.com\\\/catalogo\\\/producto\\\/turno-de-recreo\\\/\",\"url\":\"https:\\\/\\\/letrame.com\\\/catalogo\\\/producto\\\/turno-de-recreo\\\/\",\"name\":\"Turno de recreo - Catalogo | Letrame Grupo Editorial\",\"isPartOf\":{\"@id\":\"https:\\\/\\\/letrame.com\\\/catalogo\\\/#website\"},\"primaryImageOfPage\":{\"@id\":\"https:\\\/\\\/letrame.com\\\/catalogo\\\/producto\\\/turno-de-recreo\\\/#primaryimage\"},\"image\":{\"@id\":\"https:\\\/\\\/letrame.com\\\/catalogo\\\/producto\\\/turno-de-recreo\\\/#primaryimage\"},\"thumbnailUrl\":\"https:\\\/\\\/letrame.com\\\/catalogo\\\/wp-content\\\/uploads\\\/2024\\\/04\\\/turnoderecreo-segundaedicion.png\",\"datePublished\":\"2024-04-18T11:13:10+00:00\",\"dateModified\":\"2024-05-15T12:51:13+00:00\",\"breadcrumb\":{\"@id\":\"https:\\\/\\\/letrame.com\\\/catalogo\\\/producto\\\/turno-de-recreo\\\/#breadcrumb\"},\"inLanguage\":\"es\",\"potentialAction\":[{\"@type\":\"ReadAction\",\"target\":[\"https:\\\/\\\/letrame.com\\\/catalogo\\\/producto\\\/turno-de-recreo\\\/\"]}]},{\"@type\":\"ImageObject\",\"inLanguage\":\"es\",\"@id\":\"https:\\\/\\\/letrame.com\\\/catalogo\\\/producto\\\/turno-de-recreo\\\/#primaryimage\",\"url\":\"https:\\\/\\\/letrame.com\\\/catalogo\\\/wp-content\\\/uploads\\\/2024\\\/04\\\/turnoderecreo-segundaedicion.png\",\"contentUrl\":\"https:\\\/\\\/letrame.com\\\/catalogo\\\/wp-content\\\/uploads\\\/2024\\\/04\\\/turnoderecreo-segundaedicion.png\",\"width\":469,\"height\":851},{\"@type\":\"BreadcrumbList\",\"@id\":\"https:\\\/\\\/letrame.com\\\/catalogo\\\/producto\\\/turno-de-recreo\\\/#breadcrumb\",\"itemListElement\":[{\"@type\":\"ListItem\",\"position\":1,\"name\":\"Portada\",\"item\":\"https:\\\/\\\/letrame.com\\\/catalogo\\\/\"},{\"@type\":\"ListItem\",\"position\":2,\"name\":\"Cat\u00e1logo\",\"item\":\"https:\\\/\\\/letrame.com\\\/catalogo\\\/\"},{\"@type\":\"ListItem\",\"position\":3,\"name\":\"Turno de recreo\"}]},{\"@type\":\"WebSite\",\"@id\":\"https:\\\/\\\/letrame.com\\\/catalogo\\\/#website\",\"url\":\"https:\\\/\\\/letrame.com\\\/catalogo\\\/\",\"name\":\"Catalogo | Letrame Grupo Editorial\",\"description\":\"\",\"publisher\":{\"@id\":\"https:\\\/\\\/letrame.com\\\/catalogo\\\/#organization\"},\"potentialAction\":[{\"@type\":\"SearchAction\",\"target\":{\"@type\":\"EntryPoint\",\"urlTemplate\":\"https:\\\/\\\/letrame.com\\\/catalogo\\\/?s={search_term_string}\"},\"query-input\":{\"@type\":\"PropertyValueSpecification\",\"valueRequired\":true,\"valueName\":\"search_term_string\"}}],\"inLanguage\":\"es\"},{\"@type\":\"Organization\",\"@id\":\"https:\\\/\\\/letrame.com\\\/catalogo\\\/#organization\",\"name\":\"Catalogo | Letrame Grupo Editorial\",\"url\":\"https:\\\/\\\/letrame.com\\\/catalogo\\\/\",\"logo\":{\"@type\":\"ImageObject\",\"inLanguage\":\"es\",\"@id\":\"https:\\\/\\\/letrame.com\\\/catalogo\\\/#\\\/schema\\\/logo\\\/image\\\/\",\"url\":\"https:\\\/\\\/letrame.com\\\/catalogo\\\/wp-content\\\/uploads\\\/2024\\\/03\\\/logo2.webp\",\"contentUrl\":\"https:\\\/\\\/letrame.com\\\/catalogo\\\/wp-content\\\/uploads\\\/2024\\\/03\\\/logo2.webp\",\"width\":394,\"height\":128,\"caption\":\"Catalogo | Letrame Grupo Editorial\"},\"image\":{\"@id\":\"https:\\\/\\\/letrame.com\\\/catalogo\\\/#\\\/schema\\\/logo\\\/image\\\/\"}}]}<\/script>\n<!-- \/ Yoast SEO plugin. -->","yoast_head_json":{"title":"Turno de recreo - Catalogo | Letrame Grupo Editorial","robots":{"index":"index","follow":"follow","max-snippet":"max-snippet:-1","max-image-preview":"max-image-preview:large","max-video-preview":"max-video-preview:-1"},"canonical":"https:\/\/letrame.com\/catalogo\/producto\/turno-de-recreo\/","og_locale":"es_ES","og_type":"article","og_title":"Turno de recreo - Catalogo | Letrame Grupo Editorial","og_description":"ISBN: 978-84-18468-02-5 Estaba Dante condenado a vagar eternamente por el infierno buscando as\u00ed expiar sus pecados, los siete pecados capitales. Los mismos siete pecados que como una pesada losa arrastra en su deambular, un mundo educativo instalado desde hace tiempo en una continua huida sin sentido.","og_url":"https:\/\/letrame.com\/catalogo\/producto\/turno-de-recreo\/","og_site_name":"Catalogo | Letrame Grupo Editorial","article_modified_time":"2024-05-15T12:51:13+00:00","og_image":[{"width":469,"height":851,"url":"https:\/\/letrame.com\/catalogo\/wp-content\/uploads\/2024\/04\/turnoderecreo-segundaedicion.png","type":"image\/png"}],"twitter_card":"summary_large_image","twitter_misc":{"Tiempo de lectura":"1 minuto"},"schema":{"@context":"https:\/\/schema.org","@graph":[{"@type":"WebPage","@id":"https:\/\/letrame.com\/catalogo\/producto\/turno-de-recreo\/","url":"https:\/\/letrame.com\/catalogo\/producto\/turno-de-recreo\/","name":"Turno de recreo - Catalogo | Letrame Grupo Editorial","isPartOf":{"@id":"https:\/\/letrame.com\/catalogo\/#website"},"primaryImageOfPage":{"@id":"https:\/\/letrame.com\/catalogo\/producto\/turno-de-recreo\/#primaryimage"},"image":{"@id":"https:\/\/letrame.com\/catalogo\/producto\/turno-de-recreo\/#primaryimage"},"thumbnailUrl":"https:\/\/letrame.com\/catalogo\/wp-content\/uploads\/2024\/04\/turnoderecreo-segundaedicion.png","datePublished":"2024-04-18T11:13:10+00:00","dateModified":"2024-05-15T12:51:13+00:00","breadcrumb":{"@id":"https:\/\/letrame.com\/catalogo\/producto\/turno-de-recreo\/#breadcrumb"},"inLanguage":"es","potentialAction":[{"@type":"ReadAction","target":["https:\/\/letrame.com\/catalogo\/producto\/turno-de-recreo\/"]}]},{"@type":"ImageObject","inLanguage":"es","@id":"https:\/\/letrame.com\/catalogo\/producto\/turno-de-recreo\/#primaryimage","url":"https:\/\/letrame.com\/catalogo\/wp-content\/uploads\/2024\/04\/turnoderecreo-segundaedicion.png","contentUrl":"https:\/\/letrame.com\/catalogo\/wp-content\/uploads\/2024\/04\/turnoderecreo-segundaedicion.png","width":469,"height":851},{"@type":"BreadcrumbList","@id":"https:\/\/letrame.com\/catalogo\/producto\/turno-de-recreo\/#breadcrumb","itemListElement":[{"@type":"ListItem","position":1,"name":"Portada","item":"https:\/\/letrame.com\/catalogo\/"},{"@type":"ListItem","position":2,"name":"Cat\u00e1logo","item":"https:\/\/letrame.com\/catalogo\/"},{"@type":"ListItem","position":3,"name":"Turno de recreo"}]},{"@type":"WebSite","@id":"https:\/\/letrame.com\/catalogo\/#website","url":"https:\/\/letrame.com\/catalogo\/","name":"Catalogo | Letrame Grupo Editorial","description":"","publisher":{"@id":"https:\/\/letrame.com\/catalogo\/#organization"},"potentialAction":[{"@type":"SearchAction","target":{"@type":"EntryPoint","urlTemplate":"https:\/\/letrame.com\/catalogo\/?s={search_term_string}"},"query-input":{"@type":"PropertyValueSpecification","valueRequired":true,"valueName":"search_term_string"}}],"inLanguage":"es"},{"@type":"Organization","@id":"https:\/\/letrame.com\/catalogo\/#organization","name":"Catalogo | Letrame Grupo Editorial","url":"https:\/\/letrame.com\/catalogo\/","logo":{"@type":"ImageObject","inLanguage":"es","@id":"https:\/\/letrame.com\/catalogo\/#\/schema\/logo\/image\/","url":"https:\/\/letrame.com\/catalogo\/wp-content\/uploads\/2024\/03\/logo2.webp","contentUrl":"https:\/\/letrame.com\/catalogo\/wp-content\/uploads\/2024\/03\/logo2.webp","width":394,"height":128,"caption":"Catalogo | Letrame Grupo Editorial"},"image":{"@id":"https:\/\/letrame.com\/catalogo\/#\/schema\/logo\/image\/"}}]}},"_links":{"self":[{"href":"https:\/\/letrame.com\/catalogo\/wp-json\/wp\/v2\/product\/95711","targetHints":{"allow":["GET"]}}],"collection":[{"href":"https:\/\/letrame.com\/catalogo\/wp-json\/wp\/v2\/product"}],"about":[{"href":"https:\/\/letrame.com\/catalogo\/wp-json\/wp\/v2\/types\/product"}],"replies":[{"embeddable":true,"href":"https:\/\/letrame.com\/catalogo\/wp-json\/wp\/v2\/comments?post=95711"}],"acf:post":[{"embeddable":true,"href":"https:\/\/letrame.com\/catalogo\/wp-json\/wp\/v2\/author_book\/74465"}],"wp:featuredmedia":[{"embeddable":true,"href":"https:\/\/letrame.com\/catalogo\/wp-json\/wp\/v2\/media\/95731"}],"wp:attachment":[{"href":"https:\/\/letrame.com\/catalogo\/wp-json\/wp\/v2\/media?parent=95711"}],"wp:term":[{"taxonomy":"libro","embeddable":true,"href":"https:\/\/letrame.com\/catalogo\/wp-json\/wp\/v2\/libro?post=95711"},{"taxonomy":"product_brand","embeddable":true,"href":"https:\/\/letrame.com\/catalogo\/wp-json\/wp\/v2\/product_brand?post=95711"},{"taxonomy":"product_cat","embeddable":true,"href":"https:\/\/letrame.com\/catalogo\/wp-json\/wp\/v2\/product_cat?post=95711"},{"taxonomy":"product_tag","embeddable":true,"href":"https:\/\/letrame.com\/catalogo\/wp-json\/wp\/v2\/product_tag?post=95711"}],"curies":[{"name":"wp","href":"https:\/\/api.w.org\/{rel}","templated":true}]}}