{"id":95705,"date":"2024-04-18T13:12:36","date_gmt":"2024-04-18T11:12:36","guid":{"rendered":"https:\/\/letrame.com\/catalogo\/producto\/la-metodologia-de-wyckoff\/"},"modified":"2024-04-18T13:12:47","modified_gmt":"2024-04-18T11:12:47","slug":"la-metodologia-de-wyckoff","status":"publish","type":"product","link":"https:\/\/letrame.com\/catalogo\/producto\/la-metodologia-de-wyckoff\/","title":{"rendered":"La metodolog\u00eda de Wyckoff"},"content":{"rendered":"\n<p><strong>ISBN<\/strong>: 978-84-18398-26-1<br><strong>T\u00edtulo<\/strong>: La metodolog\u00eda de Wyckoff<br><strong>Fecha<\/strong>: 2020<br><strong>P\u00e1ginas<\/strong>:&nbsp;268<\/p>\n\n\n\n<p><strong>SINOPSIS<\/strong><\/p>\n\n\n\n<p><em>La metodolog\u00eda Wyckoff<\/em> es un enfoque de an\u00e1lisis t\u00e9cnico para operar en los mercados financieros que se basa en el estudio de la relaci\u00f3n entre las fuerzas de la oferta y la demanda.<\/p>\n\n\n\n<p>El planteamiento es simple: cuando los grandes operadores quieren comprar o vender un activo llevan a cabo unos procesos los cuales dejan una serie de huellas observables en los gr\u00e1ficos a trav\u00e9s del precio y el volumen.<\/p>\n\n\n\n<p>Nuestra tarea como operadores es identificar esa intervenci\u00f3n del profesional para intentar dilucidar qui\u00e9n tiene el control del mercado y hacia d\u00f3nde es m\u00e1s probable que se dirija el precio.<\/p>\n\n\n\n<p>A trav\u00e9s de este libro descubrir\u00e1s una serie de herramientas anal\u00edticas que te permitir\u00e1n hacer an\u00e1lisis juiciosos del contexto del mercado, plantear s\u00f3lidos escenarios y hacer una gesti\u00f3n de la posici\u00f3n totalmente eficiente.<\/p>\n","protected":false},"excerpt":{"rendered":"<p><strong>ISBN: 978-84-18398-26-1<\/strong><\/p>\n<p><em data-rich-text-format-boundary=\"true\">La metodolog\u00eda Wyckoff<\/em> es un enfoque de an\u00e1lisis t\u00e9cnico para operar en los mercados financieros que se basa en el estudio de la relaci\u00f3n entre las fuerzas de la oferta y la demanda.<\/p>\n","protected":false},"featured_media":95706,"comment_status":"closed","ping_status":"open","template":"","meta":{"_acf_changed":false},"libro":[],"product_brand":[],"product_cat":[22,23],"product_tag":[],"class_list":{"0":"post-95705","1":"product","2":"type-product","3":"status-publish","4":"has-post-thumbnail","6":"product_cat-docencia","7":"product_cat-ensayos","9":"first","10":"instock","11":"purchasable","12":"product-type-simple"},"acf":{"autor":[74459],"enlace_de_compra":"https:\/\/www.amazon.es\/dp\/8418398264\/ref=as_li_ss_tl?ie=UTF8&linkCode=sl1&tag=rubenvillac-21&linkId=eadf60529017ae18a05774eebd87d63a&language=es_ES"},"yoast_head":"<!-- This site is optimized with the Yoast SEO plugin v27.4 - https:\/\/yoast.com\/product\/yoast-seo-wordpress\/ -->\n<title>La metodolog\u00eda de Wyckoff - Catalogo | Letrame Grupo Editorial<\/title>\n<meta name=\"robots\" content=\"index, follow, max-snippet:-1, max-image-preview:large, max-video-preview:-1\" \/>\n<link rel=\"canonical\" href=\"https:\/\/letrame.com\/catalogo\/producto\/la-metodologia-de-wyckoff\/\" \/>\n<meta property=\"og:locale\" content=\"es_ES\" \/>\n<meta property=\"og:type\" content=\"article\" \/>\n<meta property=\"og:title\" content=\"La metodolog\u00eda de Wyckoff - Catalogo | Letrame Grupo Editorial\" \/>\n<meta property=\"og:description\" content=\"ISBN: 978-84-18398-26-1 La metodolog\u00eda Wyckoff es un enfoque de an\u00e1lisis t\u00e9cnico para operar en los mercados financieros que se basa en el estudio de la relaci\u00f3n entre las fuerzas de la oferta y la demanda.\" \/>\n<meta property=\"og:url\" content=\"https:\/\/letrame.com\/catalogo\/producto\/la-metodologia-de-wyckoff\/\" \/>\n<meta property=\"og:site_name\" content=\"Catalogo | Letrame Grupo Editorial\" \/>\n<meta property=\"article:modified_time\" content=\"2024-04-18T11:12:47+00:00\" \/>\n<meta property=\"og:image\" content=\"https:\/\/letrame.com\/catalogo\/wp-content\/uploads\/2024\/04\/portada_lametodologia_1328mm-compressed-scaled-1.jpg\" \/>\n\t<meta property=\"og:image:width\" content=\"1746\" \/>\n\t<meta property=\"og:image:height\" content=\"2560\" \/>\n\t<meta property=\"og:image:type\" content=\"image\/jpeg\" \/>\n<meta name=\"twitter:card\" content=\"summary_large_image\" \/>\n<meta name=\"twitter:label1\" content=\"Tiempo de lectura\" \/>\n\t<meta name=\"twitter:data1\" content=\"1 minuto\" \/>\n<script type=\"application\/ld+json\" class=\"yoast-schema-graph\">{\"@context\":\"https:\\\/\\\/schema.org\",\"@graph\":[{\"@type\":\"WebPage\",\"@id\":\"https:\\\/\\\/letrame.com\\\/catalogo\\\/producto\\\/la-metodologia-de-wyckoff\\\/\",\"url\":\"https:\\\/\\\/letrame.com\\\/catalogo\\\/producto\\\/la-metodologia-de-wyckoff\\\/\",\"name\":\"La metodolog\u00eda de Wyckoff - Catalogo | Letrame Grupo Editorial\",\"isPartOf\":{\"@id\":\"https:\\\/\\\/letrame.com\\\/catalogo\\\/#website\"},\"primaryImageOfPage\":{\"@id\":\"https:\\\/\\\/letrame.com\\\/catalogo\\\/producto\\\/la-metodologia-de-wyckoff\\\/#primaryimage\"},\"image\":{\"@id\":\"https:\\\/\\\/letrame.com\\\/catalogo\\\/producto\\\/la-metodologia-de-wyckoff\\\/#primaryimage\"},\"thumbnailUrl\":\"https:\\\/\\\/letrame.com\\\/catalogo\\\/wp-content\\\/uploads\\\/2024\\\/04\\\/portada_lametodologia_1328mm-compressed-scaled-1.jpg\",\"datePublished\":\"2024-04-18T11:12:36+00:00\",\"dateModified\":\"2024-04-18T11:12:47+00:00\",\"breadcrumb\":{\"@id\":\"https:\\\/\\\/letrame.com\\\/catalogo\\\/producto\\\/la-metodologia-de-wyckoff\\\/#breadcrumb\"},\"inLanguage\":\"es\",\"potentialAction\":[{\"@type\":\"ReadAction\",\"target\":[\"https:\\\/\\\/letrame.com\\\/catalogo\\\/producto\\\/la-metodologia-de-wyckoff\\\/\"]}]},{\"@type\":\"ImageObject\",\"inLanguage\":\"es\",\"@id\":\"https:\\\/\\\/letrame.com\\\/catalogo\\\/producto\\\/la-metodologia-de-wyckoff\\\/#primaryimage\",\"url\":\"https:\\\/\\\/letrame.com\\\/catalogo\\\/wp-content\\\/uploads\\\/2024\\\/04\\\/portada_lametodologia_1328mm-compressed-scaled-1.jpg\",\"contentUrl\":\"https:\\\/\\\/letrame.com\\\/catalogo\\\/wp-content\\\/uploads\\\/2024\\\/04\\\/portada_lametodologia_1328mm-compressed-scaled-1.jpg\",\"width\":1746,\"height\":2560},{\"@type\":\"BreadcrumbList\",\"@id\":\"https:\\\/\\\/letrame.com\\\/catalogo\\\/producto\\\/la-metodologia-de-wyckoff\\\/#breadcrumb\",\"itemListElement\":[{\"@type\":\"ListItem\",\"position\":1,\"name\":\"Portada\",\"item\":\"https:\\\/\\\/letrame.com\\\/catalogo\\\/\"},{\"@type\":\"ListItem\",\"position\":2,\"name\":\"Cat\u00e1logo\",\"item\":\"https:\\\/\\\/letrame.com\\\/catalogo\\\/\"},{\"@type\":\"ListItem\",\"position\":3,\"name\":\"La metodolog\u00eda de Wyckoff\"}]},{\"@type\":\"WebSite\",\"@id\":\"https:\\\/\\\/letrame.com\\\/catalogo\\\/#website\",\"url\":\"https:\\\/\\\/letrame.com\\\/catalogo\\\/\",\"name\":\"Catalogo | Letrame Grupo Editorial\",\"description\":\"\",\"publisher\":{\"@id\":\"https:\\\/\\\/letrame.com\\\/catalogo\\\/#organization\"},\"potentialAction\":[{\"@type\":\"SearchAction\",\"target\":{\"@type\":\"EntryPoint\",\"urlTemplate\":\"https:\\\/\\\/letrame.com\\\/catalogo\\\/?s={search_term_string}\"},\"query-input\":{\"@type\":\"PropertyValueSpecification\",\"valueRequired\":true,\"valueName\":\"search_term_string\"}}],\"inLanguage\":\"es\"},{\"@type\":\"Organization\",\"@id\":\"https:\\\/\\\/letrame.com\\\/catalogo\\\/#organization\",\"name\":\"Catalogo | Letrame Grupo Editorial\",\"url\":\"https:\\\/\\\/letrame.com\\\/catalogo\\\/\",\"logo\":{\"@type\":\"ImageObject\",\"inLanguage\":\"es\",\"@id\":\"https:\\\/\\\/letrame.com\\\/catalogo\\\/#\\\/schema\\\/logo\\\/image\\\/\",\"url\":\"https:\\\/\\\/letrame.com\\\/catalogo\\\/wp-content\\\/uploads\\\/2024\\\/03\\\/logo2.webp\",\"contentUrl\":\"https:\\\/\\\/letrame.com\\\/catalogo\\\/wp-content\\\/uploads\\\/2024\\\/03\\\/logo2.webp\",\"width\":394,\"height\":128,\"caption\":\"Catalogo | Letrame Grupo Editorial\"},\"image\":{\"@id\":\"https:\\\/\\\/letrame.com\\\/catalogo\\\/#\\\/schema\\\/logo\\\/image\\\/\"}}]}<\/script>\n<!-- \/ Yoast SEO plugin. -->","yoast_head_json":{"title":"La metodolog\u00eda de Wyckoff - Catalogo | Letrame Grupo Editorial","robots":{"index":"index","follow":"follow","max-snippet":"max-snippet:-1","max-image-preview":"max-image-preview:large","max-video-preview":"max-video-preview:-1"},"canonical":"https:\/\/letrame.com\/catalogo\/producto\/la-metodologia-de-wyckoff\/","og_locale":"es_ES","og_type":"article","og_title":"La metodolog\u00eda de Wyckoff - Catalogo | Letrame Grupo Editorial","og_description":"ISBN: 978-84-18398-26-1 La metodolog\u00eda Wyckoff es un enfoque de an\u00e1lisis t\u00e9cnico para operar en los mercados financieros que se basa en el estudio de la relaci\u00f3n entre las fuerzas de la oferta y la demanda.","og_url":"https:\/\/letrame.com\/catalogo\/producto\/la-metodologia-de-wyckoff\/","og_site_name":"Catalogo | Letrame Grupo Editorial","article_modified_time":"2024-04-18T11:12:47+00:00","og_image":[{"width":1746,"height":2560,"url":"https:\/\/letrame.com\/catalogo\/wp-content\/uploads\/2024\/04\/portada_lametodologia_1328mm-compressed-scaled-1.jpg","type":"image\/jpeg"}],"twitter_card":"summary_large_image","twitter_misc":{"Tiempo de lectura":"1 minuto"},"schema":{"@context":"https:\/\/schema.org","@graph":[{"@type":"WebPage","@id":"https:\/\/letrame.com\/catalogo\/producto\/la-metodologia-de-wyckoff\/","url":"https:\/\/letrame.com\/catalogo\/producto\/la-metodologia-de-wyckoff\/","name":"La metodolog\u00eda de Wyckoff - Catalogo | Letrame Grupo Editorial","isPartOf":{"@id":"https:\/\/letrame.com\/catalogo\/#website"},"primaryImageOfPage":{"@id":"https:\/\/letrame.com\/catalogo\/producto\/la-metodologia-de-wyckoff\/#primaryimage"},"image":{"@id":"https:\/\/letrame.com\/catalogo\/producto\/la-metodologia-de-wyckoff\/#primaryimage"},"thumbnailUrl":"https:\/\/letrame.com\/catalogo\/wp-content\/uploads\/2024\/04\/portada_lametodologia_1328mm-compressed-scaled-1.jpg","datePublished":"2024-04-18T11:12:36+00:00","dateModified":"2024-04-18T11:12:47+00:00","breadcrumb":{"@id":"https:\/\/letrame.com\/catalogo\/producto\/la-metodologia-de-wyckoff\/#breadcrumb"},"inLanguage":"es","potentialAction":[{"@type":"ReadAction","target":["https:\/\/letrame.com\/catalogo\/producto\/la-metodologia-de-wyckoff\/"]}]},{"@type":"ImageObject","inLanguage":"es","@id":"https:\/\/letrame.com\/catalogo\/producto\/la-metodologia-de-wyckoff\/#primaryimage","url":"https:\/\/letrame.com\/catalogo\/wp-content\/uploads\/2024\/04\/portada_lametodologia_1328mm-compressed-scaled-1.jpg","contentUrl":"https:\/\/letrame.com\/catalogo\/wp-content\/uploads\/2024\/04\/portada_lametodologia_1328mm-compressed-scaled-1.jpg","width":1746,"height":2560},{"@type":"BreadcrumbList","@id":"https:\/\/letrame.com\/catalogo\/producto\/la-metodologia-de-wyckoff\/#breadcrumb","itemListElement":[{"@type":"ListItem","position":1,"name":"Portada","item":"https:\/\/letrame.com\/catalogo\/"},{"@type":"ListItem","position":2,"name":"Cat\u00e1logo","item":"https:\/\/letrame.com\/catalogo\/"},{"@type":"ListItem","position":3,"name":"La metodolog\u00eda de Wyckoff"}]},{"@type":"WebSite","@id":"https:\/\/letrame.com\/catalogo\/#website","url":"https:\/\/letrame.com\/catalogo\/","name":"Catalogo | Letrame Grupo Editorial","description":"","publisher":{"@id":"https:\/\/letrame.com\/catalogo\/#organization"},"potentialAction":[{"@type":"SearchAction","target":{"@type":"EntryPoint","urlTemplate":"https:\/\/letrame.com\/catalogo\/?s={search_term_string}"},"query-input":{"@type":"PropertyValueSpecification","valueRequired":true,"valueName":"search_term_string"}}],"inLanguage":"es"},{"@type":"Organization","@id":"https:\/\/letrame.com\/catalogo\/#organization","name":"Catalogo | Letrame Grupo Editorial","url":"https:\/\/letrame.com\/catalogo\/","logo":{"@type":"ImageObject","inLanguage":"es","@id":"https:\/\/letrame.com\/catalogo\/#\/schema\/logo\/image\/","url":"https:\/\/letrame.com\/catalogo\/wp-content\/uploads\/2024\/03\/logo2.webp","contentUrl":"https:\/\/letrame.com\/catalogo\/wp-content\/uploads\/2024\/03\/logo2.webp","width":394,"height":128,"caption":"Catalogo | Letrame Grupo Editorial"},"image":{"@id":"https:\/\/letrame.com\/catalogo\/#\/schema\/logo\/image\/"}}]}},"_links":{"self":[{"href":"https:\/\/letrame.com\/catalogo\/wp-json\/wp\/v2\/product\/95705","targetHints":{"allow":["GET"]}}],"collection":[{"href":"https:\/\/letrame.com\/catalogo\/wp-json\/wp\/v2\/product"}],"about":[{"href":"https:\/\/letrame.com\/catalogo\/wp-json\/wp\/v2\/types\/product"}],"replies":[{"embeddable":true,"href":"https:\/\/letrame.com\/catalogo\/wp-json\/wp\/v2\/comments?post=95705"}],"acf:post":[{"embeddable":true,"href":"https:\/\/letrame.com\/catalogo\/wp-json\/wp\/v2\/author_book\/74459"}],"wp:featuredmedia":[{"embeddable":true,"href":"https:\/\/letrame.com\/catalogo\/wp-json\/wp\/v2\/media\/95706"}],"wp:attachment":[{"href":"https:\/\/letrame.com\/catalogo\/wp-json\/wp\/v2\/media?parent=95705"}],"wp:term":[{"taxonomy":"libro","embeddable":true,"href":"https:\/\/letrame.com\/catalogo\/wp-json\/wp\/v2\/libro?post=95705"},{"taxonomy":"product_brand","embeddable":true,"href":"https:\/\/letrame.com\/catalogo\/wp-json\/wp\/v2\/product_brand?post=95705"},{"taxonomy":"product_cat","embeddable":true,"href":"https:\/\/letrame.com\/catalogo\/wp-json\/wp\/v2\/product_cat?post=95705"},{"taxonomy":"product_tag","embeddable":true,"href":"https:\/\/letrame.com\/catalogo\/wp-json\/wp\/v2\/product_tag?post=95705"}],"curies":[{"name":"wp","href":"https:\/\/api.w.org\/{rel}","templated":true}]}}