{"id":95699,"date":"2024-04-18T13:12:03","date_gmt":"2024-04-18T11:12:03","guid":{"rendered":"https:\/\/letrame.com\/catalogo\/producto\/guia-de-autoconocimiento\/"},"modified":"2024-04-18T13:12:15","modified_gmt":"2024-04-18T11:12:15","slug":"guia-de-autoconocimiento","status":"publish","type":"product","link":"https:\/\/letrame.com\/catalogo\/producto\/guia-de-autoconocimiento\/","title":{"rendered":"Gu\u00eda de autoconocimiento."},"content":{"rendered":"\n<p><strong>ISBN<\/strong>: 978-8418362361<br><strong>T\u00edtulo<\/strong>: Gu\u00eda de autoconocimiento.<br><strong>Fecha<\/strong>: 2020<br><strong>P\u00e1ginas<\/strong>:\u00a0118<\/p>\n\n\n\n<p><strong>SINOPSIS<\/strong><\/p>\n\n\n\n<p>Con esta peque\u00f1a gu\u00eda no pretendo otra cosa que hacer un resumen asequible de la informaci\u00f3n que he ido recopilando a lo largo de los a\u00f1os y que me ha ayudado a ampliar el concepto sobre m\u00ed misma y sobre el mundo, as\u00ed como de t\u00e9cnicas sencillas que pueden ayudarte a encontrar paz y bienestar en tu d\u00eda a d\u00eda.<\/p>\n\n\n\n<p>La F\u00edsica Cu\u00e1ntica es una disciplina que acerca la ciencia y la Espiritualidad, y como Enfermera, me parece un enfoque muy interesante. Da una oportunidad, a las personas m\u00e1s racionales, de volver su mirada hacia esa dimensi\u00f3n del Ser que durante demasiado tiempo ha sido denostada en nuestra sociedad Occidental, donde el concepto reduccionista del Ser humano a biolog\u00eda y mente ha prevalecido, repudiando la dimensi\u00f3n espiritual-energ\u00e9tica, que es precisamente la que nos convierte en Humanos (con may\u00fasculas).<\/p>\n\n\n\n<p>&nbsp;Espero que esta peque\u00f1a gu\u00eda sea un buen punto de partida para tu propia b\u00fasqueda, para entender que existe un puente entre la ciencia y la parte m\u00e1s sutil que somos, y me encantar\u00eda si he conseguido acercarte a una visi\u00f3n m\u00e1s hol\u00edstica y energ\u00e9tica del Ser, alejada de dogmatismos, tanto espirituales como cient\u00edficos.<\/p>\n\n\n\n<p><\/p>\n","protected":false},"excerpt":{"rendered":"<p><strong>ISBN: 978-8418362361<br data-rich-text-line-break=\"true\" \/><\/strong><\/p>\n<p>Con esta peque\u00f1a gu\u00eda no pretendo otra cosa que hacer un resumen asequible de la informaci\u00f3n que he ido recopilando a lo largo de los a\u00f1os y que me ha ayudado a ampliar el concepto sobre m\u00ed misma y sobre el mundo, as\u00ed como de t\u00e9cnicas sencillas que pueden ayudarte a encontrar paz y bienestar en tu d\u00eda a d\u00eda.<\/p>\n","protected":false},"featured_media":95700,"comment_status":"closed","ping_status":"open","template":"","meta":{"_acf_changed":false},"libro":[],"product_brand":[],"product_cat":[18],"product_tag":[],"class_list":{"0":"post-95699","1":"product","2":"type-product","3":"status-publish","4":"has-post-thumbnail","6":"product_cat-autoayuda","8":"first","9":"instock","10":"purchasable","11":"product-type-simple"},"acf":{"autor":[74457],"enlace_de_compra":"https:\/\/www.amazon.es\/Gu%C3%ADa-Autoconocimiento-Meditaci%C3%B3n-Cu%C3%A1ntica-Autoayuda\/dp\/8418362367\/ref=sr_1_2?__mk_es_ES=%C3%85M%C3%85%C5%BD%C3%95%C3%91&amp&dchild=1&amp&keywords=Gu%C3%ADa+de+autoconocimiento+letrame&amp&qid=1596542171&amp&sr=8-2"},"yoast_head":"<!-- This site is optimized with the Yoast SEO plugin v26.6 - https:\/\/yoast.com\/wordpress\/plugins\/seo\/ -->\n<title>Gu\u00eda de autoconocimiento. - Catalogo | Letrame Grupo Editorial<\/title>\n<meta name=\"robots\" content=\"index, follow, max-snippet:-1, max-image-preview:large, max-video-preview:-1\" \/>\n<link rel=\"canonical\" href=\"https:\/\/letrame.com\/catalogo\/producto\/guia-de-autoconocimiento\/\" \/>\n<meta property=\"og:locale\" content=\"es_ES\" \/>\n<meta property=\"og:type\" content=\"article\" \/>\n<meta property=\"og:title\" content=\"Gu\u00eda de autoconocimiento. - Catalogo | Letrame Grupo Editorial\" \/>\n<meta property=\"og:description\" content=\"ISBN: 978-8418362361 Con esta peque\u00f1a gu\u00eda no pretendo otra cosa que hacer un resumen asequible de la informaci\u00f3n que he ido recopilando a lo largo de los a\u00f1os y que me ha ayudado a ampliar el concepto sobre m\u00ed misma y sobre el mundo, as\u00ed como de t\u00e9cnicas sencillas que pueden ayudarte a encontrar paz y bienestar en tu d\u00eda a d\u00eda.\" \/>\n<meta property=\"og:url\" content=\"https:\/\/letrame.com\/catalogo\/producto\/guia-de-autoconocimiento\/\" \/>\n<meta property=\"og:site_name\" content=\"Catalogo | Letrame Grupo Editorial\" \/>\n<meta property=\"article:modified_time\" content=\"2024-04-18T11:12:15+00:00\" \/>\n<meta property=\"og:image\" content=\"https:\/\/letrame.com\/catalogo\/wp-content\/uploads\/2024\/04\/portada_guiadeatuconocimiento_655mm-compressed-1.jpg\" \/>\n\t<meta property=\"og:image:width\" content=\"1772\" \/>\n\t<meta property=\"og:image:height\" content=\"2480\" \/>\n\t<meta property=\"og:image:type\" content=\"image\/jpeg\" \/>\n<meta name=\"twitter:card\" content=\"summary_large_image\" \/>\n<meta name=\"twitter:label1\" content=\"Tiempo de lectura\" \/>\n\t<meta name=\"twitter:data1\" content=\"1 minuto\" \/>\n<script type=\"application\/ld+json\" class=\"yoast-schema-graph\">{\"@context\":\"https:\/\/schema.org\",\"@graph\":[{\"@type\":\"WebPage\",\"@id\":\"https:\/\/letrame.com\/catalogo\/producto\/guia-de-autoconocimiento\/\",\"url\":\"https:\/\/letrame.com\/catalogo\/producto\/guia-de-autoconocimiento\/\",\"name\":\"Gu\u00eda de autoconocimiento. - Catalogo | Letrame Grupo Editorial\",\"isPartOf\":{\"@id\":\"https:\/\/letrame.com\/catalogo\/#website\"},\"primaryImageOfPage\":{\"@id\":\"https:\/\/letrame.com\/catalogo\/producto\/guia-de-autoconocimiento\/#primaryimage\"},\"image\":{\"@id\":\"https:\/\/letrame.com\/catalogo\/producto\/guia-de-autoconocimiento\/#primaryimage\"},\"thumbnailUrl\":\"https:\/\/letrame.com\/catalogo\/wp-content\/uploads\/2024\/04\/portada_guiadeatuconocimiento_655mm-compressed-1.jpg\",\"datePublished\":\"2024-04-18T11:12:03+00:00\",\"dateModified\":\"2024-04-18T11:12:15+00:00\",\"breadcrumb\":{\"@id\":\"https:\/\/letrame.com\/catalogo\/producto\/guia-de-autoconocimiento\/#breadcrumb\"},\"inLanguage\":\"es\",\"potentialAction\":[{\"@type\":\"ReadAction\",\"target\":[\"https:\/\/letrame.com\/catalogo\/producto\/guia-de-autoconocimiento\/\"]}]},{\"@type\":\"ImageObject\",\"inLanguage\":\"es\",\"@id\":\"https:\/\/letrame.com\/catalogo\/producto\/guia-de-autoconocimiento\/#primaryimage\",\"url\":\"https:\/\/letrame.com\/catalogo\/wp-content\/uploads\/2024\/04\/portada_guiadeatuconocimiento_655mm-compressed-1.jpg\",\"contentUrl\":\"https:\/\/letrame.com\/catalogo\/wp-content\/uploads\/2024\/04\/portada_guiadeatuconocimiento_655mm-compressed-1.jpg\",\"width\":1772,\"height\":2480},{\"@type\":\"BreadcrumbList\",\"@id\":\"https:\/\/letrame.com\/catalogo\/producto\/guia-de-autoconocimiento\/#breadcrumb\",\"itemListElement\":[{\"@type\":\"ListItem\",\"position\":1,\"name\":\"Portada\",\"item\":\"https:\/\/letrame.com\/catalogo\/\"},{\"@type\":\"ListItem\",\"position\":2,\"name\":\"Cat\u00e1logo\",\"item\":\"https:\/\/letrame.com\/catalogo\/\"},{\"@type\":\"ListItem\",\"position\":3,\"name\":\"Gu\u00eda de autoconocimiento.\"}]},{\"@type\":\"WebSite\",\"@id\":\"https:\/\/letrame.com\/catalogo\/#website\",\"url\":\"https:\/\/letrame.com\/catalogo\/\",\"name\":\"Catalogo | Letrame Grupo Editorial\",\"description\":\"\",\"publisher\":{\"@id\":\"https:\/\/letrame.com\/catalogo\/#organization\"},\"potentialAction\":[{\"@type\":\"SearchAction\",\"target\":{\"@type\":\"EntryPoint\",\"urlTemplate\":\"https:\/\/letrame.com\/catalogo\/?s={search_term_string}\"},\"query-input\":{\"@type\":\"PropertyValueSpecification\",\"valueRequired\":true,\"valueName\":\"search_term_string\"}}],\"inLanguage\":\"es\"},{\"@type\":\"Organization\",\"@id\":\"https:\/\/letrame.com\/catalogo\/#organization\",\"name\":\"Catalogo | Letrame Grupo Editorial\",\"url\":\"https:\/\/letrame.com\/catalogo\/\",\"logo\":{\"@type\":\"ImageObject\",\"inLanguage\":\"es\",\"@id\":\"https:\/\/letrame.com\/catalogo\/#\/schema\/logo\/image\/\",\"url\":\"https:\/\/letrame.com\/catalogo\/wp-content\/uploads\/2024\/03\/logo2.webp\",\"contentUrl\":\"https:\/\/letrame.com\/catalogo\/wp-content\/uploads\/2024\/03\/logo2.webp\",\"width\":394,\"height\":128,\"caption\":\"Catalogo | Letrame Grupo Editorial\"},\"image\":{\"@id\":\"https:\/\/letrame.com\/catalogo\/#\/schema\/logo\/image\/\"}}]}<\/script>\n<!-- \/ Yoast SEO plugin. -->","yoast_head_json":{"title":"Gu\u00eda de autoconocimiento. - Catalogo | Letrame Grupo Editorial","robots":{"index":"index","follow":"follow","max-snippet":"max-snippet:-1","max-image-preview":"max-image-preview:large","max-video-preview":"max-video-preview:-1"},"canonical":"https:\/\/letrame.com\/catalogo\/producto\/guia-de-autoconocimiento\/","og_locale":"es_ES","og_type":"article","og_title":"Gu\u00eda de autoconocimiento. - Catalogo | Letrame Grupo Editorial","og_description":"ISBN: 978-8418362361 Con esta peque\u00f1a gu\u00eda no pretendo otra cosa que hacer un resumen asequible de la informaci\u00f3n que he ido recopilando a lo largo de los a\u00f1os y que me ha ayudado a ampliar el concepto sobre m\u00ed misma y sobre el mundo, as\u00ed como de t\u00e9cnicas sencillas que pueden ayudarte a encontrar paz y bienestar en tu d\u00eda a d\u00eda.","og_url":"https:\/\/letrame.com\/catalogo\/producto\/guia-de-autoconocimiento\/","og_site_name":"Catalogo | Letrame Grupo Editorial","article_modified_time":"2024-04-18T11:12:15+00:00","og_image":[{"width":1772,"height":2480,"url":"https:\/\/letrame.com\/catalogo\/wp-content\/uploads\/2024\/04\/portada_guiadeatuconocimiento_655mm-compressed-1.jpg","type":"image\/jpeg"}],"twitter_card":"summary_large_image","twitter_misc":{"Tiempo de lectura":"1 minuto"},"schema":{"@context":"https:\/\/schema.org","@graph":[{"@type":"WebPage","@id":"https:\/\/letrame.com\/catalogo\/producto\/guia-de-autoconocimiento\/","url":"https:\/\/letrame.com\/catalogo\/producto\/guia-de-autoconocimiento\/","name":"Gu\u00eda de autoconocimiento. - Catalogo | Letrame Grupo Editorial","isPartOf":{"@id":"https:\/\/letrame.com\/catalogo\/#website"},"primaryImageOfPage":{"@id":"https:\/\/letrame.com\/catalogo\/producto\/guia-de-autoconocimiento\/#primaryimage"},"image":{"@id":"https:\/\/letrame.com\/catalogo\/producto\/guia-de-autoconocimiento\/#primaryimage"},"thumbnailUrl":"https:\/\/letrame.com\/catalogo\/wp-content\/uploads\/2024\/04\/portada_guiadeatuconocimiento_655mm-compressed-1.jpg","datePublished":"2024-04-18T11:12:03+00:00","dateModified":"2024-04-18T11:12:15+00:00","breadcrumb":{"@id":"https:\/\/letrame.com\/catalogo\/producto\/guia-de-autoconocimiento\/#breadcrumb"},"inLanguage":"es","potentialAction":[{"@type":"ReadAction","target":["https:\/\/letrame.com\/catalogo\/producto\/guia-de-autoconocimiento\/"]}]},{"@type":"ImageObject","inLanguage":"es","@id":"https:\/\/letrame.com\/catalogo\/producto\/guia-de-autoconocimiento\/#primaryimage","url":"https:\/\/letrame.com\/catalogo\/wp-content\/uploads\/2024\/04\/portada_guiadeatuconocimiento_655mm-compressed-1.jpg","contentUrl":"https:\/\/letrame.com\/catalogo\/wp-content\/uploads\/2024\/04\/portada_guiadeatuconocimiento_655mm-compressed-1.jpg","width":1772,"height":2480},{"@type":"BreadcrumbList","@id":"https:\/\/letrame.com\/catalogo\/producto\/guia-de-autoconocimiento\/#breadcrumb","itemListElement":[{"@type":"ListItem","position":1,"name":"Portada","item":"https:\/\/letrame.com\/catalogo\/"},{"@type":"ListItem","position":2,"name":"Cat\u00e1logo","item":"https:\/\/letrame.com\/catalogo\/"},{"@type":"ListItem","position":3,"name":"Gu\u00eda de autoconocimiento."}]},{"@type":"WebSite","@id":"https:\/\/letrame.com\/catalogo\/#website","url":"https:\/\/letrame.com\/catalogo\/","name":"Catalogo | Letrame Grupo Editorial","description":"","publisher":{"@id":"https:\/\/letrame.com\/catalogo\/#organization"},"potentialAction":[{"@type":"SearchAction","target":{"@type":"EntryPoint","urlTemplate":"https:\/\/letrame.com\/catalogo\/?s={search_term_string}"},"query-input":{"@type":"PropertyValueSpecification","valueRequired":true,"valueName":"search_term_string"}}],"inLanguage":"es"},{"@type":"Organization","@id":"https:\/\/letrame.com\/catalogo\/#organization","name":"Catalogo | Letrame Grupo Editorial","url":"https:\/\/letrame.com\/catalogo\/","logo":{"@type":"ImageObject","inLanguage":"es","@id":"https:\/\/letrame.com\/catalogo\/#\/schema\/logo\/image\/","url":"https:\/\/letrame.com\/catalogo\/wp-content\/uploads\/2024\/03\/logo2.webp","contentUrl":"https:\/\/letrame.com\/catalogo\/wp-content\/uploads\/2024\/03\/logo2.webp","width":394,"height":128,"caption":"Catalogo | Letrame Grupo Editorial"},"image":{"@id":"https:\/\/letrame.com\/catalogo\/#\/schema\/logo\/image\/"}}]}},"_links":{"self":[{"href":"https:\/\/letrame.com\/catalogo\/wp-json\/wp\/v2\/product\/95699","targetHints":{"allow":["GET"]}}],"collection":[{"href":"https:\/\/letrame.com\/catalogo\/wp-json\/wp\/v2\/product"}],"about":[{"href":"https:\/\/letrame.com\/catalogo\/wp-json\/wp\/v2\/types\/product"}],"replies":[{"embeddable":true,"href":"https:\/\/letrame.com\/catalogo\/wp-json\/wp\/v2\/comments?post=95699"}],"acf:post":[{"embeddable":true,"href":"https:\/\/letrame.com\/catalogo\/wp-json\/wp\/v2\/author_book\/74457"}],"wp:featuredmedia":[{"embeddable":true,"href":"https:\/\/letrame.com\/catalogo\/wp-json\/wp\/v2\/media\/95700"}],"wp:attachment":[{"href":"https:\/\/letrame.com\/catalogo\/wp-json\/wp\/v2\/media?parent=95699"}],"wp:term":[{"taxonomy":"libro","embeddable":true,"href":"https:\/\/letrame.com\/catalogo\/wp-json\/wp\/v2\/libro?post=95699"},{"taxonomy":"product_brand","embeddable":true,"href":"https:\/\/letrame.com\/catalogo\/wp-json\/wp\/v2\/product_brand?post=95699"},{"taxonomy":"product_cat","embeddable":true,"href":"https:\/\/letrame.com\/catalogo\/wp-json\/wp\/v2\/product_cat?post=95699"},{"taxonomy":"product_tag","embeddable":true,"href":"https:\/\/letrame.com\/catalogo\/wp-json\/wp\/v2\/product_tag?post=95699"}],"curies":[{"name":"wp","href":"https:\/\/api.w.org\/{rel}","templated":true}]}}