{"id":95665,"date":"2024-04-18T13:08:36","date_gmt":"2024-04-18T11:08:36","guid":{"rendered":"https:\/\/letrame.com\/catalogo\/producto\/sr-dolor-me-canse-de-ti\/"},"modified":"2024-04-18T13:08:56","modified_gmt":"2024-04-18T11:08:56","slug":"sr-dolor-me-canse-de-ti","status":"publish","type":"product","link":"https:\/\/letrame.com\/catalogo\/producto\/sr-dolor-me-canse-de-ti\/","title":{"rendered":"Sr. Dolor, me cans\u00e9 de ti"},"content":{"rendered":"\n<p><strong>ISBN<\/strong>: 9788418362552<br><strong>T\u00edtulo<\/strong>: Sr. Dolor me canse de ti<br><strong>Fecha<\/strong>: 2020<br><strong>P\u00e1ginas<\/strong>:&nbsp;114<\/p>\n\n\n\n<p><strong>SINOPSIS<\/strong><\/p>\n\n\n\n<p>Tu cuerpo cada d\u00eda, 365 d\u00edas al a\u00f1o, hace una jornada completa de trabajo de 24 horas. Una m\u00e1quina perfecta y fascinante que soporta infinidad de presi\u00f3n y aun as\u00ed te sostiene. Se desvive por y para ti para que no te falte de nada, am\u00e1ndote incondicionalmente.<\/p>\n\n\n\n<p>\u00bfQu\u00e9 haces t\u00fa para agradecerle todo su trabajo?<\/p>\n\n\n\n<p>\u00bfLo escuchas cuando te habla? \u00bfO lo silencias inmediatamente con un analg\u00e9sico?<\/p>\n\n\n\n<p>Con este libro aprender\u00e1s a romper las creencias limitantes que tienes sobre el dolor y las enfermedades. A dar un paso adelante y disfrutar de la vida aprendiendo a escuchar las se\u00f1ales que te da tu cuerpo.<\/p>\n\n\n\n<p>A trav\u00e9s de diferentes y efectivas terapias obtendr\u00e1s t\u00e9cnicas para que puedas sentirte:<\/p>\n\n\n\n<p><strong>\u00abPLET\u00d3RICO, SALUDABLE Y EN\u00c9RGICO\u00bb<\/strong><\/p>\n\n\n\n<p>Ganar\u00e1s autocontrol en tu vida y experimentar\u00e1s otra manera de vivirla.<\/p>\n\n\n\n<p>Compartir\u00e9 contigo lo que he aprendido y comprobado en los \u00faltimos 20 a\u00f1os trabajando en este campo y conocimientos que me ha regalado mi familia en la misma profesi\u00f3n con una descendencia de m\u00e1s de 100 a\u00f1os.<\/p>\n\n\n\n<p><em>Sr. Dolor, me cans\u00e9 de ti<\/em> es un libro din\u00e1mico, pr\u00e1ctico y f\u00e1cil de leer. Pero tambi\u00e9n es introspectivo, reflexivo y removedor de emociones.<\/p>\n\n\n\n<p><strong><em>No se ha llegado al colmo del dolor cuando se tiene a\u00fan fuerzas para quejarse.<\/em><\/strong><\/p>\n\n\n\n<p>-Caballero de Bruix-<\/p>\n\n\n\n<p>Te invito a recordar lo maravilloso que es vivir y sentir.<\/p>\n\n\n\n<p>\u00bfPasar\u00e1s a la acci\u00f3n?<\/p>\n\n\n\n<p>Realmente, tu cuerpo se lo merece. \u00bfNo crees?<\/p>\n","protected":false},"excerpt":{"rendered":"<p><strong>ISBN: 9788418362552<\/strong> Tu cuerpo cada d\u00eda, 365 d\u00edas al a\u00f1o, hace una jornada completa de trabajo de 24 horas. Una m\u00e1quina perfecta y fascinante que soporta infinidad de presi\u00f3n y aun as\u00ed te sostiene. Se desvive por y para ti para que no te falte de nada, am\u00e1ndote incondicionalmente.<\/p>\n","protected":false},"featured_media":95666,"comment_status":"closed","ping_status":"open","template":"","meta":{"_acf_changed":false},"libro":[],"product_brand":[],"product_cat":[18],"product_tag":[],"class_list":{"0":"post-95665","1":"product","2":"type-product","3":"status-publish","4":"has-post-thumbnail","6":"product_cat-autoayuda","8":"first","9":"instock","10":"purchasable","11":"product-type-simple"},"acf":{"autor":[74429],"enlace_de_compra":"https:\/\/www.amazon.es\/Sr-Dolor-cans%C3%A9-01-Autoayuda\/dp\/8418362553\/ref=sr_1_1?__mk_es_ES=%C3%85M%C3%85%C5%BD%C3%95%C3%91&amp&crid=33P28I3Z70F1O&amp&dchild=1&amp&keywords=sr+dolor+me+canse+de+ti+letrame&amp&qid=1595924521&amp&s=books&amp&sprefix=sr+dolor+%2Cstripbooks%2C175&amp&sr=1-1"},"yoast_head":"<!-- This site is optimized with the Yoast SEO plugin v26.6 - https:\/\/yoast.com\/wordpress\/plugins\/seo\/ -->\n<title>Sr. Dolor, me cans\u00e9 de ti - Catalogo | Letrame Grupo Editorial<\/title>\n<meta name=\"robots\" content=\"index, follow, max-snippet:-1, max-image-preview:large, max-video-preview:-1\" \/>\n<link rel=\"canonical\" href=\"https:\/\/letrame.com\/catalogo\/producto\/sr-dolor-me-canse-de-ti\/\" \/>\n<meta property=\"og:locale\" content=\"es_ES\" \/>\n<meta property=\"og:type\" content=\"article\" \/>\n<meta property=\"og:title\" content=\"Sr. Dolor, me cans\u00e9 de ti - Catalogo | Letrame Grupo Editorial\" \/>\n<meta property=\"og:description\" content=\"ISBN: 9788418362552 Tu cuerpo cada d\u00eda, 365 d\u00edas al a\u00f1o, hace una jornada completa de trabajo de 24 horas. Una m\u00e1quina perfecta y fascinante que soporta infinidad de presi\u00f3n y aun as\u00ed te sostiene. Se desvive por y para ti para que no te falte de nada, am\u00e1ndote incondicionalmente.\" \/>\n<meta property=\"og:url\" content=\"https:\/\/letrame.com\/catalogo\/producto\/sr-dolor-me-canse-de-ti\/\" \/>\n<meta property=\"og:site_name\" content=\"Catalogo | Letrame Grupo Editorial\" \/>\n<meta property=\"article:modified_time\" content=\"2024-04-18T11:08:56+00:00\" \/>\n<meta property=\"og:image\" content=\"https:\/\/letrame.com\/catalogo\/wp-content\/uploads\/2024\/04\/portada_sr-compressed-scaled-1.jpg\" \/>\n\t<meta property=\"og:image:width\" content=\"1746\" \/>\n\t<meta property=\"og:image:height\" content=\"2560\" \/>\n\t<meta property=\"og:image:type\" content=\"image\/jpeg\" \/>\n<meta name=\"twitter:card\" content=\"summary_large_image\" \/>\n<meta name=\"twitter:label1\" content=\"Tiempo de lectura\" \/>\n\t<meta name=\"twitter:data1\" content=\"1 minuto\" \/>\n<script type=\"application\/ld+json\" class=\"yoast-schema-graph\">{\"@context\":\"https:\/\/schema.org\",\"@graph\":[{\"@type\":\"WebPage\",\"@id\":\"https:\/\/letrame.com\/catalogo\/producto\/sr-dolor-me-canse-de-ti\/\",\"url\":\"https:\/\/letrame.com\/catalogo\/producto\/sr-dolor-me-canse-de-ti\/\",\"name\":\"Sr. Dolor, me cans\u00e9 de ti - Catalogo | Letrame Grupo Editorial\",\"isPartOf\":{\"@id\":\"https:\/\/letrame.com\/catalogo\/#website\"},\"primaryImageOfPage\":{\"@id\":\"https:\/\/letrame.com\/catalogo\/producto\/sr-dolor-me-canse-de-ti\/#primaryimage\"},\"image\":{\"@id\":\"https:\/\/letrame.com\/catalogo\/producto\/sr-dolor-me-canse-de-ti\/#primaryimage\"},\"thumbnailUrl\":\"https:\/\/letrame.com\/catalogo\/wp-content\/uploads\/2024\/04\/portada_sr-compressed-scaled-1.jpg\",\"datePublished\":\"2024-04-18T11:08:36+00:00\",\"dateModified\":\"2024-04-18T11:08:56+00:00\",\"breadcrumb\":{\"@id\":\"https:\/\/letrame.com\/catalogo\/producto\/sr-dolor-me-canse-de-ti\/#breadcrumb\"},\"inLanguage\":\"es\",\"potentialAction\":[{\"@type\":\"ReadAction\",\"target\":[\"https:\/\/letrame.com\/catalogo\/producto\/sr-dolor-me-canse-de-ti\/\"]}]},{\"@type\":\"ImageObject\",\"inLanguage\":\"es\",\"@id\":\"https:\/\/letrame.com\/catalogo\/producto\/sr-dolor-me-canse-de-ti\/#primaryimage\",\"url\":\"https:\/\/letrame.com\/catalogo\/wp-content\/uploads\/2024\/04\/portada_sr-compressed-scaled-1.jpg\",\"contentUrl\":\"https:\/\/letrame.com\/catalogo\/wp-content\/uploads\/2024\/04\/portada_sr-compressed-scaled-1.jpg\",\"width\":1746,\"height\":2560},{\"@type\":\"BreadcrumbList\",\"@id\":\"https:\/\/letrame.com\/catalogo\/producto\/sr-dolor-me-canse-de-ti\/#breadcrumb\",\"itemListElement\":[{\"@type\":\"ListItem\",\"position\":1,\"name\":\"Portada\",\"item\":\"https:\/\/letrame.com\/catalogo\/\"},{\"@type\":\"ListItem\",\"position\":2,\"name\":\"Cat\u00e1logo\",\"item\":\"https:\/\/letrame.com\/catalogo\/\"},{\"@type\":\"ListItem\",\"position\":3,\"name\":\"Sr. Dolor, me cans\u00e9 de ti\"}]},{\"@type\":\"WebSite\",\"@id\":\"https:\/\/letrame.com\/catalogo\/#website\",\"url\":\"https:\/\/letrame.com\/catalogo\/\",\"name\":\"Catalogo | Letrame Grupo Editorial\",\"description\":\"\",\"publisher\":{\"@id\":\"https:\/\/letrame.com\/catalogo\/#organization\"},\"potentialAction\":[{\"@type\":\"SearchAction\",\"target\":{\"@type\":\"EntryPoint\",\"urlTemplate\":\"https:\/\/letrame.com\/catalogo\/?s={search_term_string}\"},\"query-input\":{\"@type\":\"PropertyValueSpecification\",\"valueRequired\":true,\"valueName\":\"search_term_string\"}}],\"inLanguage\":\"es\"},{\"@type\":\"Organization\",\"@id\":\"https:\/\/letrame.com\/catalogo\/#organization\",\"name\":\"Catalogo | Letrame Grupo Editorial\",\"url\":\"https:\/\/letrame.com\/catalogo\/\",\"logo\":{\"@type\":\"ImageObject\",\"inLanguage\":\"es\",\"@id\":\"https:\/\/letrame.com\/catalogo\/#\/schema\/logo\/image\/\",\"url\":\"https:\/\/letrame.com\/catalogo\/wp-content\/uploads\/2024\/03\/logo2.webp\",\"contentUrl\":\"https:\/\/letrame.com\/catalogo\/wp-content\/uploads\/2024\/03\/logo2.webp\",\"width\":394,\"height\":128,\"caption\":\"Catalogo | Letrame Grupo Editorial\"},\"image\":{\"@id\":\"https:\/\/letrame.com\/catalogo\/#\/schema\/logo\/image\/\"}}]}<\/script>\n<!-- \/ Yoast SEO plugin. -->","yoast_head_json":{"title":"Sr. Dolor, me cans\u00e9 de ti - Catalogo | Letrame Grupo Editorial","robots":{"index":"index","follow":"follow","max-snippet":"max-snippet:-1","max-image-preview":"max-image-preview:large","max-video-preview":"max-video-preview:-1"},"canonical":"https:\/\/letrame.com\/catalogo\/producto\/sr-dolor-me-canse-de-ti\/","og_locale":"es_ES","og_type":"article","og_title":"Sr. Dolor, me cans\u00e9 de ti - Catalogo | Letrame Grupo Editorial","og_description":"ISBN: 9788418362552 Tu cuerpo cada d\u00eda, 365 d\u00edas al a\u00f1o, hace una jornada completa de trabajo de 24 horas. Una m\u00e1quina perfecta y fascinante que soporta infinidad de presi\u00f3n y aun as\u00ed te sostiene. Se desvive por y para ti para que no te falte de nada, am\u00e1ndote incondicionalmente.","og_url":"https:\/\/letrame.com\/catalogo\/producto\/sr-dolor-me-canse-de-ti\/","og_site_name":"Catalogo | Letrame Grupo Editorial","article_modified_time":"2024-04-18T11:08:56+00:00","og_image":[{"width":1746,"height":2560,"url":"https:\/\/letrame.com\/catalogo\/wp-content\/uploads\/2024\/04\/portada_sr-compressed-scaled-1.jpg","type":"image\/jpeg"}],"twitter_card":"summary_large_image","twitter_misc":{"Tiempo de lectura":"1 minuto"},"schema":{"@context":"https:\/\/schema.org","@graph":[{"@type":"WebPage","@id":"https:\/\/letrame.com\/catalogo\/producto\/sr-dolor-me-canse-de-ti\/","url":"https:\/\/letrame.com\/catalogo\/producto\/sr-dolor-me-canse-de-ti\/","name":"Sr. Dolor, me cans\u00e9 de ti - Catalogo | Letrame Grupo Editorial","isPartOf":{"@id":"https:\/\/letrame.com\/catalogo\/#website"},"primaryImageOfPage":{"@id":"https:\/\/letrame.com\/catalogo\/producto\/sr-dolor-me-canse-de-ti\/#primaryimage"},"image":{"@id":"https:\/\/letrame.com\/catalogo\/producto\/sr-dolor-me-canse-de-ti\/#primaryimage"},"thumbnailUrl":"https:\/\/letrame.com\/catalogo\/wp-content\/uploads\/2024\/04\/portada_sr-compressed-scaled-1.jpg","datePublished":"2024-04-18T11:08:36+00:00","dateModified":"2024-04-18T11:08:56+00:00","breadcrumb":{"@id":"https:\/\/letrame.com\/catalogo\/producto\/sr-dolor-me-canse-de-ti\/#breadcrumb"},"inLanguage":"es","potentialAction":[{"@type":"ReadAction","target":["https:\/\/letrame.com\/catalogo\/producto\/sr-dolor-me-canse-de-ti\/"]}]},{"@type":"ImageObject","inLanguage":"es","@id":"https:\/\/letrame.com\/catalogo\/producto\/sr-dolor-me-canse-de-ti\/#primaryimage","url":"https:\/\/letrame.com\/catalogo\/wp-content\/uploads\/2024\/04\/portada_sr-compressed-scaled-1.jpg","contentUrl":"https:\/\/letrame.com\/catalogo\/wp-content\/uploads\/2024\/04\/portada_sr-compressed-scaled-1.jpg","width":1746,"height":2560},{"@type":"BreadcrumbList","@id":"https:\/\/letrame.com\/catalogo\/producto\/sr-dolor-me-canse-de-ti\/#breadcrumb","itemListElement":[{"@type":"ListItem","position":1,"name":"Portada","item":"https:\/\/letrame.com\/catalogo\/"},{"@type":"ListItem","position":2,"name":"Cat\u00e1logo","item":"https:\/\/letrame.com\/catalogo\/"},{"@type":"ListItem","position":3,"name":"Sr. Dolor, me cans\u00e9 de ti"}]},{"@type":"WebSite","@id":"https:\/\/letrame.com\/catalogo\/#website","url":"https:\/\/letrame.com\/catalogo\/","name":"Catalogo | Letrame Grupo Editorial","description":"","publisher":{"@id":"https:\/\/letrame.com\/catalogo\/#organization"},"potentialAction":[{"@type":"SearchAction","target":{"@type":"EntryPoint","urlTemplate":"https:\/\/letrame.com\/catalogo\/?s={search_term_string}"},"query-input":{"@type":"PropertyValueSpecification","valueRequired":true,"valueName":"search_term_string"}}],"inLanguage":"es"},{"@type":"Organization","@id":"https:\/\/letrame.com\/catalogo\/#organization","name":"Catalogo | Letrame Grupo Editorial","url":"https:\/\/letrame.com\/catalogo\/","logo":{"@type":"ImageObject","inLanguage":"es","@id":"https:\/\/letrame.com\/catalogo\/#\/schema\/logo\/image\/","url":"https:\/\/letrame.com\/catalogo\/wp-content\/uploads\/2024\/03\/logo2.webp","contentUrl":"https:\/\/letrame.com\/catalogo\/wp-content\/uploads\/2024\/03\/logo2.webp","width":394,"height":128,"caption":"Catalogo | Letrame Grupo Editorial"},"image":{"@id":"https:\/\/letrame.com\/catalogo\/#\/schema\/logo\/image\/"}}]}},"_links":{"self":[{"href":"https:\/\/letrame.com\/catalogo\/wp-json\/wp\/v2\/product\/95665","targetHints":{"allow":["GET"]}}],"collection":[{"href":"https:\/\/letrame.com\/catalogo\/wp-json\/wp\/v2\/product"}],"about":[{"href":"https:\/\/letrame.com\/catalogo\/wp-json\/wp\/v2\/types\/product"}],"replies":[{"embeddable":true,"href":"https:\/\/letrame.com\/catalogo\/wp-json\/wp\/v2\/comments?post=95665"}],"acf:post":[{"embeddable":true,"href":"https:\/\/letrame.com\/catalogo\/wp-json\/wp\/v2\/author_book\/74429"}],"wp:featuredmedia":[{"embeddable":true,"href":"https:\/\/letrame.com\/catalogo\/wp-json\/wp\/v2\/media\/95666"}],"wp:attachment":[{"href":"https:\/\/letrame.com\/catalogo\/wp-json\/wp\/v2\/media?parent=95665"}],"wp:term":[{"taxonomy":"libro","embeddable":true,"href":"https:\/\/letrame.com\/catalogo\/wp-json\/wp\/v2\/libro?post=95665"},{"taxonomy":"product_brand","embeddable":true,"href":"https:\/\/letrame.com\/catalogo\/wp-json\/wp\/v2\/product_brand?post=95665"},{"taxonomy":"product_cat","embeddable":true,"href":"https:\/\/letrame.com\/catalogo\/wp-json\/wp\/v2\/product_cat?post=95665"},{"taxonomy":"product_tag","embeddable":true,"href":"https:\/\/letrame.com\/catalogo\/wp-json\/wp\/v2\/product_tag?post=95665"}],"curies":[{"name":"wp","href":"https:\/\/api.w.org\/{rel}","templated":true}]}}