{"id":95639,"date":"2024-04-18T13:06:24","date_gmt":"2024-04-18T11:06:24","guid":{"rendered":"https:\/\/letrame.com\/catalogo\/producto\/cuando-susurra-el-viento\/"},"modified":"2024-04-18T13:06:35","modified_gmt":"2024-04-18T11:06:35","slug":"cuando-susurra-el-viento","status":"publish","type":"product","link":"https:\/\/letrame.com\/catalogo\/producto\/cuando-susurra-el-viento\/","title":{"rendered":"Cuando susurra el viento"},"content":{"rendered":"\n<p><strong>ISBN<\/strong>: 978-84-18240-62-1<br><strong>T\u00edtulo<\/strong>: Cuando susurra el viento<br><strong>Fecha<\/strong>: 2020<br><strong>P\u00e1ginas<\/strong>: 98<\/p>\n\n\n\n<div style=\"height:34px\" aria-hidden=\"true\" class=\"wp-block-spacer\"><\/div>\n\n\n\n<p><strong>SINOPSIS<\/strong><\/p>\n\n\n\n<p>Cuando el silencio llega, los pensamientos, los sentimientos y las emociones buscan ser expresadas a trav\u00e9s del tiempo, observando a las personas, las actitudes, las situaciones en el medio que se desarrollan descritas en forma de versos. Al cerrar los ojos en la b\u00fasqueda del encuentro conmigo misma con ayuda de la meditaci\u00f3n, el Reiki y las terapias con mi psic\u00f3logo Eduardo Licona expreso lo que veo y c\u00f3mo se han presentado. En este poemario se encuentran los siguientes temas: la familia, el amor, la amistad, el cielo, las nubes, el mar que me han ido acompa\u00f1ado con el paso del tiempo por caminos diversos encontrando y conociendo personas y lugares incre\u00edbles que se han vuelto, a la vez, inolvidables.<\/p>\n","protected":false},"excerpt":{"rendered":"<p><strong>ISBN:\u00a0<span class=\"sku\">978-84-18240-62-1<\/span><\/strong><\/p>\n<p>Cuando el silencio llega, los pensamientos, los sentimientos y las emociones buscan ser expresadas a trav\u00e9s del tiempo, observando a las personas, las actitudes, las situaciones en el medio que se desarrollan descritas en forma de versos. Al cerrar los ojos en la b\u00fasqueda del encuentro conmigo misma con ayuda de la meditaci\u00f3n, el Reiki y las terapias con mi psic\u00f3logo Eduardo Licona expreso lo que veo y c\u00f3mo se han presentado. En este poemario se encuentran los siguientes temas: la familia, el amor, la amistad, el cielo, las nubes, el mar que me han ido acompa\u00f1ado con el paso del tiempo por caminos diversos encontrando y conociendo personas y lugares incre\u00edbles que se han vuelto, a la vez, inolvidables. \u00a0<\/p>\n","protected":false},"featured_media":95640,"comment_status":"closed","ping_status":"open","template":"","meta":{"_acf_changed":false},"libro":[],"product_brand":[],"product_cat":[20],"product_tag":[],"class_list":{"0":"post-95639","1":"product","2":"type-product","3":"status-publish","4":"has-post-thumbnail","6":"product_cat-poesia","8":"first","9":"instock","10":"purchasable","11":"product-type-simple"},"acf":{"autor":[74290],"enlace_de_compra":"https:\/\/www.amazon.es\/Cuando-susurra-viento-01-Poes%C3%ADa\/dp\/8418240628\/ref=sr_1_1?__mk_es_ES=%C3%85M%C3%85%C5%BD%C3%95%C3%91&amp&dchild=1&amp&keywords=cuando+susurros+el+viento&amp&qid=1594722876&amp&s=books&amp&sr=1-1"},"yoast_head":"<!-- This site is optimized with the Yoast SEO plugin v26.6 - https:\/\/yoast.com\/wordpress\/plugins\/seo\/ -->\n<title>Cuando susurra el viento - Catalogo | Letrame Grupo Editorial<\/title>\n<meta name=\"robots\" content=\"index, follow, max-snippet:-1, max-image-preview:large, max-video-preview:-1\" \/>\n<link rel=\"canonical\" href=\"https:\/\/letrame.com\/catalogo\/producto\/cuando-susurra-el-viento\/\" \/>\n<meta property=\"og:locale\" content=\"es_ES\" \/>\n<meta property=\"og:type\" content=\"article\" \/>\n<meta property=\"og:title\" content=\"Cuando susurra el viento - Catalogo | Letrame Grupo Editorial\" \/>\n<meta property=\"og:description\" content=\"ISBN:\u00a0978-84-18240-62-1 Cuando el silencio llega, los pensamientos, los sentimientos y las emociones buscan ser expresadas a trav\u00e9s del tiempo, observando a las personas, las actitudes, las situaciones en el medio que se desarrollan descritas en forma de versos. Al cerrar los ojos en la b\u00fasqueda del encuentro conmigo misma con ayuda de la meditaci\u00f3n, el Reiki y las terapias con mi psic\u00f3logo Eduardo Licona expreso lo que veo y c\u00f3mo se han presentado. En este poemario se encuentran los siguientes temas: la familia, el amor, la amistad, el cielo, las nubes, el mar que me han ido acompa\u00f1ado con el paso del tiempo por caminos diversos encontrando y conociendo personas y lugares incre\u00edbles que se han vuelto, a la vez, inolvidables. \u00a0\" \/>\n<meta property=\"og:url\" content=\"https:\/\/letrame.com\/catalogo\/producto\/cuando-susurra-el-viento\/\" \/>\n<meta property=\"og:site_name\" content=\"Catalogo | Letrame Grupo Editorial\" \/>\n<meta property=\"article:modified_time\" content=\"2024-04-18T11:06:35+00:00\" \/>\n<meta property=\"og:image\" content=\"https:\/\/letrame.com\/catalogo\/wp-content\/uploads\/2024\/04\/Cuando-susurra-el-viento-scaled-1.jpg\" \/>\n\t<meta property=\"og:image:width\" content=\"1746\" \/>\n\t<meta property=\"og:image:height\" content=\"2560\" \/>\n\t<meta property=\"og:image:type\" content=\"image\/jpeg\" \/>\n<meta name=\"twitter:card\" content=\"summary_large_image\" \/>\n<meta name=\"twitter:label1\" content=\"Tiempo de lectura\" \/>\n\t<meta name=\"twitter:data1\" content=\"1 minuto\" \/>\n<script type=\"application\/ld+json\" class=\"yoast-schema-graph\">{\"@context\":\"https:\/\/schema.org\",\"@graph\":[{\"@type\":\"WebPage\",\"@id\":\"https:\/\/letrame.com\/catalogo\/producto\/cuando-susurra-el-viento\/\",\"url\":\"https:\/\/letrame.com\/catalogo\/producto\/cuando-susurra-el-viento\/\",\"name\":\"Cuando susurra el viento - Catalogo | Letrame Grupo Editorial\",\"isPartOf\":{\"@id\":\"https:\/\/letrame.com\/catalogo\/#website\"},\"primaryImageOfPage\":{\"@id\":\"https:\/\/letrame.com\/catalogo\/producto\/cuando-susurra-el-viento\/#primaryimage\"},\"image\":{\"@id\":\"https:\/\/letrame.com\/catalogo\/producto\/cuando-susurra-el-viento\/#primaryimage\"},\"thumbnailUrl\":\"https:\/\/letrame.com\/catalogo\/wp-content\/uploads\/2024\/04\/Cuando-susurra-el-viento-scaled-1.jpg\",\"datePublished\":\"2024-04-18T11:06:24+00:00\",\"dateModified\":\"2024-04-18T11:06:35+00:00\",\"breadcrumb\":{\"@id\":\"https:\/\/letrame.com\/catalogo\/producto\/cuando-susurra-el-viento\/#breadcrumb\"},\"inLanguage\":\"es\",\"potentialAction\":[{\"@type\":\"ReadAction\",\"target\":[\"https:\/\/letrame.com\/catalogo\/producto\/cuando-susurra-el-viento\/\"]}]},{\"@type\":\"ImageObject\",\"inLanguage\":\"es\",\"@id\":\"https:\/\/letrame.com\/catalogo\/producto\/cuando-susurra-el-viento\/#primaryimage\",\"url\":\"https:\/\/letrame.com\/catalogo\/wp-content\/uploads\/2024\/04\/Cuando-susurra-el-viento-scaled-1.jpg\",\"contentUrl\":\"https:\/\/letrame.com\/catalogo\/wp-content\/uploads\/2024\/04\/Cuando-susurra-el-viento-scaled-1.jpg\",\"width\":1746,\"height\":2560},{\"@type\":\"BreadcrumbList\",\"@id\":\"https:\/\/letrame.com\/catalogo\/producto\/cuando-susurra-el-viento\/#breadcrumb\",\"itemListElement\":[{\"@type\":\"ListItem\",\"position\":1,\"name\":\"Portada\",\"item\":\"https:\/\/letrame.com\/catalogo\/\"},{\"@type\":\"ListItem\",\"position\":2,\"name\":\"Cat\u00e1logo\",\"item\":\"https:\/\/letrame.com\/catalogo\/\"},{\"@type\":\"ListItem\",\"position\":3,\"name\":\"Cuando susurra el viento\"}]},{\"@type\":\"WebSite\",\"@id\":\"https:\/\/letrame.com\/catalogo\/#website\",\"url\":\"https:\/\/letrame.com\/catalogo\/\",\"name\":\"Catalogo | Letrame Grupo Editorial\",\"description\":\"\",\"publisher\":{\"@id\":\"https:\/\/letrame.com\/catalogo\/#organization\"},\"potentialAction\":[{\"@type\":\"SearchAction\",\"target\":{\"@type\":\"EntryPoint\",\"urlTemplate\":\"https:\/\/letrame.com\/catalogo\/?s={search_term_string}\"},\"query-input\":{\"@type\":\"PropertyValueSpecification\",\"valueRequired\":true,\"valueName\":\"search_term_string\"}}],\"inLanguage\":\"es\"},{\"@type\":\"Organization\",\"@id\":\"https:\/\/letrame.com\/catalogo\/#organization\",\"name\":\"Catalogo | Letrame Grupo Editorial\",\"url\":\"https:\/\/letrame.com\/catalogo\/\",\"logo\":{\"@type\":\"ImageObject\",\"inLanguage\":\"es\",\"@id\":\"https:\/\/letrame.com\/catalogo\/#\/schema\/logo\/image\/\",\"url\":\"https:\/\/letrame.com\/catalogo\/wp-content\/uploads\/2024\/03\/logo2.webp\",\"contentUrl\":\"https:\/\/letrame.com\/catalogo\/wp-content\/uploads\/2024\/03\/logo2.webp\",\"width\":394,\"height\":128,\"caption\":\"Catalogo | Letrame Grupo Editorial\"},\"image\":{\"@id\":\"https:\/\/letrame.com\/catalogo\/#\/schema\/logo\/image\/\"}}]}<\/script>\n<!-- \/ Yoast SEO plugin. -->","yoast_head_json":{"title":"Cuando susurra el viento - Catalogo | Letrame Grupo Editorial","robots":{"index":"index","follow":"follow","max-snippet":"max-snippet:-1","max-image-preview":"max-image-preview:large","max-video-preview":"max-video-preview:-1"},"canonical":"https:\/\/letrame.com\/catalogo\/producto\/cuando-susurra-el-viento\/","og_locale":"es_ES","og_type":"article","og_title":"Cuando susurra el viento - Catalogo | Letrame Grupo Editorial","og_description":"ISBN:\u00a0978-84-18240-62-1 Cuando el silencio llega, los pensamientos, los sentimientos y las emociones buscan ser expresadas a trav\u00e9s del tiempo, observando a las personas, las actitudes, las situaciones en el medio que se desarrollan descritas en forma de versos. Al cerrar los ojos en la b\u00fasqueda del encuentro conmigo misma con ayuda de la meditaci\u00f3n, el Reiki y las terapias con mi psic\u00f3logo Eduardo Licona expreso lo que veo y c\u00f3mo se han presentado. En este poemario se encuentran los siguientes temas: la familia, el amor, la amistad, el cielo, las nubes, el mar que me han ido acompa\u00f1ado con el paso del tiempo por caminos diversos encontrando y conociendo personas y lugares incre\u00edbles que se han vuelto, a la vez, inolvidables. \u00a0","og_url":"https:\/\/letrame.com\/catalogo\/producto\/cuando-susurra-el-viento\/","og_site_name":"Catalogo | Letrame Grupo Editorial","article_modified_time":"2024-04-18T11:06:35+00:00","og_image":[{"width":1746,"height":2560,"url":"https:\/\/letrame.com\/catalogo\/wp-content\/uploads\/2024\/04\/Cuando-susurra-el-viento-scaled-1.jpg","type":"image\/jpeg"}],"twitter_card":"summary_large_image","twitter_misc":{"Tiempo de lectura":"1 minuto"},"schema":{"@context":"https:\/\/schema.org","@graph":[{"@type":"WebPage","@id":"https:\/\/letrame.com\/catalogo\/producto\/cuando-susurra-el-viento\/","url":"https:\/\/letrame.com\/catalogo\/producto\/cuando-susurra-el-viento\/","name":"Cuando susurra el viento - Catalogo | Letrame Grupo Editorial","isPartOf":{"@id":"https:\/\/letrame.com\/catalogo\/#website"},"primaryImageOfPage":{"@id":"https:\/\/letrame.com\/catalogo\/producto\/cuando-susurra-el-viento\/#primaryimage"},"image":{"@id":"https:\/\/letrame.com\/catalogo\/producto\/cuando-susurra-el-viento\/#primaryimage"},"thumbnailUrl":"https:\/\/letrame.com\/catalogo\/wp-content\/uploads\/2024\/04\/Cuando-susurra-el-viento-scaled-1.jpg","datePublished":"2024-04-18T11:06:24+00:00","dateModified":"2024-04-18T11:06:35+00:00","breadcrumb":{"@id":"https:\/\/letrame.com\/catalogo\/producto\/cuando-susurra-el-viento\/#breadcrumb"},"inLanguage":"es","potentialAction":[{"@type":"ReadAction","target":["https:\/\/letrame.com\/catalogo\/producto\/cuando-susurra-el-viento\/"]}]},{"@type":"ImageObject","inLanguage":"es","@id":"https:\/\/letrame.com\/catalogo\/producto\/cuando-susurra-el-viento\/#primaryimage","url":"https:\/\/letrame.com\/catalogo\/wp-content\/uploads\/2024\/04\/Cuando-susurra-el-viento-scaled-1.jpg","contentUrl":"https:\/\/letrame.com\/catalogo\/wp-content\/uploads\/2024\/04\/Cuando-susurra-el-viento-scaled-1.jpg","width":1746,"height":2560},{"@type":"BreadcrumbList","@id":"https:\/\/letrame.com\/catalogo\/producto\/cuando-susurra-el-viento\/#breadcrumb","itemListElement":[{"@type":"ListItem","position":1,"name":"Portada","item":"https:\/\/letrame.com\/catalogo\/"},{"@type":"ListItem","position":2,"name":"Cat\u00e1logo","item":"https:\/\/letrame.com\/catalogo\/"},{"@type":"ListItem","position":3,"name":"Cuando susurra el viento"}]},{"@type":"WebSite","@id":"https:\/\/letrame.com\/catalogo\/#website","url":"https:\/\/letrame.com\/catalogo\/","name":"Catalogo | Letrame Grupo Editorial","description":"","publisher":{"@id":"https:\/\/letrame.com\/catalogo\/#organization"},"potentialAction":[{"@type":"SearchAction","target":{"@type":"EntryPoint","urlTemplate":"https:\/\/letrame.com\/catalogo\/?s={search_term_string}"},"query-input":{"@type":"PropertyValueSpecification","valueRequired":true,"valueName":"search_term_string"}}],"inLanguage":"es"},{"@type":"Organization","@id":"https:\/\/letrame.com\/catalogo\/#organization","name":"Catalogo | Letrame Grupo Editorial","url":"https:\/\/letrame.com\/catalogo\/","logo":{"@type":"ImageObject","inLanguage":"es","@id":"https:\/\/letrame.com\/catalogo\/#\/schema\/logo\/image\/","url":"https:\/\/letrame.com\/catalogo\/wp-content\/uploads\/2024\/03\/logo2.webp","contentUrl":"https:\/\/letrame.com\/catalogo\/wp-content\/uploads\/2024\/03\/logo2.webp","width":394,"height":128,"caption":"Catalogo | Letrame Grupo Editorial"},"image":{"@id":"https:\/\/letrame.com\/catalogo\/#\/schema\/logo\/image\/"}}]}},"_links":{"self":[{"href":"https:\/\/letrame.com\/catalogo\/wp-json\/wp\/v2\/product\/95639","targetHints":{"allow":["GET"]}}],"collection":[{"href":"https:\/\/letrame.com\/catalogo\/wp-json\/wp\/v2\/product"}],"about":[{"href":"https:\/\/letrame.com\/catalogo\/wp-json\/wp\/v2\/types\/product"}],"replies":[{"embeddable":true,"href":"https:\/\/letrame.com\/catalogo\/wp-json\/wp\/v2\/comments?post=95639"}],"acf:post":[{"embeddable":true,"href":"https:\/\/letrame.com\/catalogo\/wp-json\/wp\/v2\/author_book\/74290"}],"wp:featuredmedia":[{"embeddable":true,"href":"https:\/\/letrame.com\/catalogo\/wp-json\/wp\/v2\/media\/95640"}],"wp:attachment":[{"href":"https:\/\/letrame.com\/catalogo\/wp-json\/wp\/v2\/media?parent=95639"}],"wp:term":[{"taxonomy":"libro","embeddable":true,"href":"https:\/\/letrame.com\/catalogo\/wp-json\/wp\/v2\/libro?post=95639"},{"taxonomy":"product_brand","embeddable":true,"href":"https:\/\/letrame.com\/catalogo\/wp-json\/wp\/v2\/product_brand?post=95639"},{"taxonomy":"product_cat","embeddable":true,"href":"https:\/\/letrame.com\/catalogo\/wp-json\/wp\/v2\/product_cat?post=95639"},{"taxonomy":"product_tag","embeddable":true,"href":"https:\/\/letrame.com\/catalogo\/wp-json\/wp\/v2\/product_tag?post=95639"}],"curies":[{"name":"wp","href":"https:\/\/api.w.org\/{rel}","templated":true}]}}